{"id":56569,"date":"2021-10-14T00:37:29","date_gmt":"2021-10-13T22:37:29","guid":{"rendered":"https:\/\/marktxxl.de\/markt\/produkt\/philips-hue-white-ambiance-e14-led-kerze-dimmbar-alle-weissschattierungen-steuerbar-via-app-kompatibel-mit-amazon-alexa\/"},"modified":"2023-04-10T02:11:12","modified_gmt":"2023-04-10T00:11:12","slug":"philips-hue-white-ambiance-e14-led-kerze-dimmbar-alle-weissschattierungen-steuerbar-via-app-kompatibel-mit-amazon-alexa","status":"publish","type":"product","link":"https:\/\/marktxxl.de\/markt\/produkt\/philips-hue-white-ambiance-e14-led-kerze-dimmbar-alle-weissschattierungen-steuerbar-via-app-kompatibel-mit-amazon-alexa\/","title":{"rendered":"Philips Hue White Ambiance E14 LED Kerze dimmbar, alle Wei\u00dfschattierungen, steuerbar via App, kompatibel mit Amazon\u2026"},"content":{"rendered":"<p>Erweiterung f\u00fcr das Philips Hue System &#8211; 1x Hue LED WiFi Lampe f\u00fcr alle Philips Hue Starter Sets. Zur Steuerung ist eine Bridge (nicht im Lieferumfang enthalten) und ein bestehendes WLAN Netzwerk notwendig. F\u00fcr Leuchten mit E14-Lampenfassung geeignet<br \/>\nBitte beachten Sie bei der Wahl Ihrer Leuchte den Umfang dieser Hue E14 Kerze. Um eine reibungslose Funktion zu generieren verwenden Sie bitte den separat erh\u00e4ltlichen Hue Dimmer. Die Hue Leuchten sind nicht mit vorinstallierten Dimmern kompatibel<br \/>\nFarbtemperatur: 2.200 bis 6.500 Kelvin. W\u00e4hlen Sie in der Hue App stufenlos zwischen warmwei\u00dfem Licht zum Entspannen und Lesen bis hin zu k\u00fchlerem, helleren Licht zum Konzentrieren und Energie tanken<br \/>\nAutomatische Zeitplanerfunktion f\u00fcr mehr Komfort und Sicherheit: Erwecken Sie den Eindruck Sie seien zuhause, auch wenn Sie in Wirklichkeit unterwegs sind &#8211; ganz einfach \u00fcber die Hue App<br \/>\nFunktioniert mit Amazon Alexa f\u00fcr Sprachsteuerung (Echo\/ Echo Dot und notwendige Hue Bridge separat erh\u00e4ltlich). Das Smart Home Erlebnis f\u00fcr Ihr Zuhause<br \/>\n<div class=\"main-cross-sell\" data-asin=\"B07RYZ2T12\">\n\n\t<div class=\"WooZone-cross-sell-loader\">\n\t\t<div>\n\t\t\t<div id=\"floatingBarsG\">\n\t\t\t\t<div class=\"blockG\" id=\"rotateG_01\"><\/div>\n\t\t\t\t<div class=\"blockG\" id=\"rotateG_02\"><\/div>\n\t\t\t\t<div class=\"blockG\" id=\"rotateG_03\"><\/div>\n\t\t\t\t<div class=\"blockG\" id=\"rotateG_04\"><\/div>\n\t\t\t\t<div class=\"blockG\" id=\"rotateG_05\"><\/div>\n\t\t\t\t<div class=\"blockG\" id=\"rotateG_06\"><\/div>\n\t\t\t\t<div class=\"blockG\" id=\"rotateG_07\"><\/div>\n\t\t\t\t<div class=\"blockG\" id=\"rotateG_08\"><\/div>\n\t\t\t<\/div>\n\t\t\t<div class=\"WooZone-cross-sell-loader-text\"><\/div>\n\t\t<\/div>\n\t<\/div>\n\n\t\t\n<\/div>\n<div style=\"clear:both;\"><\/div><\/p>\n","protected":false},"excerpt":{"rendered":"<p>Erweiterung f\u00fcr das Philips Hue System &#8211; 1x Hue LED WiFi Lampe f\u00fcr alle Philips Hue Starter Sets. Zur Steuerung ist eine Bridge (nicht im Lieferumfang enthalten) und ein bestehendes WLAN Netzwerk notwendig. F\u00fcr Leuchten mit E14-Lampenfassung geeignet<br \/>\nBitte beachten Sie bei der Wahl Ihrer Leuchte den Umfang dieser Hue E14 Kerze. Um eine reibungslose Funktion zu generieren verwenden Sie bitte den separat erh\u00e4ltlichen Hue Dimmer. Die Hue Leuchten sind nicht mit vorinstallierten Dimmern kompatibel<br \/>\nFarbtemperatur: 2.200 bis 6.500 Kelvin. W\u00e4hlen Sie in der Hue App stufenlos zwischen warmwei\u00dfem Licht zum Entspannen und Lesen bis hin zu k\u00fchlerem, helleren Licht zum Konzentrieren und Energie tanken<\/p>\n","protected":false},"featured_media":56571,"comment_status":"open","ping_status":"closed","template":"","meta":[],"product_brand":[],"product_cat":[2108,11521],"product_tag":[],"class_list":{"0":"post-56569","1":"product","2":"type-product","3":"status-publish","4":"has-post-thumbnail","6":"product_cat-beleuchtung","7":"product_cat-leuchtmittel","8":"pa_binding-haushaltswaren","9":"pa_brand-philips","10":"pa_stil-1-er-pack","12":"first","13":"instock","14":"shipping-taxable","15":"purchasable","16":"product-type-variable","17":"customify-col","18":"product-has-gallery"},"yoast_head":"<!-- This site is optimized with the Yoast SEO plugin v27.4 - https:\/\/yoast.com\/product\/yoast-seo-wordpress\/ -->\n<title>Philips Hue White Ambiance E14 LED Kerze dimmbar, alle Wei\u00dfschattierungen, steuerbar via App, kompatibel mit Amazon\u2026 - Markt-XXL<\/title>\n<meta name=\"description\" content=\"Markt-XXL Philips Hue White Ambiance E14 LED Kerze dimmbar, alle Wei\u00dfschattierungen, steuerbar via App, kompatibel mit Amazon\u2026\" \/>\n<meta name=\"robots\" content=\"index, follow, max-snippet:-1, max-image-preview:large, max-video-preview:-1\" \/>\n<link rel=\"canonical\" href=\"https:\/\/marktxxl.de\/markt\/produkt\/philips-hue-white-ambiance-e14-led-kerze-dimmbar-alle-weissschattierungen-steuerbar-via-app-kompatibel-mit-amazon-alexa\/\" \/>\n<meta property=\"og:locale\" content=\"de_DE\" \/>\n<meta property=\"og:type\" content=\"article\" \/>\n<meta property=\"og:title\" content=\"Philips Hue White Ambiance E14 LED Kerze dimmbar, alle Wei\u00dfschattierungen, steuerbar via App, kompatibel mit Amazon\u2026 - Markt-XXL\" \/>\n<meta property=\"og:description\" content=\"Markt-XXL Philips Hue White Ambiance E14 LED Kerze dimmbar, alle Wei\u00dfschattierungen, steuerbar via App, kompatibel mit Amazon\u2026\" \/>\n<meta property=\"og:url\" content=\"https:\/\/marktxxl.de\/markt\/produkt\/philips-hue-white-ambiance-e14-led-kerze-dimmbar-alle-weissschattierungen-steuerbar-via-app-kompatibel-mit-amazon-alexa\/\" \/>\n<meta property=\"og:site_name\" content=\"Markt-XXL\" \/>\n<meta property=\"article:modified_time\" content=\"2023-04-10T00:11:12+00:00\" \/>\n<meta property=\"og:image\" content=\"https:\/\/m.media-amazon.com\/images\/I\/31zYgoekQZL._SL500_.jpg\" \/>\n\t<meta property=\"og:image:width\" content=\"455\" \/>\n\t<meta property=\"og:image:height\" content=\"500\" \/>\n\t<meta property=\"og:image:type\" content=\"image\/jpeg\" \/>\n<meta name=\"twitter:card\" content=\"summary_large_image\" \/>\n<meta name=\"twitter:label1\" content=\"Gesch\u00e4tzte Lesezeit\" \/>\n\t<meta name=\"twitter:data1\" content=\"1\u00a0Minute\" \/>\n<script type=\"application\/ld+json\" class=\"yoast-schema-graph\">{\"@context\":\"https:\\\/\\\/schema.org\",\"@graph\":[{\"@type\":\"WebPage\",\"@id\":\"https:\\\/\\\/marktxxl.de\\\/markt\\\/produkt\\\/philips-hue-white-ambiance-e14-led-kerze-dimmbar-alle-weissschattierungen-steuerbar-via-app-kompatibel-mit-amazon-alexa\\\/\",\"url\":\"https:\\\/\\\/marktxxl.de\\\/markt\\\/produkt\\\/philips-hue-white-ambiance-e14-led-kerze-dimmbar-alle-weissschattierungen-steuerbar-via-app-kompatibel-mit-amazon-alexa\\\/\",\"name\":\"Philips Hue White Ambiance E14 LED Kerze dimmbar, alle Wei\u00dfschattierungen, steuerbar via App, kompatibel mit Amazon\u2026 - Markt-XXL\",\"isPartOf\":{\"@id\":\"https:\\\/\\\/marktxxl.de\\\/markt\\\/#website\"},\"primaryImageOfPage\":{\"@id\":\"https:\\\/\\\/marktxxl.de\\\/markt\\\/produkt\\\/philips-hue-white-ambiance-e14-led-kerze-dimmbar-alle-weissschattierungen-steuerbar-via-app-kompatibel-mit-amazon-alexa\\\/#primaryimage\"},\"image\":{\"@id\":\"https:\\\/\\\/marktxxl.de\\\/markt\\\/produkt\\\/philips-hue-white-ambiance-e14-led-kerze-dimmbar-alle-weissschattierungen-steuerbar-via-app-kompatibel-mit-amazon-alexa\\\/#primaryimage\"},\"thumbnailUrl\":\"https:\\\/\\\/m.media-amazon.com\\\/images\\\/I\\\/31zYgoekQZL._SL500_.jpg\",\"datePublished\":\"2021-10-13T22:37:29+00:00\",\"dateModified\":\"2023-04-10T00:11:12+00:00\",\"description\":\"Markt-XXL Philips Hue White Ambiance E14 LED Kerze dimmbar, alle Wei\u00dfschattierungen, steuerbar via App, kompatibel mit Amazon\u2026\",\"breadcrumb\":{\"@id\":\"https:\\\/\\\/marktxxl.de\\\/markt\\\/produkt\\\/philips-hue-white-ambiance-e14-led-kerze-dimmbar-alle-weissschattierungen-steuerbar-via-app-kompatibel-mit-amazon-alexa\\\/#breadcrumb\"},\"inLanguage\":\"de\",\"potentialAction\":[{\"@type\":\"ReadAction\",\"target\":[\"https:\\\/\\\/marktxxl.de\\\/markt\\\/produkt\\\/philips-hue-white-ambiance-e14-led-kerze-dimmbar-alle-weissschattierungen-steuerbar-via-app-kompatibel-mit-amazon-alexa\\\/\"]}]},{\"@type\":\"ImageObject\",\"inLanguage\":\"de\",\"@id\":\"https:\\\/\\\/marktxxl.de\\\/markt\\\/produkt\\\/philips-hue-white-ambiance-e14-led-kerze-dimmbar-alle-weissschattierungen-steuerbar-via-app-kompatibel-mit-amazon-alexa\\\/#primaryimage\",\"url\":\"https:\\\/\\\/m.media-amazon.com\\\/images\\\/I\\\/31zYgoekQZL._SL500_.jpg\",\"contentUrl\":\"https:\\\/\\\/m.media-amazon.com\\\/images\\\/I\\\/31zYgoekQZL._SL500_.jpg\",\"width\":455,\"height\":500},{\"@type\":\"BreadcrumbList\",\"@id\":\"https:\\\/\\\/marktxxl.de\\\/markt\\\/produkt\\\/philips-hue-white-ambiance-e14-led-kerze-dimmbar-alle-weissschattierungen-steuerbar-via-app-kompatibel-mit-amazon-alexa\\\/#breadcrumb\",\"itemListElement\":[{\"@type\":\"ListItem\",\"position\":1,\"name\":\"Startseite\",\"item\":\"https:\\\/\\\/marktxxl.de\\\/markt\\\/\"},{\"@type\":\"ListItem\",\"position\":2,\"name\":\"Markt\",\"item\":\"https:\\\/\\\/marktxxl.de\\\/markt\\\/\"},{\"@type\":\"ListItem\",\"position\":3,\"name\":\"Philips Hue White Ambiance E14 LED Kerze dimmbar, alle Wei\u00dfschattierungen, steuerbar via App, kompatibel mit Amazon\u2026\"}]},{\"@type\":\"WebSite\",\"@id\":\"https:\\\/\\\/marktxxl.de\\\/markt\\\/#website\",\"url\":\"https:\\\/\\\/marktxxl.de\\\/markt\\\/\",\"name\":\"Markt-XXL\",\"description\":\"Ihr Markt Online\",\"publisher\":{\"@id\":\"https:\\\/\\\/marktxxl.de\\\/markt\\\/#organization\"},\"potentialAction\":[{\"@type\":\"SearchAction\",\"target\":{\"@type\":\"EntryPoint\",\"urlTemplate\":\"https:\\\/\\\/marktxxl.de\\\/markt\\\/?s={search_term_string}\"},\"query-input\":{\"@type\":\"PropertyValueSpecification\",\"valueRequired\":true,\"valueName\":\"search_term_string\"}}],\"inLanguage\":\"de\"},{\"@type\":\"Organization\",\"@id\":\"https:\\\/\\\/marktxxl.de\\\/markt\\\/#organization\",\"name\":\"Markt-XXL\",\"url\":\"https:\\\/\\\/marktxxl.de\\\/markt\\\/\",\"logo\":{\"@type\":\"ImageObject\",\"inLanguage\":\"de\",\"@id\":\"https:\\\/\\\/marktxxl.de\\\/markt\\\/#\\\/schema\\\/logo\\\/image\\\/\",\"url\":\"https:\\\/\\\/marktxxl.de\\\/markt\\\/wp-content\\\/uploads\\\/sites\\\/3\\\/2020\\\/12\\\/logo.png\",\"contentUrl\":\"https:\\\/\\\/marktxxl.de\\\/markt\\\/wp-content\\\/uploads\\\/sites\\\/3\\\/2020\\\/12\\\/logo.png\",\"width\":200,\"height\":70,\"caption\":\"Markt-XXL\"},\"image\":{\"@id\":\"https:\\\/\\\/marktxxl.de\\\/markt\\\/#\\\/schema\\\/logo\\\/image\\\/\"}}]}<\/script>\n<!-- \/ Yoast SEO plugin. -->","yoast_head_json":{"title":"Philips Hue White Ambiance E14 LED Kerze dimmbar, alle Wei\u00dfschattierungen, steuerbar via App, kompatibel mit Amazon\u2026 - Markt-XXL","description":"Markt-XXL Philips Hue White Ambiance E14 LED Kerze dimmbar, alle Wei\u00dfschattierungen, steuerbar via App, kompatibel mit Amazon\u2026","robots":{"index":"index","follow":"follow","max-snippet":"max-snippet:-1","max-image-preview":"max-image-preview:large","max-video-preview":"max-video-preview:-1"},"canonical":"https:\/\/marktxxl.de\/markt\/produkt\/philips-hue-white-ambiance-e14-led-kerze-dimmbar-alle-weissschattierungen-steuerbar-via-app-kompatibel-mit-amazon-alexa\/","og_locale":"de_DE","og_type":"article","og_title":"Philips Hue White Ambiance E14 LED Kerze dimmbar, alle Wei\u00dfschattierungen, steuerbar via App, kompatibel mit Amazon\u2026 - Markt-XXL","og_description":"Markt-XXL Philips Hue White Ambiance E14 LED Kerze dimmbar, alle Wei\u00dfschattierungen, steuerbar via App, kompatibel mit Amazon\u2026","og_url":"https:\/\/marktxxl.de\/markt\/produkt\/philips-hue-white-ambiance-e14-led-kerze-dimmbar-alle-weissschattierungen-steuerbar-via-app-kompatibel-mit-amazon-alexa\/","og_site_name":"Markt-XXL","article_modified_time":"2023-04-10T00:11:12+00:00","og_image":[{"width":455,"height":500,"url":"https:\/\/m.media-amazon.com\/images\/I\/31zYgoekQZL._SL500_.jpg","type":"image\/jpeg"}],"twitter_card":"summary_large_image","twitter_misc":{"Gesch\u00e4tzte Lesezeit":"1\u00a0Minute"},"schema":{"@context":"https:\/\/schema.org","@graph":[{"@type":"WebPage","@id":"https:\/\/marktxxl.de\/markt\/produkt\/philips-hue-white-ambiance-e14-led-kerze-dimmbar-alle-weissschattierungen-steuerbar-via-app-kompatibel-mit-amazon-alexa\/","url":"https:\/\/marktxxl.de\/markt\/produkt\/philips-hue-white-ambiance-e14-led-kerze-dimmbar-alle-weissschattierungen-steuerbar-via-app-kompatibel-mit-amazon-alexa\/","name":"Philips Hue White Ambiance E14 LED Kerze dimmbar, alle Wei\u00dfschattierungen, steuerbar via App, kompatibel mit Amazon\u2026 - Markt-XXL","isPartOf":{"@id":"https:\/\/marktxxl.de\/markt\/#website"},"primaryImageOfPage":{"@id":"https:\/\/marktxxl.de\/markt\/produkt\/philips-hue-white-ambiance-e14-led-kerze-dimmbar-alle-weissschattierungen-steuerbar-via-app-kompatibel-mit-amazon-alexa\/#primaryimage"},"image":{"@id":"https:\/\/marktxxl.de\/markt\/produkt\/philips-hue-white-ambiance-e14-led-kerze-dimmbar-alle-weissschattierungen-steuerbar-via-app-kompatibel-mit-amazon-alexa\/#primaryimage"},"thumbnailUrl":"https:\/\/m.media-amazon.com\/images\/I\/31zYgoekQZL._SL500_.jpg","datePublished":"2021-10-13T22:37:29+00:00","dateModified":"2023-04-10T00:11:12+00:00","description":"Markt-XXL Philips Hue White Ambiance E14 LED Kerze dimmbar, alle Wei\u00dfschattierungen, steuerbar via App, kompatibel mit Amazon\u2026","breadcrumb":{"@id":"https:\/\/marktxxl.de\/markt\/produkt\/philips-hue-white-ambiance-e14-led-kerze-dimmbar-alle-weissschattierungen-steuerbar-via-app-kompatibel-mit-amazon-alexa\/#breadcrumb"},"inLanguage":"de","potentialAction":[{"@type":"ReadAction","target":["https:\/\/marktxxl.de\/markt\/produkt\/philips-hue-white-ambiance-e14-led-kerze-dimmbar-alle-weissschattierungen-steuerbar-via-app-kompatibel-mit-amazon-alexa\/"]}]},{"@type":"ImageObject","inLanguage":"de","@id":"https:\/\/marktxxl.de\/markt\/produkt\/philips-hue-white-ambiance-e14-led-kerze-dimmbar-alle-weissschattierungen-steuerbar-via-app-kompatibel-mit-amazon-alexa\/#primaryimage","url":"https:\/\/m.media-amazon.com\/images\/I\/31zYgoekQZL._SL500_.jpg","contentUrl":"https:\/\/m.media-amazon.com\/images\/I\/31zYgoekQZL._SL500_.jpg","width":455,"height":500},{"@type":"BreadcrumbList","@id":"https:\/\/marktxxl.de\/markt\/produkt\/philips-hue-white-ambiance-e14-led-kerze-dimmbar-alle-weissschattierungen-steuerbar-via-app-kompatibel-mit-amazon-alexa\/#breadcrumb","itemListElement":[{"@type":"ListItem","position":1,"name":"Startseite","item":"https:\/\/marktxxl.de\/markt\/"},{"@type":"ListItem","position":2,"name":"Markt","item":"https:\/\/marktxxl.de\/markt\/"},{"@type":"ListItem","position":3,"name":"Philips Hue White Ambiance E14 LED Kerze dimmbar, alle Wei\u00dfschattierungen, steuerbar via App, kompatibel mit Amazon\u2026"}]},{"@type":"WebSite","@id":"https:\/\/marktxxl.de\/markt\/#website","url":"https:\/\/marktxxl.de\/markt\/","name":"Markt-XXL","description":"Ihr Markt Online","publisher":{"@id":"https:\/\/marktxxl.de\/markt\/#organization"},"potentialAction":[{"@type":"SearchAction","target":{"@type":"EntryPoint","urlTemplate":"https:\/\/marktxxl.de\/markt\/?s={search_term_string}"},"query-input":{"@type":"PropertyValueSpecification","valueRequired":true,"valueName":"search_term_string"}}],"inLanguage":"de"},{"@type":"Organization","@id":"https:\/\/marktxxl.de\/markt\/#organization","name":"Markt-XXL","url":"https:\/\/marktxxl.de\/markt\/","logo":{"@type":"ImageObject","inLanguage":"de","@id":"https:\/\/marktxxl.de\/markt\/#\/schema\/logo\/image\/","url":"https:\/\/marktxxl.de\/markt\/wp-content\/uploads\/sites\/3\/2020\/12\/logo.png","contentUrl":"https:\/\/marktxxl.de\/markt\/wp-content\/uploads\/sites\/3\/2020\/12\/logo.png","width":200,"height":70,"caption":"Markt-XXL"},"image":{"@id":"https:\/\/marktxxl.de\/markt\/#\/schema\/logo\/image\/"}}]}},"_links":{"self":[{"href":"https:\/\/marktxxl.de\/markt\/wp-json\/wp\/v2\/product\/56569","targetHints":{"allow":["GET"]}}],"collection":[{"href":"https:\/\/marktxxl.de\/markt\/wp-json\/wp\/v2\/product"}],"about":[{"href":"https:\/\/marktxxl.de\/markt\/wp-json\/wp\/v2\/types\/product"}],"replies":[{"embeddable":true,"href":"https:\/\/marktxxl.de\/markt\/wp-json\/wp\/v2\/comments?post=56569"}],"wp:featuredmedia":[{"embeddable":true,"href":"https:\/\/marktxxl.de\/markt\/wp-json\/wp\/v2\/media\/56571"}],"wp:attachment":[{"href":"https:\/\/marktxxl.de\/markt\/wp-json\/wp\/v2\/media?parent=56569"}],"wp:term":[{"taxonomy":"product_brand","embeddable":true,"href":"https:\/\/marktxxl.de\/markt\/wp-json\/wp\/v2\/product_brand?post=56569"},{"taxonomy":"product_cat","embeddable":true,"href":"https:\/\/marktxxl.de\/markt\/wp-json\/wp\/v2\/product_cat?post=56569"},{"taxonomy":"product_tag","embeddable":true,"href":"https:\/\/marktxxl.de\/markt\/wp-json\/wp\/v2\/product_tag?post=56569"}],"curies":[{"name":"wp","href":"https:\/\/api.w.org\/{rel}","templated":true}]}}