{"id":56414,"date":"2021-10-14T00:34:38","date_gmt":"2021-10-13T22:34:38","guid":{"rendered":"https:\/\/marktxxl.de\/markt\/produkt\/tevea-premium-led-einbauleuchte-230v-led-einbaustrahler-helles-reines-licht-deckenspot-ultra-flach-ip44-energieklasse-a-5-er-set-warmweiss\/"},"modified":"2023-04-10T02:11:11","modified_gmt":"2023-04-10T00:11:11","slug":"tevea-premium-led-einbauleuchte-230v-led-einbaustrahler-helles-reines-licht-deckenspot-ultra-flach-ip44-energieklasse-a-5-er-set-warmweiss","status":"publish","type":"product","link":"https:\/\/marktxxl.de\/markt\/produkt\/tevea-premium-led-einbauleuchte-230v-led-einbaustrahler-helles-reines-licht-deckenspot-ultra-flach-ip44-energieklasse-a-5-er-set-warmweiss\/","title":{"rendered":"TEVEA PREMIUM LED Einbauleuchte &#8211; 230v &#8211; LED Einbaustrahler &#8211; helles, reines Licht &#8211; Deckenspot &#8211; Ultra Flach &#8211; IP44\u2026"},"content":{"rendered":"<p>? HOCHWERTIGE MATERIALIEN: Unsere qualitativ hochwertigen Einbauleuchten sind aus Kunststoff hergestellt, sodass eine Sicherheit im Badezimmer gew\u00e4hrleistet wird. Des Weiteren erh\u00e4ltst du ein reines helles Licht ohne Flackern und eine helle Ausleuchtung des Raumes ist garantiert.<br \/>\n? EIN ECHTER ALLROUNDER: Unsere Einbaustrahler k\u00f6nnen nicht nur leuchten. Dank eines Au\u00dfendurchmessers von 85 mm, kann die Leuchte L\u00f6cher von 68 mm &#8211; 75 mm problemlos decken. Zudem sind die LED Einbauleuchten stromsparend und bieten trotzdem ein helles ausf\u00fcllendes Licht.<br \/>\n? PREMIUM QUALIT\u00c4T: Aufgrund des hohen Qualit\u00e4tsanspruchs, den wir auf unsere Einbaustrahler gelegt haben, sind unsere Einbauleuchten sehr flach und minimalistisch, aber k\u00f6nnen trotzdem mit Ihrem einzigartigen Design gl\u00e4nzen. Zudem haben unsere Einbauleuchten eine starke Leuchtkraft von 280 bis 320 Lumen.<br \/>\n? LANGLEBIG: Die massiven Einbauleuchten sind aufgrund des langlebigen Kunststoffes sehr widerstandsf\u00e4hig und so hast Du auch langfristig helles Licht in Deinen R\u00e4umen. Zudem sind die Leuchten ein strenges Testverfahren erfolgreich durchlaufen und sind GS zertifiziert.<br \/>\n? TEVEA&#8217;S VERSPRECHEN: Damit wir Dir die Entscheidung zum Kauf etwas erleichtern k\u00f6nnen, nehmen wir das Risiko komplett auf uns und geben Dir ein Versprechen. Sollte Dir aus irgendeinem Grund irgendwas an den Leuchten nicht gefallen bekommst Du Dein Geld zur\u00fcck.<br \/>\n<div class=\"main-cross-sell\" data-asin=\"B010SSJ8LA\">\n\n\t<div class=\"WooZone-cross-sell-loader\">\n\t\t<div>\n\t\t\t<div id=\"floatingBarsG\">\n\t\t\t\t<div class=\"blockG\" id=\"rotateG_01\"><\/div>\n\t\t\t\t<div class=\"blockG\" id=\"rotateG_02\"><\/div>\n\t\t\t\t<div class=\"blockG\" id=\"rotateG_03\"><\/div>\n\t\t\t\t<div class=\"blockG\" id=\"rotateG_04\"><\/div>\n\t\t\t\t<div class=\"blockG\" id=\"rotateG_05\"><\/div>\n\t\t\t\t<div class=\"blockG\" id=\"rotateG_06\"><\/div>\n\t\t\t\t<div class=\"blockG\" id=\"rotateG_07\"><\/div>\n\t\t\t\t<div class=\"blockG\" id=\"rotateG_08\"><\/div>\n\t\t\t<\/div>\n\t\t\t<div class=\"WooZone-cross-sell-loader-text\"><\/div>\n\t\t<\/div>\n\t<\/div>\n\n\t\t\n<\/div>\n<div style=\"clear:both;\"><\/div><\/p>\n","protected":false},"excerpt":{"rendered":"<p>? HOCHWERTIGE MATERIALIEN: Unsere qualitativ hochwertigen Einbauleuchten sind aus Kunststoff hergestellt, sodass eine Sicherheit im Badezimmer gew\u00e4hrleistet wird. Des Weiteren erh\u00e4ltst du ein reines helles Licht ohne Flackern und eine helle Ausleuchtung des Raumes ist garantiert.<br \/>\n? EIN ECHTER ALLROUNDER: Unsere Einbaustrahler k\u00f6nnen nicht nur leuchten. Dank eines Au\u00dfendurchmessers von 85 mm, kann die Leuchte L\u00f6cher von 68 mm &#8211; 75 mm problemlos decken. Zudem sind die LED Einbauleuchten stromsparend und bieten trotzdem ein helles ausf\u00fcllendes Licht.<br \/>\n? PREMIUM QUALIT\u00c4T: Aufgrund des hohen Qualit\u00e4tsanspruchs, den wir auf unsere Einbaustrahler gelegt haben, sind unsere Einbauleuchten sehr flach und minimalistisch, aber k\u00f6nnen trotzdem mit Ihrem einzigartigen Design gl\u00e4nzen. Zudem haben unsere Einbauleuchten eine starke Leuchtkraft von 280 bis 320 Lumen.<\/p>\n","protected":false},"featured_media":56415,"comment_status":"open","ping_status":"closed","template":"","meta":[],"product_brand":[],"product_cat":[11474,2108],"product_tag":[],"class_list":{"0":"post-56414","1":"product","2":"type-product","3":"status-publish","4":"has-post-thumbnail","6":"product_cat-bad-beleuchtung","7":"product_cat-beleuchtung","8":"pa_brand-tevea","10":"first","11":"instock","12":"shipping-taxable","13":"purchasable","14":"product-type-simple","15":"customify-col","16":"product-has-gallery"},"yoast_head":"<!-- This site is optimized with the Yoast SEO plugin v27.4 - https:\/\/yoast.com\/product\/yoast-seo-wordpress\/ -->\n<title>TEVEA PREMIUM LED Einbauleuchte - 230v - LED Einbaustrahler - helles, reines Licht - Deckenspot - Ultra Flach - IP44\u2026 - Markt-XXL<\/title>\n<meta name=\"description\" content=\"Markt-XXL TEVEA PREMIUM LED Einbauleuchte - 230v - LED Einbaustrahler - helles, reines Licht - Deckenspot - Ultra Flach - IP44\u2026\" \/>\n<meta name=\"robots\" content=\"index, follow, max-snippet:-1, max-image-preview:large, max-video-preview:-1\" \/>\n<link rel=\"canonical\" href=\"https:\/\/marktxxl.de\/markt\/produkt\/tevea-premium-led-einbauleuchte-230v-led-einbaustrahler-helles-reines-licht-deckenspot-ultra-flach-ip44-energieklasse-a-5-er-set-warmweiss\/\" \/>\n<meta property=\"og:locale\" content=\"de_DE\" \/>\n<meta property=\"og:type\" content=\"article\" \/>\n<meta property=\"og:title\" content=\"TEVEA PREMIUM LED Einbauleuchte - 230v - LED Einbaustrahler - helles, reines Licht - Deckenspot - Ultra Flach - IP44\u2026 - Markt-XXL\" \/>\n<meta property=\"og:description\" content=\"Markt-XXL TEVEA PREMIUM LED Einbauleuchte - 230v - LED Einbaustrahler - helles, reines Licht - Deckenspot - Ultra Flach - IP44\u2026\" \/>\n<meta property=\"og:url\" content=\"https:\/\/marktxxl.de\/markt\/produkt\/tevea-premium-led-einbauleuchte-230v-led-einbaustrahler-helles-reines-licht-deckenspot-ultra-flach-ip44-energieklasse-a-5-er-set-warmweiss\/\" \/>\n<meta property=\"og:site_name\" content=\"Markt-XXL\" \/>\n<meta property=\"article:modified_time\" content=\"2023-04-10T00:11:11+00:00\" \/>\n<meta property=\"og:image\" content=\"https:\/\/m.media-amazon.com\/images\/I\/31ozQJQEOTL._SL500_.jpg\" \/>\n\t<meta property=\"og:image:width\" content=\"500\" \/>\n\t<meta property=\"og:image:height\" content=\"333\" \/>\n\t<meta property=\"og:image:type\" content=\"image\/jpeg\" \/>\n<meta name=\"twitter:card\" content=\"summary_large_image\" \/>\n<meta name=\"twitter:label1\" content=\"Gesch\u00e4tzte Lesezeit\" \/>\n\t<meta name=\"twitter:data1\" content=\"1\u00a0Minute\" \/>\n<script type=\"application\/ld+json\" class=\"yoast-schema-graph\">{\"@context\":\"https:\\\/\\\/schema.org\",\"@graph\":[{\"@type\":\"WebPage\",\"@id\":\"https:\\\/\\\/marktxxl.de\\\/markt\\\/produkt\\\/tevea-premium-led-einbauleuchte-230v-led-einbaustrahler-helles-reines-licht-deckenspot-ultra-flach-ip44-energieklasse-a-5-er-set-warmweiss\\\/\",\"url\":\"https:\\\/\\\/marktxxl.de\\\/markt\\\/produkt\\\/tevea-premium-led-einbauleuchte-230v-led-einbaustrahler-helles-reines-licht-deckenspot-ultra-flach-ip44-energieklasse-a-5-er-set-warmweiss\\\/\",\"name\":\"TEVEA PREMIUM LED Einbauleuchte - 230v - LED Einbaustrahler - helles, reines Licht - Deckenspot - Ultra Flach - IP44\u2026 - Markt-XXL\",\"isPartOf\":{\"@id\":\"https:\\\/\\\/marktxxl.de\\\/markt\\\/#website\"},\"primaryImageOfPage\":{\"@id\":\"https:\\\/\\\/marktxxl.de\\\/markt\\\/produkt\\\/tevea-premium-led-einbauleuchte-230v-led-einbaustrahler-helles-reines-licht-deckenspot-ultra-flach-ip44-energieklasse-a-5-er-set-warmweiss\\\/#primaryimage\"},\"image\":{\"@id\":\"https:\\\/\\\/marktxxl.de\\\/markt\\\/produkt\\\/tevea-premium-led-einbauleuchte-230v-led-einbaustrahler-helles-reines-licht-deckenspot-ultra-flach-ip44-energieklasse-a-5-er-set-warmweiss\\\/#primaryimage\"},\"thumbnailUrl\":\"https:\\\/\\\/m.media-amazon.com\\\/images\\\/I\\\/31ozQJQEOTL._SL500_.jpg\",\"datePublished\":\"2021-10-13T22:34:38+00:00\",\"dateModified\":\"2023-04-10T00:11:11+00:00\",\"description\":\"Markt-XXL TEVEA PREMIUM LED Einbauleuchte - 230v - LED Einbaustrahler - helles, reines Licht - Deckenspot - Ultra Flach - IP44\u2026\",\"breadcrumb\":{\"@id\":\"https:\\\/\\\/marktxxl.de\\\/markt\\\/produkt\\\/tevea-premium-led-einbauleuchte-230v-led-einbaustrahler-helles-reines-licht-deckenspot-ultra-flach-ip44-energieklasse-a-5-er-set-warmweiss\\\/#breadcrumb\"},\"inLanguage\":\"de\",\"potentialAction\":[{\"@type\":\"ReadAction\",\"target\":[\"https:\\\/\\\/marktxxl.de\\\/markt\\\/produkt\\\/tevea-premium-led-einbauleuchte-230v-led-einbaustrahler-helles-reines-licht-deckenspot-ultra-flach-ip44-energieklasse-a-5-er-set-warmweiss\\\/\"]}]},{\"@type\":\"ImageObject\",\"inLanguage\":\"de\",\"@id\":\"https:\\\/\\\/marktxxl.de\\\/markt\\\/produkt\\\/tevea-premium-led-einbauleuchte-230v-led-einbaustrahler-helles-reines-licht-deckenspot-ultra-flach-ip44-energieklasse-a-5-er-set-warmweiss\\\/#primaryimage\",\"url\":\"https:\\\/\\\/m.media-amazon.com\\\/images\\\/I\\\/31ozQJQEOTL._SL500_.jpg\",\"contentUrl\":\"https:\\\/\\\/m.media-amazon.com\\\/images\\\/I\\\/31ozQJQEOTL._SL500_.jpg\",\"width\":500,\"height\":333},{\"@type\":\"BreadcrumbList\",\"@id\":\"https:\\\/\\\/marktxxl.de\\\/markt\\\/produkt\\\/tevea-premium-led-einbauleuchte-230v-led-einbaustrahler-helles-reines-licht-deckenspot-ultra-flach-ip44-energieklasse-a-5-er-set-warmweiss\\\/#breadcrumb\",\"itemListElement\":[{\"@type\":\"ListItem\",\"position\":1,\"name\":\"Startseite\",\"item\":\"https:\\\/\\\/marktxxl.de\\\/markt\\\/\"},{\"@type\":\"ListItem\",\"position\":2,\"name\":\"Markt\",\"item\":\"https:\\\/\\\/marktxxl.de\\\/markt\\\/\"},{\"@type\":\"ListItem\",\"position\":3,\"name\":\"TEVEA PREMIUM LED Einbauleuchte &#8211; 230v &#8211; LED Einbaustrahler &#8211; helles, reines Licht &#8211; Deckenspot &#8211; Ultra Flach &#8211; IP44\u2026\"}]},{\"@type\":\"WebSite\",\"@id\":\"https:\\\/\\\/marktxxl.de\\\/markt\\\/#website\",\"url\":\"https:\\\/\\\/marktxxl.de\\\/markt\\\/\",\"name\":\"Markt-XXL\",\"description\":\"Ihr Markt Online\",\"publisher\":{\"@id\":\"https:\\\/\\\/marktxxl.de\\\/markt\\\/#organization\"},\"potentialAction\":[{\"@type\":\"SearchAction\",\"target\":{\"@type\":\"EntryPoint\",\"urlTemplate\":\"https:\\\/\\\/marktxxl.de\\\/markt\\\/?s={search_term_string}\"},\"query-input\":{\"@type\":\"PropertyValueSpecification\",\"valueRequired\":true,\"valueName\":\"search_term_string\"}}],\"inLanguage\":\"de\"},{\"@type\":\"Organization\",\"@id\":\"https:\\\/\\\/marktxxl.de\\\/markt\\\/#organization\",\"name\":\"Markt-XXL\",\"url\":\"https:\\\/\\\/marktxxl.de\\\/markt\\\/\",\"logo\":{\"@type\":\"ImageObject\",\"inLanguage\":\"de\",\"@id\":\"https:\\\/\\\/marktxxl.de\\\/markt\\\/#\\\/schema\\\/logo\\\/image\\\/\",\"url\":\"https:\\\/\\\/marktxxl.de\\\/markt\\\/wp-content\\\/uploads\\\/sites\\\/3\\\/2020\\\/12\\\/logo.png\",\"contentUrl\":\"https:\\\/\\\/marktxxl.de\\\/markt\\\/wp-content\\\/uploads\\\/sites\\\/3\\\/2020\\\/12\\\/logo.png\",\"width\":200,\"height\":70,\"caption\":\"Markt-XXL\"},\"image\":{\"@id\":\"https:\\\/\\\/marktxxl.de\\\/markt\\\/#\\\/schema\\\/logo\\\/image\\\/\"}}]}<\/script>\n<!-- \/ Yoast SEO plugin. -->","yoast_head_json":{"title":"TEVEA PREMIUM LED Einbauleuchte - 230v - LED Einbaustrahler - helles, reines Licht - Deckenspot - Ultra Flach - IP44\u2026 - Markt-XXL","description":"Markt-XXL TEVEA PREMIUM LED Einbauleuchte - 230v - LED Einbaustrahler - helles, reines Licht - Deckenspot - Ultra Flach - IP44\u2026","robots":{"index":"index","follow":"follow","max-snippet":"max-snippet:-1","max-image-preview":"max-image-preview:large","max-video-preview":"max-video-preview:-1"},"canonical":"https:\/\/marktxxl.de\/markt\/produkt\/tevea-premium-led-einbauleuchte-230v-led-einbaustrahler-helles-reines-licht-deckenspot-ultra-flach-ip44-energieklasse-a-5-er-set-warmweiss\/","og_locale":"de_DE","og_type":"article","og_title":"TEVEA PREMIUM LED Einbauleuchte - 230v - LED Einbaustrahler - helles, reines Licht - Deckenspot - Ultra Flach - IP44\u2026 - Markt-XXL","og_description":"Markt-XXL TEVEA PREMIUM LED Einbauleuchte - 230v - LED Einbaustrahler - helles, reines Licht - Deckenspot - Ultra Flach - IP44\u2026","og_url":"https:\/\/marktxxl.de\/markt\/produkt\/tevea-premium-led-einbauleuchte-230v-led-einbaustrahler-helles-reines-licht-deckenspot-ultra-flach-ip44-energieklasse-a-5-er-set-warmweiss\/","og_site_name":"Markt-XXL","article_modified_time":"2023-04-10T00:11:11+00:00","og_image":[{"width":500,"height":333,"url":"https:\/\/m.media-amazon.com\/images\/I\/31ozQJQEOTL._SL500_.jpg","type":"image\/jpeg"}],"twitter_card":"summary_large_image","twitter_misc":{"Gesch\u00e4tzte Lesezeit":"1\u00a0Minute"},"schema":{"@context":"https:\/\/schema.org","@graph":[{"@type":"WebPage","@id":"https:\/\/marktxxl.de\/markt\/produkt\/tevea-premium-led-einbauleuchte-230v-led-einbaustrahler-helles-reines-licht-deckenspot-ultra-flach-ip44-energieklasse-a-5-er-set-warmweiss\/","url":"https:\/\/marktxxl.de\/markt\/produkt\/tevea-premium-led-einbauleuchte-230v-led-einbaustrahler-helles-reines-licht-deckenspot-ultra-flach-ip44-energieklasse-a-5-er-set-warmweiss\/","name":"TEVEA PREMIUM LED Einbauleuchte - 230v - LED Einbaustrahler - helles, reines Licht - Deckenspot - Ultra Flach - IP44\u2026 - Markt-XXL","isPartOf":{"@id":"https:\/\/marktxxl.de\/markt\/#website"},"primaryImageOfPage":{"@id":"https:\/\/marktxxl.de\/markt\/produkt\/tevea-premium-led-einbauleuchte-230v-led-einbaustrahler-helles-reines-licht-deckenspot-ultra-flach-ip44-energieklasse-a-5-er-set-warmweiss\/#primaryimage"},"image":{"@id":"https:\/\/marktxxl.de\/markt\/produkt\/tevea-premium-led-einbauleuchte-230v-led-einbaustrahler-helles-reines-licht-deckenspot-ultra-flach-ip44-energieklasse-a-5-er-set-warmweiss\/#primaryimage"},"thumbnailUrl":"https:\/\/m.media-amazon.com\/images\/I\/31ozQJQEOTL._SL500_.jpg","datePublished":"2021-10-13T22:34:38+00:00","dateModified":"2023-04-10T00:11:11+00:00","description":"Markt-XXL TEVEA PREMIUM LED Einbauleuchte - 230v - LED Einbaustrahler - helles, reines Licht - Deckenspot - Ultra Flach - IP44\u2026","breadcrumb":{"@id":"https:\/\/marktxxl.de\/markt\/produkt\/tevea-premium-led-einbauleuchte-230v-led-einbaustrahler-helles-reines-licht-deckenspot-ultra-flach-ip44-energieklasse-a-5-er-set-warmweiss\/#breadcrumb"},"inLanguage":"de","potentialAction":[{"@type":"ReadAction","target":["https:\/\/marktxxl.de\/markt\/produkt\/tevea-premium-led-einbauleuchte-230v-led-einbaustrahler-helles-reines-licht-deckenspot-ultra-flach-ip44-energieklasse-a-5-er-set-warmweiss\/"]}]},{"@type":"ImageObject","inLanguage":"de","@id":"https:\/\/marktxxl.de\/markt\/produkt\/tevea-premium-led-einbauleuchte-230v-led-einbaustrahler-helles-reines-licht-deckenspot-ultra-flach-ip44-energieklasse-a-5-er-set-warmweiss\/#primaryimage","url":"https:\/\/m.media-amazon.com\/images\/I\/31ozQJQEOTL._SL500_.jpg","contentUrl":"https:\/\/m.media-amazon.com\/images\/I\/31ozQJQEOTL._SL500_.jpg","width":500,"height":333},{"@type":"BreadcrumbList","@id":"https:\/\/marktxxl.de\/markt\/produkt\/tevea-premium-led-einbauleuchte-230v-led-einbaustrahler-helles-reines-licht-deckenspot-ultra-flach-ip44-energieklasse-a-5-er-set-warmweiss\/#breadcrumb","itemListElement":[{"@type":"ListItem","position":1,"name":"Startseite","item":"https:\/\/marktxxl.de\/markt\/"},{"@type":"ListItem","position":2,"name":"Markt","item":"https:\/\/marktxxl.de\/markt\/"},{"@type":"ListItem","position":3,"name":"TEVEA PREMIUM LED Einbauleuchte &#8211; 230v &#8211; LED Einbaustrahler &#8211; helles, reines Licht &#8211; Deckenspot &#8211; Ultra Flach &#8211; IP44\u2026"}]},{"@type":"WebSite","@id":"https:\/\/marktxxl.de\/markt\/#website","url":"https:\/\/marktxxl.de\/markt\/","name":"Markt-XXL","description":"Ihr Markt Online","publisher":{"@id":"https:\/\/marktxxl.de\/markt\/#organization"},"potentialAction":[{"@type":"SearchAction","target":{"@type":"EntryPoint","urlTemplate":"https:\/\/marktxxl.de\/markt\/?s={search_term_string}"},"query-input":{"@type":"PropertyValueSpecification","valueRequired":true,"valueName":"search_term_string"}}],"inLanguage":"de"},{"@type":"Organization","@id":"https:\/\/marktxxl.de\/markt\/#organization","name":"Markt-XXL","url":"https:\/\/marktxxl.de\/markt\/","logo":{"@type":"ImageObject","inLanguage":"de","@id":"https:\/\/marktxxl.de\/markt\/#\/schema\/logo\/image\/","url":"https:\/\/marktxxl.de\/markt\/wp-content\/uploads\/sites\/3\/2020\/12\/logo.png","contentUrl":"https:\/\/marktxxl.de\/markt\/wp-content\/uploads\/sites\/3\/2020\/12\/logo.png","width":200,"height":70,"caption":"Markt-XXL"},"image":{"@id":"https:\/\/marktxxl.de\/markt\/#\/schema\/logo\/image\/"}}]}},"_links":{"self":[{"href":"https:\/\/marktxxl.de\/markt\/wp-json\/wp\/v2\/product\/56414","targetHints":{"allow":["GET"]}}],"collection":[{"href":"https:\/\/marktxxl.de\/markt\/wp-json\/wp\/v2\/product"}],"about":[{"href":"https:\/\/marktxxl.de\/markt\/wp-json\/wp\/v2\/types\/product"}],"replies":[{"embeddable":true,"href":"https:\/\/marktxxl.de\/markt\/wp-json\/wp\/v2\/comments?post=56414"}],"wp:featuredmedia":[{"embeddable":true,"href":"https:\/\/marktxxl.de\/markt\/wp-json\/wp\/v2\/media\/56415"}],"wp:attachment":[{"href":"https:\/\/marktxxl.de\/markt\/wp-json\/wp\/v2\/media?parent=56414"}],"wp:term":[{"taxonomy":"product_brand","embeddable":true,"href":"https:\/\/marktxxl.de\/markt\/wp-json\/wp\/v2\/product_brand?post=56414"},{"taxonomy":"product_cat","embeddable":true,"href":"https:\/\/marktxxl.de\/markt\/wp-json\/wp\/v2\/product_cat?post=56414"},{"taxonomy":"product_tag","embeddable":true,"href":"https:\/\/marktxxl.de\/markt\/wp-json\/wp\/v2\/product_tag?post=56414"}],"curies":[{"name":"wp","href":"https:\/\/api.w.org\/{rel}","templated":true}]}}