{"id":56297,"date":"2021-10-14T00:28:49","date_gmt":"2021-10-13T22:28:49","guid":{"rendered":"https:\/\/marktxxl.de\/markt\/produkt\/ag378-cw\/"},"modified":"2023-04-10T02:11:10","modified_gmt":"2023-04-10T00:11:10","slug":"ag378-cw","status":"publish","type":"product","link":"https:\/\/marktxxl.de\/markt\/produkt\/ag378-cw\/","title":{"rendered":"Auraglow Kupfer Rostfreier Stahl Zweiweg Wandleuchte &#8211; 2 x LED Gl\u00fchbirne (Kaltes Wei\u00df) 7W Inbegriffen"},"content":{"rendered":"<p>Stilvoll Zweiweg Innen- und Au\u00dfenwandleuchte mit Kaltes Wei\u00df LED-Gl\u00fchbirnen<br \/>\nFeatures sind: Energieeffizient &#8211; A + bewertet, Geeignet f\u00fcr den Innen- oder Au\u00dfenbereich, Klarglas-Diffusor<br \/>\nArtikelabmessungen: 163 x 60 x 85mm<br \/>\nEnth\u00e4lt 2 x 7W Kaltes Wei\u00df GU10 Gl\u00fchbirne, die 550lm 6500K ausstrahlt<br \/>\nZus\u00e4tzliche Funktionen umfassen: IP44 Bewertung, 2 Jahr Garantie und beinhaltet Armaturen<br \/>\n<div class=\"main-cross-sell\" data-asin=\"B07DW5XS1M\">\n\n\t<div class=\"WooZone-cross-sell-loader\">\n\t\t<div>\n\t\t\t<div id=\"floatingBarsG\">\n\t\t\t\t<div class=\"blockG\" id=\"rotateG_01\"><\/div>\n\t\t\t\t<div class=\"blockG\" id=\"rotateG_02\"><\/div>\n\t\t\t\t<div class=\"blockG\" id=\"rotateG_03\"><\/div>\n\t\t\t\t<div class=\"blockG\" id=\"rotateG_04\"><\/div>\n\t\t\t\t<div class=\"blockG\" id=\"rotateG_05\"><\/div>\n\t\t\t\t<div class=\"blockG\" id=\"rotateG_06\"><\/div>\n\t\t\t\t<div class=\"blockG\" id=\"rotateG_07\"><\/div>\n\t\t\t\t<div class=\"blockG\" id=\"rotateG_08\"><\/div>\n\t\t\t<\/div>\n\t\t\t<div class=\"WooZone-cross-sell-loader-text\"><\/div>\n\t\t<\/div>\n\t<\/div>\n\n\t\t\n<\/div>\n<div style=\"clear:both;\"><\/div><\/p>\n","protected":false},"excerpt":{"rendered":"<p>Stilvoll Zweiweg Innen- und Au\u00dfenwandleuchte mit Kaltes Wei\u00df LED-Gl\u00fchbirnen<br \/>\nFeatures sind: Energieeffizient &#8211; A + bewertet, Geeignet f\u00fcr den Innen- oder Au\u00dfenbereich, Klarglas-Diffusor<br \/>\nArtikelabmessungen: 163 x 60 x 85mm<\/p>\n","protected":false},"featured_media":56301,"comment_status":"open","ping_status":"closed","template":"","meta":[],"product_brand":[],"product_cat":[11446,2108],"product_tag":[],"class_list":{"0":"post-56297","1":"product","2":"type-product","3":"status-publish","4":"has-post-thumbnail","6":"product_cat-aussenbeleuchtung","7":"product_cat-beleuchtung","8":"pa_brand-auraglow","9":"pa_farbe-kupfer","10":"pa_farbe-mattschwarz","11":"pa_farbe-original","12":"pa_manufacturer-auraglow","14":"first","15":"instock","16":"shipping-taxable","17":"purchasable","18":"product-type-variable","19":"customify-col","20":"product-has-gallery"},"yoast_head":"<!-- This site is optimized with the Yoast SEO plugin v27.3 - https:\/\/yoast.com\/product\/yoast-seo-wordpress\/ -->\n<title>Auraglow Kupfer Rostfreier Stahl Zweiweg Wandleuchte - 2 x LED Gl\u00fchbirne (Kaltes Wei\u00df) 7W Inbegriffen - Markt-XXL<\/title>\n<meta name=\"description\" content=\"Markt-XXL Auraglow Kupfer Rostfreier Stahl Zweiweg Wandleuchte - 2 x LED Gl\u00fchbirne (Kaltes Wei\u00df) 7W Inbegriffen\" \/>\n<meta name=\"robots\" content=\"index, follow, max-snippet:-1, max-image-preview:large, max-video-preview:-1\" \/>\n<link rel=\"canonical\" href=\"https:\/\/marktxxl.de\/markt\/produkt\/ag378-cw\/\" \/>\n<meta property=\"og:locale\" content=\"de_DE\" \/>\n<meta property=\"og:type\" content=\"article\" \/>\n<meta property=\"og:title\" content=\"Auraglow Kupfer Rostfreier Stahl Zweiweg Wandleuchte - 2 x LED Gl\u00fchbirne (Kaltes Wei\u00df) 7W Inbegriffen - Markt-XXL\" \/>\n<meta property=\"og:description\" content=\"Markt-XXL Auraglow Kupfer Rostfreier Stahl Zweiweg Wandleuchte - 2 x LED Gl\u00fchbirne (Kaltes Wei\u00df) 7W Inbegriffen\" \/>\n<meta property=\"og:url\" content=\"https:\/\/marktxxl.de\/markt\/produkt\/ag378-cw\/\" \/>\n<meta property=\"og:site_name\" content=\"Markt-XXL\" \/>\n<meta property=\"article:modified_time\" content=\"2023-04-10T00:11:10+00:00\" \/>\n<meta property=\"og:image\" content=\"https:\/\/m.media-amazon.com\/images\/I\/51KvZDwf7HL._SL500_.jpg\" \/>\n\t<meta property=\"og:image:width\" content=\"375\" \/>\n\t<meta property=\"og:image:height\" content=\"500\" \/>\n\t<meta property=\"og:image:type\" content=\"image\/jpeg\" \/>\n<meta name=\"twitter:card\" content=\"summary_large_image\" \/>\n<script type=\"application\/ld+json\" class=\"yoast-schema-graph\">{\"@context\":\"https:\\\/\\\/schema.org\",\"@graph\":[{\"@type\":\"WebPage\",\"@id\":\"https:\\\/\\\/marktxxl.de\\\/markt\\\/produkt\\\/ag378-cw\\\/\",\"url\":\"https:\\\/\\\/marktxxl.de\\\/markt\\\/produkt\\\/ag378-cw\\\/\",\"name\":\"Auraglow Kupfer Rostfreier Stahl Zweiweg Wandleuchte - 2 x LED Gl\u00fchbirne (Kaltes Wei\u00df) 7W Inbegriffen - Markt-XXL\",\"isPartOf\":{\"@id\":\"https:\\\/\\\/marktxxl.de\\\/markt\\\/#website\"},\"primaryImageOfPage\":{\"@id\":\"https:\\\/\\\/marktxxl.de\\\/markt\\\/produkt\\\/ag378-cw\\\/#primaryimage\"},\"image\":{\"@id\":\"https:\\\/\\\/marktxxl.de\\\/markt\\\/produkt\\\/ag378-cw\\\/#primaryimage\"},\"thumbnailUrl\":\"https:\\\/\\\/m.media-amazon.com\\\/images\\\/I\\\/51KvZDwf7HL._SL500_.jpg\",\"datePublished\":\"2021-10-13T22:28:49+00:00\",\"dateModified\":\"2023-04-10T00:11:10+00:00\",\"description\":\"Markt-XXL Auraglow Kupfer Rostfreier Stahl Zweiweg Wandleuchte - 2 x LED Gl\u00fchbirne (Kaltes Wei\u00df) 7W Inbegriffen\",\"breadcrumb\":{\"@id\":\"https:\\\/\\\/marktxxl.de\\\/markt\\\/produkt\\\/ag378-cw\\\/#breadcrumb\"},\"inLanguage\":\"de\",\"potentialAction\":[{\"@type\":\"ReadAction\",\"target\":[\"https:\\\/\\\/marktxxl.de\\\/markt\\\/produkt\\\/ag378-cw\\\/\"]}]},{\"@type\":\"ImageObject\",\"inLanguage\":\"de\",\"@id\":\"https:\\\/\\\/marktxxl.de\\\/markt\\\/produkt\\\/ag378-cw\\\/#primaryimage\",\"url\":\"https:\\\/\\\/m.media-amazon.com\\\/images\\\/I\\\/51KvZDwf7HL._SL500_.jpg\",\"contentUrl\":\"https:\\\/\\\/m.media-amazon.com\\\/images\\\/I\\\/51KvZDwf7HL._SL500_.jpg\",\"width\":375,\"height\":500},{\"@type\":\"BreadcrumbList\",\"@id\":\"https:\\\/\\\/marktxxl.de\\\/markt\\\/produkt\\\/ag378-cw\\\/#breadcrumb\",\"itemListElement\":[{\"@type\":\"ListItem\",\"position\":1,\"name\":\"Startseite\",\"item\":\"https:\\\/\\\/marktxxl.de\\\/markt\\\/\"},{\"@type\":\"ListItem\",\"position\":2,\"name\":\"Markt\",\"item\":\"https:\\\/\\\/marktxxl.de\\\/markt\\\/\"},{\"@type\":\"ListItem\",\"position\":3,\"name\":\"Auraglow Kupfer Rostfreier Stahl Zweiweg Wandleuchte &#8211; 2 x LED Gl\u00fchbirne (Kaltes Wei\u00df) 7W Inbegriffen\"}]},{\"@type\":\"WebSite\",\"@id\":\"https:\\\/\\\/marktxxl.de\\\/markt\\\/#website\",\"url\":\"https:\\\/\\\/marktxxl.de\\\/markt\\\/\",\"name\":\"Markt-XXL\",\"description\":\"Ihr Markt Online\",\"publisher\":{\"@id\":\"https:\\\/\\\/marktxxl.de\\\/markt\\\/#organization\"},\"potentialAction\":[{\"@type\":\"SearchAction\",\"target\":{\"@type\":\"EntryPoint\",\"urlTemplate\":\"https:\\\/\\\/marktxxl.de\\\/markt\\\/?s={search_term_string}\"},\"query-input\":{\"@type\":\"PropertyValueSpecification\",\"valueRequired\":true,\"valueName\":\"search_term_string\"}}],\"inLanguage\":\"de\"},{\"@type\":\"Organization\",\"@id\":\"https:\\\/\\\/marktxxl.de\\\/markt\\\/#organization\",\"name\":\"Markt-XXL\",\"url\":\"https:\\\/\\\/marktxxl.de\\\/markt\\\/\",\"logo\":{\"@type\":\"ImageObject\",\"inLanguage\":\"de\",\"@id\":\"https:\\\/\\\/marktxxl.de\\\/markt\\\/#\\\/schema\\\/logo\\\/image\\\/\",\"url\":\"https:\\\/\\\/marktxxl.de\\\/markt\\\/wp-content\\\/uploads\\\/sites\\\/3\\\/2020\\\/12\\\/logo.png\",\"contentUrl\":\"https:\\\/\\\/marktxxl.de\\\/markt\\\/wp-content\\\/uploads\\\/sites\\\/3\\\/2020\\\/12\\\/logo.png\",\"width\":200,\"height\":70,\"caption\":\"Markt-XXL\"},\"image\":{\"@id\":\"https:\\\/\\\/marktxxl.de\\\/markt\\\/#\\\/schema\\\/logo\\\/image\\\/\"}}]}<\/script>\n<!-- \/ Yoast SEO plugin. -->","yoast_head_json":{"title":"Auraglow Kupfer Rostfreier Stahl Zweiweg Wandleuchte - 2 x LED Gl\u00fchbirne (Kaltes Wei\u00df) 7W Inbegriffen - Markt-XXL","description":"Markt-XXL Auraglow Kupfer Rostfreier Stahl Zweiweg Wandleuchte - 2 x LED Gl\u00fchbirne (Kaltes Wei\u00df) 7W Inbegriffen","robots":{"index":"index","follow":"follow","max-snippet":"max-snippet:-1","max-image-preview":"max-image-preview:large","max-video-preview":"max-video-preview:-1"},"canonical":"https:\/\/marktxxl.de\/markt\/produkt\/ag378-cw\/","og_locale":"de_DE","og_type":"article","og_title":"Auraglow Kupfer Rostfreier Stahl Zweiweg Wandleuchte - 2 x LED Gl\u00fchbirne (Kaltes Wei\u00df) 7W Inbegriffen - Markt-XXL","og_description":"Markt-XXL Auraglow Kupfer Rostfreier Stahl Zweiweg Wandleuchte - 2 x LED Gl\u00fchbirne (Kaltes Wei\u00df) 7W Inbegriffen","og_url":"https:\/\/marktxxl.de\/markt\/produkt\/ag378-cw\/","og_site_name":"Markt-XXL","article_modified_time":"2023-04-10T00:11:10+00:00","og_image":[{"width":375,"height":500,"url":"https:\/\/m.media-amazon.com\/images\/I\/51KvZDwf7HL._SL500_.jpg","type":"image\/jpeg"}],"twitter_card":"summary_large_image","schema":{"@context":"https:\/\/schema.org","@graph":[{"@type":"WebPage","@id":"https:\/\/marktxxl.de\/markt\/produkt\/ag378-cw\/","url":"https:\/\/marktxxl.de\/markt\/produkt\/ag378-cw\/","name":"Auraglow Kupfer Rostfreier Stahl Zweiweg Wandleuchte - 2 x LED Gl\u00fchbirne (Kaltes Wei\u00df) 7W Inbegriffen - Markt-XXL","isPartOf":{"@id":"https:\/\/marktxxl.de\/markt\/#website"},"primaryImageOfPage":{"@id":"https:\/\/marktxxl.de\/markt\/produkt\/ag378-cw\/#primaryimage"},"image":{"@id":"https:\/\/marktxxl.de\/markt\/produkt\/ag378-cw\/#primaryimage"},"thumbnailUrl":"https:\/\/m.media-amazon.com\/images\/I\/51KvZDwf7HL._SL500_.jpg","datePublished":"2021-10-13T22:28:49+00:00","dateModified":"2023-04-10T00:11:10+00:00","description":"Markt-XXL Auraglow Kupfer Rostfreier Stahl Zweiweg Wandleuchte - 2 x LED Gl\u00fchbirne (Kaltes Wei\u00df) 7W Inbegriffen","breadcrumb":{"@id":"https:\/\/marktxxl.de\/markt\/produkt\/ag378-cw\/#breadcrumb"},"inLanguage":"de","potentialAction":[{"@type":"ReadAction","target":["https:\/\/marktxxl.de\/markt\/produkt\/ag378-cw\/"]}]},{"@type":"ImageObject","inLanguage":"de","@id":"https:\/\/marktxxl.de\/markt\/produkt\/ag378-cw\/#primaryimage","url":"https:\/\/m.media-amazon.com\/images\/I\/51KvZDwf7HL._SL500_.jpg","contentUrl":"https:\/\/m.media-amazon.com\/images\/I\/51KvZDwf7HL._SL500_.jpg","width":375,"height":500},{"@type":"BreadcrumbList","@id":"https:\/\/marktxxl.de\/markt\/produkt\/ag378-cw\/#breadcrumb","itemListElement":[{"@type":"ListItem","position":1,"name":"Startseite","item":"https:\/\/marktxxl.de\/markt\/"},{"@type":"ListItem","position":2,"name":"Markt","item":"https:\/\/marktxxl.de\/markt\/"},{"@type":"ListItem","position":3,"name":"Auraglow Kupfer Rostfreier Stahl Zweiweg Wandleuchte &#8211; 2 x LED Gl\u00fchbirne (Kaltes Wei\u00df) 7W Inbegriffen"}]},{"@type":"WebSite","@id":"https:\/\/marktxxl.de\/markt\/#website","url":"https:\/\/marktxxl.de\/markt\/","name":"Markt-XXL","description":"Ihr Markt Online","publisher":{"@id":"https:\/\/marktxxl.de\/markt\/#organization"},"potentialAction":[{"@type":"SearchAction","target":{"@type":"EntryPoint","urlTemplate":"https:\/\/marktxxl.de\/markt\/?s={search_term_string}"},"query-input":{"@type":"PropertyValueSpecification","valueRequired":true,"valueName":"search_term_string"}}],"inLanguage":"de"},{"@type":"Organization","@id":"https:\/\/marktxxl.de\/markt\/#organization","name":"Markt-XXL","url":"https:\/\/marktxxl.de\/markt\/","logo":{"@type":"ImageObject","inLanguage":"de","@id":"https:\/\/marktxxl.de\/markt\/#\/schema\/logo\/image\/","url":"https:\/\/marktxxl.de\/markt\/wp-content\/uploads\/sites\/3\/2020\/12\/logo.png","contentUrl":"https:\/\/marktxxl.de\/markt\/wp-content\/uploads\/sites\/3\/2020\/12\/logo.png","width":200,"height":70,"caption":"Markt-XXL"},"image":{"@id":"https:\/\/marktxxl.de\/markt\/#\/schema\/logo\/image\/"}}]}},"_links":{"self":[{"href":"https:\/\/marktxxl.de\/markt\/wp-json\/wp\/v2\/product\/56297","targetHints":{"allow":["GET"]}}],"collection":[{"href":"https:\/\/marktxxl.de\/markt\/wp-json\/wp\/v2\/product"}],"about":[{"href":"https:\/\/marktxxl.de\/markt\/wp-json\/wp\/v2\/types\/product"}],"replies":[{"embeddable":true,"href":"https:\/\/marktxxl.de\/markt\/wp-json\/wp\/v2\/comments?post=56297"}],"wp:featuredmedia":[{"embeddable":true,"href":"https:\/\/marktxxl.de\/markt\/wp-json\/wp\/v2\/media\/56301"}],"wp:attachment":[{"href":"https:\/\/marktxxl.de\/markt\/wp-json\/wp\/v2\/media?parent=56297"}],"wp:term":[{"taxonomy":"product_brand","embeddable":true,"href":"https:\/\/marktxxl.de\/markt\/wp-json\/wp\/v2\/product_brand?post=56297"},{"taxonomy":"product_cat","embeddable":true,"href":"https:\/\/marktxxl.de\/markt\/wp-json\/wp\/v2\/product_cat?post=56297"},{"taxonomy":"product_tag","embeddable":true,"href":"https:\/\/marktxxl.de\/markt\/wp-json\/wp\/v2\/product_tag?post=56297"}],"curies":[{"name":"wp","href":"https:\/\/api.w.org\/{rel}","templated":true}]}}