{"id":56289,"date":"2021-10-14T00:28:47","date_gmt":"2021-10-13T22:28:47","guid":{"rendered":"https:\/\/marktxxl.de\/markt\/produkt\/2er-set-led-wandlampe-up-down-schwarz-aussen-wandleuchte-ip44-aufbauleuchte-inkl-2x-led-leuchtmittel-3w-230v-gu10-warmweiss\/"},"modified":"2023-04-10T02:11:10","modified_gmt":"2023-04-10T00:11:10","slug":"2er-set-led-wandlampe-up-down-schwarz-aussen-wandleuchte-ip44-aufbauleuchte-inkl-2x-led-leuchtmittel-3w-230v-gu10-warmweiss","status":"publish","type":"product","link":"https:\/\/marktxxl.de\/markt\/produkt\/2er-set-led-wandlampe-up-down-schwarz-aussen-wandleuchte-ip44-aufbauleuchte-inkl-2x-led-leuchtmittel-3w-230v-gu10-warmweiss\/","title":{"rendered":"SSC-LUXon 2er Set LED Wandlampe up &amp; down schwarz &#8211; Au\u00dfen Wandleuchte IP44 Aufbauleuchte inkl. 2x LED Leuchtmittel 3W\u2026"},"content":{"rendered":"<p>MODERNE OPTIK: 2 schwarze Aluminium Wand Aufbauleuchten f\u00fcr den Au\u00dfenbereich IP44 in ansprechendem anthrazit-schwarzen Geh\u00e4use mit Up &amp; Down Light<br \/>\nTOP FUNKTIONEN: An der Ober- und Unterseite finden sich Glasscheiben. Somit strahlt je ein LED GU10 Leuchtmittel nach oben und unten und erzeugt somit den Up &amp; Down Effekt<br \/>\nHOCHWERTIGES DESIGN: Eckiges Alu Geh\u00e4use in schwarz gehalten sorgt f\u00fcr eine moderne Optik im Garten, auf Wegen, der Terrasse aber auch im Bad oder an der Hauswand<br \/>\nEINFACHE MONTAGE: Setzten Sie einfach die zwei LED GU10 Leuchtmittel in das Geh\u00e4use. Dieses wird direkt an 230V ohne Trafo angeschlossen. Die Wandmontage erfolgt mit Schrauben und D\u00fcbel<br \/>\nABMESSUNGEN &amp; VORTEILE: \u00dcberzeugende robuste Verarbeitungsqualit\u00e4t, hoch belastbar, Wassergesch\u00fctzt IP44 &#8211; H\u00f6he: 235mm, Breite: 110mm, Tiefe: 109mm<br \/>\n<div class=\"main-cross-sell\" data-asin=\"B07P5XZPDS\">\n\n\t<div class=\"WooZone-cross-sell-loader\">\n\t\t<div>\n\t\t\t<div id=\"floatingBarsG\">\n\t\t\t\t<div class=\"blockG\" id=\"rotateG_01\"><\/div>\n\t\t\t\t<div class=\"blockG\" id=\"rotateG_02\"><\/div>\n\t\t\t\t<div class=\"blockG\" id=\"rotateG_03\"><\/div>\n\t\t\t\t<div class=\"blockG\" id=\"rotateG_04\"><\/div>\n\t\t\t\t<div class=\"blockG\" id=\"rotateG_05\"><\/div>\n\t\t\t\t<div class=\"blockG\" id=\"rotateG_06\"><\/div>\n\t\t\t\t<div class=\"blockG\" id=\"rotateG_07\"><\/div>\n\t\t\t\t<div class=\"blockG\" id=\"rotateG_08\"><\/div>\n\t\t\t<\/div>\n\t\t\t<div class=\"WooZone-cross-sell-loader-text\"><\/div>\n\t\t<\/div>\n\t<\/div>\n\n\t\t\n<\/div>\n<div style=\"clear:both;\"><\/div><\/p>\n","protected":false},"excerpt":{"rendered":"<p>MODERNE OPTIK: 2 schwarze Aluminium Wand Aufbauleuchten f\u00fcr den Au\u00dfenbereich IP44 in ansprechendem anthrazit-schwarzen Geh\u00e4use mit Up &amp; Down Light<br \/>\nTOP FUNKTIONEN: An der Ober- und Unterseite finden sich Glasscheiben. Somit strahlt je ein LED GU10 Leuchtmittel nach oben und unten und erzeugt somit den Up &amp; Down Effekt<br \/>\nHOCHWERTIGES DESIGN: Eckiges Alu Geh\u00e4use in schwarz gehalten sorgt f\u00fcr eine moderne Optik im Garten, auf Wegen, der Terrasse aber auch im Bad oder an der Hauswand<\/p>\n","protected":false},"featured_media":56290,"comment_status":"open","ping_status":"closed","template":"","meta":[],"product_brand":[],"product_cat":[11446,2108],"product_tag":[],"class_list":{"0":"post-56289","1":"product","2":"type-product","3":"status-publish","4":"has-post-thumbnail","6":"product_cat-aussenbeleuchtung","7":"product_cat-beleuchtung","8":"pa_binding-ausruestung","9":"pa_brand-ssc-luxon","10":"pa_color-schwarz","11":"pa_height-9-25195-zoll","12":"pa_length-4-3307-zoll","13":"pa_manufacturer-ssc-luxon","14":"pa_width-43-66133-zoll","16":"first","17":"instock","18":"shipping-taxable","19":"purchasable","20":"product-type-simple","21":"customify-col","22":"product-has-gallery"},"yoast_head":"<!-- This site is optimized with the Yoast SEO plugin v27.4 - https:\/\/yoast.com\/product\/yoast-seo-wordpress\/ -->\n<title>SSC-LUXon 2er Set LED Wandlampe up &amp; down schwarz - Au\u00dfen Wandleuchte IP44 Aufbauleuchte inkl. 2x LED Leuchtmittel 3W\u2026 - Markt-XXL<\/title>\n<meta name=\"description\" content=\"Markt-XXL SSC-LUXon 2er Set LED Wandlampe up &amp; down schwarz - Au\u00dfen Wandleuchte IP44 Aufbauleuchte inkl. 2x LED Leuchtmittel 3W\u2026\" \/>\n<meta name=\"robots\" content=\"index, follow, max-snippet:-1, max-image-preview:large, max-video-preview:-1\" \/>\n<link rel=\"canonical\" href=\"https:\/\/marktxxl.de\/markt\/produkt\/2er-set-led-wandlampe-up-down-schwarz-aussen-wandleuchte-ip44-aufbauleuchte-inkl-2x-led-leuchtmittel-3w-230v-gu10-warmweiss\/\" \/>\n<meta property=\"og:locale\" content=\"de_DE\" \/>\n<meta property=\"og:type\" content=\"article\" \/>\n<meta property=\"og:title\" content=\"SSC-LUXon 2er Set LED Wandlampe up &amp; down schwarz - Au\u00dfen Wandleuchte IP44 Aufbauleuchte inkl. 2x LED Leuchtmittel 3W\u2026 - Markt-XXL\" \/>\n<meta property=\"og:description\" content=\"Markt-XXL SSC-LUXon 2er Set LED Wandlampe up &amp; down schwarz - Au\u00dfen Wandleuchte IP44 Aufbauleuchte inkl. 2x LED Leuchtmittel 3W\u2026\" \/>\n<meta property=\"og:url\" content=\"https:\/\/marktxxl.de\/markt\/produkt\/2er-set-led-wandlampe-up-down-schwarz-aussen-wandleuchte-ip44-aufbauleuchte-inkl-2x-led-leuchtmittel-3w-230v-gu10-warmweiss\/\" \/>\n<meta property=\"og:site_name\" content=\"Markt-XXL\" \/>\n<meta property=\"article:modified_time\" content=\"2023-04-10T00:11:10+00:00\" \/>\n<meta property=\"og:image\" content=\"https:\/\/m.media-amazon.com\/images\/I\/41mbtZDqFiL._SL500_.jpg\" \/>\n\t<meta property=\"og:image:width\" content=\"500\" \/>\n\t<meta property=\"og:image:height\" content=\"500\" \/>\n\t<meta property=\"og:image:type\" content=\"image\/jpeg\" \/>\n<meta name=\"twitter:card\" content=\"summary_large_image\" \/>\n<meta name=\"twitter:label1\" content=\"Gesch\u00e4tzte Lesezeit\" \/>\n\t<meta name=\"twitter:data1\" content=\"1\u00a0Minute\" \/>\n<script type=\"application\/ld+json\" class=\"yoast-schema-graph\">{\"@context\":\"https:\\\/\\\/schema.org\",\"@graph\":[{\"@type\":\"WebPage\",\"@id\":\"https:\\\/\\\/marktxxl.de\\\/markt\\\/produkt\\\/2er-set-led-wandlampe-up-down-schwarz-aussen-wandleuchte-ip44-aufbauleuchte-inkl-2x-led-leuchtmittel-3w-230v-gu10-warmweiss\\\/\",\"url\":\"https:\\\/\\\/marktxxl.de\\\/markt\\\/produkt\\\/2er-set-led-wandlampe-up-down-schwarz-aussen-wandleuchte-ip44-aufbauleuchte-inkl-2x-led-leuchtmittel-3w-230v-gu10-warmweiss\\\/\",\"name\":\"SSC-LUXon 2er Set LED Wandlampe up &amp; down schwarz - Au\u00dfen Wandleuchte IP44 Aufbauleuchte inkl. 2x LED Leuchtmittel 3W\u2026 - Markt-XXL\",\"isPartOf\":{\"@id\":\"https:\\\/\\\/marktxxl.de\\\/markt\\\/#website\"},\"primaryImageOfPage\":{\"@id\":\"https:\\\/\\\/marktxxl.de\\\/markt\\\/produkt\\\/2er-set-led-wandlampe-up-down-schwarz-aussen-wandleuchte-ip44-aufbauleuchte-inkl-2x-led-leuchtmittel-3w-230v-gu10-warmweiss\\\/#primaryimage\"},\"image\":{\"@id\":\"https:\\\/\\\/marktxxl.de\\\/markt\\\/produkt\\\/2er-set-led-wandlampe-up-down-schwarz-aussen-wandleuchte-ip44-aufbauleuchte-inkl-2x-led-leuchtmittel-3w-230v-gu10-warmweiss\\\/#primaryimage\"},\"thumbnailUrl\":\"https:\\\/\\\/m.media-amazon.com\\\/images\\\/I\\\/41mbtZDqFiL._SL500_.jpg\",\"datePublished\":\"2021-10-13T22:28:47+00:00\",\"dateModified\":\"2023-04-10T00:11:10+00:00\",\"description\":\"Markt-XXL SSC-LUXon 2er Set LED Wandlampe up &amp; down schwarz - Au\u00dfen Wandleuchte IP44 Aufbauleuchte inkl. 2x LED Leuchtmittel 3W\u2026\",\"breadcrumb\":{\"@id\":\"https:\\\/\\\/marktxxl.de\\\/markt\\\/produkt\\\/2er-set-led-wandlampe-up-down-schwarz-aussen-wandleuchte-ip44-aufbauleuchte-inkl-2x-led-leuchtmittel-3w-230v-gu10-warmweiss\\\/#breadcrumb\"},\"inLanguage\":\"de\",\"potentialAction\":[{\"@type\":\"ReadAction\",\"target\":[\"https:\\\/\\\/marktxxl.de\\\/markt\\\/produkt\\\/2er-set-led-wandlampe-up-down-schwarz-aussen-wandleuchte-ip44-aufbauleuchte-inkl-2x-led-leuchtmittel-3w-230v-gu10-warmweiss\\\/\"]}]},{\"@type\":\"ImageObject\",\"inLanguage\":\"de\",\"@id\":\"https:\\\/\\\/marktxxl.de\\\/markt\\\/produkt\\\/2er-set-led-wandlampe-up-down-schwarz-aussen-wandleuchte-ip44-aufbauleuchte-inkl-2x-led-leuchtmittel-3w-230v-gu10-warmweiss\\\/#primaryimage\",\"url\":\"https:\\\/\\\/m.media-amazon.com\\\/images\\\/I\\\/41mbtZDqFiL._SL500_.jpg\",\"contentUrl\":\"https:\\\/\\\/m.media-amazon.com\\\/images\\\/I\\\/41mbtZDqFiL._SL500_.jpg\",\"width\":500,\"height\":500},{\"@type\":\"BreadcrumbList\",\"@id\":\"https:\\\/\\\/marktxxl.de\\\/markt\\\/produkt\\\/2er-set-led-wandlampe-up-down-schwarz-aussen-wandleuchte-ip44-aufbauleuchte-inkl-2x-led-leuchtmittel-3w-230v-gu10-warmweiss\\\/#breadcrumb\",\"itemListElement\":[{\"@type\":\"ListItem\",\"position\":1,\"name\":\"Startseite\",\"item\":\"https:\\\/\\\/marktxxl.de\\\/markt\\\/\"},{\"@type\":\"ListItem\",\"position\":2,\"name\":\"Markt\",\"item\":\"https:\\\/\\\/marktxxl.de\\\/markt\\\/\"},{\"@type\":\"ListItem\",\"position\":3,\"name\":\"SSC-LUXon 2er Set LED Wandlampe up &amp; down schwarz &#8211; Au\u00dfen Wandleuchte IP44 Aufbauleuchte inkl. 2x LED Leuchtmittel 3W\u2026\"}]},{\"@type\":\"WebSite\",\"@id\":\"https:\\\/\\\/marktxxl.de\\\/markt\\\/#website\",\"url\":\"https:\\\/\\\/marktxxl.de\\\/markt\\\/\",\"name\":\"Markt-XXL\",\"description\":\"Ihr Markt Online\",\"publisher\":{\"@id\":\"https:\\\/\\\/marktxxl.de\\\/markt\\\/#organization\"},\"potentialAction\":[{\"@type\":\"SearchAction\",\"target\":{\"@type\":\"EntryPoint\",\"urlTemplate\":\"https:\\\/\\\/marktxxl.de\\\/markt\\\/?s={search_term_string}\"},\"query-input\":{\"@type\":\"PropertyValueSpecification\",\"valueRequired\":true,\"valueName\":\"search_term_string\"}}],\"inLanguage\":\"de\"},{\"@type\":\"Organization\",\"@id\":\"https:\\\/\\\/marktxxl.de\\\/markt\\\/#organization\",\"name\":\"Markt-XXL\",\"url\":\"https:\\\/\\\/marktxxl.de\\\/markt\\\/\",\"logo\":{\"@type\":\"ImageObject\",\"inLanguage\":\"de\",\"@id\":\"https:\\\/\\\/marktxxl.de\\\/markt\\\/#\\\/schema\\\/logo\\\/image\\\/\",\"url\":\"https:\\\/\\\/marktxxl.de\\\/markt\\\/wp-content\\\/uploads\\\/sites\\\/3\\\/2020\\\/12\\\/logo.png\",\"contentUrl\":\"https:\\\/\\\/marktxxl.de\\\/markt\\\/wp-content\\\/uploads\\\/sites\\\/3\\\/2020\\\/12\\\/logo.png\",\"width\":200,\"height\":70,\"caption\":\"Markt-XXL\"},\"image\":{\"@id\":\"https:\\\/\\\/marktxxl.de\\\/markt\\\/#\\\/schema\\\/logo\\\/image\\\/\"}}]}<\/script>\n<!-- \/ Yoast SEO plugin. -->","yoast_head_json":{"title":"SSC-LUXon 2er Set LED Wandlampe up &amp; down schwarz - Au\u00dfen Wandleuchte IP44 Aufbauleuchte inkl. 2x LED Leuchtmittel 3W\u2026 - Markt-XXL","description":"Markt-XXL SSC-LUXon 2er Set LED Wandlampe up &amp; down schwarz - Au\u00dfen Wandleuchte IP44 Aufbauleuchte inkl. 2x LED Leuchtmittel 3W\u2026","robots":{"index":"index","follow":"follow","max-snippet":"max-snippet:-1","max-image-preview":"max-image-preview:large","max-video-preview":"max-video-preview:-1"},"canonical":"https:\/\/marktxxl.de\/markt\/produkt\/2er-set-led-wandlampe-up-down-schwarz-aussen-wandleuchte-ip44-aufbauleuchte-inkl-2x-led-leuchtmittel-3w-230v-gu10-warmweiss\/","og_locale":"de_DE","og_type":"article","og_title":"SSC-LUXon 2er Set LED Wandlampe up &amp; down schwarz - Au\u00dfen Wandleuchte IP44 Aufbauleuchte inkl. 2x LED Leuchtmittel 3W\u2026 - Markt-XXL","og_description":"Markt-XXL SSC-LUXon 2er Set LED Wandlampe up &amp; down schwarz - Au\u00dfen Wandleuchte IP44 Aufbauleuchte inkl. 2x LED Leuchtmittel 3W\u2026","og_url":"https:\/\/marktxxl.de\/markt\/produkt\/2er-set-led-wandlampe-up-down-schwarz-aussen-wandleuchte-ip44-aufbauleuchte-inkl-2x-led-leuchtmittel-3w-230v-gu10-warmweiss\/","og_site_name":"Markt-XXL","article_modified_time":"2023-04-10T00:11:10+00:00","og_image":[{"width":500,"height":500,"url":"https:\/\/m.media-amazon.com\/images\/I\/41mbtZDqFiL._SL500_.jpg","type":"image\/jpeg"}],"twitter_card":"summary_large_image","twitter_misc":{"Gesch\u00e4tzte Lesezeit":"1\u00a0Minute"},"schema":{"@context":"https:\/\/schema.org","@graph":[{"@type":"WebPage","@id":"https:\/\/marktxxl.de\/markt\/produkt\/2er-set-led-wandlampe-up-down-schwarz-aussen-wandleuchte-ip44-aufbauleuchte-inkl-2x-led-leuchtmittel-3w-230v-gu10-warmweiss\/","url":"https:\/\/marktxxl.de\/markt\/produkt\/2er-set-led-wandlampe-up-down-schwarz-aussen-wandleuchte-ip44-aufbauleuchte-inkl-2x-led-leuchtmittel-3w-230v-gu10-warmweiss\/","name":"SSC-LUXon 2er Set LED Wandlampe up &amp; down schwarz - Au\u00dfen Wandleuchte IP44 Aufbauleuchte inkl. 2x LED Leuchtmittel 3W\u2026 - Markt-XXL","isPartOf":{"@id":"https:\/\/marktxxl.de\/markt\/#website"},"primaryImageOfPage":{"@id":"https:\/\/marktxxl.de\/markt\/produkt\/2er-set-led-wandlampe-up-down-schwarz-aussen-wandleuchte-ip44-aufbauleuchte-inkl-2x-led-leuchtmittel-3w-230v-gu10-warmweiss\/#primaryimage"},"image":{"@id":"https:\/\/marktxxl.de\/markt\/produkt\/2er-set-led-wandlampe-up-down-schwarz-aussen-wandleuchte-ip44-aufbauleuchte-inkl-2x-led-leuchtmittel-3w-230v-gu10-warmweiss\/#primaryimage"},"thumbnailUrl":"https:\/\/m.media-amazon.com\/images\/I\/41mbtZDqFiL._SL500_.jpg","datePublished":"2021-10-13T22:28:47+00:00","dateModified":"2023-04-10T00:11:10+00:00","description":"Markt-XXL SSC-LUXon 2er Set LED Wandlampe up &amp; down schwarz - Au\u00dfen Wandleuchte IP44 Aufbauleuchte inkl. 2x LED Leuchtmittel 3W\u2026","breadcrumb":{"@id":"https:\/\/marktxxl.de\/markt\/produkt\/2er-set-led-wandlampe-up-down-schwarz-aussen-wandleuchte-ip44-aufbauleuchte-inkl-2x-led-leuchtmittel-3w-230v-gu10-warmweiss\/#breadcrumb"},"inLanguage":"de","potentialAction":[{"@type":"ReadAction","target":["https:\/\/marktxxl.de\/markt\/produkt\/2er-set-led-wandlampe-up-down-schwarz-aussen-wandleuchte-ip44-aufbauleuchte-inkl-2x-led-leuchtmittel-3w-230v-gu10-warmweiss\/"]}]},{"@type":"ImageObject","inLanguage":"de","@id":"https:\/\/marktxxl.de\/markt\/produkt\/2er-set-led-wandlampe-up-down-schwarz-aussen-wandleuchte-ip44-aufbauleuchte-inkl-2x-led-leuchtmittel-3w-230v-gu10-warmweiss\/#primaryimage","url":"https:\/\/m.media-amazon.com\/images\/I\/41mbtZDqFiL._SL500_.jpg","contentUrl":"https:\/\/m.media-amazon.com\/images\/I\/41mbtZDqFiL._SL500_.jpg","width":500,"height":500},{"@type":"BreadcrumbList","@id":"https:\/\/marktxxl.de\/markt\/produkt\/2er-set-led-wandlampe-up-down-schwarz-aussen-wandleuchte-ip44-aufbauleuchte-inkl-2x-led-leuchtmittel-3w-230v-gu10-warmweiss\/#breadcrumb","itemListElement":[{"@type":"ListItem","position":1,"name":"Startseite","item":"https:\/\/marktxxl.de\/markt\/"},{"@type":"ListItem","position":2,"name":"Markt","item":"https:\/\/marktxxl.de\/markt\/"},{"@type":"ListItem","position":3,"name":"SSC-LUXon 2er Set LED Wandlampe up &amp; down schwarz &#8211; Au\u00dfen Wandleuchte IP44 Aufbauleuchte inkl. 2x LED Leuchtmittel 3W\u2026"}]},{"@type":"WebSite","@id":"https:\/\/marktxxl.de\/markt\/#website","url":"https:\/\/marktxxl.de\/markt\/","name":"Markt-XXL","description":"Ihr Markt Online","publisher":{"@id":"https:\/\/marktxxl.de\/markt\/#organization"},"potentialAction":[{"@type":"SearchAction","target":{"@type":"EntryPoint","urlTemplate":"https:\/\/marktxxl.de\/markt\/?s={search_term_string}"},"query-input":{"@type":"PropertyValueSpecification","valueRequired":true,"valueName":"search_term_string"}}],"inLanguage":"de"},{"@type":"Organization","@id":"https:\/\/marktxxl.de\/markt\/#organization","name":"Markt-XXL","url":"https:\/\/marktxxl.de\/markt\/","logo":{"@type":"ImageObject","inLanguage":"de","@id":"https:\/\/marktxxl.de\/markt\/#\/schema\/logo\/image\/","url":"https:\/\/marktxxl.de\/markt\/wp-content\/uploads\/sites\/3\/2020\/12\/logo.png","contentUrl":"https:\/\/marktxxl.de\/markt\/wp-content\/uploads\/sites\/3\/2020\/12\/logo.png","width":200,"height":70,"caption":"Markt-XXL"},"image":{"@id":"https:\/\/marktxxl.de\/markt\/#\/schema\/logo\/image\/"}}]}},"_links":{"self":[{"href":"https:\/\/marktxxl.de\/markt\/wp-json\/wp\/v2\/product\/56289","targetHints":{"allow":["GET"]}}],"collection":[{"href":"https:\/\/marktxxl.de\/markt\/wp-json\/wp\/v2\/product"}],"about":[{"href":"https:\/\/marktxxl.de\/markt\/wp-json\/wp\/v2\/types\/product"}],"replies":[{"embeddable":true,"href":"https:\/\/marktxxl.de\/markt\/wp-json\/wp\/v2\/comments?post=56289"}],"wp:featuredmedia":[{"embeddable":true,"href":"https:\/\/marktxxl.de\/markt\/wp-json\/wp\/v2\/media\/56290"}],"wp:attachment":[{"href":"https:\/\/marktxxl.de\/markt\/wp-json\/wp\/v2\/media?parent=56289"}],"wp:term":[{"taxonomy":"product_brand","embeddable":true,"href":"https:\/\/marktxxl.de\/markt\/wp-json\/wp\/v2\/product_brand?post=56289"},{"taxonomy":"product_cat","embeddable":true,"href":"https:\/\/marktxxl.de\/markt\/wp-json\/wp\/v2\/product_cat?post=56289"},{"taxonomy":"product_tag","embeddable":true,"href":"https:\/\/marktxxl.de\/markt\/wp-json\/wp\/v2\/product_tag?post=56289"}],"curies":[{"name":"wp","href":"https:\/\/api.w.org\/{rel}","templated":true}]}}