{"id":56281,"date":"2021-10-14T00:28:45","date_gmt":"2021-10-13T22:28:45","guid":{"rendered":"https:\/\/marktxxl.de\/markt\/produkt\/solar-flammenlicht-opamoo-96-led-solarleuchten-garten-ip65-wasserdicht-solarlampe-garten-fackeln-aussen-solar-gartenleuchten-solar-fackel-mit-realistischen-flammen-automatische-ein-aus-2-stueck\/"},"modified":"2023-04-10T02:11:10","modified_gmt":"2023-04-10T00:11:10","slug":"solar-flammenlicht-opamoo-96-led-solarleuchten-garten-ip65-wasserdicht-solarlampe-garten-fackeln-aussen-solar-gartenleuchten-solar-fackel-mit-realistischen-flammen-automatische-ein-aus-2-stueck","status":"publish","type":"product","link":"https:\/\/marktxxl.de\/markt\/produkt\/solar-flammenlicht-opamoo-96-led-solarleuchten-garten-ip65-wasserdicht-solarlampe-garten-fackeln-aussen-solar-gartenleuchten-solar-fackel-mit-realistischen-flammen-automatische-ein-aus-2-stueck\/","title":{"rendered":"OPAMOO Solar Flammenlicht, 96 LED Solarleuchten Garten IP65 Wasserdicht Solarlampe Garten Fackeln Au\u00dfen Solar\u2026"},"content":{"rendered":"<p>?\u3010Anwendung\u3011Gro\u00dfe Solar Flammenlicht f\u00fcr Garten im Freien. Weit verbreitet in Garten, Terrasse, Hochzeit, Party, Garten, Auffahrt zur Beleuchtung oder Dekoration beim Camping, Grillfest, Erntedankfest, Halloween, Weihnachten und anderen Anl\u00e4ssen.<br \/>\n?\u3010Tanzflammen-Design \u3011opamoo Solarleuchte Garten mit 96 LEDs bietet Ihnen einen realistischen flackernden Flammen Effekt. Jede Leuchte flackert warme gelbe Lichter, imitiert extrem realistische und nat\u00fcrliche Tanzflammen. Bringen Sie eine angenehme Atmosph\u00e4re f\u00fcr Ihre Party!<br \/>\n?\u3010Solarbetrieben\u3011Dieses Solar Flammenlicht sammelt den ganzen Tag Sonnenenergie unter direktem Sonnenlicht und schaltet sich dann automatisch in der Abendd\u00e4mmerung ein. Das Licht wird mit Solarenergie betrieben, sodass Sie es \u00fcberall direktem Sonnenlicht aussetzen k\u00f6nnen!<br \/>\n?\u3010IP65 Wasserdicht\u3011Sowohl das obere Solarpanel als auch der Lampenschirm bestehen aus wasserdichtem IP65-Material, kann es weiterarbeiten, trotz aller verschiedener Wetterbedingungen, ohne sich um Regen, Schneefall und Zuckerguss sorgen zu m\u00fcssen, was f\u00fcr den Au\u00dfenbereich geeignet ist.<br \/>\n?\u3010Einfache Installation\u3011Keine Verkabelung erforderlich. Legen Sie einfach das Solarflammenlicht in Ihren Rasen, Wand, Ihren Blumentopf oder sogar die Sonnenschirmunterseite. Es absorbiert tags\u00fcber Sonnenlicht und schaltet sich nachts automatisch ein. Ausgestattet mit 2200mAh Li-Ion-Akku, kann es mehr als 10 Stunden nach voll aufgeladenen leuchten.<br \/>\n<div class=\"main-cross-sell\" data-asin=\"B08TC2Z96F\">\n\n\t<div class=\"WooZone-cross-sell-loader\">\n\t\t<div>\n\t\t\t<div id=\"floatingBarsG\">\n\t\t\t\t<div class=\"blockG\" id=\"rotateG_01\"><\/div>\n\t\t\t\t<div class=\"blockG\" id=\"rotateG_02\"><\/div>\n\t\t\t\t<div class=\"blockG\" id=\"rotateG_03\"><\/div>\n\t\t\t\t<div class=\"blockG\" id=\"rotateG_04\"><\/div>\n\t\t\t\t<div class=\"blockG\" id=\"rotateG_05\"><\/div>\n\t\t\t\t<div class=\"blockG\" id=\"rotateG_06\"><\/div>\n\t\t\t\t<div class=\"blockG\" id=\"rotateG_07\"><\/div>\n\t\t\t\t<div class=\"blockG\" id=\"rotateG_08\"><\/div>\n\t\t\t<\/div>\n\t\t\t<div class=\"WooZone-cross-sell-loader-text\"><\/div>\n\t\t<\/div>\n\t<\/div>\n\n\t\t\n<\/div>\n<div style=\"clear:both;\"><\/div><\/p>\n","protected":false},"excerpt":{"rendered":"<p>?\u3010Anwendung\u3011Gro\u00dfe Solar Flammenlicht f\u00fcr Garten im Freien. Weit verbreitet in Garten, Terrasse, Hochzeit, Party, Garten, Auffahrt zur Beleuchtung oder Dekoration beim Camping, Grillfest, Erntedankfest, Halloween, Weihnachten und anderen Anl\u00e4ssen.<br \/>\n?\u3010Tanzflammen-Design \u3011opamoo Solarleuchte Garten mit 96 LEDs bietet Ihnen einen realistischen flackernden Flammen Effekt. Jede Leuchte flackert warme gelbe Lichter, imitiert extrem realistische und nat\u00fcrliche Tanzflammen. Bringen Sie eine angenehme Atmosph\u00e4re f\u00fcr Ihre Party!<br \/>\n?\u3010Solarbetrieben\u3011Dieses Solar Flammenlicht sammelt den ganzen Tag Sonnenenergie unter direktem Sonnenlicht und schaltet sich dann automatisch in der Abendd\u00e4mmerung ein. Das Licht wird mit Solarenergie betrieben, sodass Sie es \u00fcberall direktem Sonnenlicht aussetzen k\u00f6nnen!<\/p>\n","protected":false},"featured_media":56282,"comment_status":"open","ping_status":"closed","template":"","meta":[],"product_brand":[],"product_cat":[11446,2108],"product_tag":[],"class_list":{"0":"post-56281","1":"product","2":"type-product","3":"status-publish","4":"has-post-thumbnail","6":"product_cat-aussenbeleuchtung","7":"product_cat-beleuchtung","8":"pa_brand-opamoo","9":"pa_color-schwarz","10":"pa_manufacturer-opamoo","12":"first","13":"instock","14":"shipping-taxable","15":"purchasable","16":"product-type-simple","17":"customify-col","18":"product-has-gallery"},"yoast_head":"<!-- This site is optimized with the Yoast SEO plugin v27.4 - https:\/\/yoast.com\/product\/yoast-seo-wordpress\/ -->\n<title>OPAMOO Solar Flammenlicht, 96 LED Solarleuchten Garten IP65 Wasserdicht Solarlampe Garten Fackeln Au\u00dfen Solar\u2026 - Markt-XXL<\/title>\n<meta name=\"description\" content=\"Markt-XXL OPAMOO Solar Flammenlicht, 96 LED Solarleuchten Garten IP65 Wasserdicht Solarlampe Garten Fackeln Au\u00dfen Solar\u2026\" \/>\n<meta name=\"robots\" content=\"index, follow, max-snippet:-1, max-image-preview:large, max-video-preview:-1\" \/>\n<link rel=\"canonical\" href=\"https:\/\/marktxxl.de\/markt\/produkt\/solar-flammenlicht-opamoo-96-led-solarleuchten-garten-ip65-wasserdicht-solarlampe-garten-fackeln-aussen-solar-gartenleuchten-solar-fackel-mit-realistischen-flammen-automatische-ein-aus-2-stueck\/\" \/>\n<meta property=\"og:locale\" content=\"de_DE\" \/>\n<meta property=\"og:type\" content=\"article\" \/>\n<meta property=\"og:title\" content=\"OPAMOO Solar Flammenlicht, 96 LED Solarleuchten Garten IP65 Wasserdicht Solarlampe Garten Fackeln Au\u00dfen Solar\u2026 - Markt-XXL\" \/>\n<meta property=\"og:description\" content=\"Markt-XXL OPAMOO Solar Flammenlicht, 96 LED Solarleuchten Garten IP65 Wasserdicht Solarlampe Garten Fackeln Au\u00dfen Solar\u2026\" \/>\n<meta property=\"og:url\" content=\"https:\/\/marktxxl.de\/markt\/produkt\/solar-flammenlicht-opamoo-96-led-solarleuchten-garten-ip65-wasserdicht-solarlampe-garten-fackeln-aussen-solar-gartenleuchten-solar-fackel-mit-realistischen-flammen-automatische-ein-aus-2-stueck\/\" \/>\n<meta property=\"og:site_name\" content=\"Markt-XXL\" \/>\n<meta property=\"article:modified_time\" content=\"2023-04-10T00:11:10+00:00\" \/>\n<meta property=\"og:image\" content=\"https:\/\/m.media-amazon.com\/images\/I\/51NpdNYlqbL._SL500_.jpg\" \/>\n\t<meta property=\"og:image:width\" content=\"500\" \/>\n\t<meta property=\"og:image:height\" content=\"500\" \/>\n\t<meta property=\"og:image:type\" content=\"image\/jpeg\" \/>\n<meta name=\"twitter:card\" content=\"summary_large_image\" \/>\n<meta name=\"twitter:label1\" content=\"Gesch\u00e4tzte Lesezeit\" \/>\n\t<meta name=\"twitter:data1\" content=\"1\u00a0Minute\" \/>\n<script type=\"application\/ld+json\" class=\"yoast-schema-graph\">{\"@context\":\"https:\\\/\\\/schema.org\",\"@graph\":[{\"@type\":\"WebPage\",\"@id\":\"https:\\\/\\\/marktxxl.de\\\/markt\\\/produkt\\\/solar-flammenlicht-opamoo-96-led-solarleuchten-garten-ip65-wasserdicht-solarlampe-garten-fackeln-aussen-solar-gartenleuchten-solar-fackel-mit-realistischen-flammen-automatische-ein-aus-2-stueck\\\/\",\"url\":\"https:\\\/\\\/marktxxl.de\\\/markt\\\/produkt\\\/solar-flammenlicht-opamoo-96-led-solarleuchten-garten-ip65-wasserdicht-solarlampe-garten-fackeln-aussen-solar-gartenleuchten-solar-fackel-mit-realistischen-flammen-automatische-ein-aus-2-stueck\\\/\",\"name\":\"OPAMOO Solar Flammenlicht, 96 LED Solarleuchten Garten IP65 Wasserdicht Solarlampe Garten Fackeln Au\u00dfen Solar\u2026 - Markt-XXL\",\"isPartOf\":{\"@id\":\"https:\\\/\\\/marktxxl.de\\\/markt\\\/#website\"},\"primaryImageOfPage\":{\"@id\":\"https:\\\/\\\/marktxxl.de\\\/markt\\\/produkt\\\/solar-flammenlicht-opamoo-96-led-solarleuchten-garten-ip65-wasserdicht-solarlampe-garten-fackeln-aussen-solar-gartenleuchten-solar-fackel-mit-realistischen-flammen-automatische-ein-aus-2-stueck\\\/#primaryimage\"},\"image\":{\"@id\":\"https:\\\/\\\/marktxxl.de\\\/markt\\\/produkt\\\/solar-flammenlicht-opamoo-96-led-solarleuchten-garten-ip65-wasserdicht-solarlampe-garten-fackeln-aussen-solar-gartenleuchten-solar-fackel-mit-realistischen-flammen-automatische-ein-aus-2-stueck\\\/#primaryimage\"},\"thumbnailUrl\":\"https:\\\/\\\/m.media-amazon.com\\\/images\\\/I\\\/51NpdNYlqbL._SL500_.jpg\",\"datePublished\":\"2021-10-13T22:28:45+00:00\",\"dateModified\":\"2023-04-10T00:11:10+00:00\",\"description\":\"Markt-XXL OPAMOO Solar Flammenlicht, 96 LED Solarleuchten Garten IP65 Wasserdicht Solarlampe Garten Fackeln Au\u00dfen Solar\u2026\",\"breadcrumb\":{\"@id\":\"https:\\\/\\\/marktxxl.de\\\/markt\\\/produkt\\\/solar-flammenlicht-opamoo-96-led-solarleuchten-garten-ip65-wasserdicht-solarlampe-garten-fackeln-aussen-solar-gartenleuchten-solar-fackel-mit-realistischen-flammen-automatische-ein-aus-2-stueck\\\/#breadcrumb\"},\"inLanguage\":\"de\",\"potentialAction\":[{\"@type\":\"ReadAction\",\"target\":[\"https:\\\/\\\/marktxxl.de\\\/markt\\\/produkt\\\/solar-flammenlicht-opamoo-96-led-solarleuchten-garten-ip65-wasserdicht-solarlampe-garten-fackeln-aussen-solar-gartenleuchten-solar-fackel-mit-realistischen-flammen-automatische-ein-aus-2-stueck\\\/\"]}]},{\"@type\":\"ImageObject\",\"inLanguage\":\"de\",\"@id\":\"https:\\\/\\\/marktxxl.de\\\/markt\\\/produkt\\\/solar-flammenlicht-opamoo-96-led-solarleuchten-garten-ip65-wasserdicht-solarlampe-garten-fackeln-aussen-solar-gartenleuchten-solar-fackel-mit-realistischen-flammen-automatische-ein-aus-2-stueck\\\/#primaryimage\",\"url\":\"https:\\\/\\\/m.media-amazon.com\\\/images\\\/I\\\/51NpdNYlqbL._SL500_.jpg\",\"contentUrl\":\"https:\\\/\\\/m.media-amazon.com\\\/images\\\/I\\\/51NpdNYlqbL._SL500_.jpg\",\"width\":500,\"height\":500},{\"@type\":\"BreadcrumbList\",\"@id\":\"https:\\\/\\\/marktxxl.de\\\/markt\\\/produkt\\\/solar-flammenlicht-opamoo-96-led-solarleuchten-garten-ip65-wasserdicht-solarlampe-garten-fackeln-aussen-solar-gartenleuchten-solar-fackel-mit-realistischen-flammen-automatische-ein-aus-2-stueck\\\/#breadcrumb\",\"itemListElement\":[{\"@type\":\"ListItem\",\"position\":1,\"name\":\"Startseite\",\"item\":\"https:\\\/\\\/marktxxl.de\\\/markt\\\/\"},{\"@type\":\"ListItem\",\"position\":2,\"name\":\"Markt\",\"item\":\"https:\\\/\\\/marktxxl.de\\\/markt\\\/\"},{\"@type\":\"ListItem\",\"position\":3,\"name\":\"OPAMOO Solar Flammenlicht, 96 LED Solarleuchten Garten IP65 Wasserdicht Solarlampe Garten Fackeln Au\u00dfen Solar\u2026\"}]},{\"@type\":\"WebSite\",\"@id\":\"https:\\\/\\\/marktxxl.de\\\/markt\\\/#website\",\"url\":\"https:\\\/\\\/marktxxl.de\\\/markt\\\/\",\"name\":\"Markt-XXL\",\"description\":\"Ihr Markt Online\",\"publisher\":{\"@id\":\"https:\\\/\\\/marktxxl.de\\\/markt\\\/#organization\"},\"potentialAction\":[{\"@type\":\"SearchAction\",\"target\":{\"@type\":\"EntryPoint\",\"urlTemplate\":\"https:\\\/\\\/marktxxl.de\\\/markt\\\/?s={search_term_string}\"},\"query-input\":{\"@type\":\"PropertyValueSpecification\",\"valueRequired\":true,\"valueName\":\"search_term_string\"}}],\"inLanguage\":\"de\"},{\"@type\":\"Organization\",\"@id\":\"https:\\\/\\\/marktxxl.de\\\/markt\\\/#organization\",\"name\":\"Markt-XXL\",\"url\":\"https:\\\/\\\/marktxxl.de\\\/markt\\\/\",\"logo\":{\"@type\":\"ImageObject\",\"inLanguage\":\"de\",\"@id\":\"https:\\\/\\\/marktxxl.de\\\/markt\\\/#\\\/schema\\\/logo\\\/image\\\/\",\"url\":\"https:\\\/\\\/marktxxl.de\\\/markt\\\/wp-content\\\/uploads\\\/sites\\\/3\\\/2020\\\/12\\\/logo.png\",\"contentUrl\":\"https:\\\/\\\/marktxxl.de\\\/markt\\\/wp-content\\\/uploads\\\/sites\\\/3\\\/2020\\\/12\\\/logo.png\",\"width\":200,\"height\":70,\"caption\":\"Markt-XXL\"},\"image\":{\"@id\":\"https:\\\/\\\/marktxxl.de\\\/markt\\\/#\\\/schema\\\/logo\\\/image\\\/\"}}]}<\/script>\n<!-- \/ Yoast SEO plugin. -->","yoast_head_json":{"title":"OPAMOO Solar Flammenlicht, 96 LED Solarleuchten Garten IP65 Wasserdicht Solarlampe Garten Fackeln Au\u00dfen Solar\u2026 - Markt-XXL","description":"Markt-XXL OPAMOO Solar Flammenlicht, 96 LED Solarleuchten Garten IP65 Wasserdicht Solarlampe Garten Fackeln Au\u00dfen Solar\u2026","robots":{"index":"index","follow":"follow","max-snippet":"max-snippet:-1","max-image-preview":"max-image-preview:large","max-video-preview":"max-video-preview:-1"},"canonical":"https:\/\/marktxxl.de\/markt\/produkt\/solar-flammenlicht-opamoo-96-led-solarleuchten-garten-ip65-wasserdicht-solarlampe-garten-fackeln-aussen-solar-gartenleuchten-solar-fackel-mit-realistischen-flammen-automatische-ein-aus-2-stueck\/","og_locale":"de_DE","og_type":"article","og_title":"OPAMOO Solar Flammenlicht, 96 LED Solarleuchten Garten IP65 Wasserdicht Solarlampe Garten Fackeln Au\u00dfen Solar\u2026 - Markt-XXL","og_description":"Markt-XXL OPAMOO Solar Flammenlicht, 96 LED Solarleuchten Garten IP65 Wasserdicht Solarlampe Garten Fackeln Au\u00dfen Solar\u2026","og_url":"https:\/\/marktxxl.de\/markt\/produkt\/solar-flammenlicht-opamoo-96-led-solarleuchten-garten-ip65-wasserdicht-solarlampe-garten-fackeln-aussen-solar-gartenleuchten-solar-fackel-mit-realistischen-flammen-automatische-ein-aus-2-stueck\/","og_site_name":"Markt-XXL","article_modified_time":"2023-04-10T00:11:10+00:00","og_image":[{"width":500,"height":500,"url":"https:\/\/m.media-amazon.com\/images\/I\/51NpdNYlqbL._SL500_.jpg","type":"image\/jpeg"}],"twitter_card":"summary_large_image","twitter_misc":{"Gesch\u00e4tzte Lesezeit":"1\u00a0Minute"},"schema":{"@context":"https:\/\/schema.org","@graph":[{"@type":"WebPage","@id":"https:\/\/marktxxl.de\/markt\/produkt\/solar-flammenlicht-opamoo-96-led-solarleuchten-garten-ip65-wasserdicht-solarlampe-garten-fackeln-aussen-solar-gartenleuchten-solar-fackel-mit-realistischen-flammen-automatische-ein-aus-2-stueck\/","url":"https:\/\/marktxxl.de\/markt\/produkt\/solar-flammenlicht-opamoo-96-led-solarleuchten-garten-ip65-wasserdicht-solarlampe-garten-fackeln-aussen-solar-gartenleuchten-solar-fackel-mit-realistischen-flammen-automatische-ein-aus-2-stueck\/","name":"OPAMOO Solar Flammenlicht, 96 LED Solarleuchten Garten IP65 Wasserdicht Solarlampe Garten Fackeln Au\u00dfen Solar\u2026 - Markt-XXL","isPartOf":{"@id":"https:\/\/marktxxl.de\/markt\/#website"},"primaryImageOfPage":{"@id":"https:\/\/marktxxl.de\/markt\/produkt\/solar-flammenlicht-opamoo-96-led-solarleuchten-garten-ip65-wasserdicht-solarlampe-garten-fackeln-aussen-solar-gartenleuchten-solar-fackel-mit-realistischen-flammen-automatische-ein-aus-2-stueck\/#primaryimage"},"image":{"@id":"https:\/\/marktxxl.de\/markt\/produkt\/solar-flammenlicht-opamoo-96-led-solarleuchten-garten-ip65-wasserdicht-solarlampe-garten-fackeln-aussen-solar-gartenleuchten-solar-fackel-mit-realistischen-flammen-automatische-ein-aus-2-stueck\/#primaryimage"},"thumbnailUrl":"https:\/\/m.media-amazon.com\/images\/I\/51NpdNYlqbL._SL500_.jpg","datePublished":"2021-10-13T22:28:45+00:00","dateModified":"2023-04-10T00:11:10+00:00","description":"Markt-XXL OPAMOO Solar Flammenlicht, 96 LED Solarleuchten Garten IP65 Wasserdicht Solarlampe Garten Fackeln Au\u00dfen Solar\u2026","breadcrumb":{"@id":"https:\/\/marktxxl.de\/markt\/produkt\/solar-flammenlicht-opamoo-96-led-solarleuchten-garten-ip65-wasserdicht-solarlampe-garten-fackeln-aussen-solar-gartenleuchten-solar-fackel-mit-realistischen-flammen-automatische-ein-aus-2-stueck\/#breadcrumb"},"inLanguage":"de","potentialAction":[{"@type":"ReadAction","target":["https:\/\/marktxxl.de\/markt\/produkt\/solar-flammenlicht-opamoo-96-led-solarleuchten-garten-ip65-wasserdicht-solarlampe-garten-fackeln-aussen-solar-gartenleuchten-solar-fackel-mit-realistischen-flammen-automatische-ein-aus-2-stueck\/"]}]},{"@type":"ImageObject","inLanguage":"de","@id":"https:\/\/marktxxl.de\/markt\/produkt\/solar-flammenlicht-opamoo-96-led-solarleuchten-garten-ip65-wasserdicht-solarlampe-garten-fackeln-aussen-solar-gartenleuchten-solar-fackel-mit-realistischen-flammen-automatische-ein-aus-2-stueck\/#primaryimage","url":"https:\/\/m.media-amazon.com\/images\/I\/51NpdNYlqbL._SL500_.jpg","contentUrl":"https:\/\/m.media-amazon.com\/images\/I\/51NpdNYlqbL._SL500_.jpg","width":500,"height":500},{"@type":"BreadcrumbList","@id":"https:\/\/marktxxl.de\/markt\/produkt\/solar-flammenlicht-opamoo-96-led-solarleuchten-garten-ip65-wasserdicht-solarlampe-garten-fackeln-aussen-solar-gartenleuchten-solar-fackel-mit-realistischen-flammen-automatische-ein-aus-2-stueck\/#breadcrumb","itemListElement":[{"@type":"ListItem","position":1,"name":"Startseite","item":"https:\/\/marktxxl.de\/markt\/"},{"@type":"ListItem","position":2,"name":"Markt","item":"https:\/\/marktxxl.de\/markt\/"},{"@type":"ListItem","position":3,"name":"OPAMOO Solar Flammenlicht, 96 LED Solarleuchten Garten IP65 Wasserdicht Solarlampe Garten Fackeln Au\u00dfen Solar\u2026"}]},{"@type":"WebSite","@id":"https:\/\/marktxxl.de\/markt\/#website","url":"https:\/\/marktxxl.de\/markt\/","name":"Markt-XXL","description":"Ihr Markt Online","publisher":{"@id":"https:\/\/marktxxl.de\/markt\/#organization"},"potentialAction":[{"@type":"SearchAction","target":{"@type":"EntryPoint","urlTemplate":"https:\/\/marktxxl.de\/markt\/?s={search_term_string}"},"query-input":{"@type":"PropertyValueSpecification","valueRequired":true,"valueName":"search_term_string"}}],"inLanguage":"de"},{"@type":"Organization","@id":"https:\/\/marktxxl.de\/markt\/#organization","name":"Markt-XXL","url":"https:\/\/marktxxl.de\/markt\/","logo":{"@type":"ImageObject","inLanguage":"de","@id":"https:\/\/marktxxl.de\/markt\/#\/schema\/logo\/image\/","url":"https:\/\/marktxxl.de\/markt\/wp-content\/uploads\/sites\/3\/2020\/12\/logo.png","contentUrl":"https:\/\/marktxxl.de\/markt\/wp-content\/uploads\/sites\/3\/2020\/12\/logo.png","width":200,"height":70,"caption":"Markt-XXL"},"image":{"@id":"https:\/\/marktxxl.de\/markt\/#\/schema\/logo\/image\/"}}]}},"_links":{"self":[{"href":"https:\/\/marktxxl.de\/markt\/wp-json\/wp\/v2\/product\/56281","targetHints":{"allow":["GET"]}}],"collection":[{"href":"https:\/\/marktxxl.de\/markt\/wp-json\/wp\/v2\/product"}],"about":[{"href":"https:\/\/marktxxl.de\/markt\/wp-json\/wp\/v2\/types\/product"}],"replies":[{"embeddable":true,"href":"https:\/\/marktxxl.de\/markt\/wp-json\/wp\/v2\/comments?post=56281"}],"wp:featuredmedia":[{"embeddable":true,"href":"https:\/\/marktxxl.de\/markt\/wp-json\/wp\/v2\/media\/56282"}],"wp:attachment":[{"href":"https:\/\/marktxxl.de\/markt\/wp-json\/wp\/v2\/media?parent=56281"}],"wp:term":[{"taxonomy":"product_brand","embeddable":true,"href":"https:\/\/marktxxl.de\/markt\/wp-json\/wp\/v2\/product_brand?post=56281"},{"taxonomy":"product_cat","embeddable":true,"href":"https:\/\/marktxxl.de\/markt\/wp-json\/wp\/v2\/product_cat?post=56281"},{"taxonomy":"product_tag","embeddable":true,"href":"https:\/\/marktxxl.de\/markt\/wp-json\/wp\/v2\/product_tag?post=56281"}],"curies":[{"name":"wp","href":"https:\/\/api.w.org\/{rel}","templated":true}]}}