{"id":56273,"date":"2021-10-14T00:28:43","date_gmt":"2021-10-13T22:28:43","guid":{"rendered":"https:\/\/marktxxl.de\/markt\/produkt\/led-campinglampe-yfw-usb-wiederaufladbar-camping-laterne-3-helligkeiten-stufenlos-dimmbar-eingebauter-starker-magnet-mit-5200mah-power-bank-lichtzeit-255-stunden-und-sos-notfall-strobe-funktion\/"},"modified":"2023-04-10T02:11:10","modified_gmt":"2023-04-10T00:11:10","slug":"led-campinglampe-yfw-usb-wiederaufladbar-camping-laterne-3-helligkeiten-stufenlos-dimmbar-eingebauter-starker-magnet-mit-5200mah-power-bank-lichtzeit-255-stunden-und-sos-notfall-strobe-funktion","status":"publish","type":"product","link":"https:\/\/marktxxl.de\/markt\/produkt\/led-campinglampe-yfw-usb-wiederaufladbar-camping-laterne-3-helligkeiten-stufenlos-dimmbar-eingebauter-starker-magnet-mit-5200mah-power-bank-lichtzeit-255-stunden-und-sos-notfall-strobe-funktion\/","title":{"rendered":"LED Campinglampe, YFW USB Wiederaufladbar Camping Laterne, 3 Helligkeiten Stufenlos Dimmbar, eingebauter starker Magnet\u2026"},"content":{"rendered":"<p>\u30104 Lichtmodi\u3011 Campinglampe mit wei\u00dfer, warmer Farbe und nat\u00fcrlicher Farbe. Perfekter Einsatz in allen dunklen Szenen, insbesondere f\u00fcr Indoor, Camping, Picknick, Wandern, Nachtangeln, Jagen usw. Dar\u00fcber hinaus kann der blinkend rote Modus als klarer visueller Alarm-SOS verwendet werden<br \/>\n\u3010Einzigartige Beleuchtungsfunktion\u3011 LED-Lampe mit einzigartiger stufenloser Dimmfunktion. Von der niedrigsten bis zur h\u00f6chsten Helligkeit k\u00f6nnen Sie die gew\u00fcnschte Helligkeit und Lichtfarbe sowie die Speicherfunktion f\u00fcr die Helligkeit der hellen Farben einstellen<br \/>\n\u3010Lange Beleuchtungszeit\u3011 Wiederaufladbare Campingleuchten sind in eine 5200-mAh-Powerbank eingebaut, k\u00f6nnen selbst bei bester Helligkeitseinstellung 20 Stunden halten, leuchten 255 Stunden bei schwachem Licht und k\u00f6nnen Ihr Handy und andere Ger\u00e4te beim Wandern oder Camping aufladen<br \/>\n\u3010St\u00e4rkere Magnete und Hakendesign\u3011 Die Campinglaterne verf\u00fcgt \u00fcber einen eingebauten Magneten, der am Motor, an der Unterseite des Autos oder an anderen Stellen. Mit einem Haken k\u00f6nnen Sie ihn an ein Zelt, einen Ast oder einen St\u00e4nder h\u00e4ngen<br \/>\n\u3010Leichtes und flexibles Design\u3011 Gewicht nur f\u00fcr 184 g, tragbar und langlebig, \u00e4u\u00dferst handlich und platzsparend, Und LED Laterne hat die IP66-Zertifizierung f\u00fcr wasserdicht und staubdicht bestanden<br \/>\n<div class=\"main-cross-sell\" data-asin=\"B08R3L6XCY\">\n\n\t<div class=\"WooZone-cross-sell-loader\">\n\t\t<div>\n\t\t\t<div id=\"floatingBarsG\">\n\t\t\t\t<div class=\"blockG\" id=\"rotateG_01\"><\/div>\n\t\t\t\t<div class=\"blockG\" id=\"rotateG_02\"><\/div>\n\t\t\t\t<div class=\"blockG\" id=\"rotateG_03\"><\/div>\n\t\t\t\t<div class=\"blockG\" id=\"rotateG_04\"><\/div>\n\t\t\t\t<div class=\"blockG\" id=\"rotateG_05\"><\/div>\n\t\t\t\t<div class=\"blockG\" id=\"rotateG_06\"><\/div>\n\t\t\t\t<div class=\"blockG\" id=\"rotateG_07\"><\/div>\n\t\t\t\t<div class=\"blockG\" id=\"rotateG_08\"><\/div>\n\t\t\t<\/div>\n\t\t\t<div class=\"WooZone-cross-sell-loader-text\"><\/div>\n\t\t<\/div>\n\t<\/div>\n\n\t\t\n<\/div>\n<div style=\"clear:both;\"><\/div><\/p>\n","protected":false},"excerpt":{"rendered":"<p>\u30104 Lichtmodi\u3011 Campinglampe mit wei\u00dfer, warmer Farbe und nat\u00fcrlicher Farbe. Perfekter Einsatz in allen dunklen Szenen, insbesondere f\u00fcr Indoor, Camping, Picknick, Wandern, Nachtangeln, Jagen usw. Dar\u00fcber hinaus kann der blinkend rote Modus als klarer visueller Alarm-SOS verwendet werden<br \/>\n\u3010Einzigartige Beleuchtungsfunktion\u3011 LED-Lampe mit einzigartiger stufenloser Dimmfunktion. Von der niedrigsten bis zur h\u00f6chsten Helligkeit k\u00f6nnen Sie die gew\u00fcnschte Helligkeit und Lichtfarbe sowie die Speicherfunktion f\u00fcr die Helligkeit der hellen Farben einstellen<br \/>\n\u3010Lange Beleuchtungszeit\u3011 Wiederaufladbare Campingleuchten sind in eine 5200-mAh-Powerbank eingebaut, k\u00f6nnen selbst bei bester Helligkeitseinstellung 20 Stunden halten, leuchten 255 Stunden bei schwachem Licht und k\u00f6nnen Ihr Handy und andere Ger\u00e4te beim Wandern oder Camping aufladen<\/p>\n","protected":false},"featured_media":56274,"comment_status":"open","ping_status":"closed","template":"","meta":[],"product_brand":[],"product_cat":[11446,2108],"product_tag":[],"class_list":{"0":"post-56273","1":"product","2":"type-product","3":"status-publish","4":"has-post-thumbnail","6":"product_cat-aussenbeleuchtung","7":"product_cat-beleuchtung","8":"pa_brand-yfw","9":"pa_color-white-b","10":"pa_manufacturer-yfw","11":"pa_weight-0-440924524-pfund","13":"first","14":"instock","15":"shipping-taxable","16":"purchasable","17":"product-type-simple","18":"customify-col","19":"product-has-gallery"},"yoast_head":"<!-- This site is optimized with the Yoast SEO plugin v27.4 - https:\/\/yoast.com\/product\/yoast-seo-wordpress\/ -->\n<title>LED Campinglampe, YFW USB Wiederaufladbar Camping Laterne, 3 Helligkeiten Stufenlos Dimmbar, eingebauter starker Magnet\u2026 - Markt-XXL<\/title>\n<meta name=\"description\" content=\"Markt-XXL LED Campinglampe, YFW USB Wiederaufladbar Camping Laterne, 3 Helligkeiten Stufenlos Dimmbar, eingebauter starker Magnet\u2026\" \/>\n<meta name=\"robots\" content=\"index, follow, max-snippet:-1, max-image-preview:large, max-video-preview:-1\" \/>\n<link rel=\"canonical\" href=\"https:\/\/marktxxl.de\/markt\/produkt\/led-campinglampe-yfw-usb-wiederaufladbar-camping-laterne-3-helligkeiten-stufenlos-dimmbar-eingebauter-starker-magnet-mit-5200mah-power-bank-lichtzeit-255-stunden-und-sos-notfall-strobe-funktion\/\" \/>\n<meta property=\"og:locale\" content=\"de_DE\" \/>\n<meta property=\"og:type\" content=\"article\" \/>\n<meta property=\"og:title\" content=\"LED Campinglampe, YFW USB Wiederaufladbar Camping Laterne, 3 Helligkeiten Stufenlos Dimmbar, eingebauter starker Magnet\u2026 - Markt-XXL\" \/>\n<meta property=\"og:description\" content=\"Markt-XXL LED Campinglampe, YFW USB Wiederaufladbar Camping Laterne, 3 Helligkeiten Stufenlos Dimmbar, eingebauter starker Magnet\u2026\" \/>\n<meta property=\"og:url\" content=\"https:\/\/marktxxl.de\/markt\/produkt\/led-campinglampe-yfw-usb-wiederaufladbar-camping-laterne-3-helligkeiten-stufenlos-dimmbar-eingebauter-starker-magnet-mit-5200mah-power-bank-lichtzeit-255-stunden-und-sos-notfall-strobe-funktion\/\" \/>\n<meta property=\"og:site_name\" content=\"Markt-XXL\" \/>\n<meta property=\"article:modified_time\" content=\"2023-04-10T00:11:10+00:00\" \/>\n<meta property=\"og:image\" content=\"https:\/\/m.media-amazon.com\/images\/I\/41N7bCBo3rL._SL500_.jpg\" \/>\n\t<meta property=\"og:image:width\" content=\"493\" \/>\n\t<meta property=\"og:image:height\" content=\"500\" \/>\n\t<meta property=\"og:image:type\" content=\"image\/jpeg\" \/>\n<meta name=\"twitter:card\" content=\"summary_large_image\" \/>\n<meta name=\"twitter:label1\" content=\"Gesch\u00e4tzte Lesezeit\" \/>\n\t<meta name=\"twitter:data1\" content=\"1\u00a0Minute\" \/>\n<script type=\"application\/ld+json\" class=\"yoast-schema-graph\">{\"@context\":\"https:\\\/\\\/schema.org\",\"@graph\":[{\"@type\":\"WebPage\",\"@id\":\"https:\\\/\\\/marktxxl.de\\\/markt\\\/produkt\\\/led-campinglampe-yfw-usb-wiederaufladbar-camping-laterne-3-helligkeiten-stufenlos-dimmbar-eingebauter-starker-magnet-mit-5200mah-power-bank-lichtzeit-255-stunden-und-sos-notfall-strobe-funktion\\\/\",\"url\":\"https:\\\/\\\/marktxxl.de\\\/markt\\\/produkt\\\/led-campinglampe-yfw-usb-wiederaufladbar-camping-laterne-3-helligkeiten-stufenlos-dimmbar-eingebauter-starker-magnet-mit-5200mah-power-bank-lichtzeit-255-stunden-und-sos-notfall-strobe-funktion\\\/\",\"name\":\"LED Campinglampe, YFW USB Wiederaufladbar Camping Laterne, 3 Helligkeiten Stufenlos Dimmbar, eingebauter starker Magnet\u2026 - Markt-XXL\",\"isPartOf\":{\"@id\":\"https:\\\/\\\/marktxxl.de\\\/markt\\\/#website\"},\"primaryImageOfPage\":{\"@id\":\"https:\\\/\\\/marktxxl.de\\\/markt\\\/produkt\\\/led-campinglampe-yfw-usb-wiederaufladbar-camping-laterne-3-helligkeiten-stufenlos-dimmbar-eingebauter-starker-magnet-mit-5200mah-power-bank-lichtzeit-255-stunden-und-sos-notfall-strobe-funktion\\\/#primaryimage\"},\"image\":{\"@id\":\"https:\\\/\\\/marktxxl.de\\\/markt\\\/produkt\\\/led-campinglampe-yfw-usb-wiederaufladbar-camping-laterne-3-helligkeiten-stufenlos-dimmbar-eingebauter-starker-magnet-mit-5200mah-power-bank-lichtzeit-255-stunden-und-sos-notfall-strobe-funktion\\\/#primaryimage\"},\"thumbnailUrl\":\"https:\\\/\\\/m.media-amazon.com\\\/images\\\/I\\\/41N7bCBo3rL._SL500_.jpg\",\"datePublished\":\"2021-10-13T22:28:43+00:00\",\"dateModified\":\"2023-04-10T00:11:10+00:00\",\"description\":\"Markt-XXL LED Campinglampe, YFW USB Wiederaufladbar Camping Laterne, 3 Helligkeiten Stufenlos Dimmbar, eingebauter starker Magnet\u2026\",\"breadcrumb\":{\"@id\":\"https:\\\/\\\/marktxxl.de\\\/markt\\\/produkt\\\/led-campinglampe-yfw-usb-wiederaufladbar-camping-laterne-3-helligkeiten-stufenlos-dimmbar-eingebauter-starker-magnet-mit-5200mah-power-bank-lichtzeit-255-stunden-und-sos-notfall-strobe-funktion\\\/#breadcrumb\"},\"inLanguage\":\"de\",\"potentialAction\":[{\"@type\":\"ReadAction\",\"target\":[\"https:\\\/\\\/marktxxl.de\\\/markt\\\/produkt\\\/led-campinglampe-yfw-usb-wiederaufladbar-camping-laterne-3-helligkeiten-stufenlos-dimmbar-eingebauter-starker-magnet-mit-5200mah-power-bank-lichtzeit-255-stunden-und-sos-notfall-strobe-funktion\\\/\"]}]},{\"@type\":\"ImageObject\",\"inLanguage\":\"de\",\"@id\":\"https:\\\/\\\/marktxxl.de\\\/markt\\\/produkt\\\/led-campinglampe-yfw-usb-wiederaufladbar-camping-laterne-3-helligkeiten-stufenlos-dimmbar-eingebauter-starker-magnet-mit-5200mah-power-bank-lichtzeit-255-stunden-und-sos-notfall-strobe-funktion\\\/#primaryimage\",\"url\":\"https:\\\/\\\/m.media-amazon.com\\\/images\\\/I\\\/41N7bCBo3rL._SL500_.jpg\",\"contentUrl\":\"https:\\\/\\\/m.media-amazon.com\\\/images\\\/I\\\/41N7bCBo3rL._SL500_.jpg\",\"width\":493,\"height\":500},{\"@type\":\"BreadcrumbList\",\"@id\":\"https:\\\/\\\/marktxxl.de\\\/markt\\\/produkt\\\/led-campinglampe-yfw-usb-wiederaufladbar-camping-laterne-3-helligkeiten-stufenlos-dimmbar-eingebauter-starker-magnet-mit-5200mah-power-bank-lichtzeit-255-stunden-und-sos-notfall-strobe-funktion\\\/#breadcrumb\",\"itemListElement\":[{\"@type\":\"ListItem\",\"position\":1,\"name\":\"Startseite\",\"item\":\"https:\\\/\\\/marktxxl.de\\\/markt\\\/\"},{\"@type\":\"ListItem\",\"position\":2,\"name\":\"Markt\",\"item\":\"https:\\\/\\\/marktxxl.de\\\/markt\\\/\"},{\"@type\":\"ListItem\",\"position\":3,\"name\":\"LED Campinglampe, YFW USB Wiederaufladbar Camping Laterne, 3 Helligkeiten Stufenlos Dimmbar, eingebauter starker Magnet\u2026\"}]},{\"@type\":\"WebSite\",\"@id\":\"https:\\\/\\\/marktxxl.de\\\/markt\\\/#website\",\"url\":\"https:\\\/\\\/marktxxl.de\\\/markt\\\/\",\"name\":\"Markt-XXL\",\"description\":\"Ihr Markt Online\",\"publisher\":{\"@id\":\"https:\\\/\\\/marktxxl.de\\\/markt\\\/#organization\"},\"potentialAction\":[{\"@type\":\"SearchAction\",\"target\":{\"@type\":\"EntryPoint\",\"urlTemplate\":\"https:\\\/\\\/marktxxl.de\\\/markt\\\/?s={search_term_string}\"},\"query-input\":{\"@type\":\"PropertyValueSpecification\",\"valueRequired\":true,\"valueName\":\"search_term_string\"}}],\"inLanguage\":\"de\"},{\"@type\":\"Organization\",\"@id\":\"https:\\\/\\\/marktxxl.de\\\/markt\\\/#organization\",\"name\":\"Markt-XXL\",\"url\":\"https:\\\/\\\/marktxxl.de\\\/markt\\\/\",\"logo\":{\"@type\":\"ImageObject\",\"inLanguage\":\"de\",\"@id\":\"https:\\\/\\\/marktxxl.de\\\/markt\\\/#\\\/schema\\\/logo\\\/image\\\/\",\"url\":\"https:\\\/\\\/marktxxl.de\\\/markt\\\/wp-content\\\/uploads\\\/sites\\\/3\\\/2020\\\/12\\\/logo.png\",\"contentUrl\":\"https:\\\/\\\/marktxxl.de\\\/markt\\\/wp-content\\\/uploads\\\/sites\\\/3\\\/2020\\\/12\\\/logo.png\",\"width\":200,\"height\":70,\"caption\":\"Markt-XXL\"},\"image\":{\"@id\":\"https:\\\/\\\/marktxxl.de\\\/markt\\\/#\\\/schema\\\/logo\\\/image\\\/\"}}]}<\/script>\n<!-- \/ Yoast SEO plugin. -->","yoast_head_json":{"title":"LED Campinglampe, YFW USB Wiederaufladbar Camping Laterne, 3 Helligkeiten Stufenlos Dimmbar, eingebauter starker Magnet\u2026 - Markt-XXL","description":"Markt-XXL LED Campinglampe, YFW USB Wiederaufladbar Camping Laterne, 3 Helligkeiten Stufenlos Dimmbar, eingebauter starker Magnet\u2026","robots":{"index":"index","follow":"follow","max-snippet":"max-snippet:-1","max-image-preview":"max-image-preview:large","max-video-preview":"max-video-preview:-1"},"canonical":"https:\/\/marktxxl.de\/markt\/produkt\/led-campinglampe-yfw-usb-wiederaufladbar-camping-laterne-3-helligkeiten-stufenlos-dimmbar-eingebauter-starker-magnet-mit-5200mah-power-bank-lichtzeit-255-stunden-und-sos-notfall-strobe-funktion\/","og_locale":"de_DE","og_type":"article","og_title":"LED Campinglampe, YFW USB Wiederaufladbar Camping Laterne, 3 Helligkeiten Stufenlos Dimmbar, eingebauter starker Magnet\u2026 - Markt-XXL","og_description":"Markt-XXL LED Campinglampe, YFW USB Wiederaufladbar Camping Laterne, 3 Helligkeiten Stufenlos Dimmbar, eingebauter starker Magnet\u2026","og_url":"https:\/\/marktxxl.de\/markt\/produkt\/led-campinglampe-yfw-usb-wiederaufladbar-camping-laterne-3-helligkeiten-stufenlos-dimmbar-eingebauter-starker-magnet-mit-5200mah-power-bank-lichtzeit-255-stunden-und-sos-notfall-strobe-funktion\/","og_site_name":"Markt-XXL","article_modified_time":"2023-04-10T00:11:10+00:00","og_image":[{"width":493,"height":500,"url":"https:\/\/m.media-amazon.com\/images\/I\/41N7bCBo3rL._SL500_.jpg","type":"image\/jpeg"}],"twitter_card":"summary_large_image","twitter_misc":{"Gesch\u00e4tzte Lesezeit":"1\u00a0Minute"},"schema":{"@context":"https:\/\/schema.org","@graph":[{"@type":"WebPage","@id":"https:\/\/marktxxl.de\/markt\/produkt\/led-campinglampe-yfw-usb-wiederaufladbar-camping-laterne-3-helligkeiten-stufenlos-dimmbar-eingebauter-starker-magnet-mit-5200mah-power-bank-lichtzeit-255-stunden-und-sos-notfall-strobe-funktion\/","url":"https:\/\/marktxxl.de\/markt\/produkt\/led-campinglampe-yfw-usb-wiederaufladbar-camping-laterne-3-helligkeiten-stufenlos-dimmbar-eingebauter-starker-magnet-mit-5200mah-power-bank-lichtzeit-255-stunden-und-sos-notfall-strobe-funktion\/","name":"LED Campinglampe, YFW USB Wiederaufladbar Camping Laterne, 3 Helligkeiten Stufenlos Dimmbar, eingebauter starker Magnet\u2026 - Markt-XXL","isPartOf":{"@id":"https:\/\/marktxxl.de\/markt\/#website"},"primaryImageOfPage":{"@id":"https:\/\/marktxxl.de\/markt\/produkt\/led-campinglampe-yfw-usb-wiederaufladbar-camping-laterne-3-helligkeiten-stufenlos-dimmbar-eingebauter-starker-magnet-mit-5200mah-power-bank-lichtzeit-255-stunden-und-sos-notfall-strobe-funktion\/#primaryimage"},"image":{"@id":"https:\/\/marktxxl.de\/markt\/produkt\/led-campinglampe-yfw-usb-wiederaufladbar-camping-laterne-3-helligkeiten-stufenlos-dimmbar-eingebauter-starker-magnet-mit-5200mah-power-bank-lichtzeit-255-stunden-und-sos-notfall-strobe-funktion\/#primaryimage"},"thumbnailUrl":"https:\/\/m.media-amazon.com\/images\/I\/41N7bCBo3rL._SL500_.jpg","datePublished":"2021-10-13T22:28:43+00:00","dateModified":"2023-04-10T00:11:10+00:00","description":"Markt-XXL LED Campinglampe, YFW USB Wiederaufladbar Camping Laterne, 3 Helligkeiten Stufenlos Dimmbar, eingebauter starker Magnet\u2026","breadcrumb":{"@id":"https:\/\/marktxxl.de\/markt\/produkt\/led-campinglampe-yfw-usb-wiederaufladbar-camping-laterne-3-helligkeiten-stufenlos-dimmbar-eingebauter-starker-magnet-mit-5200mah-power-bank-lichtzeit-255-stunden-und-sos-notfall-strobe-funktion\/#breadcrumb"},"inLanguage":"de","potentialAction":[{"@type":"ReadAction","target":["https:\/\/marktxxl.de\/markt\/produkt\/led-campinglampe-yfw-usb-wiederaufladbar-camping-laterne-3-helligkeiten-stufenlos-dimmbar-eingebauter-starker-magnet-mit-5200mah-power-bank-lichtzeit-255-stunden-und-sos-notfall-strobe-funktion\/"]}]},{"@type":"ImageObject","inLanguage":"de","@id":"https:\/\/marktxxl.de\/markt\/produkt\/led-campinglampe-yfw-usb-wiederaufladbar-camping-laterne-3-helligkeiten-stufenlos-dimmbar-eingebauter-starker-magnet-mit-5200mah-power-bank-lichtzeit-255-stunden-und-sos-notfall-strobe-funktion\/#primaryimage","url":"https:\/\/m.media-amazon.com\/images\/I\/41N7bCBo3rL._SL500_.jpg","contentUrl":"https:\/\/m.media-amazon.com\/images\/I\/41N7bCBo3rL._SL500_.jpg","width":493,"height":500},{"@type":"BreadcrumbList","@id":"https:\/\/marktxxl.de\/markt\/produkt\/led-campinglampe-yfw-usb-wiederaufladbar-camping-laterne-3-helligkeiten-stufenlos-dimmbar-eingebauter-starker-magnet-mit-5200mah-power-bank-lichtzeit-255-stunden-und-sos-notfall-strobe-funktion\/#breadcrumb","itemListElement":[{"@type":"ListItem","position":1,"name":"Startseite","item":"https:\/\/marktxxl.de\/markt\/"},{"@type":"ListItem","position":2,"name":"Markt","item":"https:\/\/marktxxl.de\/markt\/"},{"@type":"ListItem","position":3,"name":"LED Campinglampe, YFW USB Wiederaufladbar Camping Laterne, 3 Helligkeiten Stufenlos Dimmbar, eingebauter starker Magnet\u2026"}]},{"@type":"WebSite","@id":"https:\/\/marktxxl.de\/markt\/#website","url":"https:\/\/marktxxl.de\/markt\/","name":"Markt-XXL","description":"Ihr Markt Online","publisher":{"@id":"https:\/\/marktxxl.de\/markt\/#organization"},"potentialAction":[{"@type":"SearchAction","target":{"@type":"EntryPoint","urlTemplate":"https:\/\/marktxxl.de\/markt\/?s={search_term_string}"},"query-input":{"@type":"PropertyValueSpecification","valueRequired":true,"valueName":"search_term_string"}}],"inLanguage":"de"},{"@type":"Organization","@id":"https:\/\/marktxxl.de\/markt\/#organization","name":"Markt-XXL","url":"https:\/\/marktxxl.de\/markt\/","logo":{"@type":"ImageObject","inLanguage":"de","@id":"https:\/\/marktxxl.de\/markt\/#\/schema\/logo\/image\/","url":"https:\/\/marktxxl.de\/markt\/wp-content\/uploads\/sites\/3\/2020\/12\/logo.png","contentUrl":"https:\/\/marktxxl.de\/markt\/wp-content\/uploads\/sites\/3\/2020\/12\/logo.png","width":200,"height":70,"caption":"Markt-XXL"},"image":{"@id":"https:\/\/marktxxl.de\/markt\/#\/schema\/logo\/image\/"}}]}},"_links":{"self":[{"href":"https:\/\/marktxxl.de\/markt\/wp-json\/wp\/v2\/product\/56273","targetHints":{"allow":["GET"]}}],"collection":[{"href":"https:\/\/marktxxl.de\/markt\/wp-json\/wp\/v2\/product"}],"about":[{"href":"https:\/\/marktxxl.de\/markt\/wp-json\/wp\/v2\/types\/product"}],"replies":[{"embeddable":true,"href":"https:\/\/marktxxl.de\/markt\/wp-json\/wp\/v2\/comments?post=56273"}],"wp:featuredmedia":[{"embeddable":true,"href":"https:\/\/marktxxl.de\/markt\/wp-json\/wp\/v2\/media\/56274"}],"wp:attachment":[{"href":"https:\/\/marktxxl.de\/markt\/wp-json\/wp\/v2\/media?parent=56273"}],"wp:term":[{"taxonomy":"product_brand","embeddable":true,"href":"https:\/\/marktxxl.de\/markt\/wp-json\/wp\/v2\/product_brand?post=56273"},{"taxonomy":"product_cat","embeddable":true,"href":"https:\/\/marktxxl.de\/markt\/wp-json\/wp\/v2\/product_cat?post=56273"},{"taxonomy":"product_tag","embeddable":true,"href":"https:\/\/marktxxl.de\/markt\/wp-json\/wp\/v2\/product_tag?post=56273"}],"curies":[{"name":"wp","href":"https:\/\/api.w.org\/{rel}","templated":true}]}}