{"id":56261,"date":"2021-10-14T00:28:41","date_gmt":"2021-10-13T22:28:41","guid":{"rendered":"https:\/\/marktxxl.de\/markt\/produkt\/led-kerzen-100-stueck-flammenlose-flackernde-teelichter\/"},"modified":"2023-04-10T02:11:10","modified_gmt":"2023-04-10T00:11:10","slug":"led-kerzen-100-stueck-flammenlose-flackernde-teelichter","status":"publish","type":"product","link":"https:\/\/marktxxl.de\/markt\/produkt\/led-kerzen-100-stueck-flammenlose-flackernde-teelichter\/","title":{"rendered":"AGPTEK DE1XS 100 St\u00fcck LED Plies CR2032 Flackernde Kerze Teelicht wei\u00df Flamme Dekoration Weihnachten Hochzeit Halloween\u2026"},"content":{"rendered":"<p>\u27a4 \u3010Flackernde flammenlose elektrische Kerzen\u3011 Diese LED flachen Heizkerzen flackern wie echte Kerzen. Der Effekt unterscheidet sich nicht von einer echten Kerze, daher ist es sparsamer, weil Sie sie mehrmals anz\u00fcnden k\u00f6nnen.<br \/>\n\u27a4\u3010Sichere LED-Teelichter\u3011 Flackernde Teelichter, die realistisch und hell aussehen wie echte Kerzen, aber sie haben keine Flamme, keine Hitze, kein hei\u00dfes Wachs, kein Rauch, diese Teelichter LED batteriebetriebene Geschirr sind sowohl sicher als auch gut f\u00fcr Familien mit Kindern oder Haustieren. Flammenlose Kerzen stellen keine Brandgefahr dar und Kinder k\u00f6nnen sie auch verwenden<br \/>\n\u27a4 \u3010Breite Anwendung\u3011 Diese flackernden Kerzen ohne Flamme Warmwei\u00df sind so romantisch und sch\u00f6n, dass Sie sie zu jeder Gelegenheit oder Party setzen k\u00f6nnen, Sie k\u00f6nnen sie als leuchtende Dekoration in Hochzeit, Weihnachten, Halloween, Geburtstag usw. verwenden. Und je mehr die falschen Kerzen sind das Licht aus Garten, Terrasse, Restaurant.<br \/>\n\u27a4 \u3010LED-Kerzen 100 St\u00fcck mit Batterie\u3011 Diese LED-Kerzen werden mit 100 CR2032-Batterien geliefert, die eine Lebensdauer von mehr als 70 Stunden haben. Es ist einfach, die Batterien zu ersetzen &#8211; dr\u00fccken Sie einfach den Schalter unten und legen Sie die Batterie wieder ein. Der Durchmesser und die H\u00f6he dieser gef\u00e4lschten Kerzen betr\u00e4gt 3,6 cm, was sehr praktisch f\u00fcr die Lagerung ist.<br \/>\n\u27a4 \u3010After-Sales\u3011 Diese LED-Teelichter werden streng getestet, wenn Sie irgendwelche Fragen haben, kontaktieren Sie uns bitte rechtzeitig, wir werden Ihnen eine zufriedenstellende Antwort geben, danke f\u00fcr Ihre Unterst\u00fctzung f\u00fcr unsere LED-Kerzen<br \/>\n<div class=\"main-cross-sell\" data-asin=\"B088FNFPH1\">\n\n\t<div class=\"WooZone-cross-sell-loader\">\n\t\t<div>\n\t\t\t<div id=\"floatingBarsG\">\n\t\t\t\t<div class=\"blockG\" id=\"rotateG_01\"><\/div>\n\t\t\t\t<div class=\"blockG\" id=\"rotateG_02\"><\/div>\n\t\t\t\t<div class=\"blockG\" id=\"rotateG_03\"><\/div>\n\t\t\t\t<div class=\"blockG\" id=\"rotateG_04\"><\/div>\n\t\t\t\t<div class=\"blockG\" id=\"rotateG_05\"><\/div>\n\t\t\t\t<div class=\"blockG\" id=\"rotateG_06\"><\/div>\n\t\t\t\t<div class=\"blockG\" id=\"rotateG_07\"><\/div>\n\t\t\t\t<div class=\"blockG\" id=\"rotateG_08\"><\/div>\n\t\t\t<\/div>\n\t\t\t<div class=\"WooZone-cross-sell-loader-text\"><\/div>\n\t\t<\/div>\n\t<\/div>\n\n\t\t\n<\/div>\n<div style=\"clear:both;\"><\/div><\/p>\n","protected":false},"excerpt":{"rendered":"<p>\u27a4 \u3010Flackernde flammenlose elektrische Kerzen\u3011 Diese LED flachen Heizkerzen flackern wie echte Kerzen. Der Effekt unterscheidet sich nicht von einer echten Kerze, daher ist es sparsamer, weil Sie sie mehrmals anz\u00fcnden k\u00f6nnen.<br \/>\n\u27a4\u3010Sichere LED-Teelichter\u3011 Flackernde Teelichter, die realistisch und hell aussehen wie echte Kerzen, aber sie haben keine Flamme, keine Hitze, kein hei\u00dfes Wachs, kein Rauch, diese Teelichter LED batteriebetriebene Geschirr sind sowohl sicher als auch gut f\u00fcr Familien mit Kindern oder Haustieren. Flammenlose Kerzen stellen keine Brandgefahr dar und Kinder k\u00f6nnen sie auch verwenden<br \/>\n\u27a4 \u3010Breite Anwendung\u3011 Diese flackernden Kerzen ohne Flamme Warmwei\u00df sind so romantisch und sch\u00f6n, dass Sie sie zu jeder Gelegenheit oder Party setzen k\u00f6nnen, Sie k\u00f6nnen sie als leuchtende Dekoration in Hochzeit, Weihnachten, Halloween, Geburtstag usw. verwenden. Und je mehr die falschen Kerzen sind das Licht aus Garten, Terrasse, Restaurant.<\/p>\n","protected":false},"featured_media":56263,"comment_status":"open","ping_status":"closed","template":"","meta":[],"product_brand":[],"product_cat":[11446,2108],"product_tag":[],"class_list":{"0":"post-56261","1":"product","2":"type-product","3":"status-publish","4":"has-post-thumbnail","6":"product_cat-aussenbeleuchtung","7":"product_cat-beleuchtung","8":"pa_brand-agptek","9":"pa_farbe-warmweiss","10":"pa_manufacturer-imagefront","12":"first","13":"instock","14":"shipping-taxable","15":"purchasable","16":"product-type-variable","17":"customify-col","18":"product-has-gallery"},"yoast_head":"<!-- This site is optimized with the Yoast SEO plugin v27.3 - https:\/\/yoast.com\/product\/yoast-seo-wordpress\/ -->\n<title>AGPTEK DE1XS 100 St\u00fcck LED Plies CR2032 Flackernde Kerze Teelicht wei\u00df Flamme Dekoration Weihnachten Hochzeit Halloween\u2026 - Markt-XXL<\/title>\n<meta name=\"description\" content=\"Markt-XXL AGPTEK DE1XS 100 St\u00fcck LED Plies CR2032 Flackernde Kerze Teelicht wei\u00df Flamme Dekoration Weihnachten Hochzeit Halloween\u2026\" \/>\n<meta name=\"robots\" content=\"index, follow, max-snippet:-1, max-image-preview:large, max-video-preview:-1\" \/>\n<link rel=\"canonical\" href=\"https:\/\/marktxxl.de\/markt\/produkt\/led-kerzen-100-stueck-flammenlose-flackernde-teelichter\/\" \/>\n<meta property=\"og:locale\" content=\"de_DE\" \/>\n<meta property=\"og:type\" content=\"article\" \/>\n<meta property=\"og:title\" content=\"AGPTEK DE1XS 100 St\u00fcck LED Plies CR2032 Flackernde Kerze Teelicht wei\u00df Flamme Dekoration Weihnachten Hochzeit Halloween\u2026 - Markt-XXL\" \/>\n<meta property=\"og:description\" content=\"Markt-XXL AGPTEK DE1XS 100 St\u00fcck LED Plies CR2032 Flackernde Kerze Teelicht wei\u00df Flamme Dekoration Weihnachten Hochzeit Halloween\u2026\" \/>\n<meta property=\"og:url\" content=\"https:\/\/marktxxl.de\/markt\/produkt\/led-kerzen-100-stueck-flammenlose-flackernde-teelichter\/\" \/>\n<meta property=\"og:site_name\" content=\"Markt-XXL\" \/>\n<meta property=\"article:modified_time\" content=\"2023-04-10T00:11:10+00:00\" \/>\n<meta property=\"og:image\" content=\"https:\/\/m.media-amazon.com\/images\/I\/51yAfRRhA1L._SL500_.jpg\" \/>\n\t<meta property=\"og:image:width\" content=\"500\" \/>\n\t<meta property=\"og:image:height\" content=\"500\" \/>\n\t<meta property=\"og:image:type\" content=\"image\/jpeg\" \/>\n<meta name=\"twitter:card\" content=\"summary_large_image\" \/>\n<meta name=\"twitter:label1\" content=\"Gesch\u00e4tzte Lesezeit\" \/>\n\t<meta name=\"twitter:data1\" content=\"1\u00a0Minute\" \/>\n<script type=\"application\/ld+json\" class=\"yoast-schema-graph\">{\"@context\":\"https:\\\/\\\/schema.org\",\"@graph\":[{\"@type\":\"WebPage\",\"@id\":\"https:\\\/\\\/marktxxl.de\\\/markt\\\/produkt\\\/led-kerzen-100-stueck-flammenlose-flackernde-teelichter\\\/\",\"url\":\"https:\\\/\\\/marktxxl.de\\\/markt\\\/produkt\\\/led-kerzen-100-stueck-flammenlose-flackernde-teelichter\\\/\",\"name\":\"AGPTEK DE1XS 100 St\u00fcck LED Plies CR2032 Flackernde Kerze Teelicht wei\u00df Flamme Dekoration Weihnachten Hochzeit Halloween\u2026 - Markt-XXL\",\"isPartOf\":{\"@id\":\"https:\\\/\\\/marktxxl.de\\\/markt\\\/#website\"},\"primaryImageOfPage\":{\"@id\":\"https:\\\/\\\/marktxxl.de\\\/markt\\\/produkt\\\/led-kerzen-100-stueck-flammenlose-flackernde-teelichter\\\/#primaryimage\"},\"image\":{\"@id\":\"https:\\\/\\\/marktxxl.de\\\/markt\\\/produkt\\\/led-kerzen-100-stueck-flammenlose-flackernde-teelichter\\\/#primaryimage\"},\"thumbnailUrl\":\"https:\\\/\\\/m.media-amazon.com\\\/images\\\/I\\\/51yAfRRhA1L._SL500_.jpg\",\"datePublished\":\"2021-10-13T22:28:41+00:00\",\"dateModified\":\"2023-04-10T00:11:10+00:00\",\"description\":\"Markt-XXL AGPTEK DE1XS 100 St\u00fcck LED Plies CR2032 Flackernde Kerze Teelicht wei\u00df Flamme Dekoration Weihnachten Hochzeit Halloween\u2026\",\"breadcrumb\":{\"@id\":\"https:\\\/\\\/marktxxl.de\\\/markt\\\/produkt\\\/led-kerzen-100-stueck-flammenlose-flackernde-teelichter\\\/#breadcrumb\"},\"inLanguage\":\"de\",\"potentialAction\":[{\"@type\":\"ReadAction\",\"target\":[\"https:\\\/\\\/marktxxl.de\\\/markt\\\/produkt\\\/led-kerzen-100-stueck-flammenlose-flackernde-teelichter\\\/\"]}]},{\"@type\":\"ImageObject\",\"inLanguage\":\"de\",\"@id\":\"https:\\\/\\\/marktxxl.de\\\/markt\\\/produkt\\\/led-kerzen-100-stueck-flammenlose-flackernde-teelichter\\\/#primaryimage\",\"url\":\"https:\\\/\\\/m.media-amazon.com\\\/images\\\/I\\\/51yAfRRhA1L._SL500_.jpg\",\"contentUrl\":\"https:\\\/\\\/m.media-amazon.com\\\/images\\\/I\\\/51yAfRRhA1L._SL500_.jpg\",\"width\":500,\"height\":500},{\"@type\":\"BreadcrumbList\",\"@id\":\"https:\\\/\\\/marktxxl.de\\\/markt\\\/produkt\\\/led-kerzen-100-stueck-flammenlose-flackernde-teelichter\\\/#breadcrumb\",\"itemListElement\":[{\"@type\":\"ListItem\",\"position\":1,\"name\":\"Startseite\",\"item\":\"https:\\\/\\\/marktxxl.de\\\/markt\\\/\"},{\"@type\":\"ListItem\",\"position\":2,\"name\":\"Markt\",\"item\":\"https:\\\/\\\/marktxxl.de\\\/markt\\\/\"},{\"@type\":\"ListItem\",\"position\":3,\"name\":\"AGPTEK DE1XS 100 St\u00fcck LED Plies CR2032 Flackernde Kerze Teelicht wei\u00df Flamme Dekoration Weihnachten Hochzeit Halloween\u2026\"}]},{\"@type\":\"WebSite\",\"@id\":\"https:\\\/\\\/marktxxl.de\\\/markt\\\/#website\",\"url\":\"https:\\\/\\\/marktxxl.de\\\/markt\\\/\",\"name\":\"Markt-XXL\",\"description\":\"Ihr Markt Online\",\"publisher\":{\"@id\":\"https:\\\/\\\/marktxxl.de\\\/markt\\\/#organization\"},\"potentialAction\":[{\"@type\":\"SearchAction\",\"target\":{\"@type\":\"EntryPoint\",\"urlTemplate\":\"https:\\\/\\\/marktxxl.de\\\/markt\\\/?s={search_term_string}\"},\"query-input\":{\"@type\":\"PropertyValueSpecification\",\"valueRequired\":true,\"valueName\":\"search_term_string\"}}],\"inLanguage\":\"de\"},{\"@type\":\"Organization\",\"@id\":\"https:\\\/\\\/marktxxl.de\\\/markt\\\/#organization\",\"name\":\"Markt-XXL\",\"url\":\"https:\\\/\\\/marktxxl.de\\\/markt\\\/\",\"logo\":{\"@type\":\"ImageObject\",\"inLanguage\":\"de\",\"@id\":\"https:\\\/\\\/marktxxl.de\\\/markt\\\/#\\\/schema\\\/logo\\\/image\\\/\",\"url\":\"https:\\\/\\\/marktxxl.de\\\/markt\\\/wp-content\\\/uploads\\\/sites\\\/3\\\/2020\\\/12\\\/logo.png\",\"contentUrl\":\"https:\\\/\\\/marktxxl.de\\\/markt\\\/wp-content\\\/uploads\\\/sites\\\/3\\\/2020\\\/12\\\/logo.png\",\"width\":200,\"height\":70,\"caption\":\"Markt-XXL\"},\"image\":{\"@id\":\"https:\\\/\\\/marktxxl.de\\\/markt\\\/#\\\/schema\\\/logo\\\/image\\\/\"}}]}<\/script>\n<!-- \/ Yoast SEO plugin. -->","yoast_head_json":{"title":"AGPTEK DE1XS 100 St\u00fcck LED Plies CR2032 Flackernde Kerze Teelicht wei\u00df Flamme Dekoration Weihnachten Hochzeit Halloween\u2026 - Markt-XXL","description":"Markt-XXL AGPTEK DE1XS 100 St\u00fcck LED Plies CR2032 Flackernde Kerze Teelicht wei\u00df Flamme Dekoration Weihnachten Hochzeit Halloween\u2026","robots":{"index":"index","follow":"follow","max-snippet":"max-snippet:-1","max-image-preview":"max-image-preview:large","max-video-preview":"max-video-preview:-1"},"canonical":"https:\/\/marktxxl.de\/markt\/produkt\/led-kerzen-100-stueck-flammenlose-flackernde-teelichter\/","og_locale":"de_DE","og_type":"article","og_title":"AGPTEK DE1XS 100 St\u00fcck LED Plies CR2032 Flackernde Kerze Teelicht wei\u00df Flamme Dekoration Weihnachten Hochzeit Halloween\u2026 - Markt-XXL","og_description":"Markt-XXL AGPTEK DE1XS 100 St\u00fcck LED Plies CR2032 Flackernde Kerze Teelicht wei\u00df Flamme Dekoration Weihnachten Hochzeit Halloween\u2026","og_url":"https:\/\/marktxxl.de\/markt\/produkt\/led-kerzen-100-stueck-flammenlose-flackernde-teelichter\/","og_site_name":"Markt-XXL","article_modified_time":"2023-04-10T00:11:10+00:00","og_image":[{"width":500,"height":500,"url":"https:\/\/m.media-amazon.com\/images\/I\/51yAfRRhA1L._SL500_.jpg","type":"image\/jpeg"}],"twitter_card":"summary_large_image","twitter_misc":{"Gesch\u00e4tzte Lesezeit":"1\u00a0Minute"},"schema":{"@context":"https:\/\/schema.org","@graph":[{"@type":"WebPage","@id":"https:\/\/marktxxl.de\/markt\/produkt\/led-kerzen-100-stueck-flammenlose-flackernde-teelichter\/","url":"https:\/\/marktxxl.de\/markt\/produkt\/led-kerzen-100-stueck-flammenlose-flackernde-teelichter\/","name":"AGPTEK DE1XS 100 St\u00fcck LED Plies CR2032 Flackernde Kerze Teelicht wei\u00df Flamme Dekoration Weihnachten Hochzeit Halloween\u2026 - Markt-XXL","isPartOf":{"@id":"https:\/\/marktxxl.de\/markt\/#website"},"primaryImageOfPage":{"@id":"https:\/\/marktxxl.de\/markt\/produkt\/led-kerzen-100-stueck-flammenlose-flackernde-teelichter\/#primaryimage"},"image":{"@id":"https:\/\/marktxxl.de\/markt\/produkt\/led-kerzen-100-stueck-flammenlose-flackernde-teelichter\/#primaryimage"},"thumbnailUrl":"https:\/\/m.media-amazon.com\/images\/I\/51yAfRRhA1L._SL500_.jpg","datePublished":"2021-10-13T22:28:41+00:00","dateModified":"2023-04-10T00:11:10+00:00","description":"Markt-XXL AGPTEK DE1XS 100 St\u00fcck LED Plies CR2032 Flackernde Kerze Teelicht wei\u00df Flamme Dekoration Weihnachten Hochzeit Halloween\u2026","breadcrumb":{"@id":"https:\/\/marktxxl.de\/markt\/produkt\/led-kerzen-100-stueck-flammenlose-flackernde-teelichter\/#breadcrumb"},"inLanguage":"de","potentialAction":[{"@type":"ReadAction","target":["https:\/\/marktxxl.de\/markt\/produkt\/led-kerzen-100-stueck-flammenlose-flackernde-teelichter\/"]}]},{"@type":"ImageObject","inLanguage":"de","@id":"https:\/\/marktxxl.de\/markt\/produkt\/led-kerzen-100-stueck-flammenlose-flackernde-teelichter\/#primaryimage","url":"https:\/\/m.media-amazon.com\/images\/I\/51yAfRRhA1L._SL500_.jpg","contentUrl":"https:\/\/m.media-amazon.com\/images\/I\/51yAfRRhA1L._SL500_.jpg","width":500,"height":500},{"@type":"BreadcrumbList","@id":"https:\/\/marktxxl.de\/markt\/produkt\/led-kerzen-100-stueck-flammenlose-flackernde-teelichter\/#breadcrumb","itemListElement":[{"@type":"ListItem","position":1,"name":"Startseite","item":"https:\/\/marktxxl.de\/markt\/"},{"@type":"ListItem","position":2,"name":"Markt","item":"https:\/\/marktxxl.de\/markt\/"},{"@type":"ListItem","position":3,"name":"AGPTEK DE1XS 100 St\u00fcck LED Plies CR2032 Flackernde Kerze Teelicht wei\u00df Flamme Dekoration Weihnachten Hochzeit Halloween\u2026"}]},{"@type":"WebSite","@id":"https:\/\/marktxxl.de\/markt\/#website","url":"https:\/\/marktxxl.de\/markt\/","name":"Markt-XXL","description":"Ihr Markt Online","publisher":{"@id":"https:\/\/marktxxl.de\/markt\/#organization"},"potentialAction":[{"@type":"SearchAction","target":{"@type":"EntryPoint","urlTemplate":"https:\/\/marktxxl.de\/markt\/?s={search_term_string}"},"query-input":{"@type":"PropertyValueSpecification","valueRequired":true,"valueName":"search_term_string"}}],"inLanguage":"de"},{"@type":"Organization","@id":"https:\/\/marktxxl.de\/markt\/#organization","name":"Markt-XXL","url":"https:\/\/marktxxl.de\/markt\/","logo":{"@type":"ImageObject","inLanguage":"de","@id":"https:\/\/marktxxl.de\/markt\/#\/schema\/logo\/image\/","url":"https:\/\/marktxxl.de\/markt\/wp-content\/uploads\/sites\/3\/2020\/12\/logo.png","contentUrl":"https:\/\/marktxxl.de\/markt\/wp-content\/uploads\/sites\/3\/2020\/12\/logo.png","width":200,"height":70,"caption":"Markt-XXL"},"image":{"@id":"https:\/\/marktxxl.de\/markt\/#\/schema\/logo\/image\/"}}]}},"_links":{"self":[{"href":"https:\/\/marktxxl.de\/markt\/wp-json\/wp\/v2\/product\/56261","targetHints":{"allow":["GET"]}}],"collection":[{"href":"https:\/\/marktxxl.de\/markt\/wp-json\/wp\/v2\/product"}],"about":[{"href":"https:\/\/marktxxl.de\/markt\/wp-json\/wp\/v2\/types\/product"}],"replies":[{"embeddable":true,"href":"https:\/\/marktxxl.de\/markt\/wp-json\/wp\/v2\/comments?post=56261"}],"wp:featuredmedia":[{"embeddable":true,"href":"https:\/\/marktxxl.de\/markt\/wp-json\/wp\/v2\/media\/56263"}],"wp:attachment":[{"href":"https:\/\/marktxxl.de\/markt\/wp-json\/wp\/v2\/media?parent=56261"}],"wp:term":[{"taxonomy":"product_brand","embeddable":true,"href":"https:\/\/marktxxl.de\/markt\/wp-json\/wp\/v2\/product_brand?post=56261"},{"taxonomy":"product_cat","embeddable":true,"href":"https:\/\/marktxxl.de\/markt\/wp-json\/wp\/v2\/product_cat?post=56261"},{"taxonomy":"product_tag","embeddable":true,"href":"https:\/\/marktxxl.de\/markt\/wp-json\/wp\/v2\/product_tag?post=56261"}],"curies":[{"name":"wp","href":"https:\/\/api.w.org\/{rel}","templated":true}]}}