{"id":56209,"date":"2021-10-14T00:25:07","date_gmt":"2021-10-13T22:25:07","guid":{"rendered":"https:\/\/marktxxl.de\/markt\/produkt\/olight-obulb-led-nachtlicht-wiederaufladbare-atmosphaere-nachttischlampe-mit-55-lumen-farbwechsel-dimmbare-beleuchtung-bis-zu-56-stunden-tischlampe-zum-lesenschlafen-und-dekoration\/"},"modified":"2023-04-10T02:11:10","modified_gmt":"2023-04-10T00:11:10","slug":"olight-obulb-led-nachtlicht-wiederaufladbare-atmosphaere-nachttischlampe-mit-55-lumen-farbwechsel-dimmbare-beleuchtung-bis-zu-56-stunden-tischlampe-zum-lesenschlafen-und-dekoration","status":"publish","type":"product","link":"https:\/\/marktxxl.de\/markt\/produkt\/olight-obulb-led-nachtlicht-wiederaufladbare-atmosphaere-nachttischlampe-mit-55-lumen-farbwechsel-dimmbare-beleuchtung-bis-zu-56-stunden-tischlampe-zum-lesenschlafen-und-dekoration\/","title":{"rendered":"Olight Obulb Led Nachtlicht, Wiederaufladbare Atmosph\u00e4re Nachttischlampe mit 55 Lumen, Farbwechsel &amp; Dimmbare\u2026"},"content":{"rendered":"<p>?\u3010Mehrszenen-Anwendungen\u3011Die Nachtlicht Obulb m\u00f6chte ein lieber Freund sein, der jederzeit und \u00fcberall bei Ihnen ist. Praktisch in Situationen wie Weihnachtsdekoration Au\u00dfenbeleuchtung, Notlicht, Positionsmarkierungssignal, Nachttischlampe und Stimmungslicht, die W\u00e4rme und \u00dcberraschung erzeugt.<br \/>\n?\u3010Nur 55g, Eiergr\u00f6\u00dfe\u3011Die led Nachttischlampe Obulb ist eine portable Lichtquelle in Kugelform und hat einen Durchmesser von 54 mm und wiegt nur 55 g, kompakt und leicht genug, kann mitgenommen werden.Magnetische Unterseite kann direkt auf Eisen Oberfl\u00e4che oder mit der mitgelieferten Metallplakette adsorbiert werden, kleben an der Wand, im Schrank, etc.<br \/>\n?\u30104 Modi\u3011Warmwei\u00dfes Licht (55 \/ 3,5 Lumen) und durchgehendes oder blinkendes rotes Licht (7 Lumen), hervorragend geeignet f\u00fcr generelle Beleuchtung, als Hintergrundlicht oder als Weihnachtsdekoration.Gummischalter f\u00fcr kinderfreundliche Bedienung.<br \/>\n?\u3010Lange Laufzeit\u3011Mit einem eingebauten 630-mAh-Akku und einer 2-st\u00fcndigen Schnellladung mit dem magnetischen MCC-Ladekabel hat der Obulb eine Laufzeit von bis zu 56 Stunden, so dass Sie eine entspannte Zeit genie\u00dfen k\u00f6nnen, ohne Angst vor der Stromversorgung zu haben.<br \/>\n?\u3010Hervorragendes Obulb\u3011Der Boden besteht aus einem hochtemperaturbest\u00e4ndigen Vergussverfahren, das sich angenehm anf\u00fchlt. IPX7 wasserdicht,keine Sorge vor Spritzern und Zerbrechen,Garantie: 2 Jahre.<br \/>\n<div class=\"main-cross-sell\" data-asin=\"B08Q72Y7CW\">\n\n\t<div class=\"WooZone-cross-sell-loader\">\n\t\t<div>\n\t\t\t<div id=\"floatingBarsG\">\n\t\t\t\t<div class=\"blockG\" id=\"rotateG_01\"><\/div>\n\t\t\t\t<div class=\"blockG\" id=\"rotateG_02\"><\/div>\n\t\t\t\t<div class=\"blockG\" id=\"rotateG_03\"><\/div>\n\t\t\t\t<div class=\"blockG\" id=\"rotateG_04\"><\/div>\n\t\t\t\t<div class=\"blockG\" id=\"rotateG_05\"><\/div>\n\t\t\t\t<div class=\"blockG\" id=\"rotateG_06\"><\/div>\n\t\t\t\t<div class=\"blockG\" id=\"rotateG_07\"><\/div>\n\t\t\t\t<div class=\"blockG\" id=\"rotateG_08\"><\/div>\n\t\t\t<\/div>\n\t\t\t<div class=\"WooZone-cross-sell-loader-text\"><\/div>\n\t\t<\/div>\n\t<\/div>\n\n\t\t\n<\/div>\n<div style=\"clear:both;\"><\/div><\/p>\n","protected":false},"excerpt":{"rendered":"<p>?\u3010Mehrszenen-Anwendungen\u3011Die Nachtlicht Obulb m\u00f6chte ein lieber Freund sein, der jederzeit und \u00fcberall bei Ihnen ist. Praktisch in Situationen wie Weihnachtsdekoration Au\u00dfenbeleuchtung, Notlicht, Positionsmarkierungssignal, Nachttischlampe und Stimmungslicht, die W\u00e4rme und \u00dcberraschung erzeugt.<br \/>\n?\u3010Nur 55g, Eiergr\u00f6\u00dfe\u3011Die led Nachttischlampe Obulb ist eine portable Lichtquelle in Kugelform und hat einen Durchmesser von 54 mm und wiegt nur 55 g, kompakt und leicht genug, kann mitgenommen werden.Magnetische Unterseite kann direkt auf Eisen Oberfl\u00e4che oder mit der mitgelieferten Metallplakette adsorbiert werden, kleben an der Wand, im Schrank, etc.<br \/>\n?\u30104 Modi\u3011Warmwei\u00dfes Licht (55 \/ 3,5 Lumen) und durchgehendes oder blinkendes rotes Licht (7 Lumen), hervorragend geeignet f\u00fcr generelle Beleuchtung, als Hintergrundlicht oder als Weihnachtsdekoration.Gummischalter f\u00fcr kinderfreundliche Bedienung.<\/p>\n","protected":false},"featured_media":56210,"comment_status":"open","ping_status":"closed","template":"","meta":[],"product_brand":[],"product_cat":[2108],"product_tag":[],"class_list":{"0":"post-56209","1":"product","2":"type-product","3":"status-publish","4":"has-post-thumbnail","6":"product_cat-beleuchtung","7":"pa_brand-olight","8":"pa_manufacturer-olight","10":"first","11":"instock","12":"shipping-taxable","13":"purchasable","14":"product-type-simple","15":"customify-col","16":"product-has-gallery"},"yoast_head":"<!-- This site is optimized with the Yoast SEO plugin v27.4 - https:\/\/yoast.com\/product\/yoast-seo-wordpress\/ -->\n<title>Olight Obulb Led Nachtlicht, Wiederaufladbare Atmosph\u00e4re Nachttischlampe mit 55 Lumen, Farbwechsel &amp; Dimmbare\u2026 - Markt-XXL<\/title>\n<meta name=\"description\" content=\"Markt-XXL Olight Obulb Led Nachtlicht, Wiederaufladbare Atmosph\u00e4re Nachttischlampe mit 55 Lumen, Farbwechsel &amp; Dimmbare\u2026\" \/>\n<meta name=\"robots\" content=\"index, follow, max-snippet:-1, max-image-preview:large, max-video-preview:-1\" \/>\n<link rel=\"canonical\" href=\"https:\/\/marktxxl.de\/markt\/produkt\/olight-obulb-led-nachtlicht-wiederaufladbare-atmosphaere-nachttischlampe-mit-55-lumen-farbwechsel-dimmbare-beleuchtung-bis-zu-56-stunden-tischlampe-zum-lesenschlafen-und-dekoration\/\" \/>\n<meta property=\"og:locale\" content=\"de_DE\" \/>\n<meta property=\"og:type\" content=\"article\" \/>\n<meta property=\"og:title\" content=\"Olight Obulb Led Nachtlicht, Wiederaufladbare Atmosph\u00e4re Nachttischlampe mit 55 Lumen, Farbwechsel &amp; Dimmbare\u2026 - Markt-XXL\" \/>\n<meta property=\"og:description\" content=\"Markt-XXL Olight Obulb Led Nachtlicht, Wiederaufladbare Atmosph\u00e4re Nachttischlampe mit 55 Lumen, Farbwechsel &amp; Dimmbare\u2026\" \/>\n<meta property=\"og:url\" content=\"https:\/\/marktxxl.de\/markt\/produkt\/olight-obulb-led-nachtlicht-wiederaufladbare-atmosphaere-nachttischlampe-mit-55-lumen-farbwechsel-dimmbare-beleuchtung-bis-zu-56-stunden-tischlampe-zum-lesenschlafen-und-dekoration\/\" \/>\n<meta property=\"og:site_name\" content=\"Markt-XXL\" \/>\n<meta property=\"article:modified_time\" content=\"2023-04-10T00:11:10+00:00\" \/>\n<meta property=\"og:image\" content=\"https:\/\/m.media-amazon.com\/images\/I\/31pWy-sgqHS._SL500_.jpg\" \/>\n\t<meta property=\"og:image:width\" content=\"500\" \/>\n\t<meta property=\"og:image:height\" content=\"500\" \/>\n\t<meta property=\"og:image:type\" content=\"image\/jpeg\" \/>\n<meta name=\"twitter:card\" content=\"summary_large_image\" \/>\n<meta name=\"twitter:label1\" content=\"Gesch\u00e4tzte Lesezeit\" \/>\n\t<meta name=\"twitter:data1\" content=\"1\u00a0Minute\" \/>\n<script type=\"application\/ld+json\" class=\"yoast-schema-graph\">{\"@context\":\"https:\\\/\\\/schema.org\",\"@graph\":[{\"@type\":\"WebPage\",\"@id\":\"https:\\\/\\\/marktxxl.de\\\/markt\\\/produkt\\\/olight-obulb-led-nachtlicht-wiederaufladbare-atmosphaere-nachttischlampe-mit-55-lumen-farbwechsel-dimmbare-beleuchtung-bis-zu-56-stunden-tischlampe-zum-lesenschlafen-und-dekoration\\\/\",\"url\":\"https:\\\/\\\/marktxxl.de\\\/markt\\\/produkt\\\/olight-obulb-led-nachtlicht-wiederaufladbare-atmosphaere-nachttischlampe-mit-55-lumen-farbwechsel-dimmbare-beleuchtung-bis-zu-56-stunden-tischlampe-zum-lesenschlafen-und-dekoration\\\/\",\"name\":\"Olight Obulb Led Nachtlicht, Wiederaufladbare Atmosph\u00e4re Nachttischlampe mit 55 Lumen, Farbwechsel &amp; Dimmbare\u2026 - Markt-XXL\",\"isPartOf\":{\"@id\":\"https:\\\/\\\/marktxxl.de\\\/markt\\\/#website\"},\"primaryImageOfPage\":{\"@id\":\"https:\\\/\\\/marktxxl.de\\\/markt\\\/produkt\\\/olight-obulb-led-nachtlicht-wiederaufladbare-atmosphaere-nachttischlampe-mit-55-lumen-farbwechsel-dimmbare-beleuchtung-bis-zu-56-stunden-tischlampe-zum-lesenschlafen-und-dekoration\\\/#primaryimage\"},\"image\":{\"@id\":\"https:\\\/\\\/marktxxl.de\\\/markt\\\/produkt\\\/olight-obulb-led-nachtlicht-wiederaufladbare-atmosphaere-nachttischlampe-mit-55-lumen-farbwechsel-dimmbare-beleuchtung-bis-zu-56-stunden-tischlampe-zum-lesenschlafen-und-dekoration\\\/#primaryimage\"},\"thumbnailUrl\":\"https:\\\/\\\/m.media-amazon.com\\\/images\\\/I\\\/31pWy-sgqHS._SL500_.jpg\",\"datePublished\":\"2021-10-13T22:25:07+00:00\",\"dateModified\":\"2023-04-10T00:11:10+00:00\",\"description\":\"Markt-XXL Olight Obulb Led Nachtlicht, Wiederaufladbare Atmosph\u00e4re Nachttischlampe mit 55 Lumen, Farbwechsel &amp; Dimmbare\u2026\",\"breadcrumb\":{\"@id\":\"https:\\\/\\\/marktxxl.de\\\/markt\\\/produkt\\\/olight-obulb-led-nachtlicht-wiederaufladbare-atmosphaere-nachttischlampe-mit-55-lumen-farbwechsel-dimmbare-beleuchtung-bis-zu-56-stunden-tischlampe-zum-lesenschlafen-und-dekoration\\\/#breadcrumb\"},\"inLanguage\":\"de\",\"potentialAction\":[{\"@type\":\"ReadAction\",\"target\":[\"https:\\\/\\\/marktxxl.de\\\/markt\\\/produkt\\\/olight-obulb-led-nachtlicht-wiederaufladbare-atmosphaere-nachttischlampe-mit-55-lumen-farbwechsel-dimmbare-beleuchtung-bis-zu-56-stunden-tischlampe-zum-lesenschlafen-und-dekoration\\\/\"]}]},{\"@type\":\"ImageObject\",\"inLanguage\":\"de\",\"@id\":\"https:\\\/\\\/marktxxl.de\\\/markt\\\/produkt\\\/olight-obulb-led-nachtlicht-wiederaufladbare-atmosphaere-nachttischlampe-mit-55-lumen-farbwechsel-dimmbare-beleuchtung-bis-zu-56-stunden-tischlampe-zum-lesenschlafen-und-dekoration\\\/#primaryimage\",\"url\":\"https:\\\/\\\/m.media-amazon.com\\\/images\\\/I\\\/31pWy-sgqHS._SL500_.jpg\",\"contentUrl\":\"https:\\\/\\\/m.media-amazon.com\\\/images\\\/I\\\/31pWy-sgqHS._SL500_.jpg\",\"width\":500,\"height\":500},{\"@type\":\"BreadcrumbList\",\"@id\":\"https:\\\/\\\/marktxxl.de\\\/markt\\\/produkt\\\/olight-obulb-led-nachtlicht-wiederaufladbare-atmosphaere-nachttischlampe-mit-55-lumen-farbwechsel-dimmbare-beleuchtung-bis-zu-56-stunden-tischlampe-zum-lesenschlafen-und-dekoration\\\/#breadcrumb\",\"itemListElement\":[{\"@type\":\"ListItem\",\"position\":1,\"name\":\"Startseite\",\"item\":\"https:\\\/\\\/marktxxl.de\\\/markt\\\/\"},{\"@type\":\"ListItem\",\"position\":2,\"name\":\"Markt\",\"item\":\"https:\\\/\\\/marktxxl.de\\\/markt\\\/\"},{\"@type\":\"ListItem\",\"position\":3,\"name\":\"Olight Obulb Led Nachtlicht, Wiederaufladbare Atmosph\u00e4re Nachttischlampe mit 55 Lumen, Farbwechsel &amp; Dimmbare\u2026\"}]},{\"@type\":\"WebSite\",\"@id\":\"https:\\\/\\\/marktxxl.de\\\/markt\\\/#website\",\"url\":\"https:\\\/\\\/marktxxl.de\\\/markt\\\/\",\"name\":\"Markt-XXL\",\"description\":\"Ihr Markt Online\",\"publisher\":{\"@id\":\"https:\\\/\\\/marktxxl.de\\\/markt\\\/#organization\"},\"potentialAction\":[{\"@type\":\"SearchAction\",\"target\":{\"@type\":\"EntryPoint\",\"urlTemplate\":\"https:\\\/\\\/marktxxl.de\\\/markt\\\/?s={search_term_string}\"},\"query-input\":{\"@type\":\"PropertyValueSpecification\",\"valueRequired\":true,\"valueName\":\"search_term_string\"}}],\"inLanguage\":\"de\"},{\"@type\":\"Organization\",\"@id\":\"https:\\\/\\\/marktxxl.de\\\/markt\\\/#organization\",\"name\":\"Markt-XXL\",\"url\":\"https:\\\/\\\/marktxxl.de\\\/markt\\\/\",\"logo\":{\"@type\":\"ImageObject\",\"inLanguage\":\"de\",\"@id\":\"https:\\\/\\\/marktxxl.de\\\/markt\\\/#\\\/schema\\\/logo\\\/image\\\/\",\"url\":\"https:\\\/\\\/marktxxl.de\\\/markt\\\/wp-content\\\/uploads\\\/sites\\\/3\\\/2020\\\/12\\\/logo.png\",\"contentUrl\":\"https:\\\/\\\/marktxxl.de\\\/markt\\\/wp-content\\\/uploads\\\/sites\\\/3\\\/2020\\\/12\\\/logo.png\",\"width\":200,\"height\":70,\"caption\":\"Markt-XXL\"},\"image\":{\"@id\":\"https:\\\/\\\/marktxxl.de\\\/markt\\\/#\\\/schema\\\/logo\\\/image\\\/\"}}]}<\/script>\n<!-- \/ Yoast SEO plugin. -->","yoast_head_json":{"title":"Olight Obulb Led Nachtlicht, Wiederaufladbare Atmosph\u00e4re Nachttischlampe mit 55 Lumen, Farbwechsel &amp; Dimmbare\u2026 - Markt-XXL","description":"Markt-XXL Olight Obulb Led Nachtlicht, Wiederaufladbare Atmosph\u00e4re Nachttischlampe mit 55 Lumen, Farbwechsel &amp; Dimmbare\u2026","robots":{"index":"index","follow":"follow","max-snippet":"max-snippet:-1","max-image-preview":"max-image-preview:large","max-video-preview":"max-video-preview:-1"},"canonical":"https:\/\/marktxxl.de\/markt\/produkt\/olight-obulb-led-nachtlicht-wiederaufladbare-atmosphaere-nachttischlampe-mit-55-lumen-farbwechsel-dimmbare-beleuchtung-bis-zu-56-stunden-tischlampe-zum-lesenschlafen-und-dekoration\/","og_locale":"de_DE","og_type":"article","og_title":"Olight Obulb Led Nachtlicht, Wiederaufladbare Atmosph\u00e4re Nachttischlampe mit 55 Lumen, Farbwechsel &amp; Dimmbare\u2026 - Markt-XXL","og_description":"Markt-XXL Olight Obulb Led Nachtlicht, Wiederaufladbare Atmosph\u00e4re Nachttischlampe mit 55 Lumen, Farbwechsel &amp; Dimmbare\u2026","og_url":"https:\/\/marktxxl.de\/markt\/produkt\/olight-obulb-led-nachtlicht-wiederaufladbare-atmosphaere-nachttischlampe-mit-55-lumen-farbwechsel-dimmbare-beleuchtung-bis-zu-56-stunden-tischlampe-zum-lesenschlafen-und-dekoration\/","og_site_name":"Markt-XXL","article_modified_time":"2023-04-10T00:11:10+00:00","og_image":[{"width":500,"height":500,"url":"https:\/\/m.media-amazon.com\/images\/I\/31pWy-sgqHS._SL500_.jpg","type":"image\/jpeg"}],"twitter_card":"summary_large_image","twitter_misc":{"Gesch\u00e4tzte Lesezeit":"1\u00a0Minute"},"schema":{"@context":"https:\/\/schema.org","@graph":[{"@type":"WebPage","@id":"https:\/\/marktxxl.de\/markt\/produkt\/olight-obulb-led-nachtlicht-wiederaufladbare-atmosphaere-nachttischlampe-mit-55-lumen-farbwechsel-dimmbare-beleuchtung-bis-zu-56-stunden-tischlampe-zum-lesenschlafen-und-dekoration\/","url":"https:\/\/marktxxl.de\/markt\/produkt\/olight-obulb-led-nachtlicht-wiederaufladbare-atmosphaere-nachttischlampe-mit-55-lumen-farbwechsel-dimmbare-beleuchtung-bis-zu-56-stunden-tischlampe-zum-lesenschlafen-und-dekoration\/","name":"Olight Obulb Led Nachtlicht, Wiederaufladbare Atmosph\u00e4re Nachttischlampe mit 55 Lumen, Farbwechsel &amp; Dimmbare\u2026 - Markt-XXL","isPartOf":{"@id":"https:\/\/marktxxl.de\/markt\/#website"},"primaryImageOfPage":{"@id":"https:\/\/marktxxl.de\/markt\/produkt\/olight-obulb-led-nachtlicht-wiederaufladbare-atmosphaere-nachttischlampe-mit-55-lumen-farbwechsel-dimmbare-beleuchtung-bis-zu-56-stunden-tischlampe-zum-lesenschlafen-und-dekoration\/#primaryimage"},"image":{"@id":"https:\/\/marktxxl.de\/markt\/produkt\/olight-obulb-led-nachtlicht-wiederaufladbare-atmosphaere-nachttischlampe-mit-55-lumen-farbwechsel-dimmbare-beleuchtung-bis-zu-56-stunden-tischlampe-zum-lesenschlafen-und-dekoration\/#primaryimage"},"thumbnailUrl":"https:\/\/m.media-amazon.com\/images\/I\/31pWy-sgqHS._SL500_.jpg","datePublished":"2021-10-13T22:25:07+00:00","dateModified":"2023-04-10T00:11:10+00:00","description":"Markt-XXL Olight Obulb Led Nachtlicht, Wiederaufladbare Atmosph\u00e4re Nachttischlampe mit 55 Lumen, Farbwechsel &amp; Dimmbare\u2026","breadcrumb":{"@id":"https:\/\/marktxxl.de\/markt\/produkt\/olight-obulb-led-nachtlicht-wiederaufladbare-atmosphaere-nachttischlampe-mit-55-lumen-farbwechsel-dimmbare-beleuchtung-bis-zu-56-stunden-tischlampe-zum-lesenschlafen-und-dekoration\/#breadcrumb"},"inLanguage":"de","potentialAction":[{"@type":"ReadAction","target":["https:\/\/marktxxl.de\/markt\/produkt\/olight-obulb-led-nachtlicht-wiederaufladbare-atmosphaere-nachttischlampe-mit-55-lumen-farbwechsel-dimmbare-beleuchtung-bis-zu-56-stunden-tischlampe-zum-lesenschlafen-und-dekoration\/"]}]},{"@type":"ImageObject","inLanguage":"de","@id":"https:\/\/marktxxl.de\/markt\/produkt\/olight-obulb-led-nachtlicht-wiederaufladbare-atmosphaere-nachttischlampe-mit-55-lumen-farbwechsel-dimmbare-beleuchtung-bis-zu-56-stunden-tischlampe-zum-lesenschlafen-und-dekoration\/#primaryimage","url":"https:\/\/m.media-amazon.com\/images\/I\/31pWy-sgqHS._SL500_.jpg","contentUrl":"https:\/\/m.media-amazon.com\/images\/I\/31pWy-sgqHS._SL500_.jpg","width":500,"height":500},{"@type":"BreadcrumbList","@id":"https:\/\/marktxxl.de\/markt\/produkt\/olight-obulb-led-nachtlicht-wiederaufladbare-atmosphaere-nachttischlampe-mit-55-lumen-farbwechsel-dimmbare-beleuchtung-bis-zu-56-stunden-tischlampe-zum-lesenschlafen-und-dekoration\/#breadcrumb","itemListElement":[{"@type":"ListItem","position":1,"name":"Startseite","item":"https:\/\/marktxxl.de\/markt\/"},{"@type":"ListItem","position":2,"name":"Markt","item":"https:\/\/marktxxl.de\/markt\/"},{"@type":"ListItem","position":3,"name":"Olight Obulb Led Nachtlicht, Wiederaufladbare Atmosph\u00e4re Nachttischlampe mit 55 Lumen, Farbwechsel &amp; Dimmbare\u2026"}]},{"@type":"WebSite","@id":"https:\/\/marktxxl.de\/markt\/#website","url":"https:\/\/marktxxl.de\/markt\/","name":"Markt-XXL","description":"Ihr Markt Online","publisher":{"@id":"https:\/\/marktxxl.de\/markt\/#organization"},"potentialAction":[{"@type":"SearchAction","target":{"@type":"EntryPoint","urlTemplate":"https:\/\/marktxxl.de\/markt\/?s={search_term_string}"},"query-input":{"@type":"PropertyValueSpecification","valueRequired":true,"valueName":"search_term_string"}}],"inLanguage":"de"},{"@type":"Organization","@id":"https:\/\/marktxxl.de\/markt\/#organization","name":"Markt-XXL","url":"https:\/\/marktxxl.de\/markt\/","logo":{"@type":"ImageObject","inLanguage":"de","@id":"https:\/\/marktxxl.de\/markt\/#\/schema\/logo\/image\/","url":"https:\/\/marktxxl.de\/markt\/wp-content\/uploads\/sites\/3\/2020\/12\/logo.png","contentUrl":"https:\/\/marktxxl.de\/markt\/wp-content\/uploads\/sites\/3\/2020\/12\/logo.png","width":200,"height":70,"caption":"Markt-XXL"},"image":{"@id":"https:\/\/marktxxl.de\/markt\/#\/schema\/logo\/image\/"}}]}},"_links":{"self":[{"href":"https:\/\/marktxxl.de\/markt\/wp-json\/wp\/v2\/product\/56209","targetHints":{"allow":["GET"]}}],"collection":[{"href":"https:\/\/marktxxl.de\/markt\/wp-json\/wp\/v2\/product"}],"about":[{"href":"https:\/\/marktxxl.de\/markt\/wp-json\/wp\/v2\/types\/product"}],"replies":[{"embeddable":true,"href":"https:\/\/marktxxl.de\/markt\/wp-json\/wp\/v2\/comments?post=56209"}],"wp:featuredmedia":[{"embeddable":true,"href":"https:\/\/marktxxl.de\/markt\/wp-json\/wp\/v2\/media\/56210"}],"wp:attachment":[{"href":"https:\/\/marktxxl.de\/markt\/wp-json\/wp\/v2\/media?parent=56209"}],"wp:term":[{"taxonomy":"product_brand","embeddable":true,"href":"https:\/\/marktxxl.de\/markt\/wp-json\/wp\/v2\/product_brand?post=56209"},{"taxonomy":"product_cat","embeddable":true,"href":"https:\/\/marktxxl.de\/markt\/wp-json\/wp\/v2\/product_cat?post=56209"},{"taxonomy":"product_tag","embeddable":true,"href":"https:\/\/marktxxl.de\/markt\/wp-json\/wp\/v2\/product_tag?post=56209"}],"curies":[{"name":"wp","href":"https:\/\/api.w.org\/{rel}","templated":true}]}}