{"id":56053,"date":"2021-10-14T00:23:25","date_gmt":"2021-10-13T22:23:25","guid":{"rendered":"https:\/\/marktxxl.de\/markt\/produkt\/clv-tragbare-led-arbeitsstrahler\/"},"modified":"2023-04-11T02:22:18","modified_gmt":"2023-04-11T00:22:18","slug":"clv-tragbare-led-arbeitsstrahler","status":"publish","type":"product","link":"https:\/\/marktxxl.de\/markt\/produkt\/clv-tragbare-led-arbeitsstrahler\/","title":{"rendered":"CLV Tragbare LED Arbeitsstrahler"},"content":{"rendered":"<p>\u3010Wiederaufladbare 12000-mAh-Batterie und Notstrombank\u3011 Die LED-Arbeitsleuchte Die eingebaute 12000-mAh-Batterie kann h\u00f6chstens 10 Stunden Beleuchtungszeit liefern, ohne an das Stromnetz angeschlossen zu werden. Der LED-Scheinwerfer verf\u00fcgt \u00fcber einen USB-Anschluss mit 2A Ausgang und kann auch als praktische Energiebank zum Aufladen Ihres Telefons und anderer Ger\u00e4te im Notfall dienen.<br \/>\n\u3010 Zwei Lademethoden LED-Arbeitsleuchte\u3011 USB-Laden und Solarladen, ausgestattet mit einem USB-Kabel, erm\u00f6glicht ein schnelles und bequemes Laden. Die USB-Ladezeit betr\u00e4gt ca. 8-10 Stunden. Sie k\u00f6nnen den Akku auch bei Sonnenschein aufladen, die Ladezeit ist jedoch l\u00e4nger und wird nur f\u00fcr Notf\u00e4lle verwendet.<br \/>\n\u30104 Beleuchtungsmodi und 5 Helligkeitsstufen\u3011 4 Beleuchtungsmodi (kaltes Wei\u00df \/ 6000K, nat\u00fcrliches Wei\u00df \/ 4000K, warmes Wei\u00df \/ 2700K, rotes und blaues Blinken) und 5 Helligkeitsstufen (100% -75% -50% -25% &#8211; 10%).Perfekt f\u00fcr Camping, Wandern, Angeln, Grillen, Autoreparatur und weitere Outdoor-Aktivit\u00e4ten.<br \/>\n\u3010Tragbar und um 180 \u00b0 drehbar\u3011 Die LED-Arbeitsleuchte ist schnurlos, schlank und leicht. mit einem um 180 \u00b0 verstellbaren Lampenst\u00e4nder mit magnetischer Adsorption. Es ist bequem zu tragen, am LKW oder in der Hand zu h\u00e4ngen. Auch am Boden, im Keller, in der Garage oder im Garten bei Nacht.<br \/>\n\u3010F\u00fcr viele Gelegenheiten geeignet\u3011 Die Gl\u00fchbirne ist mit einem flexiblen Griff ausgestattet. Der stabile Magnetst\u00e4nder kann an jeder Metalloberfl\u00e4che befestigt werden. Ideal zum DDringende Arbeit , Jagen, Garage und Nachtangeln ,Abenteuer oder Verwenden als Notlicht.<br \/>\n<div class=\"main-cross-sell\" data-asin=\"B092LYSDKQ\">\n\n\t<div class=\"WooZone-cross-sell-loader\">\n\t\t<div>\n\t\t\t<div id=\"floatingBarsG\">\n\t\t\t\t<div class=\"blockG\" id=\"rotateG_01\"><\/div>\n\t\t\t\t<div class=\"blockG\" id=\"rotateG_02\"><\/div>\n\t\t\t\t<div class=\"blockG\" id=\"rotateG_03\"><\/div>\n\t\t\t\t<div class=\"blockG\" id=\"rotateG_04\"><\/div>\n\t\t\t\t<div class=\"blockG\" id=\"rotateG_05\"><\/div>\n\t\t\t\t<div class=\"blockG\" id=\"rotateG_06\"><\/div>\n\t\t\t\t<div class=\"blockG\" id=\"rotateG_07\"><\/div>\n\t\t\t\t<div class=\"blockG\" id=\"rotateG_08\"><\/div>\n\t\t\t<\/div>\n\t\t\t<div class=\"WooZone-cross-sell-loader-text\"><\/div>\n\t\t<\/div>\n\t<\/div>\n\n\t\t\n<\/div>\n<div style=\"clear:both;\"><\/div><\/p>\n","protected":false},"excerpt":{"rendered":"<p>\u3010Wiederaufladbare 12000-mAh-Batterie und Notstrombank\u3011 Die LED-Arbeitsleuchte Die eingebaute 12000-mAh-Batterie kann h\u00f6chstens 10 Stunden Beleuchtungszeit liefern, ohne an das Stromnetz angeschlossen zu werden. Der LED-Scheinwerfer verf\u00fcgt \u00fcber einen USB-Anschluss mit 2A Ausgang und kann auch als praktische Energiebank zum Aufladen Ihres Telefons und anderer Ger\u00e4te im Notfall dienen.<br \/>\n\u3010 Zwei Lademethoden LED-Arbeitsleuchte\u3011 USB-Laden und Solarladen, ausgestattet mit einem USB-Kabel, erm\u00f6glicht ein schnelles und bequemes Laden. Die USB-Ladezeit betr\u00e4gt ca. 8-10 Stunden. Sie k\u00f6nnen den Akku auch bei Sonnenschein aufladen, die Ladezeit ist jedoch l\u00e4nger und wird nur f\u00fcr Notf\u00e4lle verwendet.<br \/>\n\u30104 Beleuchtungsmodi und 5 Helligkeitsstufen\u3011 4 Beleuchtungsmodi (kaltes Wei\u00df \/ 6000K, nat\u00fcrliches Wei\u00df \/ 4000K, warmes Wei\u00df \/ 2700K, rotes und blaues Blinken) und 5 Helligkeitsstufen (100% -75% -50% -25% &#8211; 10%).Perfekt f\u00fcr Camping, Wandern, Angeln, Grillen, Autoreparatur und weitere Outdoor-Aktivit\u00e4ten.<\/p>\n","protected":false},"featured_media":56056,"comment_status":"open","ping_status":"closed","template":"","meta":[],"product_brand":[],"product_cat":[11446,2108],"product_tag":[],"class_list":{"0":"post-56053","1":"product","2":"type-product","3":"status-publish","4":"has-post-thumbnail","6":"product_cat-aussenbeleuchtung","7":"product_cat-beleuchtung","8":"pa_brand-clv","9":"pa_farbe-orange","10":"pa_farbe-schwarz","11":"pa_manufacturer-clv","13":"first","14":"instock","15":"shipping-taxable","16":"purchasable","17":"product-type-variable","18":"customify-col","19":"product-has-gallery"},"yoast_head":"<!-- This site is optimized with the Yoast SEO plugin v27.3 - https:\/\/yoast.com\/product\/yoast-seo-wordpress\/ -->\n<title>CLV Tragbare LED Arbeitsstrahler - Markt-XXL<\/title>\n<meta name=\"description\" content=\"Markt-XXL CLV Tragbare LED Arbeitsstrahler\" \/>\n<meta name=\"robots\" content=\"index, follow, max-snippet:-1, max-image-preview:large, max-video-preview:-1\" \/>\n<link rel=\"canonical\" href=\"https:\/\/marktxxl.de\/markt\/produkt\/clv-tragbare-led-arbeitsstrahler\/\" \/>\n<meta property=\"og:locale\" content=\"de_DE\" \/>\n<meta property=\"og:type\" content=\"article\" \/>\n<meta property=\"og:title\" content=\"CLV Tragbare LED Arbeitsstrahler - Markt-XXL\" \/>\n<meta property=\"og:description\" content=\"Markt-XXL CLV Tragbare LED Arbeitsstrahler\" \/>\n<meta property=\"og:url\" content=\"https:\/\/marktxxl.de\/markt\/produkt\/clv-tragbare-led-arbeitsstrahler\/\" \/>\n<meta property=\"og:site_name\" content=\"Markt-XXL\" \/>\n<meta property=\"article:modified_time\" content=\"2023-04-11T00:22:18+00:00\" \/>\n<meta property=\"og:image\" content=\"https:\/\/m.media-amazon.com\/images\/I\/519xWC+IL2S._SL500_.jpg\" \/>\n\t<meta property=\"og:image:width\" content=\"500\" \/>\n\t<meta property=\"og:image:height\" content=\"500\" \/>\n\t<meta property=\"og:image:type\" content=\"image\/jpeg\" \/>\n<meta name=\"twitter:card\" content=\"summary_large_image\" \/>\n<meta name=\"twitter:label1\" content=\"Gesch\u00e4tzte Lesezeit\" \/>\n\t<meta name=\"twitter:data1\" content=\"1\u00a0Minute\" \/>\n<script type=\"application\/ld+json\" class=\"yoast-schema-graph\">{\"@context\":\"https:\\\/\\\/schema.org\",\"@graph\":[{\"@type\":\"WebPage\",\"@id\":\"https:\\\/\\\/marktxxl.de\\\/markt\\\/produkt\\\/clv-tragbare-led-arbeitsstrahler\\\/\",\"url\":\"https:\\\/\\\/marktxxl.de\\\/markt\\\/produkt\\\/clv-tragbare-led-arbeitsstrahler\\\/\",\"name\":\"CLV Tragbare LED Arbeitsstrahler - Markt-XXL\",\"isPartOf\":{\"@id\":\"https:\\\/\\\/marktxxl.de\\\/markt\\\/#website\"},\"primaryImageOfPage\":{\"@id\":\"https:\\\/\\\/marktxxl.de\\\/markt\\\/produkt\\\/clv-tragbare-led-arbeitsstrahler\\\/#primaryimage\"},\"image\":{\"@id\":\"https:\\\/\\\/marktxxl.de\\\/markt\\\/produkt\\\/clv-tragbare-led-arbeitsstrahler\\\/#primaryimage\"},\"thumbnailUrl\":\"https:\\\/\\\/m.media-amazon.com\\\/images\\\/I\\\/519xWC+IL2S._SL500_.jpg\",\"datePublished\":\"2021-10-13T22:23:25+00:00\",\"dateModified\":\"2023-04-11T00:22:18+00:00\",\"description\":\"Markt-XXL CLV Tragbare LED Arbeitsstrahler\",\"breadcrumb\":{\"@id\":\"https:\\\/\\\/marktxxl.de\\\/markt\\\/produkt\\\/clv-tragbare-led-arbeitsstrahler\\\/#breadcrumb\"},\"inLanguage\":\"de\",\"potentialAction\":[{\"@type\":\"ReadAction\",\"target\":[\"https:\\\/\\\/marktxxl.de\\\/markt\\\/produkt\\\/clv-tragbare-led-arbeitsstrahler\\\/\"]}]},{\"@type\":\"ImageObject\",\"inLanguage\":\"de\",\"@id\":\"https:\\\/\\\/marktxxl.de\\\/markt\\\/produkt\\\/clv-tragbare-led-arbeitsstrahler\\\/#primaryimage\",\"url\":\"https:\\\/\\\/m.media-amazon.com\\\/images\\\/I\\\/519xWC+IL2S._SL500_.jpg\",\"contentUrl\":\"https:\\\/\\\/m.media-amazon.com\\\/images\\\/I\\\/519xWC+IL2S._SL500_.jpg\",\"width\":500,\"height\":500},{\"@type\":\"BreadcrumbList\",\"@id\":\"https:\\\/\\\/marktxxl.de\\\/markt\\\/produkt\\\/clv-tragbare-led-arbeitsstrahler\\\/#breadcrumb\",\"itemListElement\":[{\"@type\":\"ListItem\",\"position\":1,\"name\":\"Startseite\",\"item\":\"https:\\\/\\\/marktxxl.de\\\/markt\\\/\"},{\"@type\":\"ListItem\",\"position\":2,\"name\":\"Markt\",\"item\":\"https:\\\/\\\/marktxxl.de\\\/markt\\\/\"},{\"@type\":\"ListItem\",\"position\":3,\"name\":\"CLV Tragbare LED Arbeitsstrahler\"}]},{\"@type\":\"WebSite\",\"@id\":\"https:\\\/\\\/marktxxl.de\\\/markt\\\/#website\",\"url\":\"https:\\\/\\\/marktxxl.de\\\/markt\\\/\",\"name\":\"Markt-XXL\",\"description\":\"Ihr Markt Online\",\"publisher\":{\"@id\":\"https:\\\/\\\/marktxxl.de\\\/markt\\\/#organization\"},\"potentialAction\":[{\"@type\":\"SearchAction\",\"target\":{\"@type\":\"EntryPoint\",\"urlTemplate\":\"https:\\\/\\\/marktxxl.de\\\/markt\\\/?s={search_term_string}\"},\"query-input\":{\"@type\":\"PropertyValueSpecification\",\"valueRequired\":true,\"valueName\":\"search_term_string\"}}],\"inLanguage\":\"de\"},{\"@type\":\"Organization\",\"@id\":\"https:\\\/\\\/marktxxl.de\\\/markt\\\/#organization\",\"name\":\"Markt-XXL\",\"url\":\"https:\\\/\\\/marktxxl.de\\\/markt\\\/\",\"logo\":{\"@type\":\"ImageObject\",\"inLanguage\":\"de\",\"@id\":\"https:\\\/\\\/marktxxl.de\\\/markt\\\/#\\\/schema\\\/logo\\\/image\\\/\",\"url\":\"https:\\\/\\\/marktxxl.de\\\/markt\\\/wp-content\\\/uploads\\\/sites\\\/3\\\/2020\\\/12\\\/logo.png\",\"contentUrl\":\"https:\\\/\\\/marktxxl.de\\\/markt\\\/wp-content\\\/uploads\\\/sites\\\/3\\\/2020\\\/12\\\/logo.png\",\"width\":200,\"height\":70,\"caption\":\"Markt-XXL\"},\"image\":{\"@id\":\"https:\\\/\\\/marktxxl.de\\\/markt\\\/#\\\/schema\\\/logo\\\/image\\\/\"}}]}<\/script>\n<!-- \/ Yoast SEO plugin. -->","yoast_head_json":{"title":"CLV Tragbare LED Arbeitsstrahler - Markt-XXL","description":"Markt-XXL CLV Tragbare LED Arbeitsstrahler","robots":{"index":"index","follow":"follow","max-snippet":"max-snippet:-1","max-image-preview":"max-image-preview:large","max-video-preview":"max-video-preview:-1"},"canonical":"https:\/\/marktxxl.de\/markt\/produkt\/clv-tragbare-led-arbeitsstrahler\/","og_locale":"de_DE","og_type":"article","og_title":"CLV Tragbare LED Arbeitsstrahler - Markt-XXL","og_description":"Markt-XXL CLV Tragbare LED Arbeitsstrahler","og_url":"https:\/\/marktxxl.de\/markt\/produkt\/clv-tragbare-led-arbeitsstrahler\/","og_site_name":"Markt-XXL","article_modified_time":"2023-04-11T00:22:18+00:00","og_image":[{"width":500,"height":500,"url":"https:\/\/m.media-amazon.com\/images\/I\/519xWC+IL2S._SL500_.jpg","type":"image\/jpeg"}],"twitter_card":"summary_large_image","twitter_misc":{"Gesch\u00e4tzte Lesezeit":"1\u00a0Minute"},"schema":{"@context":"https:\/\/schema.org","@graph":[{"@type":"WebPage","@id":"https:\/\/marktxxl.de\/markt\/produkt\/clv-tragbare-led-arbeitsstrahler\/","url":"https:\/\/marktxxl.de\/markt\/produkt\/clv-tragbare-led-arbeitsstrahler\/","name":"CLV Tragbare LED Arbeitsstrahler - Markt-XXL","isPartOf":{"@id":"https:\/\/marktxxl.de\/markt\/#website"},"primaryImageOfPage":{"@id":"https:\/\/marktxxl.de\/markt\/produkt\/clv-tragbare-led-arbeitsstrahler\/#primaryimage"},"image":{"@id":"https:\/\/marktxxl.de\/markt\/produkt\/clv-tragbare-led-arbeitsstrahler\/#primaryimage"},"thumbnailUrl":"https:\/\/m.media-amazon.com\/images\/I\/519xWC+IL2S._SL500_.jpg","datePublished":"2021-10-13T22:23:25+00:00","dateModified":"2023-04-11T00:22:18+00:00","description":"Markt-XXL CLV Tragbare LED Arbeitsstrahler","breadcrumb":{"@id":"https:\/\/marktxxl.de\/markt\/produkt\/clv-tragbare-led-arbeitsstrahler\/#breadcrumb"},"inLanguage":"de","potentialAction":[{"@type":"ReadAction","target":["https:\/\/marktxxl.de\/markt\/produkt\/clv-tragbare-led-arbeitsstrahler\/"]}]},{"@type":"ImageObject","inLanguage":"de","@id":"https:\/\/marktxxl.de\/markt\/produkt\/clv-tragbare-led-arbeitsstrahler\/#primaryimage","url":"https:\/\/m.media-amazon.com\/images\/I\/519xWC+IL2S._SL500_.jpg","contentUrl":"https:\/\/m.media-amazon.com\/images\/I\/519xWC+IL2S._SL500_.jpg","width":500,"height":500},{"@type":"BreadcrumbList","@id":"https:\/\/marktxxl.de\/markt\/produkt\/clv-tragbare-led-arbeitsstrahler\/#breadcrumb","itemListElement":[{"@type":"ListItem","position":1,"name":"Startseite","item":"https:\/\/marktxxl.de\/markt\/"},{"@type":"ListItem","position":2,"name":"Markt","item":"https:\/\/marktxxl.de\/markt\/"},{"@type":"ListItem","position":3,"name":"CLV Tragbare LED Arbeitsstrahler"}]},{"@type":"WebSite","@id":"https:\/\/marktxxl.de\/markt\/#website","url":"https:\/\/marktxxl.de\/markt\/","name":"Markt-XXL","description":"Ihr Markt Online","publisher":{"@id":"https:\/\/marktxxl.de\/markt\/#organization"},"potentialAction":[{"@type":"SearchAction","target":{"@type":"EntryPoint","urlTemplate":"https:\/\/marktxxl.de\/markt\/?s={search_term_string}"},"query-input":{"@type":"PropertyValueSpecification","valueRequired":true,"valueName":"search_term_string"}}],"inLanguage":"de"},{"@type":"Organization","@id":"https:\/\/marktxxl.de\/markt\/#organization","name":"Markt-XXL","url":"https:\/\/marktxxl.de\/markt\/","logo":{"@type":"ImageObject","inLanguage":"de","@id":"https:\/\/marktxxl.de\/markt\/#\/schema\/logo\/image\/","url":"https:\/\/marktxxl.de\/markt\/wp-content\/uploads\/sites\/3\/2020\/12\/logo.png","contentUrl":"https:\/\/marktxxl.de\/markt\/wp-content\/uploads\/sites\/3\/2020\/12\/logo.png","width":200,"height":70,"caption":"Markt-XXL"},"image":{"@id":"https:\/\/marktxxl.de\/markt\/#\/schema\/logo\/image\/"}}]}},"_links":{"self":[{"href":"https:\/\/marktxxl.de\/markt\/wp-json\/wp\/v2\/product\/56053","targetHints":{"allow":["GET"]}}],"collection":[{"href":"https:\/\/marktxxl.de\/markt\/wp-json\/wp\/v2\/product"}],"about":[{"href":"https:\/\/marktxxl.de\/markt\/wp-json\/wp\/v2\/types\/product"}],"replies":[{"embeddable":true,"href":"https:\/\/marktxxl.de\/markt\/wp-json\/wp\/v2\/comments?post=56053"}],"wp:featuredmedia":[{"embeddable":true,"href":"https:\/\/marktxxl.de\/markt\/wp-json\/wp\/v2\/media\/56056"}],"wp:attachment":[{"href":"https:\/\/marktxxl.de\/markt\/wp-json\/wp\/v2\/media?parent=56053"}],"wp:term":[{"taxonomy":"product_brand","embeddable":true,"href":"https:\/\/marktxxl.de\/markt\/wp-json\/wp\/v2\/product_brand?post=56053"},{"taxonomy":"product_cat","embeddable":true,"href":"https:\/\/marktxxl.de\/markt\/wp-json\/wp\/v2\/product_cat?post=56053"},{"taxonomy":"product_tag","embeddable":true,"href":"https:\/\/marktxxl.de\/markt\/wp-json\/wp\/v2\/product_tag?post=56053"}],"curies":[{"name":"wp","href":"https:\/\/api.w.org\/{rel}","templated":true}]}}