{"id":56038,"date":"2021-10-14T00:19:27","date_gmt":"2021-10-13T22:19:27","guid":{"rendered":"https:\/\/marktxxl.de\/markt\/produkt\/solarlaterne-fuer-aussen-omitium-solarlampen-fuer-aussen-ip65-wasserdicht-metallhaengende-atmosphaere-led-outdoor-dekorative-laternen-fuer-draussen-garten-terrasse-veranda-rasen-gehweg\/"},"modified":"2023-04-11T02:22:18","modified_gmt":"2023-04-11T00:22:18","slug":"solarlaterne-fuer-aussen-omitium-solarlampen-fuer-aussen-ip65-wasserdicht-metallhaengende-atmosphaere-led-outdoor-dekorative-laternen-fuer-draussen-garten-terrasse-veranda-rasen-gehweg","status":"publish","type":"product","link":"https:\/\/marktxxl.de\/markt\/produkt\/solarlaterne-fuer-aussen-omitium-solarlampen-fuer-aussen-ip65-wasserdicht-metallhaengende-atmosphaere-led-outdoor-dekorative-laternen-fuer-draussen-garten-terrasse-veranda-rasen-gehweg\/","title":{"rendered":"Solarlaterne f\u00fcr Au\u00dfen, omitium Solarlampen f\u00fcr Au\u00dfen IP65 Wasserdicht Metallh\u00e4ngende Atmosph\u00e4re LED Outdoor Dekorative\u2026"},"content":{"rendered":"<p>\u3010Vintage Dekoration, Ideales Geschenk\u3011Die solarlaterne f\u00fcr au\u00dfen besteht aus eisen der ein dekoratives licht ist. Ldeal f\u00fcr die dekoration Ihres gartens, rasens oder patios. Die solarlampen f\u00fcr au\u00dfen hat ein hohles design und die reflexionen der muster sind sehr sch\u00f6n, wodurch eine romantische atmosph\u00e4re entsteht.<br \/>\n\u3010Energieeinsparung und Umweltschutz\u3011Laternen f\u00fcr drau\u00dfen es sammelt w\u00e4hrend des tages sonnenenergie und speichert diese im integrierten akku. Nach dem vollst\u00e4ndigen laden schaltet es sich nachts automatisch ein und unterst\u00fctzt 8-12 stunden betrieb.<br \/>\n\u3010Auto-ON\/OFF \u3011 Diese solarlaterne f\u00fcr au\u00dfen gartenleuchte wird tags\u00fcber aufgeladen (stellen sie sicher, dass sich der schalter in der position \u201eON\u201c befindet) und nachts bei voller ladung bis zu 8 stunden lang automatisch eingeschaltet.<br \/>\n\u3010Wasserdicht und Langlebig\u3011Solarlaterne f\u00fcr au\u00dfen enth\u00e4lt lichtempfindlichen sonnenkollektor, kann an regnerischen oder schneereichen tagen verwendet werden. Geeignet f\u00fcr den Innen- und au\u00dfenbereich, das ganze Jahr \u00fcber. Hinweis: Tauchen sie das nicht in das wasser.<br \/>\n\u3010Tragbar \u3011Laternen f\u00fcr drau\u00dfen hat nicht kein netzkabel, kein strom und kein herk\u00f6mmlicher stromverbrauch erforderlich. Sie k\u00f6nnen das solarlicht aufh\u00e4ngen oder auf den hof stellen.<br \/>\n<div class=\"main-cross-sell\" data-asin=\"B08Y6QQK2K\">\n\n\t<div class=\"WooZone-cross-sell-loader\">\n\t\t<div>\n\t\t\t<div id=\"floatingBarsG\">\n\t\t\t\t<div class=\"blockG\" id=\"rotateG_01\"><\/div>\n\t\t\t\t<div class=\"blockG\" id=\"rotateG_02\"><\/div>\n\t\t\t\t<div class=\"blockG\" id=\"rotateG_03\"><\/div>\n\t\t\t\t<div class=\"blockG\" id=\"rotateG_04\"><\/div>\n\t\t\t\t<div class=\"blockG\" id=\"rotateG_05\"><\/div>\n\t\t\t\t<div class=\"blockG\" id=\"rotateG_06\"><\/div>\n\t\t\t\t<div class=\"blockG\" id=\"rotateG_07\"><\/div>\n\t\t\t\t<div class=\"blockG\" id=\"rotateG_08\"><\/div>\n\t\t\t<\/div>\n\t\t\t<div class=\"WooZone-cross-sell-loader-text\"><\/div>\n\t\t<\/div>\n\t<\/div>\n\n\t\t\n<\/div>\n<div style=\"clear:both;\"><\/div><\/p>\n","protected":false},"excerpt":{"rendered":"<p>\u3010Vintage Dekoration, Ideales Geschenk\u3011Die solarlaterne f\u00fcr au\u00dfen besteht aus eisen der ein dekoratives licht ist. Ldeal f\u00fcr die dekoration Ihres gartens, rasens oder patios. Die solarlampen f\u00fcr au\u00dfen hat ein hohles design und die reflexionen der muster sind sehr sch\u00f6n, wodurch eine romantische atmosph\u00e4re entsteht.<br \/>\n\u3010Energieeinsparung und Umweltschutz\u3011Laternen f\u00fcr drau\u00dfen es sammelt w\u00e4hrend des tages sonnenenergie und speichert diese im integrierten akku. Nach dem vollst\u00e4ndigen laden schaltet es sich nachts automatisch ein und unterst\u00fctzt 8-12 stunden betrieb.<br \/>\n\u3010Auto-ON\/OFF \u3011 Diese solarlaterne f\u00fcr au\u00dfen gartenleuchte wird tags\u00fcber aufgeladen (stellen sie sicher, dass sich der schalter in der position \u201eON\u201c befindet) und nachts bei voller ladung bis zu 8 stunden lang automatisch eingeschaltet.<\/p>\n","protected":false},"featured_media":56039,"comment_status":"open","ping_status":"closed","template":"","meta":[],"product_brand":[],"product_cat":[11446,2108],"product_tag":[],"class_list":{"0":"post-56038","1":"product","2":"type-product","3":"status-publish","4":"has-post-thumbnail","6":"product_cat-aussenbeleuchtung","7":"product_cat-beleuchtung","8":"pa_brand-omitium","9":"pa_manufacturer-omitium","11":"first","12":"instock","13":"shipping-taxable","14":"purchasable","15":"product-type-simple","16":"customify-col","17":"product-has-gallery"},"yoast_head":"<!-- This site is optimized with the Yoast SEO plugin v27.4 - https:\/\/yoast.com\/product\/yoast-seo-wordpress\/ -->\n<title>Solarlaterne f\u00fcr Au\u00dfen, omitium Solarlampen f\u00fcr Au\u00dfen IP65 Wasserdicht Metallh\u00e4ngende Atmosph\u00e4re LED Outdoor Dekorative\u2026 - Markt-XXL<\/title>\n<meta name=\"description\" content=\"Markt-XXL Solarlaterne f\u00fcr Au\u00dfen, omitium Solarlampen f\u00fcr Au\u00dfen IP65 Wasserdicht Metallh\u00e4ngende Atmosph\u00e4re LED Outdoor Dekorative\u2026\" \/>\n<meta name=\"robots\" content=\"index, follow, max-snippet:-1, max-image-preview:large, max-video-preview:-1\" \/>\n<link rel=\"canonical\" href=\"https:\/\/marktxxl.de\/markt\/produkt\/solarlaterne-fuer-aussen-omitium-solarlampen-fuer-aussen-ip65-wasserdicht-metallhaengende-atmosphaere-led-outdoor-dekorative-laternen-fuer-draussen-garten-terrasse-veranda-rasen-gehweg\/\" \/>\n<meta property=\"og:locale\" content=\"de_DE\" \/>\n<meta property=\"og:type\" content=\"article\" \/>\n<meta property=\"og:title\" content=\"Solarlaterne f\u00fcr Au\u00dfen, omitium Solarlampen f\u00fcr Au\u00dfen IP65 Wasserdicht Metallh\u00e4ngende Atmosph\u00e4re LED Outdoor Dekorative\u2026 - Markt-XXL\" \/>\n<meta property=\"og:description\" content=\"Markt-XXL Solarlaterne f\u00fcr Au\u00dfen, omitium Solarlampen f\u00fcr Au\u00dfen IP65 Wasserdicht Metallh\u00e4ngende Atmosph\u00e4re LED Outdoor Dekorative\u2026\" \/>\n<meta property=\"og:url\" content=\"https:\/\/marktxxl.de\/markt\/produkt\/solarlaterne-fuer-aussen-omitium-solarlampen-fuer-aussen-ip65-wasserdicht-metallhaengende-atmosphaere-led-outdoor-dekorative-laternen-fuer-draussen-garten-terrasse-veranda-rasen-gehweg\/\" \/>\n<meta property=\"og:site_name\" content=\"Markt-XXL\" \/>\n<meta property=\"article:modified_time\" content=\"2023-04-11T00:22:18+00:00\" \/>\n<meta property=\"og:image\" content=\"https:\/\/m.media-amazon.com\/images\/I\/6176WeJkrMS._SL500_.jpg\" \/>\n\t<meta property=\"og:image:width\" content=\"500\" \/>\n\t<meta property=\"og:image:height\" content=\"500\" \/>\n\t<meta property=\"og:image:type\" content=\"image\/jpeg\" \/>\n<meta name=\"twitter:card\" content=\"summary_large_image\" \/>\n<meta name=\"twitter:label1\" content=\"Gesch\u00e4tzte Lesezeit\" \/>\n\t<meta name=\"twitter:data1\" content=\"1\u00a0Minute\" \/>\n<script type=\"application\/ld+json\" class=\"yoast-schema-graph\">{\"@context\":\"https:\\\/\\\/schema.org\",\"@graph\":[{\"@type\":\"WebPage\",\"@id\":\"https:\\\/\\\/marktxxl.de\\\/markt\\\/produkt\\\/solarlaterne-fuer-aussen-omitium-solarlampen-fuer-aussen-ip65-wasserdicht-metallhaengende-atmosphaere-led-outdoor-dekorative-laternen-fuer-draussen-garten-terrasse-veranda-rasen-gehweg\\\/\",\"url\":\"https:\\\/\\\/marktxxl.de\\\/markt\\\/produkt\\\/solarlaterne-fuer-aussen-omitium-solarlampen-fuer-aussen-ip65-wasserdicht-metallhaengende-atmosphaere-led-outdoor-dekorative-laternen-fuer-draussen-garten-terrasse-veranda-rasen-gehweg\\\/\",\"name\":\"Solarlaterne f\u00fcr Au\u00dfen, omitium Solarlampen f\u00fcr Au\u00dfen IP65 Wasserdicht Metallh\u00e4ngende Atmosph\u00e4re LED Outdoor Dekorative\u2026 - Markt-XXL\",\"isPartOf\":{\"@id\":\"https:\\\/\\\/marktxxl.de\\\/markt\\\/#website\"},\"primaryImageOfPage\":{\"@id\":\"https:\\\/\\\/marktxxl.de\\\/markt\\\/produkt\\\/solarlaterne-fuer-aussen-omitium-solarlampen-fuer-aussen-ip65-wasserdicht-metallhaengende-atmosphaere-led-outdoor-dekorative-laternen-fuer-draussen-garten-terrasse-veranda-rasen-gehweg\\\/#primaryimage\"},\"image\":{\"@id\":\"https:\\\/\\\/marktxxl.de\\\/markt\\\/produkt\\\/solarlaterne-fuer-aussen-omitium-solarlampen-fuer-aussen-ip65-wasserdicht-metallhaengende-atmosphaere-led-outdoor-dekorative-laternen-fuer-draussen-garten-terrasse-veranda-rasen-gehweg\\\/#primaryimage\"},\"thumbnailUrl\":\"https:\\\/\\\/m.media-amazon.com\\\/images\\\/I\\\/6176WeJkrMS._SL500_.jpg\",\"datePublished\":\"2021-10-13T22:19:27+00:00\",\"dateModified\":\"2023-04-11T00:22:18+00:00\",\"description\":\"Markt-XXL Solarlaterne f\u00fcr Au\u00dfen, omitium Solarlampen f\u00fcr Au\u00dfen IP65 Wasserdicht Metallh\u00e4ngende Atmosph\u00e4re LED Outdoor Dekorative\u2026\",\"breadcrumb\":{\"@id\":\"https:\\\/\\\/marktxxl.de\\\/markt\\\/produkt\\\/solarlaterne-fuer-aussen-omitium-solarlampen-fuer-aussen-ip65-wasserdicht-metallhaengende-atmosphaere-led-outdoor-dekorative-laternen-fuer-draussen-garten-terrasse-veranda-rasen-gehweg\\\/#breadcrumb\"},\"inLanguage\":\"de\",\"potentialAction\":[{\"@type\":\"ReadAction\",\"target\":[\"https:\\\/\\\/marktxxl.de\\\/markt\\\/produkt\\\/solarlaterne-fuer-aussen-omitium-solarlampen-fuer-aussen-ip65-wasserdicht-metallhaengende-atmosphaere-led-outdoor-dekorative-laternen-fuer-draussen-garten-terrasse-veranda-rasen-gehweg\\\/\"]}]},{\"@type\":\"ImageObject\",\"inLanguage\":\"de\",\"@id\":\"https:\\\/\\\/marktxxl.de\\\/markt\\\/produkt\\\/solarlaterne-fuer-aussen-omitium-solarlampen-fuer-aussen-ip65-wasserdicht-metallhaengende-atmosphaere-led-outdoor-dekorative-laternen-fuer-draussen-garten-terrasse-veranda-rasen-gehweg\\\/#primaryimage\",\"url\":\"https:\\\/\\\/m.media-amazon.com\\\/images\\\/I\\\/6176WeJkrMS._SL500_.jpg\",\"contentUrl\":\"https:\\\/\\\/m.media-amazon.com\\\/images\\\/I\\\/6176WeJkrMS._SL500_.jpg\",\"width\":500,\"height\":500},{\"@type\":\"BreadcrumbList\",\"@id\":\"https:\\\/\\\/marktxxl.de\\\/markt\\\/produkt\\\/solarlaterne-fuer-aussen-omitium-solarlampen-fuer-aussen-ip65-wasserdicht-metallhaengende-atmosphaere-led-outdoor-dekorative-laternen-fuer-draussen-garten-terrasse-veranda-rasen-gehweg\\\/#breadcrumb\",\"itemListElement\":[{\"@type\":\"ListItem\",\"position\":1,\"name\":\"Startseite\",\"item\":\"https:\\\/\\\/marktxxl.de\\\/markt\\\/\"},{\"@type\":\"ListItem\",\"position\":2,\"name\":\"Markt\",\"item\":\"https:\\\/\\\/marktxxl.de\\\/markt\\\/\"},{\"@type\":\"ListItem\",\"position\":3,\"name\":\"Solarlaterne f\u00fcr Au\u00dfen, omitium Solarlampen f\u00fcr Au\u00dfen IP65 Wasserdicht Metallh\u00e4ngende Atmosph\u00e4re LED Outdoor Dekorative\u2026\"}]},{\"@type\":\"WebSite\",\"@id\":\"https:\\\/\\\/marktxxl.de\\\/markt\\\/#website\",\"url\":\"https:\\\/\\\/marktxxl.de\\\/markt\\\/\",\"name\":\"Markt-XXL\",\"description\":\"Ihr Markt Online\",\"publisher\":{\"@id\":\"https:\\\/\\\/marktxxl.de\\\/markt\\\/#organization\"},\"potentialAction\":[{\"@type\":\"SearchAction\",\"target\":{\"@type\":\"EntryPoint\",\"urlTemplate\":\"https:\\\/\\\/marktxxl.de\\\/markt\\\/?s={search_term_string}\"},\"query-input\":{\"@type\":\"PropertyValueSpecification\",\"valueRequired\":true,\"valueName\":\"search_term_string\"}}],\"inLanguage\":\"de\"},{\"@type\":\"Organization\",\"@id\":\"https:\\\/\\\/marktxxl.de\\\/markt\\\/#organization\",\"name\":\"Markt-XXL\",\"url\":\"https:\\\/\\\/marktxxl.de\\\/markt\\\/\",\"logo\":{\"@type\":\"ImageObject\",\"inLanguage\":\"de\",\"@id\":\"https:\\\/\\\/marktxxl.de\\\/markt\\\/#\\\/schema\\\/logo\\\/image\\\/\",\"url\":\"https:\\\/\\\/marktxxl.de\\\/markt\\\/wp-content\\\/uploads\\\/sites\\\/3\\\/2020\\\/12\\\/logo.png\",\"contentUrl\":\"https:\\\/\\\/marktxxl.de\\\/markt\\\/wp-content\\\/uploads\\\/sites\\\/3\\\/2020\\\/12\\\/logo.png\",\"width\":200,\"height\":70,\"caption\":\"Markt-XXL\"},\"image\":{\"@id\":\"https:\\\/\\\/marktxxl.de\\\/markt\\\/#\\\/schema\\\/logo\\\/image\\\/\"}}]}<\/script>\n<!-- \/ Yoast SEO plugin. -->","yoast_head_json":{"title":"Solarlaterne f\u00fcr Au\u00dfen, omitium Solarlampen f\u00fcr Au\u00dfen IP65 Wasserdicht Metallh\u00e4ngende Atmosph\u00e4re LED Outdoor Dekorative\u2026 - Markt-XXL","description":"Markt-XXL Solarlaterne f\u00fcr Au\u00dfen, omitium Solarlampen f\u00fcr Au\u00dfen IP65 Wasserdicht Metallh\u00e4ngende Atmosph\u00e4re LED Outdoor Dekorative\u2026","robots":{"index":"index","follow":"follow","max-snippet":"max-snippet:-1","max-image-preview":"max-image-preview:large","max-video-preview":"max-video-preview:-1"},"canonical":"https:\/\/marktxxl.de\/markt\/produkt\/solarlaterne-fuer-aussen-omitium-solarlampen-fuer-aussen-ip65-wasserdicht-metallhaengende-atmosphaere-led-outdoor-dekorative-laternen-fuer-draussen-garten-terrasse-veranda-rasen-gehweg\/","og_locale":"de_DE","og_type":"article","og_title":"Solarlaterne f\u00fcr Au\u00dfen, omitium Solarlampen f\u00fcr Au\u00dfen IP65 Wasserdicht Metallh\u00e4ngende Atmosph\u00e4re LED Outdoor Dekorative\u2026 - Markt-XXL","og_description":"Markt-XXL Solarlaterne f\u00fcr Au\u00dfen, omitium Solarlampen f\u00fcr Au\u00dfen IP65 Wasserdicht Metallh\u00e4ngende Atmosph\u00e4re LED Outdoor Dekorative\u2026","og_url":"https:\/\/marktxxl.de\/markt\/produkt\/solarlaterne-fuer-aussen-omitium-solarlampen-fuer-aussen-ip65-wasserdicht-metallhaengende-atmosphaere-led-outdoor-dekorative-laternen-fuer-draussen-garten-terrasse-veranda-rasen-gehweg\/","og_site_name":"Markt-XXL","article_modified_time":"2023-04-11T00:22:18+00:00","og_image":[{"width":500,"height":500,"url":"https:\/\/m.media-amazon.com\/images\/I\/6176WeJkrMS._SL500_.jpg","type":"image\/jpeg"}],"twitter_card":"summary_large_image","twitter_misc":{"Gesch\u00e4tzte Lesezeit":"1\u00a0Minute"},"schema":{"@context":"https:\/\/schema.org","@graph":[{"@type":"WebPage","@id":"https:\/\/marktxxl.de\/markt\/produkt\/solarlaterne-fuer-aussen-omitium-solarlampen-fuer-aussen-ip65-wasserdicht-metallhaengende-atmosphaere-led-outdoor-dekorative-laternen-fuer-draussen-garten-terrasse-veranda-rasen-gehweg\/","url":"https:\/\/marktxxl.de\/markt\/produkt\/solarlaterne-fuer-aussen-omitium-solarlampen-fuer-aussen-ip65-wasserdicht-metallhaengende-atmosphaere-led-outdoor-dekorative-laternen-fuer-draussen-garten-terrasse-veranda-rasen-gehweg\/","name":"Solarlaterne f\u00fcr Au\u00dfen, omitium Solarlampen f\u00fcr Au\u00dfen IP65 Wasserdicht Metallh\u00e4ngende Atmosph\u00e4re LED Outdoor Dekorative\u2026 - Markt-XXL","isPartOf":{"@id":"https:\/\/marktxxl.de\/markt\/#website"},"primaryImageOfPage":{"@id":"https:\/\/marktxxl.de\/markt\/produkt\/solarlaterne-fuer-aussen-omitium-solarlampen-fuer-aussen-ip65-wasserdicht-metallhaengende-atmosphaere-led-outdoor-dekorative-laternen-fuer-draussen-garten-terrasse-veranda-rasen-gehweg\/#primaryimage"},"image":{"@id":"https:\/\/marktxxl.de\/markt\/produkt\/solarlaterne-fuer-aussen-omitium-solarlampen-fuer-aussen-ip65-wasserdicht-metallhaengende-atmosphaere-led-outdoor-dekorative-laternen-fuer-draussen-garten-terrasse-veranda-rasen-gehweg\/#primaryimage"},"thumbnailUrl":"https:\/\/m.media-amazon.com\/images\/I\/6176WeJkrMS._SL500_.jpg","datePublished":"2021-10-13T22:19:27+00:00","dateModified":"2023-04-11T00:22:18+00:00","description":"Markt-XXL Solarlaterne f\u00fcr Au\u00dfen, omitium Solarlampen f\u00fcr Au\u00dfen IP65 Wasserdicht Metallh\u00e4ngende Atmosph\u00e4re LED Outdoor Dekorative\u2026","breadcrumb":{"@id":"https:\/\/marktxxl.de\/markt\/produkt\/solarlaterne-fuer-aussen-omitium-solarlampen-fuer-aussen-ip65-wasserdicht-metallhaengende-atmosphaere-led-outdoor-dekorative-laternen-fuer-draussen-garten-terrasse-veranda-rasen-gehweg\/#breadcrumb"},"inLanguage":"de","potentialAction":[{"@type":"ReadAction","target":["https:\/\/marktxxl.de\/markt\/produkt\/solarlaterne-fuer-aussen-omitium-solarlampen-fuer-aussen-ip65-wasserdicht-metallhaengende-atmosphaere-led-outdoor-dekorative-laternen-fuer-draussen-garten-terrasse-veranda-rasen-gehweg\/"]}]},{"@type":"ImageObject","inLanguage":"de","@id":"https:\/\/marktxxl.de\/markt\/produkt\/solarlaterne-fuer-aussen-omitium-solarlampen-fuer-aussen-ip65-wasserdicht-metallhaengende-atmosphaere-led-outdoor-dekorative-laternen-fuer-draussen-garten-terrasse-veranda-rasen-gehweg\/#primaryimage","url":"https:\/\/m.media-amazon.com\/images\/I\/6176WeJkrMS._SL500_.jpg","contentUrl":"https:\/\/m.media-amazon.com\/images\/I\/6176WeJkrMS._SL500_.jpg","width":500,"height":500},{"@type":"BreadcrumbList","@id":"https:\/\/marktxxl.de\/markt\/produkt\/solarlaterne-fuer-aussen-omitium-solarlampen-fuer-aussen-ip65-wasserdicht-metallhaengende-atmosphaere-led-outdoor-dekorative-laternen-fuer-draussen-garten-terrasse-veranda-rasen-gehweg\/#breadcrumb","itemListElement":[{"@type":"ListItem","position":1,"name":"Startseite","item":"https:\/\/marktxxl.de\/markt\/"},{"@type":"ListItem","position":2,"name":"Markt","item":"https:\/\/marktxxl.de\/markt\/"},{"@type":"ListItem","position":3,"name":"Solarlaterne f\u00fcr Au\u00dfen, omitium Solarlampen f\u00fcr Au\u00dfen IP65 Wasserdicht Metallh\u00e4ngende Atmosph\u00e4re LED Outdoor Dekorative\u2026"}]},{"@type":"WebSite","@id":"https:\/\/marktxxl.de\/markt\/#website","url":"https:\/\/marktxxl.de\/markt\/","name":"Markt-XXL","description":"Ihr Markt Online","publisher":{"@id":"https:\/\/marktxxl.de\/markt\/#organization"},"potentialAction":[{"@type":"SearchAction","target":{"@type":"EntryPoint","urlTemplate":"https:\/\/marktxxl.de\/markt\/?s={search_term_string}"},"query-input":{"@type":"PropertyValueSpecification","valueRequired":true,"valueName":"search_term_string"}}],"inLanguage":"de"},{"@type":"Organization","@id":"https:\/\/marktxxl.de\/markt\/#organization","name":"Markt-XXL","url":"https:\/\/marktxxl.de\/markt\/","logo":{"@type":"ImageObject","inLanguage":"de","@id":"https:\/\/marktxxl.de\/markt\/#\/schema\/logo\/image\/","url":"https:\/\/marktxxl.de\/markt\/wp-content\/uploads\/sites\/3\/2020\/12\/logo.png","contentUrl":"https:\/\/marktxxl.de\/markt\/wp-content\/uploads\/sites\/3\/2020\/12\/logo.png","width":200,"height":70,"caption":"Markt-XXL"},"image":{"@id":"https:\/\/marktxxl.de\/markt\/#\/schema\/logo\/image\/"}}]}},"_links":{"self":[{"href":"https:\/\/marktxxl.de\/markt\/wp-json\/wp\/v2\/product\/56038","targetHints":{"allow":["GET"]}}],"collection":[{"href":"https:\/\/marktxxl.de\/markt\/wp-json\/wp\/v2\/product"}],"about":[{"href":"https:\/\/marktxxl.de\/markt\/wp-json\/wp\/v2\/types\/product"}],"replies":[{"embeddable":true,"href":"https:\/\/marktxxl.de\/markt\/wp-json\/wp\/v2\/comments?post=56038"}],"wp:featuredmedia":[{"embeddable":true,"href":"https:\/\/marktxxl.de\/markt\/wp-json\/wp\/v2\/media\/56039"}],"wp:attachment":[{"href":"https:\/\/marktxxl.de\/markt\/wp-json\/wp\/v2\/media?parent=56038"}],"wp:term":[{"taxonomy":"product_brand","embeddable":true,"href":"https:\/\/marktxxl.de\/markt\/wp-json\/wp\/v2\/product_brand?post=56038"},{"taxonomy":"product_cat","embeddable":true,"href":"https:\/\/marktxxl.de\/markt\/wp-json\/wp\/v2\/product_cat?post=56038"},{"taxonomy":"product_tag","embeddable":true,"href":"https:\/\/marktxxl.de\/markt\/wp-json\/wp\/v2\/product_tag?post=56038"}],"curies":[{"name":"wp","href":"https:\/\/api.w.org\/{rel}","templated":true}]}}