{"id":56009,"date":"2021-10-14T00:19:18","date_gmt":"2021-10-13T22:19:18","guid":{"rendered":"https:\/\/marktxxl.de\/markt\/produkt\/mikalino-babybody-mit-spruch-fuer-jungen-maedchen-unisex-kurzarm-individueller-name-aus-dem-hause-handbedruckt-in-deutschland-handmade-with-love\/"},"modified":"2023-04-11T02:22:17","modified_gmt":"2023-04-11T00:22:17","slug":"mikalino-babybody-mit-spruch-fuer-jungen-maedchen-unisex-kurzarm-individueller-name-aus-dem-hause-handbedruckt-in-deutschland-handmade-with-love","status":"publish","type":"product","link":"https:\/\/marktxxl.de\/markt\/produkt\/mikalino-babybody-mit-spruch-fuer-jungen-maedchen-unisex-kurzarm-individueller-name-aus-dem-hause-handbedruckt-in-deutschland-handmade-with-love\/","title":{"rendered":"miKalino Babybody mit Spruch f\u00fcr Jungen M\u00e4dchen Unisex kurzarm Individueller Name aus dem Hause &#8230; | handbedruckt in\u2026"},"content":{"rendered":"<p>100% MIKALINO Babystrampler kurzarm | Design: Individueller Name aus dem Hause &#8230; | der\/die erste seines\/ihres Namens&#8217; &#8211; F\u00fcr echte Fans! | handbedruckt in Deutschland (Solingen) | F\u00fcr Junge oder M\u00e4dchen | Unsere Baby und Kinderkleidung wird mit den klassischen und hochwertigen Druckverfahren in Deutschland (Solingen) mit liebevoller Handarbeit bedruckt. Super Waschbest\u00e4ndigkeit (bis 60 Grad) was ja gerade bei Babykleidung wichtig ist.<br \/>\nPERFEKTES GESCHENK: Eine sch\u00f6ne Idee zur Geburt f\u00fcr das kleine Neugeborene, zum Geburtstag, zur Taufe, Valentinstag, Vatertag oder Muttertag, Ostern, ein Kost\u00fcm f\u00fcr Fasching, zu Halloween, Weihnachten oder Neujahr. Auch eine lustige Idee f\u00fcr die beste Tante \/ Patentante, den coolen Onkel \/ Patenonkel, f\u00fcr meine liebste Mama, besten Papa, die verr\u00fcckte Oma oder bester Opa, Cousin, Cousine, kleinen Bruder oder gro\u00dfe Schwester und noch vieles mehr.<br \/>\nTOLLE PASSFORM: Die Kurzarmstrampler, meist in verschiedenen Farben erh\u00e4ltlich, u.a. in wei\u00df, schwarz, grau, rosa, blau, rot, pink etc. und den Gr\u00f6\u00dfen. Gr 50 \/ 56 , 62 , 68 , 74 , 80 , 86 \/ 92 | Der Kurzarmbody von Mikalino hat eine erstklassige Passform und ist durch sein flauschig weiches Material sehr angenehm zu tragen.<br \/>\nVIELE WEITERE IDEEN: Entdecke viele weitere tolle witzige und niedliche Motive in unserem Amazon-H\u00e4ndlershop, ein KLICK auf unseren MARKENNAMEN ganz oben gen\u00fcgt<br \/>\n100% QUALIT\u00c4T: Mikalino Strampler mit kurzen \u00c4rmeln aus 100% weicher Interlock Bio-Baumwolle, mit OEKO-TEX 100 Standard und faire Handelskette (heathergrey 90% Bio-Baumwolle \/ 10% Viskose)<br \/>\n<div class=\"main-cross-sell\" data-asin=\"B07GZT99RT\">\n\n\t<div class=\"WooZone-cross-sell-loader\">\n\t\t<div>\n\t\t\t<div id=\"floatingBarsG\">\n\t\t\t\t<div class=\"blockG\" id=\"rotateG_01\"><\/div>\n\t\t\t\t<div class=\"blockG\" id=\"rotateG_02\"><\/div>\n\t\t\t\t<div class=\"blockG\" id=\"rotateG_03\"><\/div>\n\t\t\t\t<div class=\"blockG\" id=\"rotateG_04\"><\/div>\n\t\t\t\t<div class=\"blockG\" id=\"rotateG_05\"><\/div>\n\t\t\t\t<div class=\"blockG\" id=\"rotateG_06\"><\/div>\n\t\t\t\t<div class=\"blockG\" id=\"rotateG_07\"><\/div>\n\t\t\t\t<div class=\"blockG\" id=\"rotateG_08\"><\/div>\n\t\t\t<\/div>\n\t\t\t<div class=\"WooZone-cross-sell-loader-text\"><\/div>\n\t\t<\/div>\n\t<\/div>\n\n\t\t\n<\/div>\n<div style=\"clear:both;\"><\/div><\/p>\n","protected":false},"excerpt":{"rendered":"<p>100% MIKALINO Babystrampler kurzarm | Design: Individueller Name aus dem Hause &#8230; | der\/die erste seines\/ihres Namens&#8217; &#8211; F\u00fcr echte Fans! | handbedruckt in Deutschland (Solingen) | F\u00fcr Junge oder M\u00e4dchen | Unsere Baby und Kinderkleidung wird mit den klassischen und hochwertigen Druckverfahren in Deutschland (Solingen) mit liebevoller Handarbeit bedruckt. Super Waschbest\u00e4ndigkeit (bis 60 Grad) was ja gerade bei Babykleidung wichtig ist.<br \/>\nPERFEKTES GESCHENK: Eine sch\u00f6ne Idee zur Geburt f\u00fcr das kleine Neugeborene, zum Geburtstag, zur Taufe, Valentinstag, Vatertag oder Muttertag, Ostern, ein Kost\u00fcm f\u00fcr Fasching, zu Halloween, Weihnachten oder Neujahr. Auch eine lustige Idee f\u00fcr die beste Tante \/ Patentante, den coolen Onkel \/ Patenonkel, f\u00fcr meine liebste Mama, besten Papa, die verr\u00fcckte Oma oder bester Opa, Cousin, Cousine, kleinen Bruder oder gro\u00dfe Schwester und noch vieles mehr.<br \/>\nTOLLE PASSFORM: Die Kurzarmstrampler, meist in verschiedenen Farben erh\u00e4ltlich, u.a. in wei\u00df, schwarz, grau, rosa, blau, rot, pink etc. und den Gr\u00f6\u00dfen. Gr 50 \/ 56 , 62 , 68 , 74 , 80 , 86 \/ 92 | Der Kurzarmbody von Mikalino hat eine erstklassige Passform und ist durch sein flauschig weiches Material sehr angenehm zu tragen.<\/p>\n","protected":false},"featured_media":56010,"comment_status":"open","ping_status":"closed","template":"","meta":[],"product_brand":[],"product_cat":[1186,4069],"product_tag":[],"class_list":{"0":"post-56009","1":"product","2":"type-product","3":"status-publish","4":"has-post-thumbnail","6":"product_cat-bekleidung","7":"product_cat-spezielle-anlaesse","8":"pa_brand-mikalino","9":"pa_manufacturer-mikalino","11":"first","12":"instock","13":"shipping-taxable","14":"purchasable","15":"product-type-simple","16":"customify-col","17":"product-has-gallery"},"yoast_head":"<!-- This site is optimized with the Yoast SEO plugin v27.4 - https:\/\/yoast.com\/product\/yoast-seo-wordpress\/ -->\n<title>miKalino Babybody mit Spruch f\u00fcr Jungen M\u00e4dchen Unisex kurzarm Individueller Name aus dem Hause ... | handbedruckt in\u2026 - Markt-XXL<\/title>\n<meta name=\"description\" content=\"Markt-XXL miKalino Babybody mit Spruch f\u00fcr Jungen M\u00e4dchen Unisex kurzarm Individueller Name aus dem Hause ... | handbedruckt in\u2026\" \/>\n<meta name=\"robots\" content=\"index, follow, max-snippet:-1, max-image-preview:large, max-video-preview:-1\" \/>\n<link rel=\"canonical\" href=\"https:\/\/marktxxl.de\/markt\/produkt\/mikalino-babybody-mit-spruch-fuer-jungen-maedchen-unisex-kurzarm-individueller-name-aus-dem-hause-handbedruckt-in-deutschland-handmade-with-love\/\" \/>\n<meta property=\"og:locale\" content=\"de_DE\" \/>\n<meta property=\"og:type\" content=\"article\" \/>\n<meta property=\"og:title\" content=\"miKalino Babybody mit Spruch f\u00fcr Jungen M\u00e4dchen Unisex kurzarm Individueller Name aus dem Hause ... | handbedruckt in\u2026 - Markt-XXL\" \/>\n<meta property=\"og:description\" content=\"Markt-XXL miKalino Babybody mit Spruch f\u00fcr Jungen M\u00e4dchen Unisex kurzarm Individueller Name aus dem Hause ... | handbedruckt in\u2026\" \/>\n<meta property=\"og:url\" content=\"https:\/\/marktxxl.de\/markt\/produkt\/mikalino-babybody-mit-spruch-fuer-jungen-maedchen-unisex-kurzarm-individueller-name-aus-dem-hause-handbedruckt-in-deutschland-handmade-with-love\/\" \/>\n<meta property=\"og:site_name\" content=\"Markt-XXL\" \/>\n<meta property=\"article:modified_time\" content=\"2023-04-11T00:22:17+00:00\" \/>\n<meta property=\"og:image\" content=\"https:\/\/m.media-amazon.com\/images\/I\/41ncd0s2HVS._SL500_.jpg\" \/>\n\t<meta property=\"og:image:width\" content=\"390\" \/>\n\t<meta property=\"og:image:height\" content=\"500\" \/>\n\t<meta property=\"og:image:type\" content=\"image\/jpeg\" \/>\n<meta name=\"twitter:card\" content=\"summary_large_image\" \/>\n<meta name=\"twitter:label1\" content=\"Gesch\u00e4tzte Lesezeit\" \/>\n\t<meta name=\"twitter:data1\" content=\"1\u00a0Minute\" \/>\n<script type=\"application\/ld+json\" class=\"yoast-schema-graph\">{\"@context\":\"https:\\\/\\\/schema.org\",\"@graph\":[{\"@type\":\"WebPage\",\"@id\":\"https:\\\/\\\/marktxxl.de\\\/markt\\\/produkt\\\/mikalino-babybody-mit-spruch-fuer-jungen-maedchen-unisex-kurzarm-individueller-name-aus-dem-hause-handbedruckt-in-deutschland-handmade-with-love\\\/\",\"url\":\"https:\\\/\\\/marktxxl.de\\\/markt\\\/produkt\\\/mikalino-babybody-mit-spruch-fuer-jungen-maedchen-unisex-kurzarm-individueller-name-aus-dem-hause-handbedruckt-in-deutschland-handmade-with-love\\\/\",\"name\":\"miKalino Babybody mit Spruch f\u00fcr Jungen M\u00e4dchen Unisex kurzarm Individueller Name aus dem Hause ... | handbedruckt in\u2026 - Markt-XXL\",\"isPartOf\":{\"@id\":\"https:\\\/\\\/marktxxl.de\\\/markt\\\/#website\"},\"primaryImageOfPage\":{\"@id\":\"https:\\\/\\\/marktxxl.de\\\/markt\\\/produkt\\\/mikalino-babybody-mit-spruch-fuer-jungen-maedchen-unisex-kurzarm-individueller-name-aus-dem-hause-handbedruckt-in-deutschland-handmade-with-love\\\/#primaryimage\"},\"image\":{\"@id\":\"https:\\\/\\\/marktxxl.de\\\/markt\\\/produkt\\\/mikalino-babybody-mit-spruch-fuer-jungen-maedchen-unisex-kurzarm-individueller-name-aus-dem-hause-handbedruckt-in-deutschland-handmade-with-love\\\/#primaryimage\"},\"thumbnailUrl\":\"https:\\\/\\\/m.media-amazon.com\\\/images\\\/I\\\/41ncd0s2HVS._SL500_.jpg\",\"datePublished\":\"2021-10-13T22:19:18+00:00\",\"dateModified\":\"2023-04-11T00:22:17+00:00\",\"description\":\"Markt-XXL miKalino Babybody mit Spruch f\u00fcr Jungen M\u00e4dchen Unisex kurzarm Individueller Name aus dem Hause ... | handbedruckt in\u2026\",\"breadcrumb\":{\"@id\":\"https:\\\/\\\/marktxxl.de\\\/markt\\\/produkt\\\/mikalino-babybody-mit-spruch-fuer-jungen-maedchen-unisex-kurzarm-individueller-name-aus-dem-hause-handbedruckt-in-deutschland-handmade-with-love\\\/#breadcrumb\"},\"inLanguage\":\"de\",\"potentialAction\":[{\"@type\":\"ReadAction\",\"target\":[\"https:\\\/\\\/marktxxl.de\\\/markt\\\/produkt\\\/mikalino-babybody-mit-spruch-fuer-jungen-maedchen-unisex-kurzarm-individueller-name-aus-dem-hause-handbedruckt-in-deutschland-handmade-with-love\\\/\"]}]},{\"@type\":\"ImageObject\",\"inLanguage\":\"de\",\"@id\":\"https:\\\/\\\/marktxxl.de\\\/markt\\\/produkt\\\/mikalino-babybody-mit-spruch-fuer-jungen-maedchen-unisex-kurzarm-individueller-name-aus-dem-hause-handbedruckt-in-deutschland-handmade-with-love\\\/#primaryimage\",\"url\":\"https:\\\/\\\/m.media-amazon.com\\\/images\\\/I\\\/41ncd0s2HVS._SL500_.jpg\",\"contentUrl\":\"https:\\\/\\\/m.media-amazon.com\\\/images\\\/I\\\/41ncd0s2HVS._SL500_.jpg\",\"width\":390,\"height\":500},{\"@type\":\"BreadcrumbList\",\"@id\":\"https:\\\/\\\/marktxxl.de\\\/markt\\\/produkt\\\/mikalino-babybody-mit-spruch-fuer-jungen-maedchen-unisex-kurzarm-individueller-name-aus-dem-hause-handbedruckt-in-deutschland-handmade-with-love\\\/#breadcrumb\",\"itemListElement\":[{\"@type\":\"ListItem\",\"position\":1,\"name\":\"Startseite\",\"item\":\"https:\\\/\\\/marktxxl.de\\\/markt\\\/\"},{\"@type\":\"ListItem\",\"position\":2,\"name\":\"Markt\",\"item\":\"https:\\\/\\\/marktxxl.de\\\/markt\\\/\"},{\"@type\":\"ListItem\",\"position\":3,\"name\":\"miKalino Babybody mit Spruch f\u00fcr Jungen M\u00e4dchen Unisex kurzarm Individueller Name aus dem Hause &#8230; | handbedruckt in\u2026\"}]},{\"@type\":\"WebSite\",\"@id\":\"https:\\\/\\\/marktxxl.de\\\/markt\\\/#website\",\"url\":\"https:\\\/\\\/marktxxl.de\\\/markt\\\/\",\"name\":\"Markt-XXL\",\"description\":\"Ihr Markt Online\",\"publisher\":{\"@id\":\"https:\\\/\\\/marktxxl.de\\\/markt\\\/#organization\"},\"potentialAction\":[{\"@type\":\"SearchAction\",\"target\":{\"@type\":\"EntryPoint\",\"urlTemplate\":\"https:\\\/\\\/marktxxl.de\\\/markt\\\/?s={search_term_string}\"},\"query-input\":{\"@type\":\"PropertyValueSpecification\",\"valueRequired\":true,\"valueName\":\"search_term_string\"}}],\"inLanguage\":\"de\"},{\"@type\":\"Organization\",\"@id\":\"https:\\\/\\\/marktxxl.de\\\/markt\\\/#organization\",\"name\":\"Markt-XXL\",\"url\":\"https:\\\/\\\/marktxxl.de\\\/markt\\\/\",\"logo\":{\"@type\":\"ImageObject\",\"inLanguage\":\"de\",\"@id\":\"https:\\\/\\\/marktxxl.de\\\/markt\\\/#\\\/schema\\\/logo\\\/image\\\/\",\"url\":\"https:\\\/\\\/marktxxl.de\\\/markt\\\/wp-content\\\/uploads\\\/sites\\\/3\\\/2020\\\/12\\\/logo.png\",\"contentUrl\":\"https:\\\/\\\/marktxxl.de\\\/markt\\\/wp-content\\\/uploads\\\/sites\\\/3\\\/2020\\\/12\\\/logo.png\",\"width\":200,\"height\":70,\"caption\":\"Markt-XXL\"},\"image\":{\"@id\":\"https:\\\/\\\/marktxxl.de\\\/markt\\\/#\\\/schema\\\/logo\\\/image\\\/\"}}]}<\/script>\n<!-- \/ Yoast SEO plugin. -->","yoast_head_json":{"title":"miKalino Babybody mit Spruch f\u00fcr Jungen M\u00e4dchen Unisex kurzarm Individueller Name aus dem Hause ... | handbedruckt in\u2026 - Markt-XXL","description":"Markt-XXL miKalino Babybody mit Spruch f\u00fcr Jungen M\u00e4dchen Unisex kurzarm Individueller Name aus dem Hause ... | handbedruckt in\u2026","robots":{"index":"index","follow":"follow","max-snippet":"max-snippet:-1","max-image-preview":"max-image-preview:large","max-video-preview":"max-video-preview:-1"},"canonical":"https:\/\/marktxxl.de\/markt\/produkt\/mikalino-babybody-mit-spruch-fuer-jungen-maedchen-unisex-kurzarm-individueller-name-aus-dem-hause-handbedruckt-in-deutschland-handmade-with-love\/","og_locale":"de_DE","og_type":"article","og_title":"miKalino Babybody mit Spruch f\u00fcr Jungen M\u00e4dchen Unisex kurzarm Individueller Name aus dem Hause ... | handbedruckt in\u2026 - Markt-XXL","og_description":"Markt-XXL miKalino Babybody mit Spruch f\u00fcr Jungen M\u00e4dchen Unisex kurzarm Individueller Name aus dem Hause ... | handbedruckt in\u2026","og_url":"https:\/\/marktxxl.de\/markt\/produkt\/mikalino-babybody-mit-spruch-fuer-jungen-maedchen-unisex-kurzarm-individueller-name-aus-dem-hause-handbedruckt-in-deutschland-handmade-with-love\/","og_site_name":"Markt-XXL","article_modified_time":"2023-04-11T00:22:17+00:00","og_image":[{"width":390,"height":500,"url":"https:\/\/m.media-amazon.com\/images\/I\/41ncd0s2HVS._SL500_.jpg","type":"image\/jpeg"}],"twitter_card":"summary_large_image","twitter_misc":{"Gesch\u00e4tzte Lesezeit":"1\u00a0Minute"},"schema":{"@context":"https:\/\/schema.org","@graph":[{"@type":"WebPage","@id":"https:\/\/marktxxl.de\/markt\/produkt\/mikalino-babybody-mit-spruch-fuer-jungen-maedchen-unisex-kurzarm-individueller-name-aus-dem-hause-handbedruckt-in-deutschland-handmade-with-love\/","url":"https:\/\/marktxxl.de\/markt\/produkt\/mikalino-babybody-mit-spruch-fuer-jungen-maedchen-unisex-kurzarm-individueller-name-aus-dem-hause-handbedruckt-in-deutschland-handmade-with-love\/","name":"miKalino Babybody mit Spruch f\u00fcr Jungen M\u00e4dchen Unisex kurzarm Individueller Name aus dem Hause ... | handbedruckt in\u2026 - Markt-XXL","isPartOf":{"@id":"https:\/\/marktxxl.de\/markt\/#website"},"primaryImageOfPage":{"@id":"https:\/\/marktxxl.de\/markt\/produkt\/mikalino-babybody-mit-spruch-fuer-jungen-maedchen-unisex-kurzarm-individueller-name-aus-dem-hause-handbedruckt-in-deutschland-handmade-with-love\/#primaryimage"},"image":{"@id":"https:\/\/marktxxl.de\/markt\/produkt\/mikalino-babybody-mit-spruch-fuer-jungen-maedchen-unisex-kurzarm-individueller-name-aus-dem-hause-handbedruckt-in-deutschland-handmade-with-love\/#primaryimage"},"thumbnailUrl":"https:\/\/m.media-amazon.com\/images\/I\/41ncd0s2HVS._SL500_.jpg","datePublished":"2021-10-13T22:19:18+00:00","dateModified":"2023-04-11T00:22:17+00:00","description":"Markt-XXL miKalino Babybody mit Spruch f\u00fcr Jungen M\u00e4dchen Unisex kurzarm Individueller Name aus dem Hause ... | handbedruckt in\u2026","breadcrumb":{"@id":"https:\/\/marktxxl.de\/markt\/produkt\/mikalino-babybody-mit-spruch-fuer-jungen-maedchen-unisex-kurzarm-individueller-name-aus-dem-hause-handbedruckt-in-deutschland-handmade-with-love\/#breadcrumb"},"inLanguage":"de","potentialAction":[{"@type":"ReadAction","target":["https:\/\/marktxxl.de\/markt\/produkt\/mikalino-babybody-mit-spruch-fuer-jungen-maedchen-unisex-kurzarm-individueller-name-aus-dem-hause-handbedruckt-in-deutschland-handmade-with-love\/"]}]},{"@type":"ImageObject","inLanguage":"de","@id":"https:\/\/marktxxl.de\/markt\/produkt\/mikalino-babybody-mit-spruch-fuer-jungen-maedchen-unisex-kurzarm-individueller-name-aus-dem-hause-handbedruckt-in-deutschland-handmade-with-love\/#primaryimage","url":"https:\/\/m.media-amazon.com\/images\/I\/41ncd0s2HVS._SL500_.jpg","contentUrl":"https:\/\/m.media-amazon.com\/images\/I\/41ncd0s2HVS._SL500_.jpg","width":390,"height":500},{"@type":"BreadcrumbList","@id":"https:\/\/marktxxl.de\/markt\/produkt\/mikalino-babybody-mit-spruch-fuer-jungen-maedchen-unisex-kurzarm-individueller-name-aus-dem-hause-handbedruckt-in-deutschland-handmade-with-love\/#breadcrumb","itemListElement":[{"@type":"ListItem","position":1,"name":"Startseite","item":"https:\/\/marktxxl.de\/markt\/"},{"@type":"ListItem","position":2,"name":"Markt","item":"https:\/\/marktxxl.de\/markt\/"},{"@type":"ListItem","position":3,"name":"miKalino Babybody mit Spruch f\u00fcr Jungen M\u00e4dchen Unisex kurzarm Individueller Name aus dem Hause &#8230; | handbedruckt in\u2026"}]},{"@type":"WebSite","@id":"https:\/\/marktxxl.de\/markt\/#website","url":"https:\/\/marktxxl.de\/markt\/","name":"Markt-XXL","description":"Ihr Markt Online","publisher":{"@id":"https:\/\/marktxxl.de\/markt\/#organization"},"potentialAction":[{"@type":"SearchAction","target":{"@type":"EntryPoint","urlTemplate":"https:\/\/marktxxl.de\/markt\/?s={search_term_string}"},"query-input":{"@type":"PropertyValueSpecification","valueRequired":true,"valueName":"search_term_string"}}],"inLanguage":"de"},{"@type":"Organization","@id":"https:\/\/marktxxl.de\/markt\/#organization","name":"Markt-XXL","url":"https:\/\/marktxxl.de\/markt\/","logo":{"@type":"ImageObject","inLanguage":"de","@id":"https:\/\/marktxxl.de\/markt\/#\/schema\/logo\/image\/","url":"https:\/\/marktxxl.de\/markt\/wp-content\/uploads\/sites\/3\/2020\/12\/logo.png","contentUrl":"https:\/\/marktxxl.de\/markt\/wp-content\/uploads\/sites\/3\/2020\/12\/logo.png","width":200,"height":70,"caption":"Markt-XXL"},"image":{"@id":"https:\/\/marktxxl.de\/markt\/#\/schema\/logo\/image\/"}}]}},"_links":{"self":[{"href":"https:\/\/marktxxl.de\/markt\/wp-json\/wp\/v2\/product\/56009","targetHints":{"allow":["GET"]}}],"collection":[{"href":"https:\/\/marktxxl.de\/markt\/wp-json\/wp\/v2\/product"}],"about":[{"href":"https:\/\/marktxxl.de\/markt\/wp-json\/wp\/v2\/types\/product"}],"replies":[{"embeddable":true,"href":"https:\/\/marktxxl.de\/markt\/wp-json\/wp\/v2\/comments?post=56009"}],"wp:featuredmedia":[{"embeddable":true,"href":"https:\/\/marktxxl.de\/markt\/wp-json\/wp\/v2\/media\/56010"}],"wp:attachment":[{"href":"https:\/\/marktxxl.de\/markt\/wp-json\/wp\/v2\/media?parent=56009"}],"wp:term":[{"taxonomy":"product_brand","embeddable":true,"href":"https:\/\/marktxxl.de\/markt\/wp-json\/wp\/v2\/product_brand?post=56009"},{"taxonomy":"product_cat","embeddable":true,"href":"https:\/\/marktxxl.de\/markt\/wp-json\/wp\/v2\/product_cat?post=56009"},{"taxonomy":"product_tag","embeddable":true,"href":"https:\/\/marktxxl.de\/markt\/wp-json\/wp\/v2\/product_tag?post=56009"}],"curies":[{"name":"wp","href":"https:\/\/api.w.org\/{rel}","templated":true}]}}