{"id":55808,"date":"2021-10-14T00:12:54","date_gmt":"2021-10-13T22:12:54","guid":{"rendered":"https:\/\/marktxxl.de\/markt\/produkt\/pokemon-zwei-wege-pailletten-jungent-shirt-baumwollgraues-top-mit-pikachu-motiv-mit-umgekehrter-paillette-in-schwarz-und-gold-geschenkidee-fuer-kinder-jugendliche\/"},"modified":"2023-04-11T02:22:15","modified_gmt":"2023-04-11T00:22:15","slug":"pokemon-zwei-wege-pailletten-jungent-shirt-baumwollgraues-top-mit-pikachu-motiv-mit-umgekehrter-paillette-in-schwarz-und-gold-geschenkidee-fuer-kinder-jugendliche","status":"publish","type":"product","link":"https:\/\/marktxxl.de\/markt\/produkt\/pokemon-zwei-wege-pailletten-jungent-shirt-baumwollgraues-top-mit-pikachu-motiv-mit-umgekehrter-paillette-in-schwarz-und-gold-geschenkidee-fuer-kinder-jugendliche\/","title":{"rendered":"Pokemon Zwei Wege Pailletten JungenT-Shirt | Baumwollgraues Top mit Pikachu Motiv mit umgekehrter Paillette in Schwarz\u2026"},"content":{"rendered":"<p>? PIKACHU T-SHIRT KINDER: Graues Mergel T-Shirts f\u00fcr Jungen mit Zweiwege-Pailletten-Pok\u00e9mon-Design. Jungen werden dieses lustige Design und den klassischen Schnitt lieben. Es ist nicht nur mit dem s\u00fc\u00dfesten Pikachu ausgestattet, es ist auch in zwei umkehrbaren, magischen Pailletten erh\u00e4ltlich, die sich weich anf\u00fchlen und baumwollreich sind. Rundhalsausschnitt und kurze \u00c4rmel. Tragekomfort.<br \/>\n? PREMIUM MATERIAL: T Shirt Jungen aus 93% Baumwolle und 7% Polyester in erstklassiger Qualit\u00e4t, perfekt f\u00fcr den t\u00e4glichen Gebrauch, bequemes und atmungsaktives Material. Hochwertiger Pailletten-Charakter auf der Vorderseite und heller gelber und schwarzer Druck. Kinderkleidung Junge in Schwarz, Gelb und Wei\u00df.<br \/>\n? GR\u00d6SSEN ERH\u00c4LTLICH: Dieses wundersch\u00f6ne graue Kurzarmhemd ist in den Gr\u00f6\u00dfen 4-5 Jahre, 6-7 Jahre, 7-8 Jahre, 9-10 Jahre, 11-12 Jahre, 13-14 Jahre und 15-16 Jahre erh\u00e4ltlich. Normale Passform. Die Gr\u00f6\u00dfe unserer Jungenkleider stimmt mit anderen gro\u00dfen Einzelh\u00e4ndlern im High Street-Bereich \u00fcberein.<br \/>\n? GESCHENKIDEE F\u00dcR JUNGEN: Eine tolle Geschenkidee zum Geburtstag oder zur Feier f\u00fcr alle kleinen Pok\u00e9mon-Liebhaber. Das Jungen T Shirt ist mit einem Flip-Pailletten-Center versehen, und Ihr Kleines hat die M\u00f6glichkeit, ein Pikachu in zwei verschiedenen Farben zu zeigen: in Gold oder in Schwarz. Eine tolle Geschenkidee f\u00fcr kleine Fans!<br \/>\n? OFFIZIELLE WAREN: Offiziell lizenzierte Pok\u00e9mon Fun-T-Shirts f\u00fcr Kinder von Nintendo \/ Creatures Inc., exklusiv f\u00fcr F&amp;F Stores.<br \/>\n<div class=\"main-cross-sell\" data-asin=\"B07QL766J1\">\n\n\t<div class=\"WooZone-cross-sell-loader\">\n\t\t<div>\n\t\t\t<div id=\"floatingBarsG\">\n\t\t\t\t<div class=\"blockG\" id=\"rotateG_01\"><\/div>\n\t\t\t\t<div class=\"blockG\" id=\"rotateG_02\"><\/div>\n\t\t\t\t<div class=\"blockG\" id=\"rotateG_03\"><\/div>\n\t\t\t\t<div class=\"blockG\" id=\"rotateG_04\"><\/div>\n\t\t\t\t<div class=\"blockG\" id=\"rotateG_05\"><\/div>\n\t\t\t\t<div class=\"blockG\" id=\"rotateG_06\"><\/div>\n\t\t\t\t<div class=\"blockG\" id=\"rotateG_07\"><\/div>\n\t\t\t\t<div class=\"blockG\" id=\"rotateG_08\"><\/div>\n\t\t\t<\/div>\n\t\t\t<div class=\"WooZone-cross-sell-loader-text\"><\/div>\n\t\t<\/div>\n\t<\/div>\n\n\t\t\n<\/div>\n<div style=\"clear:both;\"><\/div><\/p>\n","protected":false},"excerpt":{"rendered":"<p>? PIKACHU T-SHIRT KINDER: Graues Mergel T-Shirts f\u00fcr Jungen mit Zweiwege-Pailletten-Pok\u00e9mon-Design. Jungen werden dieses lustige Design und den klassischen Schnitt lieben. Es ist nicht nur mit dem s\u00fc\u00dfesten Pikachu ausgestattet, es ist auch in zwei umkehrbaren, magischen Pailletten erh\u00e4ltlich, die sich weich anf\u00fchlen und baumwollreich sind. Rundhalsausschnitt und kurze \u00c4rmel. Tragekomfort.<br \/>\n? PREMIUM MATERIAL: T Shirt Jungen aus 93% Baumwolle und 7% Polyester in erstklassiger Qualit\u00e4t, perfekt f\u00fcr den t\u00e4glichen Gebrauch, bequemes und atmungsaktives Material. Hochwertiger Pailletten-Charakter auf der Vorderseite und heller gelber und schwarzer Druck. Kinderkleidung Junge in Schwarz, Gelb und Wei\u00df.<br \/>\n? GR\u00d6SSEN ERH\u00c4LTLICH: Dieses wundersch\u00f6ne graue Kurzarmhemd ist in den Gr\u00f6\u00dfen 4-5 Jahre, 6-7 Jahre, 7-8 Jahre, 9-10 Jahre, 11-12 Jahre, 13-14 Jahre und 15-16 Jahre erh\u00e4ltlich. Normale Passform. Die Gr\u00f6\u00dfe unserer Jungenkleider stimmt mit anderen gro\u00dfen Einzelh\u00e4ndlern im High Street-Bereich \u00fcberein.<\/p>\n","protected":false},"featured_media":55809,"comment_status":"open","ping_status":"closed","template":"","meta":[],"product_brand":[],"product_cat":[1186,4069],"product_tag":[],"class_list":{"0":"post-55808","1":"product","2":"type-product","3":"status-publish","4":"has-post-thumbnail","6":"product_cat-bekleidung","7":"product_cat-spezielle-anlaesse","8":"pa_binding-textilien","9":"pa_brand-pokemon","10":"pa_color-grau","12":"first","13":"instock","14":"shipping-taxable","15":"purchasable","16":"product-type-simple","17":"customify-col","18":"product-has-gallery"},"yoast_head":"<!-- This site is optimized with the Yoast SEO plugin v27.4 - https:\/\/yoast.com\/product\/yoast-seo-wordpress\/ -->\n<title>Pokemon Zwei Wege Pailletten JungenT-Shirt | Baumwollgraues Top mit Pikachu Motiv mit umgekehrter Paillette in Schwarz\u2026 - Markt-XXL<\/title>\n<meta name=\"description\" content=\"Markt-XXL Pokemon Zwei Wege Pailletten JungenT-Shirt | Baumwollgraues Top mit Pikachu Motiv mit umgekehrter Paillette in Schwarz\u2026\" \/>\n<meta name=\"robots\" content=\"index, follow, max-snippet:-1, max-image-preview:large, max-video-preview:-1\" \/>\n<link rel=\"canonical\" href=\"https:\/\/marktxxl.de\/markt\/produkt\/pokemon-zwei-wege-pailletten-jungent-shirt-baumwollgraues-top-mit-pikachu-motiv-mit-umgekehrter-paillette-in-schwarz-und-gold-geschenkidee-fuer-kinder-jugendliche\/\" \/>\n<meta property=\"og:locale\" content=\"de_DE\" \/>\n<meta property=\"og:type\" content=\"article\" \/>\n<meta property=\"og:title\" content=\"Pokemon Zwei Wege Pailletten JungenT-Shirt | Baumwollgraues Top mit Pikachu Motiv mit umgekehrter Paillette in Schwarz\u2026 - Markt-XXL\" \/>\n<meta property=\"og:description\" content=\"Markt-XXL Pokemon Zwei Wege Pailletten JungenT-Shirt | Baumwollgraues Top mit Pikachu Motiv mit umgekehrter Paillette in Schwarz\u2026\" \/>\n<meta property=\"og:url\" content=\"https:\/\/marktxxl.de\/markt\/produkt\/pokemon-zwei-wege-pailletten-jungent-shirt-baumwollgraues-top-mit-pikachu-motiv-mit-umgekehrter-paillette-in-schwarz-und-gold-geschenkidee-fuer-kinder-jugendliche\/\" \/>\n<meta property=\"og:site_name\" content=\"Markt-XXL\" \/>\n<meta property=\"article:modified_time\" content=\"2023-04-11T00:22:15+00:00\" \/>\n<meta property=\"og:image\" content=\"https:\/\/m.media-amazon.com\/images\/I\/51w0dxzUKPL._SL500_.jpg\" \/>\n\t<meta property=\"og:image:width\" content=\"500\" \/>\n\t<meta property=\"og:image:height\" content=\"500\" \/>\n\t<meta property=\"og:image:type\" content=\"image\/jpeg\" \/>\n<meta name=\"twitter:card\" content=\"summary_large_image\" \/>\n<meta name=\"twitter:label1\" content=\"Gesch\u00e4tzte Lesezeit\" \/>\n\t<meta name=\"twitter:data1\" content=\"1\u00a0Minute\" \/>\n<script type=\"application\/ld+json\" class=\"yoast-schema-graph\">{\"@context\":\"https:\\\/\\\/schema.org\",\"@graph\":[{\"@type\":\"WebPage\",\"@id\":\"https:\\\/\\\/marktxxl.de\\\/markt\\\/produkt\\\/pokemon-zwei-wege-pailletten-jungent-shirt-baumwollgraues-top-mit-pikachu-motiv-mit-umgekehrter-paillette-in-schwarz-und-gold-geschenkidee-fuer-kinder-jugendliche\\\/\",\"url\":\"https:\\\/\\\/marktxxl.de\\\/markt\\\/produkt\\\/pokemon-zwei-wege-pailletten-jungent-shirt-baumwollgraues-top-mit-pikachu-motiv-mit-umgekehrter-paillette-in-schwarz-und-gold-geschenkidee-fuer-kinder-jugendliche\\\/\",\"name\":\"Pokemon Zwei Wege Pailletten JungenT-Shirt | Baumwollgraues Top mit Pikachu Motiv mit umgekehrter Paillette in Schwarz\u2026 - Markt-XXL\",\"isPartOf\":{\"@id\":\"https:\\\/\\\/marktxxl.de\\\/markt\\\/#website\"},\"primaryImageOfPage\":{\"@id\":\"https:\\\/\\\/marktxxl.de\\\/markt\\\/produkt\\\/pokemon-zwei-wege-pailletten-jungent-shirt-baumwollgraues-top-mit-pikachu-motiv-mit-umgekehrter-paillette-in-schwarz-und-gold-geschenkidee-fuer-kinder-jugendliche\\\/#primaryimage\"},\"image\":{\"@id\":\"https:\\\/\\\/marktxxl.de\\\/markt\\\/produkt\\\/pokemon-zwei-wege-pailletten-jungent-shirt-baumwollgraues-top-mit-pikachu-motiv-mit-umgekehrter-paillette-in-schwarz-und-gold-geschenkidee-fuer-kinder-jugendliche\\\/#primaryimage\"},\"thumbnailUrl\":\"https:\\\/\\\/m.media-amazon.com\\\/images\\\/I\\\/51w0dxzUKPL._SL500_.jpg\",\"datePublished\":\"2021-10-13T22:12:54+00:00\",\"dateModified\":\"2023-04-11T00:22:15+00:00\",\"description\":\"Markt-XXL Pokemon Zwei Wege Pailletten JungenT-Shirt | Baumwollgraues Top mit Pikachu Motiv mit umgekehrter Paillette in Schwarz\u2026\",\"breadcrumb\":{\"@id\":\"https:\\\/\\\/marktxxl.de\\\/markt\\\/produkt\\\/pokemon-zwei-wege-pailletten-jungent-shirt-baumwollgraues-top-mit-pikachu-motiv-mit-umgekehrter-paillette-in-schwarz-und-gold-geschenkidee-fuer-kinder-jugendliche\\\/#breadcrumb\"},\"inLanguage\":\"de\",\"potentialAction\":[{\"@type\":\"ReadAction\",\"target\":[\"https:\\\/\\\/marktxxl.de\\\/markt\\\/produkt\\\/pokemon-zwei-wege-pailletten-jungent-shirt-baumwollgraues-top-mit-pikachu-motiv-mit-umgekehrter-paillette-in-schwarz-und-gold-geschenkidee-fuer-kinder-jugendliche\\\/\"]}]},{\"@type\":\"ImageObject\",\"inLanguage\":\"de\",\"@id\":\"https:\\\/\\\/marktxxl.de\\\/markt\\\/produkt\\\/pokemon-zwei-wege-pailletten-jungent-shirt-baumwollgraues-top-mit-pikachu-motiv-mit-umgekehrter-paillette-in-schwarz-und-gold-geschenkidee-fuer-kinder-jugendliche\\\/#primaryimage\",\"url\":\"https:\\\/\\\/m.media-amazon.com\\\/images\\\/I\\\/51w0dxzUKPL._SL500_.jpg\",\"contentUrl\":\"https:\\\/\\\/m.media-amazon.com\\\/images\\\/I\\\/51w0dxzUKPL._SL500_.jpg\",\"width\":500,\"height\":500},{\"@type\":\"BreadcrumbList\",\"@id\":\"https:\\\/\\\/marktxxl.de\\\/markt\\\/produkt\\\/pokemon-zwei-wege-pailletten-jungent-shirt-baumwollgraues-top-mit-pikachu-motiv-mit-umgekehrter-paillette-in-schwarz-und-gold-geschenkidee-fuer-kinder-jugendliche\\\/#breadcrumb\",\"itemListElement\":[{\"@type\":\"ListItem\",\"position\":1,\"name\":\"Startseite\",\"item\":\"https:\\\/\\\/marktxxl.de\\\/markt\\\/\"},{\"@type\":\"ListItem\",\"position\":2,\"name\":\"Markt\",\"item\":\"https:\\\/\\\/marktxxl.de\\\/markt\\\/\"},{\"@type\":\"ListItem\",\"position\":3,\"name\":\"Pokemon Zwei Wege Pailletten JungenT-Shirt | Baumwollgraues Top mit Pikachu Motiv mit umgekehrter Paillette in Schwarz\u2026\"}]},{\"@type\":\"WebSite\",\"@id\":\"https:\\\/\\\/marktxxl.de\\\/markt\\\/#website\",\"url\":\"https:\\\/\\\/marktxxl.de\\\/markt\\\/\",\"name\":\"Markt-XXL\",\"description\":\"Ihr Markt Online\",\"publisher\":{\"@id\":\"https:\\\/\\\/marktxxl.de\\\/markt\\\/#organization\"},\"potentialAction\":[{\"@type\":\"SearchAction\",\"target\":{\"@type\":\"EntryPoint\",\"urlTemplate\":\"https:\\\/\\\/marktxxl.de\\\/markt\\\/?s={search_term_string}\"},\"query-input\":{\"@type\":\"PropertyValueSpecification\",\"valueRequired\":true,\"valueName\":\"search_term_string\"}}],\"inLanguage\":\"de\"},{\"@type\":\"Organization\",\"@id\":\"https:\\\/\\\/marktxxl.de\\\/markt\\\/#organization\",\"name\":\"Markt-XXL\",\"url\":\"https:\\\/\\\/marktxxl.de\\\/markt\\\/\",\"logo\":{\"@type\":\"ImageObject\",\"inLanguage\":\"de\",\"@id\":\"https:\\\/\\\/marktxxl.de\\\/markt\\\/#\\\/schema\\\/logo\\\/image\\\/\",\"url\":\"https:\\\/\\\/marktxxl.de\\\/markt\\\/wp-content\\\/uploads\\\/sites\\\/3\\\/2020\\\/12\\\/logo.png\",\"contentUrl\":\"https:\\\/\\\/marktxxl.de\\\/markt\\\/wp-content\\\/uploads\\\/sites\\\/3\\\/2020\\\/12\\\/logo.png\",\"width\":200,\"height\":70,\"caption\":\"Markt-XXL\"},\"image\":{\"@id\":\"https:\\\/\\\/marktxxl.de\\\/markt\\\/#\\\/schema\\\/logo\\\/image\\\/\"}}]}<\/script>\n<!-- \/ Yoast SEO plugin. -->","yoast_head_json":{"title":"Pokemon Zwei Wege Pailletten JungenT-Shirt | Baumwollgraues Top mit Pikachu Motiv mit umgekehrter Paillette in Schwarz\u2026 - Markt-XXL","description":"Markt-XXL Pokemon Zwei Wege Pailletten JungenT-Shirt | Baumwollgraues Top mit Pikachu Motiv mit umgekehrter Paillette in Schwarz\u2026","robots":{"index":"index","follow":"follow","max-snippet":"max-snippet:-1","max-image-preview":"max-image-preview:large","max-video-preview":"max-video-preview:-1"},"canonical":"https:\/\/marktxxl.de\/markt\/produkt\/pokemon-zwei-wege-pailletten-jungent-shirt-baumwollgraues-top-mit-pikachu-motiv-mit-umgekehrter-paillette-in-schwarz-und-gold-geschenkidee-fuer-kinder-jugendliche\/","og_locale":"de_DE","og_type":"article","og_title":"Pokemon Zwei Wege Pailletten JungenT-Shirt | Baumwollgraues Top mit Pikachu Motiv mit umgekehrter Paillette in Schwarz\u2026 - Markt-XXL","og_description":"Markt-XXL Pokemon Zwei Wege Pailletten JungenT-Shirt | Baumwollgraues Top mit Pikachu Motiv mit umgekehrter Paillette in Schwarz\u2026","og_url":"https:\/\/marktxxl.de\/markt\/produkt\/pokemon-zwei-wege-pailletten-jungent-shirt-baumwollgraues-top-mit-pikachu-motiv-mit-umgekehrter-paillette-in-schwarz-und-gold-geschenkidee-fuer-kinder-jugendliche\/","og_site_name":"Markt-XXL","article_modified_time":"2023-04-11T00:22:15+00:00","og_image":[{"width":500,"height":500,"url":"https:\/\/m.media-amazon.com\/images\/I\/51w0dxzUKPL._SL500_.jpg","type":"image\/jpeg"}],"twitter_card":"summary_large_image","twitter_misc":{"Gesch\u00e4tzte Lesezeit":"1\u00a0Minute"},"schema":{"@context":"https:\/\/schema.org","@graph":[{"@type":"WebPage","@id":"https:\/\/marktxxl.de\/markt\/produkt\/pokemon-zwei-wege-pailletten-jungent-shirt-baumwollgraues-top-mit-pikachu-motiv-mit-umgekehrter-paillette-in-schwarz-und-gold-geschenkidee-fuer-kinder-jugendliche\/","url":"https:\/\/marktxxl.de\/markt\/produkt\/pokemon-zwei-wege-pailletten-jungent-shirt-baumwollgraues-top-mit-pikachu-motiv-mit-umgekehrter-paillette-in-schwarz-und-gold-geschenkidee-fuer-kinder-jugendliche\/","name":"Pokemon Zwei Wege Pailletten JungenT-Shirt | Baumwollgraues Top mit Pikachu Motiv mit umgekehrter Paillette in Schwarz\u2026 - Markt-XXL","isPartOf":{"@id":"https:\/\/marktxxl.de\/markt\/#website"},"primaryImageOfPage":{"@id":"https:\/\/marktxxl.de\/markt\/produkt\/pokemon-zwei-wege-pailletten-jungent-shirt-baumwollgraues-top-mit-pikachu-motiv-mit-umgekehrter-paillette-in-schwarz-und-gold-geschenkidee-fuer-kinder-jugendliche\/#primaryimage"},"image":{"@id":"https:\/\/marktxxl.de\/markt\/produkt\/pokemon-zwei-wege-pailletten-jungent-shirt-baumwollgraues-top-mit-pikachu-motiv-mit-umgekehrter-paillette-in-schwarz-und-gold-geschenkidee-fuer-kinder-jugendliche\/#primaryimage"},"thumbnailUrl":"https:\/\/m.media-amazon.com\/images\/I\/51w0dxzUKPL._SL500_.jpg","datePublished":"2021-10-13T22:12:54+00:00","dateModified":"2023-04-11T00:22:15+00:00","description":"Markt-XXL Pokemon Zwei Wege Pailletten JungenT-Shirt | Baumwollgraues Top mit Pikachu Motiv mit umgekehrter Paillette in Schwarz\u2026","breadcrumb":{"@id":"https:\/\/marktxxl.de\/markt\/produkt\/pokemon-zwei-wege-pailletten-jungent-shirt-baumwollgraues-top-mit-pikachu-motiv-mit-umgekehrter-paillette-in-schwarz-und-gold-geschenkidee-fuer-kinder-jugendliche\/#breadcrumb"},"inLanguage":"de","potentialAction":[{"@type":"ReadAction","target":["https:\/\/marktxxl.de\/markt\/produkt\/pokemon-zwei-wege-pailletten-jungent-shirt-baumwollgraues-top-mit-pikachu-motiv-mit-umgekehrter-paillette-in-schwarz-und-gold-geschenkidee-fuer-kinder-jugendliche\/"]}]},{"@type":"ImageObject","inLanguage":"de","@id":"https:\/\/marktxxl.de\/markt\/produkt\/pokemon-zwei-wege-pailletten-jungent-shirt-baumwollgraues-top-mit-pikachu-motiv-mit-umgekehrter-paillette-in-schwarz-und-gold-geschenkidee-fuer-kinder-jugendliche\/#primaryimage","url":"https:\/\/m.media-amazon.com\/images\/I\/51w0dxzUKPL._SL500_.jpg","contentUrl":"https:\/\/m.media-amazon.com\/images\/I\/51w0dxzUKPL._SL500_.jpg","width":500,"height":500},{"@type":"BreadcrumbList","@id":"https:\/\/marktxxl.de\/markt\/produkt\/pokemon-zwei-wege-pailletten-jungent-shirt-baumwollgraues-top-mit-pikachu-motiv-mit-umgekehrter-paillette-in-schwarz-und-gold-geschenkidee-fuer-kinder-jugendliche\/#breadcrumb","itemListElement":[{"@type":"ListItem","position":1,"name":"Startseite","item":"https:\/\/marktxxl.de\/markt\/"},{"@type":"ListItem","position":2,"name":"Markt","item":"https:\/\/marktxxl.de\/markt\/"},{"@type":"ListItem","position":3,"name":"Pokemon Zwei Wege Pailletten JungenT-Shirt | Baumwollgraues Top mit Pikachu Motiv mit umgekehrter Paillette in Schwarz\u2026"}]},{"@type":"WebSite","@id":"https:\/\/marktxxl.de\/markt\/#website","url":"https:\/\/marktxxl.de\/markt\/","name":"Markt-XXL","description":"Ihr Markt Online","publisher":{"@id":"https:\/\/marktxxl.de\/markt\/#organization"},"potentialAction":[{"@type":"SearchAction","target":{"@type":"EntryPoint","urlTemplate":"https:\/\/marktxxl.de\/markt\/?s={search_term_string}"},"query-input":{"@type":"PropertyValueSpecification","valueRequired":true,"valueName":"search_term_string"}}],"inLanguage":"de"},{"@type":"Organization","@id":"https:\/\/marktxxl.de\/markt\/#organization","name":"Markt-XXL","url":"https:\/\/marktxxl.de\/markt\/","logo":{"@type":"ImageObject","inLanguage":"de","@id":"https:\/\/marktxxl.de\/markt\/#\/schema\/logo\/image\/","url":"https:\/\/marktxxl.de\/markt\/wp-content\/uploads\/sites\/3\/2020\/12\/logo.png","contentUrl":"https:\/\/marktxxl.de\/markt\/wp-content\/uploads\/sites\/3\/2020\/12\/logo.png","width":200,"height":70,"caption":"Markt-XXL"},"image":{"@id":"https:\/\/marktxxl.de\/markt\/#\/schema\/logo\/image\/"}}]}},"_links":{"self":[{"href":"https:\/\/marktxxl.de\/markt\/wp-json\/wp\/v2\/product\/55808","targetHints":{"allow":["GET"]}}],"collection":[{"href":"https:\/\/marktxxl.de\/markt\/wp-json\/wp\/v2\/product"}],"about":[{"href":"https:\/\/marktxxl.de\/markt\/wp-json\/wp\/v2\/types\/product"}],"replies":[{"embeddable":true,"href":"https:\/\/marktxxl.de\/markt\/wp-json\/wp\/v2\/comments?post=55808"}],"wp:featuredmedia":[{"embeddable":true,"href":"https:\/\/marktxxl.de\/markt\/wp-json\/wp\/v2\/media\/55809"}],"wp:attachment":[{"href":"https:\/\/marktxxl.de\/markt\/wp-json\/wp\/v2\/media?parent=55808"}],"wp:term":[{"taxonomy":"product_brand","embeddable":true,"href":"https:\/\/marktxxl.de\/markt\/wp-json\/wp\/v2\/product_brand?post=55808"},{"taxonomy":"product_cat","embeddable":true,"href":"https:\/\/marktxxl.de\/markt\/wp-json\/wp\/v2\/product_cat?post=55808"},{"taxonomy":"product_tag","embeddable":true,"href":"https:\/\/marktxxl.de\/markt\/wp-json\/wp\/v2\/product_tag?post=55808"}],"curies":[{"name":"wp","href":"https:\/\/api.w.org\/{rel}","templated":true}]}}