{"id":55487,"date":"2021-10-14T00:00:16","date_gmt":"2021-10-13T22:00:16","guid":{"rendered":"https:\/\/marktxxl.de\/markt\/produkt\/hey-duggee-cbeebies-poncho-handtuch-einheits-badetuch-kinder-jungen-maedchen\/"},"modified":"2023-04-11T02:21:50","modified_gmt":"2023-04-11T00:21:50","slug":"hey-duggee-cbeebies-poncho-handtuch-einheits-badetuch-kinder-jungen-maedchen","status":"publish","type":"product","link":"https:\/\/marktxxl.de\/markt\/produkt\/hey-duggee-cbeebies-poncho-handtuch-einheits-badetuch-kinder-jungen-maedchen\/","title":{"rendered":"Hey Duggee Cbeebies Poncho Handtuch Einheits Badetuch Kinder Jungen M\u00e4dchen"},"content":{"rendered":"<p>WARMES &amp; TROCKENES HEY DUGGEE PONCHO BADEKINDER F\u00dcR KINDER &#8211; Unser super cooles Hey Duggee Handtuch f\u00fcr Jungen und M\u00e4dchen ist der beste Weg, um Ihre Kleinen nach Schwimmunterricht, Strand- und Pooltagen und Badezeit warm und trocken zu halten!<br \/>\nUNISEX KIDS HEY DUGGEE TUCHJACKE EINE GR\u00d6SSE &#8211; Dieses Hey Duggee Handtuch ist in einer Gr\u00f6\u00dfe erh\u00e4ltlich, die f\u00fcr kleine Kleinkinder, \u00e4ltere Kinder und Jugendliche geeignet ist. Das Hey Duggee Handtuch ist im Poncho-Stil mit einer superweichen Kapuze erh\u00e4ltlich, die sich perfekt zum Kuscheln und Trocknen eignet!<br \/>\nCOSY COTTON HEY DUGGEE STRAND-, SCHWIMM-, POOL- UND BADTUCH &#8211; Das Hey Duggee Ponchotuch f\u00fcr M\u00e4dchen und Jungen besteht aus 100% Baumwolle und ist ein schnell saugf\u00e4higes Material, das perfekt daf\u00fcr geeignet ist, Ihre Kleinen warm und trocken zu machen. Es ist die perfekte L\u00f6sung, um kleine Hey Duggee-Fans an Strandtagen vor der Sonne zu sch\u00fctzen!<br \/>\nSOFT HEY DUGGEE 3D-OHREN-PONCHO-TUCH F\u00dcR M\u00c4DCHEN &amp; JUNGEN &#8211; Das Poncho-Handtuch f\u00fcr Kinder ist mit dem Kost\u00fcm-T-Shirt Hey Duggees ausgestattet, wie es in der Cbeebies-Kinderfernsehshow zu sehen ist. Die fantastische Kapuze der Vertuschung zeigt das Gesicht von Hey Duggees mit lustigen 3D-Ohren, die ein fantastisches Geschenk f\u00fcr Hey Duggee-Fans sind.<br \/>\nOFFIZIELL LIZENZIERTES HEY DUGGEE-WAREN &#8211; Dieses Hey Duggee-Badetuch ist 100% offizielle Hey Duggee-Ware. Um das Beste aus diesem Produkt herauszuholen, befolgen Sie bitte vor dem Gebrauch alle Anweisungen auf dem Wasch- und Pflegeetikett.<br \/>\n<div class=\"main-cross-sell\" data-asin=\"B08V1SMCSB\">\n\n\t<div class=\"WooZone-cross-sell-loader\">\n\t\t<div>\n\t\t\t<div id=\"floatingBarsG\">\n\t\t\t\t<div class=\"blockG\" id=\"rotateG_01\"><\/div>\n\t\t\t\t<div class=\"blockG\" id=\"rotateG_02\"><\/div>\n\t\t\t\t<div class=\"blockG\" id=\"rotateG_03\"><\/div>\n\t\t\t\t<div class=\"blockG\" id=\"rotateG_04\"><\/div>\n\t\t\t\t<div class=\"blockG\" id=\"rotateG_05\"><\/div>\n\t\t\t\t<div class=\"blockG\" id=\"rotateG_06\"><\/div>\n\t\t\t\t<div class=\"blockG\" id=\"rotateG_07\"><\/div>\n\t\t\t\t<div class=\"blockG\" id=\"rotateG_08\"><\/div>\n\t\t\t<\/div>\n\t\t\t<div class=\"WooZone-cross-sell-loader-text\"><\/div>\n\t\t<\/div>\n\t<\/div>\n\n\t\t\n<\/div>\n<div style=\"clear:both;\"><\/div><\/p>\n","protected":false},"excerpt":{"rendered":"<p>WARMES &amp; TROCKENES HEY DUGGEE PONCHO BADEKINDER F\u00dcR KINDER &#8211; Unser super cooles Hey Duggee Handtuch f\u00fcr Jungen und M\u00e4dchen ist der beste Weg, um Ihre Kleinen nach Schwimmunterricht, Strand- und Pooltagen und Badezeit warm und trocken zu halten!<br \/>\nUNISEX KIDS HEY DUGGEE TUCHJACKE EINE GR\u00d6SSE &#8211; Dieses Hey Duggee Handtuch ist in einer Gr\u00f6\u00dfe erh\u00e4ltlich, die f\u00fcr kleine Kleinkinder, \u00e4ltere Kinder und Jugendliche geeignet ist. Das Hey Duggee Handtuch ist im Poncho-Stil mit einer superweichen Kapuze erh\u00e4ltlich, die sich perfekt zum Kuscheln und Trocknen eignet!<br \/>\nCOSY COTTON HEY DUGGEE STRAND-, SCHWIMM-, POOL- UND BADTUCH &#8211; Das Hey Duggee Ponchotuch f\u00fcr M\u00e4dchen und Jungen besteht aus 100% Baumwolle und ist ein schnell saugf\u00e4higes Material, das perfekt daf\u00fcr geeignet ist, Ihre Kleinen warm und trocken zu machen. Es ist die perfekte L\u00f6sung, um kleine Hey Duggee-Fans an Strandtagen vor der Sonne zu sch\u00fctzen!<\/p>\n","protected":false},"featured_media":55488,"comment_status":"open","ping_status":"closed","template":"","meta":[],"product_brand":[],"product_cat":[1186,4034],"product_tag":[],"class_list":{"0":"post-55487","1":"product","2":"type-product","3":"status-publish","4":"has-post-thumbnail","6":"product_cat-bekleidung","7":"product_cat-jungen","8":"pa_brand-hey-duggee","9":"pa_color-gelb","10":"pa_height-0-787401574-zoll","11":"pa_length-12-4015747905-zoll","12":"pa_manufacturer-vanilla-underground","13":"pa_size-einheitsgroesse","14":"pa_weight-0-661386786-pfund","15":"pa_width-10-236220462-zoll","17":"first","18":"instock","19":"shipping-taxable","20":"purchasable","21":"product-type-simple","22":"customify-col","23":"product-has-gallery"},"yoast_head":"<!-- This site is optimized with the Yoast SEO plugin v27.3 - https:\/\/yoast.com\/product\/yoast-seo-wordpress\/ -->\n<title>Hey Duggee Cbeebies Poncho Handtuch Einheits Badetuch Kinder Jungen M\u00e4dchen - Markt-XXL<\/title>\n<meta name=\"description\" content=\"Markt-XXL Hey Duggee Cbeebies Poncho Handtuch Einheits Badetuch Kinder Jungen M\u00e4dchen\" \/>\n<meta name=\"robots\" content=\"index, follow, max-snippet:-1, max-image-preview:large, max-video-preview:-1\" \/>\n<link rel=\"canonical\" href=\"https:\/\/marktxxl.de\/markt\/produkt\/hey-duggee-cbeebies-poncho-handtuch-einheits-badetuch-kinder-jungen-maedchen\/\" \/>\n<meta property=\"og:locale\" content=\"de_DE\" \/>\n<meta property=\"og:type\" content=\"article\" \/>\n<meta property=\"og:title\" content=\"Hey Duggee Cbeebies Poncho Handtuch Einheits Badetuch Kinder Jungen M\u00e4dchen - Markt-XXL\" \/>\n<meta property=\"og:description\" content=\"Markt-XXL Hey Duggee Cbeebies Poncho Handtuch Einheits Badetuch Kinder Jungen M\u00e4dchen\" \/>\n<meta property=\"og:url\" content=\"https:\/\/marktxxl.de\/markt\/produkt\/hey-duggee-cbeebies-poncho-handtuch-einheits-badetuch-kinder-jungen-maedchen\/\" \/>\n<meta property=\"og:site_name\" content=\"Markt-XXL\" \/>\n<meta property=\"article:modified_time\" content=\"2023-04-11T00:21:50+00:00\" \/>\n<meta property=\"og:image\" content=\"https:\/\/m.media-amazon.com\/images\/I\/41SYQNZTBiL._SL500_.jpg\" \/>\n\t<meta property=\"og:image:width\" content=\"393\" \/>\n\t<meta property=\"og:image:height\" content=\"500\" \/>\n\t<meta property=\"og:image:type\" content=\"image\/jpeg\" \/>\n<meta name=\"twitter:card\" content=\"summary_large_image\" \/>\n<meta name=\"twitter:label1\" content=\"Gesch\u00e4tzte Lesezeit\" \/>\n\t<meta name=\"twitter:data1\" content=\"1\u00a0Minute\" \/>\n<script type=\"application\/ld+json\" class=\"yoast-schema-graph\">{\"@context\":\"https:\\\/\\\/schema.org\",\"@graph\":[{\"@type\":\"WebPage\",\"@id\":\"https:\\\/\\\/marktxxl.de\\\/markt\\\/produkt\\\/hey-duggee-cbeebies-poncho-handtuch-einheits-badetuch-kinder-jungen-maedchen\\\/\",\"url\":\"https:\\\/\\\/marktxxl.de\\\/markt\\\/produkt\\\/hey-duggee-cbeebies-poncho-handtuch-einheits-badetuch-kinder-jungen-maedchen\\\/\",\"name\":\"Hey Duggee Cbeebies Poncho Handtuch Einheits Badetuch Kinder Jungen M\u00e4dchen - Markt-XXL\",\"isPartOf\":{\"@id\":\"https:\\\/\\\/marktxxl.de\\\/markt\\\/#website\"},\"primaryImageOfPage\":{\"@id\":\"https:\\\/\\\/marktxxl.de\\\/markt\\\/produkt\\\/hey-duggee-cbeebies-poncho-handtuch-einheits-badetuch-kinder-jungen-maedchen\\\/#primaryimage\"},\"image\":{\"@id\":\"https:\\\/\\\/marktxxl.de\\\/markt\\\/produkt\\\/hey-duggee-cbeebies-poncho-handtuch-einheits-badetuch-kinder-jungen-maedchen\\\/#primaryimage\"},\"thumbnailUrl\":\"https:\\\/\\\/m.media-amazon.com\\\/images\\\/I\\\/41SYQNZTBiL._SL500_.jpg\",\"datePublished\":\"2021-10-13T22:00:16+00:00\",\"dateModified\":\"2023-04-11T00:21:50+00:00\",\"description\":\"Markt-XXL Hey Duggee Cbeebies Poncho Handtuch Einheits Badetuch Kinder Jungen M\u00e4dchen\",\"breadcrumb\":{\"@id\":\"https:\\\/\\\/marktxxl.de\\\/markt\\\/produkt\\\/hey-duggee-cbeebies-poncho-handtuch-einheits-badetuch-kinder-jungen-maedchen\\\/#breadcrumb\"},\"inLanguage\":\"de\",\"potentialAction\":[{\"@type\":\"ReadAction\",\"target\":[\"https:\\\/\\\/marktxxl.de\\\/markt\\\/produkt\\\/hey-duggee-cbeebies-poncho-handtuch-einheits-badetuch-kinder-jungen-maedchen\\\/\"]}]},{\"@type\":\"ImageObject\",\"inLanguage\":\"de\",\"@id\":\"https:\\\/\\\/marktxxl.de\\\/markt\\\/produkt\\\/hey-duggee-cbeebies-poncho-handtuch-einheits-badetuch-kinder-jungen-maedchen\\\/#primaryimage\",\"url\":\"https:\\\/\\\/m.media-amazon.com\\\/images\\\/I\\\/41SYQNZTBiL._SL500_.jpg\",\"contentUrl\":\"https:\\\/\\\/m.media-amazon.com\\\/images\\\/I\\\/41SYQNZTBiL._SL500_.jpg\",\"width\":393,\"height\":500},{\"@type\":\"BreadcrumbList\",\"@id\":\"https:\\\/\\\/marktxxl.de\\\/markt\\\/produkt\\\/hey-duggee-cbeebies-poncho-handtuch-einheits-badetuch-kinder-jungen-maedchen\\\/#breadcrumb\",\"itemListElement\":[{\"@type\":\"ListItem\",\"position\":1,\"name\":\"Startseite\",\"item\":\"https:\\\/\\\/marktxxl.de\\\/markt\\\/\"},{\"@type\":\"ListItem\",\"position\":2,\"name\":\"Markt\",\"item\":\"https:\\\/\\\/marktxxl.de\\\/markt\\\/\"},{\"@type\":\"ListItem\",\"position\":3,\"name\":\"Hey Duggee Cbeebies Poncho Handtuch Einheits Badetuch Kinder Jungen M\u00e4dchen\"}]},{\"@type\":\"WebSite\",\"@id\":\"https:\\\/\\\/marktxxl.de\\\/markt\\\/#website\",\"url\":\"https:\\\/\\\/marktxxl.de\\\/markt\\\/\",\"name\":\"Markt-XXL\",\"description\":\"Ihr Markt Online\",\"publisher\":{\"@id\":\"https:\\\/\\\/marktxxl.de\\\/markt\\\/#organization\"},\"potentialAction\":[{\"@type\":\"SearchAction\",\"target\":{\"@type\":\"EntryPoint\",\"urlTemplate\":\"https:\\\/\\\/marktxxl.de\\\/markt\\\/?s={search_term_string}\"},\"query-input\":{\"@type\":\"PropertyValueSpecification\",\"valueRequired\":true,\"valueName\":\"search_term_string\"}}],\"inLanguage\":\"de\"},{\"@type\":\"Organization\",\"@id\":\"https:\\\/\\\/marktxxl.de\\\/markt\\\/#organization\",\"name\":\"Markt-XXL\",\"url\":\"https:\\\/\\\/marktxxl.de\\\/markt\\\/\",\"logo\":{\"@type\":\"ImageObject\",\"inLanguage\":\"de\",\"@id\":\"https:\\\/\\\/marktxxl.de\\\/markt\\\/#\\\/schema\\\/logo\\\/image\\\/\",\"url\":\"https:\\\/\\\/marktxxl.de\\\/markt\\\/wp-content\\\/uploads\\\/sites\\\/3\\\/2020\\\/12\\\/logo.png\",\"contentUrl\":\"https:\\\/\\\/marktxxl.de\\\/markt\\\/wp-content\\\/uploads\\\/sites\\\/3\\\/2020\\\/12\\\/logo.png\",\"width\":200,\"height\":70,\"caption\":\"Markt-XXL\"},\"image\":{\"@id\":\"https:\\\/\\\/marktxxl.de\\\/markt\\\/#\\\/schema\\\/logo\\\/image\\\/\"}}]}<\/script>\n<!-- \/ Yoast SEO plugin. -->","yoast_head_json":{"title":"Hey Duggee Cbeebies Poncho Handtuch Einheits Badetuch Kinder Jungen M\u00e4dchen - Markt-XXL","description":"Markt-XXL Hey Duggee Cbeebies Poncho Handtuch Einheits Badetuch Kinder Jungen M\u00e4dchen","robots":{"index":"index","follow":"follow","max-snippet":"max-snippet:-1","max-image-preview":"max-image-preview:large","max-video-preview":"max-video-preview:-1"},"canonical":"https:\/\/marktxxl.de\/markt\/produkt\/hey-duggee-cbeebies-poncho-handtuch-einheits-badetuch-kinder-jungen-maedchen\/","og_locale":"de_DE","og_type":"article","og_title":"Hey Duggee Cbeebies Poncho Handtuch Einheits Badetuch Kinder Jungen M\u00e4dchen - Markt-XXL","og_description":"Markt-XXL Hey Duggee Cbeebies Poncho Handtuch Einheits Badetuch Kinder Jungen M\u00e4dchen","og_url":"https:\/\/marktxxl.de\/markt\/produkt\/hey-duggee-cbeebies-poncho-handtuch-einheits-badetuch-kinder-jungen-maedchen\/","og_site_name":"Markt-XXL","article_modified_time":"2023-04-11T00:21:50+00:00","og_image":[{"width":393,"height":500,"url":"https:\/\/m.media-amazon.com\/images\/I\/41SYQNZTBiL._SL500_.jpg","type":"image\/jpeg"}],"twitter_card":"summary_large_image","twitter_misc":{"Gesch\u00e4tzte Lesezeit":"1\u00a0Minute"},"schema":{"@context":"https:\/\/schema.org","@graph":[{"@type":"WebPage","@id":"https:\/\/marktxxl.de\/markt\/produkt\/hey-duggee-cbeebies-poncho-handtuch-einheits-badetuch-kinder-jungen-maedchen\/","url":"https:\/\/marktxxl.de\/markt\/produkt\/hey-duggee-cbeebies-poncho-handtuch-einheits-badetuch-kinder-jungen-maedchen\/","name":"Hey Duggee Cbeebies Poncho Handtuch Einheits Badetuch Kinder Jungen M\u00e4dchen - Markt-XXL","isPartOf":{"@id":"https:\/\/marktxxl.de\/markt\/#website"},"primaryImageOfPage":{"@id":"https:\/\/marktxxl.de\/markt\/produkt\/hey-duggee-cbeebies-poncho-handtuch-einheits-badetuch-kinder-jungen-maedchen\/#primaryimage"},"image":{"@id":"https:\/\/marktxxl.de\/markt\/produkt\/hey-duggee-cbeebies-poncho-handtuch-einheits-badetuch-kinder-jungen-maedchen\/#primaryimage"},"thumbnailUrl":"https:\/\/m.media-amazon.com\/images\/I\/41SYQNZTBiL._SL500_.jpg","datePublished":"2021-10-13T22:00:16+00:00","dateModified":"2023-04-11T00:21:50+00:00","description":"Markt-XXL Hey Duggee Cbeebies Poncho Handtuch Einheits Badetuch Kinder Jungen M\u00e4dchen","breadcrumb":{"@id":"https:\/\/marktxxl.de\/markt\/produkt\/hey-duggee-cbeebies-poncho-handtuch-einheits-badetuch-kinder-jungen-maedchen\/#breadcrumb"},"inLanguage":"de","potentialAction":[{"@type":"ReadAction","target":["https:\/\/marktxxl.de\/markt\/produkt\/hey-duggee-cbeebies-poncho-handtuch-einheits-badetuch-kinder-jungen-maedchen\/"]}]},{"@type":"ImageObject","inLanguage":"de","@id":"https:\/\/marktxxl.de\/markt\/produkt\/hey-duggee-cbeebies-poncho-handtuch-einheits-badetuch-kinder-jungen-maedchen\/#primaryimage","url":"https:\/\/m.media-amazon.com\/images\/I\/41SYQNZTBiL._SL500_.jpg","contentUrl":"https:\/\/m.media-amazon.com\/images\/I\/41SYQNZTBiL._SL500_.jpg","width":393,"height":500},{"@type":"BreadcrumbList","@id":"https:\/\/marktxxl.de\/markt\/produkt\/hey-duggee-cbeebies-poncho-handtuch-einheits-badetuch-kinder-jungen-maedchen\/#breadcrumb","itemListElement":[{"@type":"ListItem","position":1,"name":"Startseite","item":"https:\/\/marktxxl.de\/markt\/"},{"@type":"ListItem","position":2,"name":"Markt","item":"https:\/\/marktxxl.de\/markt\/"},{"@type":"ListItem","position":3,"name":"Hey Duggee Cbeebies Poncho Handtuch Einheits Badetuch Kinder Jungen M\u00e4dchen"}]},{"@type":"WebSite","@id":"https:\/\/marktxxl.de\/markt\/#website","url":"https:\/\/marktxxl.de\/markt\/","name":"Markt-XXL","description":"Ihr Markt Online","publisher":{"@id":"https:\/\/marktxxl.de\/markt\/#organization"},"potentialAction":[{"@type":"SearchAction","target":{"@type":"EntryPoint","urlTemplate":"https:\/\/marktxxl.de\/markt\/?s={search_term_string}"},"query-input":{"@type":"PropertyValueSpecification","valueRequired":true,"valueName":"search_term_string"}}],"inLanguage":"de"},{"@type":"Organization","@id":"https:\/\/marktxxl.de\/markt\/#organization","name":"Markt-XXL","url":"https:\/\/marktxxl.de\/markt\/","logo":{"@type":"ImageObject","inLanguage":"de","@id":"https:\/\/marktxxl.de\/markt\/#\/schema\/logo\/image\/","url":"https:\/\/marktxxl.de\/markt\/wp-content\/uploads\/sites\/3\/2020\/12\/logo.png","contentUrl":"https:\/\/marktxxl.de\/markt\/wp-content\/uploads\/sites\/3\/2020\/12\/logo.png","width":200,"height":70,"caption":"Markt-XXL"},"image":{"@id":"https:\/\/marktxxl.de\/markt\/#\/schema\/logo\/image\/"}}]}},"_links":{"self":[{"href":"https:\/\/marktxxl.de\/markt\/wp-json\/wp\/v2\/product\/55487","targetHints":{"allow":["GET"]}}],"collection":[{"href":"https:\/\/marktxxl.de\/markt\/wp-json\/wp\/v2\/product"}],"about":[{"href":"https:\/\/marktxxl.de\/markt\/wp-json\/wp\/v2\/types\/product"}],"replies":[{"embeddable":true,"href":"https:\/\/marktxxl.de\/markt\/wp-json\/wp\/v2\/comments?post=55487"}],"wp:featuredmedia":[{"embeddable":true,"href":"https:\/\/marktxxl.de\/markt\/wp-json\/wp\/v2\/media\/55488"}],"wp:attachment":[{"href":"https:\/\/marktxxl.de\/markt\/wp-json\/wp\/v2\/media?parent=55487"}],"wp:term":[{"taxonomy":"product_brand","embeddable":true,"href":"https:\/\/marktxxl.de\/markt\/wp-json\/wp\/v2\/product_brand?post=55487"},{"taxonomy":"product_cat","embeddable":true,"href":"https:\/\/marktxxl.de\/markt\/wp-json\/wp\/v2\/product_cat?post=55487"},{"taxonomy":"product_tag","embeddable":true,"href":"https:\/\/marktxxl.de\/markt\/wp-json\/wp\/v2\/product_tag?post=55487"}],"curies":[{"name":"wp","href":"https:\/\/api.w.org\/{rel}","templated":true}]}}