{"id":55424,"date":"2021-10-13T23:58:40","date_gmt":"2021-10-13T21:58:40","guid":{"rendered":"https:\/\/marktxxl.de\/markt\/produkt\/bisousox-herren-lustige-bunte-sockenfroehliche-herrenstruempfewitzige-sockenverrueckte-modische-herrensockenklassische-struempfeneuheit-sortschuhe-socken-geschenk-fuer-mann-freund\/"},"modified":"2023-04-11T02:21:50","modified_gmt":"2023-04-11T00:21:50","slug":"bisousox-herren-lustige-bunte-sockenfroehliche-herrenstruempfewitzige-sockenverrueckte-modische-herrensockenklassische-struempfeneuheit-sortschuhe-socken-geschenk-fuer-mann-freund","status":"publish","type":"product","link":"https:\/\/marktxxl.de\/markt\/produkt\/bisousox-herren-lustige-bunte-sockenfroehliche-herrenstruempfewitzige-sockenverrueckte-modische-herrensockenklassische-struempfeneuheit-sortschuhe-socken-geschenk-fuer-mann-freund\/","title":{"rendered":"BISOUSOX Socken Herren 39-46 Bunt Lustig Herrensocken Lustige Motive Klassische Str\u00fcmpfe Modische Socken f\u00fcr M\u00e4nner\u2026"},"content":{"rendered":"<p>? \u3010Heben Sie sich von der Masse ab\u3011 Warum gibt es nur schwarze oder wei\u00dfe Socken f\u00fcr M\u00e4nner?Warum immer einfarbige und matte Muster f\u00fcr Herrensocken? Los geht&#8217;s,ERSTAUNLICHE Herrensocken mit einzigartigem und auffallendem Design und Farbe,die Sie von der Masse abheben! Sie werden nach dem Tragen unserer Socken jede Menge Komplimente erhalten! Und Sie werden keine wiederholten Socken tragen eine Woche, wenn Sie mehr Paare kaufen.<br \/>\n? \u3010Gem\u00fctlich &amp; Fit\u3011 Eine Gr\u00f6\u00dfe f\u00fcr alle M\u00c4NNER in der Gr\u00f6\u00dfe: US 8-12\/EU 39-46. Wir verwenden eine gro\u00dfartige Mischung aus Baumwolle, Nylon und Elasthan,die die Form der Socke intakt h\u00e4lt.Au\u00dferdem bietet es ein gro\u00dfartiges Gef\u00fchl von Komfort und passt perfekt zu Ihren F\u00fc\u00dfen,genau wie ma\u00dfgeschneiderte. 80% Baumwolle,15% Polyamid,5% Elasthan<br \/>\n? \u3010Sparsam &amp; Praktisch\u3011 Jeder Mann braucht diese Art von Socken! Sie k\u00f6nnen zu jeder Jahreszeit getragen werden (im Sommer etwas dick). Sie k\u00f6nnen viele Paare zu einem wirklich guten Preis erhalten. Sie k\u00f6nnen es als Kleidersocken,Uniform\/Anzugsocken, Business\/B\u00fcrosocken,Sneakersocken,t\u00e4gliche Hosensocken, Partysocken, Hochzeitskleiderstr\u00fcmpfe tragen.<br \/>\n? \u3010\u00dcberraschungsgeschenke\u3011 Was f\u00fcr eine sch\u00f6ne Wahl f\u00fcr Familie Liebhaber\/Freunde Geburtstag,Vatertag,Jubil\u00e4um,Hochzeit, Junggesellenabschiede,Karneval, Weihnachtsmann,Ostern,Weihnachten, Valentinstag,Thanksgiving Geschenk.<br \/>\n? \u3010After-Sale-Garantie\u3011 Wenn Sie Probleme mit unseren Produkten haben,k\u00f6nnen Sie sich an uns wenden.Wir werden unser Bestes tun, um Ihnen bei der L\u00f6sung des Problems zu helfen.<br \/>\n<div class=\"main-cross-sell\" data-asin=\"B07SJ3QWSS\">\n\n\t<div class=\"WooZone-cross-sell-loader\">\n\t\t<div>\n\t\t\t<div id=\"floatingBarsG\">\n\t\t\t\t<div class=\"blockG\" id=\"rotateG_01\"><\/div>\n\t\t\t\t<div class=\"blockG\" id=\"rotateG_02\"><\/div>\n\t\t\t\t<div class=\"blockG\" id=\"rotateG_03\"><\/div>\n\t\t\t\t<div class=\"blockG\" id=\"rotateG_04\"><\/div>\n\t\t\t\t<div class=\"blockG\" id=\"rotateG_05\"><\/div>\n\t\t\t\t<div class=\"blockG\" id=\"rotateG_06\"><\/div>\n\t\t\t\t<div class=\"blockG\" id=\"rotateG_07\"><\/div>\n\t\t\t\t<div class=\"blockG\" id=\"rotateG_08\"><\/div>\n\t\t\t<\/div>\n\t\t\t<div class=\"WooZone-cross-sell-loader-text\"><\/div>\n\t\t<\/div>\n\t<\/div>\n\n\t\t\n<\/div>\n<div style=\"clear:both;\"><\/div><\/p>\n","protected":false},"excerpt":{"rendered":"<p>? \u3010Heben Sie sich von der Masse ab\u3011 Warum gibt es nur schwarze oder wei\u00dfe Socken f\u00fcr M\u00e4nner?Warum immer einfarbige und matte Muster f\u00fcr Herrensocken? Los geht&#8217;s,ERSTAUNLICHE Herrensocken mit einzigartigem und auffallendem Design und Farbe,die Sie von der Masse abheben! Sie werden nach dem Tragen unserer Socken jede Menge Komplimente erhalten! Und Sie werden keine wiederholten Socken tragen eine Woche, wenn Sie mehr Paare kaufen.<br \/>\n? \u3010Gem\u00fctlich &amp; Fit\u3011 Eine Gr\u00f6\u00dfe f\u00fcr alle M\u00c4NNER in der Gr\u00f6\u00dfe: US 8-12\/EU 39-46. Wir verwenden eine gro\u00dfartige Mischung aus Baumwolle, Nylon und Elasthan,die die Form der Socke intakt h\u00e4lt.Au\u00dferdem bietet es ein gro\u00dfartiges Gef\u00fchl von Komfort und passt perfekt zu Ihren F\u00fc\u00dfen,genau wie ma\u00dfgeschneiderte. 80% Baumwolle,15% Polyamid,5% Elasthan<br \/>\n? \u3010Sparsam &amp; Praktisch\u3011 Jeder Mann braucht diese Art von Socken! Sie k\u00f6nnen zu jeder Jahreszeit getragen werden (im Sommer etwas dick). Sie k\u00f6nnen viele Paare zu einem wirklich guten Preis erhalten. Sie k\u00f6nnen es als Kleidersocken,Uniform\/Anzugsocken, Business\/B\u00fcrosocken,Sneakersocken,t\u00e4gliche Hosensocken, Partysocken, Hochzeitskleiderstr\u00fcmpfe tragen.<\/p>\n","protected":false},"featured_media":55425,"comment_status":"open","ping_status":"closed","template":"","meta":[],"product_brand":[],"product_cat":[1186,4034],"product_tag":[],"class_list":{"0":"post-55424","1":"product","2":"type-product","3":"status-publish","4":"has-post-thumbnail","6":"product_cat-bekleidung","7":"product_cat-jungen","8":"pa_binding-textilien","9":"pa_brand-bisousox","11":"first","12":"instock","13":"shipping-taxable","14":"purchasable","15":"product-type-simple","16":"customify-col","17":"product-has-gallery"},"yoast_head":"<!-- This site is optimized with the Yoast SEO plugin v27.4 - https:\/\/yoast.com\/product\/yoast-seo-wordpress\/ -->\n<title>BISOUSOX Socken Herren 39-46 Bunt Lustig Herrensocken Lustige Motive Klassische Str\u00fcmpfe Modische Socken f\u00fcr M\u00e4nner\u2026 - Markt-XXL<\/title>\n<meta name=\"description\" content=\"Markt-XXL BISOUSOX Socken Herren 39-46 Bunt Lustig Herrensocken Lustige Motive Klassische Str\u00fcmpfe Modische Socken f\u00fcr M\u00e4nner\u2026\" \/>\n<meta name=\"robots\" content=\"index, follow, max-snippet:-1, max-image-preview:large, max-video-preview:-1\" \/>\n<link rel=\"canonical\" href=\"https:\/\/marktxxl.de\/markt\/produkt\/bisousox-herren-lustige-bunte-sockenfroehliche-herrenstruempfewitzige-sockenverrueckte-modische-herrensockenklassische-struempfeneuheit-sortschuhe-socken-geschenk-fuer-mann-freund\/\" \/>\n<meta property=\"og:locale\" content=\"de_DE\" \/>\n<meta property=\"og:type\" content=\"article\" \/>\n<meta property=\"og:title\" content=\"BISOUSOX Socken Herren 39-46 Bunt Lustig Herrensocken Lustige Motive Klassische Str\u00fcmpfe Modische Socken f\u00fcr M\u00e4nner\u2026 - Markt-XXL\" \/>\n<meta property=\"og:description\" content=\"Markt-XXL BISOUSOX Socken Herren 39-46 Bunt Lustig Herrensocken Lustige Motive Klassische Str\u00fcmpfe Modische Socken f\u00fcr M\u00e4nner\u2026\" \/>\n<meta property=\"og:url\" content=\"https:\/\/marktxxl.de\/markt\/produkt\/bisousox-herren-lustige-bunte-sockenfroehliche-herrenstruempfewitzige-sockenverrueckte-modische-herrensockenklassische-struempfeneuheit-sortschuhe-socken-geschenk-fuer-mann-freund\/\" \/>\n<meta property=\"og:site_name\" content=\"Markt-XXL\" \/>\n<meta property=\"article:modified_time\" content=\"2023-04-11T00:21:50+00:00\" \/>\n<meta property=\"og:image\" content=\"https:\/\/m.media-amazon.com\/images\/I\/41UaDnrISpL._SL500_.jpg\" \/>\n\t<meta property=\"og:image:width\" content=\"500\" \/>\n\t<meta property=\"og:image:height\" content=\"500\" \/>\n\t<meta property=\"og:image:type\" content=\"image\/jpeg\" \/>\n<meta name=\"twitter:card\" content=\"summary_large_image\" \/>\n<meta name=\"twitter:label1\" content=\"Gesch\u00e4tzte Lesezeit\" \/>\n\t<meta name=\"twitter:data1\" content=\"1\u00a0Minute\" \/>\n<script type=\"application\/ld+json\" class=\"yoast-schema-graph\">{\"@context\":\"https:\\\/\\\/schema.org\",\"@graph\":[{\"@type\":\"WebPage\",\"@id\":\"https:\\\/\\\/marktxxl.de\\\/markt\\\/produkt\\\/bisousox-herren-lustige-bunte-sockenfroehliche-herrenstruempfewitzige-sockenverrueckte-modische-herrensockenklassische-struempfeneuheit-sortschuhe-socken-geschenk-fuer-mann-freund\\\/\",\"url\":\"https:\\\/\\\/marktxxl.de\\\/markt\\\/produkt\\\/bisousox-herren-lustige-bunte-sockenfroehliche-herrenstruempfewitzige-sockenverrueckte-modische-herrensockenklassische-struempfeneuheit-sortschuhe-socken-geschenk-fuer-mann-freund\\\/\",\"name\":\"BISOUSOX Socken Herren 39-46 Bunt Lustig Herrensocken Lustige Motive Klassische Str\u00fcmpfe Modische Socken f\u00fcr M\u00e4nner\u2026 - Markt-XXL\",\"isPartOf\":{\"@id\":\"https:\\\/\\\/marktxxl.de\\\/markt\\\/#website\"},\"primaryImageOfPage\":{\"@id\":\"https:\\\/\\\/marktxxl.de\\\/markt\\\/produkt\\\/bisousox-herren-lustige-bunte-sockenfroehliche-herrenstruempfewitzige-sockenverrueckte-modische-herrensockenklassische-struempfeneuheit-sortschuhe-socken-geschenk-fuer-mann-freund\\\/#primaryimage\"},\"image\":{\"@id\":\"https:\\\/\\\/marktxxl.de\\\/markt\\\/produkt\\\/bisousox-herren-lustige-bunte-sockenfroehliche-herrenstruempfewitzige-sockenverrueckte-modische-herrensockenklassische-struempfeneuheit-sortschuhe-socken-geschenk-fuer-mann-freund\\\/#primaryimage\"},\"thumbnailUrl\":\"https:\\\/\\\/m.media-amazon.com\\\/images\\\/I\\\/41UaDnrISpL._SL500_.jpg\",\"datePublished\":\"2021-10-13T21:58:40+00:00\",\"dateModified\":\"2023-04-11T00:21:50+00:00\",\"description\":\"Markt-XXL BISOUSOX Socken Herren 39-46 Bunt Lustig Herrensocken Lustige Motive Klassische Str\u00fcmpfe Modische Socken f\u00fcr M\u00e4nner\u2026\",\"breadcrumb\":{\"@id\":\"https:\\\/\\\/marktxxl.de\\\/markt\\\/produkt\\\/bisousox-herren-lustige-bunte-sockenfroehliche-herrenstruempfewitzige-sockenverrueckte-modische-herrensockenklassische-struempfeneuheit-sortschuhe-socken-geschenk-fuer-mann-freund\\\/#breadcrumb\"},\"inLanguage\":\"de\",\"potentialAction\":[{\"@type\":\"ReadAction\",\"target\":[\"https:\\\/\\\/marktxxl.de\\\/markt\\\/produkt\\\/bisousox-herren-lustige-bunte-sockenfroehliche-herrenstruempfewitzige-sockenverrueckte-modische-herrensockenklassische-struempfeneuheit-sortschuhe-socken-geschenk-fuer-mann-freund\\\/\"]}]},{\"@type\":\"ImageObject\",\"inLanguage\":\"de\",\"@id\":\"https:\\\/\\\/marktxxl.de\\\/markt\\\/produkt\\\/bisousox-herren-lustige-bunte-sockenfroehliche-herrenstruempfewitzige-sockenverrueckte-modische-herrensockenklassische-struempfeneuheit-sortschuhe-socken-geschenk-fuer-mann-freund\\\/#primaryimage\",\"url\":\"https:\\\/\\\/m.media-amazon.com\\\/images\\\/I\\\/41UaDnrISpL._SL500_.jpg\",\"contentUrl\":\"https:\\\/\\\/m.media-amazon.com\\\/images\\\/I\\\/41UaDnrISpL._SL500_.jpg\",\"width\":500,\"height\":500},{\"@type\":\"BreadcrumbList\",\"@id\":\"https:\\\/\\\/marktxxl.de\\\/markt\\\/produkt\\\/bisousox-herren-lustige-bunte-sockenfroehliche-herrenstruempfewitzige-sockenverrueckte-modische-herrensockenklassische-struempfeneuheit-sortschuhe-socken-geschenk-fuer-mann-freund\\\/#breadcrumb\",\"itemListElement\":[{\"@type\":\"ListItem\",\"position\":1,\"name\":\"Startseite\",\"item\":\"https:\\\/\\\/marktxxl.de\\\/markt\\\/\"},{\"@type\":\"ListItem\",\"position\":2,\"name\":\"Markt\",\"item\":\"https:\\\/\\\/marktxxl.de\\\/markt\\\/\"},{\"@type\":\"ListItem\",\"position\":3,\"name\":\"BISOUSOX Socken Herren 39-46 Bunt Lustig Herrensocken Lustige Motive Klassische Str\u00fcmpfe Modische Socken f\u00fcr M\u00e4nner\u2026\"}]},{\"@type\":\"WebSite\",\"@id\":\"https:\\\/\\\/marktxxl.de\\\/markt\\\/#website\",\"url\":\"https:\\\/\\\/marktxxl.de\\\/markt\\\/\",\"name\":\"Markt-XXL\",\"description\":\"Ihr Markt Online\",\"publisher\":{\"@id\":\"https:\\\/\\\/marktxxl.de\\\/markt\\\/#organization\"},\"potentialAction\":[{\"@type\":\"SearchAction\",\"target\":{\"@type\":\"EntryPoint\",\"urlTemplate\":\"https:\\\/\\\/marktxxl.de\\\/markt\\\/?s={search_term_string}\"},\"query-input\":{\"@type\":\"PropertyValueSpecification\",\"valueRequired\":true,\"valueName\":\"search_term_string\"}}],\"inLanguage\":\"de\"},{\"@type\":\"Organization\",\"@id\":\"https:\\\/\\\/marktxxl.de\\\/markt\\\/#organization\",\"name\":\"Markt-XXL\",\"url\":\"https:\\\/\\\/marktxxl.de\\\/markt\\\/\",\"logo\":{\"@type\":\"ImageObject\",\"inLanguage\":\"de\",\"@id\":\"https:\\\/\\\/marktxxl.de\\\/markt\\\/#\\\/schema\\\/logo\\\/image\\\/\",\"url\":\"https:\\\/\\\/marktxxl.de\\\/markt\\\/wp-content\\\/uploads\\\/sites\\\/3\\\/2020\\\/12\\\/logo.png\",\"contentUrl\":\"https:\\\/\\\/marktxxl.de\\\/markt\\\/wp-content\\\/uploads\\\/sites\\\/3\\\/2020\\\/12\\\/logo.png\",\"width\":200,\"height\":70,\"caption\":\"Markt-XXL\"},\"image\":{\"@id\":\"https:\\\/\\\/marktxxl.de\\\/markt\\\/#\\\/schema\\\/logo\\\/image\\\/\"}}]}<\/script>\n<!-- \/ Yoast SEO plugin. -->","yoast_head_json":{"title":"BISOUSOX Socken Herren 39-46 Bunt Lustig Herrensocken Lustige Motive Klassische Str\u00fcmpfe Modische Socken f\u00fcr M\u00e4nner\u2026 - Markt-XXL","description":"Markt-XXL BISOUSOX Socken Herren 39-46 Bunt Lustig Herrensocken Lustige Motive Klassische Str\u00fcmpfe Modische Socken f\u00fcr M\u00e4nner\u2026","robots":{"index":"index","follow":"follow","max-snippet":"max-snippet:-1","max-image-preview":"max-image-preview:large","max-video-preview":"max-video-preview:-1"},"canonical":"https:\/\/marktxxl.de\/markt\/produkt\/bisousox-herren-lustige-bunte-sockenfroehliche-herrenstruempfewitzige-sockenverrueckte-modische-herrensockenklassische-struempfeneuheit-sortschuhe-socken-geschenk-fuer-mann-freund\/","og_locale":"de_DE","og_type":"article","og_title":"BISOUSOX Socken Herren 39-46 Bunt Lustig Herrensocken Lustige Motive Klassische Str\u00fcmpfe Modische Socken f\u00fcr M\u00e4nner\u2026 - Markt-XXL","og_description":"Markt-XXL BISOUSOX Socken Herren 39-46 Bunt Lustig Herrensocken Lustige Motive Klassische Str\u00fcmpfe Modische Socken f\u00fcr M\u00e4nner\u2026","og_url":"https:\/\/marktxxl.de\/markt\/produkt\/bisousox-herren-lustige-bunte-sockenfroehliche-herrenstruempfewitzige-sockenverrueckte-modische-herrensockenklassische-struempfeneuheit-sortschuhe-socken-geschenk-fuer-mann-freund\/","og_site_name":"Markt-XXL","article_modified_time":"2023-04-11T00:21:50+00:00","og_image":[{"width":500,"height":500,"url":"https:\/\/m.media-amazon.com\/images\/I\/41UaDnrISpL._SL500_.jpg","type":"image\/jpeg"}],"twitter_card":"summary_large_image","twitter_misc":{"Gesch\u00e4tzte Lesezeit":"1\u00a0Minute"},"schema":{"@context":"https:\/\/schema.org","@graph":[{"@type":"WebPage","@id":"https:\/\/marktxxl.de\/markt\/produkt\/bisousox-herren-lustige-bunte-sockenfroehliche-herrenstruempfewitzige-sockenverrueckte-modische-herrensockenklassische-struempfeneuheit-sortschuhe-socken-geschenk-fuer-mann-freund\/","url":"https:\/\/marktxxl.de\/markt\/produkt\/bisousox-herren-lustige-bunte-sockenfroehliche-herrenstruempfewitzige-sockenverrueckte-modische-herrensockenklassische-struempfeneuheit-sortschuhe-socken-geschenk-fuer-mann-freund\/","name":"BISOUSOX Socken Herren 39-46 Bunt Lustig Herrensocken Lustige Motive Klassische Str\u00fcmpfe Modische Socken f\u00fcr M\u00e4nner\u2026 - Markt-XXL","isPartOf":{"@id":"https:\/\/marktxxl.de\/markt\/#website"},"primaryImageOfPage":{"@id":"https:\/\/marktxxl.de\/markt\/produkt\/bisousox-herren-lustige-bunte-sockenfroehliche-herrenstruempfewitzige-sockenverrueckte-modische-herrensockenklassische-struempfeneuheit-sortschuhe-socken-geschenk-fuer-mann-freund\/#primaryimage"},"image":{"@id":"https:\/\/marktxxl.de\/markt\/produkt\/bisousox-herren-lustige-bunte-sockenfroehliche-herrenstruempfewitzige-sockenverrueckte-modische-herrensockenklassische-struempfeneuheit-sortschuhe-socken-geschenk-fuer-mann-freund\/#primaryimage"},"thumbnailUrl":"https:\/\/m.media-amazon.com\/images\/I\/41UaDnrISpL._SL500_.jpg","datePublished":"2021-10-13T21:58:40+00:00","dateModified":"2023-04-11T00:21:50+00:00","description":"Markt-XXL BISOUSOX Socken Herren 39-46 Bunt Lustig Herrensocken Lustige Motive Klassische Str\u00fcmpfe Modische Socken f\u00fcr M\u00e4nner\u2026","breadcrumb":{"@id":"https:\/\/marktxxl.de\/markt\/produkt\/bisousox-herren-lustige-bunte-sockenfroehliche-herrenstruempfewitzige-sockenverrueckte-modische-herrensockenklassische-struempfeneuheit-sortschuhe-socken-geschenk-fuer-mann-freund\/#breadcrumb"},"inLanguage":"de","potentialAction":[{"@type":"ReadAction","target":["https:\/\/marktxxl.de\/markt\/produkt\/bisousox-herren-lustige-bunte-sockenfroehliche-herrenstruempfewitzige-sockenverrueckte-modische-herrensockenklassische-struempfeneuheit-sortschuhe-socken-geschenk-fuer-mann-freund\/"]}]},{"@type":"ImageObject","inLanguage":"de","@id":"https:\/\/marktxxl.de\/markt\/produkt\/bisousox-herren-lustige-bunte-sockenfroehliche-herrenstruempfewitzige-sockenverrueckte-modische-herrensockenklassische-struempfeneuheit-sortschuhe-socken-geschenk-fuer-mann-freund\/#primaryimage","url":"https:\/\/m.media-amazon.com\/images\/I\/41UaDnrISpL._SL500_.jpg","contentUrl":"https:\/\/m.media-amazon.com\/images\/I\/41UaDnrISpL._SL500_.jpg","width":500,"height":500},{"@type":"BreadcrumbList","@id":"https:\/\/marktxxl.de\/markt\/produkt\/bisousox-herren-lustige-bunte-sockenfroehliche-herrenstruempfewitzige-sockenverrueckte-modische-herrensockenklassische-struempfeneuheit-sortschuhe-socken-geschenk-fuer-mann-freund\/#breadcrumb","itemListElement":[{"@type":"ListItem","position":1,"name":"Startseite","item":"https:\/\/marktxxl.de\/markt\/"},{"@type":"ListItem","position":2,"name":"Markt","item":"https:\/\/marktxxl.de\/markt\/"},{"@type":"ListItem","position":3,"name":"BISOUSOX Socken Herren 39-46 Bunt Lustig Herrensocken Lustige Motive Klassische Str\u00fcmpfe Modische Socken f\u00fcr M\u00e4nner\u2026"}]},{"@type":"WebSite","@id":"https:\/\/marktxxl.de\/markt\/#website","url":"https:\/\/marktxxl.de\/markt\/","name":"Markt-XXL","description":"Ihr Markt Online","publisher":{"@id":"https:\/\/marktxxl.de\/markt\/#organization"},"potentialAction":[{"@type":"SearchAction","target":{"@type":"EntryPoint","urlTemplate":"https:\/\/marktxxl.de\/markt\/?s={search_term_string}"},"query-input":{"@type":"PropertyValueSpecification","valueRequired":true,"valueName":"search_term_string"}}],"inLanguage":"de"},{"@type":"Organization","@id":"https:\/\/marktxxl.de\/markt\/#organization","name":"Markt-XXL","url":"https:\/\/marktxxl.de\/markt\/","logo":{"@type":"ImageObject","inLanguage":"de","@id":"https:\/\/marktxxl.de\/markt\/#\/schema\/logo\/image\/","url":"https:\/\/marktxxl.de\/markt\/wp-content\/uploads\/sites\/3\/2020\/12\/logo.png","contentUrl":"https:\/\/marktxxl.de\/markt\/wp-content\/uploads\/sites\/3\/2020\/12\/logo.png","width":200,"height":70,"caption":"Markt-XXL"},"image":{"@id":"https:\/\/marktxxl.de\/markt\/#\/schema\/logo\/image\/"}}]}},"_links":{"self":[{"href":"https:\/\/marktxxl.de\/markt\/wp-json\/wp\/v2\/product\/55424","targetHints":{"allow":["GET"]}}],"collection":[{"href":"https:\/\/marktxxl.de\/markt\/wp-json\/wp\/v2\/product"}],"about":[{"href":"https:\/\/marktxxl.de\/markt\/wp-json\/wp\/v2\/types\/product"}],"replies":[{"embeddable":true,"href":"https:\/\/marktxxl.de\/markt\/wp-json\/wp\/v2\/comments?post=55424"}],"wp:featuredmedia":[{"embeddable":true,"href":"https:\/\/marktxxl.de\/markt\/wp-json\/wp\/v2\/media\/55425"}],"wp:attachment":[{"href":"https:\/\/marktxxl.de\/markt\/wp-json\/wp\/v2\/media?parent=55424"}],"wp:term":[{"taxonomy":"product_brand","embeddable":true,"href":"https:\/\/marktxxl.de\/markt\/wp-json\/wp\/v2\/product_brand?post=55424"},{"taxonomy":"product_cat","embeddable":true,"href":"https:\/\/marktxxl.de\/markt\/wp-json\/wp\/v2\/product_cat?post=55424"},{"taxonomy":"product_tag","embeddable":true,"href":"https:\/\/marktxxl.de\/markt\/wp-json\/wp\/v2\/product_tag?post=55424"}],"curies":[{"name":"wp","href":"https:\/\/api.w.org\/{rel}","templated":true}]}}