{"id":55364,"date":"2021-10-13T23:54:39","date_gmt":"2021-10-13T21:54:39","guid":{"rendered":"https:\/\/marktxxl.de\/markt\/produkt\/lego-toddler-kids-teens-adults-multi-pack-sock-set\/"},"modified":"2023-04-11T02:21:49","modified_gmt":"2023-04-11T00:21:49","slug":"lego-toddler-kids-teens-adults-multi-pack-sock-set","status":"publish","type":"product","link":"https:\/\/marktxxl.de\/markt\/produkt\/lego-toddler-kids-teens-adults-multi-pack-sock-set\/","title":{"rendered":"Lego Toddler Kids Teens Adults Multi Pack Sock Set"},"content":{"rendered":"<p>Lego-Socken-Set f\u00fcr Kleinkinder, Kinder und Erwachsene \u2013 machen Sie jeden Tag ein wenig mehr Spa\u00df mit diesen tollen Lego-Socken-Sets. W\u00e4hlen Sie aus dem Lego Ninjago 5er-Pack Crew Sockenset, den Lego Days of the Week 5er-Pack Quarter Socken-Set oder dem Lego 3-Pack Crew Sockenset. Diese Lego-Socken-Sets sind auch ein exklusives Design von Yankee Toybox, sodass Sie sie nirgendwo anders finden k\u00f6nnen.<br \/>\nBequem und stilvoll \u2013 diese tollen Lego-Socken bringen sicher ein L\u00e4cheln auf jedes Gesicht. Sie sind aus hochwertigem Stoff gefertigt, das 97% Polyester und 3% Spandex Material ist. Sie sind super weich. Jedes Set enth\u00e4lt eine gerippte Manschette mit sublimierten Grafiken.<br \/>\nGr\u00f6\u00dfe \u2013 Diese niedlichen Lego-Socken sind erh\u00e4ltlich in Kleinkind- oder Kleinkind-Gr\u00f6\u00dfe 34-6, Jungen oder M\u00e4dchen Gr\u00f6\u00dfe 39-42 und Erwachsenengr\u00f6\u00dfe 9\u201311. Sockengr\u00f6\u00dfe 34-6 passend f\u00fcr Schuhgr\u00f6\u00dfe 7\u201310 M US Kleinkind. Sockengr\u00f6\u00dfe 39-42 passt Schuhgr\u00f6\u00dfe 10 M US Little Kid &#8211; 4 M US Big Kid. Sockengr\u00f6\u00dfe 9-11 passt Schuhgr\u00f6\u00dfe 4 M US Big Kid -10 M US Damen (4 M US Big Kid &#8211; 8,5 M US Men&#8217;s). Siehe jede Variation f\u00fcr bestimmte verf\u00fcgbare Gr\u00f6\u00dfen.<br \/>\nDas perfekte Geschenk. Diese Lego-Socken-Sets sind das perfekte Geschenk f\u00fcr Ostern, Geburtstage oder Weihnachten. Warum? Sie sind bequem, lustig und sehr erschwinglich. Holen Sie sich Ihr eigenes Paar oder kaufen Sie eins f\u00fcr einen Freund! Sie sind die perfekte Wahl f\u00fcr jeden Lego-, Lego-Ninjago- oder Lego-Film-Fan.<br \/>\nProduktpflege \u2013 Die Pflege dieses Socken-Sets ist einfach. Einfach in kaltem Wasser waschen. Diese Socken werden importiert.<br \/>\n<div class=\"main-cross-sell\" data-asin=\"B07ZTMYWJB\">\n\n\t<div class=\"WooZone-cross-sell-loader\">\n\t\t<div>\n\t\t\t<div id=\"floatingBarsG\">\n\t\t\t\t<div class=\"blockG\" id=\"rotateG_01\"><\/div>\n\t\t\t\t<div class=\"blockG\" id=\"rotateG_02\"><\/div>\n\t\t\t\t<div class=\"blockG\" id=\"rotateG_03\"><\/div>\n\t\t\t\t<div class=\"blockG\" id=\"rotateG_04\"><\/div>\n\t\t\t\t<div class=\"blockG\" id=\"rotateG_05\"><\/div>\n\t\t\t\t<div class=\"blockG\" id=\"rotateG_06\"><\/div>\n\t\t\t\t<div class=\"blockG\" id=\"rotateG_07\"><\/div>\n\t\t\t\t<div class=\"blockG\" id=\"rotateG_08\"><\/div>\n\t\t\t<\/div>\n\t\t\t<div class=\"WooZone-cross-sell-loader-text\"><\/div>\n\t\t<\/div>\n\t<\/div>\n\n\t\t\n<\/div>\n<div style=\"clear:both;\"><\/div><\/p>\n","protected":false},"excerpt":{"rendered":"<p>Lego-Socken-Set f\u00fcr Kleinkinder, Kinder und Erwachsene \u2013 machen Sie jeden Tag ein wenig mehr Spa\u00df mit diesen tollen Lego-Socken-Sets. W\u00e4hlen Sie aus dem Lego Ninjago 5er-Pack Crew Sockenset, den Lego Days of the Week 5er-Pack Quarter Socken-Set oder dem Lego 3-Pack Crew Sockenset. Diese Lego-Socken-Sets sind auch ein exklusives Design von Yankee Toybox, sodass Sie sie nirgendwo anders finden k\u00f6nnen.<br \/>\nBequem und stilvoll \u2013 diese tollen Lego-Socken bringen sicher ein L\u00e4cheln auf jedes Gesicht. Sie sind aus hochwertigem Stoff gefertigt, das 97% Polyester und 3% Spandex Material ist. Sie sind super weich. Jedes Set enth\u00e4lt eine gerippte Manschette mit sublimierten Grafiken.<br \/>\nGr\u00f6\u00dfe \u2013 Diese niedlichen Lego-Socken sind erh\u00e4ltlich in Kleinkind- oder Kleinkind-Gr\u00f6\u00dfe 34-6, Jungen oder M\u00e4dchen Gr\u00f6\u00dfe 39-42 und Erwachsenengr\u00f6\u00dfe 9\u201311. Sockengr\u00f6\u00dfe 34-6 passend f\u00fcr Schuhgr\u00f6\u00dfe 7\u201310 M US Kleinkind. Sockengr\u00f6\u00dfe 39-42 passt Schuhgr\u00f6\u00dfe 10 M US Little Kid &#8211; 4 M US Big Kid. Sockengr\u00f6\u00dfe 9-11 passt Schuhgr\u00f6\u00dfe 4 M US Big Kid -10 M US Damen (4 M US Big Kid &#8211; 8,5 M US Men&#8217;s). Siehe jede Variation f\u00fcr bestimmte verf\u00fcgbare Gr\u00f6\u00dfen.<\/p>\n","protected":false},"featured_media":55365,"comment_status":"open","ping_status":"closed","template":"","meta":[],"product_brand":[],"product_cat":[1186,4034],"product_tag":[],"class_list":{"0":"post-55364","1":"product","2":"type-product","3":"status-publish","4":"has-post-thumbnail","6":"product_cat-bekleidung","7":"product_cat-jungen","8":"pa_binding-textilien","9":"pa_brand-lego","10":"pa_color-lego-ninjago-5-stueck","11":"pa_height-2-zoll","12":"pa_length-3-5-zoll","13":"pa_manufacturer-manufacturer","14":"pa_model-lgn34","15":"pa_width-7-5-zoll","17":"first","18":"instock","19":"shipping-taxable","20":"purchasable","21":"product-type-simple","22":"customify-col","23":"product-has-gallery"},"yoast_head":"<!-- This site is optimized with the Yoast SEO plugin v27.3 - https:\/\/yoast.com\/product\/yoast-seo-wordpress\/ -->\n<title>Lego Toddler Kids Teens Adults Multi Pack Sock Set - Markt-XXL<\/title>\n<meta name=\"description\" content=\"Markt-XXL Lego Toddler Kids Teens Adults Multi Pack Sock Set\" \/>\n<meta name=\"robots\" content=\"index, follow, max-snippet:-1, max-image-preview:large, max-video-preview:-1\" \/>\n<link rel=\"canonical\" href=\"https:\/\/marktxxl.de\/markt\/produkt\/lego-toddler-kids-teens-adults-multi-pack-sock-set\/\" \/>\n<meta property=\"og:locale\" content=\"de_DE\" \/>\n<meta property=\"og:type\" content=\"article\" \/>\n<meta property=\"og:title\" content=\"Lego Toddler Kids Teens Adults Multi Pack Sock Set - Markt-XXL\" \/>\n<meta property=\"og:description\" content=\"Markt-XXL Lego Toddler Kids Teens Adults Multi Pack Sock Set\" \/>\n<meta property=\"og:url\" content=\"https:\/\/marktxxl.de\/markt\/produkt\/lego-toddler-kids-teens-adults-multi-pack-sock-set\/\" \/>\n<meta property=\"og:site_name\" content=\"Markt-XXL\" \/>\n<meta property=\"article:modified_time\" content=\"2023-04-11T00:21:49+00:00\" \/>\n<meta property=\"og:image\" content=\"https:\/\/m.media-amazon.com\/images\/I\/41j776PoYgL._SL500_.jpg\" \/>\n\t<meta property=\"og:image:width\" content=\"375\" \/>\n\t<meta property=\"og:image:height\" content=\"500\" \/>\n\t<meta property=\"og:image:type\" content=\"image\/jpeg\" \/>\n<meta name=\"twitter:card\" content=\"summary_large_image\" \/>\n<meta name=\"twitter:label1\" content=\"Gesch\u00e4tzte Lesezeit\" \/>\n\t<meta name=\"twitter:data1\" content=\"1\u00a0Minute\" \/>\n<script type=\"application\/ld+json\" class=\"yoast-schema-graph\">{\"@context\":\"https:\\\/\\\/schema.org\",\"@graph\":[{\"@type\":\"WebPage\",\"@id\":\"https:\\\/\\\/marktxxl.de\\\/markt\\\/produkt\\\/lego-toddler-kids-teens-adults-multi-pack-sock-set\\\/\",\"url\":\"https:\\\/\\\/marktxxl.de\\\/markt\\\/produkt\\\/lego-toddler-kids-teens-adults-multi-pack-sock-set\\\/\",\"name\":\"Lego Toddler Kids Teens Adults Multi Pack Sock Set - Markt-XXL\",\"isPartOf\":{\"@id\":\"https:\\\/\\\/marktxxl.de\\\/markt\\\/#website\"},\"primaryImageOfPage\":{\"@id\":\"https:\\\/\\\/marktxxl.de\\\/markt\\\/produkt\\\/lego-toddler-kids-teens-adults-multi-pack-sock-set\\\/#primaryimage\"},\"image\":{\"@id\":\"https:\\\/\\\/marktxxl.de\\\/markt\\\/produkt\\\/lego-toddler-kids-teens-adults-multi-pack-sock-set\\\/#primaryimage\"},\"thumbnailUrl\":\"https:\\\/\\\/m.media-amazon.com\\\/images\\\/I\\\/41j776PoYgL._SL500_.jpg\",\"datePublished\":\"2021-10-13T21:54:39+00:00\",\"dateModified\":\"2023-04-11T00:21:49+00:00\",\"description\":\"Markt-XXL Lego Toddler Kids Teens Adults Multi Pack Sock Set\",\"breadcrumb\":{\"@id\":\"https:\\\/\\\/marktxxl.de\\\/markt\\\/produkt\\\/lego-toddler-kids-teens-adults-multi-pack-sock-set\\\/#breadcrumb\"},\"inLanguage\":\"de\",\"potentialAction\":[{\"@type\":\"ReadAction\",\"target\":[\"https:\\\/\\\/marktxxl.de\\\/markt\\\/produkt\\\/lego-toddler-kids-teens-adults-multi-pack-sock-set\\\/\"]}]},{\"@type\":\"ImageObject\",\"inLanguage\":\"de\",\"@id\":\"https:\\\/\\\/marktxxl.de\\\/markt\\\/produkt\\\/lego-toddler-kids-teens-adults-multi-pack-sock-set\\\/#primaryimage\",\"url\":\"https:\\\/\\\/m.media-amazon.com\\\/images\\\/I\\\/41j776PoYgL._SL500_.jpg\",\"contentUrl\":\"https:\\\/\\\/m.media-amazon.com\\\/images\\\/I\\\/41j776PoYgL._SL500_.jpg\",\"width\":375,\"height\":500},{\"@type\":\"BreadcrumbList\",\"@id\":\"https:\\\/\\\/marktxxl.de\\\/markt\\\/produkt\\\/lego-toddler-kids-teens-adults-multi-pack-sock-set\\\/#breadcrumb\",\"itemListElement\":[{\"@type\":\"ListItem\",\"position\":1,\"name\":\"Startseite\",\"item\":\"https:\\\/\\\/marktxxl.de\\\/markt\\\/\"},{\"@type\":\"ListItem\",\"position\":2,\"name\":\"Markt\",\"item\":\"https:\\\/\\\/marktxxl.de\\\/markt\\\/\"},{\"@type\":\"ListItem\",\"position\":3,\"name\":\"Lego Toddler Kids Teens Adults Multi Pack Sock Set\"}]},{\"@type\":\"WebSite\",\"@id\":\"https:\\\/\\\/marktxxl.de\\\/markt\\\/#website\",\"url\":\"https:\\\/\\\/marktxxl.de\\\/markt\\\/\",\"name\":\"Markt-XXL\",\"description\":\"Ihr Markt Online\",\"publisher\":{\"@id\":\"https:\\\/\\\/marktxxl.de\\\/markt\\\/#organization\"},\"potentialAction\":[{\"@type\":\"SearchAction\",\"target\":{\"@type\":\"EntryPoint\",\"urlTemplate\":\"https:\\\/\\\/marktxxl.de\\\/markt\\\/?s={search_term_string}\"},\"query-input\":{\"@type\":\"PropertyValueSpecification\",\"valueRequired\":true,\"valueName\":\"search_term_string\"}}],\"inLanguage\":\"de\"},{\"@type\":\"Organization\",\"@id\":\"https:\\\/\\\/marktxxl.de\\\/markt\\\/#organization\",\"name\":\"Markt-XXL\",\"url\":\"https:\\\/\\\/marktxxl.de\\\/markt\\\/\",\"logo\":{\"@type\":\"ImageObject\",\"inLanguage\":\"de\",\"@id\":\"https:\\\/\\\/marktxxl.de\\\/markt\\\/#\\\/schema\\\/logo\\\/image\\\/\",\"url\":\"https:\\\/\\\/marktxxl.de\\\/markt\\\/wp-content\\\/uploads\\\/sites\\\/3\\\/2020\\\/12\\\/logo.png\",\"contentUrl\":\"https:\\\/\\\/marktxxl.de\\\/markt\\\/wp-content\\\/uploads\\\/sites\\\/3\\\/2020\\\/12\\\/logo.png\",\"width\":200,\"height\":70,\"caption\":\"Markt-XXL\"},\"image\":{\"@id\":\"https:\\\/\\\/marktxxl.de\\\/markt\\\/#\\\/schema\\\/logo\\\/image\\\/\"}}]}<\/script>\n<!-- \/ Yoast SEO plugin. -->","yoast_head_json":{"title":"Lego Toddler Kids Teens Adults Multi Pack Sock Set - Markt-XXL","description":"Markt-XXL Lego Toddler Kids Teens Adults Multi Pack Sock Set","robots":{"index":"index","follow":"follow","max-snippet":"max-snippet:-1","max-image-preview":"max-image-preview:large","max-video-preview":"max-video-preview:-1"},"canonical":"https:\/\/marktxxl.de\/markt\/produkt\/lego-toddler-kids-teens-adults-multi-pack-sock-set\/","og_locale":"de_DE","og_type":"article","og_title":"Lego Toddler Kids Teens Adults Multi Pack Sock Set - Markt-XXL","og_description":"Markt-XXL Lego Toddler Kids Teens Adults Multi Pack Sock Set","og_url":"https:\/\/marktxxl.de\/markt\/produkt\/lego-toddler-kids-teens-adults-multi-pack-sock-set\/","og_site_name":"Markt-XXL","article_modified_time":"2023-04-11T00:21:49+00:00","og_image":[{"width":375,"height":500,"url":"https:\/\/m.media-amazon.com\/images\/I\/41j776PoYgL._SL500_.jpg","type":"image\/jpeg"}],"twitter_card":"summary_large_image","twitter_misc":{"Gesch\u00e4tzte Lesezeit":"1\u00a0Minute"},"schema":{"@context":"https:\/\/schema.org","@graph":[{"@type":"WebPage","@id":"https:\/\/marktxxl.de\/markt\/produkt\/lego-toddler-kids-teens-adults-multi-pack-sock-set\/","url":"https:\/\/marktxxl.de\/markt\/produkt\/lego-toddler-kids-teens-adults-multi-pack-sock-set\/","name":"Lego Toddler Kids Teens Adults Multi Pack Sock Set - Markt-XXL","isPartOf":{"@id":"https:\/\/marktxxl.de\/markt\/#website"},"primaryImageOfPage":{"@id":"https:\/\/marktxxl.de\/markt\/produkt\/lego-toddler-kids-teens-adults-multi-pack-sock-set\/#primaryimage"},"image":{"@id":"https:\/\/marktxxl.de\/markt\/produkt\/lego-toddler-kids-teens-adults-multi-pack-sock-set\/#primaryimage"},"thumbnailUrl":"https:\/\/m.media-amazon.com\/images\/I\/41j776PoYgL._SL500_.jpg","datePublished":"2021-10-13T21:54:39+00:00","dateModified":"2023-04-11T00:21:49+00:00","description":"Markt-XXL Lego Toddler Kids Teens Adults Multi Pack Sock Set","breadcrumb":{"@id":"https:\/\/marktxxl.de\/markt\/produkt\/lego-toddler-kids-teens-adults-multi-pack-sock-set\/#breadcrumb"},"inLanguage":"de","potentialAction":[{"@type":"ReadAction","target":["https:\/\/marktxxl.de\/markt\/produkt\/lego-toddler-kids-teens-adults-multi-pack-sock-set\/"]}]},{"@type":"ImageObject","inLanguage":"de","@id":"https:\/\/marktxxl.de\/markt\/produkt\/lego-toddler-kids-teens-adults-multi-pack-sock-set\/#primaryimage","url":"https:\/\/m.media-amazon.com\/images\/I\/41j776PoYgL._SL500_.jpg","contentUrl":"https:\/\/m.media-amazon.com\/images\/I\/41j776PoYgL._SL500_.jpg","width":375,"height":500},{"@type":"BreadcrumbList","@id":"https:\/\/marktxxl.de\/markt\/produkt\/lego-toddler-kids-teens-adults-multi-pack-sock-set\/#breadcrumb","itemListElement":[{"@type":"ListItem","position":1,"name":"Startseite","item":"https:\/\/marktxxl.de\/markt\/"},{"@type":"ListItem","position":2,"name":"Markt","item":"https:\/\/marktxxl.de\/markt\/"},{"@type":"ListItem","position":3,"name":"Lego Toddler Kids Teens Adults Multi Pack Sock Set"}]},{"@type":"WebSite","@id":"https:\/\/marktxxl.de\/markt\/#website","url":"https:\/\/marktxxl.de\/markt\/","name":"Markt-XXL","description":"Ihr Markt Online","publisher":{"@id":"https:\/\/marktxxl.de\/markt\/#organization"},"potentialAction":[{"@type":"SearchAction","target":{"@type":"EntryPoint","urlTemplate":"https:\/\/marktxxl.de\/markt\/?s={search_term_string}"},"query-input":{"@type":"PropertyValueSpecification","valueRequired":true,"valueName":"search_term_string"}}],"inLanguage":"de"},{"@type":"Organization","@id":"https:\/\/marktxxl.de\/markt\/#organization","name":"Markt-XXL","url":"https:\/\/marktxxl.de\/markt\/","logo":{"@type":"ImageObject","inLanguage":"de","@id":"https:\/\/marktxxl.de\/markt\/#\/schema\/logo\/image\/","url":"https:\/\/marktxxl.de\/markt\/wp-content\/uploads\/sites\/3\/2020\/12\/logo.png","contentUrl":"https:\/\/marktxxl.de\/markt\/wp-content\/uploads\/sites\/3\/2020\/12\/logo.png","width":200,"height":70,"caption":"Markt-XXL"},"image":{"@id":"https:\/\/marktxxl.de\/markt\/#\/schema\/logo\/image\/"}}]}},"_links":{"self":[{"href":"https:\/\/marktxxl.de\/markt\/wp-json\/wp\/v2\/product\/55364","targetHints":{"allow":["GET"]}}],"collection":[{"href":"https:\/\/marktxxl.de\/markt\/wp-json\/wp\/v2\/product"}],"about":[{"href":"https:\/\/marktxxl.de\/markt\/wp-json\/wp\/v2\/types\/product"}],"replies":[{"embeddable":true,"href":"https:\/\/marktxxl.de\/markt\/wp-json\/wp\/v2\/comments?post=55364"}],"wp:featuredmedia":[{"embeddable":true,"href":"https:\/\/marktxxl.de\/markt\/wp-json\/wp\/v2\/media\/55365"}],"wp:attachment":[{"href":"https:\/\/marktxxl.de\/markt\/wp-json\/wp\/v2\/media?parent=55364"}],"wp:term":[{"taxonomy":"product_brand","embeddable":true,"href":"https:\/\/marktxxl.de\/markt\/wp-json\/wp\/v2\/product_brand?post=55364"},{"taxonomy":"product_cat","embeddable":true,"href":"https:\/\/marktxxl.de\/markt\/wp-json\/wp\/v2\/product_cat?post=55364"},{"taxonomy":"product_tag","embeddable":true,"href":"https:\/\/marktxxl.de\/markt\/wp-json\/wp\/v2\/product_tag?post=55364"}],"curies":[{"name":"wp","href":"https:\/\/api.w.org\/{rel}","templated":true}]}}