{"id":55337,"date":"2021-10-13T23:54:30","date_gmt":"2021-10-13T21:54:30","guid":{"rendered":"https:\/\/marktxxl.de\/markt\/produkt\/disney-maedchen-minnie-mouse-bademaentel\/"},"modified":"2023-04-11T02:21:48","modified_gmt":"2023-04-11T00:21:48","slug":"disney-maedchen-minnie-mouse-bademaentel","status":"publish","type":"product","link":"https:\/\/marktxxl.de\/markt\/produkt\/disney-maedchen-minnie-mouse-bademaentel\/","title":{"rendered":"Disney M\u00e4dchen Minnie Mouse Badem\u00e4ntel"},"content":{"rendered":"<p>Kinder Minnie Maus Bademantel<br \/>\nErf\u00fcllen Sie all Ihre Tr\u00e4ume in diesem niedlichen Minnie Maus Bademantel!<br \/>\nDieser kuschelige Bademantel in rot und blau zeigt ein Gesamtmotiv von Minnie, umgeben von ihren ikonischen Schleifen und Punkten.<br \/>\nZusammen mit der warmen Tupfenkapuze, welche ihre Ohren und Schleife zeigt, und den Vordertaschen und G\u00fcrtel, wird Ihre kleine Maus in dieser niedlichen Robe von aufregenden Abenteuern mit ihren Disney Freunden tr\u00e4umen!<br \/>\nOffiziell lizenzierte Disney-Ware, exklusiv f\u00fcr Character DE.<br \/>\n<div class=\"main-cross-sell\" data-asin=\"B07YNS8RW1\">\n\n\t<div class=\"WooZone-cross-sell-loader\">\n\t\t<div>\n\t\t\t<div id=\"floatingBarsG\">\n\t\t\t\t<div class=\"blockG\" id=\"rotateG_01\"><\/div>\n\t\t\t\t<div class=\"blockG\" id=\"rotateG_02\"><\/div>\n\t\t\t\t<div class=\"blockG\" id=\"rotateG_03\"><\/div>\n\t\t\t\t<div class=\"blockG\" id=\"rotateG_04\"><\/div>\n\t\t\t\t<div class=\"blockG\" id=\"rotateG_05\"><\/div>\n\t\t\t\t<div class=\"blockG\" id=\"rotateG_06\"><\/div>\n\t\t\t\t<div class=\"blockG\" id=\"rotateG_07\"><\/div>\n\t\t\t\t<div class=\"blockG\" id=\"rotateG_08\"><\/div>\n\t\t\t<\/div>\n\t\t\t<div class=\"WooZone-cross-sell-loader-text\"><\/div>\n\t\t<\/div>\n\t<\/div>\n\n\t\t\n<\/div>\n<div style=\"clear:both;\"><\/div><\/p>\n","protected":false},"excerpt":{"rendered":"<p>Kinder Minnie Maus Bademantel<br \/>\nErf\u00fcllen Sie all Ihre Tr\u00e4ume in diesem niedlichen Minnie Maus Bademantel!<br \/>\nDieser kuschelige Bademantel in rot und blau zeigt ein Gesamtmotiv von Minnie, umgeben von ihren ikonischen Schleifen und Punkten.<\/p>\n","protected":false},"featured_media":55338,"comment_status":"open","ping_status":"closed","template":"","meta":[],"product_brand":[],"product_cat":[1186,3990],"product_tag":[],"class_list":{"0":"post-55337","1":"product","2":"type-product","3":"status-publish","4":"has-post-thumbnail","6":"product_cat-bekleidung","7":"product_cat-maedchen","8":"pa_binding-textilien","9":"pa_brand-disney","10":"pa_color-blau","12":"first","13":"instock","14":"shipping-taxable","15":"purchasable","16":"product-type-simple","17":"customify-col","18":"product-has-gallery"},"yoast_head":"<!-- This site is optimized with the Yoast SEO plugin v27.3 - https:\/\/yoast.com\/product\/yoast-seo-wordpress\/ -->\n<title>Disney M\u00e4dchen Minnie Mouse Badem\u00e4ntel - Markt-XXL<\/title>\n<meta name=\"description\" content=\"Markt-XXL Disney M\u00e4dchen Minnie Mouse Badem\u00e4ntel\" \/>\n<meta name=\"robots\" content=\"index, follow, max-snippet:-1, max-image-preview:large, max-video-preview:-1\" \/>\n<link rel=\"canonical\" href=\"https:\/\/marktxxl.de\/markt\/produkt\/disney-maedchen-minnie-mouse-bademaentel\/\" \/>\n<meta property=\"og:locale\" content=\"de_DE\" \/>\n<meta property=\"og:type\" content=\"article\" \/>\n<meta property=\"og:title\" content=\"Disney M\u00e4dchen Minnie Mouse Badem\u00e4ntel - Markt-XXL\" \/>\n<meta property=\"og:description\" content=\"Markt-XXL Disney M\u00e4dchen Minnie Mouse Badem\u00e4ntel\" \/>\n<meta property=\"og:url\" content=\"https:\/\/marktxxl.de\/markt\/produkt\/disney-maedchen-minnie-mouse-bademaentel\/\" \/>\n<meta property=\"og:site_name\" content=\"Markt-XXL\" \/>\n<meta property=\"article:modified_time\" content=\"2023-04-11T00:21:48+00:00\" \/>\n<meta property=\"og:image\" content=\"https:\/\/m.media-amazon.com\/images\/I\/51NMtGtC+aL._SL500_.jpg\" \/>\n\t<meta property=\"og:image:width\" content=\"375\" \/>\n\t<meta property=\"og:image:height\" content=\"500\" \/>\n\t<meta property=\"og:image:type\" content=\"image\/jpeg\" \/>\n<meta name=\"twitter:card\" content=\"summary_large_image\" \/>\n<script type=\"application\/ld+json\" class=\"yoast-schema-graph\">{\"@context\":\"https:\\\/\\\/schema.org\",\"@graph\":[{\"@type\":\"WebPage\",\"@id\":\"https:\\\/\\\/marktxxl.de\\\/markt\\\/produkt\\\/disney-maedchen-minnie-mouse-bademaentel\\\/\",\"url\":\"https:\\\/\\\/marktxxl.de\\\/markt\\\/produkt\\\/disney-maedchen-minnie-mouse-bademaentel\\\/\",\"name\":\"Disney M\u00e4dchen Minnie Mouse Badem\u00e4ntel - Markt-XXL\",\"isPartOf\":{\"@id\":\"https:\\\/\\\/marktxxl.de\\\/markt\\\/#website\"},\"primaryImageOfPage\":{\"@id\":\"https:\\\/\\\/marktxxl.de\\\/markt\\\/produkt\\\/disney-maedchen-minnie-mouse-bademaentel\\\/#primaryimage\"},\"image\":{\"@id\":\"https:\\\/\\\/marktxxl.de\\\/markt\\\/produkt\\\/disney-maedchen-minnie-mouse-bademaentel\\\/#primaryimage\"},\"thumbnailUrl\":\"https:\\\/\\\/m.media-amazon.com\\\/images\\\/I\\\/51NMtGtC+aL._SL500_.jpg\",\"datePublished\":\"2021-10-13T21:54:30+00:00\",\"dateModified\":\"2023-04-11T00:21:48+00:00\",\"description\":\"Markt-XXL Disney M\u00e4dchen Minnie Mouse Badem\u00e4ntel\",\"breadcrumb\":{\"@id\":\"https:\\\/\\\/marktxxl.de\\\/markt\\\/produkt\\\/disney-maedchen-minnie-mouse-bademaentel\\\/#breadcrumb\"},\"inLanguage\":\"de\",\"potentialAction\":[{\"@type\":\"ReadAction\",\"target\":[\"https:\\\/\\\/marktxxl.de\\\/markt\\\/produkt\\\/disney-maedchen-minnie-mouse-bademaentel\\\/\"]}]},{\"@type\":\"ImageObject\",\"inLanguage\":\"de\",\"@id\":\"https:\\\/\\\/marktxxl.de\\\/markt\\\/produkt\\\/disney-maedchen-minnie-mouse-bademaentel\\\/#primaryimage\",\"url\":\"https:\\\/\\\/m.media-amazon.com\\\/images\\\/I\\\/51NMtGtC+aL._SL500_.jpg\",\"contentUrl\":\"https:\\\/\\\/m.media-amazon.com\\\/images\\\/I\\\/51NMtGtC+aL._SL500_.jpg\",\"width\":375,\"height\":500},{\"@type\":\"BreadcrumbList\",\"@id\":\"https:\\\/\\\/marktxxl.de\\\/markt\\\/produkt\\\/disney-maedchen-minnie-mouse-bademaentel\\\/#breadcrumb\",\"itemListElement\":[{\"@type\":\"ListItem\",\"position\":1,\"name\":\"Startseite\",\"item\":\"https:\\\/\\\/marktxxl.de\\\/markt\\\/\"},{\"@type\":\"ListItem\",\"position\":2,\"name\":\"Markt\",\"item\":\"https:\\\/\\\/marktxxl.de\\\/markt\\\/\"},{\"@type\":\"ListItem\",\"position\":3,\"name\":\"Disney M\u00e4dchen Minnie Mouse Badem\u00e4ntel\"}]},{\"@type\":\"WebSite\",\"@id\":\"https:\\\/\\\/marktxxl.de\\\/markt\\\/#website\",\"url\":\"https:\\\/\\\/marktxxl.de\\\/markt\\\/\",\"name\":\"Markt-XXL\",\"description\":\"Ihr Markt Online\",\"publisher\":{\"@id\":\"https:\\\/\\\/marktxxl.de\\\/markt\\\/#organization\"},\"potentialAction\":[{\"@type\":\"SearchAction\",\"target\":{\"@type\":\"EntryPoint\",\"urlTemplate\":\"https:\\\/\\\/marktxxl.de\\\/markt\\\/?s={search_term_string}\"},\"query-input\":{\"@type\":\"PropertyValueSpecification\",\"valueRequired\":true,\"valueName\":\"search_term_string\"}}],\"inLanguage\":\"de\"},{\"@type\":\"Organization\",\"@id\":\"https:\\\/\\\/marktxxl.de\\\/markt\\\/#organization\",\"name\":\"Markt-XXL\",\"url\":\"https:\\\/\\\/marktxxl.de\\\/markt\\\/\",\"logo\":{\"@type\":\"ImageObject\",\"inLanguage\":\"de\",\"@id\":\"https:\\\/\\\/marktxxl.de\\\/markt\\\/#\\\/schema\\\/logo\\\/image\\\/\",\"url\":\"https:\\\/\\\/marktxxl.de\\\/markt\\\/wp-content\\\/uploads\\\/sites\\\/3\\\/2020\\\/12\\\/logo.png\",\"contentUrl\":\"https:\\\/\\\/marktxxl.de\\\/markt\\\/wp-content\\\/uploads\\\/sites\\\/3\\\/2020\\\/12\\\/logo.png\",\"width\":200,\"height\":70,\"caption\":\"Markt-XXL\"},\"image\":{\"@id\":\"https:\\\/\\\/marktxxl.de\\\/markt\\\/#\\\/schema\\\/logo\\\/image\\\/\"}}]}<\/script>\n<!-- \/ Yoast SEO plugin. -->","yoast_head_json":{"title":"Disney M\u00e4dchen Minnie Mouse Badem\u00e4ntel - Markt-XXL","description":"Markt-XXL Disney M\u00e4dchen Minnie Mouse Badem\u00e4ntel","robots":{"index":"index","follow":"follow","max-snippet":"max-snippet:-1","max-image-preview":"max-image-preview:large","max-video-preview":"max-video-preview:-1"},"canonical":"https:\/\/marktxxl.de\/markt\/produkt\/disney-maedchen-minnie-mouse-bademaentel\/","og_locale":"de_DE","og_type":"article","og_title":"Disney M\u00e4dchen Minnie Mouse Badem\u00e4ntel - Markt-XXL","og_description":"Markt-XXL Disney M\u00e4dchen Minnie Mouse Badem\u00e4ntel","og_url":"https:\/\/marktxxl.de\/markt\/produkt\/disney-maedchen-minnie-mouse-bademaentel\/","og_site_name":"Markt-XXL","article_modified_time":"2023-04-11T00:21:48+00:00","og_image":[{"width":375,"height":500,"url":"https:\/\/m.media-amazon.com\/images\/I\/51NMtGtC+aL._SL500_.jpg","type":"image\/jpeg"}],"twitter_card":"summary_large_image","schema":{"@context":"https:\/\/schema.org","@graph":[{"@type":"WebPage","@id":"https:\/\/marktxxl.de\/markt\/produkt\/disney-maedchen-minnie-mouse-bademaentel\/","url":"https:\/\/marktxxl.de\/markt\/produkt\/disney-maedchen-minnie-mouse-bademaentel\/","name":"Disney M\u00e4dchen Minnie Mouse Badem\u00e4ntel - Markt-XXL","isPartOf":{"@id":"https:\/\/marktxxl.de\/markt\/#website"},"primaryImageOfPage":{"@id":"https:\/\/marktxxl.de\/markt\/produkt\/disney-maedchen-minnie-mouse-bademaentel\/#primaryimage"},"image":{"@id":"https:\/\/marktxxl.de\/markt\/produkt\/disney-maedchen-minnie-mouse-bademaentel\/#primaryimage"},"thumbnailUrl":"https:\/\/m.media-amazon.com\/images\/I\/51NMtGtC+aL._SL500_.jpg","datePublished":"2021-10-13T21:54:30+00:00","dateModified":"2023-04-11T00:21:48+00:00","description":"Markt-XXL Disney M\u00e4dchen Minnie Mouse Badem\u00e4ntel","breadcrumb":{"@id":"https:\/\/marktxxl.de\/markt\/produkt\/disney-maedchen-minnie-mouse-bademaentel\/#breadcrumb"},"inLanguage":"de","potentialAction":[{"@type":"ReadAction","target":["https:\/\/marktxxl.de\/markt\/produkt\/disney-maedchen-minnie-mouse-bademaentel\/"]}]},{"@type":"ImageObject","inLanguage":"de","@id":"https:\/\/marktxxl.de\/markt\/produkt\/disney-maedchen-minnie-mouse-bademaentel\/#primaryimage","url":"https:\/\/m.media-amazon.com\/images\/I\/51NMtGtC+aL._SL500_.jpg","contentUrl":"https:\/\/m.media-amazon.com\/images\/I\/51NMtGtC+aL._SL500_.jpg","width":375,"height":500},{"@type":"BreadcrumbList","@id":"https:\/\/marktxxl.de\/markt\/produkt\/disney-maedchen-minnie-mouse-bademaentel\/#breadcrumb","itemListElement":[{"@type":"ListItem","position":1,"name":"Startseite","item":"https:\/\/marktxxl.de\/markt\/"},{"@type":"ListItem","position":2,"name":"Markt","item":"https:\/\/marktxxl.de\/markt\/"},{"@type":"ListItem","position":3,"name":"Disney M\u00e4dchen Minnie Mouse Badem\u00e4ntel"}]},{"@type":"WebSite","@id":"https:\/\/marktxxl.de\/markt\/#website","url":"https:\/\/marktxxl.de\/markt\/","name":"Markt-XXL","description":"Ihr Markt Online","publisher":{"@id":"https:\/\/marktxxl.de\/markt\/#organization"},"potentialAction":[{"@type":"SearchAction","target":{"@type":"EntryPoint","urlTemplate":"https:\/\/marktxxl.de\/markt\/?s={search_term_string}"},"query-input":{"@type":"PropertyValueSpecification","valueRequired":true,"valueName":"search_term_string"}}],"inLanguage":"de"},{"@type":"Organization","@id":"https:\/\/marktxxl.de\/markt\/#organization","name":"Markt-XXL","url":"https:\/\/marktxxl.de\/markt\/","logo":{"@type":"ImageObject","inLanguage":"de","@id":"https:\/\/marktxxl.de\/markt\/#\/schema\/logo\/image\/","url":"https:\/\/marktxxl.de\/markt\/wp-content\/uploads\/sites\/3\/2020\/12\/logo.png","contentUrl":"https:\/\/marktxxl.de\/markt\/wp-content\/uploads\/sites\/3\/2020\/12\/logo.png","width":200,"height":70,"caption":"Markt-XXL"},"image":{"@id":"https:\/\/marktxxl.de\/markt\/#\/schema\/logo\/image\/"}}]}},"_links":{"self":[{"href":"https:\/\/marktxxl.de\/markt\/wp-json\/wp\/v2\/product\/55337","targetHints":{"allow":["GET"]}}],"collection":[{"href":"https:\/\/marktxxl.de\/markt\/wp-json\/wp\/v2\/product"}],"about":[{"href":"https:\/\/marktxxl.de\/markt\/wp-json\/wp\/v2\/types\/product"}],"replies":[{"embeddable":true,"href":"https:\/\/marktxxl.de\/markt\/wp-json\/wp\/v2\/comments?post=55337"}],"wp:featuredmedia":[{"embeddable":true,"href":"https:\/\/marktxxl.de\/markt\/wp-json\/wp\/v2\/media\/55338"}],"wp:attachment":[{"href":"https:\/\/marktxxl.de\/markt\/wp-json\/wp\/v2\/media?parent=55337"}],"wp:term":[{"taxonomy":"product_brand","embeddable":true,"href":"https:\/\/marktxxl.de\/markt\/wp-json\/wp\/v2\/product_brand?post=55337"},{"taxonomy":"product_cat","embeddable":true,"href":"https:\/\/marktxxl.de\/markt\/wp-json\/wp\/v2\/product_cat?post=55337"},{"taxonomy":"product_tag","embeddable":true,"href":"https:\/\/marktxxl.de\/markt\/wp-json\/wp\/v2\/product_tag?post=55337"}],"curies":[{"name":"wp","href":"https:\/\/api.w.org\/{rel}","templated":true}]}}