{"id":55254,"date":"2021-10-13T23:52:20","date_gmt":"2021-10-13T21:52:20","guid":{"rendered":"https:\/\/marktxxl.de\/markt\/produkt\/lego-wear-maedchen-lego-tec-action-lwjosefine-725-skijacke-winterjacke-jacke\/"},"modified":"2023-04-11T02:21:48","modified_gmt":"2023-04-11T00:21:48","slug":"lego-wear-maedchen-lego-tec-action-lwjosefine-725-skijacke-winterjacke-jacke","status":"publish","type":"product","link":"https:\/\/marktxxl.de\/markt\/produkt\/lego-wear-maedchen-lego-tec-action-lwjosefine-725-skijacke-winterjacke-jacke\/","title":{"rendered":"LEGO Wear M\u00e4dchen Lego Tec Action LWJOSEFINE 725-Skijacke\/Winterjacke Jacke"},"content":{"rendered":"<p>Skijacke LWJOSEFINE 725 aus der LEGO Wear Tec &#8220;Action&#8221; Serie. Wind,-und wasserdicht durch Membrane, 10.000mm Wassers\u00e4ule, verschwei\u00dfte N\u00e4hte. (alle N\u00e4hte verschwei\u00dft), Atmungsaktiv<br \/>\nDie &#8220;Action&#8221; Serie besteht aus extra weichen Material f\u00fcr eine hohe Bewegungsfreiheit auf der Piste (mit Mesh Tasche f\u00fcr Skibrille, Skipass-Tasche mit Rei\u00dfverschluss &amp; Handytasche mit kleinem Loch f\u00fcr Kopfh\u00f6rer)<br \/>\n<div class=\"main-cross-sell\" data-asin=\"B081FM7FB3\">\n\n\t<div class=\"WooZone-cross-sell-loader\">\n\t\t<div>\n\t\t\t<div id=\"floatingBarsG\">\n\t\t\t\t<div class=\"blockG\" id=\"rotateG_01\"><\/div>\n\t\t\t\t<div class=\"blockG\" id=\"rotateG_02\"><\/div>\n\t\t\t\t<div class=\"blockG\" id=\"rotateG_03\"><\/div>\n\t\t\t\t<div class=\"blockG\" id=\"rotateG_04\"><\/div>\n\t\t\t\t<div class=\"blockG\" id=\"rotateG_05\"><\/div>\n\t\t\t\t<div class=\"blockG\" id=\"rotateG_06\"><\/div>\n\t\t\t\t<div class=\"blockG\" id=\"rotateG_07\"><\/div>\n\t\t\t\t<div class=\"blockG\" id=\"rotateG_08\"><\/div>\n\t\t\t<\/div>\n\t\t\t<div class=\"WooZone-cross-sell-loader-text\"><\/div>\n\t\t<\/div>\n\t<\/div>\n\n\t\t\n<\/div>\n<div style=\"clear:both;\"><\/div><\/p>\n","protected":false},"excerpt":{"rendered":"<p>Skijacke LWJOSEFINE 725 aus der LEGO Wear Tec &#8220;Action&#8221; Serie. Wind,-und wasserdicht durch Membrane, 10.000mm Wassers\u00e4ule, verschwei\u00dfte N\u00e4hte. (alle N\u00e4hte verschwei\u00dft), Atmungsaktiv<br \/>\nDie &#8220;Action&#8221; Serie besteht aus extra weichen Material f\u00fcr eine hohe Bewegungsfreiheit auf der Piste (mit Mesh Tasche f\u00fcr Skibrille, Skipass-Tasche mit Rei\u00dfverschluss &amp; Handytasche mit kleinem Loch f\u00fcr Kopfh\u00f6rer)<\/p>\n","protected":false},"featured_media":55255,"comment_status":"open","ping_status":"closed","template":"","meta":[],"product_brand":[],"product_cat":[1186,3990],"product_tag":[],"class_list":{"0":"post-55254","1":"product","2":"type-product","3":"status-publish","4":"has-post-thumbnail","6":"product_cat-bekleidung","7":"product_cat-maedchen","8":"pa_binding-textilien","9":"pa_brand-lego-wear","10":"pa_manufacturer-lego-wear","11":"pa_model-21278","13":"first","14":"instock","15":"shipping-taxable","16":"purchasable","17":"product-type-simple","18":"customify-col","19":"product-has-gallery"},"yoast_head":"<!-- This site is optimized with the Yoast SEO plugin v27.3 - https:\/\/yoast.com\/product\/yoast-seo-wordpress\/ -->\n<title>LEGO Wear M\u00e4dchen Lego Tec Action LWJOSEFINE 725-Skijacke\/Winterjacke Jacke - Markt-XXL<\/title>\n<meta name=\"description\" content=\"Markt-XXL LEGO Wear M\u00e4dchen Lego Tec Action LWJOSEFINE 725-Skijacke\/Winterjacke Jacke\" \/>\n<meta name=\"robots\" content=\"index, follow, max-snippet:-1, max-image-preview:large, max-video-preview:-1\" \/>\n<link rel=\"canonical\" href=\"https:\/\/marktxxl.de\/markt\/produkt\/lego-wear-maedchen-lego-tec-action-lwjosefine-725-skijacke-winterjacke-jacke\/\" \/>\n<meta property=\"og:locale\" content=\"de_DE\" \/>\n<meta property=\"og:type\" content=\"article\" \/>\n<meta property=\"og:title\" content=\"LEGO Wear M\u00e4dchen Lego Tec Action LWJOSEFINE 725-Skijacke\/Winterjacke Jacke - Markt-XXL\" \/>\n<meta property=\"og:description\" content=\"Markt-XXL LEGO Wear M\u00e4dchen Lego Tec Action LWJOSEFINE 725-Skijacke\/Winterjacke Jacke\" \/>\n<meta property=\"og:url\" content=\"https:\/\/marktxxl.de\/markt\/produkt\/lego-wear-maedchen-lego-tec-action-lwjosefine-725-skijacke-winterjacke-jacke\/\" \/>\n<meta property=\"og:site_name\" content=\"Markt-XXL\" \/>\n<meta property=\"article:modified_time\" content=\"2023-04-11T00:21:48+00:00\" \/>\n<meta property=\"og:image\" content=\"https:\/\/m.media-amazon.com\/images\/I\/41TDf96w8wL._SL500_.jpg\" \/>\n\t<meta property=\"og:image:width\" content=\"414\" \/>\n\t<meta property=\"og:image:height\" content=\"500\" \/>\n\t<meta property=\"og:image:type\" content=\"image\/jpeg\" \/>\n<meta name=\"twitter:card\" content=\"summary_large_image\" \/>\n<script type=\"application\/ld+json\" class=\"yoast-schema-graph\">{\"@context\":\"https:\\\/\\\/schema.org\",\"@graph\":[{\"@type\":\"WebPage\",\"@id\":\"https:\\\/\\\/marktxxl.de\\\/markt\\\/produkt\\\/lego-wear-maedchen-lego-tec-action-lwjosefine-725-skijacke-winterjacke-jacke\\\/\",\"url\":\"https:\\\/\\\/marktxxl.de\\\/markt\\\/produkt\\\/lego-wear-maedchen-lego-tec-action-lwjosefine-725-skijacke-winterjacke-jacke\\\/\",\"name\":\"LEGO Wear M\u00e4dchen Lego Tec Action LWJOSEFINE 725-Skijacke\\\/Winterjacke Jacke - Markt-XXL\",\"isPartOf\":{\"@id\":\"https:\\\/\\\/marktxxl.de\\\/markt\\\/#website\"},\"primaryImageOfPage\":{\"@id\":\"https:\\\/\\\/marktxxl.de\\\/markt\\\/produkt\\\/lego-wear-maedchen-lego-tec-action-lwjosefine-725-skijacke-winterjacke-jacke\\\/#primaryimage\"},\"image\":{\"@id\":\"https:\\\/\\\/marktxxl.de\\\/markt\\\/produkt\\\/lego-wear-maedchen-lego-tec-action-lwjosefine-725-skijacke-winterjacke-jacke\\\/#primaryimage\"},\"thumbnailUrl\":\"https:\\\/\\\/m.media-amazon.com\\\/images\\\/I\\\/41TDf96w8wL._SL500_.jpg\",\"datePublished\":\"2021-10-13T21:52:20+00:00\",\"dateModified\":\"2023-04-11T00:21:48+00:00\",\"description\":\"Markt-XXL LEGO Wear M\u00e4dchen Lego Tec Action LWJOSEFINE 725-Skijacke\\\/Winterjacke Jacke\",\"breadcrumb\":{\"@id\":\"https:\\\/\\\/marktxxl.de\\\/markt\\\/produkt\\\/lego-wear-maedchen-lego-tec-action-lwjosefine-725-skijacke-winterjacke-jacke\\\/#breadcrumb\"},\"inLanguage\":\"de\",\"potentialAction\":[{\"@type\":\"ReadAction\",\"target\":[\"https:\\\/\\\/marktxxl.de\\\/markt\\\/produkt\\\/lego-wear-maedchen-lego-tec-action-lwjosefine-725-skijacke-winterjacke-jacke\\\/\"]}]},{\"@type\":\"ImageObject\",\"inLanguage\":\"de\",\"@id\":\"https:\\\/\\\/marktxxl.de\\\/markt\\\/produkt\\\/lego-wear-maedchen-lego-tec-action-lwjosefine-725-skijacke-winterjacke-jacke\\\/#primaryimage\",\"url\":\"https:\\\/\\\/m.media-amazon.com\\\/images\\\/I\\\/41TDf96w8wL._SL500_.jpg\",\"contentUrl\":\"https:\\\/\\\/m.media-amazon.com\\\/images\\\/I\\\/41TDf96w8wL._SL500_.jpg\",\"width\":414,\"height\":500},{\"@type\":\"BreadcrumbList\",\"@id\":\"https:\\\/\\\/marktxxl.de\\\/markt\\\/produkt\\\/lego-wear-maedchen-lego-tec-action-lwjosefine-725-skijacke-winterjacke-jacke\\\/#breadcrumb\",\"itemListElement\":[{\"@type\":\"ListItem\",\"position\":1,\"name\":\"Startseite\",\"item\":\"https:\\\/\\\/marktxxl.de\\\/markt\\\/\"},{\"@type\":\"ListItem\",\"position\":2,\"name\":\"Markt\",\"item\":\"https:\\\/\\\/marktxxl.de\\\/markt\\\/\"},{\"@type\":\"ListItem\",\"position\":3,\"name\":\"LEGO Wear M\u00e4dchen Lego Tec Action LWJOSEFINE 725-Skijacke\\\/Winterjacke Jacke\"}]},{\"@type\":\"WebSite\",\"@id\":\"https:\\\/\\\/marktxxl.de\\\/markt\\\/#website\",\"url\":\"https:\\\/\\\/marktxxl.de\\\/markt\\\/\",\"name\":\"Markt-XXL\",\"description\":\"Ihr Markt Online\",\"publisher\":{\"@id\":\"https:\\\/\\\/marktxxl.de\\\/markt\\\/#organization\"},\"potentialAction\":[{\"@type\":\"SearchAction\",\"target\":{\"@type\":\"EntryPoint\",\"urlTemplate\":\"https:\\\/\\\/marktxxl.de\\\/markt\\\/?s={search_term_string}\"},\"query-input\":{\"@type\":\"PropertyValueSpecification\",\"valueRequired\":true,\"valueName\":\"search_term_string\"}}],\"inLanguage\":\"de\"},{\"@type\":\"Organization\",\"@id\":\"https:\\\/\\\/marktxxl.de\\\/markt\\\/#organization\",\"name\":\"Markt-XXL\",\"url\":\"https:\\\/\\\/marktxxl.de\\\/markt\\\/\",\"logo\":{\"@type\":\"ImageObject\",\"inLanguage\":\"de\",\"@id\":\"https:\\\/\\\/marktxxl.de\\\/markt\\\/#\\\/schema\\\/logo\\\/image\\\/\",\"url\":\"https:\\\/\\\/marktxxl.de\\\/markt\\\/wp-content\\\/uploads\\\/sites\\\/3\\\/2020\\\/12\\\/logo.png\",\"contentUrl\":\"https:\\\/\\\/marktxxl.de\\\/markt\\\/wp-content\\\/uploads\\\/sites\\\/3\\\/2020\\\/12\\\/logo.png\",\"width\":200,\"height\":70,\"caption\":\"Markt-XXL\"},\"image\":{\"@id\":\"https:\\\/\\\/marktxxl.de\\\/markt\\\/#\\\/schema\\\/logo\\\/image\\\/\"}}]}<\/script>\n<!-- \/ Yoast SEO plugin. -->","yoast_head_json":{"title":"LEGO Wear M\u00e4dchen Lego Tec Action LWJOSEFINE 725-Skijacke\/Winterjacke Jacke - Markt-XXL","description":"Markt-XXL LEGO Wear M\u00e4dchen Lego Tec Action LWJOSEFINE 725-Skijacke\/Winterjacke Jacke","robots":{"index":"index","follow":"follow","max-snippet":"max-snippet:-1","max-image-preview":"max-image-preview:large","max-video-preview":"max-video-preview:-1"},"canonical":"https:\/\/marktxxl.de\/markt\/produkt\/lego-wear-maedchen-lego-tec-action-lwjosefine-725-skijacke-winterjacke-jacke\/","og_locale":"de_DE","og_type":"article","og_title":"LEGO Wear M\u00e4dchen Lego Tec Action LWJOSEFINE 725-Skijacke\/Winterjacke Jacke - Markt-XXL","og_description":"Markt-XXL LEGO Wear M\u00e4dchen Lego Tec Action LWJOSEFINE 725-Skijacke\/Winterjacke Jacke","og_url":"https:\/\/marktxxl.de\/markt\/produkt\/lego-wear-maedchen-lego-tec-action-lwjosefine-725-skijacke-winterjacke-jacke\/","og_site_name":"Markt-XXL","article_modified_time":"2023-04-11T00:21:48+00:00","og_image":[{"width":414,"height":500,"url":"https:\/\/m.media-amazon.com\/images\/I\/41TDf96w8wL._SL500_.jpg","type":"image\/jpeg"}],"twitter_card":"summary_large_image","schema":{"@context":"https:\/\/schema.org","@graph":[{"@type":"WebPage","@id":"https:\/\/marktxxl.de\/markt\/produkt\/lego-wear-maedchen-lego-tec-action-lwjosefine-725-skijacke-winterjacke-jacke\/","url":"https:\/\/marktxxl.de\/markt\/produkt\/lego-wear-maedchen-lego-tec-action-lwjosefine-725-skijacke-winterjacke-jacke\/","name":"LEGO Wear M\u00e4dchen Lego Tec Action LWJOSEFINE 725-Skijacke\/Winterjacke Jacke - Markt-XXL","isPartOf":{"@id":"https:\/\/marktxxl.de\/markt\/#website"},"primaryImageOfPage":{"@id":"https:\/\/marktxxl.de\/markt\/produkt\/lego-wear-maedchen-lego-tec-action-lwjosefine-725-skijacke-winterjacke-jacke\/#primaryimage"},"image":{"@id":"https:\/\/marktxxl.de\/markt\/produkt\/lego-wear-maedchen-lego-tec-action-lwjosefine-725-skijacke-winterjacke-jacke\/#primaryimage"},"thumbnailUrl":"https:\/\/m.media-amazon.com\/images\/I\/41TDf96w8wL._SL500_.jpg","datePublished":"2021-10-13T21:52:20+00:00","dateModified":"2023-04-11T00:21:48+00:00","description":"Markt-XXL LEGO Wear M\u00e4dchen Lego Tec Action LWJOSEFINE 725-Skijacke\/Winterjacke Jacke","breadcrumb":{"@id":"https:\/\/marktxxl.de\/markt\/produkt\/lego-wear-maedchen-lego-tec-action-lwjosefine-725-skijacke-winterjacke-jacke\/#breadcrumb"},"inLanguage":"de","potentialAction":[{"@type":"ReadAction","target":["https:\/\/marktxxl.de\/markt\/produkt\/lego-wear-maedchen-lego-tec-action-lwjosefine-725-skijacke-winterjacke-jacke\/"]}]},{"@type":"ImageObject","inLanguage":"de","@id":"https:\/\/marktxxl.de\/markt\/produkt\/lego-wear-maedchen-lego-tec-action-lwjosefine-725-skijacke-winterjacke-jacke\/#primaryimage","url":"https:\/\/m.media-amazon.com\/images\/I\/41TDf96w8wL._SL500_.jpg","contentUrl":"https:\/\/m.media-amazon.com\/images\/I\/41TDf96w8wL._SL500_.jpg","width":414,"height":500},{"@type":"BreadcrumbList","@id":"https:\/\/marktxxl.de\/markt\/produkt\/lego-wear-maedchen-lego-tec-action-lwjosefine-725-skijacke-winterjacke-jacke\/#breadcrumb","itemListElement":[{"@type":"ListItem","position":1,"name":"Startseite","item":"https:\/\/marktxxl.de\/markt\/"},{"@type":"ListItem","position":2,"name":"Markt","item":"https:\/\/marktxxl.de\/markt\/"},{"@type":"ListItem","position":3,"name":"LEGO Wear M\u00e4dchen Lego Tec Action LWJOSEFINE 725-Skijacke\/Winterjacke Jacke"}]},{"@type":"WebSite","@id":"https:\/\/marktxxl.de\/markt\/#website","url":"https:\/\/marktxxl.de\/markt\/","name":"Markt-XXL","description":"Ihr Markt Online","publisher":{"@id":"https:\/\/marktxxl.de\/markt\/#organization"},"potentialAction":[{"@type":"SearchAction","target":{"@type":"EntryPoint","urlTemplate":"https:\/\/marktxxl.de\/markt\/?s={search_term_string}"},"query-input":{"@type":"PropertyValueSpecification","valueRequired":true,"valueName":"search_term_string"}}],"inLanguage":"de"},{"@type":"Organization","@id":"https:\/\/marktxxl.de\/markt\/#organization","name":"Markt-XXL","url":"https:\/\/marktxxl.de\/markt\/","logo":{"@type":"ImageObject","inLanguage":"de","@id":"https:\/\/marktxxl.de\/markt\/#\/schema\/logo\/image\/","url":"https:\/\/marktxxl.de\/markt\/wp-content\/uploads\/sites\/3\/2020\/12\/logo.png","contentUrl":"https:\/\/marktxxl.de\/markt\/wp-content\/uploads\/sites\/3\/2020\/12\/logo.png","width":200,"height":70,"caption":"Markt-XXL"},"image":{"@id":"https:\/\/marktxxl.de\/markt\/#\/schema\/logo\/image\/"}}]}},"_links":{"self":[{"href":"https:\/\/marktxxl.de\/markt\/wp-json\/wp\/v2\/product\/55254","targetHints":{"allow":["GET"]}}],"collection":[{"href":"https:\/\/marktxxl.de\/markt\/wp-json\/wp\/v2\/product"}],"about":[{"href":"https:\/\/marktxxl.de\/markt\/wp-json\/wp\/v2\/types\/product"}],"replies":[{"embeddable":true,"href":"https:\/\/marktxxl.de\/markt\/wp-json\/wp\/v2\/comments?post=55254"}],"wp:featuredmedia":[{"embeddable":true,"href":"https:\/\/marktxxl.de\/markt\/wp-json\/wp\/v2\/media\/55255"}],"wp:attachment":[{"href":"https:\/\/marktxxl.de\/markt\/wp-json\/wp\/v2\/media?parent=55254"}],"wp:term":[{"taxonomy":"product_brand","embeddable":true,"href":"https:\/\/marktxxl.de\/markt\/wp-json\/wp\/v2\/product_brand?post=55254"},{"taxonomy":"product_cat","embeddable":true,"href":"https:\/\/marktxxl.de\/markt\/wp-json\/wp\/v2\/product_cat?post=55254"},{"taxonomy":"product_tag","embeddable":true,"href":"https:\/\/marktxxl.de\/markt\/wp-json\/wp\/v2\/product_tag?post=55254"}],"curies":[{"name":"wp","href":"https:\/\/api.w.org\/{rel}","templated":true}]}}