{"id":55233,"date":"2021-10-13T23:49:05","date_gmt":"2021-10-13T21:49:05","guid":{"rendered":"https:\/\/marktxxl.de\/markt\/produkt\/ebmore-kinder-maedchen-socken-jungen-lustige-geschenke-baumwolle-kindersocken-bunte-weich-neuheit-socken-6-paar\/"},"modified":"2023-04-11T02:21:47","modified_gmt":"2023-04-11T00:21:47","slug":"ebmore-kinder-maedchen-socken-jungen-lustige-geschenke-baumwolle-kindersocken-bunte-weich-neuheit-socken-6-paar","status":"publish","type":"product","link":"https:\/\/marktxxl.de\/markt\/produkt\/ebmore-kinder-maedchen-socken-jungen-lustige-geschenke-baumwolle-kindersocken-bunte-weich-neuheit-socken-6-paar\/","title":{"rendered":"EBMORE Kinder M\u00e4dchen Socken Jungen Lustige Geschenke Baumwolle Kindersocken Bunte Weich Neuheit Socken 6 Paar"},"content":{"rendered":"<p>\u2728 GR\u00d6SSE &#8211; Diese drei Gr\u00f6\u00dfen von lustige Baumwoll-Kindersocken werden von EBMORE zur Verf\u00fcgung gestellt (von Kleinkindsocken bis zu Teenager-Socken): 3-5 Jahre, 5-8 Jahre, 9-15 Jahre.<br \/>\n\u2728 PREMIUM-MATERIAL &#8211; Aus 85% Baumwolle und 15% Elasthan. Die hochwertigen Baumwollsocken f\u00fcr M\u00e4dchen sind bequem und strapazierf\u00e4hig.<br \/>\n\u2728 ELASTIZIT\u00c4T &#8211; Die Manschette, Ferse und Spitze der Kindersocken sind voller Elastizit\u00e4t, die die F\u00fc\u00dfe und das Bein Ihres M\u00e4dchens effektiv sch\u00fctzen. Jungen und M\u00e4dchen k\u00f6nnen diese warmen Socken zu Hause oder zur Schule tragen.<br \/>\n\u2728 LUSTIGE FARBEN &#8211; Diese M\u00e4dchensocken haben viele lustige Farben: das Einhorn, die Meerjungfrau, die Katzen und andere s\u00fc\u00dfe Tiere. Sie lassen sich leicht mit M\u00e4dchenkleidung kombinieren. Die Socken sind auch bequem und atmungsaktiv!<br \/>\n\u2728 GESCHENKE- Diese bunten Kindersocken sind perfekte Geschenke f\u00fcr M\u00e4dchen, Jungen, Sie k\u00f6nnen sie f\u00fcr Ihre Kinder als Weihnachtsgeschenk, Geburtstagsgeschenk, Halloween-Geschenk oder andere Geschenke ausw\u00e4hlen.<br \/>\n<div class=\"main-cross-sell\" data-asin=\"B095NC2HSL\">\n\n\t<div class=\"WooZone-cross-sell-loader\">\n\t\t<div>\n\t\t\t<div id=\"floatingBarsG\">\n\t\t\t\t<div class=\"blockG\" id=\"rotateG_01\"><\/div>\n\t\t\t\t<div class=\"blockG\" id=\"rotateG_02\"><\/div>\n\t\t\t\t<div class=\"blockG\" id=\"rotateG_03\"><\/div>\n\t\t\t\t<div class=\"blockG\" id=\"rotateG_04\"><\/div>\n\t\t\t\t<div class=\"blockG\" id=\"rotateG_05\"><\/div>\n\t\t\t\t<div class=\"blockG\" id=\"rotateG_06\"><\/div>\n\t\t\t\t<div class=\"blockG\" id=\"rotateG_07\"><\/div>\n\t\t\t\t<div class=\"blockG\" id=\"rotateG_08\"><\/div>\n\t\t\t<\/div>\n\t\t\t<div class=\"WooZone-cross-sell-loader-text\"><\/div>\n\t\t<\/div>\n\t<\/div>\n\n\t\t\n<\/div>\n<div style=\"clear:both;\"><\/div><\/p>\n","protected":false},"excerpt":{"rendered":"<p>\u2728 GR\u00d6SSE &#8211; Diese drei Gr\u00f6\u00dfen von lustige Baumwoll-Kindersocken werden von EBMORE zur Verf\u00fcgung gestellt (von Kleinkindsocken bis zu Teenager-Socken): 3-5 Jahre, 5-8 Jahre, 9-15 Jahre.<br \/>\n\u2728 PREMIUM-MATERIAL &#8211; Aus 85% Baumwolle und 15% Elasthan. Die hochwertigen Baumwollsocken f\u00fcr M\u00e4dchen sind bequem und strapazierf\u00e4hig.<br \/>\n\u2728 ELASTIZIT\u00c4T &#8211; Die Manschette, Ferse und Spitze der Kindersocken sind voller Elastizit\u00e4t, die die F\u00fc\u00dfe und das Bein Ihres M\u00e4dchens effektiv sch\u00fctzen. Jungen und M\u00e4dchen k\u00f6nnen diese warmen Socken zu Hause oder zur Schule tragen.<\/p>\n","protected":false},"featured_media":55238,"comment_status":"open","ping_status":"closed","template":"","meta":[],"product_brand":[],"product_cat":[1186,3990],"product_tag":[],"class_list":{"0":"post-55233","1":"product","2":"type-product","3":"status-publish","4":"has-post-thumbnail","6":"product_cat-bekleidung","7":"product_cat-maedchen","8":"pa_brand-ebmore","9":"pa_farbe-einhorn-h","10":"pa_farbe-kat-l","11":"pa_groesse-5-8-jahre","12":"pa_groesse-9-15-y","13":"pa_size-3-12-jahre","15":"first","16":"instock","17":"shipping-taxable","18":"purchasable","19":"product-type-variable","20":"customify-col","21":"product-has-gallery"},"yoast_head":"<!-- This site is optimized with the Yoast SEO plugin v27.4 - https:\/\/yoast.com\/product\/yoast-seo-wordpress\/ -->\n<title>EBMORE Kinder M\u00e4dchen Socken Jungen Lustige Geschenke Baumwolle Kindersocken Bunte Weich Neuheit Socken 6 Paar - Markt-XXL<\/title>\n<meta name=\"description\" content=\"Markt-XXL EBMORE Kinder M\u00e4dchen Socken Jungen Lustige Geschenke Baumwolle Kindersocken Bunte Weich Neuheit Socken 6 Paar\" \/>\n<meta name=\"robots\" content=\"index, follow, max-snippet:-1, max-image-preview:large, max-video-preview:-1\" \/>\n<link rel=\"canonical\" href=\"https:\/\/marktxxl.de\/markt\/produkt\/ebmore-kinder-maedchen-socken-jungen-lustige-geschenke-baumwolle-kindersocken-bunte-weich-neuheit-socken-6-paar\/\" \/>\n<meta property=\"og:locale\" content=\"de_DE\" \/>\n<meta property=\"og:type\" content=\"article\" \/>\n<meta property=\"og:title\" content=\"EBMORE Kinder M\u00e4dchen Socken Jungen Lustige Geschenke Baumwolle Kindersocken Bunte Weich Neuheit Socken 6 Paar - Markt-XXL\" \/>\n<meta property=\"og:description\" content=\"Markt-XXL EBMORE Kinder M\u00e4dchen Socken Jungen Lustige Geschenke Baumwolle Kindersocken Bunte Weich Neuheit Socken 6 Paar\" \/>\n<meta property=\"og:url\" content=\"https:\/\/marktxxl.de\/markt\/produkt\/ebmore-kinder-maedchen-socken-jungen-lustige-geschenke-baumwolle-kindersocken-bunte-weich-neuheit-socken-6-paar\/\" \/>\n<meta property=\"og:site_name\" content=\"Markt-XXL\" \/>\n<meta property=\"article:modified_time\" content=\"2023-04-11T00:21:47+00:00\" \/>\n<meta property=\"og:image\" content=\"https:\/\/m.media-amazon.com\/images\/I\/51IgpDKBAFL._SL500_.jpg\" \/>\n\t<meta property=\"og:image:width\" content=\"500\" \/>\n\t<meta property=\"og:image:height\" content=\"500\" \/>\n\t<meta property=\"og:image:type\" content=\"image\/jpeg\" \/>\n<meta name=\"twitter:card\" content=\"summary_large_image\" \/>\n<meta name=\"twitter:label1\" content=\"Gesch\u00e4tzte Lesezeit\" \/>\n\t<meta name=\"twitter:data1\" content=\"1\u00a0Minute\" \/>\n<script type=\"application\/ld+json\" class=\"yoast-schema-graph\">{\"@context\":\"https:\\\/\\\/schema.org\",\"@graph\":[{\"@type\":\"WebPage\",\"@id\":\"https:\\\/\\\/marktxxl.de\\\/markt\\\/produkt\\\/ebmore-kinder-maedchen-socken-jungen-lustige-geschenke-baumwolle-kindersocken-bunte-weich-neuheit-socken-6-paar\\\/\",\"url\":\"https:\\\/\\\/marktxxl.de\\\/markt\\\/produkt\\\/ebmore-kinder-maedchen-socken-jungen-lustige-geschenke-baumwolle-kindersocken-bunte-weich-neuheit-socken-6-paar\\\/\",\"name\":\"EBMORE Kinder M\u00e4dchen Socken Jungen Lustige Geschenke Baumwolle Kindersocken Bunte Weich Neuheit Socken 6 Paar - Markt-XXL\",\"isPartOf\":{\"@id\":\"https:\\\/\\\/marktxxl.de\\\/markt\\\/#website\"},\"primaryImageOfPage\":{\"@id\":\"https:\\\/\\\/marktxxl.de\\\/markt\\\/produkt\\\/ebmore-kinder-maedchen-socken-jungen-lustige-geschenke-baumwolle-kindersocken-bunte-weich-neuheit-socken-6-paar\\\/#primaryimage\"},\"image\":{\"@id\":\"https:\\\/\\\/marktxxl.de\\\/markt\\\/produkt\\\/ebmore-kinder-maedchen-socken-jungen-lustige-geschenke-baumwolle-kindersocken-bunte-weich-neuheit-socken-6-paar\\\/#primaryimage\"},\"thumbnailUrl\":\"https:\\\/\\\/m.media-amazon.com\\\/images\\\/I\\\/51IgpDKBAFL._SL500_.jpg\",\"datePublished\":\"2021-10-13T21:49:05+00:00\",\"dateModified\":\"2023-04-11T00:21:47+00:00\",\"description\":\"Markt-XXL EBMORE Kinder M\u00e4dchen Socken Jungen Lustige Geschenke Baumwolle Kindersocken Bunte Weich Neuheit Socken 6 Paar\",\"breadcrumb\":{\"@id\":\"https:\\\/\\\/marktxxl.de\\\/markt\\\/produkt\\\/ebmore-kinder-maedchen-socken-jungen-lustige-geschenke-baumwolle-kindersocken-bunte-weich-neuheit-socken-6-paar\\\/#breadcrumb\"},\"inLanguage\":\"de\",\"potentialAction\":[{\"@type\":\"ReadAction\",\"target\":[\"https:\\\/\\\/marktxxl.de\\\/markt\\\/produkt\\\/ebmore-kinder-maedchen-socken-jungen-lustige-geschenke-baumwolle-kindersocken-bunte-weich-neuheit-socken-6-paar\\\/\"]}]},{\"@type\":\"ImageObject\",\"inLanguage\":\"de\",\"@id\":\"https:\\\/\\\/marktxxl.de\\\/markt\\\/produkt\\\/ebmore-kinder-maedchen-socken-jungen-lustige-geschenke-baumwolle-kindersocken-bunte-weich-neuheit-socken-6-paar\\\/#primaryimage\",\"url\":\"https:\\\/\\\/m.media-amazon.com\\\/images\\\/I\\\/51IgpDKBAFL._SL500_.jpg\",\"contentUrl\":\"https:\\\/\\\/m.media-amazon.com\\\/images\\\/I\\\/51IgpDKBAFL._SL500_.jpg\",\"width\":500,\"height\":500},{\"@type\":\"BreadcrumbList\",\"@id\":\"https:\\\/\\\/marktxxl.de\\\/markt\\\/produkt\\\/ebmore-kinder-maedchen-socken-jungen-lustige-geschenke-baumwolle-kindersocken-bunte-weich-neuheit-socken-6-paar\\\/#breadcrumb\",\"itemListElement\":[{\"@type\":\"ListItem\",\"position\":1,\"name\":\"Startseite\",\"item\":\"https:\\\/\\\/marktxxl.de\\\/markt\\\/\"},{\"@type\":\"ListItem\",\"position\":2,\"name\":\"Markt\",\"item\":\"https:\\\/\\\/marktxxl.de\\\/markt\\\/\"},{\"@type\":\"ListItem\",\"position\":3,\"name\":\"EBMORE Kinder M\u00e4dchen Socken Jungen Lustige Geschenke Baumwolle Kindersocken Bunte Weich Neuheit Socken 6 Paar\"}]},{\"@type\":\"WebSite\",\"@id\":\"https:\\\/\\\/marktxxl.de\\\/markt\\\/#website\",\"url\":\"https:\\\/\\\/marktxxl.de\\\/markt\\\/\",\"name\":\"Markt-XXL\",\"description\":\"Ihr Markt Online\",\"publisher\":{\"@id\":\"https:\\\/\\\/marktxxl.de\\\/markt\\\/#organization\"},\"potentialAction\":[{\"@type\":\"SearchAction\",\"target\":{\"@type\":\"EntryPoint\",\"urlTemplate\":\"https:\\\/\\\/marktxxl.de\\\/markt\\\/?s={search_term_string}\"},\"query-input\":{\"@type\":\"PropertyValueSpecification\",\"valueRequired\":true,\"valueName\":\"search_term_string\"}}],\"inLanguage\":\"de\"},{\"@type\":\"Organization\",\"@id\":\"https:\\\/\\\/marktxxl.de\\\/markt\\\/#organization\",\"name\":\"Markt-XXL\",\"url\":\"https:\\\/\\\/marktxxl.de\\\/markt\\\/\",\"logo\":{\"@type\":\"ImageObject\",\"inLanguage\":\"de\",\"@id\":\"https:\\\/\\\/marktxxl.de\\\/markt\\\/#\\\/schema\\\/logo\\\/image\\\/\",\"url\":\"https:\\\/\\\/marktxxl.de\\\/markt\\\/wp-content\\\/uploads\\\/sites\\\/3\\\/2020\\\/12\\\/logo.png\",\"contentUrl\":\"https:\\\/\\\/marktxxl.de\\\/markt\\\/wp-content\\\/uploads\\\/sites\\\/3\\\/2020\\\/12\\\/logo.png\",\"width\":200,\"height\":70,\"caption\":\"Markt-XXL\"},\"image\":{\"@id\":\"https:\\\/\\\/marktxxl.de\\\/markt\\\/#\\\/schema\\\/logo\\\/image\\\/\"}}]}<\/script>\n<!-- \/ Yoast SEO plugin. -->","yoast_head_json":{"title":"EBMORE Kinder M\u00e4dchen Socken Jungen Lustige Geschenke Baumwolle Kindersocken Bunte Weich Neuheit Socken 6 Paar - Markt-XXL","description":"Markt-XXL EBMORE Kinder M\u00e4dchen Socken Jungen Lustige Geschenke Baumwolle Kindersocken Bunte Weich Neuheit Socken 6 Paar","robots":{"index":"index","follow":"follow","max-snippet":"max-snippet:-1","max-image-preview":"max-image-preview:large","max-video-preview":"max-video-preview:-1"},"canonical":"https:\/\/marktxxl.de\/markt\/produkt\/ebmore-kinder-maedchen-socken-jungen-lustige-geschenke-baumwolle-kindersocken-bunte-weich-neuheit-socken-6-paar\/","og_locale":"de_DE","og_type":"article","og_title":"EBMORE Kinder M\u00e4dchen Socken Jungen Lustige Geschenke Baumwolle Kindersocken Bunte Weich Neuheit Socken 6 Paar - Markt-XXL","og_description":"Markt-XXL EBMORE Kinder M\u00e4dchen Socken Jungen Lustige Geschenke Baumwolle Kindersocken Bunte Weich Neuheit Socken 6 Paar","og_url":"https:\/\/marktxxl.de\/markt\/produkt\/ebmore-kinder-maedchen-socken-jungen-lustige-geschenke-baumwolle-kindersocken-bunte-weich-neuheit-socken-6-paar\/","og_site_name":"Markt-XXL","article_modified_time":"2023-04-11T00:21:47+00:00","og_image":[{"width":500,"height":500,"url":"https:\/\/m.media-amazon.com\/images\/I\/51IgpDKBAFL._SL500_.jpg","type":"image\/jpeg"}],"twitter_card":"summary_large_image","twitter_misc":{"Gesch\u00e4tzte Lesezeit":"1\u00a0Minute"},"schema":{"@context":"https:\/\/schema.org","@graph":[{"@type":"WebPage","@id":"https:\/\/marktxxl.de\/markt\/produkt\/ebmore-kinder-maedchen-socken-jungen-lustige-geschenke-baumwolle-kindersocken-bunte-weich-neuheit-socken-6-paar\/","url":"https:\/\/marktxxl.de\/markt\/produkt\/ebmore-kinder-maedchen-socken-jungen-lustige-geschenke-baumwolle-kindersocken-bunte-weich-neuheit-socken-6-paar\/","name":"EBMORE Kinder M\u00e4dchen Socken Jungen Lustige Geschenke Baumwolle Kindersocken Bunte Weich Neuheit Socken 6 Paar - Markt-XXL","isPartOf":{"@id":"https:\/\/marktxxl.de\/markt\/#website"},"primaryImageOfPage":{"@id":"https:\/\/marktxxl.de\/markt\/produkt\/ebmore-kinder-maedchen-socken-jungen-lustige-geschenke-baumwolle-kindersocken-bunte-weich-neuheit-socken-6-paar\/#primaryimage"},"image":{"@id":"https:\/\/marktxxl.de\/markt\/produkt\/ebmore-kinder-maedchen-socken-jungen-lustige-geschenke-baumwolle-kindersocken-bunte-weich-neuheit-socken-6-paar\/#primaryimage"},"thumbnailUrl":"https:\/\/m.media-amazon.com\/images\/I\/51IgpDKBAFL._SL500_.jpg","datePublished":"2021-10-13T21:49:05+00:00","dateModified":"2023-04-11T00:21:47+00:00","description":"Markt-XXL EBMORE Kinder M\u00e4dchen Socken Jungen Lustige Geschenke Baumwolle Kindersocken Bunte Weich Neuheit Socken 6 Paar","breadcrumb":{"@id":"https:\/\/marktxxl.de\/markt\/produkt\/ebmore-kinder-maedchen-socken-jungen-lustige-geschenke-baumwolle-kindersocken-bunte-weich-neuheit-socken-6-paar\/#breadcrumb"},"inLanguage":"de","potentialAction":[{"@type":"ReadAction","target":["https:\/\/marktxxl.de\/markt\/produkt\/ebmore-kinder-maedchen-socken-jungen-lustige-geschenke-baumwolle-kindersocken-bunte-weich-neuheit-socken-6-paar\/"]}]},{"@type":"ImageObject","inLanguage":"de","@id":"https:\/\/marktxxl.de\/markt\/produkt\/ebmore-kinder-maedchen-socken-jungen-lustige-geschenke-baumwolle-kindersocken-bunte-weich-neuheit-socken-6-paar\/#primaryimage","url":"https:\/\/m.media-amazon.com\/images\/I\/51IgpDKBAFL._SL500_.jpg","contentUrl":"https:\/\/m.media-amazon.com\/images\/I\/51IgpDKBAFL._SL500_.jpg","width":500,"height":500},{"@type":"BreadcrumbList","@id":"https:\/\/marktxxl.de\/markt\/produkt\/ebmore-kinder-maedchen-socken-jungen-lustige-geschenke-baumwolle-kindersocken-bunte-weich-neuheit-socken-6-paar\/#breadcrumb","itemListElement":[{"@type":"ListItem","position":1,"name":"Startseite","item":"https:\/\/marktxxl.de\/markt\/"},{"@type":"ListItem","position":2,"name":"Markt","item":"https:\/\/marktxxl.de\/markt\/"},{"@type":"ListItem","position":3,"name":"EBMORE Kinder M\u00e4dchen Socken Jungen Lustige Geschenke Baumwolle Kindersocken Bunte Weich Neuheit Socken 6 Paar"}]},{"@type":"WebSite","@id":"https:\/\/marktxxl.de\/markt\/#website","url":"https:\/\/marktxxl.de\/markt\/","name":"Markt-XXL","description":"Ihr Markt Online","publisher":{"@id":"https:\/\/marktxxl.de\/markt\/#organization"},"potentialAction":[{"@type":"SearchAction","target":{"@type":"EntryPoint","urlTemplate":"https:\/\/marktxxl.de\/markt\/?s={search_term_string}"},"query-input":{"@type":"PropertyValueSpecification","valueRequired":true,"valueName":"search_term_string"}}],"inLanguage":"de"},{"@type":"Organization","@id":"https:\/\/marktxxl.de\/markt\/#organization","name":"Markt-XXL","url":"https:\/\/marktxxl.de\/markt\/","logo":{"@type":"ImageObject","inLanguage":"de","@id":"https:\/\/marktxxl.de\/markt\/#\/schema\/logo\/image\/","url":"https:\/\/marktxxl.de\/markt\/wp-content\/uploads\/sites\/3\/2020\/12\/logo.png","contentUrl":"https:\/\/marktxxl.de\/markt\/wp-content\/uploads\/sites\/3\/2020\/12\/logo.png","width":200,"height":70,"caption":"Markt-XXL"},"image":{"@id":"https:\/\/marktxxl.de\/markt\/#\/schema\/logo\/image\/"}}]}},"_links":{"self":[{"href":"https:\/\/marktxxl.de\/markt\/wp-json\/wp\/v2\/product\/55233","targetHints":{"allow":["GET"]}}],"collection":[{"href":"https:\/\/marktxxl.de\/markt\/wp-json\/wp\/v2\/product"}],"about":[{"href":"https:\/\/marktxxl.de\/markt\/wp-json\/wp\/v2\/types\/product"}],"replies":[{"embeddable":true,"href":"https:\/\/marktxxl.de\/markt\/wp-json\/wp\/v2\/comments?post=55233"}],"wp:featuredmedia":[{"embeddable":true,"href":"https:\/\/marktxxl.de\/markt\/wp-json\/wp\/v2\/media\/55238"}],"wp:attachment":[{"href":"https:\/\/marktxxl.de\/markt\/wp-json\/wp\/v2\/media?parent=55233"}],"wp:term":[{"taxonomy":"product_brand","embeddable":true,"href":"https:\/\/marktxxl.de\/markt\/wp-json\/wp\/v2\/product_brand?post=55233"},{"taxonomy":"product_cat","embeddable":true,"href":"https:\/\/marktxxl.de\/markt\/wp-json\/wp\/v2\/product_cat?post=55233"},{"taxonomy":"product_tag","embeddable":true,"href":"https:\/\/marktxxl.de\/markt\/wp-json\/wp\/v2\/product_tag?post=55233"}],"curies":[{"name":"wp","href":"https:\/\/api.w.org\/{rel}","templated":true}]}}