{"id":54831,"date":"2021-10-13T23:35:00","date_gmt":"2021-10-13T21:35:00","guid":{"rendered":"https:\/\/marktxxl.de\/markt\/produkt\/dalix-graue-strand-tragetasche-personalisierte-geschenke-frauen-schultertaschen-buchstabe-a-z\/"},"modified":"2023-04-11T02:20:08","modified_gmt":"2023-04-11T00:20:08","slug":"dalix-graue-strand-tragetasche-personalisierte-geschenke-frauen-schultertaschen-buchstabe-a-z","status":"publish","type":"product","link":"https:\/\/marktxxl.de\/markt\/produkt\/dalix-graue-strand-tragetasche-personalisierte-geschenke-frauen-schultertaschen-buchstabe-a-z\/","title":{"rendered":"DALIX Graue Strand-Tragetasche, personalisierte Geschenke Frauen Schultertaschen Buchstabe A &#8211; Z"},"content":{"rendered":"<p>Eigenschaften: 100 % Baumwolle, 680 g, personalisierte Schriftart in Ihrer Lieblings-Initiale, robuste Einkaufstasche mit offener Vordertasche, Rei\u00dfverschluss oben.<br \/>\nGr\u00f6\u00dfe: 58,4 cm (L\u00e4nge) x 35,6 cm (Breite) x 17,8 cm (Tiefe). L\u00e4nge des Trageriemens: 30,5 cm.<br \/>\nMaterial: 680 g Baumwoll-Leinen.<br \/>\nVerwendungszweck: Einkaufen, Ausfl\u00fcge, Strandtage, Handtasche und Accessoires zur Aufbewahrung.<br \/>\nFarbe: Grau\/Buchstaben-Design: A, B, C, D, E, F, G, H, I, J, K, L, M, N, O, P, Q, R, S, T, U, V, W, X, Y, Z<br \/>\n<div class=\"main-cross-sell\" data-asin=\"B07J353F7D\">\n\n\t<div class=\"WooZone-cross-sell-loader\">\n\t\t<div>\n\t\t\t<div id=\"floatingBarsG\">\n\t\t\t\t<div class=\"blockG\" id=\"rotateG_01\"><\/div>\n\t\t\t\t<div class=\"blockG\" id=\"rotateG_02\"><\/div>\n\t\t\t\t<div class=\"blockG\" id=\"rotateG_03\"><\/div>\n\t\t\t\t<div class=\"blockG\" id=\"rotateG_04\"><\/div>\n\t\t\t\t<div class=\"blockG\" id=\"rotateG_05\"><\/div>\n\t\t\t\t<div class=\"blockG\" id=\"rotateG_06\"><\/div>\n\t\t\t\t<div class=\"blockG\" id=\"rotateG_07\"><\/div>\n\t\t\t\t<div class=\"blockG\" id=\"rotateG_08\"><\/div>\n\t\t\t<\/div>\n\t\t\t<div class=\"WooZone-cross-sell-loader-text\"><\/div>\n\t\t<\/div>\n\t<\/div>\n\n\t\t\n<\/div>\n<div style=\"clear:both;\"><\/div><\/p>\n","protected":false},"excerpt":{"rendered":"<p>Eigenschaften: 100 % Baumwolle, 680 g, personalisierte Schriftart in Ihrer Lieblings-Initiale, robuste Einkaufstasche mit offener Vordertasche, Rei\u00dfverschluss oben.<br \/>\nGr\u00f6\u00dfe: 58,4 cm (L\u00e4nge) x 35,6 cm (Breite) x 17,8 cm (Tiefe). L\u00e4nge des Trageriemens: 30,5 cm.<br \/>\nMaterial: 680 g Baumwoll-Leinen.<\/p>\n","protected":false},"featured_media":54832,"comment_status":"open","ping_status":"closed","template":"","meta":[],"product_brand":[],"product_cat":[1186,3920],"product_tag":[],"class_list":{"0":"post-54831","1":"product","2":"type-product","3":"status-publish","4":"has-post-thumbnail","6":"product_cat-bekleidung","7":"product_cat-damen","8":"pa_brand-dalix","9":"pa_height-14-zoll","10":"pa_length-23-zoll","11":"pa_manufacturer-dalix","12":"pa_model-st-053-gray-ballent-a-z","13":"pa_size-l","14":"pa_weight-1-55-pfund","15":"pa_width-7-zoll","17":"first","18":"instock","19":"shipping-taxable","20":"purchasable","21":"product-type-simple","22":"customify-col","23":"product-has-gallery"},"yoast_head":"<!-- This site is optimized with the Yoast SEO plugin v27.4 - https:\/\/yoast.com\/product\/yoast-seo-wordpress\/ -->\n<title>DALIX Graue Strand-Tragetasche, personalisierte Geschenke Frauen Schultertaschen Buchstabe A - Z - Markt-XXL<\/title>\n<meta name=\"description\" content=\"Markt-XXL DALIX Graue Strand-Tragetasche, personalisierte Geschenke Frauen Schultertaschen Buchstabe A - Z\" \/>\n<meta name=\"robots\" content=\"index, follow, max-snippet:-1, max-image-preview:large, max-video-preview:-1\" \/>\n<link rel=\"canonical\" href=\"https:\/\/marktxxl.de\/markt\/produkt\/dalix-graue-strand-tragetasche-personalisierte-geschenke-frauen-schultertaschen-buchstabe-a-z\/\" \/>\n<meta property=\"og:locale\" content=\"de_DE\" \/>\n<meta property=\"og:type\" content=\"article\" \/>\n<meta property=\"og:title\" content=\"DALIX Graue Strand-Tragetasche, personalisierte Geschenke Frauen Schultertaschen Buchstabe A - Z - Markt-XXL\" \/>\n<meta property=\"og:description\" content=\"Markt-XXL DALIX Graue Strand-Tragetasche, personalisierte Geschenke Frauen Schultertaschen Buchstabe A - Z\" \/>\n<meta property=\"og:url\" content=\"https:\/\/marktxxl.de\/markt\/produkt\/dalix-graue-strand-tragetasche-personalisierte-geschenke-frauen-schultertaschen-buchstabe-a-z\/\" \/>\n<meta property=\"og:site_name\" content=\"Markt-XXL\" \/>\n<meta property=\"article:modified_time\" content=\"2023-04-11T00:20:08+00:00\" \/>\n<meta property=\"og:image\" content=\"https:\/\/m.media-amazon.com\/images\/I\/41RN3F+y47L._SL500_.jpg\" \/>\n\t<meta property=\"og:image:width\" content=\"500\" \/>\n\t<meta property=\"og:image:height\" content=\"500\" \/>\n\t<meta property=\"og:image:type\" content=\"image\/jpeg\" \/>\n<meta name=\"twitter:card\" content=\"summary_large_image\" \/>\n<script type=\"application\/ld+json\" class=\"yoast-schema-graph\">{\"@context\":\"https:\\\/\\\/schema.org\",\"@graph\":[{\"@type\":\"WebPage\",\"@id\":\"https:\\\/\\\/marktxxl.de\\\/markt\\\/produkt\\\/dalix-graue-strand-tragetasche-personalisierte-geschenke-frauen-schultertaschen-buchstabe-a-z\\\/\",\"url\":\"https:\\\/\\\/marktxxl.de\\\/markt\\\/produkt\\\/dalix-graue-strand-tragetasche-personalisierte-geschenke-frauen-schultertaschen-buchstabe-a-z\\\/\",\"name\":\"DALIX Graue Strand-Tragetasche, personalisierte Geschenke Frauen Schultertaschen Buchstabe A - Z - Markt-XXL\",\"isPartOf\":{\"@id\":\"https:\\\/\\\/marktxxl.de\\\/markt\\\/#website\"},\"primaryImageOfPage\":{\"@id\":\"https:\\\/\\\/marktxxl.de\\\/markt\\\/produkt\\\/dalix-graue-strand-tragetasche-personalisierte-geschenke-frauen-schultertaschen-buchstabe-a-z\\\/#primaryimage\"},\"image\":{\"@id\":\"https:\\\/\\\/marktxxl.de\\\/markt\\\/produkt\\\/dalix-graue-strand-tragetasche-personalisierte-geschenke-frauen-schultertaschen-buchstabe-a-z\\\/#primaryimage\"},\"thumbnailUrl\":\"https:\\\/\\\/m.media-amazon.com\\\/images\\\/I\\\/41RN3F+y47L._SL500_.jpg\",\"datePublished\":\"2021-10-13T21:35:00+00:00\",\"dateModified\":\"2023-04-11T00:20:08+00:00\",\"description\":\"Markt-XXL DALIX Graue Strand-Tragetasche, personalisierte Geschenke Frauen Schultertaschen Buchstabe A - Z\",\"breadcrumb\":{\"@id\":\"https:\\\/\\\/marktxxl.de\\\/markt\\\/produkt\\\/dalix-graue-strand-tragetasche-personalisierte-geschenke-frauen-schultertaschen-buchstabe-a-z\\\/#breadcrumb\"},\"inLanguage\":\"de\",\"potentialAction\":[{\"@type\":\"ReadAction\",\"target\":[\"https:\\\/\\\/marktxxl.de\\\/markt\\\/produkt\\\/dalix-graue-strand-tragetasche-personalisierte-geschenke-frauen-schultertaschen-buchstabe-a-z\\\/\"]}]},{\"@type\":\"ImageObject\",\"inLanguage\":\"de\",\"@id\":\"https:\\\/\\\/marktxxl.de\\\/markt\\\/produkt\\\/dalix-graue-strand-tragetasche-personalisierte-geschenke-frauen-schultertaschen-buchstabe-a-z\\\/#primaryimage\",\"url\":\"https:\\\/\\\/m.media-amazon.com\\\/images\\\/I\\\/41RN3F+y47L._SL500_.jpg\",\"contentUrl\":\"https:\\\/\\\/m.media-amazon.com\\\/images\\\/I\\\/41RN3F+y47L._SL500_.jpg\",\"width\":500,\"height\":500},{\"@type\":\"BreadcrumbList\",\"@id\":\"https:\\\/\\\/marktxxl.de\\\/markt\\\/produkt\\\/dalix-graue-strand-tragetasche-personalisierte-geschenke-frauen-schultertaschen-buchstabe-a-z\\\/#breadcrumb\",\"itemListElement\":[{\"@type\":\"ListItem\",\"position\":1,\"name\":\"Startseite\",\"item\":\"https:\\\/\\\/marktxxl.de\\\/markt\\\/\"},{\"@type\":\"ListItem\",\"position\":2,\"name\":\"Markt\",\"item\":\"https:\\\/\\\/marktxxl.de\\\/markt\\\/\"},{\"@type\":\"ListItem\",\"position\":3,\"name\":\"DALIX Graue Strand-Tragetasche, personalisierte Geschenke Frauen Schultertaschen Buchstabe A &#8211; Z\"}]},{\"@type\":\"WebSite\",\"@id\":\"https:\\\/\\\/marktxxl.de\\\/markt\\\/#website\",\"url\":\"https:\\\/\\\/marktxxl.de\\\/markt\\\/\",\"name\":\"Markt-XXL\",\"description\":\"Ihr Markt Online\",\"publisher\":{\"@id\":\"https:\\\/\\\/marktxxl.de\\\/markt\\\/#organization\"},\"potentialAction\":[{\"@type\":\"SearchAction\",\"target\":{\"@type\":\"EntryPoint\",\"urlTemplate\":\"https:\\\/\\\/marktxxl.de\\\/markt\\\/?s={search_term_string}\"},\"query-input\":{\"@type\":\"PropertyValueSpecification\",\"valueRequired\":true,\"valueName\":\"search_term_string\"}}],\"inLanguage\":\"de\"},{\"@type\":\"Organization\",\"@id\":\"https:\\\/\\\/marktxxl.de\\\/markt\\\/#organization\",\"name\":\"Markt-XXL\",\"url\":\"https:\\\/\\\/marktxxl.de\\\/markt\\\/\",\"logo\":{\"@type\":\"ImageObject\",\"inLanguage\":\"de\",\"@id\":\"https:\\\/\\\/marktxxl.de\\\/markt\\\/#\\\/schema\\\/logo\\\/image\\\/\",\"url\":\"https:\\\/\\\/marktxxl.de\\\/markt\\\/wp-content\\\/uploads\\\/sites\\\/3\\\/2020\\\/12\\\/logo.png\",\"contentUrl\":\"https:\\\/\\\/marktxxl.de\\\/markt\\\/wp-content\\\/uploads\\\/sites\\\/3\\\/2020\\\/12\\\/logo.png\",\"width\":200,\"height\":70,\"caption\":\"Markt-XXL\"},\"image\":{\"@id\":\"https:\\\/\\\/marktxxl.de\\\/markt\\\/#\\\/schema\\\/logo\\\/image\\\/\"}}]}<\/script>\n<!-- \/ Yoast SEO plugin. -->","yoast_head_json":{"title":"DALIX Graue Strand-Tragetasche, personalisierte Geschenke Frauen Schultertaschen Buchstabe A - Z - Markt-XXL","description":"Markt-XXL DALIX Graue Strand-Tragetasche, personalisierte Geschenke Frauen Schultertaschen Buchstabe A - Z","robots":{"index":"index","follow":"follow","max-snippet":"max-snippet:-1","max-image-preview":"max-image-preview:large","max-video-preview":"max-video-preview:-1"},"canonical":"https:\/\/marktxxl.de\/markt\/produkt\/dalix-graue-strand-tragetasche-personalisierte-geschenke-frauen-schultertaschen-buchstabe-a-z\/","og_locale":"de_DE","og_type":"article","og_title":"DALIX Graue Strand-Tragetasche, personalisierte Geschenke Frauen Schultertaschen Buchstabe A - Z - Markt-XXL","og_description":"Markt-XXL DALIX Graue Strand-Tragetasche, personalisierte Geschenke Frauen Schultertaschen Buchstabe A - Z","og_url":"https:\/\/marktxxl.de\/markt\/produkt\/dalix-graue-strand-tragetasche-personalisierte-geschenke-frauen-schultertaschen-buchstabe-a-z\/","og_site_name":"Markt-XXL","article_modified_time":"2023-04-11T00:20:08+00:00","og_image":[{"width":500,"height":500,"url":"https:\/\/m.media-amazon.com\/images\/I\/41RN3F+y47L._SL500_.jpg","type":"image\/jpeg"}],"twitter_card":"summary_large_image","schema":{"@context":"https:\/\/schema.org","@graph":[{"@type":"WebPage","@id":"https:\/\/marktxxl.de\/markt\/produkt\/dalix-graue-strand-tragetasche-personalisierte-geschenke-frauen-schultertaschen-buchstabe-a-z\/","url":"https:\/\/marktxxl.de\/markt\/produkt\/dalix-graue-strand-tragetasche-personalisierte-geschenke-frauen-schultertaschen-buchstabe-a-z\/","name":"DALIX Graue Strand-Tragetasche, personalisierte Geschenke Frauen Schultertaschen Buchstabe A - Z - Markt-XXL","isPartOf":{"@id":"https:\/\/marktxxl.de\/markt\/#website"},"primaryImageOfPage":{"@id":"https:\/\/marktxxl.de\/markt\/produkt\/dalix-graue-strand-tragetasche-personalisierte-geschenke-frauen-schultertaschen-buchstabe-a-z\/#primaryimage"},"image":{"@id":"https:\/\/marktxxl.de\/markt\/produkt\/dalix-graue-strand-tragetasche-personalisierte-geschenke-frauen-schultertaschen-buchstabe-a-z\/#primaryimage"},"thumbnailUrl":"https:\/\/m.media-amazon.com\/images\/I\/41RN3F+y47L._SL500_.jpg","datePublished":"2021-10-13T21:35:00+00:00","dateModified":"2023-04-11T00:20:08+00:00","description":"Markt-XXL DALIX Graue Strand-Tragetasche, personalisierte Geschenke Frauen Schultertaschen Buchstabe A - Z","breadcrumb":{"@id":"https:\/\/marktxxl.de\/markt\/produkt\/dalix-graue-strand-tragetasche-personalisierte-geschenke-frauen-schultertaschen-buchstabe-a-z\/#breadcrumb"},"inLanguage":"de","potentialAction":[{"@type":"ReadAction","target":["https:\/\/marktxxl.de\/markt\/produkt\/dalix-graue-strand-tragetasche-personalisierte-geschenke-frauen-schultertaschen-buchstabe-a-z\/"]}]},{"@type":"ImageObject","inLanguage":"de","@id":"https:\/\/marktxxl.de\/markt\/produkt\/dalix-graue-strand-tragetasche-personalisierte-geschenke-frauen-schultertaschen-buchstabe-a-z\/#primaryimage","url":"https:\/\/m.media-amazon.com\/images\/I\/41RN3F+y47L._SL500_.jpg","contentUrl":"https:\/\/m.media-amazon.com\/images\/I\/41RN3F+y47L._SL500_.jpg","width":500,"height":500},{"@type":"BreadcrumbList","@id":"https:\/\/marktxxl.de\/markt\/produkt\/dalix-graue-strand-tragetasche-personalisierte-geschenke-frauen-schultertaschen-buchstabe-a-z\/#breadcrumb","itemListElement":[{"@type":"ListItem","position":1,"name":"Startseite","item":"https:\/\/marktxxl.de\/markt\/"},{"@type":"ListItem","position":2,"name":"Markt","item":"https:\/\/marktxxl.de\/markt\/"},{"@type":"ListItem","position":3,"name":"DALIX Graue Strand-Tragetasche, personalisierte Geschenke Frauen Schultertaschen Buchstabe A &#8211; Z"}]},{"@type":"WebSite","@id":"https:\/\/marktxxl.de\/markt\/#website","url":"https:\/\/marktxxl.de\/markt\/","name":"Markt-XXL","description":"Ihr Markt Online","publisher":{"@id":"https:\/\/marktxxl.de\/markt\/#organization"},"potentialAction":[{"@type":"SearchAction","target":{"@type":"EntryPoint","urlTemplate":"https:\/\/marktxxl.de\/markt\/?s={search_term_string}"},"query-input":{"@type":"PropertyValueSpecification","valueRequired":true,"valueName":"search_term_string"}}],"inLanguage":"de"},{"@type":"Organization","@id":"https:\/\/marktxxl.de\/markt\/#organization","name":"Markt-XXL","url":"https:\/\/marktxxl.de\/markt\/","logo":{"@type":"ImageObject","inLanguage":"de","@id":"https:\/\/marktxxl.de\/markt\/#\/schema\/logo\/image\/","url":"https:\/\/marktxxl.de\/markt\/wp-content\/uploads\/sites\/3\/2020\/12\/logo.png","contentUrl":"https:\/\/marktxxl.de\/markt\/wp-content\/uploads\/sites\/3\/2020\/12\/logo.png","width":200,"height":70,"caption":"Markt-XXL"},"image":{"@id":"https:\/\/marktxxl.de\/markt\/#\/schema\/logo\/image\/"}}]}},"_links":{"self":[{"href":"https:\/\/marktxxl.de\/markt\/wp-json\/wp\/v2\/product\/54831","targetHints":{"allow":["GET"]}}],"collection":[{"href":"https:\/\/marktxxl.de\/markt\/wp-json\/wp\/v2\/product"}],"about":[{"href":"https:\/\/marktxxl.de\/markt\/wp-json\/wp\/v2\/types\/product"}],"replies":[{"embeddable":true,"href":"https:\/\/marktxxl.de\/markt\/wp-json\/wp\/v2\/comments?post=54831"}],"wp:featuredmedia":[{"embeddable":true,"href":"https:\/\/marktxxl.de\/markt\/wp-json\/wp\/v2\/media\/54832"}],"wp:attachment":[{"href":"https:\/\/marktxxl.de\/markt\/wp-json\/wp\/v2\/media?parent=54831"}],"wp:term":[{"taxonomy":"product_brand","embeddable":true,"href":"https:\/\/marktxxl.de\/markt\/wp-json\/wp\/v2\/product_brand?post=54831"},{"taxonomy":"product_cat","embeddable":true,"href":"https:\/\/marktxxl.de\/markt\/wp-json\/wp\/v2\/product_cat?post=54831"},{"taxonomy":"product_tag","embeddable":true,"href":"https:\/\/marktxxl.de\/markt\/wp-json\/wp\/v2\/product_tag?post=54831"}],"curies":[{"name":"wp","href":"https:\/\/api.w.org\/{rel}","templated":true}]}}