{"id":54658,"date":"2021-10-13T23:27:09","date_gmt":"2021-10-13T21:27:09","guid":{"rendered":"https:\/\/marktxxl.de\/markt\/produkt\/darn-tough-taktische-stiefelsocke\/"},"modified":"2023-04-11T02:20:06","modified_gmt":"2023-04-11T00:20:06","slug":"darn-tough-taktische-stiefelsocke","status":"publish","type":"product","link":"https:\/\/marktxxl.de\/markt\/produkt\/darn-tough-taktische-stiefelsocke\/","title":{"rendered":"Darn Tough Taktische Stiefelkissen-Socke"},"content":{"rendered":"<p>Mittelschwer mit Kissen \u2013 eine warme und extrem bequeme Wahl, wenn die Bedingungen es verlangen, diese feine Stricksocke bietet mittelhohe Polsterdichte unter Ihrem Fu\u00df. True Seamless-Technologie erm\u00f6glicht eine unsichtbare Nahtverschmelzung f\u00fcr ein ultraglattes, unsichtbares Gef\u00fchl.<br \/>\nStiefelsockenh\u00f6he: sitzt in der Wade f\u00fcr zus\u00e4tzlichen Schutz und W\u00e4rme. Ein robuster Begleiter. Siehe Tabelle unten, wenn andere H\u00f6hen f\u00fcr Sie besser sein k\u00f6nnen.<br \/>\nZusammensetzung: Entworfen und gestrickt in Vermont mit 62 % Merinowolle, 36 % Nylon, 2 % Lycra-Elastan. Der schnelle Feuchtigkeitstransport leitet Feuchtigkeit von der Haut weg, so dass keine schwitzigen, stinkenden Socken mehr entstehen. Die weiche, atmungsaktive Merinowolle hat schnell trocknende Allwetterleistung, die dich im Sommer k\u00fchl und im Winter warm h\u00e4lt.<br \/>\nGarantiert f\u00fcr ein Leben: Darn Tough&#8217;s ber\u00fchmte Garantie \u2013 wenn diese Socken abnutzen, rei\u00dfen oder L\u00f6cher entwickeln, wird Darn Tough sie ersetzen. Keine Schn\u00fcre Keine Bedingungen. Im Laufe der Jahre, wenn Sie Ihre Sockenschublade \u00f6ffnen, ist dies das Paar, das Sie immer zuerst greifen werden.<br \/>\nHergestellt in den USA: Jedes Paar Socken wird in Northfield, Vermont gestrickt \u2013 dem perfekten Testplatz f\u00fcr die besten Premium-Socken f\u00fcr jedes Wetter.<br \/>\n<div class=\"main-cross-sell\" data-asin=\"B07V57XSNQ\">\n\n\t<div class=\"WooZone-cross-sell-loader\">\n\t\t<div>\n\t\t\t<div id=\"floatingBarsG\">\n\t\t\t\t<div class=\"blockG\" id=\"rotateG_01\"><\/div>\n\t\t\t\t<div class=\"blockG\" id=\"rotateG_02\"><\/div>\n\t\t\t\t<div class=\"blockG\" id=\"rotateG_03\"><\/div>\n\t\t\t\t<div class=\"blockG\" id=\"rotateG_04\"><\/div>\n\t\t\t\t<div class=\"blockG\" id=\"rotateG_05\"><\/div>\n\t\t\t\t<div class=\"blockG\" id=\"rotateG_06\"><\/div>\n\t\t\t\t<div class=\"blockG\" id=\"rotateG_07\"><\/div>\n\t\t\t\t<div class=\"blockG\" id=\"rotateG_08\"><\/div>\n\t\t\t<\/div>\n\t\t\t<div class=\"WooZone-cross-sell-loader-text\"><\/div>\n\t\t<\/div>\n\t<\/div>\n\n\t\t\n<\/div>\n<div style=\"clear:both;\"><\/div><\/p>\n","protected":false},"excerpt":{"rendered":"<p>Mittelschwer mit Kissen \u2013 eine warme und extrem bequeme Wahl, wenn die Bedingungen es verlangen, diese feine Stricksocke bietet mittelhohe Polsterdichte unter Ihrem Fu\u00df. True Seamless-Technologie erm\u00f6glicht eine unsichtbare Nahtverschmelzung f\u00fcr ein ultraglattes, unsichtbares Gef\u00fchl.<br \/>\nStiefelsockenh\u00f6he: sitzt in der Wade f\u00fcr zus\u00e4tzlichen Schutz und W\u00e4rme. Ein robuster Begleiter. Siehe Tabelle unten, wenn andere H\u00f6hen f\u00fcr Sie besser sein k\u00f6nnen.<br \/>\nZusammensetzung: Entworfen und gestrickt in Vermont mit 62 % Merinowolle, 36 % Nylon, 2 % Lycra-Elastan. Der schnelle Feuchtigkeitstransport leitet Feuchtigkeit von der Haut weg, so dass keine schwitzigen, stinkenden Socken mehr entstehen. Die weiche, atmungsaktive Merinowolle hat schnell trocknende Allwetterleistung, die dich im Sommer k\u00fchl und im Winter warm h\u00e4lt.<\/p>\n","protected":false},"featured_media":54669,"comment_status":"open","ping_status":"closed","template":"","meta":[],"product_brand":[],"product_cat":[1186,3920],"product_tag":[],"class_list":{"0":"post-54658","1":"product","2":"type-product","3":"status-publish","4":"has-post-thumbnail","6":"product_cat-bekleidung","7":"product_cat-damen","8":"pa_binding-misc","9":"pa_brand-darn-tough","10":"pa_farbe-coyote-brown","11":"pa_farbe-desert-tan","12":"pa_farbe-gruen","13":"pa_farbe-schwarz","14":"pa_groesse-l","15":"pa_groesse-m","16":"pa_groesse-s","17":"pa_groesse-xs","18":"pa_manufacturer-darn-tough","19":"pa_model-t4021","21":"first","22":"instock","23":"shipping-taxable","24":"purchasable","25":"product-type-variable","26":"customify-col","27":"product-has-gallery"},"yoast_head":"<!-- This site is optimized with the Yoast SEO plugin v27.4 - https:\/\/yoast.com\/product\/yoast-seo-wordpress\/ -->\n<title>Darn Tough Taktische Stiefelkissen-Socke - Markt-XXL<\/title>\n<meta name=\"description\" content=\"Markt-XXL Darn Tough Taktische Stiefelkissen-Socke\" \/>\n<meta name=\"robots\" content=\"index, follow, max-snippet:-1, max-image-preview:large, max-video-preview:-1\" \/>\n<link rel=\"canonical\" href=\"https:\/\/marktxxl.de\/markt\/produkt\/darn-tough-taktische-stiefelsocke\/\" \/>\n<meta property=\"og:locale\" content=\"de_DE\" \/>\n<meta property=\"og:type\" content=\"article\" \/>\n<meta property=\"og:title\" content=\"Darn Tough Taktische Stiefelkissen-Socke - Markt-XXL\" \/>\n<meta property=\"og:description\" content=\"Markt-XXL Darn Tough Taktische Stiefelkissen-Socke\" \/>\n<meta property=\"og:url\" content=\"https:\/\/marktxxl.de\/markt\/produkt\/darn-tough-taktische-stiefelsocke\/\" \/>\n<meta property=\"og:site_name\" content=\"Markt-XXL\" \/>\n<meta property=\"article:modified_time\" content=\"2023-04-11T00:20:06+00:00\" \/>\n<meta property=\"og:image\" content=\"https:\/\/m.media-amazon.com\/images\/I\/41WIekSiaFL._SL500_.jpg\" \/>\n\t<meta property=\"og:image:width\" content=\"366\" \/>\n\t<meta property=\"og:image:height\" content=\"500\" \/>\n\t<meta property=\"og:image:type\" content=\"image\/jpeg\" \/>\n<meta name=\"twitter:card\" content=\"summary_large_image\" \/>\n<meta name=\"twitter:label1\" content=\"Gesch\u00e4tzte Lesezeit\" \/>\n\t<meta name=\"twitter:data1\" content=\"1\u00a0Minute\" \/>\n<script type=\"application\/ld+json\" class=\"yoast-schema-graph\">{\"@context\":\"https:\\\/\\\/schema.org\",\"@graph\":[{\"@type\":\"WebPage\",\"@id\":\"https:\\\/\\\/marktxxl.de\\\/markt\\\/produkt\\\/darn-tough-taktische-stiefelsocke\\\/\",\"url\":\"https:\\\/\\\/marktxxl.de\\\/markt\\\/produkt\\\/darn-tough-taktische-stiefelsocke\\\/\",\"name\":\"Darn Tough Taktische Stiefelkissen-Socke - Markt-XXL\",\"isPartOf\":{\"@id\":\"https:\\\/\\\/marktxxl.de\\\/markt\\\/#website\"},\"primaryImageOfPage\":{\"@id\":\"https:\\\/\\\/marktxxl.de\\\/markt\\\/produkt\\\/darn-tough-taktische-stiefelsocke\\\/#primaryimage\"},\"image\":{\"@id\":\"https:\\\/\\\/marktxxl.de\\\/markt\\\/produkt\\\/darn-tough-taktische-stiefelsocke\\\/#primaryimage\"},\"thumbnailUrl\":\"https:\\\/\\\/m.media-amazon.com\\\/images\\\/I\\\/41WIekSiaFL._SL500_.jpg\",\"datePublished\":\"2021-10-13T21:27:09+00:00\",\"dateModified\":\"2023-04-11T00:20:06+00:00\",\"description\":\"Markt-XXL Darn Tough Taktische Stiefelkissen-Socke\",\"breadcrumb\":{\"@id\":\"https:\\\/\\\/marktxxl.de\\\/markt\\\/produkt\\\/darn-tough-taktische-stiefelsocke\\\/#breadcrumb\"},\"inLanguage\":\"de\",\"potentialAction\":[{\"@type\":\"ReadAction\",\"target\":[\"https:\\\/\\\/marktxxl.de\\\/markt\\\/produkt\\\/darn-tough-taktische-stiefelsocke\\\/\"]}]},{\"@type\":\"ImageObject\",\"inLanguage\":\"de\",\"@id\":\"https:\\\/\\\/marktxxl.de\\\/markt\\\/produkt\\\/darn-tough-taktische-stiefelsocke\\\/#primaryimage\",\"url\":\"https:\\\/\\\/m.media-amazon.com\\\/images\\\/I\\\/41WIekSiaFL._SL500_.jpg\",\"contentUrl\":\"https:\\\/\\\/m.media-amazon.com\\\/images\\\/I\\\/41WIekSiaFL._SL500_.jpg\",\"width\":366,\"height\":500},{\"@type\":\"BreadcrumbList\",\"@id\":\"https:\\\/\\\/marktxxl.de\\\/markt\\\/produkt\\\/darn-tough-taktische-stiefelsocke\\\/#breadcrumb\",\"itemListElement\":[{\"@type\":\"ListItem\",\"position\":1,\"name\":\"Startseite\",\"item\":\"https:\\\/\\\/marktxxl.de\\\/markt\\\/\"},{\"@type\":\"ListItem\",\"position\":2,\"name\":\"Markt\",\"item\":\"https:\\\/\\\/marktxxl.de\\\/markt\\\/\"},{\"@type\":\"ListItem\",\"position\":3,\"name\":\"Darn Tough Taktische Stiefelkissen-Socke\"}]},{\"@type\":\"WebSite\",\"@id\":\"https:\\\/\\\/marktxxl.de\\\/markt\\\/#website\",\"url\":\"https:\\\/\\\/marktxxl.de\\\/markt\\\/\",\"name\":\"Markt-XXL\",\"description\":\"Ihr Markt Online\",\"publisher\":{\"@id\":\"https:\\\/\\\/marktxxl.de\\\/markt\\\/#organization\"},\"potentialAction\":[{\"@type\":\"SearchAction\",\"target\":{\"@type\":\"EntryPoint\",\"urlTemplate\":\"https:\\\/\\\/marktxxl.de\\\/markt\\\/?s={search_term_string}\"},\"query-input\":{\"@type\":\"PropertyValueSpecification\",\"valueRequired\":true,\"valueName\":\"search_term_string\"}}],\"inLanguage\":\"de\"},{\"@type\":\"Organization\",\"@id\":\"https:\\\/\\\/marktxxl.de\\\/markt\\\/#organization\",\"name\":\"Markt-XXL\",\"url\":\"https:\\\/\\\/marktxxl.de\\\/markt\\\/\",\"logo\":{\"@type\":\"ImageObject\",\"inLanguage\":\"de\",\"@id\":\"https:\\\/\\\/marktxxl.de\\\/markt\\\/#\\\/schema\\\/logo\\\/image\\\/\",\"url\":\"https:\\\/\\\/marktxxl.de\\\/markt\\\/wp-content\\\/uploads\\\/sites\\\/3\\\/2020\\\/12\\\/logo.png\",\"contentUrl\":\"https:\\\/\\\/marktxxl.de\\\/markt\\\/wp-content\\\/uploads\\\/sites\\\/3\\\/2020\\\/12\\\/logo.png\",\"width\":200,\"height\":70,\"caption\":\"Markt-XXL\"},\"image\":{\"@id\":\"https:\\\/\\\/marktxxl.de\\\/markt\\\/#\\\/schema\\\/logo\\\/image\\\/\"}}]}<\/script>\n<!-- \/ Yoast SEO plugin. -->","yoast_head_json":{"title":"Darn Tough Taktische Stiefelkissen-Socke - Markt-XXL","description":"Markt-XXL Darn Tough Taktische Stiefelkissen-Socke","robots":{"index":"index","follow":"follow","max-snippet":"max-snippet:-1","max-image-preview":"max-image-preview:large","max-video-preview":"max-video-preview:-1"},"canonical":"https:\/\/marktxxl.de\/markt\/produkt\/darn-tough-taktische-stiefelsocke\/","og_locale":"de_DE","og_type":"article","og_title":"Darn Tough Taktische Stiefelkissen-Socke - Markt-XXL","og_description":"Markt-XXL Darn Tough Taktische Stiefelkissen-Socke","og_url":"https:\/\/marktxxl.de\/markt\/produkt\/darn-tough-taktische-stiefelsocke\/","og_site_name":"Markt-XXL","article_modified_time":"2023-04-11T00:20:06+00:00","og_image":[{"width":366,"height":500,"url":"https:\/\/m.media-amazon.com\/images\/I\/41WIekSiaFL._SL500_.jpg","type":"image\/jpeg"}],"twitter_card":"summary_large_image","twitter_misc":{"Gesch\u00e4tzte Lesezeit":"1\u00a0Minute"},"schema":{"@context":"https:\/\/schema.org","@graph":[{"@type":"WebPage","@id":"https:\/\/marktxxl.de\/markt\/produkt\/darn-tough-taktische-stiefelsocke\/","url":"https:\/\/marktxxl.de\/markt\/produkt\/darn-tough-taktische-stiefelsocke\/","name":"Darn Tough Taktische Stiefelkissen-Socke - Markt-XXL","isPartOf":{"@id":"https:\/\/marktxxl.de\/markt\/#website"},"primaryImageOfPage":{"@id":"https:\/\/marktxxl.de\/markt\/produkt\/darn-tough-taktische-stiefelsocke\/#primaryimage"},"image":{"@id":"https:\/\/marktxxl.de\/markt\/produkt\/darn-tough-taktische-stiefelsocke\/#primaryimage"},"thumbnailUrl":"https:\/\/m.media-amazon.com\/images\/I\/41WIekSiaFL._SL500_.jpg","datePublished":"2021-10-13T21:27:09+00:00","dateModified":"2023-04-11T00:20:06+00:00","description":"Markt-XXL Darn Tough Taktische Stiefelkissen-Socke","breadcrumb":{"@id":"https:\/\/marktxxl.de\/markt\/produkt\/darn-tough-taktische-stiefelsocke\/#breadcrumb"},"inLanguage":"de","potentialAction":[{"@type":"ReadAction","target":["https:\/\/marktxxl.de\/markt\/produkt\/darn-tough-taktische-stiefelsocke\/"]}]},{"@type":"ImageObject","inLanguage":"de","@id":"https:\/\/marktxxl.de\/markt\/produkt\/darn-tough-taktische-stiefelsocke\/#primaryimage","url":"https:\/\/m.media-amazon.com\/images\/I\/41WIekSiaFL._SL500_.jpg","contentUrl":"https:\/\/m.media-amazon.com\/images\/I\/41WIekSiaFL._SL500_.jpg","width":366,"height":500},{"@type":"BreadcrumbList","@id":"https:\/\/marktxxl.de\/markt\/produkt\/darn-tough-taktische-stiefelsocke\/#breadcrumb","itemListElement":[{"@type":"ListItem","position":1,"name":"Startseite","item":"https:\/\/marktxxl.de\/markt\/"},{"@type":"ListItem","position":2,"name":"Markt","item":"https:\/\/marktxxl.de\/markt\/"},{"@type":"ListItem","position":3,"name":"Darn Tough Taktische Stiefelkissen-Socke"}]},{"@type":"WebSite","@id":"https:\/\/marktxxl.de\/markt\/#website","url":"https:\/\/marktxxl.de\/markt\/","name":"Markt-XXL","description":"Ihr Markt Online","publisher":{"@id":"https:\/\/marktxxl.de\/markt\/#organization"},"potentialAction":[{"@type":"SearchAction","target":{"@type":"EntryPoint","urlTemplate":"https:\/\/marktxxl.de\/markt\/?s={search_term_string}"},"query-input":{"@type":"PropertyValueSpecification","valueRequired":true,"valueName":"search_term_string"}}],"inLanguage":"de"},{"@type":"Organization","@id":"https:\/\/marktxxl.de\/markt\/#organization","name":"Markt-XXL","url":"https:\/\/marktxxl.de\/markt\/","logo":{"@type":"ImageObject","inLanguage":"de","@id":"https:\/\/marktxxl.de\/markt\/#\/schema\/logo\/image\/","url":"https:\/\/marktxxl.de\/markt\/wp-content\/uploads\/sites\/3\/2020\/12\/logo.png","contentUrl":"https:\/\/marktxxl.de\/markt\/wp-content\/uploads\/sites\/3\/2020\/12\/logo.png","width":200,"height":70,"caption":"Markt-XXL"},"image":{"@id":"https:\/\/marktxxl.de\/markt\/#\/schema\/logo\/image\/"}}]}},"_links":{"self":[{"href":"https:\/\/marktxxl.de\/markt\/wp-json\/wp\/v2\/product\/54658","targetHints":{"allow":["GET"]}}],"collection":[{"href":"https:\/\/marktxxl.de\/markt\/wp-json\/wp\/v2\/product"}],"about":[{"href":"https:\/\/marktxxl.de\/markt\/wp-json\/wp\/v2\/types\/product"}],"replies":[{"embeddable":true,"href":"https:\/\/marktxxl.de\/markt\/wp-json\/wp\/v2\/comments?post=54658"}],"wp:featuredmedia":[{"embeddable":true,"href":"https:\/\/marktxxl.de\/markt\/wp-json\/wp\/v2\/media\/54669"}],"wp:attachment":[{"href":"https:\/\/marktxxl.de\/markt\/wp-json\/wp\/v2\/media?parent=54658"}],"wp:term":[{"taxonomy":"product_brand","embeddable":true,"href":"https:\/\/marktxxl.de\/markt\/wp-json\/wp\/v2\/product_brand?post=54658"},{"taxonomy":"product_cat","embeddable":true,"href":"https:\/\/marktxxl.de\/markt\/wp-json\/wp\/v2\/product_cat?post=54658"},{"taxonomy":"product_tag","embeddable":true,"href":"https:\/\/marktxxl.de\/markt\/wp-json\/wp\/v2\/product_tag?post=54658"}],"curies":[{"name":"wp","href":"https:\/\/api.w.org\/{rel}","templated":true}]}}