{"id":54549,"date":"2021-10-13T23:25:26","date_gmt":"2021-10-13T21:25:26","guid":{"rendered":"https:\/\/marktxxl.de\/markt\/produkt\/stetson-classic-cotton-trucker-cap-truckercap-herren-damen-basecap-mit-baumwolle-one-size-56-60-cm-meshcap-fruehjahr-sommer-baseballcap\/"},"modified":"2023-04-10T02:07:24","modified_gmt":"2023-04-10T00:07:24","slug":"stetson-classic-cotton-trucker-cap-truckercap-herren-damen-basecap-mit-baumwolle-one-size-56-60-cm-meshcap-fruehjahr-sommer-baseballcap","status":"publish","type":"product","link":"https:\/\/marktxxl.de\/markt\/produkt\/stetson-classic-cotton-trucker-cap-truckercap-herren-damen-basecap-mit-baumwolle-one-size-56-60-cm-meshcap-fruehjahr-sommer-baseballcap\/","title":{"rendered":"Stetson Moonshine Jamboree Trucker Cap Herren &#8211; Verstellbare Mesh Cap &#8211; Baseballcap mit Futter aus 100% Baumwolle\u2026"},"content":{"rendered":"<p>SOMMERMATERIAL \/\/ Gefertigt aus Baumwolle, ist diese Schirmm\u00fctze hautsympatisch sowie feuchtigkeitsregulierend und wird besonders an sommerlich warmen Tagen gerne getragen<br \/>\nMESH-EINSATZ \/\/ Dank des luftigen Netzeinsatzes beh\u00e4lt man auch bei hohen Temperaturen und schwei\u00dftreibenden Outdoor-Aktivit\u00e4ten immer einen k\u00fchlen Kopf<br \/>\nSCHATTENSPENDER \/\/ Der gro\u00dfe Schirm auf der Vorderseite der sportlichen Kappe sch\u00fctzt vor st\u00f6renden Sonnenstrahlen<br \/>\nUNIFARBENES DESIGN \/\/ Der einfarbige Look der Meshcap kann mit so gut wie jedem Sommer-Outfit gekonnt kombiniert werden<br \/>\nSTETSON-MARKENSTICKEREI \/\/ Eine dezent gehaltene, \u00fcber dem Schirm eingen\u00e4hte Stickerei zeugt von der f\u00fcr die Kultmarke Stetson typischen, \u00fcberaus hohen Qualit\u00e4t der Kopfbedeckung<br \/>\n<div class=\"main-cross-sell\" data-asin=\"B01NC2QX0C\">\n\n\t<div class=\"WooZone-cross-sell-loader\">\n\t\t<div>\n\t\t\t<div id=\"floatingBarsG\">\n\t\t\t\t<div class=\"blockG\" id=\"rotateG_01\"><\/div>\n\t\t\t\t<div class=\"blockG\" id=\"rotateG_02\"><\/div>\n\t\t\t\t<div class=\"blockG\" id=\"rotateG_03\"><\/div>\n\t\t\t\t<div class=\"blockG\" id=\"rotateG_04\"><\/div>\n\t\t\t\t<div class=\"blockG\" id=\"rotateG_05\"><\/div>\n\t\t\t\t<div class=\"blockG\" id=\"rotateG_06\"><\/div>\n\t\t\t\t<div class=\"blockG\" id=\"rotateG_07\"><\/div>\n\t\t\t\t<div class=\"blockG\" id=\"rotateG_08\"><\/div>\n\t\t\t<\/div>\n\t\t\t<div class=\"WooZone-cross-sell-loader-text\"><\/div>\n\t\t<\/div>\n\t<\/div>\n\n\t\t\n<\/div>\n<div style=\"clear:both;\"><\/div><\/p>\n","protected":false},"excerpt":{"rendered":"<p>SOMMERMATERIAL \/\/ Gefertigt aus Baumwolle, ist diese Schirmm\u00fctze hautsympatisch sowie feuchtigkeitsregulierend und wird besonders an sommerlich warmen Tagen gerne getragen<br \/>\nMESH-EINSATZ \/\/ Dank des luftigen Netzeinsatzes beh\u00e4lt man auch bei hohen Temperaturen und schwei\u00dftreibenden Outdoor-Aktivit\u00e4ten immer einen k\u00fchlen Kopf<br \/>\nSCHATTENSPENDER \/\/ Der gro\u00dfe Schirm auf der Vorderseite der sportlichen Kappe sch\u00fctzt vor st\u00f6renden Sonnenstrahlen<\/p>\n","protected":false},"featured_media":54560,"comment_status":"open","ping_status":"closed","template":"","meta":[],"product_brand":[],"product_cat":[1186],"product_tag":[],"class_list":{"0":"post-54549","1":"product","2":"type-product","3":"status-publish","4":"has-post-thumbnail","6":"product_cat-bekleidung","7":"pa_binding-textilien","8":"pa_brand-stetson","9":"pa_farbe-beige","10":"pa_farbe-blau-rot","11":"pa_farbe-bordeaux","12":"pa_farbe-gelb","13":"pa_farbe-gruen","14":"pa_farbe-lila","15":"pa_farbe-oliv","16":"pa_farbe-rot","17":"pa_farbe-schwarz","18":"pa_groesse-55-60","19":"pa_groesse-55-61","20":"pa_groesse-56-60","21":"pa_model-21101","23":"first","24":"instock","25":"shipping-taxable","26":"purchasable","27":"product-type-variable","28":"customify-col","29":"product-has-gallery"},"yoast_head":"<!-- This site is optimized with the Yoast SEO plugin v27.3 - https:\/\/yoast.com\/product\/yoast-seo-wordpress\/ -->\n<title>Stetson Moonshine Jamboree Trucker Cap Herren - Verstellbare Mesh Cap - Baseballcap mit Futter aus 100% Baumwolle\u2026 - Markt-XXL<\/title>\n<meta name=\"description\" content=\"Markt-XXL Stetson Moonshine Jamboree Trucker Cap Herren - Verstellbare Mesh Cap - Baseballcap mit Futter aus 100% Baumwolle\u2026\" \/>\n<meta name=\"robots\" content=\"index, follow, max-snippet:-1, max-image-preview:large, max-video-preview:-1\" \/>\n<link rel=\"canonical\" href=\"https:\/\/marktxxl.de\/markt\/produkt\/stetson-classic-cotton-trucker-cap-truckercap-herren-damen-basecap-mit-baumwolle-one-size-56-60-cm-meshcap-fruehjahr-sommer-baseballcap\/\" \/>\n<meta property=\"og:locale\" content=\"de_DE\" \/>\n<meta property=\"og:type\" content=\"article\" \/>\n<meta property=\"og:title\" content=\"Stetson Moonshine Jamboree Trucker Cap Herren - Verstellbare Mesh Cap - Baseballcap mit Futter aus 100% Baumwolle\u2026 - Markt-XXL\" \/>\n<meta property=\"og:description\" content=\"Markt-XXL Stetson Moonshine Jamboree Trucker Cap Herren - Verstellbare Mesh Cap - Baseballcap mit Futter aus 100% Baumwolle\u2026\" \/>\n<meta property=\"og:url\" content=\"https:\/\/marktxxl.de\/markt\/produkt\/stetson-classic-cotton-trucker-cap-truckercap-herren-damen-basecap-mit-baumwolle-one-size-56-60-cm-meshcap-fruehjahr-sommer-baseballcap\/\" \/>\n<meta property=\"og:site_name\" content=\"Markt-XXL\" \/>\n<meta property=\"article:modified_time\" content=\"2023-04-10T00:07:24+00:00\" \/>\n<meta property=\"og:image\" content=\"https:\/\/m.media-amazon.com\/images\/I\/51urVWYVDSL._SL500_.jpg\" \/>\n\t<meta property=\"og:image:width\" content=\"500\" \/>\n\t<meta property=\"og:image:height\" content=\"500\" \/>\n\t<meta property=\"og:image:type\" content=\"image\/jpeg\" \/>\n<meta name=\"twitter:card\" content=\"summary_large_image\" \/>\n<meta name=\"twitter:label1\" content=\"Gesch\u00e4tzte Lesezeit\" \/>\n\t<meta name=\"twitter:data1\" content=\"1\u00a0Minute\" \/>\n<script type=\"application\/ld+json\" class=\"yoast-schema-graph\">{\"@context\":\"https:\\\/\\\/schema.org\",\"@graph\":[{\"@type\":\"WebPage\",\"@id\":\"https:\\\/\\\/marktxxl.de\\\/markt\\\/produkt\\\/stetson-classic-cotton-trucker-cap-truckercap-herren-damen-basecap-mit-baumwolle-one-size-56-60-cm-meshcap-fruehjahr-sommer-baseballcap\\\/\",\"url\":\"https:\\\/\\\/marktxxl.de\\\/markt\\\/produkt\\\/stetson-classic-cotton-trucker-cap-truckercap-herren-damen-basecap-mit-baumwolle-one-size-56-60-cm-meshcap-fruehjahr-sommer-baseballcap\\\/\",\"name\":\"Stetson Moonshine Jamboree Trucker Cap Herren - Verstellbare Mesh Cap - Baseballcap mit Futter aus 100% Baumwolle\u2026 - Markt-XXL\",\"isPartOf\":{\"@id\":\"https:\\\/\\\/marktxxl.de\\\/markt\\\/#website\"},\"primaryImageOfPage\":{\"@id\":\"https:\\\/\\\/marktxxl.de\\\/markt\\\/produkt\\\/stetson-classic-cotton-trucker-cap-truckercap-herren-damen-basecap-mit-baumwolle-one-size-56-60-cm-meshcap-fruehjahr-sommer-baseballcap\\\/#primaryimage\"},\"image\":{\"@id\":\"https:\\\/\\\/marktxxl.de\\\/markt\\\/produkt\\\/stetson-classic-cotton-trucker-cap-truckercap-herren-damen-basecap-mit-baumwolle-one-size-56-60-cm-meshcap-fruehjahr-sommer-baseballcap\\\/#primaryimage\"},\"thumbnailUrl\":\"https:\\\/\\\/m.media-amazon.com\\\/images\\\/I\\\/51urVWYVDSL._SL500_.jpg\",\"datePublished\":\"2021-10-13T21:25:26+00:00\",\"dateModified\":\"2023-04-10T00:07:24+00:00\",\"description\":\"Markt-XXL Stetson Moonshine Jamboree Trucker Cap Herren - Verstellbare Mesh Cap - Baseballcap mit Futter aus 100% Baumwolle\u2026\",\"breadcrumb\":{\"@id\":\"https:\\\/\\\/marktxxl.de\\\/markt\\\/produkt\\\/stetson-classic-cotton-trucker-cap-truckercap-herren-damen-basecap-mit-baumwolle-one-size-56-60-cm-meshcap-fruehjahr-sommer-baseballcap\\\/#breadcrumb\"},\"inLanguage\":\"de\",\"potentialAction\":[{\"@type\":\"ReadAction\",\"target\":[\"https:\\\/\\\/marktxxl.de\\\/markt\\\/produkt\\\/stetson-classic-cotton-trucker-cap-truckercap-herren-damen-basecap-mit-baumwolle-one-size-56-60-cm-meshcap-fruehjahr-sommer-baseballcap\\\/\"]}]},{\"@type\":\"ImageObject\",\"inLanguage\":\"de\",\"@id\":\"https:\\\/\\\/marktxxl.de\\\/markt\\\/produkt\\\/stetson-classic-cotton-trucker-cap-truckercap-herren-damen-basecap-mit-baumwolle-one-size-56-60-cm-meshcap-fruehjahr-sommer-baseballcap\\\/#primaryimage\",\"url\":\"https:\\\/\\\/m.media-amazon.com\\\/images\\\/I\\\/51urVWYVDSL._SL500_.jpg\",\"contentUrl\":\"https:\\\/\\\/m.media-amazon.com\\\/images\\\/I\\\/51urVWYVDSL._SL500_.jpg\",\"width\":500,\"height\":500},{\"@type\":\"BreadcrumbList\",\"@id\":\"https:\\\/\\\/marktxxl.de\\\/markt\\\/produkt\\\/stetson-classic-cotton-trucker-cap-truckercap-herren-damen-basecap-mit-baumwolle-one-size-56-60-cm-meshcap-fruehjahr-sommer-baseballcap\\\/#breadcrumb\",\"itemListElement\":[{\"@type\":\"ListItem\",\"position\":1,\"name\":\"Startseite\",\"item\":\"https:\\\/\\\/marktxxl.de\\\/markt\\\/\"},{\"@type\":\"ListItem\",\"position\":2,\"name\":\"Markt\",\"item\":\"https:\\\/\\\/marktxxl.de\\\/markt\\\/\"},{\"@type\":\"ListItem\",\"position\":3,\"name\":\"Stetson Moonshine Jamboree Trucker Cap Herren &#8211; Verstellbare Mesh Cap &#8211; Baseballcap mit Futter aus 100% Baumwolle\u2026\"}]},{\"@type\":\"WebSite\",\"@id\":\"https:\\\/\\\/marktxxl.de\\\/markt\\\/#website\",\"url\":\"https:\\\/\\\/marktxxl.de\\\/markt\\\/\",\"name\":\"Markt-XXL\",\"description\":\"Ihr Markt Online\",\"publisher\":{\"@id\":\"https:\\\/\\\/marktxxl.de\\\/markt\\\/#organization\"},\"potentialAction\":[{\"@type\":\"SearchAction\",\"target\":{\"@type\":\"EntryPoint\",\"urlTemplate\":\"https:\\\/\\\/marktxxl.de\\\/markt\\\/?s={search_term_string}\"},\"query-input\":{\"@type\":\"PropertyValueSpecification\",\"valueRequired\":true,\"valueName\":\"search_term_string\"}}],\"inLanguage\":\"de\"},{\"@type\":\"Organization\",\"@id\":\"https:\\\/\\\/marktxxl.de\\\/markt\\\/#organization\",\"name\":\"Markt-XXL\",\"url\":\"https:\\\/\\\/marktxxl.de\\\/markt\\\/\",\"logo\":{\"@type\":\"ImageObject\",\"inLanguage\":\"de\",\"@id\":\"https:\\\/\\\/marktxxl.de\\\/markt\\\/#\\\/schema\\\/logo\\\/image\\\/\",\"url\":\"https:\\\/\\\/marktxxl.de\\\/markt\\\/wp-content\\\/uploads\\\/sites\\\/3\\\/2020\\\/12\\\/logo.png\",\"contentUrl\":\"https:\\\/\\\/marktxxl.de\\\/markt\\\/wp-content\\\/uploads\\\/sites\\\/3\\\/2020\\\/12\\\/logo.png\",\"width\":200,\"height\":70,\"caption\":\"Markt-XXL\"},\"image\":{\"@id\":\"https:\\\/\\\/marktxxl.de\\\/markt\\\/#\\\/schema\\\/logo\\\/image\\\/\"}}]}<\/script>\n<!-- \/ Yoast SEO plugin. -->","yoast_head_json":{"title":"Stetson Moonshine Jamboree Trucker Cap Herren - Verstellbare Mesh Cap - Baseballcap mit Futter aus 100% Baumwolle\u2026 - Markt-XXL","description":"Markt-XXL Stetson Moonshine Jamboree Trucker Cap Herren - Verstellbare Mesh Cap - Baseballcap mit Futter aus 100% Baumwolle\u2026","robots":{"index":"index","follow":"follow","max-snippet":"max-snippet:-1","max-image-preview":"max-image-preview:large","max-video-preview":"max-video-preview:-1"},"canonical":"https:\/\/marktxxl.de\/markt\/produkt\/stetson-classic-cotton-trucker-cap-truckercap-herren-damen-basecap-mit-baumwolle-one-size-56-60-cm-meshcap-fruehjahr-sommer-baseballcap\/","og_locale":"de_DE","og_type":"article","og_title":"Stetson Moonshine Jamboree Trucker Cap Herren - Verstellbare Mesh Cap - Baseballcap mit Futter aus 100% Baumwolle\u2026 - Markt-XXL","og_description":"Markt-XXL Stetson Moonshine Jamboree Trucker Cap Herren - Verstellbare Mesh Cap - Baseballcap mit Futter aus 100% Baumwolle\u2026","og_url":"https:\/\/marktxxl.de\/markt\/produkt\/stetson-classic-cotton-trucker-cap-truckercap-herren-damen-basecap-mit-baumwolle-one-size-56-60-cm-meshcap-fruehjahr-sommer-baseballcap\/","og_site_name":"Markt-XXL","article_modified_time":"2023-04-10T00:07:24+00:00","og_image":[{"width":500,"height":500,"url":"https:\/\/m.media-amazon.com\/images\/I\/51urVWYVDSL._SL500_.jpg","type":"image\/jpeg"}],"twitter_card":"summary_large_image","twitter_misc":{"Gesch\u00e4tzte Lesezeit":"1\u00a0Minute"},"schema":{"@context":"https:\/\/schema.org","@graph":[{"@type":"WebPage","@id":"https:\/\/marktxxl.de\/markt\/produkt\/stetson-classic-cotton-trucker-cap-truckercap-herren-damen-basecap-mit-baumwolle-one-size-56-60-cm-meshcap-fruehjahr-sommer-baseballcap\/","url":"https:\/\/marktxxl.de\/markt\/produkt\/stetson-classic-cotton-trucker-cap-truckercap-herren-damen-basecap-mit-baumwolle-one-size-56-60-cm-meshcap-fruehjahr-sommer-baseballcap\/","name":"Stetson Moonshine Jamboree Trucker Cap Herren - Verstellbare Mesh Cap - Baseballcap mit Futter aus 100% Baumwolle\u2026 - Markt-XXL","isPartOf":{"@id":"https:\/\/marktxxl.de\/markt\/#website"},"primaryImageOfPage":{"@id":"https:\/\/marktxxl.de\/markt\/produkt\/stetson-classic-cotton-trucker-cap-truckercap-herren-damen-basecap-mit-baumwolle-one-size-56-60-cm-meshcap-fruehjahr-sommer-baseballcap\/#primaryimage"},"image":{"@id":"https:\/\/marktxxl.de\/markt\/produkt\/stetson-classic-cotton-trucker-cap-truckercap-herren-damen-basecap-mit-baumwolle-one-size-56-60-cm-meshcap-fruehjahr-sommer-baseballcap\/#primaryimage"},"thumbnailUrl":"https:\/\/m.media-amazon.com\/images\/I\/51urVWYVDSL._SL500_.jpg","datePublished":"2021-10-13T21:25:26+00:00","dateModified":"2023-04-10T00:07:24+00:00","description":"Markt-XXL Stetson Moonshine Jamboree Trucker Cap Herren - Verstellbare Mesh Cap - Baseballcap mit Futter aus 100% Baumwolle\u2026","breadcrumb":{"@id":"https:\/\/marktxxl.de\/markt\/produkt\/stetson-classic-cotton-trucker-cap-truckercap-herren-damen-basecap-mit-baumwolle-one-size-56-60-cm-meshcap-fruehjahr-sommer-baseballcap\/#breadcrumb"},"inLanguage":"de","potentialAction":[{"@type":"ReadAction","target":["https:\/\/marktxxl.de\/markt\/produkt\/stetson-classic-cotton-trucker-cap-truckercap-herren-damen-basecap-mit-baumwolle-one-size-56-60-cm-meshcap-fruehjahr-sommer-baseballcap\/"]}]},{"@type":"ImageObject","inLanguage":"de","@id":"https:\/\/marktxxl.de\/markt\/produkt\/stetson-classic-cotton-trucker-cap-truckercap-herren-damen-basecap-mit-baumwolle-one-size-56-60-cm-meshcap-fruehjahr-sommer-baseballcap\/#primaryimage","url":"https:\/\/m.media-amazon.com\/images\/I\/51urVWYVDSL._SL500_.jpg","contentUrl":"https:\/\/m.media-amazon.com\/images\/I\/51urVWYVDSL._SL500_.jpg","width":500,"height":500},{"@type":"BreadcrumbList","@id":"https:\/\/marktxxl.de\/markt\/produkt\/stetson-classic-cotton-trucker-cap-truckercap-herren-damen-basecap-mit-baumwolle-one-size-56-60-cm-meshcap-fruehjahr-sommer-baseballcap\/#breadcrumb","itemListElement":[{"@type":"ListItem","position":1,"name":"Startseite","item":"https:\/\/marktxxl.de\/markt\/"},{"@type":"ListItem","position":2,"name":"Markt","item":"https:\/\/marktxxl.de\/markt\/"},{"@type":"ListItem","position":3,"name":"Stetson Moonshine Jamboree Trucker Cap Herren &#8211; Verstellbare Mesh Cap &#8211; Baseballcap mit Futter aus 100% Baumwolle\u2026"}]},{"@type":"WebSite","@id":"https:\/\/marktxxl.de\/markt\/#website","url":"https:\/\/marktxxl.de\/markt\/","name":"Markt-XXL","description":"Ihr Markt Online","publisher":{"@id":"https:\/\/marktxxl.de\/markt\/#organization"},"potentialAction":[{"@type":"SearchAction","target":{"@type":"EntryPoint","urlTemplate":"https:\/\/marktxxl.de\/markt\/?s={search_term_string}"},"query-input":{"@type":"PropertyValueSpecification","valueRequired":true,"valueName":"search_term_string"}}],"inLanguage":"de"},{"@type":"Organization","@id":"https:\/\/marktxxl.de\/markt\/#organization","name":"Markt-XXL","url":"https:\/\/marktxxl.de\/markt\/","logo":{"@type":"ImageObject","inLanguage":"de","@id":"https:\/\/marktxxl.de\/markt\/#\/schema\/logo\/image\/","url":"https:\/\/marktxxl.de\/markt\/wp-content\/uploads\/sites\/3\/2020\/12\/logo.png","contentUrl":"https:\/\/marktxxl.de\/markt\/wp-content\/uploads\/sites\/3\/2020\/12\/logo.png","width":200,"height":70,"caption":"Markt-XXL"},"image":{"@id":"https:\/\/marktxxl.de\/markt\/#\/schema\/logo\/image\/"}}]}},"_links":{"self":[{"href":"https:\/\/marktxxl.de\/markt\/wp-json\/wp\/v2\/product\/54549","targetHints":{"allow":["GET"]}}],"collection":[{"href":"https:\/\/marktxxl.de\/markt\/wp-json\/wp\/v2\/product"}],"about":[{"href":"https:\/\/marktxxl.de\/markt\/wp-json\/wp\/v2\/types\/product"}],"replies":[{"embeddable":true,"href":"https:\/\/marktxxl.de\/markt\/wp-json\/wp\/v2\/comments?post=54549"}],"wp:featuredmedia":[{"embeddable":true,"href":"https:\/\/marktxxl.de\/markt\/wp-json\/wp\/v2\/media\/54560"}],"wp:attachment":[{"href":"https:\/\/marktxxl.de\/markt\/wp-json\/wp\/v2\/media?parent=54549"}],"wp:term":[{"taxonomy":"product_brand","embeddable":true,"href":"https:\/\/marktxxl.de\/markt\/wp-json\/wp\/v2\/product_brand?post=54549"},{"taxonomy":"product_cat","embeddable":true,"href":"https:\/\/marktxxl.de\/markt\/wp-json\/wp\/v2\/product_cat?post=54549"},{"taxonomy":"product_tag","embeddable":true,"href":"https:\/\/marktxxl.de\/markt\/wp-json\/wp\/v2\/product_tag?post=54549"}],"curies":[{"name":"wp","href":"https:\/\/api.w.org\/{rel}","templated":true}]}}