{"id":54468,"date":"2021-10-13T23:19:04","date_gmt":"2021-10-13T21:19:04","guid":{"rendered":"https:\/\/marktxxl.de\/markt\/produkt\/augenbrauen-pinzetten-set-4-tlg-pinzette-profi-edelstahl-zum-praezisen-zupfen-der-augenbrauen-haarentferner-fuer-eingewachsene-oder-gesichtsbehaarung-taegliches-beauty-tool-fuer-damen-und-herren\/"},"modified":"2023-04-10T02:07:23","modified_gmt":"2023-04-10T00:07:23","slug":"augenbrauen-pinzetten-set-4-tlg-pinzette-profi-edelstahl-zum-praezisen-zupfen-der-augenbrauen-haarentferner-fuer-eingewachsene-oder-gesichtsbehaarung-taegliches-beauty-tool-fuer-damen-und-herren","status":"publish","type":"product","link":"https:\/\/marktxxl.de\/markt\/produkt\/augenbrauen-pinzetten-set-4-tlg-pinzette-profi-edelstahl-zum-praezisen-zupfen-der-augenbrauen-haarentferner-fuer-eingewachsene-oder-gesichtsbehaarung-taegliches-beauty-tool-fuer-damen-und-herren\/","title":{"rendered":"Augenbrauen Pinzetten Set, 4 tlg Pinzette Profi-Edelstahl zum pr\u00e4zisen Zupfen der Augenbrauen, Haarentferner f\u00fcr\u2026"},"content":{"rendered":"<p>4-teiliges Pinzetten-Set: 1 Pinzette mit schr\u00e4gem Kopf, 1 Pinzette mit spitzem Kopf, 1 Pinzette mit geradem Kopf und 1 Pinzette mit Pimple Popper Sie eignen sich hervorragend zum Entfernen von Splittern und eingewachsenen Haaren an Stellen, die schonend behandelt werden sollen<br \/>\nMehrzweck-Multifunktionspinzetten-Set: Professionelle Pr\u00e4zisionspinzetten zum Entfernen von eingewachsenen Haaren, Ziehen von Haaren und Pinzetten, Zupfen von unregelm\u00e4\u00dfigen Augenbrauen, Zupfen von Kinnhaaren, Entfernen von Nasenhaaren und allen unerw\u00fcnschten K\u00f6rperhaaren und feinen Haaren. Es kann auch f\u00fcr die Herstellung von handgefertigtem Schmuck, Laboratorien, Entfernung von Tr\u00fcmmern usw. verwendet werden.<br \/>\nPR\u00c4ZISIONSVERSCHLUSS &amp; EINFACH ZUM GREIFEN VON HAAR: Professioneller Edelstahl ist langlebig und leicht zu reinigen. Entwickelt mit pr\u00e4zise ausgerichteten Spitzen und kalibrierter Armspannung, leicht, aber so pr\u00e4zise. Entfernen Sie einfach die hartn\u00e4ckigsten und kleinsten Haare, zupfen und greifen Sie die Augenbrauen jedes Haares Nun, entfernen Sie es, ohne es zu brechen.<br \/>\nReinigung und Sicherheit: Das Pinzettenwerkzeug zur Haarentfernung wird mit einem schwarzen Lederetui geliefert, jede Pinzette hat eine separate Tasche, um die Augenbrauenpinzette sauber zu halten und nicht so leicht zu verlieren.Jede Pinzette hat eine Silikonspitzenabdeckung, um die Pinzette sicher aufzubewahren<br \/>\nIdeale Wahl f\u00fcr Geschenk: Die 4 verschiedenen Pinzetten haben verschiedene leuchtende Farben, sodass Sie sich von der Masse abheben k\u00f6nnen.Die einzigartige Farbe und das wei\u00dfe Lederetui machen dieses Augenbrauenpinzetten-Set zu einem tollen Geschenk f\u00fcr Ihre Mutter\/Frau\/Tochter\/Freundin<br \/>\n<div class=\"main-cross-sell\" data-asin=\"B09H6ZTYSW\">\n\n\t<div class=\"WooZone-cross-sell-loader\">\n\t\t<div>\n\t\t\t<div id=\"floatingBarsG\">\n\t\t\t\t<div class=\"blockG\" id=\"rotateG_01\"><\/div>\n\t\t\t\t<div class=\"blockG\" id=\"rotateG_02\"><\/div>\n\t\t\t\t<div class=\"blockG\" id=\"rotateG_03\"><\/div>\n\t\t\t\t<div class=\"blockG\" id=\"rotateG_04\"><\/div>\n\t\t\t\t<div class=\"blockG\" id=\"rotateG_05\"><\/div>\n\t\t\t\t<div class=\"blockG\" id=\"rotateG_06\"><\/div>\n\t\t\t\t<div class=\"blockG\" id=\"rotateG_07\"><\/div>\n\t\t\t\t<div class=\"blockG\" id=\"rotateG_08\"><\/div>\n\t\t\t<\/div>\n\t\t\t<div class=\"WooZone-cross-sell-loader-text\"><\/div>\n\t\t<\/div>\n\t<\/div>\n\n\t\t\n<\/div>\n<div style=\"clear:both;\"><\/div><\/p>\n","protected":false},"excerpt":{"rendered":"<p>4-teiliges Pinzetten-Set: 1 Pinzette mit schr\u00e4gem Kopf, 1 Pinzette mit spitzem Kopf, 1 Pinzette mit geradem Kopf und 1 Pinzette mit Pimple Popper Sie eignen sich hervorragend zum Entfernen von Splittern und eingewachsenen Haaren an Stellen, die schonend behandelt werden sollen<br \/>\nMehrzweck-Multifunktionspinzetten-Set: Professionelle Pr\u00e4zisionspinzetten zum Entfernen von eingewachsenen Haaren, Ziehen von Haaren und Pinzetten, Zupfen von unregelm\u00e4\u00dfigen Augenbrauen, Zupfen von Kinnhaaren, Entfernen von Nasenhaaren und allen unerw\u00fcnschten K\u00f6rperhaaren und feinen Haaren. Es kann auch f\u00fcr die Herstellung von handgefertigtem Schmuck, Laboratorien, Entfernung von Tr\u00fcmmern usw. verwendet werden.<br \/>\nPR\u00c4ZISIONSVERSCHLUSS &amp; EINFACH ZUM GREIFEN VON HAAR: Professioneller Edelstahl ist langlebig und leicht zu reinigen. Entwickelt mit pr\u00e4zise ausgerichteten Spitzen und kalibrierter Armspannung, leicht, aber so pr\u00e4zise. Entfernen Sie einfach die hartn\u00e4ckigsten und kleinsten Haare, zupfen und greifen Sie die Augenbrauen jedes Haares Nun, entfernen Sie es, ohne es zu brechen.<\/p>\n","protected":false},"featured_media":54469,"comment_status":"open","ping_status":"closed","template":"","meta":[],"product_brand":[],"product_cat":[2858,7726],"product_tag":[],"class_list":{"0":"post-54468","1":"product","2":"type-product","3":"status-publish","4":"has-post-thumbnail","6":"product_cat-beauty","7":"product_cat-zubehoer-beauty","8":"pa_brand-terresapretty","9":"pa_manufacturer-terresapretty","10":"pa_model-pinzetten004","12":"first","13":"instock","14":"shipping-taxable","15":"purchasable","16":"product-type-simple","17":"customify-col","18":"product-has-gallery"},"yoast_head":"<!-- This site is optimized with the Yoast SEO plugin v27.4 - https:\/\/yoast.com\/product\/yoast-seo-wordpress\/ -->\n<title>Augenbrauen Pinzetten Set, 4 tlg Pinzette Profi-Edelstahl zum pr\u00e4zisen Zupfen der Augenbrauen, Haarentferner f\u00fcr\u2026 - Markt-XXL<\/title>\n<meta name=\"description\" content=\"Markt-XXL Augenbrauen Pinzetten Set, 4 tlg Pinzette Profi-Edelstahl zum pr\u00e4zisen Zupfen der Augenbrauen, Haarentferner f\u00fcr\u2026\" \/>\n<meta name=\"robots\" content=\"index, follow, max-snippet:-1, max-image-preview:large, max-video-preview:-1\" \/>\n<link rel=\"canonical\" href=\"https:\/\/marktxxl.de\/markt\/produkt\/augenbrauen-pinzetten-set-4-tlg-pinzette-profi-edelstahl-zum-praezisen-zupfen-der-augenbrauen-haarentferner-fuer-eingewachsene-oder-gesichtsbehaarung-taegliches-beauty-tool-fuer-damen-und-herren\/\" \/>\n<meta property=\"og:locale\" content=\"de_DE\" \/>\n<meta property=\"og:type\" content=\"article\" \/>\n<meta property=\"og:title\" content=\"Augenbrauen Pinzetten Set, 4 tlg Pinzette Profi-Edelstahl zum pr\u00e4zisen Zupfen der Augenbrauen, Haarentferner f\u00fcr\u2026 - Markt-XXL\" \/>\n<meta property=\"og:description\" content=\"Markt-XXL Augenbrauen Pinzetten Set, 4 tlg Pinzette Profi-Edelstahl zum pr\u00e4zisen Zupfen der Augenbrauen, Haarentferner f\u00fcr\u2026\" \/>\n<meta property=\"og:url\" content=\"https:\/\/marktxxl.de\/markt\/produkt\/augenbrauen-pinzetten-set-4-tlg-pinzette-profi-edelstahl-zum-praezisen-zupfen-der-augenbrauen-haarentferner-fuer-eingewachsene-oder-gesichtsbehaarung-taegliches-beauty-tool-fuer-damen-und-herren\/\" \/>\n<meta property=\"og:site_name\" content=\"Markt-XXL\" \/>\n<meta property=\"article:modified_time\" content=\"2023-04-10T00:07:23+00:00\" \/>\n<meta property=\"og:image\" content=\"https:\/\/m.media-amazon.com\/images\/I\/41q82BQiVaL._SL500_.jpg\" \/>\n\t<meta property=\"og:image:width\" content=\"500\" \/>\n\t<meta property=\"og:image:height\" content=\"500\" \/>\n\t<meta property=\"og:image:type\" content=\"image\/jpeg\" \/>\n<meta name=\"twitter:card\" content=\"summary_large_image\" \/>\n<meta name=\"twitter:label1\" content=\"Gesch\u00e4tzte Lesezeit\" \/>\n\t<meta name=\"twitter:data1\" content=\"1\u00a0Minute\" \/>\n<script type=\"application\/ld+json\" class=\"yoast-schema-graph\">{\"@context\":\"https:\\\/\\\/schema.org\",\"@graph\":[{\"@type\":\"WebPage\",\"@id\":\"https:\\\/\\\/marktxxl.de\\\/markt\\\/produkt\\\/augenbrauen-pinzetten-set-4-tlg-pinzette-profi-edelstahl-zum-praezisen-zupfen-der-augenbrauen-haarentferner-fuer-eingewachsene-oder-gesichtsbehaarung-taegliches-beauty-tool-fuer-damen-und-herren\\\/\",\"url\":\"https:\\\/\\\/marktxxl.de\\\/markt\\\/produkt\\\/augenbrauen-pinzetten-set-4-tlg-pinzette-profi-edelstahl-zum-praezisen-zupfen-der-augenbrauen-haarentferner-fuer-eingewachsene-oder-gesichtsbehaarung-taegliches-beauty-tool-fuer-damen-und-herren\\\/\",\"name\":\"Augenbrauen Pinzetten Set, 4 tlg Pinzette Profi-Edelstahl zum pr\u00e4zisen Zupfen der Augenbrauen, Haarentferner f\u00fcr\u2026 - Markt-XXL\",\"isPartOf\":{\"@id\":\"https:\\\/\\\/marktxxl.de\\\/markt\\\/#website\"},\"primaryImageOfPage\":{\"@id\":\"https:\\\/\\\/marktxxl.de\\\/markt\\\/produkt\\\/augenbrauen-pinzetten-set-4-tlg-pinzette-profi-edelstahl-zum-praezisen-zupfen-der-augenbrauen-haarentferner-fuer-eingewachsene-oder-gesichtsbehaarung-taegliches-beauty-tool-fuer-damen-und-herren\\\/#primaryimage\"},\"image\":{\"@id\":\"https:\\\/\\\/marktxxl.de\\\/markt\\\/produkt\\\/augenbrauen-pinzetten-set-4-tlg-pinzette-profi-edelstahl-zum-praezisen-zupfen-der-augenbrauen-haarentferner-fuer-eingewachsene-oder-gesichtsbehaarung-taegliches-beauty-tool-fuer-damen-und-herren\\\/#primaryimage\"},\"thumbnailUrl\":\"https:\\\/\\\/m.media-amazon.com\\\/images\\\/I\\\/41q82BQiVaL._SL500_.jpg\",\"datePublished\":\"2021-10-13T21:19:04+00:00\",\"dateModified\":\"2023-04-10T00:07:23+00:00\",\"description\":\"Markt-XXL Augenbrauen Pinzetten Set, 4 tlg Pinzette Profi-Edelstahl zum pr\u00e4zisen Zupfen der Augenbrauen, Haarentferner f\u00fcr\u2026\",\"breadcrumb\":{\"@id\":\"https:\\\/\\\/marktxxl.de\\\/markt\\\/produkt\\\/augenbrauen-pinzetten-set-4-tlg-pinzette-profi-edelstahl-zum-praezisen-zupfen-der-augenbrauen-haarentferner-fuer-eingewachsene-oder-gesichtsbehaarung-taegliches-beauty-tool-fuer-damen-und-herren\\\/#breadcrumb\"},\"inLanguage\":\"de\",\"potentialAction\":[{\"@type\":\"ReadAction\",\"target\":[\"https:\\\/\\\/marktxxl.de\\\/markt\\\/produkt\\\/augenbrauen-pinzetten-set-4-tlg-pinzette-profi-edelstahl-zum-praezisen-zupfen-der-augenbrauen-haarentferner-fuer-eingewachsene-oder-gesichtsbehaarung-taegliches-beauty-tool-fuer-damen-und-herren\\\/\"]}]},{\"@type\":\"ImageObject\",\"inLanguage\":\"de\",\"@id\":\"https:\\\/\\\/marktxxl.de\\\/markt\\\/produkt\\\/augenbrauen-pinzetten-set-4-tlg-pinzette-profi-edelstahl-zum-praezisen-zupfen-der-augenbrauen-haarentferner-fuer-eingewachsene-oder-gesichtsbehaarung-taegliches-beauty-tool-fuer-damen-und-herren\\\/#primaryimage\",\"url\":\"https:\\\/\\\/m.media-amazon.com\\\/images\\\/I\\\/41q82BQiVaL._SL500_.jpg\",\"contentUrl\":\"https:\\\/\\\/m.media-amazon.com\\\/images\\\/I\\\/41q82BQiVaL._SL500_.jpg\",\"width\":500,\"height\":500},{\"@type\":\"BreadcrumbList\",\"@id\":\"https:\\\/\\\/marktxxl.de\\\/markt\\\/produkt\\\/augenbrauen-pinzetten-set-4-tlg-pinzette-profi-edelstahl-zum-praezisen-zupfen-der-augenbrauen-haarentferner-fuer-eingewachsene-oder-gesichtsbehaarung-taegliches-beauty-tool-fuer-damen-und-herren\\\/#breadcrumb\",\"itemListElement\":[{\"@type\":\"ListItem\",\"position\":1,\"name\":\"Startseite\",\"item\":\"https:\\\/\\\/marktxxl.de\\\/markt\\\/\"},{\"@type\":\"ListItem\",\"position\":2,\"name\":\"Markt\",\"item\":\"https:\\\/\\\/marktxxl.de\\\/markt\\\/\"},{\"@type\":\"ListItem\",\"position\":3,\"name\":\"Augenbrauen Pinzetten Set, 4 tlg Pinzette Profi-Edelstahl zum pr\u00e4zisen Zupfen der Augenbrauen, Haarentferner f\u00fcr\u2026\"}]},{\"@type\":\"WebSite\",\"@id\":\"https:\\\/\\\/marktxxl.de\\\/markt\\\/#website\",\"url\":\"https:\\\/\\\/marktxxl.de\\\/markt\\\/\",\"name\":\"Markt-XXL\",\"description\":\"Ihr Markt Online\",\"publisher\":{\"@id\":\"https:\\\/\\\/marktxxl.de\\\/markt\\\/#organization\"},\"potentialAction\":[{\"@type\":\"SearchAction\",\"target\":{\"@type\":\"EntryPoint\",\"urlTemplate\":\"https:\\\/\\\/marktxxl.de\\\/markt\\\/?s={search_term_string}\"},\"query-input\":{\"@type\":\"PropertyValueSpecification\",\"valueRequired\":true,\"valueName\":\"search_term_string\"}}],\"inLanguage\":\"de\"},{\"@type\":\"Organization\",\"@id\":\"https:\\\/\\\/marktxxl.de\\\/markt\\\/#organization\",\"name\":\"Markt-XXL\",\"url\":\"https:\\\/\\\/marktxxl.de\\\/markt\\\/\",\"logo\":{\"@type\":\"ImageObject\",\"inLanguage\":\"de\",\"@id\":\"https:\\\/\\\/marktxxl.de\\\/markt\\\/#\\\/schema\\\/logo\\\/image\\\/\",\"url\":\"https:\\\/\\\/marktxxl.de\\\/markt\\\/wp-content\\\/uploads\\\/sites\\\/3\\\/2020\\\/12\\\/logo.png\",\"contentUrl\":\"https:\\\/\\\/marktxxl.de\\\/markt\\\/wp-content\\\/uploads\\\/sites\\\/3\\\/2020\\\/12\\\/logo.png\",\"width\":200,\"height\":70,\"caption\":\"Markt-XXL\"},\"image\":{\"@id\":\"https:\\\/\\\/marktxxl.de\\\/markt\\\/#\\\/schema\\\/logo\\\/image\\\/\"}}]}<\/script>\n<!-- \/ Yoast SEO plugin. -->","yoast_head_json":{"title":"Augenbrauen Pinzetten Set, 4 tlg Pinzette Profi-Edelstahl zum pr\u00e4zisen Zupfen der Augenbrauen, Haarentferner f\u00fcr\u2026 - Markt-XXL","description":"Markt-XXL Augenbrauen Pinzetten Set, 4 tlg Pinzette Profi-Edelstahl zum pr\u00e4zisen Zupfen der Augenbrauen, Haarentferner f\u00fcr\u2026","robots":{"index":"index","follow":"follow","max-snippet":"max-snippet:-1","max-image-preview":"max-image-preview:large","max-video-preview":"max-video-preview:-1"},"canonical":"https:\/\/marktxxl.de\/markt\/produkt\/augenbrauen-pinzetten-set-4-tlg-pinzette-profi-edelstahl-zum-praezisen-zupfen-der-augenbrauen-haarentferner-fuer-eingewachsene-oder-gesichtsbehaarung-taegliches-beauty-tool-fuer-damen-und-herren\/","og_locale":"de_DE","og_type":"article","og_title":"Augenbrauen Pinzetten Set, 4 tlg Pinzette Profi-Edelstahl zum pr\u00e4zisen Zupfen der Augenbrauen, Haarentferner f\u00fcr\u2026 - Markt-XXL","og_description":"Markt-XXL Augenbrauen Pinzetten Set, 4 tlg Pinzette Profi-Edelstahl zum pr\u00e4zisen Zupfen der Augenbrauen, Haarentferner f\u00fcr\u2026","og_url":"https:\/\/marktxxl.de\/markt\/produkt\/augenbrauen-pinzetten-set-4-tlg-pinzette-profi-edelstahl-zum-praezisen-zupfen-der-augenbrauen-haarentferner-fuer-eingewachsene-oder-gesichtsbehaarung-taegliches-beauty-tool-fuer-damen-und-herren\/","og_site_name":"Markt-XXL","article_modified_time":"2023-04-10T00:07:23+00:00","og_image":[{"width":500,"height":500,"url":"https:\/\/m.media-amazon.com\/images\/I\/41q82BQiVaL._SL500_.jpg","type":"image\/jpeg"}],"twitter_card":"summary_large_image","twitter_misc":{"Gesch\u00e4tzte Lesezeit":"1\u00a0Minute"},"schema":{"@context":"https:\/\/schema.org","@graph":[{"@type":"WebPage","@id":"https:\/\/marktxxl.de\/markt\/produkt\/augenbrauen-pinzetten-set-4-tlg-pinzette-profi-edelstahl-zum-praezisen-zupfen-der-augenbrauen-haarentferner-fuer-eingewachsene-oder-gesichtsbehaarung-taegliches-beauty-tool-fuer-damen-und-herren\/","url":"https:\/\/marktxxl.de\/markt\/produkt\/augenbrauen-pinzetten-set-4-tlg-pinzette-profi-edelstahl-zum-praezisen-zupfen-der-augenbrauen-haarentferner-fuer-eingewachsene-oder-gesichtsbehaarung-taegliches-beauty-tool-fuer-damen-und-herren\/","name":"Augenbrauen Pinzetten Set, 4 tlg Pinzette Profi-Edelstahl zum pr\u00e4zisen Zupfen der Augenbrauen, Haarentferner f\u00fcr\u2026 - Markt-XXL","isPartOf":{"@id":"https:\/\/marktxxl.de\/markt\/#website"},"primaryImageOfPage":{"@id":"https:\/\/marktxxl.de\/markt\/produkt\/augenbrauen-pinzetten-set-4-tlg-pinzette-profi-edelstahl-zum-praezisen-zupfen-der-augenbrauen-haarentferner-fuer-eingewachsene-oder-gesichtsbehaarung-taegliches-beauty-tool-fuer-damen-und-herren\/#primaryimage"},"image":{"@id":"https:\/\/marktxxl.de\/markt\/produkt\/augenbrauen-pinzetten-set-4-tlg-pinzette-profi-edelstahl-zum-praezisen-zupfen-der-augenbrauen-haarentferner-fuer-eingewachsene-oder-gesichtsbehaarung-taegliches-beauty-tool-fuer-damen-und-herren\/#primaryimage"},"thumbnailUrl":"https:\/\/m.media-amazon.com\/images\/I\/41q82BQiVaL._SL500_.jpg","datePublished":"2021-10-13T21:19:04+00:00","dateModified":"2023-04-10T00:07:23+00:00","description":"Markt-XXL Augenbrauen Pinzetten Set, 4 tlg Pinzette Profi-Edelstahl zum pr\u00e4zisen Zupfen der Augenbrauen, Haarentferner f\u00fcr\u2026","breadcrumb":{"@id":"https:\/\/marktxxl.de\/markt\/produkt\/augenbrauen-pinzetten-set-4-tlg-pinzette-profi-edelstahl-zum-praezisen-zupfen-der-augenbrauen-haarentferner-fuer-eingewachsene-oder-gesichtsbehaarung-taegliches-beauty-tool-fuer-damen-und-herren\/#breadcrumb"},"inLanguage":"de","potentialAction":[{"@type":"ReadAction","target":["https:\/\/marktxxl.de\/markt\/produkt\/augenbrauen-pinzetten-set-4-tlg-pinzette-profi-edelstahl-zum-praezisen-zupfen-der-augenbrauen-haarentferner-fuer-eingewachsene-oder-gesichtsbehaarung-taegliches-beauty-tool-fuer-damen-und-herren\/"]}]},{"@type":"ImageObject","inLanguage":"de","@id":"https:\/\/marktxxl.de\/markt\/produkt\/augenbrauen-pinzetten-set-4-tlg-pinzette-profi-edelstahl-zum-praezisen-zupfen-der-augenbrauen-haarentferner-fuer-eingewachsene-oder-gesichtsbehaarung-taegliches-beauty-tool-fuer-damen-und-herren\/#primaryimage","url":"https:\/\/m.media-amazon.com\/images\/I\/41q82BQiVaL._SL500_.jpg","contentUrl":"https:\/\/m.media-amazon.com\/images\/I\/41q82BQiVaL._SL500_.jpg","width":500,"height":500},{"@type":"BreadcrumbList","@id":"https:\/\/marktxxl.de\/markt\/produkt\/augenbrauen-pinzetten-set-4-tlg-pinzette-profi-edelstahl-zum-praezisen-zupfen-der-augenbrauen-haarentferner-fuer-eingewachsene-oder-gesichtsbehaarung-taegliches-beauty-tool-fuer-damen-und-herren\/#breadcrumb","itemListElement":[{"@type":"ListItem","position":1,"name":"Startseite","item":"https:\/\/marktxxl.de\/markt\/"},{"@type":"ListItem","position":2,"name":"Markt","item":"https:\/\/marktxxl.de\/markt\/"},{"@type":"ListItem","position":3,"name":"Augenbrauen Pinzetten Set, 4 tlg Pinzette Profi-Edelstahl zum pr\u00e4zisen Zupfen der Augenbrauen, Haarentferner f\u00fcr\u2026"}]},{"@type":"WebSite","@id":"https:\/\/marktxxl.de\/markt\/#website","url":"https:\/\/marktxxl.de\/markt\/","name":"Markt-XXL","description":"Ihr Markt Online","publisher":{"@id":"https:\/\/marktxxl.de\/markt\/#organization"},"potentialAction":[{"@type":"SearchAction","target":{"@type":"EntryPoint","urlTemplate":"https:\/\/marktxxl.de\/markt\/?s={search_term_string}"},"query-input":{"@type":"PropertyValueSpecification","valueRequired":true,"valueName":"search_term_string"}}],"inLanguage":"de"},{"@type":"Organization","@id":"https:\/\/marktxxl.de\/markt\/#organization","name":"Markt-XXL","url":"https:\/\/marktxxl.de\/markt\/","logo":{"@type":"ImageObject","inLanguage":"de","@id":"https:\/\/marktxxl.de\/markt\/#\/schema\/logo\/image\/","url":"https:\/\/marktxxl.de\/markt\/wp-content\/uploads\/sites\/3\/2020\/12\/logo.png","contentUrl":"https:\/\/marktxxl.de\/markt\/wp-content\/uploads\/sites\/3\/2020\/12\/logo.png","width":200,"height":70,"caption":"Markt-XXL"},"image":{"@id":"https:\/\/marktxxl.de\/markt\/#\/schema\/logo\/image\/"}}]}},"_links":{"self":[{"href":"https:\/\/marktxxl.de\/markt\/wp-json\/wp\/v2\/product\/54468","targetHints":{"allow":["GET"]}}],"collection":[{"href":"https:\/\/marktxxl.de\/markt\/wp-json\/wp\/v2\/product"}],"about":[{"href":"https:\/\/marktxxl.de\/markt\/wp-json\/wp\/v2\/types\/product"}],"replies":[{"embeddable":true,"href":"https:\/\/marktxxl.de\/markt\/wp-json\/wp\/v2\/comments?post=54468"}],"wp:featuredmedia":[{"embeddable":true,"href":"https:\/\/marktxxl.de\/markt\/wp-json\/wp\/v2\/media\/54469"}],"wp:attachment":[{"href":"https:\/\/marktxxl.de\/markt\/wp-json\/wp\/v2\/media?parent=54468"}],"wp:term":[{"taxonomy":"product_brand","embeddable":true,"href":"https:\/\/marktxxl.de\/markt\/wp-json\/wp\/v2\/product_brand?post=54468"},{"taxonomy":"product_cat","embeddable":true,"href":"https:\/\/marktxxl.de\/markt\/wp-json\/wp\/v2\/product_cat?post=54468"},{"taxonomy":"product_tag","embeddable":true,"href":"https:\/\/marktxxl.de\/markt\/wp-json\/wp\/v2\/product_tag?post=54468"}],"curies":[{"name":"wp","href":"https:\/\/api.w.org\/{rel}","templated":true}]}}