{"id":54379,"date":"2021-10-13T23:10:52","date_gmt":"2021-10-13T21:10:52","guid":{"rendered":"https:\/\/marktxxl.de\/markt\/produkt\/lagunamoon-uv-nagellack-gel-nagellack-uv-led-base-und-top-coat-set-fuer-nageldesign-gel-polish-2-stueck-manikuere-set-soak-off-gel-nagellack-fuer-nail-art-10ml\/"},"modified":"2023-04-10T02:07:22","modified_gmt":"2023-04-10T00:07:22","slug":"lagunamoon-uv-nagellack-gel-nagellack-uv-led-base-und-top-coat-set-fuer-nageldesign-gel-polish-2-stueck-manikuere-set-soak-off-gel-nagellack-fuer-nail-art-10ml","status":"publish","type":"product","link":"https:\/\/marktxxl.de\/markt\/produkt\/lagunamoon-uv-nagellack-gel-nagellack-uv-led-base-und-top-coat-set-fuer-nageldesign-gel-polish-2-stueck-manikuere-set-soak-off-gel-nagellack-fuer-nail-art-10ml\/","title":{"rendered":"Lagunamoon Base Coat No Wipe Top Coat Set, Gellack UV LED Gel Nagellck, Unterlack und \u00dcberlack N\u00e4gel Manik\u00fcre Kit 2pcs\u2026"},"content":{"rendered":"<p>Lagunamoon nagellack nageldesign manik\u00fcre set ist ideal f\u00fcr Manik\u00fcre-Fan, enth\u00e4lt 6 uv gel in einer Geschenkbox, jeweils 8ml.<br \/>\nGel Nagellack haltbar: Bei korrekter Anwendung betr\u00e4gt die Dauer ca. 2-3 Wochen. Es muss mit LED\/UV-Lampe verwendet werden.<br \/>\nNicht toxisches Harz: Hochwertige nagellack sets mit leichtem Geruch und guter Z\u00e4higkeit. Resistente und flexible Farben, das Gel haftet schnell und stark am Nagel, mit einem dauerhaften und spektakul\u00e4ren Glanz.<br \/>\nBreite Verwendung: Gel polish die die N\u00e4gel makellos und flexibel halten. Geeignet f\u00fcr Natur-, Kunst- und Acryln\u00e4gel.<br \/>\nEinfach anzuwenden, schnell trocknend, einfach zu entfernen. Garantiert Qualit\u00e4t: MSDS, SGS zertifiziert.<br \/>\n<div class=\"main-cross-sell\" data-asin=\"B07Y7WG8BB\">\n\n\t<div class=\"WooZone-cross-sell-loader\">\n\t\t<div>\n\t\t\t<div id=\"floatingBarsG\">\n\t\t\t\t<div class=\"blockG\" id=\"rotateG_01\"><\/div>\n\t\t\t\t<div class=\"blockG\" id=\"rotateG_02\"><\/div>\n\t\t\t\t<div class=\"blockG\" id=\"rotateG_03\"><\/div>\n\t\t\t\t<div class=\"blockG\" id=\"rotateG_04\"><\/div>\n\t\t\t\t<div class=\"blockG\" id=\"rotateG_05\"><\/div>\n\t\t\t\t<div class=\"blockG\" id=\"rotateG_06\"><\/div>\n\t\t\t\t<div class=\"blockG\" id=\"rotateG_07\"><\/div>\n\t\t\t\t<div class=\"blockG\" id=\"rotateG_08\"><\/div>\n\t\t\t<\/div>\n\t\t\t<div class=\"WooZone-cross-sell-loader-text\"><\/div>\n\t\t<\/div>\n\t<\/div>\n\n\t\t\n<\/div>\n<div style=\"clear:both;\"><\/div><\/p>\n","protected":false},"excerpt":{"rendered":"<p>Lagunamoon nagellack nageldesign manik\u00fcre set ist ideal f\u00fcr Manik\u00fcre-Fan, enth\u00e4lt 6 uv gel in einer Geschenkbox, jeweils 8ml.<br \/>\nGel Nagellack haltbar: Bei korrekter Anwendung betr\u00e4gt die Dauer ca. 2-3 Wochen. Es muss mit LED\/UV-Lampe verwendet werden.<br \/>\nNicht toxisches Harz: Hochwertige nagellack sets mit leichtem Geruch und guter Z\u00e4higkeit. Resistente und flexible Farben, das Gel haftet schnell und stark am Nagel, mit einem dauerhaften und spektakul\u00e4ren Glanz.<\/p>\n","protected":false},"featured_media":54380,"comment_status":"open","ping_status":"closed","template":"","meta":[],"product_brand":[],"product_cat":[2858,7659],"product_tag":[],"class_list":{"0":"post-54379","1":"product","2":"type-product","3":"status-publish","4":"has-post-thumbnail","6":"product_cat-beauty","7":"product_cat-manikuere-pedikuere","8":"pa_brand-lagunamoon","9":"pa_manufacturer-lagunamoon","11":"first","12":"instock","13":"shipping-taxable","14":"purchasable","15":"product-type-simple","16":"customify-col","17":"product-has-gallery"},"yoast_head":"<!-- This site is optimized with the Yoast SEO plugin v27.4 - https:\/\/yoast.com\/product\/yoast-seo-wordpress\/ -->\n<title>Lagunamoon Base Coat No Wipe Top Coat Set, Gellack UV LED Gel Nagellck, Unterlack und \u00dcberlack N\u00e4gel Manik\u00fcre Kit 2pcs\u2026 - Markt-XXL<\/title>\n<meta name=\"description\" content=\"Markt-XXL Lagunamoon Base Coat No Wipe Top Coat Set, Gellack UV LED Gel Nagellck, Unterlack und \u00dcberlack N\u00e4gel Manik\u00fcre Kit 2pcs\u2026\" \/>\n<meta name=\"robots\" content=\"index, follow, max-snippet:-1, max-image-preview:large, max-video-preview:-1\" \/>\n<link rel=\"canonical\" href=\"https:\/\/marktxxl.de\/markt\/produkt\/lagunamoon-uv-nagellack-gel-nagellack-uv-led-base-und-top-coat-set-fuer-nageldesign-gel-polish-2-stueck-manikuere-set-soak-off-gel-nagellack-fuer-nail-art-10ml\/\" \/>\n<meta property=\"og:locale\" content=\"de_DE\" \/>\n<meta property=\"og:type\" content=\"article\" \/>\n<meta property=\"og:title\" content=\"Lagunamoon Base Coat No Wipe Top Coat Set, Gellack UV LED Gel Nagellck, Unterlack und \u00dcberlack N\u00e4gel Manik\u00fcre Kit 2pcs\u2026 - Markt-XXL\" \/>\n<meta property=\"og:description\" content=\"Markt-XXL Lagunamoon Base Coat No Wipe Top Coat Set, Gellack UV LED Gel Nagellck, Unterlack und \u00dcberlack N\u00e4gel Manik\u00fcre Kit 2pcs\u2026\" \/>\n<meta property=\"og:url\" content=\"https:\/\/marktxxl.de\/markt\/produkt\/lagunamoon-uv-nagellack-gel-nagellack-uv-led-base-und-top-coat-set-fuer-nageldesign-gel-polish-2-stueck-manikuere-set-soak-off-gel-nagellack-fuer-nail-art-10ml\/\" \/>\n<meta property=\"og:site_name\" content=\"Markt-XXL\" \/>\n<meta property=\"article:modified_time\" content=\"2023-04-10T00:07:22+00:00\" \/>\n<meta property=\"og:image\" content=\"https:\/\/m.media-amazon.com\/images\/I\/51owDbsUSpL._SL500_.jpg\" \/>\n\t<meta property=\"og:image:width\" content=\"500\" \/>\n\t<meta property=\"og:image:height\" content=\"500\" \/>\n\t<meta property=\"og:image:type\" content=\"image\/jpeg\" \/>\n<meta name=\"twitter:card\" content=\"summary_large_image\" \/>\n<meta name=\"twitter:label1\" content=\"Gesch\u00e4tzte Lesezeit\" \/>\n\t<meta name=\"twitter:data1\" content=\"1\u00a0Minute\" \/>\n<script type=\"application\/ld+json\" class=\"yoast-schema-graph\">{\"@context\":\"https:\\\/\\\/schema.org\",\"@graph\":[{\"@type\":\"WebPage\",\"@id\":\"https:\\\/\\\/marktxxl.de\\\/markt\\\/produkt\\\/lagunamoon-uv-nagellack-gel-nagellack-uv-led-base-und-top-coat-set-fuer-nageldesign-gel-polish-2-stueck-manikuere-set-soak-off-gel-nagellack-fuer-nail-art-10ml\\\/\",\"url\":\"https:\\\/\\\/marktxxl.de\\\/markt\\\/produkt\\\/lagunamoon-uv-nagellack-gel-nagellack-uv-led-base-und-top-coat-set-fuer-nageldesign-gel-polish-2-stueck-manikuere-set-soak-off-gel-nagellack-fuer-nail-art-10ml\\\/\",\"name\":\"Lagunamoon Base Coat No Wipe Top Coat Set, Gellack UV LED Gel Nagellck, Unterlack und \u00dcberlack N\u00e4gel Manik\u00fcre Kit 2pcs\u2026 - Markt-XXL\",\"isPartOf\":{\"@id\":\"https:\\\/\\\/marktxxl.de\\\/markt\\\/#website\"},\"primaryImageOfPage\":{\"@id\":\"https:\\\/\\\/marktxxl.de\\\/markt\\\/produkt\\\/lagunamoon-uv-nagellack-gel-nagellack-uv-led-base-und-top-coat-set-fuer-nageldesign-gel-polish-2-stueck-manikuere-set-soak-off-gel-nagellack-fuer-nail-art-10ml\\\/#primaryimage\"},\"image\":{\"@id\":\"https:\\\/\\\/marktxxl.de\\\/markt\\\/produkt\\\/lagunamoon-uv-nagellack-gel-nagellack-uv-led-base-und-top-coat-set-fuer-nageldesign-gel-polish-2-stueck-manikuere-set-soak-off-gel-nagellack-fuer-nail-art-10ml\\\/#primaryimage\"},\"thumbnailUrl\":\"https:\\\/\\\/m.media-amazon.com\\\/images\\\/I\\\/51owDbsUSpL._SL500_.jpg\",\"datePublished\":\"2021-10-13T21:10:52+00:00\",\"dateModified\":\"2023-04-10T00:07:22+00:00\",\"description\":\"Markt-XXL Lagunamoon Base Coat No Wipe Top Coat Set, Gellack UV LED Gel Nagellck, Unterlack und \u00dcberlack N\u00e4gel Manik\u00fcre Kit 2pcs\u2026\",\"breadcrumb\":{\"@id\":\"https:\\\/\\\/marktxxl.de\\\/markt\\\/produkt\\\/lagunamoon-uv-nagellack-gel-nagellack-uv-led-base-und-top-coat-set-fuer-nageldesign-gel-polish-2-stueck-manikuere-set-soak-off-gel-nagellack-fuer-nail-art-10ml\\\/#breadcrumb\"},\"inLanguage\":\"de\",\"potentialAction\":[{\"@type\":\"ReadAction\",\"target\":[\"https:\\\/\\\/marktxxl.de\\\/markt\\\/produkt\\\/lagunamoon-uv-nagellack-gel-nagellack-uv-led-base-und-top-coat-set-fuer-nageldesign-gel-polish-2-stueck-manikuere-set-soak-off-gel-nagellack-fuer-nail-art-10ml\\\/\"]}]},{\"@type\":\"ImageObject\",\"inLanguage\":\"de\",\"@id\":\"https:\\\/\\\/marktxxl.de\\\/markt\\\/produkt\\\/lagunamoon-uv-nagellack-gel-nagellack-uv-led-base-und-top-coat-set-fuer-nageldesign-gel-polish-2-stueck-manikuere-set-soak-off-gel-nagellack-fuer-nail-art-10ml\\\/#primaryimage\",\"url\":\"https:\\\/\\\/m.media-amazon.com\\\/images\\\/I\\\/51owDbsUSpL._SL500_.jpg\",\"contentUrl\":\"https:\\\/\\\/m.media-amazon.com\\\/images\\\/I\\\/51owDbsUSpL._SL500_.jpg\",\"width\":500,\"height\":500},{\"@type\":\"BreadcrumbList\",\"@id\":\"https:\\\/\\\/marktxxl.de\\\/markt\\\/produkt\\\/lagunamoon-uv-nagellack-gel-nagellack-uv-led-base-und-top-coat-set-fuer-nageldesign-gel-polish-2-stueck-manikuere-set-soak-off-gel-nagellack-fuer-nail-art-10ml\\\/#breadcrumb\",\"itemListElement\":[{\"@type\":\"ListItem\",\"position\":1,\"name\":\"Startseite\",\"item\":\"https:\\\/\\\/marktxxl.de\\\/markt\\\/\"},{\"@type\":\"ListItem\",\"position\":2,\"name\":\"Markt\",\"item\":\"https:\\\/\\\/marktxxl.de\\\/markt\\\/\"},{\"@type\":\"ListItem\",\"position\":3,\"name\":\"Lagunamoon Base Coat No Wipe Top Coat Set, Gellack UV LED Gel Nagellck, Unterlack und \u00dcberlack N\u00e4gel Manik\u00fcre Kit 2pcs\u2026\"}]},{\"@type\":\"WebSite\",\"@id\":\"https:\\\/\\\/marktxxl.de\\\/markt\\\/#website\",\"url\":\"https:\\\/\\\/marktxxl.de\\\/markt\\\/\",\"name\":\"Markt-XXL\",\"description\":\"Ihr Markt Online\",\"publisher\":{\"@id\":\"https:\\\/\\\/marktxxl.de\\\/markt\\\/#organization\"},\"potentialAction\":[{\"@type\":\"SearchAction\",\"target\":{\"@type\":\"EntryPoint\",\"urlTemplate\":\"https:\\\/\\\/marktxxl.de\\\/markt\\\/?s={search_term_string}\"},\"query-input\":{\"@type\":\"PropertyValueSpecification\",\"valueRequired\":true,\"valueName\":\"search_term_string\"}}],\"inLanguage\":\"de\"},{\"@type\":\"Organization\",\"@id\":\"https:\\\/\\\/marktxxl.de\\\/markt\\\/#organization\",\"name\":\"Markt-XXL\",\"url\":\"https:\\\/\\\/marktxxl.de\\\/markt\\\/\",\"logo\":{\"@type\":\"ImageObject\",\"inLanguage\":\"de\",\"@id\":\"https:\\\/\\\/marktxxl.de\\\/markt\\\/#\\\/schema\\\/logo\\\/image\\\/\",\"url\":\"https:\\\/\\\/marktxxl.de\\\/markt\\\/wp-content\\\/uploads\\\/sites\\\/3\\\/2020\\\/12\\\/logo.png\",\"contentUrl\":\"https:\\\/\\\/marktxxl.de\\\/markt\\\/wp-content\\\/uploads\\\/sites\\\/3\\\/2020\\\/12\\\/logo.png\",\"width\":200,\"height\":70,\"caption\":\"Markt-XXL\"},\"image\":{\"@id\":\"https:\\\/\\\/marktxxl.de\\\/markt\\\/#\\\/schema\\\/logo\\\/image\\\/\"}}]}<\/script>\n<!-- \/ Yoast SEO plugin. -->","yoast_head_json":{"title":"Lagunamoon Base Coat No Wipe Top Coat Set, Gellack UV LED Gel Nagellck, Unterlack und \u00dcberlack N\u00e4gel Manik\u00fcre Kit 2pcs\u2026 - Markt-XXL","description":"Markt-XXL Lagunamoon Base Coat No Wipe Top Coat Set, Gellack UV LED Gel Nagellck, Unterlack und \u00dcberlack N\u00e4gel Manik\u00fcre Kit 2pcs\u2026","robots":{"index":"index","follow":"follow","max-snippet":"max-snippet:-1","max-image-preview":"max-image-preview:large","max-video-preview":"max-video-preview:-1"},"canonical":"https:\/\/marktxxl.de\/markt\/produkt\/lagunamoon-uv-nagellack-gel-nagellack-uv-led-base-und-top-coat-set-fuer-nageldesign-gel-polish-2-stueck-manikuere-set-soak-off-gel-nagellack-fuer-nail-art-10ml\/","og_locale":"de_DE","og_type":"article","og_title":"Lagunamoon Base Coat No Wipe Top Coat Set, Gellack UV LED Gel Nagellck, Unterlack und \u00dcberlack N\u00e4gel Manik\u00fcre Kit 2pcs\u2026 - Markt-XXL","og_description":"Markt-XXL Lagunamoon Base Coat No Wipe Top Coat Set, Gellack UV LED Gel Nagellck, Unterlack und \u00dcberlack N\u00e4gel Manik\u00fcre Kit 2pcs\u2026","og_url":"https:\/\/marktxxl.de\/markt\/produkt\/lagunamoon-uv-nagellack-gel-nagellack-uv-led-base-und-top-coat-set-fuer-nageldesign-gel-polish-2-stueck-manikuere-set-soak-off-gel-nagellack-fuer-nail-art-10ml\/","og_site_name":"Markt-XXL","article_modified_time":"2023-04-10T00:07:22+00:00","og_image":[{"width":500,"height":500,"url":"https:\/\/m.media-amazon.com\/images\/I\/51owDbsUSpL._SL500_.jpg","type":"image\/jpeg"}],"twitter_card":"summary_large_image","twitter_misc":{"Gesch\u00e4tzte Lesezeit":"1\u00a0Minute"},"schema":{"@context":"https:\/\/schema.org","@graph":[{"@type":"WebPage","@id":"https:\/\/marktxxl.de\/markt\/produkt\/lagunamoon-uv-nagellack-gel-nagellack-uv-led-base-und-top-coat-set-fuer-nageldesign-gel-polish-2-stueck-manikuere-set-soak-off-gel-nagellack-fuer-nail-art-10ml\/","url":"https:\/\/marktxxl.de\/markt\/produkt\/lagunamoon-uv-nagellack-gel-nagellack-uv-led-base-und-top-coat-set-fuer-nageldesign-gel-polish-2-stueck-manikuere-set-soak-off-gel-nagellack-fuer-nail-art-10ml\/","name":"Lagunamoon Base Coat No Wipe Top Coat Set, Gellack UV LED Gel Nagellck, Unterlack und \u00dcberlack N\u00e4gel Manik\u00fcre Kit 2pcs\u2026 - Markt-XXL","isPartOf":{"@id":"https:\/\/marktxxl.de\/markt\/#website"},"primaryImageOfPage":{"@id":"https:\/\/marktxxl.de\/markt\/produkt\/lagunamoon-uv-nagellack-gel-nagellack-uv-led-base-und-top-coat-set-fuer-nageldesign-gel-polish-2-stueck-manikuere-set-soak-off-gel-nagellack-fuer-nail-art-10ml\/#primaryimage"},"image":{"@id":"https:\/\/marktxxl.de\/markt\/produkt\/lagunamoon-uv-nagellack-gel-nagellack-uv-led-base-und-top-coat-set-fuer-nageldesign-gel-polish-2-stueck-manikuere-set-soak-off-gel-nagellack-fuer-nail-art-10ml\/#primaryimage"},"thumbnailUrl":"https:\/\/m.media-amazon.com\/images\/I\/51owDbsUSpL._SL500_.jpg","datePublished":"2021-10-13T21:10:52+00:00","dateModified":"2023-04-10T00:07:22+00:00","description":"Markt-XXL Lagunamoon Base Coat No Wipe Top Coat Set, Gellack UV LED Gel Nagellck, Unterlack und \u00dcberlack N\u00e4gel Manik\u00fcre Kit 2pcs\u2026","breadcrumb":{"@id":"https:\/\/marktxxl.de\/markt\/produkt\/lagunamoon-uv-nagellack-gel-nagellack-uv-led-base-und-top-coat-set-fuer-nageldesign-gel-polish-2-stueck-manikuere-set-soak-off-gel-nagellack-fuer-nail-art-10ml\/#breadcrumb"},"inLanguage":"de","potentialAction":[{"@type":"ReadAction","target":["https:\/\/marktxxl.de\/markt\/produkt\/lagunamoon-uv-nagellack-gel-nagellack-uv-led-base-und-top-coat-set-fuer-nageldesign-gel-polish-2-stueck-manikuere-set-soak-off-gel-nagellack-fuer-nail-art-10ml\/"]}]},{"@type":"ImageObject","inLanguage":"de","@id":"https:\/\/marktxxl.de\/markt\/produkt\/lagunamoon-uv-nagellack-gel-nagellack-uv-led-base-und-top-coat-set-fuer-nageldesign-gel-polish-2-stueck-manikuere-set-soak-off-gel-nagellack-fuer-nail-art-10ml\/#primaryimage","url":"https:\/\/m.media-amazon.com\/images\/I\/51owDbsUSpL._SL500_.jpg","contentUrl":"https:\/\/m.media-amazon.com\/images\/I\/51owDbsUSpL._SL500_.jpg","width":500,"height":500},{"@type":"BreadcrumbList","@id":"https:\/\/marktxxl.de\/markt\/produkt\/lagunamoon-uv-nagellack-gel-nagellack-uv-led-base-und-top-coat-set-fuer-nageldesign-gel-polish-2-stueck-manikuere-set-soak-off-gel-nagellack-fuer-nail-art-10ml\/#breadcrumb","itemListElement":[{"@type":"ListItem","position":1,"name":"Startseite","item":"https:\/\/marktxxl.de\/markt\/"},{"@type":"ListItem","position":2,"name":"Markt","item":"https:\/\/marktxxl.de\/markt\/"},{"@type":"ListItem","position":3,"name":"Lagunamoon Base Coat No Wipe Top Coat Set, Gellack UV LED Gel Nagellck, Unterlack und \u00dcberlack N\u00e4gel Manik\u00fcre Kit 2pcs\u2026"}]},{"@type":"WebSite","@id":"https:\/\/marktxxl.de\/markt\/#website","url":"https:\/\/marktxxl.de\/markt\/","name":"Markt-XXL","description":"Ihr Markt Online","publisher":{"@id":"https:\/\/marktxxl.de\/markt\/#organization"},"potentialAction":[{"@type":"SearchAction","target":{"@type":"EntryPoint","urlTemplate":"https:\/\/marktxxl.de\/markt\/?s={search_term_string}"},"query-input":{"@type":"PropertyValueSpecification","valueRequired":true,"valueName":"search_term_string"}}],"inLanguage":"de"},{"@type":"Organization","@id":"https:\/\/marktxxl.de\/markt\/#organization","name":"Markt-XXL","url":"https:\/\/marktxxl.de\/markt\/","logo":{"@type":"ImageObject","inLanguage":"de","@id":"https:\/\/marktxxl.de\/markt\/#\/schema\/logo\/image\/","url":"https:\/\/marktxxl.de\/markt\/wp-content\/uploads\/sites\/3\/2020\/12\/logo.png","contentUrl":"https:\/\/marktxxl.de\/markt\/wp-content\/uploads\/sites\/3\/2020\/12\/logo.png","width":200,"height":70,"caption":"Markt-XXL"},"image":{"@id":"https:\/\/marktxxl.de\/markt\/#\/schema\/logo\/image\/"}}]}},"_links":{"self":[{"href":"https:\/\/marktxxl.de\/markt\/wp-json\/wp\/v2\/product\/54379","targetHints":{"allow":["GET"]}}],"collection":[{"href":"https:\/\/marktxxl.de\/markt\/wp-json\/wp\/v2\/product"}],"about":[{"href":"https:\/\/marktxxl.de\/markt\/wp-json\/wp\/v2\/types\/product"}],"replies":[{"embeddable":true,"href":"https:\/\/marktxxl.de\/markt\/wp-json\/wp\/v2\/comments?post=54379"}],"wp:featuredmedia":[{"embeddable":true,"href":"https:\/\/marktxxl.de\/markt\/wp-json\/wp\/v2\/media\/54380"}],"wp:attachment":[{"href":"https:\/\/marktxxl.de\/markt\/wp-json\/wp\/v2\/media?parent=54379"}],"wp:term":[{"taxonomy":"product_brand","embeddable":true,"href":"https:\/\/marktxxl.de\/markt\/wp-json\/wp\/v2\/product_brand?post=54379"},{"taxonomy":"product_cat","embeddable":true,"href":"https:\/\/marktxxl.de\/markt\/wp-json\/wp\/v2\/product_cat?post=54379"},{"taxonomy":"product_tag","embeddable":true,"href":"https:\/\/marktxxl.de\/markt\/wp-json\/wp\/v2\/product_tag?post=54379"}],"curies":[{"name":"wp","href":"https:\/\/api.w.org\/{rel}","templated":true}]}}