{"id":54358,"date":"2021-10-13T23:10:47","date_gmt":"2021-10-13T21:10:47","guid":{"rendered":"https:\/\/marktxxl.de\/markt\/produkt\/maquita-7-stueck-keramik-nagelfraeser-bits-professioneller-entfernen-gel-acryl-nagelhaut-diamant-hartmetall-nagelbohrer-werkzeuge-fuer-manikuere-pedikuere-home-verwenden-sie-grosses-geschenk\/"},"modified":"2023-04-10T02:07:21","modified_gmt":"2023-04-10T00:07:21","slug":"maquita-7-stueck-keramik-nagelfraeser-bits-professioneller-entfernen-gel-acryl-nagelhaut-diamant-hartmetall-nagelbohrer-werkzeuge-fuer-manikuere-pedikuere-home-verwenden-sie-grosses-geschenk","status":"publish","type":"product","link":"https:\/\/marktxxl.de\/markt\/produkt\/maquita-7-stueck-keramik-nagelfraeser-bits-professioneller-entfernen-gel-acryl-nagelhaut-diamant-hartmetall-nagelbohrer-werkzeuge-fuer-manikuere-pedikuere-home-verwenden-sie-grosses-geschenk\/","title":{"rendered":"MAQUITA 7 St\u00fcck Keramik Nagelfr\u00e4ser Bits Professioneller Nagelfr\u00e4ser Aufs\u00e4tzeaus Entfernen Gel Acryl Nagelhaut Diamant\u2026"},"content":{"rendered":"<p>Premium-Keramikmaterial: Diese Nagelkunstwerkzeuge bestehen aus hochwertigem Keramikmaterial und sind strapazierf\u00e4hig, scharf und langlebig. Mit einer hervorragenden W\u00e4rmeableitung brennen die Bits bei l\u00e4ngerem Gebrauch nicht hei\u00df wie Metallteile<br \/>\nPerfekte Bohrer: Insgesamt 7 PCS verschiedene Nagelbohrer, die f\u00fcr die meisten Nagelbohrmaschinen geeignet sind, die 3\/32 &#8220;-Bits verwenden und f\u00fcr einen langen Gebrauch geeignet sind. Sie k\u00f6nnen zum Polieren der Nageloberfl\u00e4che oder sogar zum Eindringen in enge Bereiche wie Seitenw\u00e4nde und Nagelhaut verwendet werden Der Bohrer-B\u00fcrstenbohrer hilft beim Reinigen und Gl\u00e4nzen der Nageloberfl\u00e4che und der Bohrer<br \/>\nMultifunktionen: Nehmen Sie Keramik mit den h\u00f6chsten Pr\u00e4zisionsstandards mit \u00fcberlegener Festigkeit, Sch\u00e4rfe und Haltbarkeit an. Professionelles Design f\u00fcr Formen und Gr\u00f6\u00dfen erf\u00fcllt die vielf\u00e4ltigen Anforderungen wie Nagelversch\u00f6nerung, Nagelklarheit und Pflege. Ideal zum Verfeinern und Formen von Nagelkanten und zum einfachen Entfernen abgestorbener Haut<br \/>\n7-teilige Nagelbohrer: Set aus einer Maisoberseite (grobe K\u00f6rnung), einer gro\u00dfen Laufoberseite (mittlere K\u00f6rnung), einer Kugelrohroberseite (feine K\u00f6rnung), einer Regenschirmoberseite (feine K\u00f6rnung), einem Nadelbohrer (mittlere K\u00f6rnung), einem Mikrokugelbohrer (mittel) K\u00f6rnung), B\u00fcrstenbohrer. Geeignet f\u00fcr die meisten 3\/32 &#8220;Schaftnagelbohrmaschinen<br \/>\nLeicht zu reinigen: Nagelbohrer sind korrosionsbest\u00e4ndig und verstopfen die N\u00e4gel nicht. Nail Brush Bit kann leicht den Staub auf den Bits oder N\u00e4geln reinigen, die Bits nach jedem Gebrauch sch\u00fctzen und Sie und die N\u00e4gel Ihres Kunden gesund halten<br \/>\n<div class=\"main-cross-sell\" data-asin=\"B08QDHD1K8\">\n\n\t<div class=\"WooZone-cross-sell-loader\">\n\t\t<div>\n\t\t\t<div id=\"floatingBarsG\">\n\t\t\t\t<div class=\"blockG\" id=\"rotateG_01\"><\/div>\n\t\t\t\t<div class=\"blockG\" id=\"rotateG_02\"><\/div>\n\t\t\t\t<div class=\"blockG\" id=\"rotateG_03\"><\/div>\n\t\t\t\t<div class=\"blockG\" id=\"rotateG_04\"><\/div>\n\t\t\t\t<div class=\"blockG\" id=\"rotateG_05\"><\/div>\n\t\t\t\t<div class=\"blockG\" id=\"rotateG_06\"><\/div>\n\t\t\t\t<div class=\"blockG\" id=\"rotateG_07\"><\/div>\n\t\t\t\t<div class=\"blockG\" id=\"rotateG_08\"><\/div>\n\t\t\t<\/div>\n\t\t\t<div class=\"WooZone-cross-sell-loader-text\"><\/div>\n\t\t<\/div>\n\t<\/div>\n\n\t\t\n<\/div>\n<div style=\"clear:both;\"><\/div><\/p>\n","protected":false},"excerpt":{"rendered":"<p>Premium-Keramikmaterial: Diese Nagelkunstwerkzeuge bestehen aus hochwertigem Keramikmaterial und sind strapazierf\u00e4hig, scharf und langlebig. Mit einer hervorragenden W\u00e4rmeableitung brennen die Bits bei l\u00e4ngerem Gebrauch nicht hei\u00df wie Metallteile<br \/>\nPerfekte Bohrer: Insgesamt 7 PCS verschiedene Nagelbohrer, die f\u00fcr die meisten Nagelbohrmaschinen geeignet sind, die 3\/32 &#8220;-Bits verwenden und f\u00fcr einen langen Gebrauch geeignet sind. Sie k\u00f6nnen zum Polieren der Nageloberfl\u00e4che oder sogar zum Eindringen in enge Bereiche wie Seitenw\u00e4nde und Nagelhaut verwendet werden Der Bohrer-B\u00fcrstenbohrer hilft beim Reinigen und Gl\u00e4nzen der Nageloberfl\u00e4che und der Bohrer<br \/>\nMultifunktionen: Nehmen Sie Keramik mit den h\u00f6chsten Pr\u00e4zisionsstandards mit \u00fcberlegener Festigkeit, Sch\u00e4rfe und Haltbarkeit an. Professionelles Design f\u00fcr Formen und Gr\u00f6\u00dfen erf\u00fcllt die vielf\u00e4ltigen Anforderungen wie Nagelversch\u00f6nerung, Nagelklarheit und Pflege. Ideal zum Verfeinern und Formen von Nagelkanten und zum einfachen Entfernen abgestorbener Haut<\/p>\n","protected":false},"featured_media":54361,"comment_status":"open","ping_status":"closed","template":"","meta":[],"product_brand":[],"product_cat":[2858,7659],"product_tag":[],"class_list":{"0":"post-54358","1":"product","2":"type-product","3":"status-publish","4":"has-post-thumbnail","6":"product_cat-beauty","7":"product_cat-manikuere-pedikuere","8":"pa_brand-maquita","9":"pa_farbe-gelbe-keramik","10":"pa_farbe-weisse-keramik","11":"pa_manufacturer-maquita","13":"first","14":"instock","15":"shipping-taxable","16":"purchasable","17":"product-type-variable","18":"customify-col","19":"product-has-gallery"},"yoast_head":"<!-- This site is optimized with the Yoast SEO plugin v27.4 - https:\/\/yoast.com\/product\/yoast-seo-wordpress\/ -->\n<title>MAQUITA 7 St\u00fcck Keramik Nagelfr\u00e4ser Bits Professioneller Nagelfr\u00e4ser Aufs\u00e4tzeaus Entfernen Gel Acryl Nagelhaut Diamant\u2026 - Markt-XXL<\/title>\n<meta name=\"description\" content=\"Markt-XXL MAQUITA 7 St\u00fcck Keramik Nagelfr\u00e4ser Bits Professioneller Nagelfr\u00e4ser Aufs\u00e4tzeaus Entfernen Gel Acryl Nagelhaut Diamant\u2026\" \/>\n<meta name=\"robots\" content=\"index, follow, max-snippet:-1, max-image-preview:large, max-video-preview:-1\" \/>\n<link rel=\"canonical\" href=\"https:\/\/marktxxl.de\/markt\/produkt\/maquita-7-stueck-keramik-nagelfraeser-bits-professioneller-entfernen-gel-acryl-nagelhaut-diamant-hartmetall-nagelbohrer-werkzeuge-fuer-manikuere-pedikuere-home-verwenden-sie-grosses-geschenk\/\" \/>\n<meta property=\"og:locale\" content=\"de_DE\" \/>\n<meta property=\"og:type\" content=\"article\" \/>\n<meta property=\"og:title\" content=\"MAQUITA 7 St\u00fcck Keramik Nagelfr\u00e4ser Bits Professioneller Nagelfr\u00e4ser Aufs\u00e4tzeaus Entfernen Gel Acryl Nagelhaut Diamant\u2026 - Markt-XXL\" \/>\n<meta property=\"og:description\" content=\"Markt-XXL MAQUITA 7 St\u00fcck Keramik Nagelfr\u00e4ser Bits Professioneller Nagelfr\u00e4ser Aufs\u00e4tzeaus Entfernen Gel Acryl Nagelhaut Diamant\u2026\" \/>\n<meta property=\"og:url\" content=\"https:\/\/marktxxl.de\/markt\/produkt\/maquita-7-stueck-keramik-nagelfraeser-bits-professioneller-entfernen-gel-acryl-nagelhaut-diamant-hartmetall-nagelbohrer-werkzeuge-fuer-manikuere-pedikuere-home-verwenden-sie-grosses-geschenk\/\" \/>\n<meta property=\"og:site_name\" content=\"Markt-XXL\" \/>\n<meta property=\"article:modified_time\" content=\"2023-04-10T00:07:21+00:00\" \/>\n<meta property=\"og:image\" content=\"https:\/\/m.media-amazon.com\/images\/I\/41XC-cOrB9L._SL500_.jpg\" \/>\n\t<meta property=\"og:image:width\" content=\"500\" \/>\n\t<meta property=\"og:image:height\" content=\"500\" \/>\n\t<meta property=\"og:image:type\" content=\"image\/jpeg\" \/>\n<meta name=\"twitter:card\" content=\"summary_large_image\" \/>\n<meta name=\"twitter:label1\" content=\"Gesch\u00e4tzte Lesezeit\" \/>\n\t<meta name=\"twitter:data1\" content=\"1\u00a0Minute\" \/>\n<script type=\"application\/ld+json\" class=\"yoast-schema-graph\">{\"@context\":\"https:\\\/\\\/schema.org\",\"@graph\":[{\"@type\":\"WebPage\",\"@id\":\"https:\\\/\\\/marktxxl.de\\\/markt\\\/produkt\\\/maquita-7-stueck-keramik-nagelfraeser-bits-professioneller-entfernen-gel-acryl-nagelhaut-diamant-hartmetall-nagelbohrer-werkzeuge-fuer-manikuere-pedikuere-home-verwenden-sie-grosses-geschenk\\\/\",\"url\":\"https:\\\/\\\/marktxxl.de\\\/markt\\\/produkt\\\/maquita-7-stueck-keramik-nagelfraeser-bits-professioneller-entfernen-gel-acryl-nagelhaut-diamant-hartmetall-nagelbohrer-werkzeuge-fuer-manikuere-pedikuere-home-verwenden-sie-grosses-geschenk\\\/\",\"name\":\"MAQUITA 7 St\u00fcck Keramik Nagelfr\u00e4ser Bits Professioneller Nagelfr\u00e4ser Aufs\u00e4tzeaus Entfernen Gel Acryl Nagelhaut Diamant\u2026 - Markt-XXL\",\"isPartOf\":{\"@id\":\"https:\\\/\\\/marktxxl.de\\\/markt\\\/#website\"},\"primaryImageOfPage\":{\"@id\":\"https:\\\/\\\/marktxxl.de\\\/markt\\\/produkt\\\/maquita-7-stueck-keramik-nagelfraeser-bits-professioneller-entfernen-gel-acryl-nagelhaut-diamant-hartmetall-nagelbohrer-werkzeuge-fuer-manikuere-pedikuere-home-verwenden-sie-grosses-geschenk\\\/#primaryimage\"},\"image\":{\"@id\":\"https:\\\/\\\/marktxxl.de\\\/markt\\\/produkt\\\/maquita-7-stueck-keramik-nagelfraeser-bits-professioneller-entfernen-gel-acryl-nagelhaut-diamant-hartmetall-nagelbohrer-werkzeuge-fuer-manikuere-pedikuere-home-verwenden-sie-grosses-geschenk\\\/#primaryimage\"},\"thumbnailUrl\":\"https:\\\/\\\/m.media-amazon.com\\\/images\\\/I\\\/41XC-cOrB9L._SL500_.jpg\",\"datePublished\":\"2021-10-13T21:10:47+00:00\",\"dateModified\":\"2023-04-10T00:07:21+00:00\",\"description\":\"Markt-XXL MAQUITA 7 St\u00fcck Keramik Nagelfr\u00e4ser Bits Professioneller Nagelfr\u00e4ser Aufs\u00e4tzeaus Entfernen Gel Acryl Nagelhaut Diamant\u2026\",\"breadcrumb\":{\"@id\":\"https:\\\/\\\/marktxxl.de\\\/markt\\\/produkt\\\/maquita-7-stueck-keramik-nagelfraeser-bits-professioneller-entfernen-gel-acryl-nagelhaut-diamant-hartmetall-nagelbohrer-werkzeuge-fuer-manikuere-pedikuere-home-verwenden-sie-grosses-geschenk\\\/#breadcrumb\"},\"inLanguage\":\"de\",\"potentialAction\":[{\"@type\":\"ReadAction\",\"target\":[\"https:\\\/\\\/marktxxl.de\\\/markt\\\/produkt\\\/maquita-7-stueck-keramik-nagelfraeser-bits-professioneller-entfernen-gel-acryl-nagelhaut-diamant-hartmetall-nagelbohrer-werkzeuge-fuer-manikuere-pedikuere-home-verwenden-sie-grosses-geschenk\\\/\"]}]},{\"@type\":\"ImageObject\",\"inLanguage\":\"de\",\"@id\":\"https:\\\/\\\/marktxxl.de\\\/markt\\\/produkt\\\/maquita-7-stueck-keramik-nagelfraeser-bits-professioneller-entfernen-gel-acryl-nagelhaut-diamant-hartmetall-nagelbohrer-werkzeuge-fuer-manikuere-pedikuere-home-verwenden-sie-grosses-geschenk\\\/#primaryimage\",\"url\":\"https:\\\/\\\/m.media-amazon.com\\\/images\\\/I\\\/41XC-cOrB9L._SL500_.jpg\",\"contentUrl\":\"https:\\\/\\\/m.media-amazon.com\\\/images\\\/I\\\/41XC-cOrB9L._SL500_.jpg\",\"width\":500,\"height\":500},{\"@type\":\"BreadcrumbList\",\"@id\":\"https:\\\/\\\/marktxxl.de\\\/markt\\\/produkt\\\/maquita-7-stueck-keramik-nagelfraeser-bits-professioneller-entfernen-gel-acryl-nagelhaut-diamant-hartmetall-nagelbohrer-werkzeuge-fuer-manikuere-pedikuere-home-verwenden-sie-grosses-geschenk\\\/#breadcrumb\",\"itemListElement\":[{\"@type\":\"ListItem\",\"position\":1,\"name\":\"Startseite\",\"item\":\"https:\\\/\\\/marktxxl.de\\\/markt\\\/\"},{\"@type\":\"ListItem\",\"position\":2,\"name\":\"Markt\",\"item\":\"https:\\\/\\\/marktxxl.de\\\/markt\\\/\"},{\"@type\":\"ListItem\",\"position\":3,\"name\":\"MAQUITA 7 St\u00fcck Keramik Nagelfr\u00e4ser Bits Professioneller Nagelfr\u00e4ser Aufs\u00e4tzeaus Entfernen Gel Acryl Nagelhaut Diamant\u2026\"}]},{\"@type\":\"WebSite\",\"@id\":\"https:\\\/\\\/marktxxl.de\\\/markt\\\/#website\",\"url\":\"https:\\\/\\\/marktxxl.de\\\/markt\\\/\",\"name\":\"Markt-XXL\",\"description\":\"Ihr Markt Online\",\"publisher\":{\"@id\":\"https:\\\/\\\/marktxxl.de\\\/markt\\\/#organization\"},\"potentialAction\":[{\"@type\":\"SearchAction\",\"target\":{\"@type\":\"EntryPoint\",\"urlTemplate\":\"https:\\\/\\\/marktxxl.de\\\/markt\\\/?s={search_term_string}\"},\"query-input\":{\"@type\":\"PropertyValueSpecification\",\"valueRequired\":true,\"valueName\":\"search_term_string\"}}],\"inLanguage\":\"de\"},{\"@type\":\"Organization\",\"@id\":\"https:\\\/\\\/marktxxl.de\\\/markt\\\/#organization\",\"name\":\"Markt-XXL\",\"url\":\"https:\\\/\\\/marktxxl.de\\\/markt\\\/\",\"logo\":{\"@type\":\"ImageObject\",\"inLanguage\":\"de\",\"@id\":\"https:\\\/\\\/marktxxl.de\\\/markt\\\/#\\\/schema\\\/logo\\\/image\\\/\",\"url\":\"https:\\\/\\\/marktxxl.de\\\/markt\\\/wp-content\\\/uploads\\\/sites\\\/3\\\/2020\\\/12\\\/logo.png\",\"contentUrl\":\"https:\\\/\\\/marktxxl.de\\\/markt\\\/wp-content\\\/uploads\\\/sites\\\/3\\\/2020\\\/12\\\/logo.png\",\"width\":200,\"height\":70,\"caption\":\"Markt-XXL\"},\"image\":{\"@id\":\"https:\\\/\\\/marktxxl.de\\\/markt\\\/#\\\/schema\\\/logo\\\/image\\\/\"}}]}<\/script>\n<!-- \/ Yoast SEO plugin. -->","yoast_head_json":{"title":"MAQUITA 7 St\u00fcck Keramik Nagelfr\u00e4ser Bits Professioneller Nagelfr\u00e4ser Aufs\u00e4tzeaus Entfernen Gel Acryl Nagelhaut Diamant\u2026 - Markt-XXL","description":"Markt-XXL MAQUITA 7 St\u00fcck Keramik Nagelfr\u00e4ser Bits Professioneller Nagelfr\u00e4ser Aufs\u00e4tzeaus Entfernen Gel Acryl Nagelhaut Diamant\u2026","robots":{"index":"index","follow":"follow","max-snippet":"max-snippet:-1","max-image-preview":"max-image-preview:large","max-video-preview":"max-video-preview:-1"},"canonical":"https:\/\/marktxxl.de\/markt\/produkt\/maquita-7-stueck-keramik-nagelfraeser-bits-professioneller-entfernen-gel-acryl-nagelhaut-diamant-hartmetall-nagelbohrer-werkzeuge-fuer-manikuere-pedikuere-home-verwenden-sie-grosses-geschenk\/","og_locale":"de_DE","og_type":"article","og_title":"MAQUITA 7 St\u00fcck Keramik Nagelfr\u00e4ser Bits Professioneller Nagelfr\u00e4ser Aufs\u00e4tzeaus Entfernen Gel Acryl Nagelhaut Diamant\u2026 - Markt-XXL","og_description":"Markt-XXL MAQUITA 7 St\u00fcck Keramik Nagelfr\u00e4ser Bits Professioneller Nagelfr\u00e4ser Aufs\u00e4tzeaus Entfernen Gel Acryl Nagelhaut Diamant\u2026","og_url":"https:\/\/marktxxl.de\/markt\/produkt\/maquita-7-stueck-keramik-nagelfraeser-bits-professioneller-entfernen-gel-acryl-nagelhaut-diamant-hartmetall-nagelbohrer-werkzeuge-fuer-manikuere-pedikuere-home-verwenden-sie-grosses-geschenk\/","og_site_name":"Markt-XXL","article_modified_time":"2023-04-10T00:07:21+00:00","og_image":[{"width":500,"height":500,"url":"https:\/\/m.media-amazon.com\/images\/I\/41XC-cOrB9L._SL500_.jpg","type":"image\/jpeg"}],"twitter_card":"summary_large_image","twitter_misc":{"Gesch\u00e4tzte Lesezeit":"1\u00a0Minute"},"schema":{"@context":"https:\/\/schema.org","@graph":[{"@type":"WebPage","@id":"https:\/\/marktxxl.de\/markt\/produkt\/maquita-7-stueck-keramik-nagelfraeser-bits-professioneller-entfernen-gel-acryl-nagelhaut-diamant-hartmetall-nagelbohrer-werkzeuge-fuer-manikuere-pedikuere-home-verwenden-sie-grosses-geschenk\/","url":"https:\/\/marktxxl.de\/markt\/produkt\/maquita-7-stueck-keramik-nagelfraeser-bits-professioneller-entfernen-gel-acryl-nagelhaut-diamant-hartmetall-nagelbohrer-werkzeuge-fuer-manikuere-pedikuere-home-verwenden-sie-grosses-geschenk\/","name":"MAQUITA 7 St\u00fcck Keramik Nagelfr\u00e4ser Bits Professioneller Nagelfr\u00e4ser Aufs\u00e4tzeaus Entfernen Gel Acryl Nagelhaut Diamant\u2026 - Markt-XXL","isPartOf":{"@id":"https:\/\/marktxxl.de\/markt\/#website"},"primaryImageOfPage":{"@id":"https:\/\/marktxxl.de\/markt\/produkt\/maquita-7-stueck-keramik-nagelfraeser-bits-professioneller-entfernen-gel-acryl-nagelhaut-diamant-hartmetall-nagelbohrer-werkzeuge-fuer-manikuere-pedikuere-home-verwenden-sie-grosses-geschenk\/#primaryimage"},"image":{"@id":"https:\/\/marktxxl.de\/markt\/produkt\/maquita-7-stueck-keramik-nagelfraeser-bits-professioneller-entfernen-gel-acryl-nagelhaut-diamant-hartmetall-nagelbohrer-werkzeuge-fuer-manikuere-pedikuere-home-verwenden-sie-grosses-geschenk\/#primaryimage"},"thumbnailUrl":"https:\/\/m.media-amazon.com\/images\/I\/41XC-cOrB9L._SL500_.jpg","datePublished":"2021-10-13T21:10:47+00:00","dateModified":"2023-04-10T00:07:21+00:00","description":"Markt-XXL MAQUITA 7 St\u00fcck Keramik Nagelfr\u00e4ser Bits Professioneller Nagelfr\u00e4ser Aufs\u00e4tzeaus Entfernen Gel Acryl Nagelhaut Diamant\u2026","breadcrumb":{"@id":"https:\/\/marktxxl.de\/markt\/produkt\/maquita-7-stueck-keramik-nagelfraeser-bits-professioneller-entfernen-gel-acryl-nagelhaut-diamant-hartmetall-nagelbohrer-werkzeuge-fuer-manikuere-pedikuere-home-verwenden-sie-grosses-geschenk\/#breadcrumb"},"inLanguage":"de","potentialAction":[{"@type":"ReadAction","target":["https:\/\/marktxxl.de\/markt\/produkt\/maquita-7-stueck-keramik-nagelfraeser-bits-professioneller-entfernen-gel-acryl-nagelhaut-diamant-hartmetall-nagelbohrer-werkzeuge-fuer-manikuere-pedikuere-home-verwenden-sie-grosses-geschenk\/"]}]},{"@type":"ImageObject","inLanguage":"de","@id":"https:\/\/marktxxl.de\/markt\/produkt\/maquita-7-stueck-keramik-nagelfraeser-bits-professioneller-entfernen-gel-acryl-nagelhaut-diamant-hartmetall-nagelbohrer-werkzeuge-fuer-manikuere-pedikuere-home-verwenden-sie-grosses-geschenk\/#primaryimage","url":"https:\/\/m.media-amazon.com\/images\/I\/41XC-cOrB9L._SL500_.jpg","contentUrl":"https:\/\/m.media-amazon.com\/images\/I\/41XC-cOrB9L._SL500_.jpg","width":500,"height":500},{"@type":"BreadcrumbList","@id":"https:\/\/marktxxl.de\/markt\/produkt\/maquita-7-stueck-keramik-nagelfraeser-bits-professioneller-entfernen-gel-acryl-nagelhaut-diamant-hartmetall-nagelbohrer-werkzeuge-fuer-manikuere-pedikuere-home-verwenden-sie-grosses-geschenk\/#breadcrumb","itemListElement":[{"@type":"ListItem","position":1,"name":"Startseite","item":"https:\/\/marktxxl.de\/markt\/"},{"@type":"ListItem","position":2,"name":"Markt","item":"https:\/\/marktxxl.de\/markt\/"},{"@type":"ListItem","position":3,"name":"MAQUITA 7 St\u00fcck Keramik Nagelfr\u00e4ser Bits Professioneller Nagelfr\u00e4ser Aufs\u00e4tzeaus Entfernen Gel Acryl Nagelhaut Diamant\u2026"}]},{"@type":"WebSite","@id":"https:\/\/marktxxl.de\/markt\/#website","url":"https:\/\/marktxxl.de\/markt\/","name":"Markt-XXL","description":"Ihr Markt Online","publisher":{"@id":"https:\/\/marktxxl.de\/markt\/#organization"},"potentialAction":[{"@type":"SearchAction","target":{"@type":"EntryPoint","urlTemplate":"https:\/\/marktxxl.de\/markt\/?s={search_term_string}"},"query-input":{"@type":"PropertyValueSpecification","valueRequired":true,"valueName":"search_term_string"}}],"inLanguage":"de"},{"@type":"Organization","@id":"https:\/\/marktxxl.de\/markt\/#organization","name":"Markt-XXL","url":"https:\/\/marktxxl.de\/markt\/","logo":{"@type":"ImageObject","inLanguage":"de","@id":"https:\/\/marktxxl.de\/markt\/#\/schema\/logo\/image\/","url":"https:\/\/marktxxl.de\/markt\/wp-content\/uploads\/sites\/3\/2020\/12\/logo.png","contentUrl":"https:\/\/marktxxl.de\/markt\/wp-content\/uploads\/sites\/3\/2020\/12\/logo.png","width":200,"height":70,"caption":"Markt-XXL"},"image":{"@id":"https:\/\/marktxxl.de\/markt\/#\/schema\/logo\/image\/"}}]}},"_links":{"self":[{"href":"https:\/\/marktxxl.de\/markt\/wp-json\/wp\/v2\/product\/54358","targetHints":{"allow":["GET"]}}],"collection":[{"href":"https:\/\/marktxxl.de\/markt\/wp-json\/wp\/v2\/product"}],"about":[{"href":"https:\/\/marktxxl.de\/markt\/wp-json\/wp\/v2\/types\/product"}],"replies":[{"embeddable":true,"href":"https:\/\/marktxxl.de\/markt\/wp-json\/wp\/v2\/comments?post=54358"}],"wp:featuredmedia":[{"embeddable":true,"href":"https:\/\/marktxxl.de\/markt\/wp-json\/wp\/v2\/media\/54361"}],"wp:attachment":[{"href":"https:\/\/marktxxl.de\/markt\/wp-json\/wp\/v2\/media?parent=54358"}],"wp:term":[{"taxonomy":"product_brand","embeddable":true,"href":"https:\/\/marktxxl.de\/markt\/wp-json\/wp\/v2\/product_brand?post=54358"},{"taxonomy":"product_cat","embeddable":true,"href":"https:\/\/marktxxl.de\/markt\/wp-json\/wp\/v2\/product_cat?post=54358"},{"taxonomy":"product_tag","embeddable":true,"href":"https:\/\/marktxxl.de\/markt\/wp-json\/wp\/v2\/product_tag?post=54358"}],"curies":[{"name":"wp","href":"https:\/\/api.w.org\/{rel}","templated":true}]}}