{"id":54340,"date":"2021-10-13T23:10:43","date_gmt":"2021-10-13T21:10:43","guid":{"rendered":"https:\/\/marktxxl.de\/markt\/produkt\/150w-nageltrockner-uv-led-nagellampe-fuer-gelnaegel-mit-10-30-60-99s-timer-einstellungen-infrarot-sensor-lcd-display-schnell-trocknender-nagellampe\/"},"modified":"2023-04-10T02:07:21","modified_gmt":"2023-04-10T00:07:21","slug":"150w-nageltrockner-uv-led-nagellampe-fuer-gelnaegel-mit-10-30-60-99s-timer-einstellungen-infrarot-sensor-lcd-display-schnell-trocknender-nagellampe","status":"publish","type":"product","link":"https:\/\/marktxxl.de\/markt\/produkt\/150w-nageltrockner-uv-led-nagellampe-fuer-gelnaegel-mit-10-30-60-99s-timer-einstellungen-infrarot-sensor-lcd-display-schnell-trocknender-nagellampe\/","title":{"rendered":"150W Nageltrockner, UV LED Nagellampe f\u00fcr Geln\u00e4gel, mit 10\/30\/60\/99s Timer Einstellungen Infrarot Sensor LCD Display\u2026"},"content":{"rendered":"<p>\u3010SCHNELLES TROCKEN &amp; ZEIT UND GELD SPAREN\u3011&#8211; Unsere 150W Nageltrockner mit 45 langlebige UV\/LED Dual-Lichtquelle Lampenperlen gleichm\u00e4\u00dfig verteilt, 180\u00b0 ohne Totwinkelbeleuchtung, k\u00f6nnen in 10 Sekunden aush\u00e4rten, damit Sie eine gro\u00dfe Anzahl von Aush\u00e4rtungszeiten verk\u00fcrzen k\u00f6nnen.<br \/>\n\u3010GEEIGNET F\u00dcR ALLE GEL-NAGELLACKE\u3011&#8211; Geeignet f\u00fcr fast alle UV- und LED-Geln\u00e4gel, wie Hard Gel, Sculpture Gel, Edelsteinkleber, Farbgele, etc.<br \/>\n\u30104 TIMER-DESIGN\u3011&#8211; Mit 10s, 30s, 60s, 99s vier verschiedene Zeiteinstellungen, k\u00f6nnen Sie die H\u00e4rtungszeit nach dem verschiedenen Kleber Zeit. 50.000 Stunden Lebensdauer und langlebig. Komfortables wei\u00dfes Licht, um Ihre H\u00e4nde, Augen und Haut zu sch\u00fctzen.<br \/>\n\u3010INTELLIGENTES INFRAROTSENSORDESIGN\u3011&#8211; MOULEI Gel Nagellampe mit automatischem Infrarot-Intelligent induktionsdesign, Hand darin\/Hand daraus, der UV\/LED Nageltrockner wird sich automatisch ein- oder ausschalten und Timing starten, keine Ein-\/Aus-Taste erforderlich.<br \/>\n\u3010ABNEHMBARES DESIGN &amp; EINFACH REINIGUNG\u3011&#8211; Der LED Nageltrockner k\u00f6nnen von der Abdeckung nach unten entfernt werden, was gen\u00fcgend Platz f\u00fcr N\u00e4gel und Zehenn\u00e4gel bietet. Wenn Nagellack versehentlich auf der Oberfl\u00e4che ist, ist es einfach zu reinigen.<br \/>\n<div class=\"main-cross-sell\" data-asin=\"B0816PBS4N\">\n\n\t<div class=\"WooZone-cross-sell-loader\">\n\t\t<div>\n\t\t\t<div id=\"floatingBarsG\">\n\t\t\t\t<div class=\"blockG\" id=\"rotateG_01\"><\/div>\n\t\t\t\t<div class=\"blockG\" id=\"rotateG_02\"><\/div>\n\t\t\t\t<div class=\"blockG\" id=\"rotateG_03\"><\/div>\n\t\t\t\t<div class=\"blockG\" id=\"rotateG_04\"><\/div>\n\t\t\t\t<div class=\"blockG\" id=\"rotateG_05\"><\/div>\n\t\t\t\t<div class=\"blockG\" id=\"rotateG_06\"><\/div>\n\t\t\t\t<div class=\"blockG\" id=\"rotateG_07\"><\/div>\n\t\t\t\t<div class=\"blockG\" id=\"rotateG_08\"><\/div>\n\t\t\t<\/div>\n\t\t\t<div class=\"WooZone-cross-sell-loader-text\"><\/div>\n\t\t<\/div>\n\t<\/div>\n\n\t\t\n<\/div>\n<div style=\"clear:both;\"><\/div><\/p>\n","protected":false},"excerpt":{"rendered":"<p>\u3010SCHNELLES TROCKEN &amp; ZEIT UND GELD SPAREN\u3011&#8211; Unsere 150W Nageltrockner mit 45 langlebige UV\/LED Dual-Lichtquelle Lampenperlen gleichm\u00e4\u00dfig verteilt, 180\u00b0 ohne Totwinkelbeleuchtung, k\u00f6nnen in 10 Sekunden aush\u00e4rten, damit Sie eine gro\u00dfe Anzahl von Aush\u00e4rtungszeiten verk\u00fcrzen k\u00f6nnen.<br \/>\n\u3010GEEIGNET F\u00dcR ALLE GEL-NAGELLACKE\u3011&#8211; Geeignet f\u00fcr fast alle UV- und LED-Geln\u00e4gel, wie Hard Gel, Sculpture Gel, Edelsteinkleber, Farbgele, etc.<br \/>\n\u30104 TIMER-DESIGN\u3011&#8211; Mit 10s, 30s, 60s, 99s vier verschiedene Zeiteinstellungen, k\u00f6nnen Sie die H\u00e4rtungszeit nach dem verschiedenen Kleber Zeit. 50.000 Stunden Lebensdauer und langlebig. Komfortables wei\u00dfes Licht, um Ihre H\u00e4nde, Augen und Haut zu sch\u00fctzen.<\/p>\n","protected":false},"featured_media":54341,"comment_status":"open","ping_status":"closed","template":"","meta":[],"product_brand":[],"product_cat":[2858,7659],"product_tag":[],"class_list":{"0":"post-54340","1":"product","2":"type-product","3":"status-publish","4":"has-post-thumbnail","6":"product_cat-beauty","7":"product_cat-manikuere-pedikuere","8":"pa_brand-moulei","9":"pa_manufacturer-moulei","11":"first","12":"instock","13":"shipping-taxable","14":"purchasable","15":"product-type-simple","16":"customify-col","17":"product-has-gallery"},"yoast_head":"<!-- This site is optimized with the Yoast SEO plugin v27.4 - https:\/\/yoast.com\/product\/yoast-seo-wordpress\/ -->\n<title>150W Nageltrockner, UV LED Nagellampe f\u00fcr Geln\u00e4gel, mit 10\/30\/60\/99s Timer Einstellungen Infrarot Sensor LCD Display\u2026 - Markt-XXL<\/title>\n<meta name=\"description\" content=\"Markt-XXL 150W Nageltrockner, UV LED Nagellampe f\u00fcr Geln\u00e4gel, mit 10\/30\/60\/99s Timer Einstellungen Infrarot Sensor LCD Display\u2026\" \/>\n<meta name=\"robots\" content=\"index, follow, max-snippet:-1, max-image-preview:large, max-video-preview:-1\" \/>\n<link rel=\"canonical\" href=\"https:\/\/marktxxl.de\/markt\/produkt\/150w-nageltrockner-uv-led-nagellampe-fuer-gelnaegel-mit-10-30-60-99s-timer-einstellungen-infrarot-sensor-lcd-display-schnell-trocknender-nagellampe\/\" \/>\n<meta property=\"og:locale\" content=\"de_DE\" \/>\n<meta property=\"og:type\" content=\"article\" \/>\n<meta property=\"og:title\" content=\"150W Nageltrockner, UV LED Nagellampe f\u00fcr Geln\u00e4gel, mit 10\/30\/60\/99s Timer Einstellungen Infrarot Sensor LCD Display\u2026 - Markt-XXL\" \/>\n<meta property=\"og:description\" content=\"Markt-XXL 150W Nageltrockner, UV LED Nagellampe f\u00fcr Geln\u00e4gel, mit 10\/30\/60\/99s Timer Einstellungen Infrarot Sensor LCD Display\u2026\" \/>\n<meta property=\"og:url\" content=\"https:\/\/marktxxl.de\/markt\/produkt\/150w-nageltrockner-uv-led-nagellampe-fuer-gelnaegel-mit-10-30-60-99s-timer-einstellungen-infrarot-sensor-lcd-display-schnell-trocknender-nagellampe\/\" \/>\n<meta property=\"og:site_name\" content=\"Markt-XXL\" \/>\n<meta property=\"article:modified_time\" content=\"2023-04-10T00:07:21+00:00\" \/>\n<meta property=\"og:image\" content=\"https:\/\/m.media-amazon.com\/images\/I\/41zDsVN577L._SL500_.jpg\" \/>\n\t<meta property=\"og:image:width\" content=\"500\" \/>\n\t<meta property=\"og:image:height\" content=\"500\" \/>\n\t<meta property=\"og:image:type\" content=\"image\/jpeg\" \/>\n<meta name=\"twitter:card\" content=\"summary_large_image\" \/>\n<meta name=\"twitter:label1\" content=\"Gesch\u00e4tzte Lesezeit\" \/>\n\t<meta name=\"twitter:data1\" content=\"1\u00a0Minute\" \/>\n<script type=\"application\/ld+json\" class=\"yoast-schema-graph\">{\"@context\":\"https:\\\/\\\/schema.org\",\"@graph\":[{\"@type\":\"WebPage\",\"@id\":\"https:\\\/\\\/marktxxl.de\\\/markt\\\/produkt\\\/150w-nageltrockner-uv-led-nagellampe-fuer-gelnaegel-mit-10-30-60-99s-timer-einstellungen-infrarot-sensor-lcd-display-schnell-trocknender-nagellampe\\\/\",\"url\":\"https:\\\/\\\/marktxxl.de\\\/markt\\\/produkt\\\/150w-nageltrockner-uv-led-nagellampe-fuer-gelnaegel-mit-10-30-60-99s-timer-einstellungen-infrarot-sensor-lcd-display-schnell-trocknender-nagellampe\\\/\",\"name\":\"150W Nageltrockner, UV LED Nagellampe f\u00fcr Geln\u00e4gel, mit 10\\\/30\\\/60\\\/99s Timer Einstellungen Infrarot Sensor LCD Display\u2026 - Markt-XXL\",\"isPartOf\":{\"@id\":\"https:\\\/\\\/marktxxl.de\\\/markt\\\/#website\"},\"primaryImageOfPage\":{\"@id\":\"https:\\\/\\\/marktxxl.de\\\/markt\\\/produkt\\\/150w-nageltrockner-uv-led-nagellampe-fuer-gelnaegel-mit-10-30-60-99s-timer-einstellungen-infrarot-sensor-lcd-display-schnell-trocknender-nagellampe\\\/#primaryimage\"},\"image\":{\"@id\":\"https:\\\/\\\/marktxxl.de\\\/markt\\\/produkt\\\/150w-nageltrockner-uv-led-nagellampe-fuer-gelnaegel-mit-10-30-60-99s-timer-einstellungen-infrarot-sensor-lcd-display-schnell-trocknender-nagellampe\\\/#primaryimage\"},\"thumbnailUrl\":\"https:\\\/\\\/m.media-amazon.com\\\/images\\\/I\\\/41zDsVN577L._SL500_.jpg\",\"datePublished\":\"2021-10-13T21:10:43+00:00\",\"dateModified\":\"2023-04-10T00:07:21+00:00\",\"description\":\"Markt-XXL 150W Nageltrockner, UV LED Nagellampe f\u00fcr Geln\u00e4gel, mit 10\\\/30\\\/60\\\/99s Timer Einstellungen Infrarot Sensor LCD Display\u2026\",\"breadcrumb\":{\"@id\":\"https:\\\/\\\/marktxxl.de\\\/markt\\\/produkt\\\/150w-nageltrockner-uv-led-nagellampe-fuer-gelnaegel-mit-10-30-60-99s-timer-einstellungen-infrarot-sensor-lcd-display-schnell-trocknender-nagellampe\\\/#breadcrumb\"},\"inLanguage\":\"de\",\"potentialAction\":[{\"@type\":\"ReadAction\",\"target\":[\"https:\\\/\\\/marktxxl.de\\\/markt\\\/produkt\\\/150w-nageltrockner-uv-led-nagellampe-fuer-gelnaegel-mit-10-30-60-99s-timer-einstellungen-infrarot-sensor-lcd-display-schnell-trocknender-nagellampe\\\/\"]}]},{\"@type\":\"ImageObject\",\"inLanguage\":\"de\",\"@id\":\"https:\\\/\\\/marktxxl.de\\\/markt\\\/produkt\\\/150w-nageltrockner-uv-led-nagellampe-fuer-gelnaegel-mit-10-30-60-99s-timer-einstellungen-infrarot-sensor-lcd-display-schnell-trocknender-nagellampe\\\/#primaryimage\",\"url\":\"https:\\\/\\\/m.media-amazon.com\\\/images\\\/I\\\/41zDsVN577L._SL500_.jpg\",\"contentUrl\":\"https:\\\/\\\/m.media-amazon.com\\\/images\\\/I\\\/41zDsVN577L._SL500_.jpg\",\"width\":500,\"height\":500},{\"@type\":\"BreadcrumbList\",\"@id\":\"https:\\\/\\\/marktxxl.de\\\/markt\\\/produkt\\\/150w-nageltrockner-uv-led-nagellampe-fuer-gelnaegel-mit-10-30-60-99s-timer-einstellungen-infrarot-sensor-lcd-display-schnell-trocknender-nagellampe\\\/#breadcrumb\",\"itemListElement\":[{\"@type\":\"ListItem\",\"position\":1,\"name\":\"Startseite\",\"item\":\"https:\\\/\\\/marktxxl.de\\\/markt\\\/\"},{\"@type\":\"ListItem\",\"position\":2,\"name\":\"Markt\",\"item\":\"https:\\\/\\\/marktxxl.de\\\/markt\\\/\"},{\"@type\":\"ListItem\",\"position\":3,\"name\":\"150W Nageltrockner, UV LED Nagellampe f\u00fcr Geln\u00e4gel, mit 10\\\/30\\\/60\\\/99s Timer Einstellungen Infrarot Sensor LCD Display\u2026\"}]},{\"@type\":\"WebSite\",\"@id\":\"https:\\\/\\\/marktxxl.de\\\/markt\\\/#website\",\"url\":\"https:\\\/\\\/marktxxl.de\\\/markt\\\/\",\"name\":\"Markt-XXL\",\"description\":\"Ihr Markt Online\",\"publisher\":{\"@id\":\"https:\\\/\\\/marktxxl.de\\\/markt\\\/#organization\"},\"potentialAction\":[{\"@type\":\"SearchAction\",\"target\":{\"@type\":\"EntryPoint\",\"urlTemplate\":\"https:\\\/\\\/marktxxl.de\\\/markt\\\/?s={search_term_string}\"},\"query-input\":{\"@type\":\"PropertyValueSpecification\",\"valueRequired\":true,\"valueName\":\"search_term_string\"}}],\"inLanguage\":\"de\"},{\"@type\":\"Organization\",\"@id\":\"https:\\\/\\\/marktxxl.de\\\/markt\\\/#organization\",\"name\":\"Markt-XXL\",\"url\":\"https:\\\/\\\/marktxxl.de\\\/markt\\\/\",\"logo\":{\"@type\":\"ImageObject\",\"inLanguage\":\"de\",\"@id\":\"https:\\\/\\\/marktxxl.de\\\/markt\\\/#\\\/schema\\\/logo\\\/image\\\/\",\"url\":\"https:\\\/\\\/marktxxl.de\\\/markt\\\/wp-content\\\/uploads\\\/sites\\\/3\\\/2020\\\/12\\\/logo.png\",\"contentUrl\":\"https:\\\/\\\/marktxxl.de\\\/markt\\\/wp-content\\\/uploads\\\/sites\\\/3\\\/2020\\\/12\\\/logo.png\",\"width\":200,\"height\":70,\"caption\":\"Markt-XXL\"},\"image\":{\"@id\":\"https:\\\/\\\/marktxxl.de\\\/markt\\\/#\\\/schema\\\/logo\\\/image\\\/\"}}]}<\/script>\n<!-- \/ Yoast SEO plugin. -->","yoast_head_json":{"title":"150W Nageltrockner, UV LED Nagellampe f\u00fcr Geln\u00e4gel, mit 10\/30\/60\/99s Timer Einstellungen Infrarot Sensor LCD Display\u2026 - Markt-XXL","description":"Markt-XXL 150W Nageltrockner, UV LED Nagellampe f\u00fcr Geln\u00e4gel, mit 10\/30\/60\/99s Timer Einstellungen Infrarot Sensor LCD Display\u2026","robots":{"index":"index","follow":"follow","max-snippet":"max-snippet:-1","max-image-preview":"max-image-preview:large","max-video-preview":"max-video-preview:-1"},"canonical":"https:\/\/marktxxl.de\/markt\/produkt\/150w-nageltrockner-uv-led-nagellampe-fuer-gelnaegel-mit-10-30-60-99s-timer-einstellungen-infrarot-sensor-lcd-display-schnell-trocknender-nagellampe\/","og_locale":"de_DE","og_type":"article","og_title":"150W Nageltrockner, UV LED Nagellampe f\u00fcr Geln\u00e4gel, mit 10\/30\/60\/99s Timer Einstellungen Infrarot Sensor LCD Display\u2026 - Markt-XXL","og_description":"Markt-XXL 150W Nageltrockner, UV LED Nagellampe f\u00fcr Geln\u00e4gel, mit 10\/30\/60\/99s Timer Einstellungen Infrarot Sensor LCD Display\u2026","og_url":"https:\/\/marktxxl.de\/markt\/produkt\/150w-nageltrockner-uv-led-nagellampe-fuer-gelnaegel-mit-10-30-60-99s-timer-einstellungen-infrarot-sensor-lcd-display-schnell-trocknender-nagellampe\/","og_site_name":"Markt-XXL","article_modified_time":"2023-04-10T00:07:21+00:00","og_image":[{"width":500,"height":500,"url":"https:\/\/m.media-amazon.com\/images\/I\/41zDsVN577L._SL500_.jpg","type":"image\/jpeg"}],"twitter_card":"summary_large_image","twitter_misc":{"Gesch\u00e4tzte Lesezeit":"1\u00a0Minute"},"schema":{"@context":"https:\/\/schema.org","@graph":[{"@type":"WebPage","@id":"https:\/\/marktxxl.de\/markt\/produkt\/150w-nageltrockner-uv-led-nagellampe-fuer-gelnaegel-mit-10-30-60-99s-timer-einstellungen-infrarot-sensor-lcd-display-schnell-trocknender-nagellampe\/","url":"https:\/\/marktxxl.de\/markt\/produkt\/150w-nageltrockner-uv-led-nagellampe-fuer-gelnaegel-mit-10-30-60-99s-timer-einstellungen-infrarot-sensor-lcd-display-schnell-trocknender-nagellampe\/","name":"150W Nageltrockner, UV LED Nagellampe f\u00fcr Geln\u00e4gel, mit 10\/30\/60\/99s Timer Einstellungen Infrarot Sensor LCD Display\u2026 - Markt-XXL","isPartOf":{"@id":"https:\/\/marktxxl.de\/markt\/#website"},"primaryImageOfPage":{"@id":"https:\/\/marktxxl.de\/markt\/produkt\/150w-nageltrockner-uv-led-nagellampe-fuer-gelnaegel-mit-10-30-60-99s-timer-einstellungen-infrarot-sensor-lcd-display-schnell-trocknender-nagellampe\/#primaryimage"},"image":{"@id":"https:\/\/marktxxl.de\/markt\/produkt\/150w-nageltrockner-uv-led-nagellampe-fuer-gelnaegel-mit-10-30-60-99s-timer-einstellungen-infrarot-sensor-lcd-display-schnell-trocknender-nagellampe\/#primaryimage"},"thumbnailUrl":"https:\/\/m.media-amazon.com\/images\/I\/41zDsVN577L._SL500_.jpg","datePublished":"2021-10-13T21:10:43+00:00","dateModified":"2023-04-10T00:07:21+00:00","description":"Markt-XXL 150W Nageltrockner, UV LED Nagellampe f\u00fcr Geln\u00e4gel, mit 10\/30\/60\/99s Timer Einstellungen Infrarot Sensor LCD Display\u2026","breadcrumb":{"@id":"https:\/\/marktxxl.de\/markt\/produkt\/150w-nageltrockner-uv-led-nagellampe-fuer-gelnaegel-mit-10-30-60-99s-timer-einstellungen-infrarot-sensor-lcd-display-schnell-trocknender-nagellampe\/#breadcrumb"},"inLanguage":"de","potentialAction":[{"@type":"ReadAction","target":["https:\/\/marktxxl.de\/markt\/produkt\/150w-nageltrockner-uv-led-nagellampe-fuer-gelnaegel-mit-10-30-60-99s-timer-einstellungen-infrarot-sensor-lcd-display-schnell-trocknender-nagellampe\/"]}]},{"@type":"ImageObject","inLanguage":"de","@id":"https:\/\/marktxxl.de\/markt\/produkt\/150w-nageltrockner-uv-led-nagellampe-fuer-gelnaegel-mit-10-30-60-99s-timer-einstellungen-infrarot-sensor-lcd-display-schnell-trocknender-nagellampe\/#primaryimage","url":"https:\/\/m.media-amazon.com\/images\/I\/41zDsVN577L._SL500_.jpg","contentUrl":"https:\/\/m.media-amazon.com\/images\/I\/41zDsVN577L._SL500_.jpg","width":500,"height":500},{"@type":"BreadcrumbList","@id":"https:\/\/marktxxl.de\/markt\/produkt\/150w-nageltrockner-uv-led-nagellampe-fuer-gelnaegel-mit-10-30-60-99s-timer-einstellungen-infrarot-sensor-lcd-display-schnell-trocknender-nagellampe\/#breadcrumb","itemListElement":[{"@type":"ListItem","position":1,"name":"Startseite","item":"https:\/\/marktxxl.de\/markt\/"},{"@type":"ListItem","position":2,"name":"Markt","item":"https:\/\/marktxxl.de\/markt\/"},{"@type":"ListItem","position":3,"name":"150W Nageltrockner, UV LED Nagellampe f\u00fcr Geln\u00e4gel, mit 10\/30\/60\/99s Timer Einstellungen Infrarot Sensor LCD Display\u2026"}]},{"@type":"WebSite","@id":"https:\/\/marktxxl.de\/markt\/#website","url":"https:\/\/marktxxl.de\/markt\/","name":"Markt-XXL","description":"Ihr Markt Online","publisher":{"@id":"https:\/\/marktxxl.de\/markt\/#organization"},"potentialAction":[{"@type":"SearchAction","target":{"@type":"EntryPoint","urlTemplate":"https:\/\/marktxxl.de\/markt\/?s={search_term_string}"},"query-input":{"@type":"PropertyValueSpecification","valueRequired":true,"valueName":"search_term_string"}}],"inLanguage":"de"},{"@type":"Organization","@id":"https:\/\/marktxxl.de\/markt\/#organization","name":"Markt-XXL","url":"https:\/\/marktxxl.de\/markt\/","logo":{"@type":"ImageObject","inLanguage":"de","@id":"https:\/\/marktxxl.de\/markt\/#\/schema\/logo\/image\/","url":"https:\/\/marktxxl.de\/markt\/wp-content\/uploads\/sites\/3\/2020\/12\/logo.png","contentUrl":"https:\/\/marktxxl.de\/markt\/wp-content\/uploads\/sites\/3\/2020\/12\/logo.png","width":200,"height":70,"caption":"Markt-XXL"},"image":{"@id":"https:\/\/marktxxl.de\/markt\/#\/schema\/logo\/image\/"}}]}},"_links":{"self":[{"href":"https:\/\/marktxxl.de\/markt\/wp-json\/wp\/v2\/product\/54340","targetHints":{"allow":["GET"]}}],"collection":[{"href":"https:\/\/marktxxl.de\/markt\/wp-json\/wp\/v2\/product"}],"about":[{"href":"https:\/\/marktxxl.de\/markt\/wp-json\/wp\/v2\/types\/product"}],"replies":[{"embeddable":true,"href":"https:\/\/marktxxl.de\/markt\/wp-json\/wp\/v2\/comments?post=54340"}],"wp:featuredmedia":[{"embeddable":true,"href":"https:\/\/marktxxl.de\/markt\/wp-json\/wp\/v2\/media\/54341"}],"wp:attachment":[{"href":"https:\/\/marktxxl.de\/markt\/wp-json\/wp\/v2\/media?parent=54340"}],"wp:term":[{"taxonomy":"product_brand","embeddable":true,"href":"https:\/\/marktxxl.de\/markt\/wp-json\/wp\/v2\/product_brand?post=54340"},{"taxonomy":"product_cat","embeddable":true,"href":"https:\/\/marktxxl.de\/markt\/wp-json\/wp\/v2\/product_cat?post=54340"},{"taxonomy":"product_tag","embeddable":true,"href":"https:\/\/marktxxl.de\/markt\/wp-json\/wp\/v2\/product_tag?post=54340"}],"curies":[{"name":"wp","href":"https:\/\/api.w.org\/{rel}","templated":true}]}}