{"id":54297,"date":"2021-10-13T23:06:45","date_gmt":"2021-10-13T21:06:45","guid":{"rendered":"https:\/\/marktxxl.de\/markt\/produkt\/nyx-professional-makeup-epic-ink-eye-liner-filzstift-wasserfest-vegane-formel-black-2-er-pack\/"},"modified":"2023-04-10T02:07:20","modified_gmt":"2023-04-10T00:07:20","slug":"nyx-professional-makeup-epic-ink-eye-liner-filzstift-wasserfest-vegane-formel-black-2-er-pack","status":"publish","type":"product","link":"https:\/\/marktxxl.de\/markt\/produkt\/nyx-professional-makeup-epic-ink-eye-liner-filzstift-wasserfest-vegane-formel-black-2-er-pack\/","title":{"rendered":"NYX Professional Makeup Epic Ink Eye Liner, Filzstift, Wasserfest, Vegane Formel, Black, 2-er Pack"},"content":{"rendered":"<p>Fein und nat\u00fcrlich, breit und auff\u00e4llig &#8211; f\u00fcr einen Look ganz nach Wunsch!, Die breite des strichs kannst du variieren, indem du leichten Druck aus\u00fcbst, Mit seinem schmalen, flexiblen Pinsel erm\u00f6glicht dieser hochpigmentierte, wasserfeste Eyelinerstift m\u00fchelos schwarze Linien, Schwarzer, matter Eyeliner,<br \/>\n<div class=\"main-cross-sell\" data-asin=\"B098BYT7KP\">\n\n\t<div class=\"WooZone-cross-sell-loader\">\n\t\t<div>\n\t\t\t<div id=\"floatingBarsG\">\n\t\t\t\t<div class=\"blockG\" id=\"rotateG_01\"><\/div>\n\t\t\t\t<div class=\"blockG\" id=\"rotateG_02\"><\/div>\n\t\t\t\t<div class=\"blockG\" id=\"rotateG_03\"><\/div>\n\t\t\t\t<div class=\"blockG\" id=\"rotateG_04\"><\/div>\n\t\t\t\t<div class=\"blockG\" id=\"rotateG_05\"><\/div>\n\t\t\t\t<div class=\"blockG\" id=\"rotateG_06\"><\/div>\n\t\t\t\t<div class=\"blockG\" id=\"rotateG_07\"><\/div>\n\t\t\t\t<div class=\"blockG\" id=\"rotateG_08\"><\/div>\n\t\t\t<\/div>\n\t\t\t<div class=\"WooZone-cross-sell-loader-text\"><\/div>\n\t\t<\/div>\n\t<\/div>\n\n\t\t\n<\/div>\n<div style=\"clear:both;\"><\/div><\/p>\n","protected":false},"excerpt":{"rendered":"<p>Fein und nat\u00fcrlich, breit und auff\u00e4llig &#8211; f\u00fcr einen Look ganz nach Wunsch!, Die breite des strichs kannst du variieren, indem du leichten Druck aus\u00fcbst, Mit seinem schmalen, flexiblen Pinsel erm\u00f6glicht dieser hochpigmentierte, wasserfeste Eyelinerstift m\u00fchelos schwarze Linien, Schwarzer, matter Eyeliner,<\/p>\n","protected":false},"featured_media":54300,"comment_status":"open","ping_status":"closed","template":"","meta":[],"product_brand":[],"product_cat":[2858,7575],"product_tag":[],"class_list":{"0":"post-54297","1":"product","2":"type-product","3":"status-publish","4":"has-post-thumbnail","6":"product_cat-beauty","7":"product_cat-make-up","8":"pa_binding-badartikel","9":"pa_brand-nyx-professional-makeup","10":"pa_groesse-1-stueck-1er-pack","11":"pa_groesse-2-stueck-1er-pack","12":"pa_stil-epic-ink-eye-liner","14":"first","15":"instock","16":"shipping-taxable","17":"purchasable","18":"product-type-variable","19":"customify-col","20":"product-has-gallery"},"yoast_head":"<!-- This site is optimized with the Yoast SEO plugin v27.4 - https:\/\/yoast.com\/product\/yoast-seo-wordpress\/ -->\n<title>NYX Professional Makeup Epic Ink Eye Liner, Filzstift, Wasserfest, Vegane Formel, Black, 2-er Pack - Markt-XXL<\/title>\n<meta name=\"description\" content=\"Markt-XXL NYX Professional Makeup Epic Ink Eye Liner, Filzstift, Wasserfest, Vegane Formel, Black, 2-er Pack\" \/>\n<meta name=\"robots\" content=\"index, follow, max-snippet:-1, max-image-preview:large, max-video-preview:-1\" \/>\n<link rel=\"canonical\" href=\"https:\/\/marktxxl.de\/markt\/produkt\/nyx-professional-makeup-epic-ink-eye-liner-filzstift-wasserfest-vegane-formel-black-2-er-pack\/\" \/>\n<meta property=\"og:locale\" content=\"de_DE\" \/>\n<meta property=\"og:type\" content=\"article\" \/>\n<meta property=\"og:title\" content=\"NYX Professional Makeup Epic Ink Eye Liner, Filzstift, Wasserfest, Vegane Formel, Black, 2-er Pack - Markt-XXL\" \/>\n<meta property=\"og:description\" content=\"Markt-XXL NYX Professional Makeup Epic Ink Eye Liner, Filzstift, Wasserfest, Vegane Formel, Black, 2-er Pack\" \/>\n<meta property=\"og:url\" content=\"https:\/\/marktxxl.de\/markt\/produkt\/nyx-professional-makeup-epic-ink-eye-liner-filzstift-wasserfest-vegane-formel-black-2-er-pack\/\" \/>\n<meta property=\"og:site_name\" content=\"Markt-XXL\" \/>\n<meta property=\"article:modified_time\" content=\"2023-04-10T00:07:20+00:00\" \/>\n<meta property=\"og:image\" content=\"https:\/\/m.media-amazon.com\/images\/I\/31cp6+D9oTS._SL500_.jpg\" \/>\n\t<meta property=\"og:image:width\" content=\"500\" \/>\n\t<meta property=\"og:image:height\" content=\"500\" \/>\n\t<meta property=\"og:image:type\" content=\"image\/jpeg\" \/>\n<meta name=\"twitter:card\" content=\"summary_large_image\" \/>\n<script type=\"application\/ld+json\" class=\"yoast-schema-graph\">{\"@context\":\"https:\\\/\\\/schema.org\",\"@graph\":[{\"@type\":\"WebPage\",\"@id\":\"https:\\\/\\\/marktxxl.de\\\/markt\\\/produkt\\\/nyx-professional-makeup-epic-ink-eye-liner-filzstift-wasserfest-vegane-formel-black-2-er-pack\\\/\",\"url\":\"https:\\\/\\\/marktxxl.de\\\/markt\\\/produkt\\\/nyx-professional-makeup-epic-ink-eye-liner-filzstift-wasserfest-vegane-formel-black-2-er-pack\\\/\",\"name\":\"NYX Professional Makeup Epic Ink Eye Liner, Filzstift, Wasserfest, Vegane Formel, Black, 2-er Pack - Markt-XXL\",\"isPartOf\":{\"@id\":\"https:\\\/\\\/marktxxl.de\\\/markt\\\/#website\"},\"primaryImageOfPage\":{\"@id\":\"https:\\\/\\\/marktxxl.de\\\/markt\\\/produkt\\\/nyx-professional-makeup-epic-ink-eye-liner-filzstift-wasserfest-vegane-formel-black-2-er-pack\\\/#primaryimage\"},\"image\":{\"@id\":\"https:\\\/\\\/marktxxl.de\\\/markt\\\/produkt\\\/nyx-professional-makeup-epic-ink-eye-liner-filzstift-wasserfest-vegane-formel-black-2-er-pack\\\/#primaryimage\"},\"thumbnailUrl\":\"https:\\\/\\\/m.media-amazon.com\\\/images\\\/I\\\/31cp6+D9oTS._SL500_.jpg\",\"datePublished\":\"2021-10-13T21:06:45+00:00\",\"dateModified\":\"2023-04-10T00:07:20+00:00\",\"description\":\"Markt-XXL NYX Professional Makeup Epic Ink Eye Liner, Filzstift, Wasserfest, Vegane Formel, Black, 2-er Pack\",\"breadcrumb\":{\"@id\":\"https:\\\/\\\/marktxxl.de\\\/markt\\\/produkt\\\/nyx-professional-makeup-epic-ink-eye-liner-filzstift-wasserfest-vegane-formel-black-2-er-pack\\\/#breadcrumb\"},\"inLanguage\":\"de\",\"potentialAction\":[{\"@type\":\"ReadAction\",\"target\":[\"https:\\\/\\\/marktxxl.de\\\/markt\\\/produkt\\\/nyx-professional-makeup-epic-ink-eye-liner-filzstift-wasserfest-vegane-formel-black-2-er-pack\\\/\"]}]},{\"@type\":\"ImageObject\",\"inLanguage\":\"de\",\"@id\":\"https:\\\/\\\/marktxxl.de\\\/markt\\\/produkt\\\/nyx-professional-makeup-epic-ink-eye-liner-filzstift-wasserfest-vegane-formel-black-2-er-pack\\\/#primaryimage\",\"url\":\"https:\\\/\\\/m.media-amazon.com\\\/images\\\/I\\\/31cp6+D9oTS._SL500_.jpg\",\"contentUrl\":\"https:\\\/\\\/m.media-amazon.com\\\/images\\\/I\\\/31cp6+D9oTS._SL500_.jpg\",\"width\":500,\"height\":500},{\"@type\":\"BreadcrumbList\",\"@id\":\"https:\\\/\\\/marktxxl.de\\\/markt\\\/produkt\\\/nyx-professional-makeup-epic-ink-eye-liner-filzstift-wasserfest-vegane-formel-black-2-er-pack\\\/#breadcrumb\",\"itemListElement\":[{\"@type\":\"ListItem\",\"position\":1,\"name\":\"Startseite\",\"item\":\"https:\\\/\\\/marktxxl.de\\\/markt\\\/\"},{\"@type\":\"ListItem\",\"position\":2,\"name\":\"Markt\",\"item\":\"https:\\\/\\\/marktxxl.de\\\/markt\\\/\"},{\"@type\":\"ListItem\",\"position\":3,\"name\":\"NYX Professional Makeup Epic Ink Eye Liner, Filzstift, Wasserfest, Vegane Formel, Black, 2-er Pack\"}]},{\"@type\":\"WebSite\",\"@id\":\"https:\\\/\\\/marktxxl.de\\\/markt\\\/#website\",\"url\":\"https:\\\/\\\/marktxxl.de\\\/markt\\\/\",\"name\":\"Markt-XXL\",\"description\":\"Ihr Markt Online\",\"publisher\":{\"@id\":\"https:\\\/\\\/marktxxl.de\\\/markt\\\/#organization\"},\"potentialAction\":[{\"@type\":\"SearchAction\",\"target\":{\"@type\":\"EntryPoint\",\"urlTemplate\":\"https:\\\/\\\/marktxxl.de\\\/markt\\\/?s={search_term_string}\"},\"query-input\":{\"@type\":\"PropertyValueSpecification\",\"valueRequired\":true,\"valueName\":\"search_term_string\"}}],\"inLanguage\":\"de\"},{\"@type\":\"Organization\",\"@id\":\"https:\\\/\\\/marktxxl.de\\\/markt\\\/#organization\",\"name\":\"Markt-XXL\",\"url\":\"https:\\\/\\\/marktxxl.de\\\/markt\\\/\",\"logo\":{\"@type\":\"ImageObject\",\"inLanguage\":\"de\",\"@id\":\"https:\\\/\\\/marktxxl.de\\\/markt\\\/#\\\/schema\\\/logo\\\/image\\\/\",\"url\":\"https:\\\/\\\/marktxxl.de\\\/markt\\\/wp-content\\\/uploads\\\/sites\\\/3\\\/2020\\\/12\\\/logo.png\",\"contentUrl\":\"https:\\\/\\\/marktxxl.de\\\/markt\\\/wp-content\\\/uploads\\\/sites\\\/3\\\/2020\\\/12\\\/logo.png\",\"width\":200,\"height\":70,\"caption\":\"Markt-XXL\"},\"image\":{\"@id\":\"https:\\\/\\\/marktxxl.de\\\/markt\\\/#\\\/schema\\\/logo\\\/image\\\/\"}}]}<\/script>\n<!-- \/ Yoast SEO plugin. -->","yoast_head_json":{"title":"NYX Professional Makeup Epic Ink Eye Liner, Filzstift, Wasserfest, Vegane Formel, Black, 2-er Pack - Markt-XXL","description":"Markt-XXL NYX Professional Makeup Epic Ink Eye Liner, Filzstift, Wasserfest, Vegane Formel, Black, 2-er Pack","robots":{"index":"index","follow":"follow","max-snippet":"max-snippet:-1","max-image-preview":"max-image-preview:large","max-video-preview":"max-video-preview:-1"},"canonical":"https:\/\/marktxxl.de\/markt\/produkt\/nyx-professional-makeup-epic-ink-eye-liner-filzstift-wasserfest-vegane-formel-black-2-er-pack\/","og_locale":"de_DE","og_type":"article","og_title":"NYX Professional Makeup Epic Ink Eye Liner, Filzstift, Wasserfest, Vegane Formel, Black, 2-er Pack - Markt-XXL","og_description":"Markt-XXL NYX Professional Makeup Epic Ink Eye Liner, Filzstift, Wasserfest, Vegane Formel, Black, 2-er Pack","og_url":"https:\/\/marktxxl.de\/markt\/produkt\/nyx-professional-makeup-epic-ink-eye-liner-filzstift-wasserfest-vegane-formel-black-2-er-pack\/","og_site_name":"Markt-XXL","article_modified_time":"2023-04-10T00:07:20+00:00","og_image":[{"width":500,"height":500,"url":"https:\/\/m.media-amazon.com\/images\/I\/31cp6+D9oTS._SL500_.jpg","type":"image\/jpeg"}],"twitter_card":"summary_large_image","schema":{"@context":"https:\/\/schema.org","@graph":[{"@type":"WebPage","@id":"https:\/\/marktxxl.de\/markt\/produkt\/nyx-professional-makeup-epic-ink-eye-liner-filzstift-wasserfest-vegane-formel-black-2-er-pack\/","url":"https:\/\/marktxxl.de\/markt\/produkt\/nyx-professional-makeup-epic-ink-eye-liner-filzstift-wasserfest-vegane-formel-black-2-er-pack\/","name":"NYX Professional Makeup Epic Ink Eye Liner, Filzstift, Wasserfest, Vegane Formel, Black, 2-er Pack - Markt-XXL","isPartOf":{"@id":"https:\/\/marktxxl.de\/markt\/#website"},"primaryImageOfPage":{"@id":"https:\/\/marktxxl.de\/markt\/produkt\/nyx-professional-makeup-epic-ink-eye-liner-filzstift-wasserfest-vegane-formel-black-2-er-pack\/#primaryimage"},"image":{"@id":"https:\/\/marktxxl.de\/markt\/produkt\/nyx-professional-makeup-epic-ink-eye-liner-filzstift-wasserfest-vegane-formel-black-2-er-pack\/#primaryimage"},"thumbnailUrl":"https:\/\/m.media-amazon.com\/images\/I\/31cp6+D9oTS._SL500_.jpg","datePublished":"2021-10-13T21:06:45+00:00","dateModified":"2023-04-10T00:07:20+00:00","description":"Markt-XXL NYX Professional Makeup Epic Ink Eye Liner, Filzstift, Wasserfest, Vegane Formel, Black, 2-er Pack","breadcrumb":{"@id":"https:\/\/marktxxl.de\/markt\/produkt\/nyx-professional-makeup-epic-ink-eye-liner-filzstift-wasserfest-vegane-formel-black-2-er-pack\/#breadcrumb"},"inLanguage":"de","potentialAction":[{"@type":"ReadAction","target":["https:\/\/marktxxl.de\/markt\/produkt\/nyx-professional-makeup-epic-ink-eye-liner-filzstift-wasserfest-vegane-formel-black-2-er-pack\/"]}]},{"@type":"ImageObject","inLanguage":"de","@id":"https:\/\/marktxxl.de\/markt\/produkt\/nyx-professional-makeup-epic-ink-eye-liner-filzstift-wasserfest-vegane-formel-black-2-er-pack\/#primaryimage","url":"https:\/\/m.media-amazon.com\/images\/I\/31cp6+D9oTS._SL500_.jpg","contentUrl":"https:\/\/m.media-amazon.com\/images\/I\/31cp6+D9oTS._SL500_.jpg","width":500,"height":500},{"@type":"BreadcrumbList","@id":"https:\/\/marktxxl.de\/markt\/produkt\/nyx-professional-makeup-epic-ink-eye-liner-filzstift-wasserfest-vegane-formel-black-2-er-pack\/#breadcrumb","itemListElement":[{"@type":"ListItem","position":1,"name":"Startseite","item":"https:\/\/marktxxl.de\/markt\/"},{"@type":"ListItem","position":2,"name":"Markt","item":"https:\/\/marktxxl.de\/markt\/"},{"@type":"ListItem","position":3,"name":"NYX Professional Makeup Epic Ink Eye Liner, Filzstift, Wasserfest, Vegane Formel, Black, 2-er Pack"}]},{"@type":"WebSite","@id":"https:\/\/marktxxl.de\/markt\/#website","url":"https:\/\/marktxxl.de\/markt\/","name":"Markt-XXL","description":"Ihr Markt Online","publisher":{"@id":"https:\/\/marktxxl.de\/markt\/#organization"},"potentialAction":[{"@type":"SearchAction","target":{"@type":"EntryPoint","urlTemplate":"https:\/\/marktxxl.de\/markt\/?s={search_term_string}"},"query-input":{"@type":"PropertyValueSpecification","valueRequired":true,"valueName":"search_term_string"}}],"inLanguage":"de"},{"@type":"Organization","@id":"https:\/\/marktxxl.de\/markt\/#organization","name":"Markt-XXL","url":"https:\/\/marktxxl.de\/markt\/","logo":{"@type":"ImageObject","inLanguage":"de","@id":"https:\/\/marktxxl.de\/markt\/#\/schema\/logo\/image\/","url":"https:\/\/marktxxl.de\/markt\/wp-content\/uploads\/sites\/3\/2020\/12\/logo.png","contentUrl":"https:\/\/marktxxl.de\/markt\/wp-content\/uploads\/sites\/3\/2020\/12\/logo.png","width":200,"height":70,"caption":"Markt-XXL"},"image":{"@id":"https:\/\/marktxxl.de\/markt\/#\/schema\/logo\/image\/"}}]}},"_links":{"self":[{"href":"https:\/\/marktxxl.de\/markt\/wp-json\/wp\/v2\/product\/54297","targetHints":{"allow":["GET"]}}],"collection":[{"href":"https:\/\/marktxxl.de\/markt\/wp-json\/wp\/v2\/product"}],"about":[{"href":"https:\/\/marktxxl.de\/markt\/wp-json\/wp\/v2\/types\/product"}],"replies":[{"embeddable":true,"href":"https:\/\/marktxxl.de\/markt\/wp-json\/wp\/v2\/comments?post=54297"}],"wp:featuredmedia":[{"embeddable":true,"href":"https:\/\/marktxxl.de\/markt\/wp-json\/wp\/v2\/media\/54300"}],"wp:attachment":[{"href":"https:\/\/marktxxl.de\/markt\/wp-json\/wp\/v2\/media?parent=54297"}],"wp:term":[{"taxonomy":"product_brand","embeddable":true,"href":"https:\/\/marktxxl.de\/markt\/wp-json\/wp\/v2\/product_brand?post=54297"},{"taxonomy":"product_cat","embeddable":true,"href":"https:\/\/marktxxl.de\/markt\/wp-json\/wp\/v2\/product_cat?post=54297"},{"taxonomy":"product_tag","embeddable":true,"href":"https:\/\/marktxxl.de\/markt\/wp-json\/wp\/v2\/product_tag?post=54297"}],"curies":[{"name":"wp","href":"https:\/\/api.w.org\/{rel}","templated":true}]}}