{"id":54254,"date":"2021-10-13T23:06:33","date_gmt":"2021-10-13T21:06:33","guid":{"rendered":"https:\/\/marktxxl.de\/markt\/produkt\/falsche-wimpern-3d-falsche-wimpern-wiederverwendbare-lange-dicke-wimpern-zur-verlaengerung-der-make-up-wimpern-4-paar-handgefertigte-dramatische-falsche-wimpern-mit-wimpernclip-g107\/"},"modified":"2023-04-10T02:07:19","modified_gmt":"2023-04-10T00:07:19","slug":"falsche-wimpern-3d-falsche-wimpern-wiederverwendbare-lange-dicke-wimpern-zur-verlaengerung-der-make-up-wimpern-4-paar-handgefertigte-dramatische-falsche-wimpern-mit-wimpernclip-g107","status":"publish","type":"product","link":"https:\/\/marktxxl.de\/markt\/produkt\/falsche-wimpern-3d-falsche-wimpern-wiederverwendbare-lange-dicke-wimpern-zur-verlaengerung-der-make-up-wimpern-4-paar-handgefertigte-dramatische-falsche-wimpern-mit-wimpernclip-g107\/","title":{"rendered":"Falsche Wimpern, 3D Falsche Wimpern Wiederverwendbare lange, dicke Wimpern zur Verl\u00e4ngerung der Make-up-Wimpern, 4 Paar\u2026"},"content":{"rendered":"<p>? Hochwertige falsche Wimpern: Passen Sie sich nahtlos Ihren nat\u00fcrlichen Wimpern an. F\u00fcgt genau die richtige Menge L\u00e4nge und F\u00fclle hinzu, eine perfekte Erg\u00e4nzung zu Ihrer Make-up-Routine, macht Ihre Augen charmant und attraktiv und hebt Ihren Look auf die n\u00e4chste Ebene.<br \/>\n? Sch\u00f6ne deine Augen: Zieh diese d\u00fcnnen und langen falschen Wimpern an und deine Augen w\u00fcrden gr\u00f6\u00dfer, heller und attraktiver aussehen. Du wirst nat\u00fcrlich wundersch\u00f6n und sch\u00f6n aussehen<br \/>\n? Premium 3D Faux Nerz Wimpern: Unsere falschen Wimpern bestehen aus Premium Faux Nerz Wimpern. (handgemacht, umweltfreundlich und infiziert die Augen nicht.) Diese falschen Wimpern sind die gleichen wie echte menschliche Wimpern, k\u00f6nnen auf nat\u00fcrliche und harmonische Weise \u00fcberlappt werden.<br \/>\n? Wiederverwendbar und einfacher zu verwenden: Einfach zu installieren mit dickem, flexiblem Band, hypoallergen, ohne Augensch\u00e4den, kann bei richtiger Pflege mehrmals wiederverwendet werden. Verwenden Sie Wimpernkleber auf dem Band und bringen Sie die Wimpern an Ihren eigenen menschlichen Wimpern an.<br \/>\n? Dramatischer Look: Sie erhalten 4 Paar falsche Wimpern und eine professionelle Wimpernpinzette. Geeignet f\u00fcr professionelle Anwendungen wie Hochzeits-Event &amp; Fotoshooting &amp; Dating-Nacht oder eine M\u00e4dchennacht &amp; Abschluss &amp; Geburtstagsfeier. Mach dich wie ein Filmstar.<br \/>\n<div class=\"main-cross-sell\" data-asin=\"B07WLNB6KK\">\n\n\t<div class=\"WooZone-cross-sell-loader\">\n\t\t<div>\n\t\t\t<div id=\"floatingBarsG\">\n\t\t\t\t<div class=\"blockG\" id=\"rotateG_01\"><\/div>\n\t\t\t\t<div class=\"blockG\" id=\"rotateG_02\"><\/div>\n\t\t\t\t<div class=\"blockG\" id=\"rotateG_03\"><\/div>\n\t\t\t\t<div class=\"blockG\" id=\"rotateG_04\"><\/div>\n\t\t\t\t<div class=\"blockG\" id=\"rotateG_05\"><\/div>\n\t\t\t\t<div class=\"blockG\" id=\"rotateG_06\"><\/div>\n\t\t\t\t<div class=\"blockG\" id=\"rotateG_07\"><\/div>\n\t\t\t\t<div class=\"blockG\" id=\"rotateG_08\"><\/div>\n\t\t\t<\/div>\n\t\t\t<div class=\"WooZone-cross-sell-loader-text\"><\/div>\n\t\t<\/div>\n\t<\/div>\n\n\t\t\n<\/div>\n<div style=\"clear:both;\"><\/div><\/p>\n","protected":false},"excerpt":{"rendered":"<p>? Hochwertige falsche Wimpern: Passen Sie sich nahtlos Ihren nat\u00fcrlichen Wimpern an. F\u00fcgt genau die richtige Menge L\u00e4nge und F\u00fclle hinzu, eine perfekte Erg\u00e4nzung zu Ihrer Make-up-Routine, macht Ihre Augen charmant und attraktiv und hebt Ihren Look auf die n\u00e4chste Ebene.<br \/>\n? Sch\u00f6ne deine Augen: Zieh diese d\u00fcnnen und langen falschen Wimpern an und deine Augen w\u00fcrden gr\u00f6\u00dfer, heller und attraktiver aussehen. Du wirst nat\u00fcrlich wundersch\u00f6n und sch\u00f6n aussehen<br \/>\n? Premium 3D Faux Nerz Wimpern: Unsere falschen Wimpern bestehen aus Premium Faux Nerz Wimpern. (handgemacht, umweltfreundlich und infiziert die Augen nicht.) Diese falschen Wimpern sind die gleichen wie echte menschliche Wimpern, k\u00f6nnen auf nat\u00fcrliche und harmonische Weise \u00fcberlappt werden.<\/p>\n","protected":false},"featured_media":54255,"comment_status":"open","ping_status":"closed","template":"","meta":[],"product_brand":[],"product_cat":[2858,7575],"product_tag":[],"class_list":{"0":"post-54254","1":"product","2":"type-product","3":"status-publish","4":"has-post-thumbnail","6":"product_cat-beauty","7":"product_cat-make-up","8":"pa_brand-jane-choi","9":"pa_manufacturer-blue-maly","10":"pa_size-9-teiliges-set","12":"first","13":"instock","14":"shipping-taxable","15":"purchasable","16":"product-type-simple","17":"customify-col","18":"product-has-gallery"},"yoast_head":"<!-- This site is optimized with the Yoast SEO plugin v27.5 - https:\/\/yoast.com\/product\/yoast-seo-wordpress\/ -->\n<title>Falsche Wimpern, 3D Falsche Wimpern Wiederverwendbare lange, dicke Wimpern zur Verl\u00e4ngerung der Make-up-Wimpern, 4 Paar\u2026 - Markt-XXL<\/title>\n<meta name=\"description\" content=\"Markt-XXL Falsche Wimpern, 3D Falsche Wimpern Wiederverwendbare lange, dicke Wimpern zur Verl\u00e4ngerung der Make-up-Wimpern, 4 Paar\u2026\" \/>\n<meta name=\"robots\" content=\"index, follow, max-snippet:-1, max-image-preview:large, max-video-preview:-1\" \/>\n<link rel=\"canonical\" href=\"https:\/\/marktxxl.de\/markt\/produkt\/falsche-wimpern-3d-falsche-wimpern-wiederverwendbare-lange-dicke-wimpern-zur-verlaengerung-der-make-up-wimpern-4-paar-handgefertigte-dramatische-falsche-wimpern-mit-wimpernclip-g107\/\" \/>\n<meta property=\"og:locale\" content=\"de_DE\" \/>\n<meta property=\"og:type\" content=\"article\" \/>\n<meta property=\"og:title\" content=\"Falsche Wimpern, 3D Falsche Wimpern Wiederverwendbare lange, dicke Wimpern zur Verl\u00e4ngerung der Make-up-Wimpern, 4 Paar\u2026 - Markt-XXL\" \/>\n<meta property=\"og:description\" content=\"Markt-XXL Falsche Wimpern, 3D Falsche Wimpern Wiederverwendbare lange, dicke Wimpern zur Verl\u00e4ngerung der Make-up-Wimpern, 4 Paar\u2026\" \/>\n<meta property=\"og:url\" content=\"https:\/\/marktxxl.de\/markt\/produkt\/falsche-wimpern-3d-falsche-wimpern-wiederverwendbare-lange-dicke-wimpern-zur-verlaengerung-der-make-up-wimpern-4-paar-handgefertigte-dramatische-falsche-wimpern-mit-wimpernclip-g107\/\" \/>\n<meta property=\"og:site_name\" content=\"Markt-XXL\" \/>\n<meta property=\"article:modified_time\" content=\"2023-04-10T00:07:19+00:00\" \/>\n<meta property=\"og:image\" content=\"https:\/\/m.media-amazon.com\/images\/I\/41q8gBLwTIL._SL500_.jpg\" \/>\n\t<meta property=\"og:image:width\" content=\"500\" \/>\n\t<meta property=\"og:image:height\" content=\"500\" \/>\n\t<meta property=\"og:image:type\" content=\"image\/jpeg\" \/>\n<meta name=\"twitter:card\" content=\"summary_large_image\" \/>\n<meta name=\"twitter:label1\" content=\"Gesch\u00e4tzte Lesezeit\" \/>\n\t<meta name=\"twitter:data1\" content=\"1\u00a0Minute\" \/>\n<script type=\"application\/ld+json\" class=\"yoast-schema-graph\">{\"@context\":\"https:\\\/\\\/schema.org\",\"@graph\":[{\"@type\":\"WebPage\",\"@id\":\"https:\\\/\\\/marktxxl.de\\\/markt\\\/produkt\\\/falsche-wimpern-3d-falsche-wimpern-wiederverwendbare-lange-dicke-wimpern-zur-verlaengerung-der-make-up-wimpern-4-paar-handgefertigte-dramatische-falsche-wimpern-mit-wimpernclip-g107\\\/\",\"url\":\"https:\\\/\\\/marktxxl.de\\\/markt\\\/produkt\\\/falsche-wimpern-3d-falsche-wimpern-wiederverwendbare-lange-dicke-wimpern-zur-verlaengerung-der-make-up-wimpern-4-paar-handgefertigte-dramatische-falsche-wimpern-mit-wimpernclip-g107\\\/\",\"name\":\"Falsche Wimpern, 3D Falsche Wimpern Wiederverwendbare lange, dicke Wimpern zur Verl\u00e4ngerung der Make-up-Wimpern, 4 Paar\u2026 - Markt-XXL\",\"isPartOf\":{\"@id\":\"https:\\\/\\\/marktxxl.de\\\/markt\\\/#website\"},\"primaryImageOfPage\":{\"@id\":\"https:\\\/\\\/marktxxl.de\\\/markt\\\/produkt\\\/falsche-wimpern-3d-falsche-wimpern-wiederverwendbare-lange-dicke-wimpern-zur-verlaengerung-der-make-up-wimpern-4-paar-handgefertigte-dramatische-falsche-wimpern-mit-wimpernclip-g107\\\/#primaryimage\"},\"image\":{\"@id\":\"https:\\\/\\\/marktxxl.de\\\/markt\\\/produkt\\\/falsche-wimpern-3d-falsche-wimpern-wiederverwendbare-lange-dicke-wimpern-zur-verlaengerung-der-make-up-wimpern-4-paar-handgefertigte-dramatische-falsche-wimpern-mit-wimpernclip-g107\\\/#primaryimage\"},\"thumbnailUrl\":\"https:\\\/\\\/m.media-amazon.com\\\/images\\\/I\\\/41q8gBLwTIL._SL500_.jpg\",\"datePublished\":\"2021-10-13T21:06:33+00:00\",\"dateModified\":\"2023-04-10T00:07:19+00:00\",\"description\":\"Markt-XXL Falsche Wimpern, 3D Falsche Wimpern Wiederverwendbare lange, dicke Wimpern zur Verl\u00e4ngerung der Make-up-Wimpern, 4 Paar\u2026\",\"breadcrumb\":{\"@id\":\"https:\\\/\\\/marktxxl.de\\\/markt\\\/produkt\\\/falsche-wimpern-3d-falsche-wimpern-wiederverwendbare-lange-dicke-wimpern-zur-verlaengerung-der-make-up-wimpern-4-paar-handgefertigte-dramatische-falsche-wimpern-mit-wimpernclip-g107\\\/#breadcrumb\"},\"inLanguage\":\"de\",\"potentialAction\":[{\"@type\":\"ReadAction\",\"target\":[\"https:\\\/\\\/marktxxl.de\\\/markt\\\/produkt\\\/falsche-wimpern-3d-falsche-wimpern-wiederverwendbare-lange-dicke-wimpern-zur-verlaengerung-der-make-up-wimpern-4-paar-handgefertigte-dramatische-falsche-wimpern-mit-wimpernclip-g107\\\/\"]}]},{\"@type\":\"ImageObject\",\"inLanguage\":\"de\",\"@id\":\"https:\\\/\\\/marktxxl.de\\\/markt\\\/produkt\\\/falsche-wimpern-3d-falsche-wimpern-wiederverwendbare-lange-dicke-wimpern-zur-verlaengerung-der-make-up-wimpern-4-paar-handgefertigte-dramatische-falsche-wimpern-mit-wimpernclip-g107\\\/#primaryimage\",\"url\":\"https:\\\/\\\/m.media-amazon.com\\\/images\\\/I\\\/41q8gBLwTIL._SL500_.jpg\",\"contentUrl\":\"https:\\\/\\\/m.media-amazon.com\\\/images\\\/I\\\/41q8gBLwTIL._SL500_.jpg\",\"width\":500,\"height\":500},{\"@type\":\"BreadcrumbList\",\"@id\":\"https:\\\/\\\/marktxxl.de\\\/markt\\\/produkt\\\/falsche-wimpern-3d-falsche-wimpern-wiederverwendbare-lange-dicke-wimpern-zur-verlaengerung-der-make-up-wimpern-4-paar-handgefertigte-dramatische-falsche-wimpern-mit-wimpernclip-g107\\\/#breadcrumb\",\"itemListElement\":[{\"@type\":\"ListItem\",\"position\":1,\"name\":\"Startseite\",\"item\":\"https:\\\/\\\/marktxxl.de\\\/markt\\\/\"},{\"@type\":\"ListItem\",\"position\":2,\"name\":\"Markt\",\"item\":\"https:\\\/\\\/marktxxl.de\\\/markt\\\/\"},{\"@type\":\"ListItem\",\"position\":3,\"name\":\"Falsche Wimpern, 3D Falsche Wimpern Wiederverwendbare lange, dicke Wimpern zur Verl\u00e4ngerung der Make-up-Wimpern, 4 Paar\u2026\"}]},{\"@type\":\"WebSite\",\"@id\":\"https:\\\/\\\/marktxxl.de\\\/markt\\\/#website\",\"url\":\"https:\\\/\\\/marktxxl.de\\\/markt\\\/\",\"name\":\"Markt-XXL\",\"description\":\"Ihr Markt Online\",\"publisher\":{\"@id\":\"https:\\\/\\\/marktxxl.de\\\/markt\\\/#organization\"},\"potentialAction\":[{\"@type\":\"SearchAction\",\"target\":{\"@type\":\"EntryPoint\",\"urlTemplate\":\"https:\\\/\\\/marktxxl.de\\\/markt\\\/?s={search_term_string}\"},\"query-input\":{\"@type\":\"PropertyValueSpecification\",\"valueRequired\":true,\"valueName\":\"search_term_string\"}}],\"inLanguage\":\"de\"},{\"@type\":\"Organization\",\"@id\":\"https:\\\/\\\/marktxxl.de\\\/markt\\\/#organization\",\"name\":\"Markt-XXL\",\"url\":\"https:\\\/\\\/marktxxl.de\\\/markt\\\/\",\"logo\":{\"@type\":\"ImageObject\",\"inLanguage\":\"de\",\"@id\":\"https:\\\/\\\/marktxxl.de\\\/markt\\\/#\\\/schema\\\/logo\\\/image\\\/\",\"url\":\"https:\\\/\\\/marktxxl.de\\\/markt\\\/wp-content\\\/uploads\\\/sites\\\/3\\\/2020\\\/12\\\/logo.png\",\"contentUrl\":\"https:\\\/\\\/marktxxl.de\\\/markt\\\/wp-content\\\/uploads\\\/sites\\\/3\\\/2020\\\/12\\\/logo.png\",\"width\":200,\"height\":70,\"caption\":\"Markt-XXL\"},\"image\":{\"@id\":\"https:\\\/\\\/marktxxl.de\\\/markt\\\/#\\\/schema\\\/logo\\\/image\\\/\"}}]}<\/script>\n<!-- \/ Yoast SEO plugin. -->","yoast_head_json":{"title":"Falsche Wimpern, 3D Falsche Wimpern Wiederverwendbare lange, dicke Wimpern zur Verl\u00e4ngerung der Make-up-Wimpern, 4 Paar\u2026 - Markt-XXL","description":"Markt-XXL Falsche Wimpern, 3D Falsche Wimpern Wiederverwendbare lange, dicke Wimpern zur Verl\u00e4ngerung der Make-up-Wimpern, 4 Paar\u2026","robots":{"index":"index","follow":"follow","max-snippet":"max-snippet:-1","max-image-preview":"max-image-preview:large","max-video-preview":"max-video-preview:-1"},"canonical":"https:\/\/marktxxl.de\/markt\/produkt\/falsche-wimpern-3d-falsche-wimpern-wiederverwendbare-lange-dicke-wimpern-zur-verlaengerung-der-make-up-wimpern-4-paar-handgefertigte-dramatische-falsche-wimpern-mit-wimpernclip-g107\/","og_locale":"de_DE","og_type":"article","og_title":"Falsche Wimpern, 3D Falsche Wimpern Wiederverwendbare lange, dicke Wimpern zur Verl\u00e4ngerung der Make-up-Wimpern, 4 Paar\u2026 - Markt-XXL","og_description":"Markt-XXL Falsche Wimpern, 3D Falsche Wimpern Wiederverwendbare lange, dicke Wimpern zur Verl\u00e4ngerung der Make-up-Wimpern, 4 Paar\u2026","og_url":"https:\/\/marktxxl.de\/markt\/produkt\/falsche-wimpern-3d-falsche-wimpern-wiederverwendbare-lange-dicke-wimpern-zur-verlaengerung-der-make-up-wimpern-4-paar-handgefertigte-dramatische-falsche-wimpern-mit-wimpernclip-g107\/","og_site_name":"Markt-XXL","article_modified_time":"2023-04-10T00:07:19+00:00","og_image":[{"width":500,"height":500,"url":"https:\/\/m.media-amazon.com\/images\/I\/41q8gBLwTIL._SL500_.jpg","type":"image\/jpeg"}],"twitter_card":"summary_large_image","twitter_misc":{"Gesch\u00e4tzte Lesezeit":"1\u00a0Minute"},"schema":{"@context":"https:\/\/schema.org","@graph":[{"@type":"WebPage","@id":"https:\/\/marktxxl.de\/markt\/produkt\/falsche-wimpern-3d-falsche-wimpern-wiederverwendbare-lange-dicke-wimpern-zur-verlaengerung-der-make-up-wimpern-4-paar-handgefertigte-dramatische-falsche-wimpern-mit-wimpernclip-g107\/","url":"https:\/\/marktxxl.de\/markt\/produkt\/falsche-wimpern-3d-falsche-wimpern-wiederverwendbare-lange-dicke-wimpern-zur-verlaengerung-der-make-up-wimpern-4-paar-handgefertigte-dramatische-falsche-wimpern-mit-wimpernclip-g107\/","name":"Falsche Wimpern, 3D Falsche Wimpern Wiederverwendbare lange, dicke Wimpern zur Verl\u00e4ngerung der Make-up-Wimpern, 4 Paar\u2026 - Markt-XXL","isPartOf":{"@id":"https:\/\/marktxxl.de\/markt\/#website"},"primaryImageOfPage":{"@id":"https:\/\/marktxxl.de\/markt\/produkt\/falsche-wimpern-3d-falsche-wimpern-wiederverwendbare-lange-dicke-wimpern-zur-verlaengerung-der-make-up-wimpern-4-paar-handgefertigte-dramatische-falsche-wimpern-mit-wimpernclip-g107\/#primaryimage"},"image":{"@id":"https:\/\/marktxxl.de\/markt\/produkt\/falsche-wimpern-3d-falsche-wimpern-wiederverwendbare-lange-dicke-wimpern-zur-verlaengerung-der-make-up-wimpern-4-paar-handgefertigte-dramatische-falsche-wimpern-mit-wimpernclip-g107\/#primaryimage"},"thumbnailUrl":"https:\/\/m.media-amazon.com\/images\/I\/41q8gBLwTIL._SL500_.jpg","datePublished":"2021-10-13T21:06:33+00:00","dateModified":"2023-04-10T00:07:19+00:00","description":"Markt-XXL Falsche Wimpern, 3D Falsche Wimpern Wiederverwendbare lange, dicke Wimpern zur Verl\u00e4ngerung der Make-up-Wimpern, 4 Paar\u2026","breadcrumb":{"@id":"https:\/\/marktxxl.de\/markt\/produkt\/falsche-wimpern-3d-falsche-wimpern-wiederverwendbare-lange-dicke-wimpern-zur-verlaengerung-der-make-up-wimpern-4-paar-handgefertigte-dramatische-falsche-wimpern-mit-wimpernclip-g107\/#breadcrumb"},"inLanguage":"de","potentialAction":[{"@type":"ReadAction","target":["https:\/\/marktxxl.de\/markt\/produkt\/falsche-wimpern-3d-falsche-wimpern-wiederverwendbare-lange-dicke-wimpern-zur-verlaengerung-der-make-up-wimpern-4-paar-handgefertigte-dramatische-falsche-wimpern-mit-wimpernclip-g107\/"]}]},{"@type":"ImageObject","inLanguage":"de","@id":"https:\/\/marktxxl.de\/markt\/produkt\/falsche-wimpern-3d-falsche-wimpern-wiederverwendbare-lange-dicke-wimpern-zur-verlaengerung-der-make-up-wimpern-4-paar-handgefertigte-dramatische-falsche-wimpern-mit-wimpernclip-g107\/#primaryimage","url":"https:\/\/m.media-amazon.com\/images\/I\/41q8gBLwTIL._SL500_.jpg","contentUrl":"https:\/\/m.media-amazon.com\/images\/I\/41q8gBLwTIL._SL500_.jpg","width":500,"height":500},{"@type":"BreadcrumbList","@id":"https:\/\/marktxxl.de\/markt\/produkt\/falsche-wimpern-3d-falsche-wimpern-wiederverwendbare-lange-dicke-wimpern-zur-verlaengerung-der-make-up-wimpern-4-paar-handgefertigte-dramatische-falsche-wimpern-mit-wimpernclip-g107\/#breadcrumb","itemListElement":[{"@type":"ListItem","position":1,"name":"Startseite","item":"https:\/\/marktxxl.de\/markt\/"},{"@type":"ListItem","position":2,"name":"Markt","item":"https:\/\/marktxxl.de\/markt\/"},{"@type":"ListItem","position":3,"name":"Falsche Wimpern, 3D Falsche Wimpern Wiederverwendbare lange, dicke Wimpern zur Verl\u00e4ngerung der Make-up-Wimpern, 4 Paar\u2026"}]},{"@type":"WebSite","@id":"https:\/\/marktxxl.de\/markt\/#website","url":"https:\/\/marktxxl.de\/markt\/","name":"Markt-XXL","description":"Ihr Markt Online","publisher":{"@id":"https:\/\/marktxxl.de\/markt\/#organization"},"potentialAction":[{"@type":"SearchAction","target":{"@type":"EntryPoint","urlTemplate":"https:\/\/marktxxl.de\/markt\/?s={search_term_string}"},"query-input":{"@type":"PropertyValueSpecification","valueRequired":true,"valueName":"search_term_string"}}],"inLanguage":"de"},{"@type":"Organization","@id":"https:\/\/marktxxl.de\/markt\/#organization","name":"Markt-XXL","url":"https:\/\/marktxxl.de\/markt\/","logo":{"@type":"ImageObject","inLanguage":"de","@id":"https:\/\/marktxxl.de\/markt\/#\/schema\/logo\/image\/","url":"https:\/\/marktxxl.de\/markt\/wp-content\/uploads\/sites\/3\/2020\/12\/logo.png","contentUrl":"https:\/\/marktxxl.de\/markt\/wp-content\/uploads\/sites\/3\/2020\/12\/logo.png","width":200,"height":70,"caption":"Markt-XXL"},"image":{"@id":"https:\/\/marktxxl.de\/markt\/#\/schema\/logo\/image\/"}}]}},"_links":{"self":[{"href":"https:\/\/marktxxl.de\/markt\/wp-json\/wp\/v2\/product\/54254","targetHints":{"allow":["GET"]}}],"collection":[{"href":"https:\/\/marktxxl.de\/markt\/wp-json\/wp\/v2\/product"}],"about":[{"href":"https:\/\/marktxxl.de\/markt\/wp-json\/wp\/v2\/types\/product"}],"replies":[{"embeddable":true,"href":"https:\/\/marktxxl.de\/markt\/wp-json\/wp\/v2\/comments?post=54254"}],"wp:featuredmedia":[{"embeddable":true,"href":"https:\/\/marktxxl.de\/markt\/wp-json\/wp\/v2\/media\/54255"}],"wp:attachment":[{"href":"https:\/\/marktxxl.de\/markt\/wp-json\/wp\/v2\/media?parent=54254"}],"wp:term":[{"taxonomy":"product_brand","embeddable":true,"href":"https:\/\/marktxxl.de\/markt\/wp-json\/wp\/v2\/product_brand?post=54254"},{"taxonomy":"product_cat","embeddable":true,"href":"https:\/\/marktxxl.de\/markt\/wp-json\/wp\/v2\/product_cat?post=54254"},{"taxonomy":"product_tag","embeddable":true,"href":"https:\/\/marktxxl.de\/markt\/wp-json\/wp\/v2\/product_tag?post=54254"}],"curies":[{"name":"wp","href":"https:\/\/api.w.org\/{rel}","templated":true}]}}