{"id":54231,"date":"2021-10-13T23:06:25","date_gmt":"2021-10-13T21:06:25","guid":{"rendered":"https:\/\/marktxxl.de\/markt\/produkt\/temporaere-tattoos-10-blatt-halloween-zombie-scars-tattoos-aufkleber-mit-gefaelschten-scab-blut-spezial-fx-kostuem-makeup-stuetzen\/"},"modified":"2023-04-10T02:07:18","modified_gmt":"2023-04-10T00:07:18","slug":"temporaere-tattoos-10-blatt-halloween-zombie-scars-tattoos-aufkleber-mit-gefaelschten-scab-blut-spezial-fx-kostuem-makeup-stuetzen","status":"publish","type":"product","link":"https:\/\/marktxxl.de\/markt\/produkt\/temporaere-tattoos-10-blatt-halloween-zombie-scars-tattoos-aufkleber-mit-gefaelschten-scab-blut-spezial-fx-kostuem-makeup-stuetzen\/","title":{"rendered":"Tempor\u00e4re Tattoos (10 Blatt) &#8211; Halloween Zombie Scars Tattoos Aufkleber mit gef\u00e4lschten Scab Blut Spezial Fx Kost\u00fcm\u2026"},"content":{"rendered":"<p>\u3010Schnelle Lieferung\u3011 In Panda&#8217;s Mall haben alle Artikel im Amazon-Lager gespeichert, und alle Bestellungen werden von Amazon erf\u00fcllt, normalerweise dauert es nur 1 ~ 3 Tage, die Ihre Lieferzeit erf\u00fcllen k\u00f6nnen.<br \/>\n\u3010Mehrere Muster &amp; Realistische\u3011 Jedes Blatt enth\u00e4lt mehrere Muster, die Aufkleber k\u00f6nnen auf Ihre Arme, Schultern und andere Teile Ihres K\u00f6rpers geklebt werden. Narbenwunden scheinen sehr wahr und nat\u00fcrlich, gro\u00dfer Trick zu erstaunen und erschrecken Sie Ihre Freunde, M\u00e4nner und Frauen Halloween lustige 3 Dimensional Narbe Aufkleber Gesicht K\u00f6rper Kunst Make-up, ein gutes Geschenk f\u00fcr Halloween-Party, Cosplay Zombie oder andere.<br \/>\n\u3010Wasserfest\u3011 Einmal angewendet, werden diese tollen Tattoos nicht abgewaschen. Die erstaunlichen Tattoos k\u00f6nnen f\u00fcr eine ganze Party sehr gut dauern. Zeig sie bei Halloweenpartys oder anderen Partys wie Strand, Pool, Karneval, Kost\u00fcm und anderen Partys, gib deinen Freunden eine super \u00dcberraschung.<br \/>\n\u3010Sicherheit\u3011 Diese Horrorwunden blutige Narben Tattoos sind ungiftig und Spa\u00df f\u00fcr jedes Alter, einschlie\u00dflich Kinder und Erwachsene. Solche perfekten tempor\u00e4ren Tattoos, Body Makeup Accessoires passen sehr gut zu deinem Halloween Party Kost\u00fcm.<br \/>\n\u3010Einfach anzuwenden und zu entfernen\u3011 Es ist einfach zu folgen, befolgen Sie die Anweisungen, stellen Sie sicher, dass Ihre Haut wirklich sauber ist, wird es so viel Zeit sparen in Halloween Make-up, und die Tattoo-Muster werden leicht durch den Haushalt entfernt Alkohol oder Baby-\u00d6l entfernt.<br \/>\n<div class=\"main-cross-sell\" data-asin=\"B01L6UATXA\">\n\n\t<div class=\"WooZone-cross-sell-loader\">\n\t\t<div>\n\t\t\t<div id=\"floatingBarsG\">\n\t\t\t\t<div class=\"blockG\" id=\"rotateG_01\"><\/div>\n\t\t\t\t<div class=\"blockG\" id=\"rotateG_02\"><\/div>\n\t\t\t\t<div class=\"blockG\" id=\"rotateG_03\"><\/div>\n\t\t\t\t<div class=\"blockG\" id=\"rotateG_04\"><\/div>\n\t\t\t\t<div class=\"blockG\" id=\"rotateG_05\"><\/div>\n\t\t\t\t<div class=\"blockG\" id=\"rotateG_06\"><\/div>\n\t\t\t\t<div class=\"blockG\" id=\"rotateG_07\"><\/div>\n\t\t\t\t<div class=\"blockG\" id=\"rotateG_08\"><\/div>\n\t\t\t<\/div>\n\t\t\t<div class=\"WooZone-cross-sell-loader-text\"><\/div>\n\t\t<\/div>\n\t<\/div>\n\n\t\t\n<\/div>\n<div style=\"clear:both;\"><\/div><\/p>\n","protected":false},"excerpt":{"rendered":"<p>\u3010Schnelle Lieferung\u3011 In Panda&#8217;s Mall haben alle Artikel im Amazon-Lager gespeichert, und alle Bestellungen werden von Amazon erf\u00fcllt, normalerweise dauert es nur 1 ~ 3 Tage, die Ihre Lieferzeit erf\u00fcllen k\u00f6nnen.<br \/>\n\u3010Mehrere Muster &amp; Realistische\u3011 Jedes Blatt enth\u00e4lt mehrere Muster, die Aufkleber k\u00f6nnen auf Ihre Arme, Schultern und andere Teile Ihres K\u00f6rpers geklebt werden. Narbenwunden scheinen sehr wahr und nat\u00fcrlich, gro\u00dfer Trick zu erstaunen und erschrecken Sie Ihre Freunde, M\u00e4nner und Frauen Halloween lustige 3 Dimensional Narbe Aufkleber Gesicht K\u00f6rper Kunst Make-up, ein gutes Geschenk f\u00fcr Halloween-Party, Cosplay Zombie oder andere.<br \/>\n\u3010Wasserfest\u3011 Einmal angewendet, werden diese tollen Tattoos nicht abgewaschen. Die erstaunlichen Tattoos k\u00f6nnen f\u00fcr eine ganze Party sehr gut dauern. Zeig sie bei Halloweenpartys oder anderen Partys wie Strand, Pool, Karneval, Kost\u00fcm und anderen Partys, gib deinen Freunden eine super \u00dcberraschung.<\/p>\n","protected":false},"featured_media":54232,"comment_status":"open","ping_status":"closed","template":"","meta":[],"product_brand":[],"product_cat":[2858,7575],"product_tag":[],"class_list":{"0":"post-54231","1":"product","2":"type-product","3":"status-publish","4":"has-post-thumbnail","6":"product_cat-beauty","7":"product_cat-make-up","8":"pa_brand-chengzhi","9":"pa_height-0-39-zoll","10":"pa_languages-unbekannt-englisch","11":"pa_length-1-57-zoll","12":"pa_manufacturer-chengzhi","13":"pa_size-10-stueck-1er-pack","14":"pa_weight-0-04-pfund","15":"pa_width-0-79-zoll","17":"first","18":"instock","19":"shipping-taxable","20":"purchasable","21":"product-type-simple","22":"customify-col","23":"product-has-gallery"},"yoast_head":"<!-- This site is optimized with the Yoast SEO plugin v27.4 - https:\/\/yoast.com\/product\/yoast-seo-wordpress\/ -->\n<title>Tempor\u00e4re Tattoos (10 Blatt) - Halloween Zombie Scars Tattoos Aufkleber mit gef\u00e4lschten Scab Blut Spezial Fx Kost\u00fcm\u2026 - Markt-XXL<\/title>\n<meta name=\"description\" content=\"Markt-XXL Tempor\u00e4re Tattoos (10 Blatt) - Halloween Zombie Scars Tattoos Aufkleber mit gef\u00e4lschten Scab Blut Spezial Fx Kost\u00fcm\u2026\" \/>\n<meta name=\"robots\" content=\"index, follow, max-snippet:-1, max-image-preview:large, max-video-preview:-1\" \/>\n<link rel=\"canonical\" href=\"https:\/\/marktxxl.de\/markt\/produkt\/temporaere-tattoos-10-blatt-halloween-zombie-scars-tattoos-aufkleber-mit-gefaelschten-scab-blut-spezial-fx-kostuem-makeup-stuetzen\/\" \/>\n<meta property=\"og:locale\" content=\"de_DE\" \/>\n<meta property=\"og:type\" content=\"article\" \/>\n<meta property=\"og:title\" content=\"Tempor\u00e4re Tattoos (10 Blatt) - Halloween Zombie Scars Tattoos Aufkleber mit gef\u00e4lschten Scab Blut Spezial Fx Kost\u00fcm\u2026 - Markt-XXL\" \/>\n<meta property=\"og:description\" content=\"Markt-XXL Tempor\u00e4re Tattoos (10 Blatt) - Halloween Zombie Scars Tattoos Aufkleber mit gef\u00e4lschten Scab Blut Spezial Fx Kost\u00fcm\u2026\" \/>\n<meta property=\"og:url\" content=\"https:\/\/marktxxl.de\/markt\/produkt\/temporaere-tattoos-10-blatt-halloween-zombie-scars-tattoos-aufkleber-mit-gefaelschten-scab-blut-spezial-fx-kostuem-makeup-stuetzen\/\" \/>\n<meta property=\"og:site_name\" content=\"Markt-XXL\" \/>\n<meta property=\"article:modified_time\" content=\"2023-04-10T00:07:18+00:00\" \/>\n<meta property=\"og:image\" content=\"https:\/\/m.media-amazon.com\/images\/I\/414Ocq6S8ZL._SL500_.jpg\" \/>\n\t<meta property=\"og:image:width\" content=\"500\" \/>\n\t<meta property=\"og:image:height\" content=\"500\" \/>\n\t<meta property=\"og:image:type\" content=\"image\/jpeg\" \/>\n<meta name=\"twitter:card\" content=\"summary_large_image\" \/>\n<meta name=\"twitter:label1\" content=\"Gesch\u00e4tzte Lesezeit\" \/>\n\t<meta name=\"twitter:data1\" content=\"1\u00a0Minute\" \/>\n<script type=\"application\/ld+json\" class=\"yoast-schema-graph\">{\"@context\":\"https:\\\/\\\/schema.org\",\"@graph\":[{\"@type\":\"WebPage\",\"@id\":\"https:\\\/\\\/marktxxl.de\\\/markt\\\/produkt\\\/temporaere-tattoos-10-blatt-halloween-zombie-scars-tattoos-aufkleber-mit-gefaelschten-scab-blut-spezial-fx-kostuem-makeup-stuetzen\\\/\",\"url\":\"https:\\\/\\\/marktxxl.de\\\/markt\\\/produkt\\\/temporaere-tattoos-10-blatt-halloween-zombie-scars-tattoos-aufkleber-mit-gefaelschten-scab-blut-spezial-fx-kostuem-makeup-stuetzen\\\/\",\"name\":\"Tempor\u00e4re Tattoos (10 Blatt) - Halloween Zombie Scars Tattoos Aufkleber mit gef\u00e4lschten Scab Blut Spezial Fx Kost\u00fcm\u2026 - Markt-XXL\",\"isPartOf\":{\"@id\":\"https:\\\/\\\/marktxxl.de\\\/markt\\\/#website\"},\"primaryImageOfPage\":{\"@id\":\"https:\\\/\\\/marktxxl.de\\\/markt\\\/produkt\\\/temporaere-tattoos-10-blatt-halloween-zombie-scars-tattoos-aufkleber-mit-gefaelschten-scab-blut-spezial-fx-kostuem-makeup-stuetzen\\\/#primaryimage\"},\"image\":{\"@id\":\"https:\\\/\\\/marktxxl.de\\\/markt\\\/produkt\\\/temporaere-tattoos-10-blatt-halloween-zombie-scars-tattoos-aufkleber-mit-gefaelschten-scab-blut-spezial-fx-kostuem-makeup-stuetzen\\\/#primaryimage\"},\"thumbnailUrl\":\"https:\\\/\\\/m.media-amazon.com\\\/images\\\/I\\\/414Ocq6S8ZL._SL500_.jpg\",\"datePublished\":\"2021-10-13T21:06:25+00:00\",\"dateModified\":\"2023-04-10T00:07:18+00:00\",\"description\":\"Markt-XXL Tempor\u00e4re Tattoos (10 Blatt) - Halloween Zombie Scars Tattoos Aufkleber mit gef\u00e4lschten Scab Blut Spezial Fx Kost\u00fcm\u2026\",\"breadcrumb\":{\"@id\":\"https:\\\/\\\/marktxxl.de\\\/markt\\\/produkt\\\/temporaere-tattoos-10-blatt-halloween-zombie-scars-tattoos-aufkleber-mit-gefaelschten-scab-blut-spezial-fx-kostuem-makeup-stuetzen\\\/#breadcrumb\"},\"inLanguage\":\"de\",\"potentialAction\":[{\"@type\":\"ReadAction\",\"target\":[\"https:\\\/\\\/marktxxl.de\\\/markt\\\/produkt\\\/temporaere-tattoos-10-blatt-halloween-zombie-scars-tattoos-aufkleber-mit-gefaelschten-scab-blut-spezial-fx-kostuem-makeup-stuetzen\\\/\"]}]},{\"@type\":\"ImageObject\",\"inLanguage\":\"de\",\"@id\":\"https:\\\/\\\/marktxxl.de\\\/markt\\\/produkt\\\/temporaere-tattoos-10-blatt-halloween-zombie-scars-tattoos-aufkleber-mit-gefaelschten-scab-blut-spezial-fx-kostuem-makeup-stuetzen\\\/#primaryimage\",\"url\":\"https:\\\/\\\/m.media-amazon.com\\\/images\\\/I\\\/414Ocq6S8ZL._SL500_.jpg\",\"contentUrl\":\"https:\\\/\\\/m.media-amazon.com\\\/images\\\/I\\\/414Ocq6S8ZL._SL500_.jpg\",\"width\":500,\"height\":500},{\"@type\":\"BreadcrumbList\",\"@id\":\"https:\\\/\\\/marktxxl.de\\\/markt\\\/produkt\\\/temporaere-tattoos-10-blatt-halloween-zombie-scars-tattoos-aufkleber-mit-gefaelschten-scab-blut-spezial-fx-kostuem-makeup-stuetzen\\\/#breadcrumb\",\"itemListElement\":[{\"@type\":\"ListItem\",\"position\":1,\"name\":\"Startseite\",\"item\":\"https:\\\/\\\/marktxxl.de\\\/markt\\\/\"},{\"@type\":\"ListItem\",\"position\":2,\"name\":\"Markt\",\"item\":\"https:\\\/\\\/marktxxl.de\\\/markt\\\/\"},{\"@type\":\"ListItem\",\"position\":3,\"name\":\"Tempor\u00e4re Tattoos (10 Blatt) &#8211; Halloween Zombie Scars Tattoos Aufkleber mit gef\u00e4lschten Scab Blut Spezial Fx Kost\u00fcm\u2026\"}]},{\"@type\":\"WebSite\",\"@id\":\"https:\\\/\\\/marktxxl.de\\\/markt\\\/#website\",\"url\":\"https:\\\/\\\/marktxxl.de\\\/markt\\\/\",\"name\":\"Markt-XXL\",\"description\":\"Ihr Markt Online\",\"publisher\":{\"@id\":\"https:\\\/\\\/marktxxl.de\\\/markt\\\/#organization\"},\"potentialAction\":[{\"@type\":\"SearchAction\",\"target\":{\"@type\":\"EntryPoint\",\"urlTemplate\":\"https:\\\/\\\/marktxxl.de\\\/markt\\\/?s={search_term_string}\"},\"query-input\":{\"@type\":\"PropertyValueSpecification\",\"valueRequired\":true,\"valueName\":\"search_term_string\"}}],\"inLanguage\":\"de\"},{\"@type\":\"Organization\",\"@id\":\"https:\\\/\\\/marktxxl.de\\\/markt\\\/#organization\",\"name\":\"Markt-XXL\",\"url\":\"https:\\\/\\\/marktxxl.de\\\/markt\\\/\",\"logo\":{\"@type\":\"ImageObject\",\"inLanguage\":\"de\",\"@id\":\"https:\\\/\\\/marktxxl.de\\\/markt\\\/#\\\/schema\\\/logo\\\/image\\\/\",\"url\":\"https:\\\/\\\/marktxxl.de\\\/markt\\\/wp-content\\\/uploads\\\/sites\\\/3\\\/2020\\\/12\\\/logo.png\",\"contentUrl\":\"https:\\\/\\\/marktxxl.de\\\/markt\\\/wp-content\\\/uploads\\\/sites\\\/3\\\/2020\\\/12\\\/logo.png\",\"width\":200,\"height\":70,\"caption\":\"Markt-XXL\"},\"image\":{\"@id\":\"https:\\\/\\\/marktxxl.de\\\/markt\\\/#\\\/schema\\\/logo\\\/image\\\/\"}}]}<\/script>\n<!-- \/ Yoast SEO plugin. -->","yoast_head_json":{"title":"Tempor\u00e4re Tattoos (10 Blatt) - Halloween Zombie Scars Tattoos Aufkleber mit gef\u00e4lschten Scab Blut Spezial Fx Kost\u00fcm\u2026 - Markt-XXL","description":"Markt-XXL Tempor\u00e4re Tattoos (10 Blatt) - Halloween Zombie Scars Tattoos Aufkleber mit gef\u00e4lschten Scab Blut Spezial Fx Kost\u00fcm\u2026","robots":{"index":"index","follow":"follow","max-snippet":"max-snippet:-1","max-image-preview":"max-image-preview:large","max-video-preview":"max-video-preview:-1"},"canonical":"https:\/\/marktxxl.de\/markt\/produkt\/temporaere-tattoos-10-blatt-halloween-zombie-scars-tattoos-aufkleber-mit-gefaelschten-scab-blut-spezial-fx-kostuem-makeup-stuetzen\/","og_locale":"de_DE","og_type":"article","og_title":"Tempor\u00e4re Tattoos (10 Blatt) - Halloween Zombie Scars Tattoos Aufkleber mit gef\u00e4lschten Scab Blut Spezial Fx Kost\u00fcm\u2026 - Markt-XXL","og_description":"Markt-XXL Tempor\u00e4re Tattoos (10 Blatt) - Halloween Zombie Scars Tattoos Aufkleber mit gef\u00e4lschten Scab Blut Spezial Fx Kost\u00fcm\u2026","og_url":"https:\/\/marktxxl.de\/markt\/produkt\/temporaere-tattoos-10-blatt-halloween-zombie-scars-tattoos-aufkleber-mit-gefaelschten-scab-blut-spezial-fx-kostuem-makeup-stuetzen\/","og_site_name":"Markt-XXL","article_modified_time":"2023-04-10T00:07:18+00:00","og_image":[{"width":500,"height":500,"url":"https:\/\/m.media-amazon.com\/images\/I\/414Ocq6S8ZL._SL500_.jpg","type":"image\/jpeg"}],"twitter_card":"summary_large_image","twitter_misc":{"Gesch\u00e4tzte Lesezeit":"1\u00a0Minute"},"schema":{"@context":"https:\/\/schema.org","@graph":[{"@type":"WebPage","@id":"https:\/\/marktxxl.de\/markt\/produkt\/temporaere-tattoos-10-blatt-halloween-zombie-scars-tattoos-aufkleber-mit-gefaelschten-scab-blut-spezial-fx-kostuem-makeup-stuetzen\/","url":"https:\/\/marktxxl.de\/markt\/produkt\/temporaere-tattoos-10-blatt-halloween-zombie-scars-tattoos-aufkleber-mit-gefaelschten-scab-blut-spezial-fx-kostuem-makeup-stuetzen\/","name":"Tempor\u00e4re Tattoos (10 Blatt) - Halloween Zombie Scars Tattoos Aufkleber mit gef\u00e4lschten Scab Blut Spezial Fx Kost\u00fcm\u2026 - Markt-XXL","isPartOf":{"@id":"https:\/\/marktxxl.de\/markt\/#website"},"primaryImageOfPage":{"@id":"https:\/\/marktxxl.de\/markt\/produkt\/temporaere-tattoos-10-blatt-halloween-zombie-scars-tattoos-aufkleber-mit-gefaelschten-scab-blut-spezial-fx-kostuem-makeup-stuetzen\/#primaryimage"},"image":{"@id":"https:\/\/marktxxl.de\/markt\/produkt\/temporaere-tattoos-10-blatt-halloween-zombie-scars-tattoos-aufkleber-mit-gefaelschten-scab-blut-spezial-fx-kostuem-makeup-stuetzen\/#primaryimage"},"thumbnailUrl":"https:\/\/m.media-amazon.com\/images\/I\/414Ocq6S8ZL._SL500_.jpg","datePublished":"2021-10-13T21:06:25+00:00","dateModified":"2023-04-10T00:07:18+00:00","description":"Markt-XXL Tempor\u00e4re Tattoos (10 Blatt) - Halloween Zombie Scars Tattoos Aufkleber mit gef\u00e4lschten Scab Blut Spezial Fx Kost\u00fcm\u2026","breadcrumb":{"@id":"https:\/\/marktxxl.de\/markt\/produkt\/temporaere-tattoos-10-blatt-halloween-zombie-scars-tattoos-aufkleber-mit-gefaelschten-scab-blut-spezial-fx-kostuem-makeup-stuetzen\/#breadcrumb"},"inLanguage":"de","potentialAction":[{"@type":"ReadAction","target":["https:\/\/marktxxl.de\/markt\/produkt\/temporaere-tattoos-10-blatt-halloween-zombie-scars-tattoos-aufkleber-mit-gefaelschten-scab-blut-spezial-fx-kostuem-makeup-stuetzen\/"]}]},{"@type":"ImageObject","inLanguage":"de","@id":"https:\/\/marktxxl.de\/markt\/produkt\/temporaere-tattoos-10-blatt-halloween-zombie-scars-tattoos-aufkleber-mit-gefaelschten-scab-blut-spezial-fx-kostuem-makeup-stuetzen\/#primaryimage","url":"https:\/\/m.media-amazon.com\/images\/I\/414Ocq6S8ZL._SL500_.jpg","contentUrl":"https:\/\/m.media-amazon.com\/images\/I\/414Ocq6S8ZL._SL500_.jpg","width":500,"height":500},{"@type":"BreadcrumbList","@id":"https:\/\/marktxxl.de\/markt\/produkt\/temporaere-tattoos-10-blatt-halloween-zombie-scars-tattoos-aufkleber-mit-gefaelschten-scab-blut-spezial-fx-kostuem-makeup-stuetzen\/#breadcrumb","itemListElement":[{"@type":"ListItem","position":1,"name":"Startseite","item":"https:\/\/marktxxl.de\/markt\/"},{"@type":"ListItem","position":2,"name":"Markt","item":"https:\/\/marktxxl.de\/markt\/"},{"@type":"ListItem","position":3,"name":"Tempor\u00e4re Tattoos (10 Blatt) &#8211; Halloween Zombie Scars Tattoos Aufkleber mit gef\u00e4lschten Scab Blut Spezial Fx Kost\u00fcm\u2026"}]},{"@type":"WebSite","@id":"https:\/\/marktxxl.de\/markt\/#website","url":"https:\/\/marktxxl.de\/markt\/","name":"Markt-XXL","description":"Ihr Markt Online","publisher":{"@id":"https:\/\/marktxxl.de\/markt\/#organization"},"potentialAction":[{"@type":"SearchAction","target":{"@type":"EntryPoint","urlTemplate":"https:\/\/marktxxl.de\/markt\/?s={search_term_string}"},"query-input":{"@type":"PropertyValueSpecification","valueRequired":true,"valueName":"search_term_string"}}],"inLanguage":"de"},{"@type":"Organization","@id":"https:\/\/marktxxl.de\/markt\/#organization","name":"Markt-XXL","url":"https:\/\/marktxxl.de\/markt\/","logo":{"@type":"ImageObject","inLanguage":"de","@id":"https:\/\/marktxxl.de\/markt\/#\/schema\/logo\/image\/","url":"https:\/\/marktxxl.de\/markt\/wp-content\/uploads\/sites\/3\/2020\/12\/logo.png","contentUrl":"https:\/\/marktxxl.de\/markt\/wp-content\/uploads\/sites\/3\/2020\/12\/logo.png","width":200,"height":70,"caption":"Markt-XXL"},"image":{"@id":"https:\/\/marktxxl.de\/markt\/#\/schema\/logo\/image\/"}}]}},"_links":{"self":[{"href":"https:\/\/marktxxl.de\/markt\/wp-json\/wp\/v2\/product\/54231","targetHints":{"allow":["GET"]}}],"collection":[{"href":"https:\/\/marktxxl.de\/markt\/wp-json\/wp\/v2\/product"}],"about":[{"href":"https:\/\/marktxxl.de\/markt\/wp-json\/wp\/v2\/types\/product"}],"replies":[{"embeddable":true,"href":"https:\/\/marktxxl.de\/markt\/wp-json\/wp\/v2\/comments?post=54231"}],"wp:featuredmedia":[{"embeddable":true,"href":"https:\/\/marktxxl.de\/markt\/wp-json\/wp\/v2\/media\/54232"}],"wp:attachment":[{"href":"https:\/\/marktxxl.de\/markt\/wp-json\/wp\/v2\/media?parent=54231"}],"wp:term":[{"taxonomy":"product_brand","embeddable":true,"href":"https:\/\/marktxxl.de\/markt\/wp-json\/wp\/v2\/product_brand?post=54231"},{"taxonomy":"product_cat","embeddable":true,"href":"https:\/\/marktxxl.de\/markt\/wp-json\/wp\/v2\/product_cat?post=54231"},{"taxonomy":"product_tag","embeddable":true,"href":"https:\/\/marktxxl.de\/markt\/wp-json\/wp\/v2\/product_tag?post=54231"}],"curies":[{"name":"wp","href":"https:\/\/api.w.org\/{rel}","templated":true}]}}