{"id":54161,"date":"2021-10-13T23:03:29","date_gmt":"2021-10-13T21:03:29","guid":{"rendered":"https:\/\/marktxxl.de\/markt\/produkt\/neutrogena-deep-moisture-bodylotion-sensitive-norwegische-formel-koerpercreme-parfuemfrei-trockene-und-sensible-haut-400-ml\/"},"modified":"2023-04-10T02:07:18","modified_gmt":"2023-04-10T00:07:18","slug":"neutrogena-deep-moisture-bodylotion-sensitive-norwegische-formel-koerpercreme-parfuemfrei-trockene-und-sensible-haut-400-ml","status":"publish","type":"product","link":"https:\/\/marktxxl.de\/markt\/produkt\/neutrogena-deep-moisture-bodylotion-sensitive-norwegische-formel-koerpercreme-parfuemfrei-trockene-und-sensible-haut-400-ml\/","title":{"rendered":"Neutrogena Norwegian Formula Body Lotion Deep Moisture Sensitive Fragrance Free f\u00fcr empfindliche trockene Haut 400ml"},"content":{"rendered":"<p>Die besondere Norwegische Formel ist mit feuchtigkeitsspendendem Glycerin angereichert und wurde speziell f\u00fcr trockene und sensible Haut entwickelt. Ab der 1. Anwendung wird sensible Haut beruhigt, gesch\u00fctzt und f\u00fchlt sich geschmeidig an<br \/>\nDie parf\u00fcmfreie Formel wurde formuliert, um Allergierisiken zu minimieren und beruhigt und sch\u00fctzt die Haut sofort \u2013 f\u00fcr 48h Feuchtigkeit<br \/>\nSie zieht sofort ein, dringt bis zu 10 Schichten tief in die Haut ein und spendet Feuchtigkeit, wo sie am dringendsten ben\u00f6tigt wird \u2013 F\u00fcr sch\u00f6ne und gesund-aussehende Haut \u2013 Tag f\u00fcr Tag<br \/>\nEinfache Handhabung: F\u00fcr optimale Ergebnisse morgens und abends auf den ganzen K\u00f6rper auftragen. Nach dem Duschen oder Baden auf handtuchtrockener Haut erneut auftragen<br \/>\nLieferumfang: 1 x Neutrogena Deep Moisture Bodylotion Sensitive, Norwegische Formel, Trockene und sensible Haut, 400ml<br \/>\n<div class=\"main-cross-sell\" data-asin=\"B01F6S5T7O\">\n\n\t<div class=\"WooZone-cross-sell-loader\">\n\t\t<div>\n\t\t\t<div id=\"floatingBarsG\">\n\t\t\t\t<div class=\"blockG\" id=\"rotateG_01\"><\/div>\n\t\t\t\t<div class=\"blockG\" id=\"rotateG_02\"><\/div>\n\t\t\t\t<div class=\"blockG\" id=\"rotateG_03\"><\/div>\n\t\t\t\t<div class=\"blockG\" id=\"rotateG_04\"><\/div>\n\t\t\t\t<div class=\"blockG\" id=\"rotateG_05\"><\/div>\n\t\t\t\t<div class=\"blockG\" id=\"rotateG_06\"><\/div>\n\t\t\t\t<div class=\"blockG\" id=\"rotateG_07\"><\/div>\n\t\t\t\t<div class=\"blockG\" id=\"rotateG_08\"><\/div>\n\t\t\t<\/div>\n\t\t\t<div class=\"WooZone-cross-sell-loader-text\"><\/div>\n\t\t<\/div>\n\t<\/div>\n\n\t\t\n<\/div>\n<div style=\"clear:both;\"><\/div><\/p>\n","protected":false},"excerpt":{"rendered":"<p>Die besondere Norwegische Formel ist mit feuchtigkeitsspendendem Glycerin angereichert und wurde speziell f\u00fcr trockene und sensible Haut entwickelt. Ab der 1. Anwendung wird sensible Haut beruhigt, gesch\u00fctzt und f\u00fchlt sich geschmeidig an<br \/>\nDie parf\u00fcmfreie Formel wurde formuliert, um Allergierisiken zu minimieren und beruhigt und sch\u00fctzt die Haut sofort \u2013 f\u00fcr 48h Feuchtigkeit<br \/>\nSie zieht sofort ein, dringt bis zu 10 Schichten tief in die Haut ein und spendet Feuchtigkeit, wo sie am dringendsten ben\u00f6tigt wird \u2013 F\u00fcr sch\u00f6ne und gesund-aussehende Haut \u2013 Tag f\u00fcr Tag<\/p>\n","protected":false},"featured_media":54162,"comment_status":"open","ping_status":"closed","template":"","meta":[],"product_brand":[],"product_cat":[2858,7067],"product_tag":[],"class_list":{"0":"post-54161","1":"product","2":"type-product","3":"status-publish","4":"has-post-thumbnail","6":"product_cat-beauty","7":"product_cat-hautpflege","8":"pa_binding-badartikel","9":"pa_brand-neutrogena","10":"pa_height-8-3070866057-zoll","11":"pa_length-2-0866141711-zoll","12":"pa_manufacturer-johnson-johnson-gmbh","13":"pa_model-21014","14":"pa_size-400-ml","15":"pa_weight-0-88184904875-pfund","16":"pa_width-3-4251968469-zoll","18":"first","19":"instock","20":"shipping-taxable","21":"purchasable","22":"product-type-simple","23":"customify-col","24":"product-has-gallery"},"yoast_head":"<!-- This site is optimized with the Yoast SEO plugin v27.3 - https:\/\/yoast.com\/product\/yoast-seo-wordpress\/ -->\n<title>Neutrogena Norwegian Formula Body Lotion Deep Moisture Sensitive Fragrance Free f\u00fcr empfindliche trockene Haut 400ml - Markt-XXL<\/title>\n<meta name=\"description\" content=\"Markt-XXL Neutrogena Norwegian Formula Body Lotion Deep Moisture Sensitive Fragrance Free f\u00fcr empfindliche trockene Haut 400ml\" \/>\n<meta name=\"robots\" content=\"index, follow, max-snippet:-1, max-image-preview:large, max-video-preview:-1\" \/>\n<link rel=\"canonical\" href=\"https:\/\/marktxxl.de\/markt\/produkt\/neutrogena-deep-moisture-bodylotion-sensitive-norwegische-formel-koerpercreme-parfuemfrei-trockene-und-sensible-haut-400-ml\/\" \/>\n<meta property=\"og:locale\" content=\"de_DE\" \/>\n<meta property=\"og:type\" content=\"article\" \/>\n<meta property=\"og:title\" content=\"Neutrogena Norwegian Formula Body Lotion Deep Moisture Sensitive Fragrance Free f\u00fcr empfindliche trockene Haut 400ml - Markt-XXL\" \/>\n<meta property=\"og:description\" content=\"Markt-XXL Neutrogena Norwegian Formula Body Lotion Deep Moisture Sensitive Fragrance Free f\u00fcr empfindliche trockene Haut 400ml\" \/>\n<meta property=\"og:url\" content=\"https:\/\/marktxxl.de\/markt\/produkt\/neutrogena-deep-moisture-bodylotion-sensitive-norwegische-formel-koerpercreme-parfuemfrei-trockene-und-sensible-haut-400-ml\/\" \/>\n<meta property=\"og:site_name\" content=\"Markt-XXL\" \/>\n<meta property=\"article:modified_time\" content=\"2023-04-10T00:07:18+00:00\" \/>\n<meta property=\"og:image\" content=\"https:\/\/m.media-amazon.com\/images\/I\/31ZhnWiVxiS._SL500_.jpg\" \/>\n\t<meta property=\"og:image:width\" content=\"500\" \/>\n\t<meta property=\"og:image:height\" content=\"500\" \/>\n\t<meta property=\"og:image:type\" content=\"image\/jpeg\" \/>\n<meta name=\"twitter:card\" content=\"summary_large_image\" \/>\n<meta name=\"twitter:label1\" content=\"Gesch\u00e4tzte Lesezeit\" \/>\n\t<meta name=\"twitter:data1\" content=\"1\u00a0Minute\" \/>\n<script type=\"application\/ld+json\" class=\"yoast-schema-graph\">{\"@context\":\"https:\\\/\\\/schema.org\",\"@graph\":[{\"@type\":\"WebPage\",\"@id\":\"https:\\\/\\\/marktxxl.de\\\/markt\\\/produkt\\\/neutrogena-deep-moisture-bodylotion-sensitive-norwegische-formel-koerpercreme-parfuemfrei-trockene-und-sensible-haut-400-ml\\\/\",\"url\":\"https:\\\/\\\/marktxxl.de\\\/markt\\\/produkt\\\/neutrogena-deep-moisture-bodylotion-sensitive-norwegische-formel-koerpercreme-parfuemfrei-trockene-und-sensible-haut-400-ml\\\/\",\"name\":\"Neutrogena Norwegian Formula Body Lotion Deep Moisture Sensitive Fragrance Free f\u00fcr empfindliche trockene Haut 400ml - Markt-XXL\",\"isPartOf\":{\"@id\":\"https:\\\/\\\/marktxxl.de\\\/markt\\\/#website\"},\"primaryImageOfPage\":{\"@id\":\"https:\\\/\\\/marktxxl.de\\\/markt\\\/produkt\\\/neutrogena-deep-moisture-bodylotion-sensitive-norwegische-formel-koerpercreme-parfuemfrei-trockene-und-sensible-haut-400-ml\\\/#primaryimage\"},\"image\":{\"@id\":\"https:\\\/\\\/marktxxl.de\\\/markt\\\/produkt\\\/neutrogena-deep-moisture-bodylotion-sensitive-norwegische-formel-koerpercreme-parfuemfrei-trockene-und-sensible-haut-400-ml\\\/#primaryimage\"},\"thumbnailUrl\":\"https:\\\/\\\/m.media-amazon.com\\\/images\\\/I\\\/31ZhnWiVxiS._SL500_.jpg\",\"datePublished\":\"2021-10-13T21:03:29+00:00\",\"dateModified\":\"2023-04-10T00:07:18+00:00\",\"description\":\"Markt-XXL Neutrogena Norwegian Formula Body Lotion Deep Moisture Sensitive Fragrance Free f\u00fcr empfindliche trockene Haut 400ml\",\"breadcrumb\":{\"@id\":\"https:\\\/\\\/marktxxl.de\\\/markt\\\/produkt\\\/neutrogena-deep-moisture-bodylotion-sensitive-norwegische-formel-koerpercreme-parfuemfrei-trockene-und-sensible-haut-400-ml\\\/#breadcrumb\"},\"inLanguage\":\"de\",\"potentialAction\":[{\"@type\":\"ReadAction\",\"target\":[\"https:\\\/\\\/marktxxl.de\\\/markt\\\/produkt\\\/neutrogena-deep-moisture-bodylotion-sensitive-norwegische-formel-koerpercreme-parfuemfrei-trockene-und-sensible-haut-400-ml\\\/\"]}]},{\"@type\":\"ImageObject\",\"inLanguage\":\"de\",\"@id\":\"https:\\\/\\\/marktxxl.de\\\/markt\\\/produkt\\\/neutrogena-deep-moisture-bodylotion-sensitive-norwegische-formel-koerpercreme-parfuemfrei-trockene-und-sensible-haut-400-ml\\\/#primaryimage\",\"url\":\"https:\\\/\\\/m.media-amazon.com\\\/images\\\/I\\\/31ZhnWiVxiS._SL500_.jpg\",\"contentUrl\":\"https:\\\/\\\/m.media-amazon.com\\\/images\\\/I\\\/31ZhnWiVxiS._SL500_.jpg\",\"width\":500,\"height\":500},{\"@type\":\"BreadcrumbList\",\"@id\":\"https:\\\/\\\/marktxxl.de\\\/markt\\\/produkt\\\/neutrogena-deep-moisture-bodylotion-sensitive-norwegische-formel-koerpercreme-parfuemfrei-trockene-und-sensible-haut-400-ml\\\/#breadcrumb\",\"itemListElement\":[{\"@type\":\"ListItem\",\"position\":1,\"name\":\"Startseite\",\"item\":\"https:\\\/\\\/marktxxl.de\\\/markt\\\/\"},{\"@type\":\"ListItem\",\"position\":2,\"name\":\"Markt\",\"item\":\"https:\\\/\\\/marktxxl.de\\\/markt\\\/\"},{\"@type\":\"ListItem\",\"position\":3,\"name\":\"Neutrogena Norwegian Formula Body Lotion Deep Moisture Sensitive Fragrance Free f\u00fcr empfindliche trockene Haut 400ml\"}]},{\"@type\":\"WebSite\",\"@id\":\"https:\\\/\\\/marktxxl.de\\\/markt\\\/#website\",\"url\":\"https:\\\/\\\/marktxxl.de\\\/markt\\\/\",\"name\":\"Markt-XXL\",\"description\":\"Ihr Markt Online\",\"publisher\":{\"@id\":\"https:\\\/\\\/marktxxl.de\\\/markt\\\/#organization\"},\"potentialAction\":[{\"@type\":\"SearchAction\",\"target\":{\"@type\":\"EntryPoint\",\"urlTemplate\":\"https:\\\/\\\/marktxxl.de\\\/markt\\\/?s={search_term_string}\"},\"query-input\":{\"@type\":\"PropertyValueSpecification\",\"valueRequired\":true,\"valueName\":\"search_term_string\"}}],\"inLanguage\":\"de\"},{\"@type\":\"Organization\",\"@id\":\"https:\\\/\\\/marktxxl.de\\\/markt\\\/#organization\",\"name\":\"Markt-XXL\",\"url\":\"https:\\\/\\\/marktxxl.de\\\/markt\\\/\",\"logo\":{\"@type\":\"ImageObject\",\"inLanguage\":\"de\",\"@id\":\"https:\\\/\\\/marktxxl.de\\\/markt\\\/#\\\/schema\\\/logo\\\/image\\\/\",\"url\":\"https:\\\/\\\/marktxxl.de\\\/markt\\\/wp-content\\\/uploads\\\/sites\\\/3\\\/2020\\\/12\\\/logo.png\",\"contentUrl\":\"https:\\\/\\\/marktxxl.de\\\/markt\\\/wp-content\\\/uploads\\\/sites\\\/3\\\/2020\\\/12\\\/logo.png\",\"width\":200,\"height\":70,\"caption\":\"Markt-XXL\"},\"image\":{\"@id\":\"https:\\\/\\\/marktxxl.de\\\/markt\\\/#\\\/schema\\\/logo\\\/image\\\/\"}}]}<\/script>\n<!-- \/ Yoast SEO plugin. -->","yoast_head_json":{"title":"Neutrogena Norwegian Formula Body Lotion Deep Moisture Sensitive Fragrance Free f\u00fcr empfindliche trockene Haut 400ml - Markt-XXL","description":"Markt-XXL Neutrogena Norwegian Formula Body Lotion Deep Moisture Sensitive Fragrance Free f\u00fcr empfindliche trockene Haut 400ml","robots":{"index":"index","follow":"follow","max-snippet":"max-snippet:-1","max-image-preview":"max-image-preview:large","max-video-preview":"max-video-preview:-1"},"canonical":"https:\/\/marktxxl.de\/markt\/produkt\/neutrogena-deep-moisture-bodylotion-sensitive-norwegische-formel-koerpercreme-parfuemfrei-trockene-und-sensible-haut-400-ml\/","og_locale":"de_DE","og_type":"article","og_title":"Neutrogena Norwegian Formula Body Lotion Deep Moisture Sensitive Fragrance Free f\u00fcr empfindliche trockene Haut 400ml - Markt-XXL","og_description":"Markt-XXL Neutrogena Norwegian Formula Body Lotion Deep Moisture Sensitive Fragrance Free f\u00fcr empfindliche trockene Haut 400ml","og_url":"https:\/\/marktxxl.de\/markt\/produkt\/neutrogena-deep-moisture-bodylotion-sensitive-norwegische-formel-koerpercreme-parfuemfrei-trockene-und-sensible-haut-400-ml\/","og_site_name":"Markt-XXL","article_modified_time":"2023-04-10T00:07:18+00:00","og_image":[{"width":500,"height":500,"url":"https:\/\/m.media-amazon.com\/images\/I\/31ZhnWiVxiS._SL500_.jpg","type":"image\/jpeg"}],"twitter_card":"summary_large_image","twitter_misc":{"Gesch\u00e4tzte Lesezeit":"1\u00a0Minute"},"schema":{"@context":"https:\/\/schema.org","@graph":[{"@type":"WebPage","@id":"https:\/\/marktxxl.de\/markt\/produkt\/neutrogena-deep-moisture-bodylotion-sensitive-norwegische-formel-koerpercreme-parfuemfrei-trockene-und-sensible-haut-400-ml\/","url":"https:\/\/marktxxl.de\/markt\/produkt\/neutrogena-deep-moisture-bodylotion-sensitive-norwegische-formel-koerpercreme-parfuemfrei-trockene-und-sensible-haut-400-ml\/","name":"Neutrogena Norwegian Formula Body Lotion Deep Moisture Sensitive Fragrance Free f\u00fcr empfindliche trockene Haut 400ml - Markt-XXL","isPartOf":{"@id":"https:\/\/marktxxl.de\/markt\/#website"},"primaryImageOfPage":{"@id":"https:\/\/marktxxl.de\/markt\/produkt\/neutrogena-deep-moisture-bodylotion-sensitive-norwegische-formel-koerpercreme-parfuemfrei-trockene-und-sensible-haut-400-ml\/#primaryimage"},"image":{"@id":"https:\/\/marktxxl.de\/markt\/produkt\/neutrogena-deep-moisture-bodylotion-sensitive-norwegische-formel-koerpercreme-parfuemfrei-trockene-und-sensible-haut-400-ml\/#primaryimage"},"thumbnailUrl":"https:\/\/m.media-amazon.com\/images\/I\/31ZhnWiVxiS._SL500_.jpg","datePublished":"2021-10-13T21:03:29+00:00","dateModified":"2023-04-10T00:07:18+00:00","description":"Markt-XXL Neutrogena Norwegian Formula Body Lotion Deep Moisture Sensitive Fragrance Free f\u00fcr empfindliche trockene Haut 400ml","breadcrumb":{"@id":"https:\/\/marktxxl.de\/markt\/produkt\/neutrogena-deep-moisture-bodylotion-sensitive-norwegische-formel-koerpercreme-parfuemfrei-trockene-und-sensible-haut-400-ml\/#breadcrumb"},"inLanguage":"de","potentialAction":[{"@type":"ReadAction","target":["https:\/\/marktxxl.de\/markt\/produkt\/neutrogena-deep-moisture-bodylotion-sensitive-norwegische-formel-koerpercreme-parfuemfrei-trockene-und-sensible-haut-400-ml\/"]}]},{"@type":"ImageObject","inLanguage":"de","@id":"https:\/\/marktxxl.de\/markt\/produkt\/neutrogena-deep-moisture-bodylotion-sensitive-norwegische-formel-koerpercreme-parfuemfrei-trockene-und-sensible-haut-400-ml\/#primaryimage","url":"https:\/\/m.media-amazon.com\/images\/I\/31ZhnWiVxiS._SL500_.jpg","contentUrl":"https:\/\/m.media-amazon.com\/images\/I\/31ZhnWiVxiS._SL500_.jpg","width":500,"height":500},{"@type":"BreadcrumbList","@id":"https:\/\/marktxxl.de\/markt\/produkt\/neutrogena-deep-moisture-bodylotion-sensitive-norwegische-formel-koerpercreme-parfuemfrei-trockene-und-sensible-haut-400-ml\/#breadcrumb","itemListElement":[{"@type":"ListItem","position":1,"name":"Startseite","item":"https:\/\/marktxxl.de\/markt\/"},{"@type":"ListItem","position":2,"name":"Markt","item":"https:\/\/marktxxl.de\/markt\/"},{"@type":"ListItem","position":3,"name":"Neutrogena Norwegian Formula Body Lotion Deep Moisture Sensitive Fragrance Free f\u00fcr empfindliche trockene Haut 400ml"}]},{"@type":"WebSite","@id":"https:\/\/marktxxl.de\/markt\/#website","url":"https:\/\/marktxxl.de\/markt\/","name":"Markt-XXL","description":"Ihr Markt Online","publisher":{"@id":"https:\/\/marktxxl.de\/markt\/#organization"},"potentialAction":[{"@type":"SearchAction","target":{"@type":"EntryPoint","urlTemplate":"https:\/\/marktxxl.de\/markt\/?s={search_term_string}"},"query-input":{"@type":"PropertyValueSpecification","valueRequired":true,"valueName":"search_term_string"}}],"inLanguage":"de"},{"@type":"Organization","@id":"https:\/\/marktxxl.de\/markt\/#organization","name":"Markt-XXL","url":"https:\/\/marktxxl.de\/markt\/","logo":{"@type":"ImageObject","inLanguage":"de","@id":"https:\/\/marktxxl.de\/markt\/#\/schema\/logo\/image\/","url":"https:\/\/marktxxl.de\/markt\/wp-content\/uploads\/sites\/3\/2020\/12\/logo.png","contentUrl":"https:\/\/marktxxl.de\/markt\/wp-content\/uploads\/sites\/3\/2020\/12\/logo.png","width":200,"height":70,"caption":"Markt-XXL"},"image":{"@id":"https:\/\/marktxxl.de\/markt\/#\/schema\/logo\/image\/"}}]}},"_links":{"self":[{"href":"https:\/\/marktxxl.de\/markt\/wp-json\/wp\/v2\/product\/54161","targetHints":{"allow":["GET"]}}],"collection":[{"href":"https:\/\/marktxxl.de\/markt\/wp-json\/wp\/v2\/product"}],"about":[{"href":"https:\/\/marktxxl.de\/markt\/wp-json\/wp\/v2\/types\/product"}],"replies":[{"embeddable":true,"href":"https:\/\/marktxxl.de\/markt\/wp-json\/wp\/v2\/comments?post=54161"}],"wp:featuredmedia":[{"embeddable":true,"href":"https:\/\/marktxxl.de\/markt\/wp-json\/wp\/v2\/media\/54162"}],"wp:attachment":[{"href":"https:\/\/marktxxl.de\/markt\/wp-json\/wp\/v2\/media?parent=54161"}],"wp:term":[{"taxonomy":"product_brand","embeddable":true,"href":"https:\/\/marktxxl.de\/markt\/wp-json\/wp\/v2\/product_brand?post=54161"},{"taxonomy":"product_cat","embeddable":true,"href":"https:\/\/marktxxl.de\/markt\/wp-json\/wp\/v2\/product_cat?post=54161"},{"taxonomy":"product_tag","embeddable":true,"href":"https:\/\/marktxxl.de\/markt\/wp-json\/wp\/v2\/product_tag?post=54161"}],"curies":[{"name":"wp","href":"https:\/\/api.w.org\/{rel}","templated":true}]}}