{"id":54138,"date":"2021-10-13T23:00:22","date_gmt":"2021-10-13T21:00:22","guid":{"rendered":"https:\/\/marktxxl.de\/markt\/produkt\/groesse-60-ml-bio-hyaluron-serum-mit-vitamin-c-e-hochkonzentriert-dermaroller-geeignet-gesichtsserum-mit-organischen-anti-falten-age-inhaltsstoffen-vegan-naturkosmetik-fuer-gesicht-augenpartie\/"},"modified":"2023-04-10T02:07:17","modified_gmt":"2023-04-10T00:07:17","slug":"groesse-60-ml-bio-hyaluron-serum-mit-vitamin-c-e-hochkonzentriert-dermaroller-geeignet-gesichtsserum-mit-organischen-anti-falten-age-inhaltsstoffen-vegan-naturkosmetik-fuer-gesicht-augenpartie","status":"publish","type":"product","link":"https:\/\/marktxxl.de\/markt\/produkt\/groesse-60-ml-bio-hyaluron-serum-mit-vitamin-c-e-hochkonzentriert-dermaroller-geeignet-gesichtsserum-mit-organischen-anti-falten-age-inhaltsstoffen-vegan-naturkosmetik-fuer-gesicht-augenpartie\/","title":{"rendered":"Gr\u00f6\u00dfe 60 ml. BIO Hyaluron Serum mit Vitamin C\/E Hochkonzentriert. Dermaroller geeignet. Gesichtsserum mit Organischen\u2026"},"content":{"rendered":"<p>\u2705 J\u00dcNGERES UND FRISCHERES HAUTBILD F\u00dcR GESICHT, HALS &amp; AUGENKONTUR: das Hyalurons\u00e4ure, Vitamin C Serum BIO und 20 organischen inhaltsstoffen von Florence cosmetics erh\u00f6ht die Spannkraft der Haut. Diese Elemente helfen gegen Falten, augenfalten, Feine Linien, Augenringe, Altersflecken, Aknenarben und Hyperpigmentierung und Flecken, die durch Alter oder die Sonne verursacht wurden. Als augen serum, anti falten serum, Feuchtigkeitscreme, faltencreme m\u00e4nner\/damen und Tages\/Nachtcreme geeignet.<br \/>\n\u2705 GESICHTS SERUM \u2013 MICRONEEDLING &amp; DERMAROLLER GEEIGNET\/PH-NEUTRAL\/DERMATOLOGISCH GETESTET; VON DER DERMATOLOGISCHEN ABTEILUNG DER MODERNA POLIKLINIK: das Feuchtigkeits-Serum, bestehend aus mittelkettiger und kurzkettiger Hyaluronsaeure. Der neutrale PH-Wert, zusammen mit dem hohen Gehalt an Bio-Zutaten, machen dieses Face Serum zur perfekten Wahl f\u00fcr Menschen mit jeder Art von Haut. Es eignet sich dadurch auch perfekt f\u00fcr die Heim-Anwendung mit einem Dermaroller oder Dermapen und Ultraschall.<br \/>\n\u2705 FLORENCE\u2018S VITAMIN C HOCHDOSIERT SERUM MIT HYALURONS\u00c4URE enth\u00e4lt das hochwertigste, organische Vitamin C in Kombination mit reiner, veganer Hyalorons\u00e4ure und nat\u00fcrliches und organisches Vitamin E \u00d6l. Alle Wirkstoffe tragen zu Hautverj\u00fcngerung und besserem Schutz gegen oxidativen Stress und Hautverungreinigung bei. Die 2x gr\u00f6\u00dfere (60ml) Hyaluron gesichtsserum kann aufgrund der hohen Hautvertr\u00e4glichkeit auch als Augencreme sowie im Augenbereich verwendet werden.<br \/>\n\u2705 BIO COLLAGEN BOOSTER\/INTENSIVE WIRKUNG F\u00dcR NAT\u00dcRLICHE SCH\u00d6NHEIT\/M\u00c4NNER &amp; FRAUEN geeignet: Vitamin C unterst\u00fctzt die Bildung von Kollagen, dem Baustein f\u00fcr eine jugendliche, faltenfreie Haut. Frei von Zusatzstoffen, Parabenen, Silikonen, F\u00fcllstoffen und k\u00fcnstlichen Duftstoffen. Garantiert nie an Tieren getestet. Dermatologische Tests best\u00e4tigen, dass unser GESICHTSSERUM sanft zu Deiner Haut ist. Auch als Basis f\u00fcr Make-up verwendet werden &#8211; Unter Make-up.<br \/>\n\u2705 DAS BESTES VEGANE BIO-ZERTIFIZIERT NATURKOSMETIK \/ SKIN CARE, GARANTIERT: Dank der Qualit\u00e4t unserer Rohstoffe aus dem \u00f6kologischen Landbau haben alle unsere Produkte die AIAB-Zertifizierung f\u00fcr \u00d6kokosmetik erhalten. ERGEBNISSE ERZIELEN oder Geld zur\u00fcck: Solltest Du wider Erwarten nicht zufrieden sein, melde Dich innerhalb von 30 Tagen ab Kaufdatum, und wir erstatten Dir Dein Geld.<br \/>\n<div class=\"main-cross-sell\" data-asin=\"B076611KCY\">\n\n\t<div class=\"WooZone-cross-sell-loader\">\n\t\t<div>\n\t\t\t<div id=\"floatingBarsG\">\n\t\t\t\t<div class=\"blockG\" id=\"rotateG_01\"><\/div>\n\t\t\t\t<div class=\"blockG\" id=\"rotateG_02\"><\/div>\n\t\t\t\t<div class=\"blockG\" id=\"rotateG_03\"><\/div>\n\t\t\t\t<div class=\"blockG\" id=\"rotateG_04\"><\/div>\n\t\t\t\t<div class=\"blockG\" id=\"rotateG_05\"><\/div>\n\t\t\t\t<div class=\"blockG\" id=\"rotateG_06\"><\/div>\n\t\t\t\t<div class=\"blockG\" id=\"rotateG_07\"><\/div>\n\t\t\t\t<div class=\"blockG\" id=\"rotateG_08\"><\/div>\n\t\t\t<\/div>\n\t\t\t<div class=\"WooZone-cross-sell-loader-text\"><\/div>\n\t\t<\/div>\n\t<\/div>\n\n\t\t\n<\/div>\n<div style=\"clear:both;\"><\/div><\/p>\n","protected":false},"excerpt":{"rendered":"<p>\u2705 J\u00dcNGERES UND FRISCHERES HAUTBILD F\u00dcR GESICHT, HALS &amp; AUGENKONTUR: das Hyalurons\u00e4ure, Vitamin C Serum BIO und 20 organischen inhaltsstoffen von Florence cosmetics erh\u00f6ht die Spannkraft der Haut. Diese Elemente helfen gegen Falten, augenfalten, Feine Linien, Augenringe, Altersflecken, Aknenarben und Hyperpigmentierung und Flecken, die durch Alter oder die Sonne verursacht wurden. Als augen serum, anti falten serum, Feuchtigkeitscreme, faltencreme m\u00e4nner\/damen und Tages\/Nachtcreme geeignet.<br \/>\n\u2705 GESICHTS SERUM \u2013 MICRONEEDLING &amp; DERMAROLLER GEEIGNET\/PH-NEUTRAL\/DERMATOLOGISCH GETESTET; VON DER DERMATOLOGISCHEN ABTEILUNG DER MODERNA POLIKLINIK: das Feuchtigkeits-Serum, bestehend aus mittelkettiger und kurzkettiger Hyaluronsaeure. Der neutrale PH-Wert, zusammen mit dem hohen Gehalt an Bio-Zutaten, machen dieses Face Serum zur perfekten Wahl f\u00fcr Menschen mit jeder Art von Haut. Es eignet sich dadurch auch perfekt f\u00fcr die Heim-Anwendung mit einem Dermaroller oder Dermapen und Ultraschall.<br \/>\n\u2705 FLORENCE\u2018S VITAMIN C HOCHDOSIERT SERUM MIT HYALURONS\u00c4URE enth\u00e4lt das hochwertigste, organische Vitamin C in Kombination mit reiner, veganer Hyalorons\u00e4ure und nat\u00fcrliches und organisches Vitamin E \u00d6l. Alle Wirkstoffe tragen zu Hautverj\u00fcngerung und besserem Schutz gegen oxidativen Stress und Hautverungreinigung bei. Die 2x gr\u00f6\u00dfere (60ml) Hyaluron gesichtsserum kann aufgrund der hohen Hautvertr\u00e4glichkeit auch als Augencreme sowie im Augenbereich verwendet werden.<\/p>\n","protected":false},"featured_media":54139,"comment_status":"open","ping_status":"closed","template":"","meta":[],"product_brand":[],"product_cat":[2858,7067],"product_tag":[],"class_list":{"0":"post-54138","1":"product","2":"type-product","3":"status-publish","4":"has-post-thumbnail","6":"product_cat-beauty","7":"product_cat-hautpflege","8":"pa_binding-badartikel","9":"pa_brand-florence","10":"pa_height-5-118110231-zoll","11":"pa_languages-unbekannt-englisch","12":"pa_length-3-149606296-zoll","13":"pa_manufacturer-florence","14":"pa_model-608614693054_sml","15":"pa_size-60-ml-1er-pack","16":"pa_weight-0-000132-pfund","17":"pa_width-1-574803148-zoll","19":"first","20":"instock","21":"shipping-taxable","22":"purchasable","23":"product-type-simple","24":"customify-col","25":"product-has-gallery"},"yoast_head":"<!-- This site is optimized with the Yoast SEO plugin v27.4 - https:\/\/yoast.com\/product\/yoast-seo-wordpress\/ -->\n<title>Gr\u00f6\u00dfe 60 ml. BIO Hyaluron Serum mit Vitamin C\/E Hochkonzentriert. Dermaroller geeignet. Gesichtsserum mit Organischen\u2026 - Markt-XXL<\/title>\n<meta name=\"description\" content=\"Markt-XXL Gr\u00f6\u00dfe 60 ml. BIO Hyaluron Serum mit Vitamin C\/E Hochkonzentriert. Dermaroller geeignet. Gesichtsserum mit Organischen\u2026\" \/>\n<meta name=\"robots\" content=\"index, follow, max-snippet:-1, max-image-preview:large, max-video-preview:-1\" \/>\n<link rel=\"canonical\" href=\"https:\/\/marktxxl.de\/markt\/produkt\/groesse-60-ml-bio-hyaluron-serum-mit-vitamin-c-e-hochkonzentriert-dermaroller-geeignet-gesichtsserum-mit-organischen-anti-falten-age-inhaltsstoffen-vegan-naturkosmetik-fuer-gesicht-augenpartie\/\" \/>\n<meta property=\"og:locale\" content=\"de_DE\" \/>\n<meta property=\"og:type\" content=\"article\" \/>\n<meta property=\"og:title\" content=\"Gr\u00f6\u00dfe 60 ml. BIO Hyaluron Serum mit Vitamin C\/E Hochkonzentriert. Dermaroller geeignet. Gesichtsserum mit Organischen\u2026 - Markt-XXL\" \/>\n<meta property=\"og:description\" content=\"Markt-XXL Gr\u00f6\u00dfe 60 ml. BIO Hyaluron Serum mit Vitamin C\/E Hochkonzentriert. Dermaroller geeignet. Gesichtsserum mit Organischen\u2026\" \/>\n<meta property=\"og:url\" content=\"https:\/\/marktxxl.de\/markt\/produkt\/groesse-60-ml-bio-hyaluron-serum-mit-vitamin-c-e-hochkonzentriert-dermaroller-geeignet-gesichtsserum-mit-organischen-anti-falten-age-inhaltsstoffen-vegan-naturkosmetik-fuer-gesicht-augenpartie\/\" \/>\n<meta property=\"og:site_name\" content=\"Markt-XXL\" \/>\n<meta property=\"article:modified_time\" content=\"2023-04-10T00:07:17+00:00\" \/>\n<meta property=\"og:image\" content=\"https:\/\/m.media-amazon.com\/images\/I\/41ZB8t6gFaS._SL500_.jpg\" \/>\n\t<meta property=\"og:image:width\" content=\"499\" \/>\n\t<meta property=\"og:image:height\" content=\"500\" \/>\n\t<meta property=\"og:image:type\" content=\"image\/jpeg\" \/>\n<meta name=\"twitter:card\" content=\"summary_large_image\" \/>\n<meta name=\"twitter:label1\" content=\"Gesch\u00e4tzte Lesezeit\" \/>\n\t<meta name=\"twitter:data1\" content=\"2\u00a0Minuten\" \/>\n<script type=\"application\/ld+json\" class=\"yoast-schema-graph\">{\"@context\":\"https:\\\/\\\/schema.org\",\"@graph\":[{\"@type\":\"WebPage\",\"@id\":\"https:\\\/\\\/marktxxl.de\\\/markt\\\/produkt\\\/groesse-60-ml-bio-hyaluron-serum-mit-vitamin-c-e-hochkonzentriert-dermaroller-geeignet-gesichtsserum-mit-organischen-anti-falten-age-inhaltsstoffen-vegan-naturkosmetik-fuer-gesicht-augenpartie\\\/\",\"url\":\"https:\\\/\\\/marktxxl.de\\\/markt\\\/produkt\\\/groesse-60-ml-bio-hyaluron-serum-mit-vitamin-c-e-hochkonzentriert-dermaroller-geeignet-gesichtsserum-mit-organischen-anti-falten-age-inhaltsstoffen-vegan-naturkosmetik-fuer-gesicht-augenpartie\\\/\",\"name\":\"Gr\u00f6\u00dfe 60 ml. BIO Hyaluron Serum mit Vitamin C\\\/E Hochkonzentriert. Dermaroller geeignet. Gesichtsserum mit Organischen\u2026 - Markt-XXL\",\"isPartOf\":{\"@id\":\"https:\\\/\\\/marktxxl.de\\\/markt\\\/#website\"},\"primaryImageOfPage\":{\"@id\":\"https:\\\/\\\/marktxxl.de\\\/markt\\\/produkt\\\/groesse-60-ml-bio-hyaluron-serum-mit-vitamin-c-e-hochkonzentriert-dermaroller-geeignet-gesichtsserum-mit-organischen-anti-falten-age-inhaltsstoffen-vegan-naturkosmetik-fuer-gesicht-augenpartie\\\/#primaryimage\"},\"image\":{\"@id\":\"https:\\\/\\\/marktxxl.de\\\/markt\\\/produkt\\\/groesse-60-ml-bio-hyaluron-serum-mit-vitamin-c-e-hochkonzentriert-dermaroller-geeignet-gesichtsserum-mit-organischen-anti-falten-age-inhaltsstoffen-vegan-naturkosmetik-fuer-gesicht-augenpartie\\\/#primaryimage\"},\"thumbnailUrl\":\"https:\\\/\\\/m.media-amazon.com\\\/images\\\/I\\\/41ZB8t6gFaS._SL500_.jpg\",\"datePublished\":\"2021-10-13T21:00:22+00:00\",\"dateModified\":\"2023-04-10T00:07:17+00:00\",\"description\":\"Markt-XXL Gr\u00f6\u00dfe 60 ml. BIO Hyaluron Serum mit Vitamin C\\\/E Hochkonzentriert. Dermaroller geeignet. Gesichtsserum mit Organischen\u2026\",\"breadcrumb\":{\"@id\":\"https:\\\/\\\/marktxxl.de\\\/markt\\\/produkt\\\/groesse-60-ml-bio-hyaluron-serum-mit-vitamin-c-e-hochkonzentriert-dermaroller-geeignet-gesichtsserum-mit-organischen-anti-falten-age-inhaltsstoffen-vegan-naturkosmetik-fuer-gesicht-augenpartie\\\/#breadcrumb\"},\"inLanguage\":\"de\",\"potentialAction\":[{\"@type\":\"ReadAction\",\"target\":[\"https:\\\/\\\/marktxxl.de\\\/markt\\\/produkt\\\/groesse-60-ml-bio-hyaluron-serum-mit-vitamin-c-e-hochkonzentriert-dermaroller-geeignet-gesichtsserum-mit-organischen-anti-falten-age-inhaltsstoffen-vegan-naturkosmetik-fuer-gesicht-augenpartie\\\/\"]}]},{\"@type\":\"ImageObject\",\"inLanguage\":\"de\",\"@id\":\"https:\\\/\\\/marktxxl.de\\\/markt\\\/produkt\\\/groesse-60-ml-bio-hyaluron-serum-mit-vitamin-c-e-hochkonzentriert-dermaroller-geeignet-gesichtsserum-mit-organischen-anti-falten-age-inhaltsstoffen-vegan-naturkosmetik-fuer-gesicht-augenpartie\\\/#primaryimage\",\"url\":\"https:\\\/\\\/m.media-amazon.com\\\/images\\\/I\\\/41ZB8t6gFaS._SL500_.jpg\",\"contentUrl\":\"https:\\\/\\\/m.media-amazon.com\\\/images\\\/I\\\/41ZB8t6gFaS._SL500_.jpg\",\"width\":499,\"height\":500},{\"@type\":\"BreadcrumbList\",\"@id\":\"https:\\\/\\\/marktxxl.de\\\/markt\\\/produkt\\\/groesse-60-ml-bio-hyaluron-serum-mit-vitamin-c-e-hochkonzentriert-dermaroller-geeignet-gesichtsserum-mit-organischen-anti-falten-age-inhaltsstoffen-vegan-naturkosmetik-fuer-gesicht-augenpartie\\\/#breadcrumb\",\"itemListElement\":[{\"@type\":\"ListItem\",\"position\":1,\"name\":\"Startseite\",\"item\":\"https:\\\/\\\/marktxxl.de\\\/markt\\\/\"},{\"@type\":\"ListItem\",\"position\":2,\"name\":\"Markt\",\"item\":\"https:\\\/\\\/marktxxl.de\\\/markt\\\/\"},{\"@type\":\"ListItem\",\"position\":3,\"name\":\"Gr\u00f6\u00dfe 60 ml. BIO Hyaluron Serum mit Vitamin C\\\/E Hochkonzentriert. Dermaroller geeignet. Gesichtsserum mit Organischen\u2026\"}]},{\"@type\":\"WebSite\",\"@id\":\"https:\\\/\\\/marktxxl.de\\\/markt\\\/#website\",\"url\":\"https:\\\/\\\/marktxxl.de\\\/markt\\\/\",\"name\":\"Markt-XXL\",\"description\":\"Ihr Markt Online\",\"publisher\":{\"@id\":\"https:\\\/\\\/marktxxl.de\\\/markt\\\/#organization\"},\"potentialAction\":[{\"@type\":\"SearchAction\",\"target\":{\"@type\":\"EntryPoint\",\"urlTemplate\":\"https:\\\/\\\/marktxxl.de\\\/markt\\\/?s={search_term_string}\"},\"query-input\":{\"@type\":\"PropertyValueSpecification\",\"valueRequired\":true,\"valueName\":\"search_term_string\"}}],\"inLanguage\":\"de\"},{\"@type\":\"Organization\",\"@id\":\"https:\\\/\\\/marktxxl.de\\\/markt\\\/#organization\",\"name\":\"Markt-XXL\",\"url\":\"https:\\\/\\\/marktxxl.de\\\/markt\\\/\",\"logo\":{\"@type\":\"ImageObject\",\"inLanguage\":\"de\",\"@id\":\"https:\\\/\\\/marktxxl.de\\\/markt\\\/#\\\/schema\\\/logo\\\/image\\\/\",\"url\":\"https:\\\/\\\/marktxxl.de\\\/markt\\\/wp-content\\\/uploads\\\/sites\\\/3\\\/2020\\\/12\\\/logo.png\",\"contentUrl\":\"https:\\\/\\\/marktxxl.de\\\/markt\\\/wp-content\\\/uploads\\\/sites\\\/3\\\/2020\\\/12\\\/logo.png\",\"width\":200,\"height\":70,\"caption\":\"Markt-XXL\"},\"image\":{\"@id\":\"https:\\\/\\\/marktxxl.de\\\/markt\\\/#\\\/schema\\\/logo\\\/image\\\/\"}}]}<\/script>\n<!-- \/ Yoast SEO plugin. -->","yoast_head_json":{"title":"Gr\u00f6\u00dfe 60 ml. BIO Hyaluron Serum mit Vitamin C\/E Hochkonzentriert. Dermaroller geeignet. Gesichtsserum mit Organischen\u2026 - Markt-XXL","description":"Markt-XXL Gr\u00f6\u00dfe 60 ml. BIO Hyaluron Serum mit Vitamin C\/E Hochkonzentriert. Dermaroller geeignet. Gesichtsserum mit Organischen\u2026","robots":{"index":"index","follow":"follow","max-snippet":"max-snippet:-1","max-image-preview":"max-image-preview:large","max-video-preview":"max-video-preview:-1"},"canonical":"https:\/\/marktxxl.de\/markt\/produkt\/groesse-60-ml-bio-hyaluron-serum-mit-vitamin-c-e-hochkonzentriert-dermaroller-geeignet-gesichtsserum-mit-organischen-anti-falten-age-inhaltsstoffen-vegan-naturkosmetik-fuer-gesicht-augenpartie\/","og_locale":"de_DE","og_type":"article","og_title":"Gr\u00f6\u00dfe 60 ml. BIO Hyaluron Serum mit Vitamin C\/E Hochkonzentriert. Dermaroller geeignet. Gesichtsserum mit Organischen\u2026 - Markt-XXL","og_description":"Markt-XXL Gr\u00f6\u00dfe 60 ml. BIO Hyaluron Serum mit Vitamin C\/E Hochkonzentriert. Dermaroller geeignet. Gesichtsserum mit Organischen\u2026","og_url":"https:\/\/marktxxl.de\/markt\/produkt\/groesse-60-ml-bio-hyaluron-serum-mit-vitamin-c-e-hochkonzentriert-dermaroller-geeignet-gesichtsserum-mit-organischen-anti-falten-age-inhaltsstoffen-vegan-naturkosmetik-fuer-gesicht-augenpartie\/","og_site_name":"Markt-XXL","article_modified_time":"2023-04-10T00:07:17+00:00","og_image":[{"width":499,"height":500,"url":"https:\/\/m.media-amazon.com\/images\/I\/41ZB8t6gFaS._SL500_.jpg","type":"image\/jpeg"}],"twitter_card":"summary_large_image","twitter_misc":{"Gesch\u00e4tzte Lesezeit":"2\u00a0Minuten"},"schema":{"@context":"https:\/\/schema.org","@graph":[{"@type":"WebPage","@id":"https:\/\/marktxxl.de\/markt\/produkt\/groesse-60-ml-bio-hyaluron-serum-mit-vitamin-c-e-hochkonzentriert-dermaroller-geeignet-gesichtsserum-mit-organischen-anti-falten-age-inhaltsstoffen-vegan-naturkosmetik-fuer-gesicht-augenpartie\/","url":"https:\/\/marktxxl.de\/markt\/produkt\/groesse-60-ml-bio-hyaluron-serum-mit-vitamin-c-e-hochkonzentriert-dermaroller-geeignet-gesichtsserum-mit-organischen-anti-falten-age-inhaltsstoffen-vegan-naturkosmetik-fuer-gesicht-augenpartie\/","name":"Gr\u00f6\u00dfe 60 ml. BIO Hyaluron Serum mit Vitamin C\/E Hochkonzentriert. Dermaroller geeignet. Gesichtsserum mit Organischen\u2026 - Markt-XXL","isPartOf":{"@id":"https:\/\/marktxxl.de\/markt\/#website"},"primaryImageOfPage":{"@id":"https:\/\/marktxxl.de\/markt\/produkt\/groesse-60-ml-bio-hyaluron-serum-mit-vitamin-c-e-hochkonzentriert-dermaroller-geeignet-gesichtsserum-mit-organischen-anti-falten-age-inhaltsstoffen-vegan-naturkosmetik-fuer-gesicht-augenpartie\/#primaryimage"},"image":{"@id":"https:\/\/marktxxl.de\/markt\/produkt\/groesse-60-ml-bio-hyaluron-serum-mit-vitamin-c-e-hochkonzentriert-dermaroller-geeignet-gesichtsserum-mit-organischen-anti-falten-age-inhaltsstoffen-vegan-naturkosmetik-fuer-gesicht-augenpartie\/#primaryimage"},"thumbnailUrl":"https:\/\/m.media-amazon.com\/images\/I\/41ZB8t6gFaS._SL500_.jpg","datePublished":"2021-10-13T21:00:22+00:00","dateModified":"2023-04-10T00:07:17+00:00","description":"Markt-XXL Gr\u00f6\u00dfe 60 ml. BIO Hyaluron Serum mit Vitamin C\/E Hochkonzentriert. Dermaroller geeignet. Gesichtsserum mit Organischen\u2026","breadcrumb":{"@id":"https:\/\/marktxxl.de\/markt\/produkt\/groesse-60-ml-bio-hyaluron-serum-mit-vitamin-c-e-hochkonzentriert-dermaroller-geeignet-gesichtsserum-mit-organischen-anti-falten-age-inhaltsstoffen-vegan-naturkosmetik-fuer-gesicht-augenpartie\/#breadcrumb"},"inLanguage":"de","potentialAction":[{"@type":"ReadAction","target":["https:\/\/marktxxl.de\/markt\/produkt\/groesse-60-ml-bio-hyaluron-serum-mit-vitamin-c-e-hochkonzentriert-dermaroller-geeignet-gesichtsserum-mit-organischen-anti-falten-age-inhaltsstoffen-vegan-naturkosmetik-fuer-gesicht-augenpartie\/"]}]},{"@type":"ImageObject","inLanguage":"de","@id":"https:\/\/marktxxl.de\/markt\/produkt\/groesse-60-ml-bio-hyaluron-serum-mit-vitamin-c-e-hochkonzentriert-dermaroller-geeignet-gesichtsserum-mit-organischen-anti-falten-age-inhaltsstoffen-vegan-naturkosmetik-fuer-gesicht-augenpartie\/#primaryimage","url":"https:\/\/m.media-amazon.com\/images\/I\/41ZB8t6gFaS._SL500_.jpg","contentUrl":"https:\/\/m.media-amazon.com\/images\/I\/41ZB8t6gFaS._SL500_.jpg","width":499,"height":500},{"@type":"BreadcrumbList","@id":"https:\/\/marktxxl.de\/markt\/produkt\/groesse-60-ml-bio-hyaluron-serum-mit-vitamin-c-e-hochkonzentriert-dermaroller-geeignet-gesichtsserum-mit-organischen-anti-falten-age-inhaltsstoffen-vegan-naturkosmetik-fuer-gesicht-augenpartie\/#breadcrumb","itemListElement":[{"@type":"ListItem","position":1,"name":"Startseite","item":"https:\/\/marktxxl.de\/markt\/"},{"@type":"ListItem","position":2,"name":"Markt","item":"https:\/\/marktxxl.de\/markt\/"},{"@type":"ListItem","position":3,"name":"Gr\u00f6\u00dfe 60 ml. BIO Hyaluron Serum mit Vitamin C\/E Hochkonzentriert. Dermaroller geeignet. Gesichtsserum mit Organischen\u2026"}]},{"@type":"WebSite","@id":"https:\/\/marktxxl.de\/markt\/#website","url":"https:\/\/marktxxl.de\/markt\/","name":"Markt-XXL","description":"Ihr Markt Online","publisher":{"@id":"https:\/\/marktxxl.de\/markt\/#organization"},"potentialAction":[{"@type":"SearchAction","target":{"@type":"EntryPoint","urlTemplate":"https:\/\/marktxxl.de\/markt\/?s={search_term_string}"},"query-input":{"@type":"PropertyValueSpecification","valueRequired":true,"valueName":"search_term_string"}}],"inLanguage":"de"},{"@type":"Organization","@id":"https:\/\/marktxxl.de\/markt\/#organization","name":"Markt-XXL","url":"https:\/\/marktxxl.de\/markt\/","logo":{"@type":"ImageObject","inLanguage":"de","@id":"https:\/\/marktxxl.de\/markt\/#\/schema\/logo\/image\/","url":"https:\/\/marktxxl.de\/markt\/wp-content\/uploads\/sites\/3\/2020\/12\/logo.png","contentUrl":"https:\/\/marktxxl.de\/markt\/wp-content\/uploads\/sites\/3\/2020\/12\/logo.png","width":200,"height":70,"caption":"Markt-XXL"},"image":{"@id":"https:\/\/marktxxl.de\/markt\/#\/schema\/logo\/image\/"}}]}},"_links":{"self":[{"href":"https:\/\/marktxxl.de\/markt\/wp-json\/wp\/v2\/product\/54138","targetHints":{"allow":["GET"]}}],"collection":[{"href":"https:\/\/marktxxl.de\/markt\/wp-json\/wp\/v2\/product"}],"about":[{"href":"https:\/\/marktxxl.de\/markt\/wp-json\/wp\/v2\/types\/product"}],"replies":[{"embeddable":true,"href":"https:\/\/marktxxl.de\/markt\/wp-json\/wp\/v2\/comments?post=54138"}],"wp:featuredmedia":[{"embeddable":true,"href":"https:\/\/marktxxl.de\/markt\/wp-json\/wp\/v2\/media\/54139"}],"wp:attachment":[{"href":"https:\/\/marktxxl.de\/markt\/wp-json\/wp\/v2\/media?parent=54138"}],"wp:term":[{"taxonomy":"product_brand","embeddable":true,"href":"https:\/\/marktxxl.de\/markt\/wp-json\/wp\/v2\/product_brand?post=54138"},{"taxonomy":"product_cat","embeddable":true,"href":"https:\/\/marktxxl.de\/markt\/wp-json\/wp\/v2\/product_cat?post=54138"},{"taxonomy":"product_tag","embeddable":true,"href":"https:\/\/marktxxl.de\/markt\/wp-json\/wp\/v2\/product_tag?post=54138"}],"curies":[{"name":"wp","href":"https:\/\/api.w.org\/{rel}","templated":true}]}}