{"id":53673,"date":"2021-10-13T22:40:16","date_gmt":"2021-10-13T20:40:16","guid":{"rendered":"https:\/\/marktxxl.de\/markt\/produkt\/nassbuerste-original-detangler-starkes-und-gesundes-haar-lockert-sich-sanft-weniger-bruch-ultraweiche-borsten-shine-enhancer-disney-frozen-2-kollektion-elsa\/"},"modified":"2023-04-10T02:06:17","modified_gmt":"2023-04-10T00:06:17","slug":"nassbuerste-original-detangler-starkes-und-gesundes-haar-lockert-sich-sanft-weniger-bruch-ultraweiche-borsten-shine-enhancer-disney-frozen-2-kollektion-elsa","status":"publish","type":"product","link":"https:\/\/marktxxl.de\/markt\/produkt\/nassbuerste-original-detangler-starkes-und-gesundes-haar-lockert-sich-sanft-weniger-bruch-ultraweiche-borsten-shine-enhancer-disney-frozen-2-kollektion-elsa\/","title":{"rendered":"Nassb\u00fcrste Original Detangler, starkes und gesundes Haar | Lockert sich sanft Weniger Bruch Ultraweiche Borsten | Shine\u2026"},"content":{"rendered":"<p>EXKLUSIVES GEFRORENES 2-MUSTER: Lassen Sie die Verwicklungen mit Ihren Lieblingsfiguren von Frozen los: Anna, Elsa und Olagf<br \/>\nENTFERNUNGSB\u00dcRSTE: Die Haarb\u00fcrste hat weiche, die Kopfhaut schonende Hosen und entwirrt die Knoten, sodass Sie schmerzfrei b\u00fcrsten k\u00f6nnen. Die hochwertige weiche Entwirrungsb\u00fcrste ist f\u00fcr alle Kinder, M\u00e4nner und Frauen geeignet. Die ultraweiche IntelliFlex gleitet m\u00fchelos durch Verwicklungen<br \/>\nK\u00fcmmert sich um Ihr Haar: B\u00fcrsten Sie mit nassem oder trockenem Haar. Unsere Sortimente bestehen aus einer Haarb\u00fcrste f\u00fcr lockiges oder dickes Haar f\u00fcr jeden Haartyp. Die Borsten sind weich, minimieren Schmerzen, spalten die Enden und brechen f\u00fcr ges\u00fcnderes und gl\u00fccklicheres Haar<br \/>\nENTFERNT KNOTEN UND WANDELN: Die Nassb\u00fcrste ist nicht wie gew\u00f6hnliche B\u00fcrsten, die gegen das Haar wirken und durch die Knoten streichen. Die B\u00fcrste l\u00f6st sanft die h\u00e4rtesten Verwicklungen und sorgt f\u00fcr ein schmerzfreies Erlebnis mit weniger Kraft, sodass Sie weniger Sch\u00e4den an Ihrem Haar entwirren k\u00f6nnen<br \/>\nGESUNDE STR\u00c4NGE: Die Nassb\u00fcrste sch\u00fctzt Ihr Haar vor Bruch, da die ultraweichen IntelliFlex-Borsten Ihre Haarstr\u00e4hnen schonen. Jetzt k\u00f6nnen Sie mit Ihrer Disney Princess-Haarb\u00fcrste schmerzfrei b\u00fcrsten<br \/>\n<div class=\"main-cross-sell\" data-asin=\"B07YLCN7WJ\">\n\n\t<div class=\"WooZone-cross-sell-loader\">\n\t\t<div>\n\t\t\t<div id=\"floatingBarsG\">\n\t\t\t\t<div class=\"blockG\" id=\"rotateG_01\"><\/div>\n\t\t\t\t<div class=\"blockG\" id=\"rotateG_02\"><\/div>\n\t\t\t\t<div class=\"blockG\" id=\"rotateG_03\"><\/div>\n\t\t\t\t<div class=\"blockG\" id=\"rotateG_04\"><\/div>\n\t\t\t\t<div class=\"blockG\" id=\"rotateG_05\"><\/div>\n\t\t\t\t<div class=\"blockG\" id=\"rotateG_06\"><\/div>\n\t\t\t\t<div class=\"blockG\" id=\"rotateG_07\"><\/div>\n\t\t\t\t<div class=\"blockG\" id=\"rotateG_08\"><\/div>\n\t\t\t<\/div>\n\t\t\t<div class=\"WooZone-cross-sell-loader-text\"><\/div>\n\t\t<\/div>\n\t<\/div>\n\n\t\t\n<\/div>\n<div style=\"clear:both;\"><\/div><\/p>\n","protected":false},"excerpt":{"rendered":"<p>EXKLUSIVES GEFRORENES 2-MUSTER: Lassen Sie die Verwicklungen mit Ihren Lieblingsfiguren von Frozen los: Anna, Elsa und Olagf<br \/>\nENTFERNUNGSB\u00dcRSTE: Die Haarb\u00fcrste hat weiche, die Kopfhaut schonende Hosen und entwirrt die Knoten, sodass Sie schmerzfrei b\u00fcrsten k\u00f6nnen. Die hochwertige weiche Entwirrungsb\u00fcrste ist f\u00fcr alle Kinder, M\u00e4nner und Frauen geeignet. Die ultraweiche IntelliFlex gleitet m\u00fchelos durch Verwicklungen<br \/>\nK\u00fcmmert sich um Ihr Haar: B\u00fcrsten Sie mit nassem oder trockenem Haar. Unsere Sortimente bestehen aus einer Haarb\u00fcrste f\u00fcr lockiges oder dickes Haar f\u00fcr jeden Haartyp. Die Borsten sind weich, minimieren Schmerzen, spalten die Enden und brechen f\u00fcr ges\u00fcnderes und gl\u00fccklicheres Haar<\/p>\n","protected":false},"featured_media":53674,"comment_status":"open","ping_status":"closed","template":"","meta":[],"product_brand":[],"product_cat":[2858,6994],"product_tag":[],"class_list":{"0":"post-53673","1":"product","2":"type-product","3":"status-publish","4":"has-post-thumbnail","6":"product_cat-beauty","7":"product_cat-haarpflege-styling","8":"pa_binding-badartikel","9":"pa_brand-wetbrush","10":"pa_color-frozen-ii-elsa","11":"pa_height-9-842519675-zoll","12":"pa_languages-unbekannt-englisch-unbekannt-englisch-unbekannt-englisch-unbekannt-englisch-unbekannt-englisch","13":"pa_length-3-149606296-zoll","14":"pa_manufacturer-wetbrush","15":"pa_model-bwrdiselsaint","16":"pa_size-1-stueck-1er-pack","17":"pa_weight-0-2-pfund","18":"pa_width-1-574803148-zoll","20":"first","21":"instock","22":"shipping-taxable","23":"purchasable","24":"product-type-simple","25":"customify-col","26":"product-has-gallery"},"yoast_head":"<!-- This site is optimized with the Yoast SEO plugin v27.4 - https:\/\/yoast.com\/product\/yoast-seo-wordpress\/ -->\n<title>Nassb\u00fcrste Original Detangler, starkes und gesundes Haar | Lockert sich sanft Weniger Bruch Ultraweiche Borsten | Shine\u2026 - Markt-XXL<\/title>\n<meta name=\"description\" content=\"Markt-XXL Nassb\u00fcrste Original Detangler, starkes und gesundes Haar | Lockert sich sanft Weniger Bruch Ultraweiche Borsten | Shine\u2026\" \/>\n<meta name=\"robots\" content=\"index, follow, max-snippet:-1, max-image-preview:large, max-video-preview:-1\" \/>\n<link rel=\"canonical\" href=\"https:\/\/marktxxl.de\/markt\/produkt\/nassbuerste-original-detangler-starkes-und-gesundes-haar-lockert-sich-sanft-weniger-bruch-ultraweiche-borsten-shine-enhancer-disney-frozen-2-kollektion-elsa\/\" \/>\n<meta property=\"og:locale\" content=\"de_DE\" \/>\n<meta property=\"og:type\" content=\"article\" \/>\n<meta property=\"og:title\" content=\"Nassb\u00fcrste Original Detangler, starkes und gesundes Haar | Lockert sich sanft Weniger Bruch Ultraweiche Borsten | Shine\u2026 - Markt-XXL\" \/>\n<meta property=\"og:description\" content=\"Markt-XXL Nassb\u00fcrste Original Detangler, starkes und gesundes Haar | Lockert sich sanft Weniger Bruch Ultraweiche Borsten | Shine\u2026\" \/>\n<meta property=\"og:url\" content=\"https:\/\/marktxxl.de\/markt\/produkt\/nassbuerste-original-detangler-starkes-und-gesundes-haar-lockert-sich-sanft-weniger-bruch-ultraweiche-borsten-shine-enhancer-disney-frozen-2-kollektion-elsa\/\" \/>\n<meta property=\"og:site_name\" content=\"Markt-XXL\" \/>\n<meta property=\"article:modified_time\" content=\"2023-04-10T00:06:17+00:00\" \/>\n<meta property=\"og:image\" content=\"https:\/\/m.media-amazon.com\/images\/I\/41Gynz1IuAL._SL500_.jpg\" \/>\n\t<meta property=\"og:image:width\" content=\"500\" \/>\n\t<meta property=\"og:image:height\" content=\"500\" \/>\n\t<meta property=\"og:image:type\" content=\"image\/jpeg\" \/>\n<meta name=\"twitter:card\" content=\"summary_large_image\" \/>\n<meta name=\"twitter:label1\" content=\"Gesch\u00e4tzte Lesezeit\" \/>\n\t<meta name=\"twitter:data1\" content=\"1\u00a0Minute\" \/>\n<script type=\"application\/ld+json\" class=\"yoast-schema-graph\">{\"@context\":\"https:\\\/\\\/schema.org\",\"@graph\":[{\"@type\":\"WebPage\",\"@id\":\"https:\\\/\\\/marktxxl.de\\\/markt\\\/produkt\\\/nassbuerste-original-detangler-starkes-und-gesundes-haar-lockert-sich-sanft-weniger-bruch-ultraweiche-borsten-shine-enhancer-disney-frozen-2-kollektion-elsa\\\/\",\"url\":\"https:\\\/\\\/marktxxl.de\\\/markt\\\/produkt\\\/nassbuerste-original-detangler-starkes-und-gesundes-haar-lockert-sich-sanft-weniger-bruch-ultraweiche-borsten-shine-enhancer-disney-frozen-2-kollektion-elsa\\\/\",\"name\":\"Nassb\u00fcrste Original Detangler, starkes und gesundes Haar | Lockert sich sanft Weniger Bruch Ultraweiche Borsten | Shine\u2026 - Markt-XXL\",\"isPartOf\":{\"@id\":\"https:\\\/\\\/marktxxl.de\\\/markt\\\/#website\"},\"primaryImageOfPage\":{\"@id\":\"https:\\\/\\\/marktxxl.de\\\/markt\\\/produkt\\\/nassbuerste-original-detangler-starkes-und-gesundes-haar-lockert-sich-sanft-weniger-bruch-ultraweiche-borsten-shine-enhancer-disney-frozen-2-kollektion-elsa\\\/#primaryimage\"},\"image\":{\"@id\":\"https:\\\/\\\/marktxxl.de\\\/markt\\\/produkt\\\/nassbuerste-original-detangler-starkes-und-gesundes-haar-lockert-sich-sanft-weniger-bruch-ultraweiche-borsten-shine-enhancer-disney-frozen-2-kollektion-elsa\\\/#primaryimage\"},\"thumbnailUrl\":\"https:\\\/\\\/m.media-amazon.com\\\/images\\\/I\\\/41Gynz1IuAL._SL500_.jpg\",\"datePublished\":\"2021-10-13T20:40:16+00:00\",\"dateModified\":\"2023-04-10T00:06:17+00:00\",\"description\":\"Markt-XXL Nassb\u00fcrste Original Detangler, starkes und gesundes Haar | Lockert sich sanft Weniger Bruch Ultraweiche Borsten | Shine\u2026\",\"breadcrumb\":{\"@id\":\"https:\\\/\\\/marktxxl.de\\\/markt\\\/produkt\\\/nassbuerste-original-detangler-starkes-und-gesundes-haar-lockert-sich-sanft-weniger-bruch-ultraweiche-borsten-shine-enhancer-disney-frozen-2-kollektion-elsa\\\/#breadcrumb\"},\"inLanguage\":\"de\",\"potentialAction\":[{\"@type\":\"ReadAction\",\"target\":[\"https:\\\/\\\/marktxxl.de\\\/markt\\\/produkt\\\/nassbuerste-original-detangler-starkes-und-gesundes-haar-lockert-sich-sanft-weniger-bruch-ultraweiche-borsten-shine-enhancer-disney-frozen-2-kollektion-elsa\\\/\"]}]},{\"@type\":\"ImageObject\",\"inLanguage\":\"de\",\"@id\":\"https:\\\/\\\/marktxxl.de\\\/markt\\\/produkt\\\/nassbuerste-original-detangler-starkes-und-gesundes-haar-lockert-sich-sanft-weniger-bruch-ultraweiche-borsten-shine-enhancer-disney-frozen-2-kollektion-elsa\\\/#primaryimage\",\"url\":\"https:\\\/\\\/m.media-amazon.com\\\/images\\\/I\\\/41Gynz1IuAL._SL500_.jpg\",\"contentUrl\":\"https:\\\/\\\/m.media-amazon.com\\\/images\\\/I\\\/41Gynz1IuAL._SL500_.jpg\",\"width\":500,\"height\":500},{\"@type\":\"BreadcrumbList\",\"@id\":\"https:\\\/\\\/marktxxl.de\\\/markt\\\/produkt\\\/nassbuerste-original-detangler-starkes-und-gesundes-haar-lockert-sich-sanft-weniger-bruch-ultraweiche-borsten-shine-enhancer-disney-frozen-2-kollektion-elsa\\\/#breadcrumb\",\"itemListElement\":[{\"@type\":\"ListItem\",\"position\":1,\"name\":\"Startseite\",\"item\":\"https:\\\/\\\/marktxxl.de\\\/markt\\\/\"},{\"@type\":\"ListItem\",\"position\":2,\"name\":\"Markt\",\"item\":\"https:\\\/\\\/marktxxl.de\\\/markt\\\/\"},{\"@type\":\"ListItem\",\"position\":3,\"name\":\"Nassb\u00fcrste Original Detangler, starkes und gesundes Haar | Lockert sich sanft Weniger Bruch Ultraweiche Borsten | Shine\u2026\"}]},{\"@type\":\"WebSite\",\"@id\":\"https:\\\/\\\/marktxxl.de\\\/markt\\\/#website\",\"url\":\"https:\\\/\\\/marktxxl.de\\\/markt\\\/\",\"name\":\"Markt-XXL\",\"description\":\"Ihr Markt Online\",\"publisher\":{\"@id\":\"https:\\\/\\\/marktxxl.de\\\/markt\\\/#organization\"},\"potentialAction\":[{\"@type\":\"SearchAction\",\"target\":{\"@type\":\"EntryPoint\",\"urlTemplate\":\"https:\\\/\\\/marktxxl.de\\\/markt\\\/?s={search_term_string}\"},\"query-input\":{\"@type\":\"PropertyValueSpecification\",\"valueRequired\":true,\"valueName\":\"search_term_string\"}}],\"inLanguage\":\"de\"},{\"@type\":\"Organization\",\"@id\":\"https:\\\/\\\/marktxxl.de\\\/markt\\\/#organization\",\"name\":\"Markt-XXL\",\"url\":\"https:\\\/\\\/marktxxl.de\\\/markt\\\/\",\"logo\":{\"@type\":\"ImageObject\",\"inLanguage\":\"de\",\"@id\":\"https:\\\/\\\/marktxxl.de\\\/markt\\\/#\\\/schema\\\/logo\\\/image\\\/\",\"url\":\"https:\\\/\\\/marktxxl.de\\\/markt\\\/wp-content\\\/uploads\\\/sites\\\/3\\\/2020\\\/12\\\/logo.png\",\"contentUrl\":\"https:\\\/\\\/marktxxl.de\\\/markt\\\/wp-content\\\/uploads\\\/sites\\\/3\\\/2020\\\/12\\\/logo.png\",\"width\":200,\"height\":70,\"caption\":\"Markt-XXL\"},\"image\":{\"@id\":\"https:\\\/\\\/marktxxl.de\\\/markt\\\/#\\\/schema\\\/logo\\\/image\\\/\"}}]}<\/script>\n<!-- \/ Yoast SEO plugin. -->","yoast_head_json":{"title":"Nassb\u00fcrste Original Detangler, starkes und gesundes Haar | Lockert sich sanft Weniger Bruch Ultraweiche Borsten | Shine\u2026 - Markt-XXL","description":"Markt-XXL Nassb\u00fcrste Original Detangler, starkes und gesundes Haar | Lockert sich sanft Weniger Bruch Ultraweiche Borsten | Shine\u2026","robots":{"index":"index","follow":"follow","max-snippet":"max-snippet:-1","max-image-preview":"max-image-preview:large","max-video-preview":"max-video-preview:-1"},"canonical":"https:\/\/marktxxl.de\/markt\/produkt\/nassbuerste-original-detangler-starkes-und-gesundes-haar-lockert-sich-sanft-weniger-bruch-ultraweiche-borsten-shine-enhancer-disney-frozen-2-kollektion-elsa\/","og_locale":"de_DE","og_type":"article","og_title":"Nassb\u00fcrste Original Detangler, starkes und gesundes Haar | Lockert sich sanft Weniger Bruch Ultraweiche Borsten | Shine\u2026 - Markt-XXL","og_description":"Markt-XXL Nassb\u00fcrste Original Detangler, starkes und gesundes Haar | Lockert sich sanft Weniger Bruch Ultraweiche Borsten | Shine\u2026","og_url":"https:\/\/marktxxl.de\/markt\/produkt\/nassbuerste-original-detangler-starkes-und-gesundes-haar-lockert-sich-sanft-weniger-bruch-ultraweiche-borsten-shine-enhancer-disney-frozen-2-kollektion-elsa\/","og_site_name":"Markt-XXL","article_modified_time":"2023-04-10T00:06:17+00:00","og_image":[{"width":500,"height":500,"url":"https:\/\/m.media-amazon.com\/images\/I\/41Gynz1IuAL._SL500_.jpg","type":"image\/jpeg"}],"twitter_card":"summary_large_image","twitter_misc":{"Gesch\u00e4tzte Lesezeit":"1\u00a0Minute"},"schema":{"@context":"https:\/\/schema.org","@graph":[{"@type":"WebPage","@id":"https:\/\/marktxxl.de\/markt\/produkt\/nassbuerste-original-detangler-starkes-und-gesundes-haar-lockert-sich-sanft-weniger-bruch-ultraweiche-borsten-shine-enhancer-disney-frozen-2-kollektion-elsa\/","url":"https:\/\/marktxxl.de\/markt\/produkt\/nassbuerste-original-detangler-starkes-und-gesundes-haar-lockert-sich-sanft-weniger-bruch-ultraweiche-borsten-shine-enhancer-disney-frozen-2-kollektion-elsa\/","name":"Nassb\u00fcrste Original Detangler, starkes und gesundes Haar | Lockert sich sanft Weniger Bruch Ultraweiche Borsten | Shine\u2026 - Markt-XXL","isPartOf":{"@id":"https:\/\/marktxxl.de\/markt\/#website"},"primaryImageOfPage":{"@id":"https:\/\/marktxxl.de\/markt\/produkt\/nassbuerste-original-detangler-starkes-und-gesundes-haar-lockert-sich-sanft-weniger-bruch-ultraweiche-borsten-shine-enhancer-disney-frozen-2-kollektion-elsa\/#primaryimage"},"image":{"@id":"https:\/\/marktxxl.de\/markt\/produkt\/nassbuerste-original-detangler-starkes-und-gesundes-haar-lockert-sich-sanft-weniger-bruch-ultraweiche-borsten-shine-enhancer-disney-frozen-2-kollektion-elsa\/#primaryimage"},"thumbnailUrl":"https:\/\/m.media-amazon.com\/images\/I\/41Gynz1IuAL._SL500_.jpg","datePublished":"2021-10-13T20:40:16+00:00","dateModified":"2023-04-10T00:06:17+00:00","description":"Markt-XXL Nassb\u00fcrste Original Detangler, starkes und gesundes Haar | Lockert sich sanft Weniger Bruch Ultraweiche Borsten | Shine\u2026","breadcrumb":{"@id":"https:\/\/marktxxl.de\/markt\/produkt\/nassbuerste-original-detangler-starkes-und-gesundes-haar-lockert-sich-sanft-weniger-bruch-ultraweiche-borsten-shine-enhancer-disney-frozen-2-kollektion-elsa\/#breadcrumb"},"inLanguage":"de","potentialAction":[{"@type":"ReadAction","target":["https:\/\/marktxxl.de\/markt\/produkt\/nassbuerste-original-detangler-starkes-und-gesundes-haar-lockert-sich-sanft-weniger-bruch-ultraweiche-borsten-shine-enhancer-disney-frozen-2-kollektion-elsa\/"]}]},{"@type":"ImageObject","inLanguage":"de","@id":"https:\/\/marktxxl.de\/markt\/produkt\/nassbuerste-original-detangler-starkes-und-gesundes-haar-lockert-sich-sanft-weniger-bruch-ultraweiche-borsten-shine-enhancer-disney-frozen-2-kollektion-elsa\/#primaryimage","url":"https:\/\/m.media-amazon.com\/images\/I\/41Gynz1IuAL._SL500_.jpg","contentUrl":"https:\/\/m.media-amazon.com\/images\/I\/41Gynz1IuAL._SL500_.jpg","width":500,"height":500},{"@type":"BreadcrumbList","@id":"https:\/\/marktxxl.de\/markt\/produkt\/nassbuerste-original-detangler-starkes-und-gesundes-haar-lockert-sich-sanft-weniger-bruch-ultraweiche-borsten-shine-enhancer-disney-frozen-2-kollektion-elsa\/#breadcrumb","itemListElement":[{"@type":"ListItem","position":1,"name":"Startseite","item":"https:\/\/marktxxl.de\/markt\/"},{"@type":"ListItem","position":2,"name":"Markt","item":"https:\/\/marktxxl.de\/markt\/"},{"@type":"ListItem","position":3,"name":"Nassb\u00fcrste Original Detangler, starkes und gesundes Haar | Lockert sich sanft Weniger Bruch Ultraweiche Borsten | Shine\u2026"}]},{"@type":"WebSite","@id":"https:\/\/marktxxl.de\/markt\/#website","url":"https:\/\/marktxxl.de\/markt\/","name":"Markt-XXL","description":"Ihr Markt Online","publisher":{"@id":"https:\/\/marktxxl.de\/markt\/#organization"},"potentialAction":[{"@type":"SearchAction","target":{"@type":"EntryPoint","urlTemplate":"https:\/\/marktxxl.de\/markt\/?s={search_term_string}"},"query-input":{"@type":"PropertyValueSpecification","valueRequired":true,"valueName":"search_term_string"}}],"inLanguage":"de"},{"@type":"Organization","@id":"https:\/\/marktxxl.de\/markt\/#organization","name":"Markt-XXL","url":"https:\/\/marktxxl.de\/markt\/","logo":{"@type":"ImageObject","inLanguage":"de","@id":"https:\/\/marktxxl.de\/markt\/#\/schema\/logo\/image\/","url":"https:\/\/marktxxl.de\/markt\/wp-content\/uploads\/sites\/3\/2020\/12\/logo.png","contentUrl":"https:\/\/marktxxl.de\/markt\/wp-content\/uploads\/sites\/3\/2020\/12\/logo.png","width":200,"height":70,"caption":"Markt-XXL"},"image":{"@id":"https:\/\/marktxxl.de\/markt\/#\/schema\/logo\/image\/"}}]}},"_links":{"self":[{"href":"https:\/\/marktxxl.de\/markt\/wp-json\/wp\/v2\/product\/53673","targetHints":{"allow":["GET"]}}],"collection":[{"href":"https:\/\/marktxxl.de\/markt\/wp-json\/wp\/v2\/product"}],"about":[{"href":"https:\/\/marktxxl.de\/markt\/wp-json\/wp\/v2\/types\/product"}],"replies":[{"embeddable":true,"href":"https:\/\/marktxxl.de\/markt\/wp-json\/wp\/v2\/comments?post=53673"}],"wp:featuredmedia":[{"embeddable":true,"href":"https:\/\/marktxxl.de\/markt\/wp-json\/wp\/v2\/media\/53674"}],"wp:attachment":[{"href":"https:\/\/marktxxl.de\/markt\/wp-json\/wp\/v2\/media?parent=53673"}],"wp:term":[{"taxonomy":"product_brand","embeddable":true,"href":"https:\/\/marktxxl.de\/markt\/wp-json\/wp\/v2\/product_brand?post=53673"},{"taxonomy":"product_cat","embeddable":true,"href":"https:\/\/marktxxl.de\/markt\/wp-json\/wp\/v2\/product_cat?post=53673"},{"taxonomy":"product_tag","embeddable":true,"href":"https:\/\/marktxxl.de\/markt\/wp-json\/wp\/v2\/product_tag?post=53673"}],"curies":[{"name":"wp","href":"https:\/\/api.w.org\/{rel}","templated":true}]}}