{"id":53062,"date":"2021-10-13T20:54:37","date_gmt":"2021-10-13T18:54:37","guid":{"rendered":"https:\/\/marktxxl.de\/markt\/produkt\/black-forest-fox-bueffel-leder-schuerze-grillschuerze-bbq-kochschuerze-kuechenschuerze\/"},"modified":"2023-04-10T02:05:28","modified_gmt":"2023-04-10T00:05:28","slug":"black-forest-fox-bueffel-leder-schuerze-grillschuerze-bbq-kochschuerze-kuechenschuerze","status":"publish","type":"product","link":"https:\/\/marktxxl.de\/markt\/produkt\/black-forest-fox-bueffel-leder-schuerze-grillschuerze-bbq-kochschuerze-kuechenschuerze\/","title":{"rendered":"Black Forest Fox B\u00fcffel Leder Sch\u00fcrze Grillsch\u00fcrze BBQ Kochsch\u00fcrze K\u00fcchensch\u00fcrze"},"content":{"rendered":"<p>?\u3010B\u00fcffelleder Black Forest Fox Sch\u00fcrze bietet\u3011 ? komfortabler Tragekomfort ? strapazierf\u00e4hig bei bester Qualit\u00e4t ? optimaler Schutz der Kleidung vor Verschmutzungen &amp; Spritzern ? die verstellbare Nackenschlaufe aus B\u00fcffelleder sorgt f\u00fcr einen angenehmen Sitz ? das verstellbare Taillen- und R\u00fcckenband bietet Passgenauigkeit am K\u00f6rper<br \/>\n?\u3010Multi Tool Design\u3011 Diverse Taschen f\u00fcr allerhand Werkzeug, mit seitlicher Schlaufen f\u00fcr l\u00e4ngere Tools wie zum Beispiel einer Grillzange<br \/>\n?\u3010Hitzebest\u00e4ndig und flammhemmend\u3011Angst vor Funkenflug war gestern! HEUTE bleiben Sie am Grill ganz sch\u00f6n cool. L\u00e4ssige Optik und Funktion sind hier vereint<br \/>\n?\u3010Technische Daten Sch\u00fcrze\u3011 B x H x (cm): 73 x 84 Gewicht (in kg): 0,82 | Oberteil L\u00e4nge 37 cm Schlie\u00dfriemen: 61 cm | Unterteil L\u00e4nge 47 cm Schlie\u00dfriemen: 69 cm | ? Ma\u00dfe: des Grillhandschuhs L\u00e4nge 41cm (bis Mittelfinger) Breite 17,5 cm<br \/>\n<div class=\"main-cross-sell\" data-asin=\"B08VRQKGZV\">\n\n\t<div class=\"WooZone-cross-sell-loader\">\n\t\t<div>\n\t\t\t<div id=\"floatingBarsG\">\n\t\t\t\t<div class=\"blockG\" id=\"rotateG_01\"><\/div>\n\t\t\t\t<div class=\"blockG\" id=\"rotateG_02\"><\/div>\n\t\t\t\t<div class=\"blockG\" id=\"rotateG_03\"><\/div>\n\t\t\t\t<div class=\"blockG\" id=\"rotateG_04\"><\/div>\n\t\t\t\t<div class=\"blockG\" id=\"rotateG_05\"><\/div>\n\t\t\t\t<div class=\"blockG\" id=\"rotateG_06\"><\/div>\n\t\t\t\t<div class=\"blockG\" id=\"rotateG_07\"><\/div>\n\t\t\t\t<div class=\"blockG\" id=\"rotateG_08\"><\/div>\n\t\t\t<\/div>\n\t\t\t<div class=\"WooZone-cross-sell-loader-text\"><\/div>\n\t\t<\/div>\n\t<\/div>\n\n\t\t\n<\/div>\n<div style=\"clear:both;\"><\/div><\/p>\n","protected":false},"excerpt":{"rendered":"<p>?\u3010B\u00fcffelleder Black Forest Fox Sch\u00fcrze bietet\u3011 ? komfortabler Tragekomfort ? strapazierf\u00e4hig bei bester Qualit\u00e4t ? optimaler Schutz der Kleidung vor Verschmutzungen &amp; Spritzern ? die verstellbare Nackenschlaufe aus B\u00fcffelleder sorgt f\u00fcr einen angenehmen Sitz ? das verstellbare Taillen- und R\u00fcckenband bietet Passgenauigkeit am K\u00f6rper<br \/>\n?\u3010Multi Tool Design\u3011 Diverse Taschen f\u00fcr allerhand Werkzeug, mit seitlicher Schlaufen f\u00fcr l\u00e4ngere Tools wie zum Beispiel einer Grillzange<br \/>\n?\u3010Hitzebest\u00e4ndig und flammhemmend\u3011Angst vor Funkenflug war gestern! HEUTE bleiben Sie am Grill ganz sch\u00f6n cool. L\u00e4ssige Optik und Funktion sind hier vereint<\/p>\n","protected":false},"featured_media":53066,"comment_status":"open","ping_status":"closed","template":"","meta":[],"product_brand":[],"product_cat":[4143,1186],"product_tag":[],"class_list":{"0":"post-53062","1":"product","2":"type-product","3":"status-publish","4":"has-post-thumbnail","6":"product_cat-arbeitskleidung-uniformen","7":"product_cat-bekleidung","8":"pa_brand-black-forest-fox","9":"pa_farbe-antik-schwarz","10":"pa_farbe-braun","11":"pa_farbe-dunkelbraun","12":"pa_size-einheitsgroesse","14":"first","15":"instock","16":"shipping-taxable","17":"purchasable","18":"product-type-variable","19":"customify-col","20":"product-has-gallery"},"yoast_head":"<!-- This site is optimized with the Yoast SEO plugin v27.4 - https:\/\/yoast.com\/product\/yoast-seo-wordpress\/ -->\n<title>Black Forest Fox B\u00fcffel Leder Sch\u00fcrze Grillsch\u00fcrze BBQ Kochsch\u00fcrze K\u00fcchensch\u00fcrze - Markt-XXL<\/title>\n<meta name=\"description\" content=\"Markt-XXL Black Forest Fox B\u00fcffel Leder Sch\u00fcrze Grillsch\u00fcrze BBQ Kochsch\u00fcrze K\u00fcchensch\u00fcrze\" \/>\n<meta name=\"robots\" content=\"index, follow, max-snippet:-1, max-image-preview:large, max-video-preview:-1\" \/>\n<link rel=\"canonical\" href=\"https:\/\/marktxxl.de\/markt\/produkt\/black-forest-fox-bueffel-leder-schuerze-grillschuerze-bbq-kochschuerze-kuechenschuerze\/\" \/>\n<meta property=\"og:locale\" content=\"de_DE\" \/>\n<meta property=\"og:type\" content=\"article\" \/>\n<meta property=\"og:title\" content=\"Black Forest Fox B\u00fcffel Leder Sch\u00fcrze Grillsch\u00fcrze BBQ Kochsch\u00fcrze K\u00fcchensch\u00fcrze - Markt-XXL\" \/>\n<meta property=\"og:description\" content=\"Markt-XXL Black Forest Fox B\u00fcffel Leder Sch\u00fcrze Grillsch\u00fcrze BBQ Kochsch\u00fcrze K\u00fcchensch\u00fcrze\" \/>\n<meta property=\"og:url\" content=\"https:\/\/marktxxl.de\/markt\/produkt\/black-forest-fox-bueffel-leder-schuerze-grillschuerze-bbq-kochschuerze-kuechenschuerze\/\" \/>\n<meta property=\"og:site_name\" content=\"Markt-XXL\" \/>\n<meta property=\"article:modified_time\" content=\"2023-04-10T00:05:28+00:00\" \/>\n<meta property=\"og:image\" content=\"https:\/\/m.media-amazon.com\/images\/I\/311PPLhE+gS._SL500_.jpg\" \/>\n\t<meta property=\"og:image:width\" content=\"500\" \/>\n\t<meta property=\"og:image:height\" content=\"500\" \/>\n\t<meta property=\"og:image:type\" content=\"image\/jpeg\" \/>\n<meta name=\"twitter:card\" content=\"summary_large_image\" \/>\n<meta name=\"twitter:label1\" content=\"Gesch\u00e4tzte Lesezeit\" \/>\n\t<meta name=\"twitter:data1\" content=\"1\u00a0Minute\" \/>\n<script type=\"application\/ld+json\" class=\"yoast-schema-graph\">{\"@context\":\"https:\\\/\\\/schema.org\",\"@graph\":[{\"@type\":\"WebPage\",\"@id\":\"https:\\\/\\\/marktxxl.de\\\/markt\\\/produkt\\\/black-forest-fox-bueffel-leder-schuerze-grillschuerze-bbq-kochschuerze-kuechenschuerze\\\/\",\"url\":\"https:\\\/\\\/marktxxl.de\\\/markt\\\/produkt\\\/black-forest-fox-bueffel-leder-schuerze-grillschuerze-bbq-kochschuerze-kuechenschuerze\\\/\",\"name\":\"Black Forest Fox B\u00fcffel Leder Sch\u00fcrze Grillsch\u00fcrze BBQ Kochsch\u00fcrze K\u00fcchensch\u00fcrze - Markt-XXL\",\"isPartOf\":{\"@id\":\"https:\\\/\\\/marktxxl.de\\\/markt\\\/#website\"},\"primaryImageOfPage\":{\"@id\":\"https:\\\/\\\/marktxxl.de\\\/markt\\\/produkt\\\/black-forest-fox-bueffel-leder-schuerze-grillschuerze-bbq-kochschuerze-kuechenschuerze\\\/#primaryimage\"},\"image\":{\"@id\":\"https:\\\/\\\/marktxxl.de\\\/markt\\\/produkt\\\/black-forest-fox-bueffel-leder-schuerze-grillschuerze-bbq-kochschuerze-kuechenschuerze\\\/#primaryimage\"},\"thumbnailUrl\":\"https:\\\/\\\/m.media-amazon.com\\\/images\\\/I\\\/311PPLhE+gS._SL500_.jpg\",\"datePublished\":\"2021-10-13T18:54:37+00:00\",\"dateModified\":\"2023-04-10T00:05:28+00:00\",\"description\":\"Markt-XXL Black Forest Fox B\u00fcffel Leder Sch\u00fcrze Grillsch\u00fcrze BBQ Kochsch\u00fcrze K\u00fcchensch\u00fcrze\",\"breadcrumb\":{\"@id\":\"https:\\\/\\\/marktxxl.de\\\/markt\\\/produkt\\\/black-forest-fox-bueffel-leder-schuerze-grillschuerze-bbq-kochschuerze-kuechenschuerze\\\/#breadcrumb\"},\"inLanguage\":\"de\",\"potentialAction\":[{\"@type\":\"ReadAction\",\"target\":[\"https:\\\/\\\/marktxxl.de\\\/markt\\\/produkt\\\/black-forest-fox-bueffel-leder-schuerze-grillschuerze-bbq-kochschuerze-kuechenschuerze\\\/\"]}]},{\"@type\":\"ImageObject\",\"inLanguage\":\"de\",\"@id\":\"https:\\\/\\\/marktxxl.de\\\/markt\\\/produkt\\\/black-forest-fox-bueffel-leder-schuerze-grillschuerze-bbq-kochschuerze-kuechenschuerze\\\/#primaryimage\",\"url\":\"https:\\\/\\\/m.media-amazon.com\\\/images\\\/I\\\/311PPLhE+gS._SL500_.jpg\",\"contentUrl\":\"https:\\\/\\\/m.media-amazon.com\\\/images\\\/I\\\/311PPLhE+gS._SL500_.jpg\",\"width\":500,\"height\":500},{\"@type\":\"BreadcrumbList\",\"@id\":\"https:\\\/\\\/marktxxl.de\\\/markt\\\/produkt\\\/black-forest-fox-bueffel-leder-schuerze-grillschuerze-bbq-kochschuerze-kuechenschuerze\\\/#breadcrumb\",\"itemListElement\":[{\"@type\":\"ListItem\",\"position\":1,\"name\":\"Startseite\",\"item\":\"https:\\\/\\\/marktxxl.de\\\/markt\\\/\"},{\"@type\":\"ListItem\",\"position\":2,\"name\":\"Markt\",\"item\":\"https:\\\/\\\/marktxxl.de\\\/markt\\\/\"},{\"@type\":\"ListItem\",\"position\":3,\"name\":\"Black Forest Fox B\u00fcffel Leder Sch\u00fcrze Grillsch\u00fcrze BBQ Kochsch\u00fcrze K\u00fcchensch\u00fcrze\"}]},{\"@type\":\"WebSite\",\"@id\":\"https:\\\/\\\/marktxxl.de\\\/markt\\\/#website\",\"url\":\"https:\\\/\\\/marktxxl.de\\\/markt\\\/\",\"name\":\"Markt-XXL\",\"description\":\"Ihr Markt Online\",\"publisher\":{\"@id\":\"https:\\\/\\\/marktxxl.de\\\/markt\\\/#organization\"},\"potentialAction\":[{\"@type\":\"SearchAction\",\"target\":{\"@type\":\"EntryPoint\",\"urlTemplate\":\"https:\\\/\\\/marktxxl.de\\\/markt\\\/?s={search_term_string}\"},\"query-input\":{\"@type\":\"PropertyValueSpecification\",\"valueRequired\":true,\"valueName\":\"search_term_string\"}}],\"inLanguage\":\"de\"},{\"@type\":\"Organization\",\"@id\":\"https:\\\/\\\/marktxxl.de\\\/markt\\\/#organization\",\"name\":\"Markt-XXL\",\"url\":\"https:\\\/\\\/marktxxl.de\\\/markt\\\/\",\"logo\":{\"@type\":\"ImageObject\",\"inLanguage\":\"de\",\"@id\":\"https:\\\/\\\/marktxxl.de\\\/markt\\\/#\\\/schema\\\/logo\\\/image\\\/\",\"url\":\"https:\\\/\\\/marktxxl.de\\\/markt\\\/wp-content\\\/uploads\\\/sites\\\/3\\\/2020\\\/12\\\/logo.png\",\"contentUrl\":\"https:\\\/\\\/marktxxl.de\\\/markt\\\/wp-content\\\/uploads\\\/sites\\\/3\\\/2020\\\/12\\\/logo.png\",\"width\":200,\"height\":70,\"caption\":\"Markt-XXL\"},\"image\":{\"@id\":\"https:\\\/\\\/marktxxl.de\\\/markt\\\/#\\\/schema\\\/logo\\\/image\\\/\"}}]}<\/script>\n<!-- \/ Yoast SEO plugin. -->","yoast_head_json":{"title":"Black Forest Fox B\u00fcffel Leder Sch\u00fcrze Grillsch\u00fcrze BBQ Kochsch\u00fcrze K\u00fcchensch\u00fcrze - Markt-XXL","description":"Markt-XXL Black Forest Fox B\u00fcffel Leder Sch\u00fcrze Grillsch\u00fcrze BBQ Kochsch\u00fcrze K\u00fcchensch\u00fcrze","robots":{"index":"index","follow":"follow","max-snippet":"max-snippet:-1","max-image-preview":"max-image-preview:large","max-video-preview":"max-video-preview:-1"},"canonical":"https:\/\/marktxxl.de\/markt\/produkt\/black-forest-fox-bueffel-leder-schuerze-grillschuerze-bbq-kochschuerze-kuechenschuerze\/","og_locale":"de_DE","og_type":"article","og_title":"Black Forest Fox B\u00fcffel Leder Sch\u00fcrze Grillsch\u00fcrze BBQ Kochsch\u00fcrze K\u00fcchensch\u00fcrze - Markt-XXL","og_description":"Markt-XXL Black Forest Fox B\u00fcffel Leder Sch\u00fcrze Grillsch\u00fcrze BBQ Kochsch\u00fcrze K\u00fcchensch\u00fcrze","og_url":"https:\/\/marktxxl.de\/markt\/produkt\/black-forest-fox-bueffel-leder-schuerze-grillschuerze-bbq-kochschuerze-kuechenschuerze\/","og_site_name":"Markt-XXL","article_modified_time":"2023-04-10T00:05:28+00:00","og_image":[{"width":500,"height":500,"url":"https:\/\/m.media-amazon.com\/images\/I\/311PPLhE+gS._SL500_.jpg","type":"image\/jpeg"}],"twitter_card":"summary_large_image","twitter_misc":{"Gesch\u00e4tzte Lesezeit":"1\u00a0Minute"},"schema":{"@context":"https:\/\/schema.org","@graph":[{"@type":"WebPage","@id":"https:\/\/marktxxl.de\/markt\/produkt\/black-forest-fox-bueffel-leder-schuerze-grillschuerze-bbq-kochschuerze-kuechenschuerze\/","url":"https:\/\/marktxxl.de\/markt\/produkt\/black-forest-fox-bueffel-leder-schuerze-grillschuerze-bbq-kochschuerze-kuechenschuerze\/","name":"Black Forest Fox B\u00fcffel Leder Sch\u00fcrze Grillsch\u00fcrze BBQ Kochsch\u00fcrze K\u00fcchensch\u00fcrze - Markt-XXL","isPartOf":{"@id":"https:\/\/marktxxl.de\/markt\/#website"},"primaryImageOfPage":{"@id":"https:\/\/marktxxl.de\/markt\/produkt\/black-forest-fox-bueffel-leder-schuerze-grillschuerze-bbq-kochschuerze-kuechenschuerze\/#primaryimage"},"image":{"@id":"https:\/\/marktxxl.de\/markt\/produkt\/black-forest-fox-bueffel-leder-schuerze-grillschuerze-bbq-kochschuerze-kuechenschuerze\/#primaryimage"},"thumbnailUrl":"https:\/\/m.media-amazon.com\/images\/I\/311PPLhE+gS._SL500_.jpg","datePublished":"2021-10-13T18:54:37+00:00","dateModified":"2023-04-10T00:05:28+00:00","description":"Markt-XXL Black Forest Fox B\u00fcffel Leder Sch\u00fcrze Grillsch\u00fcrze BBQ Kochsch\u00fcrze K\u00fcchensch\u00fcrze","breadcrumb":{"@id":"https:\/\/marktxxl.de\/markt\/produkt\/black-forest-fox-bueffel-leder-schuerze-grillschuerze-bbq-kochschuerze-kuechenschuerze\/#breadcrumb"},"inLanguage":"de","potentialAction":[{"@type":"ReadAction","target":["https:\/\/marktxxl.de\/markt\/produkt\/black-forest-fox-bueffel-leder-schuerze-grillschuerze-bbq-kochschuerze-kuechenschuerze\/"]}]},{"@type":"ImageObject","inLanguage":"de","@id":"https:\/\/marktxxl.de\/markt\/produkt\/black-forest-fox-bueffel-leder-schuerze-grillschuerze-bbq-kochschuerze-kuechenschuerze\/#primaryimage","url":"https:\/\/m.media-amazon.com\/images\/I\/311PPLhE+gS._SL500_.jpg","contentUrl":"https:\/\/m.media-amazon.com\/images\/I\/311PPLhE+gS._SL500_.jpg","width":500,"height":500},{"@type":"BreadcrumbList","@id":"https:\/\/marktxxl.de\/markt\/produkt\/black-forest-fox-bueffel-leder-schuerze-grillschuerze-bbq-kochschuerze-kuechenschuerze\/#breadcrumb","itemListElement":[{"@type":"ListItem","position":1,"name":"Startseite","item":"https:\/\/marktxxl.de\/markt\/"},{"@type":"ListItem","position":2,"name":"Markt","item":"https:\/\/marktxxl.de\/markt\/"},{"@type":"ListItem","position":3,"name":"Black Forest Fox B\u00fcffel Leder Sch\u00fcrze Grillsch\u00fcrze BBQ Kochsch\u00fcrze K\u00fcchensch\u00fcrze"}]},{"@type":"WebSite","@id":"https:\/\/marktxxl.de\/markt\/#website","url":"https:\/\/marktxxl.de\/markt\/","name":"Markt-XXL","description":"Ihr Markt Online","publisher":{"@id":"https:\/\/marktxxl.de\/markt\/#organization"},"potentialAction":[{"@type":"SearchAction","target":{"@type":"EntryPoint","urlTemplate":"https:\/\/marktxxl.de\/markt\/?s={search_term_string}"},"query-input":{"@type":"PropertyValueSpecification","valueRequired":true,"valueName":"search_term_string"}}],"inLanguage":"de"},{"@type":"Organization","@id":"https:\/\/marktxxl.de\/markt\/#organization","name":"Markt-XXL","url":"https:\/\/marktxxl.de\/markt\/","logo":{"@type":"ImageObject","inLanguage":"de","@id":"https:\/\/marktxxl.de\/markt\/#\/schema\/logo\/image\/","url":"https:\/\/marktxxl.de\/markt\/wp-content\/uploads\/sites\/3\/2020\/12\/logo.png","contentUrl":"https:\/\/marktxxl.de\/markt\/wp-content\/uploads\/sites\/3\/2020\/12\/logo.png","width":200,"height":70,"caption":"Markt-XXL"},"image":{"@id":"https:\/\/marktxxl.de\/markt\/#\/schema\/logo\/image\/"}}]}},"_links":{"self":[{"href":"https:\/\/marktxxl.de\/markt\/wp-json\/wp\/v2\/product\/53062","targetHints":{"allow":["GET"]}}],"collection":[{"href":"https:\/\/marktxxl.de\/markt\/wp-json\/wp\/v2\/product"}],"about":[{"href":"https:\/\/marktxxl.de\/markt\/wp-json\/wp\/v2\/types\/product"}],"replies":[{"embeddable":true,"href":"https:\/\/marktxxl.de\/markt\/wp-json\/wp\/v2\/comments?post=53062"}],"wp:featuredmedia":[{"embeddable":true,"href":"https:\/\/marktxxl.de\/markt\/wp-json\/wp\/v2\/media\/53066"}],"wp:attachment":[{"href":"https:\/\/marktxxl.de\/markt\/wp-json\/wp\/v2\/media?parent=53062"}],"wp:term":[{"taxonomy":"product_brand","embeddable":true,"href":"https:\/\/marktxxl.de\/markt\/wp-json\/wp\/v2\/product_brand?post=53062"},{"taxonomy":"product_cat","embeddable":true,"href":"https:\/\/marktxxl.de\/markt\/wp-json\/wp\/v2\/product_cat?post=53062"},{"taxonomy":"product_tag","embeddable":true,"href":"https:\/\/marktxxl.de\/markt\/wp-json\/wp\/v2\/product_tag?post=53062"}],"curies":[{"name":"wp","href":"https:\/\/api.w.org\/{rel}","templated":true}]}}