{"id":52976,"date":"2021-10-13T20:49:47","date_gmt":"2021-10-13T18:49:47","guid":{"rendered":"https:\/\/marktxxl.de\/markt\/produkt\/fhb-zunftbermuda-jochen-groesse-44-1-stueck-schwarz-70034-20-44\/"},"modified":"2023-04-10T02:05:27","modified_gmt":"2023-04-10T00:05:27","slug":"fhb-zunftbermuda-jochen-groesse-44-1-stueck-schwarz-70034-20-44","status":"publish","type":"product","link":"https:\/\/marktxxl.de\/markt\/produkt\/fhb-zunftbermuda-jochen-groesse-44-1-stueck-schwarz-70034-20-44\/","title":{"rendered":"FHB Zunftbermuda, Jochen, Gr\u00f6\u00dfe 66, grau, 70034-11-66"},"content":{"rendered":"<p>Material: 100% Baumwolle 520 gr\/m\u00b2.<br \/>\nErh\u00e4ltliche Farben: schwarz, grau, rohweiss<br \/>\nErh\u00e4ltliche Gr\u00f6\u00dfen: 44 &#8211; 62<br \/>\nenth\u00e4lt nicht-textile Teile tierischen Ursprungs<br \/>\n<div class=\"main-cross-sell\" data-asin=\"B07FFDT8B8\">\n\n\t<div class=\"WooZone-cross-sell-loader\">\n\t\t<div>\n\t\t\t<div id=\"floatingBarsG\">\n\t\t\t\t<div class=\"blockG\" id=\"rotateG_01\"><\/div>\n\t\t\t\t<div class=\"blockG\" id=\"rotateG_02\"><\/div>\n\t\t\t\t<div class=\"blockG\" id=\"rotateG_03\"><\/div>\n\t\t\t\t<div class=\"blockG\" id=\"rotateG_04\"><\/div>\n\t\t\t\t<div class=\"blockG\" id=\"rotateG_05\"><\/div>\n\t\t\t\t<div class=\"blockG\" id=\"rotateG_06\"><\/div>\n\t\t\t\t<div class=\"blockG\" id=\"rotateG_07\"><\/div>\n\t\t\t\t<div class=\"blockG\" id=\"rotateG_08\"><\/div>\n\t\t\t<\/div>\n\t\t\t<div class=\"WooZone-cross-sell-loader-text\"><\/div>\n\t\t<\/div>\n\t<\/div>\n\n\t\t\n<\/div>\n<div style=\"clear:both;\"><\/div><\/p>\n","protected":false},"excerpt":{"rendered":"<p>Material: 100% Baumwolle 520 gr\/m\u00b2.<br \/>\nErh\u00e4ltliche Farben: schwarz, grau, rohweiss<br \/>\nErh\u00e4ltliche Gr\u00f6\u00dfen: 44 &#8211; 62<\/p>\n","protected":false},"featured_media":52977,"comment_status":"open","ping_status":"closed","template":"","meta":[],"product_brand":[],"product_cat":[4143,1186],"product_tag":[],"class_list":{"0":"post-52976","1":"product","2":"type-product","3":"status-publish","4":"has-post-thumbnail","6":"product_cat-arbeitskleidung-uniformen","7":"product_cat-bekleidung","8":"pa_binding-werkzeug","9":"pa_brand-fhb-zunftkleidung","10":"pa_manufacturer-fhb","12":"first","13":"instock","14":"shipping-taxable","15":"purchasable","16":"product-type-simple","17":"customify-col","18":"product-has-gallery"},"yoast_head":"<!-- This site is optimized with the Yoast SEO plugin v27.3 - https:\/\/yoast.com\/product\/yoast-seo-wordpress\/ -->\n<title>FHB Zunftbermuda, Jochen, Gr\u00f6\u00dfe 66, grau, 70034-11-66 - Markt-XXL<\/title>\n<meta name=\"description\" content=\"Markt-XXL FHB Zunftbermuda, Jochen, Gr\u00f6\u00dfe 66, grau, 70034-11-66\" \/>\n<meta name=\"robots\" content=\"index, follow, max-snippet:-1, max-image-preview:large, max-video-preview:-1\" \/>\n<link rel=\"canonical\" href=\"https:\/\/marktxxl.de\/markt\/produkt\/fhb-zunftbermuda-jochen-groesse-44-1-stueck-schwarz-70034-20-44\/\" \/>\n<meta property=\"og:locale\" content=\"de_DE\" \/>\n<meta property=\"og:type\" content=\"article\" \/>\n<meta property=\"og:title\" content=\"FHB Zunftbermuda, Jochen, Gr\u00f6\u00dfe 66, grau, 70034-11-66 - Markt-XXL\" \/>\n<meta property=\"og:description\" content=\"Markt-XXL FHB Zunftbermuda, Jochen, Gr\u00f6\u00dfe 66, grau, 70034-11-66\" \/>\n<meta property=\"og:url\" content=\"https:\/\/marktxxl.de\/markt\/produkt\/fhb-zunftbermuda-jochen-groesse-44-1-stueck-schwarz-70034-20-44\/\" \/>\n<meta property=\"og:site_name\" content=\"Markt-XXL\" \/>\n<meta property=\"article:modified_time\" content=\"2023-04-10T00:05:27+00:00\" \/>\n<meta property=\"og:image\" content=\"https:\/\/m.media-amazon.com\/images\/I\/41REEzNT52L._SL500_.jpg\" \/>\n\t<meta property=\"og:image:width\" content=\"385\" \/>\n\t<meta property=\"og:image:height\" content=\"500\" \/>\n\t<meta property=\"og:image:type\" content=\"image\/jpeg\" \/>\n<meta name=\"twitter:card\" content=\"summary_large_image\" \/>\n<script type=\"application\/ld+json\" class=\"yoast-schema-graph\">{\"@context\":\"https:\\\/\\\/schema.org\",\"@graph\":[{\"@type\":\"WebPage\",\"@id\":\"https:\\\/\\\/marktxxl.de\\\/markt\\\/produkt\\\/fhb-zunftbermuda-jochen-groesse-44-1-stueck-schwarz-70034-20-44\\\/\",\"url\":\"https:\\\/\\\/marktxxl.de\\\/markt\\\/produkt\\\/fhb-zunftbermuda-jochen-groesse-44-1-stueck-schwarz-70034-20-44\\\/\",\"name\":\"FHB Zunftbermuda, Jochen, Gr\u00f6\u00dfe 66, grau, 70034-11-66 - Markt-XXL\",\"isPartOf\":{\"@id\":\"https:\\\/\\\/marktxxl.de\\\/markt\\\/#website\"},\"primaryImageOfPage\":{\"@id\":\"https:\\\/\\\/marktxxl.de\\\/markt\\\/produkt\\\/fhb-zunftbermuda-jochen-groesse-44-1-stueck-schwarz-70034-20-44\\\/#primaryimage\"},\"image\":{\"@id\":\"https:\\\/\\\/marktxxl.de\\\/markt\\\/produkt\\\/fhb-zunftbermuda-jochen-groesse-44-1-stueck-schwarz-70034-20-44\\\/#primaryimage\"},\"thumbnailUrl\":\"https:\\\/\\\/m.media-amazon.com\\\/images\\\/I\\\/41REEzNT52L._SL500_.jpg\",\"datePublished\":\"2021-10-13T18:49:47+00:00\",\"dateModified\":\"2023-04-10T00:05:27+00:00\",\"description\":\"Markt-XXL FHB Zunftbermuda, Jochen, Gr\u00f6\u00dfe 66, grau, 70034-11-66\",\"breadcrumb\":{\"@id\":\"https:\\\/\\\/marktxxl.de\\\/markt\\\/produkt\\\/fhb-zunftbermuda-jochen-groesse-44-1-stueck-schwarz-70034-20-44\\\/#breadcrumb\"},\"inLanguage\":\"de\",\"potentialAction\":[{\"@type\":\"ReadAction\",\"target\":[\"https:\\\/\\\/marktxxl.de\\\/markt\\\/produkt\\\/fhb-zunftbermuda-jochen-groesse-44-1-stueck-schwarz-70034-20-44\\\/\"]}]},{\"@type\":\"ImageObject\",\"inLanguage\":\"de\",\"@id\":\"https:\\\/\\\/marktxxl.de\\\/markt\\\/produkt\\\/fhb-zunftbermuda-jochen-groesse-44-1-stueck-schwarz-70034-20-44\\\/#primaryimage\",\"url\":\"https:\\\/\\\/m.media-amazon.com\\\/images\\\/I\\\/41REEzNT52L._SL500_.jpg\",\"contentUrl\":\"https:\\\/\\\/m.media-amazon.com\\\/images\\\/I\\\/41REEzNT52L._SL500_.jpg\",\"width\":385,\"height\":500},{\"@type\":\"BreadcrumbList\",\"@id\":\"https:\\\/\\\/marktxxl.de\\\/markt\\\/produkt\\\/fhb-zunftbermuda-jochen-groesse-44-1-stueck-schwarz-70034-20-44\\\/#breadcrumb\",\"itemListElement\":[{\"@type\":\"ListItem\",\"position\":1,\"name\":\"Startseite\",\"item\":\"https:\\\/\\\/marktxxl.de\\\/markt\\\/\"},{\"@type\":\"ListItem\",\"position\":2,\"name\":\"Markt\",\"item\":\"https:\\\/\\\/marktxxl.de\\\/markt\\\/\"},{\"@type\":\"ListItem\",\"position\":3,\"name\":\"FHB Zunftbermuda, Jochen, Gr\u00f6\u00dfe 66, grau, 70034-11-66\"}]},{\"@type\":\"WebSite\",\"@id\":\"https:\\\/\\\/marktxxl.de\\\/markt\\\/#website\",\"url\":\"https:\\\/\\\/marktxxl.de\\\/markt\\\/\",\"name\":\"Markt-XXL\",\"description\":\"Ihr Markt Online\",\"publisher\":{\"@id\":\"https:\\\/\\\/marktxxl.de\\\/markt\\\/#organization\"},\"potentialAction\":[{\"@type\":\"SearchAction\",\"target\":{\"@type\":\"EntryPoint\",\"urlTemplate\":\"https:\\\/\\\/marktxxl.de\\\/markt\\\/?s={search_term_string}\"},\"query-input\":{\"@type\":\"PropertyValueSpecification\",\"valueRequired\":true,\"valueName\":\"search_term_string\"}}],\"inLanguage\":\"de\"},{\"@type\":\"Organization\",\"@id\":\"https:\\\/\\\/marktxxl.de\\\/markt\\\/#organization\",\"name\":\"Markt-XXL\",\"url\":\"https:\\\/\\\/marktxxl.de\\\/markt\\\/\",\"logo\":{\"@type\":\"ImageObject\",\"inLanguage\":\"de\",\"@id\":\"https:\\\/\\\/marktxxl.de\\\/markt\\\/#\\\/schema\\\/logo\\\/image\\\/\",\"url\":\"https:\\\/\\\/marktxxl.de\\\/markt\\\/wp-content\\\/uploads\\\/sites\\\/3\\\/2020\\\/12\\\/logo.png\",\"contentUrl\":\"https:\\\/\\\/marktxxl.de\\\/markt\\\/wp-content\\\/uploads\\\/sites\\\/3\\\/2020\\\/12\\\/logo.png\",\"width\":200,\"height\":70,\"caption\":\"Markt-XXL\"},\"image\":{\"@id\":\"https:\\\/\\\/marktxxl.de\\\/markt\\\/#\\\/schema\\\/logo\\\/image\\\/\"}}]}<\/script>\n<!-- \/ Yoast SEO plugin. -->","yoast_head_json":{"title":"FHB Zunftbermuda, Jochen, Gr\u00f6\u00dfe 66, grau, 70034-11-66 - Markt-XXL","description":"Markt-XXL FHB Zunftbermuda, Jochen, Gr\u00f6\u00dfe 66, grau, 70034-11-66","robots":{"index":"index","follow":"follow","max-snippet":"max-snippet:-1","max-image-preview":"max-image-preview:large","max-video-preview":"max-video-preview:-1"},"canonical":"https:\/\/marktxxl.de\/markt\/produkt\/fhb-zunftbermuda-jochen-groesse-44-1-stueck-schwarz-70034-20-44\/","og_locale":"de_DE","og_type":"article","og_title":"FHB Zunftbermuda, Jochen, Gr\u00f6\u00dfe 66, grau, 70034-11-66 - Markt-XXL","og_description":"Markt-XXL FHB Zunftbermuda, Jochen, Gr\u00f6\u00dfe 66, grau, 70034-11-66","og_url":"https:\/\/marktxxl.de\/markt\/produkt\/fhb-zunftbermuda-jochen-groesse-44-1-stueck-schwarz-70034-20-44\/","og_site_name":"Markt-XXL","article_modified_time":"2023-04-10T00:05:27+00:00","og_image":[{"width":385,"height":500,"url":"https:\/\/m.media-amazon.com\/images\/I\/41REEzNT52L._SL500_.jpg","type":"image\/jpeg"}],"twitter_card":"summary_large_image","schema":{"@context":"https:\/\/schema.org","@graph":[{"@type":"WebPage","@id":"https:\/\/marktxxl.de\/markt\/produkt\/fhb-zunftbermuda-jochen-groesse-44-1-stueck-schwarz-70034-20-44\/","url":"https:\/\/marktxxl.de\/markt\/produkt\/fhb-zunftbermuda-jochen-groesse-44-1-stueck-schwarz-70034-20-44\/","name":"FHB Zunftbermuda, Jochen, Gr\u00f6\u00dfe 66, grau, 70034-11-66 - Markt-XXL","isPartOf":{"@id":"https:\/\/marktxxl.de\/markt\/#website"},"primaryImageOfPage":{"@id":"https:\/\/marktxxl.de\/markt\/produkt\/fhb-zunftbermuda-jochen-groesse-44-1-stueck-schwarz-70034-20-44\/#primaryimage"},"image":{"@id":"https:\/\/marktxxl.de\/markt\/produkt\/fhb-zunftbermuda-jochen-groesse-44-1-stueck-schwarz-70034-20-44\/#primaryimage"},"thumbnailUrl":"https:\/\/m.media-amazon.com\/images\/I\/41REEzNT52L._SL500_.jpg","datePublished":"2021-10-13T18:49:47+00:00","dateModified":"2023-04-10T00:05:27+00:00","description":"Markt-XXL FHB Zunftbermuda, Jochen, Gr\u00f6\u00dfe 66, grau, 70034-11-66","breadcrumb":{"@id":"https:\/\/marktxxl.de\/markt\/produkt\/fhb-zunftbermuda-jochen-groesse-44-1-stueck-schwarz-70034-20-44\/#breadcrumb"},"inLanguage":"de","potentialAction":[{"@type":"ReadAction","target":["https:\/\/marktxxl.de\/markt\/produkt\/fhb-zunftbermuda-jochen-groesse-44-1-stueck-schwarz-70034-20-44\/"]}]},{"@type":"ImageObject","inLanguage":"de","@id":"https:\/\/marktxxl.de\/markt\/produkt\/fhb-zunftbermuda-jochen-groesse-44-1-stueck-schwarz-70034-20-44\/#primaryimage","url":"https:\/\/m.media-amazon.com\/images\/I\/41REEzNT52L._SL500_.jpg","contentUrl":"https:\/\/m.media-amazon.com\/images\/I\/41REEzNT52L._SL500_.jpg","width":385,"height":500},{"@type":"BreadcrumbList","@id":"https:\/\/marktxxl.de\/markt\/produkt\/fhb-zunftbermuda-jochen-groesse-44-1-stueck-schwarz-70034-20-44\/#breadcrumb","itemListElement":[{"@type":"ListItem","position":1,"name":"Startseite","item":"https:\/\/marktxxl.de\/markt\/"},{"@type":"ListItem","position":2,"name":"Markt","item":"https:\/\/marktxxl.de\/markt\/"},{"@type":"ListItem","position":3,"name":"FHB Zunftbermuda, Jochen, Gr\u00f6\u00dfe 66, grau, 70034-11-66"}]},{"@type":"WebSite","@id":"https:\/\/marktxxl.de\/markt\/#website","url":"https:\/\/marktxxl.de\/markt\/","name":"Markt-XXL","description":"Ihr Markt Online","publisher":{"@id":"https:\/\/marktxxl.de\/markt\/#organization"},"potentialAction":[{"@type":"SearchAction","target":{"@type":"EntryPoint","urlTemplate":"https:\/\/marktxxl.de\/markt\/?s={search_term_string}"},"query-input":{"@type":"PropertyValueSpecification","valueRequired":true,"valueName":"search_term_string"}}],"inLanguage":"de"},{"@type":"Organization","@id":"https:\/\/marktxxl.de\/markt\/#organization","name":"Markt-XXL","url":"https:\/\/marktxxl.de\/markt\/","logo":{"@type":"ImageObject","inLanguage":"de","@id":"https:\/\/marktxxl.de\/markt\/#\/schema\/logo\/image\/","url":"https:\/\/marktxxl.de\/markt\/wp-content\/uploads\/sites\/3\/2020\/12\/logo.png","contentUrl":"https:\/\/marktxxl.de\/markt\/wp-content\/uploads\/sites\/3\/2020\/12\/logo.png","width":200,"height":70,"caption":"Markt-XXL"},"image":{"@id":"https:\/\/marktxxl.de\/markt\/#\/schema\/logo\/image\/"}}]}},"_links":{"self":[{"href":"https:\/\/marktxxl.de\/markt\/wp-json\/wp\/v2\/product\/52976","targetHints":{"allow":["GET"]}}],"collection":[{"href":"https:\/\/marktxxl.de\/markt\/wp-json\/wp\/v2\/product"}],"about":[{"href":"https:\/\/marktxxl.de\/markt\/wp-json\/wp\/v2\/types\/product"}],"replies":[{"embeddable":true,"href":"https:\/\/marktxxl.de\/markt\/wp-json\/wp\/v2\/comments?post=52976"}],"wp:featuredmedia":[{"embeddable":true,"href":"https:\/\/marktxxl.de\/markt\/wp-json\/wp\/v2\/media\/52977"}],"wp:attachment":[{"href":"https:\/\/marktxxl.de\/markt\/wp-json\/wp\/v2\/media?parent=52976"}],"wp:term":[{"taxonomy":"product_brand","embeddable":true,"href":"https:\/\/marktxxl.de\/markt\/wp-json\/wp\/v2\/product_brand?post=52976"},{"taxonomy":"product_cat","embeddable":true,"href":"https:\/\/marktxxl.de\/markt\/wp-json\/wp\/v2\/product_cat?post=52976"},{"taxonomy":"product_tag","embeddable":true,"href":"https:\/\/marktxxl.de\/markt\/wp-json\/wp\/v2\/product_tag?post=52976"}],"curies":[{"name":"wp","href":"https:\/\/api.w.org\/{rel}","templated":true}]}}