{"id":52880,"date":"2021-10-13T20:45:23","date_gmt":"2021-10-13T18:45:23","guid":{"rendered":"https:\/\/marktxxl.de\/markt\/produkt\/arbeitsschuerze-herren-robuste-gewachstes-segeltuch-werkzeugschuerze9-werkzeugtaschen-schweisserschuerze-mit-kreuz-rueckengurten-verstellbar-m-bis-xxl-fuer-garten-keramik-werkstatt-garage-und\/"},"modified":"2023-04-10T02:04:22","modified_gmt":"2023-04-10T00:04:22","slug":"arbeitsschuerze-herren-robuste-gewachstes-segeltuch-werkzeugschuerze9-werkzeugtaschen-schweisserschuerze-mit-kreuz-rueckengurten-verstellbar-m-bis-xxl-fuer-garten-keramik-werkstatt-garage-und","status":"publish","type":"product","link":"https:\/\/marktxxl.de\/markt\/produkt\/arbeitsschuerze-herren-robuste-gewachstes-segeltuch-werkzeugschuerze9-werkzeugtaschen-schweisserschuerze-mit-kreuz-rueckengurten-verstellbar-m-bis-xxl-fuer-garten-keramik-werkstatt-garage-und\/","title":{"rendered":"Arbeitssch\u00fcrze herren,Robuste gewachstes Segeltuch Werkzeugsch\u00fcrze,10 Werkzeugtaschen,Schwei\u00dfersch\u00fcrze mit Kreuz\u2026"},"content":{"rendered":"<p>SEHR RUBUST: Handgefertigt aus wasserabweisendem und robustem 16 Unzen Wachs-Canvas,mit 9 Werkzeugtaschen. Verst\u00e4rkt mit gro\u00dfen Metall\u00f6sen und Nieten. Doppelte schwere N\u00e4hte an den Ecken verhindern eine Verl\u00e4ngerung der Lebensdauer dieses Arpons<br \/>\nKOMFORTABELES UND GEDANKENDESIGN\uff1a Die dicken Schulterpolster und das Kreuzgurt-Design entlasten die Schultern, sodass Sie sich nicht einmal den ganzen Tag mit unserer Werkzeugsch\u00fcrze unwohl f\u00fchlen. Extra lange Tr\u00e4ger und eine Schnellverschlussschnalle erm\u00f6glichen eine Vielzahl von Einstellungen. Die 27,5 Zoll breite und 33 Zoll gro\u00dfe Sch\u00fcrze bietet Platz f\u00fcr bis zu 52 Zoll Taille f\u00fcr M\u00e4nner und Frauen.<br \/>\nVIELSEITIGE WERKZEUGTASCHEN &amp; SCHLEIFE: insgesamt 5 Taschen &#8211; 2 Pattentaschen, 1 Handytasche, 1 Stifttasche, 1 Klebebandtasche; 2 Hammer-Aufh\u00e4nge\u00f6sen, 1 Metallhandtuch- \/ Seilring.1 Auf der R\u00fcckseite oben kann die Sch\u00fcrze an der Wand h\u00e4ngen.<br \/>\nWeit verbreitet: Ladensch\u00fcrzen, Holzbearbeitungssch\u00fcrzen, Schmiedesch\u00fcrzen, Elektrikersch\u00fcrzen, Gartensch\u00fcrzen, Garagensch\u00fcrzen, Kochsch\u00fcrzen, Grillsch\u00fcrzen, Mechanikersch\u00fcrzen, Dreharbeitssch\u00fcrzen, Metallsch\u00fcrzen, DIY-Sch\u00fcrzen. Kellner, Baristas, Barkeeper, Friseure, Hundefriseure, Maler, Kunstlehrer, Schreiner, Elektriker, Holzarbeiter, Metzger usw. Einzigartige Geschenksch\u00fcrze f\u00fcr M\u00e4nner, Frauen, M\u00fctter, V\u00e4ter.<br \/>\nKEIN RISIKOKAUF: Wir bieten 100% Kundenzufriedenheit! Wenn Sie mit dieser Hochleistungssch\u00fcrze nicht zufrieden sind, kontaktieren Sie uns einfach, um eine neue zu ersetzen oder umgehend eine volle R\u00fcckerstattung zu erhalten. Holen Sie sich jetzt Ihre eigene Premium-Arbeitssch\u00fcrze!<br \/>\n<div class=\"main-cross-sell\" data-asin=\"B08CGV5PN9\">\n\n\t<div class=\"WooZone-cross-sell-loader\">\n\t\t<div>\n\t\t\t<div id=\"floatingBarsG\">\n\t\t\t\t<div class=\"blockG\" id=\"rotateG_01\"><\/div>\n\t\t\t\t<div class=\"blockG\" id=\"rotateG_02\"><\/div>\n\t\t\t\t<div class=\"blockG\" id=\"rotateG_03\"><\/div>\n\t\t\t\t<div class=\"blockG\" id=\"rotateG_04\"><\/div>\n\t\t\t\t<div class=\"blockG\" id=\"rotateG_05\"><\/div>\n\t\t\t\t<div class=\"blockG\" id=\"rotateG_06\"><\/div>\n\t\t\t\t<div class=\"blockG\" id=\"rotateG_07\"><\/div>\n\t\t\t\t<div class=\"blockG\" id=\"rotateG_08\"><\/div>\n\t\t\t<\/div>\n\t\t\t<div class=\"WooZone-cross-sell-loader-text\"><\/div>\n\t\t<\/div>\n\t<\/div>\n\n\t\t\n<\/div>\n<div style=\"clear:both;\"><\/div><\/p>\n","protected":false},"excerpt":{"rendered":"<p>SEHR RUBUST: Handgefertigt aus wasserabweisendem und robustem 16 Unzen Wachs-Canvas,mit 9 Werkzeugtaschen. Verst\u00e4rkt mit gro\u00dfen Metall\u00f6sen und Nieten. Doppelte schwere N\u00e4hte an den Ecken verhindern eine Verl\u00e4ngerung der Lebensdauer dieses Arpons<br \/>\nKOMFORTABELES UND GEDANKENDESIGN\uff1a Die dicken Schulterpolster und das Kreuzgurt-Design entlasten die Schultern, sodass Sie sich nicht einmal den ganzen Tag mit unserer Werkzeugsch\u00fcrze unwohl f\u00fchlen. Extra lange Tr\u00e4ger und eine Schnellverschlussschnalle erm\u00f6glichen eine Vielzahl von Einstellungen. Die 27,5 Zoll breite und 33 Zoll gro\u00dfe Sch\u00fcrze bietet Platz f\u00fcr bis zu 52 Zoll Taille f\u00fcr M\u00e4nner und Frauen.<br \/>\nVIELSEITIGE WERKZEUGTASCHEN &amp; SCHLEIFE: insgesamt 5 Taschen &#8211; 2 Pattentaschen, 1 Handytasche, 1 Stifttasche, 1 Klebebandtasche; 2 Hammer-Aufh\u00e4nge\u00f6sen, 1 Metallhandtuch- \/ Seilring.1 Auf der R\u00fcckseite oben kann die Sch\u00fcrze an der Wand h\u00e4ngen.<\/p>\n","protected":false},"featured_media":52881,"comment_status":"open","ping_status":"closed","template":"","meta":[],"product_brand":[],"product_cat":[4143,1186],"product_tag":[],"class_list":{"0":"post-52880","1":"product","2":"type-product","3":"status-publish","4":"has-post-thumbnail","6":"product_cat-arbeitskleidung-uniformen","7":"product_cat-bekleidung","8":"pa_brand-leforz","9":"pa_color-brown","10":"pa_manufacturer-leforz","11":"pa_size-l","13":"first","14":"instock","15":"shipping-taxable","16":"purchasable","17":"product-type-simple","18":"customify-col","19":"product-has-gallery"},"yoast_head":"<!-- This site is optimized with the Yoast SEO plugin v27.3 - https:\/\/yoast.com\/product\/yoast-seo-wordpress\/ -->\n<title>Arbeitssch\u00fcrze herren,Robuste gewachstes Segeltuch Werkzeugsch\u00fcrze,10 Werkzeugtaschen,Schwei\u00dfersch\u00fcrze mit Kreuz\u2026 - Markt-XXL<\/title>\n<meta name=\"description\" content=\"Markt-XXL Arbeitssch\u00fcrze herren,Robuste gewachstes Segeltuch Werkzeugsch\u00fcrze,10 Werkzeugtaschen,Schwei\u00dfersch\u00fcrze mit Kreuz\u2026\" \/>\n<meta name=\"robots\" content=\"index, follow, max-snippet:-1, max-image-preview:large, max-video-preview:-1\" \/>\n<link rel=\"canonical\" href=\"https:\/\/marktxxl.de\/markt\/produkt\/arbeitsschuerze-herren-robuste-gewachstes-segeltuch-werkzeugschuerze9-werkzeugtaschen-schweisserschuerze-mit-kreuz-rueckengurten-verstellbar-m-bis-xxl-fuer-garten-keramik-werkstatt-garage-und\/\" \/>\n<meta property=\"og:locale\" content=\"de_DE\" \/>\n<meta property=\"og:type\" content=\"article\" \/>\n<meta property=\"og:title\" content=\"Arbeitssch\u00fcrze herren,Robuste gewachstes Segeltuch Werkzeugsch\u00fcrze,10 Werkzeugtaschen,Schwei\u00dfersch\u00fcrze mit Kreuz\u2026 - Markt-XXL\" \/>\n<meta property=\"og:description\" content=\"Markt-XXL Arbeitssch\u00fcrze herren,Robuste gewachstes Segeltuch Werkzeugsch\u00fcrze,10 Werkzeugtaschen,Schwei\u00dfersch\u00fcrze mit Kreuz\u2026\" \/>\n<meta property=\"og:url\" content=\"https:\/\/marktxxl.de\/markt\/produkt\/arbeitsschuerze-herren-robuste-gewachstes-segeltuch-werkzeugschuerze9-werkzeugtaschen-schweisserschuerze-mit-kreuz-rueckengurten-verstellbar-m-bis-xxl-fuer-garten-keramik-werkstatt-garage-und\/\" \/>\n<meta property=\"og:site_name\" content=\"Markt-XXL\" \/>\n<meta property=\"article:modified_time\" content=\"2023-04-10T00:04:22+00:00\" \/>\n<meta property=\"og:image\" content=\"https:\/\/m.media-amazon.com\/images\/I\/41O0nkW-6lL._SL500_.jpg\" \/>\n\t<meta property=\"og:image:width\" content=\"500\" \/>\n\t<meta property=\"og:image:height\" content=\"500\" \/>\n\t<meta property=\"og:image:type\" content=\"image\/jpeg\" \/>\n<meta name=\"twitter:card\" content=\"summary_large_image\" \/>\n<meta name=\"twitter:label1\" content=\"Gesch\u00e4tzte Lesezeit\" \/>\n\t<meta name=\"twitter:data1\" content=\"1\u00a0Minute\" \/>\n<script type=\"application\/ld+json\" class=\"yoast-schema-graph\">{\"@context\":\"https:\\\/\\\/schema.org\",\"@graph\":[{\"@type\":\"WebPage\",\"@id\":\"https:\\\/\\\/marktxxl.de\\\/markt\\\/produkt\\\/arbeitsschuerze-herren-robuste-gewachstes-segeltuch-werkzeugschuerze9-werkzeugtaschen-schweisserschuerze-mit-kreuz-rueckengurten-verstellbar-m-bis-xxl-fuer-garten-keramik-werkstatt-garage-und\\\/\",\"url\":\"https:\\\/\\\/marktxxl.de\\\/markt\\\/produkt\\\/arbeitsschuerze-herren-robuste-gewachstes-segeltuch-werkzeugschuerze9-werkzeugtaschen-schweisserschuerze-mit-kreuz-rueckengurten-verstellbar-m-bis-xxl-fuer-garten-keramik-werkstatt-garage-und\\\/\",\"name\":\"Arbeitssch\u00fcrze herren,Robuste gewachstes Segeltuch Werkzeugsch\u00fcrze,10 Werkzeugtaschen,Schwei\u00dfersch\u00fcrze mit Kreuz\u2026 - Markt-XXL\",\"isPartOf\":{\"@id\":\"https:\\\/\\\/marktxxl.de\\\/markt\\\/#website\"},\"primaryImageOfPage\":{\"@id\":\"https:\\\/\\\/marktxxl.de\\\/markt\\\/produkt\\\/arbeitsschuerze-herren-robuste-gewachstes-segeltuch-werkzeugschuerze9-werkzeugtaschen-schweisserschuerze-mit-kreuz-rueckengurten-verstellbar-m-bis-xxl-fuer-garten-keramik-werkstatt-garage-und\\\/#primaryimage\"},\"image\":{\"@id\":\"https:\\\/\\\/marktxxl.de\\\/markt\\\/produkt\\\/arbeitsschuerze-herren-robuste-gewachstes-segeltuch-werkzeugschuerze9-werkzeugtaschen-schweisserschuerze-mit-kreuz-rueckengurten-verstellbar-m-bis-xxl-fuer-garten-keramik-werkstatt-garage-und\\\/#primaryimage\"},\"thumbnailUrl\":\"https:\\\/\\\/m.media-amazon.com\\\/images\\\/I\\\/41O0nkW-6lL._SL500_.jpg\",\"datePublished\":\"2021-10-13T18:45:23+00:00\",\"dateModified\":\"2023-04-10T00:04:22+00:00\",\"description\":\"Markt-XXL Arbeitssch\u00fcrze herren,Robuste gewachstes Segeltuch Werkzeugsch\u00fcrze,10 Werkzeugtaschen,Schwei\u00dfersch\u00fcrze mit Kreuz\u2026\",\"breadcrumb\":{\"@id\":\"https:\\\/\\\/marktxxl.de\\\/markt\\\/produkt\\\/arbeitsschuerze-herren-robuste-gewachstes-segeltuch-werkzeugschuerze9-werkzeugtaschen-schweisserschuerze-mit-kreuz-rueckengurten-verstellbar-m-bis-xxl-fuer-garten-keramik-werkstatt-garage-und\\\/#breadcrumb\"},\"inLanguage\":\"de\",\"potentialAction\":[{\"@type\":\"ReadAction\",\"target\":[\"https:\\\/\\\/marktxxl.de\\\/markt\\\/produkt\\\/arbeitsschuerze-herren-robuste-gewachstes-segeltuch-werkzeugschuerze9-werkzeugtaschen-schweisserschuerze-mit-kreuz-rueckengurten-verstellbar-m-bis-xxl-fuer-garten-keramik-werkstatt-garage-und\\\/\"]}]},{\"@type\":\"ImageObject\",\"inLanguage\":\"de\",\"@id\":\"https:\\\/\\\/marktxxl.de\\\/markt\\\/produkt\\\/arbeitsschuerze-herren-robuste-gewachstes-segeltuch-werkzeugschuerze9-werkzeugtaschen-schweisserschuerze-mit-kreuz-rueckengurten-verstellbar-m-bis-xxl-fuer-garten-keramik-werkstatt-garage-und\\\/#primaryimage\",\"url\":\"https:\\\/\\\/m.media-amazon.com\\\/images\\\/I\\\/41O0nkW-6lL._SL500_.jpg\",\"contentUrl\":\"https:\\\/\\\/m.media-amazon.com\\\/images\\\/I\\\/41O0nkW-6lL._SL500_.jpg\",\"width\":500,\"height\":500},{\"@type\":\"BreadcrumbList\",\"@id\":\"https:\\\/\\\/marktxxl.de\\\/markt\\\/produkt\\\/arbeitsschuerze-herren-robuste-gewachstes-segeltuch-werkzeugschuerze9-werkzeugtaschen-schweisserschuerze-mit-kreuz-rueckengurten-verstellbar-m-bis-xxl-fuer-garten-keramik-werkstatt-garage-und\\\/#breadcrumb\",\"itemListElement\":[{\"@type\":\"ListItem\",\"position\":1,\"name\":\"Startseite\",\"item\":\"https:\\\/\\\/marktxxl.de\\\/markt\\\/\"},{\"@type\":\"ListItem\",\"position\":2,\"name\":\"Markt\",\"item\":\"https:\\\/\\\/marktxxl.de\\\/markt\\\/\"},{\"@type\":\"ListItem\",\"position\":3,\"name\":\"Arbeitssch\u00fcrze herren,Robuste gewachstes Segeltuch Werkzeugsch\u00fcrze,10 Werkzeugtaschen,Schwei\u00dfersch\u00fcrze mit Kreuz\u2026\"}]},{\"@type\":\"WebSite\",\"@id\":\"https:\\\/\\\/marktxxl.de\\\/markt\\\/#website\",\"url\":\"https:\\\/\\\/marktxxl.de\\\/markt\\\/\",\"name\":\"Markt-XXL\",\"description\":\"Ihr Markt Online\",\"publisher\":{\"@id\":\"https:\\\/\\\/marktxxl.de\\\/markt\\\/#organization\"},\"potentialAction\":[{\"@type\":\"SearchAction\",\"target\":{\"@type\":\"EntryPoint\",\"urlTemplate\":\"https:\\\/\\\/marktxxl.de\\\/markt\\\/?s={search_term_string}\"},\"query-input\":{\"@type\":\"PropertyValueSpecification\",\"valueRequired\":true,\"valueName\":\"search_term_string\"}}],\"inLanguage\":\"de\"},{\"@type\":\"Organization\",\"@id\":\"https:\\\/\\\/marktxxl.de\\\/markt\\\/#organization\",\"name\":\"Markt-XXL\",\"url\":\"https:\\\/\\\/marktxxl.de\\\/markt\\\/\",\"logo\":{\"@type\":\"ImageObject\",\"inLanguage\":\"de\",\"@id\":\"https:\\\/\\\/marktxxl.de\\\/markt\\\/#\\\/schema\\\/logo\\\/image\\\/\",\"url\":\"https:\\\/\\\/marktxxl.de\\\/markt\\\/wp-content\\\/uploads\\\/sites\\\/3\\\/2020\\\/12\\\/logo.png\",\"contentUrl\":\"https:\\\/\\\/marktxxl.de\\\/markt\\\/wp-content\\\/uploads\\\/sites\\\/3\\\/2020\\\/12\\\/logo.png\",\"width\":200,\"height\":70,\"caption\":\"Markt-XXL\"},\"image\":{\"@id\":\"https:\\\/\\\/marktxxl.de\\\/markt\\\/#\\\/schema\\\/logo\\\/image\\\/\"}}]}<\/script>\n<!-- \/ Yoast SEO plugin. -->","yoast_head_json":{"title":"Arbeitssch\u00fcrze herren,Robuste gewachstes Segeltuch Werkzeugsch\u00fcrze,10 Werkzeugtaschen,Schwei\u00dfersch\u00fcrze mit Kreuz\u2026 - Markt-XXL","description":"Markt-XXL Arbeitssch\u00fcrze herren,Robuste gewachstes Segeltuch Werkzeugsch\u00fcrze,10 Werkzeugtaschen,Schwei\u00dfersch\u00fcrze mit Kreuz\u2026","robots":{"index":"index","follow":"follow","max-snippet":"max-snippet:-1","max-image-preview":"max-image-preview:large","max-video-preview":"max-video-preview:-1"},"canonical":"https:\/\/marktxxl.de\/markt\/produkt\/arbeitsschuerze-herren-robuste-gewachstes-segeltuch-werkzeugschuerze9-werkzeugtaschen-schweisserschuerze-mit-kreuz-rueckengurten-verstellbar-m-bis-xxl-fuer-garten-keramik-werkstatt-garage-und\/","og_locale":"de_DE","og_type":"article","og_title":"Arbeitssch\u00fcrze herren,Robuste gewachstes Segeltuch Werkzeugsch\u00fcrze,10 Werkzeugtaschen,Schwei\u00dfersch\u00fcrze mit Kreuz\u2026 - Markt-XXL","og_description":"Markt-XXL Arbeitssch\u00fcrze herren,Robuste gewachstes Segeltuch Werkzeugsch\u00fcrze,10 Werkzeugtaschen,Schwei\u00dfersch\u00fcrze mit Kreuz\u2026","og_url":"https:\/\/marktxxl.de\/markt\/produkt\/arbeitsschuerze-herren-robuste-gewachstes-segeltuch-werkzeugschuerze9-werkzeugtaschen-schweisserschuerze-mit-kreuz-rueckengurten-verstellbar-m-bis-xxl-fuer-garten-keramik-werkstatt-garage-und\/","og_site_name":"Markt-XXL","article_modified_time":"2023-04-10T00:04:22+00:00","og_image":[{"width":500,"height":500,"url":"https:\/\/m.media-amazon.com\/images\/I\/41O0nkW-6lL._SL500_.jpg","type":"image\/jpeg"}],"twitter_card":"summary_large_image","twitter_misc":{"Gesch\u00e4tzte Lesezeit":"1\u00a0Minute"},"schema":{"@context":"https:\/\/schema.org","@graph":[{"@type":"WebPage","@id":"https:\/\/marktxxl.de\/markt\/produkt\/arbeitsschuerze-herren-robuste-gewachstes-segeltuch-werkzeugschuerze9-werkzeugtaschen-schweisserschuerze-mit-kreuz-rueckengurten-verstellbar-m-bis-xxl-fuer-garten-keramik-werkstatt-garage-und\/","url":"https:\/\/marktxxl.de\/markt\/produkt\/arbeitsschuerze-herren-robuste-gewachstes-segeltuch-werkzeugschuerze9-werkzeugtaschen-schweisserschuerze-mit-kreuz-rueckengurten-verstellbar-m-bis-xxl-fuer-garten-keramik-werkstatt-garage-und\/","name":"Arbeitssch\u00fcrze herren,Robuste gewachstes Segeltuch Werkzeugsch\u00fcrze,10 Werkzeugtaschen,Schwei\u00dfersch\u00fcrze mit Kreuz\u2026 - Markt-XXL","isPartOf":{"@id":"https:\/\/marktxxl.de\/markt\/#website"},"primaryImageOfPage":{"@id":"https:\/\/marktxxl.de\/markt\/produkt\/arbeitsschuerze-herren-robuste-gewachstes-segeltuch-werkzeugschuerze9-werkzeugtaschen-schweisserschuerze-mit-kreuz-rueckengurten-verstellbar-m-bis-xxl-fuer-garten-keramik-werkstatt-garage-und\/#primaryimage"},"image":{"@id":"https:\/\/marktxxl.de\/markt\/produkt\/arbeitsschuerze-herren-robuste-gewachstes-segeltuch-werkzeugschuerze9-werkzeugtaschen-schweisserschuerze-mit-kreuz-rueckengurten-verstellbar-m-bis-xxl-fuer-garten-keramik-werkstatt-garage-und\/#primaryimage"},"thumbnailUrl":"https:\/\/m.media-amazon.com\/images\/I\/41O0nkW-6lL._SL500_.jpg","datePublished":"2021-10-13T18:45:23+00:00","dateModified":"2023-04-10T00:04:22+00:00","description":"Markt-XXL Arbeitssch\u00fcrze herren,Robuste gewachstes Segeltuch Werkzeugsch\u00fcrze,10 Werkzeugtaschen,Schwei\u00dfersch\u00fcrze mit Kreuz\u2026","breadcrumb":{"@id":"https:\/\/marktxxl.de\/markt\/produkt\/arbeitsschuerze-herren-robuste-gewachstes-segeltuch-werkzeugschuerze9-werkzeugtaschen-schweisserschuerze-mit-kreuz-rueckengurten-verstellbar-m-bis-xxl-fuer-garten-keramik-werkstatt-garage-und\/#breadcrumb"},"inLanguage":"de","potentialAction":[{"@type":"ReadAction","target":["https:\/\/marktxxl.de\/markt\/produkt\/arbeitsschuerze-herren-robuste-gewachstes-segeltuch-werkzeugschuerze9-werkzeugtaschen-schweisserschuerze-mit-kreuz-rueckengurten-verstellbar-m-bis-xxl-fuer-garten-keramik-werkstatt-garage-und\/"]}]},{"@type":"ImageObject","inLanguage":"de","@id":"https:\/\/marktxxl.de\/markt\/produkt\/arbeitsschuerze-herren-robuste-gewachstes-segeltuch-werkzeugschuerze9-werkzeugtaschen-schweisserschuerze-mit-kreuz-rueckengurten-verstellbar-m-bis-xxl-fuer-garten-keramik-werkstatt-garage-und\/#primaryimage","url":"https:\/\/m.media-amazon.com\/images\/I\/41O0nkW-6lL._SL500_.jpg","contentUrl":"https:\/\/m.media-amazon.com\/images\/I\/41O0nkW-6lL._SL500_.jpg","width":500,"height":500},{"@type":"BreadcrumbList","@id":"https:\/\/marktxxl.de\/markt\/produkt\/arbeitsschuerze-herren-robuste-gewachstes-segeltuch-werkzeugschuerze9-werkzeugtaschen-schweisserschuerze-mit-kreuz-rueckengurten-verstellbar-m-bis-xxl-fuer-garten-keramik-werkstatt-garage-und\/#breadcrumb","itemListElement":[{"@type":"ListItem","position":1,"name":"Startseite","item":"https:\/\/marktxxl.de\/markt\/"},{"@type":"ListItem","position":2,"name":"Markt","item":"https:\/\/marktxxl.de\/markt\/"},{"@type":"ListItem","position":3,"name":"Arbeitssch\u00fcrze herren,Robuste gewachstes Segeltuch Werkzeugsch\u00fcrze,10 Werkzeugtaschen,Schwei\u00dfersch\u00fcrze mit Kreuz\u2026"}]},{"@type":"WebSite","@id":"https:\/\/marktxxl.de\/markt\/#website","url":"https:\/\/marktxxl.de\/markt\/","name":"Markt-XXL","description":"Ihr Markt Online","publisher":{"@id":"https:\/\/marktxxl.de\/markt\/#organization"},"potentialAction":[{"@type":"SearchAction","target":{"@type":"EntryPoint","urlTemplate":"https:\/\/marktxxl.de\/markt\/?s={search_term_string}"},"query-input":{"@type":"PropertyValueSpecification","valueRequired":true,"valueName":"search_term_string"}}],"inLanguage":"de"},{"@type":"Organization","@id":"https:\/\/marktxxl.de\/markt\/#organization","name":"Markt-XXL","url":"https:\/\/marktxxl.de\/markt\/","logo":{"@type":"ImageObject","inLanguage":"de","@id":"https:\/\/marktxxl.de\/markt\/#\/schema\/logo\/image\/","url":"https:\/\/marktxxl.de\/markt\/wp-content\/uploads\/sites\/3\/2020\/12\/logo.png","contentUrl":"https:\/\/marktxxl.de\/markt\/wp-content\/uploads\/sites\/3\/2020\/12\/logo.png","width":200,"height":70,"caption":"Markt-XXL"},"image":{"@id":"https:\/\/marktxxl.de\/markt\/#\/schema\/logo\/image\/"}}]}},"_links":{"self":[{"href":"https:\/\/marktxxl.de\/markt\/wp-json\/wp\/v2\/product\/52880","targetHints":{"allow":["GET"]}}],"collection":[{"href":"https:\/\/marktxxl.de\/markt\/wp-json\/wp\/v2\/product"}],"about":[{"href":"https:\/\/marktxxl.de\/markt\/wp-json\/wp\/v2\/types\/product"}],"replies":[{"embeddable":true,"href":"https:\/\/marktxxl.de\/markt\/wp-json\/wp\/v2\/comments?post=52880"}],"wp:featuredmedia":[{"embeddable":true,"href":"https:\/\/marktxxl.de\/markt\/wp-json\/wp\/v2\/media\/52881"}],"wp:attachment":[{"href":"https:\/\/marktxxl.de\/markt\/wp-json\/wp\/v2\/media?parent=52880"}],"wp:term":[{"taxonomy":"product_brand","embeddable":true,"href":"https:\/\/marktxxl.de\/markt\/wp-json\/wp\/v2\/product_brand?post=52880"},{"taxonomy":"product_cat","embeddable":true,"href":"https:\/\/marktxxl.de\/markt\/wp-json\/wp\/v2\/product_cat?post=52880"},{"taxonomy":"product_tag","embeddable":true,"href":"https:\/\/marktxxl.de\/markt\/wp-json\/wp\/v2\/product_tag?post=52880"}],"curies":[{"name":"wp","href":"https:\/\/api.w.org\/{rel}","templated":true}]}}