{"id":52674,"date":"2021-10-13T20:40:26","date_gmt":"2021-10-13T18:40:26","guid":{"rendered":"https:\/\/marktxxl.de\/markt\/produkt\/liberty-herren-overall-stonewashed-denim\/"},"modified":"2023-04-10T02:04:18","modified_gmt":"2023-04-10T00:04:18","slug":"liberty-herren-overall-stonewashed-denim","status":"publish","type":"product","link":"https:\/\/marktxxl.de\/markt\/produkt\/liberty-herren-overall-stonewashed-denim\/","title":{"rendered":"Liberty Herren Overall Stonewashed Denim"},"content":{"rendered":"<p>\u00dcberlegene Komfort-Passform: Dieser strapazierf\u00e4hige, 100% Baumwoll-Denim-Overall verf\u00fcgt \u00fcber eine gro\u00dfz\u00fcgige, ger\u00e4umige Passform mit verstellbaren Schultergurten, Dreifachn\u00e4hten f\u00fcr zus\u00e4tzliche Stabilit\u00e4t, ein gro\u00dfes L\u00e4tzchen mit Patte und Rei\u00dfverschlusstaschen und mehrere weitere Taschen f\u00fcr praktische Aufbewahrung<br \/>\nStabile Funktionalit\u00e4t: Diese Overalls sind f\u00fcr harte Arbeit gebaut und f\u00fcr Komfort und Komfort ausgestattet mit verst\u00e4rkten Riegeln an den Belastungspunkten f\u00fcr zus\u00e4tzliche Stabilit\u00e4t, 2 Fl\u00fcgeltaschen vorne, 2 aufgesetzte H\u00fcfttaschen, Zollstock- und Zangentaschen und eine gedrehte Hammerschlaufe<br \/>\nRobust und ger\u00e4umig: M\u00f6chten Sie eine bequeme und extra robuste Alternative zu traditionellen Arbeitshosen? Probieren Sie unsere Latzhose in strapazierf\u00e4higer Baumwoll-Ente oder fein gewebtem Baumwoll-Denim. Beide widerstehen Verhaken und Rei\u00dfen, und stabile Dreifachn\u00e4hte und g\u00fcrtellose ger\u00e4umige Passform<br \/>\nVertrauensw\u00fcrdiger Name: 1912 gegr\u00fcndet beh\u00e4lt Liberty Bibs das h\u00f6chste Markenbewusstsein in seiner Kategorie als zeitlose, multigenerationale Ikone. Die unvergesslichen Akzente und das unverwechselbare Design haben in den letzten hundert Jahren eine einfache Wiedererkennung der Verbraucher geschaffen<br \/>\nWir machen Jeans, Oberbekleidung, Arbeitsuniformen, Jagdbekleidung, Sportshirts, Kinderbekleidung, M\u00fctzen, Socken, Unterw\u00e4sche, Stiefel, Handschuhe, G\u00fcrtel, Brillen, Rucks\u00e4cke, Taschen und vieles mehr.<br \/>\n<div class=\"main-cross-sell\" data-asin=\"B00KTCFAGI\">\n\n\t<div class=\"WooZone-cross-sell-loader\">\n\t\t<div>\n\t\t\t<div id=\"floatingBarsG\">\n\t\t\t\t<div class=\"blockG\" id=\"rotateG_01\"><\/div>\n\t\t\t\t<div class=\"blockG\" id=\"rotateG_02\"><\/div>\n\t\t\t\t<div class=\"blockG\" id=\"rotateG_03\"><\/div>\n\t\t\t\t<div class=\"blockG\" id=\"rotateG_04\"><\/div>\n\t\t\t\t<div class=\"blockG\" id=\"rotateG_05\"><\/div>\n\t\t\t\t<div class=\"blockG\" id=\"rotateG_06\"><\/div>\n\t\t\t\t<div class=\"blockG\" id=\"rotateG_07\"><\/div>\n\t\t\t\t<div class=\"blockG\" id=\"rotateG_08\"><\/div>\n\t\t\t<\/div>\n\t\t\t<div class=\"WooZone-cross-sell-loader-text\"><\/div>\n\t\t<\/div>\n\t<\/div>\n\n\t\t\n<\/div>\n<div style=\"clear:both;\"><\/div><\/p>\n","protected":false},"excerpt":{"rendered":"<p>\u00dcberlegene Komfort-Passform: Dieser strapazierf\u00e4hige, 100% Baumwoll-Denim-Overall verf\u00fcgt \u00fcber eine gro\u00dfz\u00fcgige, ger\u00e4umige Passform mit verstellbaren Schultergurten, Dreifachn\u00e4hten f\u00fcr zus\u00e4tzliche Stabilit\u00e4t, ein gro\u00dfes L\u00e4tzchen mit Patte und Rei\u00dfverschlusstaschen und mehrere weitere Taschen f\u00fcr praktische Aufbewahrung<br \/>\nStabile Funktionalit\u00e4t: Diese Overalls sind f\u00fcr harte Arbeit gebaut und f\u00fcr Komfort und Komfort ausgestattet mit verst\u00e4rkten Riegeln an den Belastungspunkten f\u00fcr zus\u00e4tzliche Stabilit\u00e4t, 2 Fl\u00fcgeltaschen vorne, 2 aufgesetzte H\u00fcfttaschen, Zollstock- und Zangentaschen und eine gedrehte Hammerschlaufe<br \/>\nRobust und ger\u00e4umig: M\u00f6chten Sie eine bequeme und extra robuste Alternative zu traditionellen Arbeitshosen? Probieren Sie unsere Latzhose in strapazierf\u00e4higer Baumwoll-Ente oder fein gewebtem Baumwoll-Denim. Beide widerstehen Verhaken und Rei\u00dfen, und stabile Dreifachn\u00e4hte und g\u00fcrtellose ger\u00e4umige Passform<\/p>\n","protected":false},"featured_media":52685,"comment_status":"open","ping_status":"closed","template":"","meta":[],"product_brand":[],"product_cat":[4143,1186],"product_tag":[],"class_list":{"0":"post-52674","1":"product","2":"type-product","3":"status-publish","4":"has-post-thumbnail","6":"product_cat-arbeitskleidung-uniformen","7":"product_cat-bekleidung","8":"pa_binding-textilien","9":"pa_brand-liberty","10":"pa_color-stein-gewaschen","11":"pa_farbe-stonewashed","12":"pa_groesse-34w-30l","13":"pa_groesse-36w-30l","14":"pa_groesse-36w-32l","15":"pa_groesse-38w-32l","16":"pa_groesse-42w-28l","17":"pa_groesse-46w-28l","18":"pa_groesse-46w-30l","19":"pa_groesse-54w-30l","20":"pa_groesse-56w-32l","21":"pa_groesse-60w-x-30l","22":"pa_height-2-zoll","23":"pa_length-15-zoll","24":"pa_manufacturer-walls-mens-apparel-child-code","25":"pa_model-14006sw9","26":"pa_width-9-zoll","28":"first","29":"instock","30":"shipping-taxable","31":"purchasable","32":"product-type-variable","33":"customify-col","34":"product-has-gallery"},"yoast_head":"<!-- This site is optimized with the Yoast SEO plugin v27.3 - https:\/\/yoast.com\/product\/yoast-seo-wordpress\/ -->\n<title>Liberty Herren Overall Stonewashed Denim - Markt-XXL<\/title>\n<meta name=\"description\" content=\"Markt-XXL Liberty Herren Overall Stonewashed Denim\" \/>\n<meta name=\"robots\" content=\"index, follow, max-snippet:-1, max-image-preview:large, max-video-preview:-1\" \/>\n<link rel=\"canonical\" href=\"https:\/\/marktxxl.de\/markt\/produkt\/liberty-herren-overall-stonewashed-denim\/\" \/>\n<meta property=\"og:locale\" content=\"de_DE\" \/>\n<meta property=\"og:type\" content=\"article\" \/>\n<meta property=\"og:title\" content=\"Liberty Herren Overall Stonewashed Denim - Markt-XXL\" \/>\n<meta property=\"og:description\" content=\"Markt-XXL Liberty Herren Overall Stonewashed Denim\" \/>\n<meta property=\"og:url\" content=\"https:\/\/marktxxl.de\/markt\/produkt\/liberty-herren-overall-stonewashed-denim\/\" \/>\n<meta property=\"og:site_name\" content=\"Markt-XXL\" \/>\n<meta property=\"article:modified_time\" content=\"2023-04-10T00:04:18+00:00\" \/>\n<meta property=\"og:image\" content=\"https:\/\/m.media-amazon.com\/images\/I\/41lmdBimk7L._SL500_.jpg\" \/>\n\t<meta property=\"og:image:width\" content=\"487\" \/>\n\t<meta property=\"og:image:height\" content=\"500\" \/>\n\t<meta property=\"og:image:type\" content=\"image\/jpeg\" \/>\n<meta name=\"twitter:card\" content=\"summary_large_image\" \/>\n<meta name=\"twitter:label1\" content=\"Gesch\u00e4tzte Lesezeit\" \/>\n\t<meta name=\"twitter:data1\" content=\"1\u00a0Minute\" \/>\n<script type=\"application\/ld+json\" class=\"yoast-schema-graph\">{\"@context\":\"https:\\\/\\\/schema.org\",\"@graph\":[{\"@type\":\"WebPage\",\"@id\":\"https:\\\/\\\/marktxxl.de\\\/markt\\\/produkt\\\/liberty-herren-overall-stonewashed-denim\\\/\",\"url\":\"https:\\\/\\\/marktxxl.de\\\/markt\\\/produkt\\\/liberty-herren-overall-stonewashed-denim\\\/\",\"name\":\"Liberty Herren Overall Stonewashed Denim - Markt-XXL\",\"isPartOf\":{\"@id\":\"https:\\\/\\\/marktxxl.de\\\/markt\\\/#website\"},\"primaryImageOfPage\":{\"@id\":\"https:\\\/\\\/marktxxl.de\\\/markt\\\/produkt\\\/liberty-herren-overall-stonewashed-denim\\\/#primaryimage\"},\"image\":{\"@id\":\"https:\\\/\\\/marktxxl.de\\\/markt\\\/produkt\\\/liberty-herren-overall-stonewashed-denim\\\/#primaryimage\"},\"thumbnailUrl\":\"https:\\\/\\\/m.media-amazon.com\\\/images\\\/I\\\/41lmdBimk7L._SL500_.jpg\",\"datePublished\":\"2021-10-13T18:40:26+00:00\",\"dateModified\":\"2023-04-10T00:04:18+00:00\",\"description\":\"Markt-XXL Liberty Herren Overall Stonewashed Denim\",\"breadcrumb\":{\"@id\":\"https:\\\/\\\/marktxxl.de\\\/markt\\\/produkt\\\/liberty-herren-overall-stonewashed-denim\\\/#breadcrumb\"},\"inLanguage\":\"de\",\"potentialAction\":[{\"@type\":\"ReadAction\",\"target\":[\"https:\\\/\\\/marktxxl.de\\\/markt\\\/produkt\\\/liberty-herren-overall-stonewashed-denim\\\/\"]}]},{\"@type\":\"ImageObject\",\"inLanguage\":\"de\",\"@id\":\"https:\\\/\\\/marktxxl.de\\\/markt\\\/produkt\\\/liberty-herren-overall-stonewashed-denim\\\/#primaryimage\",\"url\":\"https:\\\/\\\/m.media-amazon.com\\\/images\\\/I\\\/41lmdBimk7L._SL500_.jpg\",\"contentUrl\":\"https:\\\/\\\/m.media-amazon.com\\\/images\\\/I\\\/41lmdBimk7L._SL500_.jpg\",\"width\":487,\"height\":500},{\"@type\":\"BreadcrumbList\",\"@id\":\"https:\\\/\\\/marktxxl.de\\\/markt\\\/produkt\\\/liberty-herren-overall-stonewashed-denim\\\/#breadcrumb\",\"itemListElement\":[{\"@type\":\"ListItem\",\"position\":1,\"name\":\"Startseite\",\"item\":\"https:\\\/\\\/marktxxl.de\\\/markt\\\/\"},{\"@type\":\"ListItem\",\"position\":2,\"name\":\"Markt\",\"item\":\"https:\\\/\\\/marktxxl.de\\\/markt\\\/\"},{\"@type\":\"ListItem\",\"position\":3,\"name\":\"Liberty Herren Overall Stonewashed Denim\"}]},{\"@type\":\"WebSite\",\"@id\":\"https:\\\/\\\/marktxxl.de\\\/markt\\\/#website\",\"url\":\"https:\\\/\\\/marktxxl.de\\\/markt\\\/\",\"name\":\"Markt-XXL\",\"description\":\"Ihr Markt Online\",\"publisher\":{\"@id\":\"https:\\\/\\\/marktxxl.de\\\/markt\\\/#organization\"},\"potentialAction\":[{\"@type\":\"SearchAction\",\"target\":{\"@type\":\"EntryPoint\",\"urlTemplate\":\"https:\\\/\\\/marktxxl.de\\\/markt\\\/?s={search_term_string}\"},\"query-input\":{\"@type\":\"PropertyValueSpecification\",\"valueRequired\":true,\"valueName\":\"search_term_string\"}}],\"inLanguage\":\"de\"},{\"@type\":\"Organization\",\"@id\":\"https:\\\/\\\/marktxxl.de\\\/markt\\\/#organization\",\"name\":\"Markt-XXL\",\"url\":\"https:\\\/\\\/marktxxl.de\\\/markt\\\/\",\"logo\":{\"@type\":\"ImageObject\",\"inLanguage\":\"de\",\"@id\":\"https:\\\/\\\/marktxxl.de\\\/markt\\\/#\\\/schema\\\/logo\\\/image\\\/\",\"url\":\"https:\\\/\\\/marktxxl.de\\\/markt\\\/wp-content\\\/uploads\\\/sites\\\/3\\\/2020\\\/12\\\/logo.png\",\"contentUrl\":\"https:\\\/\\\/marktxxl.de\\\/markt\\\/wp-content\\\/uploads\\\/sites\\\/3\\\/2020\\\/12\\\/logo.png\",\"width\":200,\"height\":70,\"caption\":\"Markt-XXL\"},\"image\":{\"@id\":\"https:\\\/\\\/marktxxl.de\\\/markt\\\/#\\\/schema\\\/logo\\\/image\\\/\"}}]}<\/script>\n<!-- \/ Yoast SEO plugin. -->","yoast_head_json":{"title":"Liberty Herren Overall Stonewashed Denim - Markt-XXL","description":"Markt-XXL Liberty Herren Overall Stonewashed Denim","robots":{"index":"index","follow":"follow","max-snippet":"max-snippet:-1","max-image-preview":"max-image-preview:large","max-video-preview":"max-video-preview:-1"},"canonical":"https:\/\/marktxxl.de\/markt\/produkt\/liberty-herren-overall-stonewashed-denim\/","og_locale":"de_DE","og_type":"article","og_title":"Liberty Herren Overall Stonewashed Denim - Markt-XXL","og_description":"Markt-XXL Liberty Herren Overall Stonewashed Denim","og_url":"https:\/\/marktxxl.de\/markt\/produkt\/liberty-herren-overall-stonewashed-denim\/","og_site_name":"Markt-XXL","article_modified_time":"2023-04-10T00:04:18+00:00","og_image":[{"width":487,"height":500,"url":"https:\/\/m.media-amazon.com\/images\/I\/41lmdBimk7L._SL500_.jpg","type":"image\/jpeg"}],"twitter_card":"summary_large_image","twitter_misc":{"Gesch\u00e4tzte Lesezeit":"1\u00a0Minute"},"schema":{"@context":"https:\/\/schema.org","@graph":[{"@type":"WebPage","@id":"https:\/\/marktxxl.de\/markt\/produkt\/liberty-herren-overall-stonewashed-denim\/","url":"https:\/\/marktxxl.de\/markt\/produkt\/liberty-herren-overall-stonewashed-denim\/","name":"Liberty Herren Overall Stonewashed Denim - Markt-XXL","isPartOf":{"@id":"https:\/\/marktxxl.de\/markt\/#website"},"primaryImageOfPage":{"@id":"https:\/\/marktxxl.de\/markt\/produkt\/liberty-herren-overall-stonewashed-denim\/#primaryimage"},"image":{"@id":"https:\/\/marktxxl.de\/markt\/produkt\/liberty-herren-overall-stonewashed-denim\/#primaryimage"},"thumbnailUrl":"https:\/\/m.media-amazon.com\/images\/I\/41lmdBimk7L._SL500_.jpg","datePublished":"2021-10-13T18:40:26+00:00","dateModified":"2023-04-10T00:04:18+00:00","description":"Markt-XXL Liberty Herren Overall Stonewashed Denim","breadcrumb":{"@id":"https:\/\/marktxxl.de\/markt\/produkt\/liberty-herren-overall-stonewashed-denim\/#breadcrumb"},"inLanguage":"de","potentialAction":[{"@type":"ReadAction","target":["https:\/\/marktxxl.de\/markt\/produkt\/liberty-herren-overall-stonewashed-denim\/"]}]},{"@type":"ImageObject","inLanguage":"de","@id":"https:\/\/marktxxl.de\/markt\/produkt\/liberty-herren-overall-stonewashed-denim\/#primaryimage","url":"https:\/\/m.media-amazon.com\/images\/I\/41lmdBimk7L._SL500_.jpg","contentUrl":"https:\/\/m.media-amazon.com\/images\/I\/41lmdBimk7L._SL500_.jpg","width":487,"height":500},{"@type":"BreadcrumbList","@id":"https:\/\/marktxxl.de\/markt\/produkt\/liberty-herren-overall-stonewashed-denim\/#breadcrumb","itemListElement":[{"@type":"ListItem","position":1,"name":"Startseite","item":"https:\/\/marktxxl.de\/markt\/"},{"@type":"ListItem","position":2,"name":"Markt","item":"https:\/\/marktxxl.de\/markt\/"},{"@type":"ListItem","position":3,"name":"Liberty Herren Overall Stonewashed Denim"}]},{"@type":"WebSite","@id":"https:\/\/marktxxl.de\/markt\/#website","url":"https:\/\/marktxxl.de\/markt\/","name":"Markt-XXL","description":"Ihr Markt Online","publisher":{"@id":"https:\/\/marktxxl.de\/markt\/#organization"},"potentialAction":[{"@type":"SearchAction","target":{"@type":"EntryPoint","urlTemplate":"https:\/\/marktxxl.de\/markt\/?s={search_term_string}"},"query-input":{"@type":"PropertyValueSpecification","valueRequired":true,"valueName":"search_term_string"}}],"inLanguage":"de"},{"@type":"Organization","@id":"https:\/\/marktxxl.de\/markt\/#organization","name":"Markt-XXL","url":"https:\/\/marktxxl.de\/markt\/","logo":{"@type":"ImageObject","inLanguage":"de","@id":"https:\/\/marktxxl.de\/markt\/#\/schema\/logo\/image\/","url":"https:\/\/marktxxl.de\/markt\/wp-content\/uploads\/sites\/3\/2020\/12\/logo.png","contentUrl":"https:\/\/marktxxl.de\/markt\/wp-content\/uploads\/sites\/3\/2020\/12\/logo.png","width":200,"height":70,"caption":"Markt-XXL"},"image":{"@id":"https:\/\/marktxxl.de\/markt\/#\/schema\/logo\/image\/"}}]}},"_links":{"self":[{"href":"https:\/\/marktxxl.de\/markt\/wp-json\/wp\/v2\/product\/52674","targetHints":{"allow":["GET"]}}],"collection":[{"href":"https:\/\/marktxxl.de\/markt\/wp-json\/wp\/v2\/product"}],"about":[{"href":"https:\/\/marktxxl.de\/markt\/wp-json\/wp\/v2\/types\/product"}],"replies":[{"embeddable":true,"href":"https:\/\/marktxxl.de\/markt\/wp-json\/wp\/v2\/comments?post=52674"}],"wp:featuredmedia":[{"embeddable":true,"href":"https:\/\/marktxxl.de\/markt\/wp-json\/wp\/v2\/media\/52685"}],"wp:attachment":[{"href":"https:\/\/marktxxl.de\/markt\/wp-json\/wp\/v2\/media?parent=52674"}],"wp:term":[{"taxonomy":"product_brand","embeddable":true,"href":"https:\/\/marktxxl.de\/markt\/wp-json\/wp\/v2\/product_brand?post=52674"},{"taxonomy":"product_cat","embeddable":true,"href":"https:\/\/marktxxl.de\/markt\/wp-json\/wp\/v2\/product_cat?post=52674"},{"taxonomy":"product_tag","embeddable":true,"href":"https:\/\/marktxxl.de\/markt\/wp-json\/wp\/v2\/product_tag?post=52674"}],"curies":[{"name":"wp","href":"https:\/\/api.w.org\/{rel}","templated":true}]}}