{"id":52664,"date":"2021-10-13T20:40:25","date_gmt":"2021-10-13T18:40:25","guid":{"rendered":"https:\/\/marktxxl.de\/markt\/produkt\/hudson-durable-goods-schwere-gewachste-canvas-schuerze-schwarz-passt-m-bis-xxl\/"},"modified":"2023-04-10T02:04:18","modified_gmt":"2023-04-10T00:04:18","slug":"hudson-durable-goods-schwere-gewachste-canvas-schuerze-schwarz-passt-m-bis-xxl","status":"publish","type":"product","link":"https:\/\/marktxxl.de\/markt\/produkt\/hudson-durable-goods-schwere-gewachste-canvas-schuerze-schwarz-passt-m-bis-xxl\/","title":{"rendered":"Hudson Durable Goods Schwere gewachste Canvas-Sch\u00fcrze"},"content":{"rendered":"<p>built-to-last: bauqualit\u00e4t, die nachahmer nicht mithalten k\u00f6nnen! handarbeit aus wasserdicht und robust 16 unzen gewachstem canvas. verst\u00e4rkt mit schwergewichtigen gewehr-metall-\u00f6sen und nieten. doppelt gen\u00e4hte werkzeugtaschen und dicke obere und untere s\u00e4ume f\u00fcr st\u00e4rke und struktur.<br \/>\nall day comfort + ma\u00dfgeschneiderte fit: nackenschmerzen mit unserem verstellbaren quer r\u00fcckengurt design verhindern. vollst\u00e4ndige abdeckung latzsch\u00fcrze ist 27 zoll breit x 34 zoll gro\u00df f\u00fcr unisex sizing (empfohlen f\u00fcr 5&#8242; 2&#8243; oder gr\u00f6\u00dfer einzelpersonen). grommets + lange riemen f\u00fcr eine reihe von anpassungen bis zu einer 50-zoll-taille lassen!<br \/>\nvielseitig einsetzbares werkzeug pockets: gro\u00dfe, leicht zug\u00e4ngliche tools \/ zubeh\u00f6r taschen vorne (8 x 6,5 zoll jeweils platz f\u00fcr tischler platz). schnelle zugriff handy \/ bleistifttasche auf der vorderseite der brust. large \u201ek\u00e4nguruh\u201c stil hand tasche. aufh\u00e4nge\u00f6se auf der r\u00fcckseite des bib.<br \/>\nprofessional style: low-profile-design ohne sperrige taschen an der taille. sleek matte schwarze farbe f\u00fcr ein professionelles aussehen. functional &amp; stylish pistolenmetall\u00f6sen und nieten.<br \/>\nbreite anwendung: werkzeug sch\u00fcrze mit taschen, gebrauch sch\u00fcrze f\u00fcr werkzeugbau, shop sch\u00fcrze f\u00fcr tischler, holzarbeiter, weidmannskunst, drechseln, holzgesch\u00e4ft, werkstatt, maschinisten, mann sch\u00fcrze, t\u00e4towierer, barkeeper, metall, licht schwei\u00dfen, kunstschmied, schmiede, b\u00fcchsenmacher, drehmaschine, drechsler, baristas, metzger, brauer, maler, herren-sch\u00fcrze, holzbearbeitung, sicherheitsausr\u00fcstung, sch\u00fcrze f\u00fcr m\u00e4nner, schutzkleidung etc. einzigartiges geschenk f\u00fcr m\u00e4nner und v\u00e4ter.<br \/>\n<div class=\"main-cross-sell\" data-asin=\"B01E4DYQQM\">\n\n\t<div class=\"WooZone-cross-sell-loader\">\n\t\t<div>\n\t\t\t<div id=\"floatingBarsG\">\n\t\t\t\t<div class=\"blockG\" id=\"rotateG_01\"><\/div>\n\t\t\t\t<div class=\"blockG\" id=\"rotateG_02\"><\/div>\n\t\t\t\t<div class=\"blockG\" id=\"rotateG_03\"><\/div>\n\t\t\t\t<div class=\"blockG\" id=\"rotateG_04\"><\/div>\n\t\t\t\t<div class=\"blockG\" id=\"rotateG_05\"><\/div>\n\t\t\t\t<div class=\"blockG\" id=\"rotateG_06\"><\/div>\n\t\t\t\t<div class=\"blockG\" id=\"rotateG_07\"><\/div>\n\t\t\t\t<div class=\"blockG\" id=\"rotateG_08\"><\/div>\n\t\t\t<\/div>\n\t\t\t<div class=\"WooZone-cross-sell-loader-text\"><\/div>\n\t\t<\/div>\n\t<\/div>\n\n\t\t\n<\/div>\n<div style=\"clear:both;\"><\/div><\/p>\n","protected":false},"excerpt":{"rendered":"<p>built-to-last: bauqualit\u00e4t, die nachahmer nicht mithalten k\u00f6nnen! handarbeit aus wasserdicht und robust 16 unzen gewachstem canvas. verst\u00e4rkt mit schwergewichtigen gewehr-metall-\u00f6sen und nieten. doppelt gen\u00e4hte werkzeugtaschen und dicke obere und untere s\u00e4ume f\u00fcr st\u00e4rke und struktur.<br \/>\nall day comfort + ma\u00dfgeschneiderte fit: nackenschmerzen mit unserem verstellbaren quer r\u00fcckengurt design verhindern. vollst\u00e4ndige abdeckung latzsch\u00fcrze ist 27 zoll breit x 34 zoll gro\u00df f\u00fcr unisex sizing (empfohlen f\u00fcr 5&#8242; 2&#8243; oder gr\u00f6\u00dfer einzelpersonen). grommets + lange riemen f\u00fcr eine reihe von anpassungen bis zu einer 50-zoll-taille lassen!<br \/>\nvielseitig einsetzbares werkzeug pockets: gro\u00dfe, leicht zug\u00e4ngliche tools \/ zubeh\u00f6r taschen vorne (8 x 6,5 zoll jeweils platz f\u00fcr tischler platz). schnelle zugriff handy \/ bleistifttasche auf der vorderseite der brust. large \u201ek\u00e4nguruh\u201c stil hand tasche. aufh\u00e4nge\u00f6se auf der r\u00fcckseite des bib.<\/p>\n","protected":false},"featured_media":52665,"comment_status":"open","ping_status":"closed","template":"","meta":[],"product_brand":[],"product_cat":[4143,1186],"product_tag":[],"class_list":{"0":"post-52664","1":"product","2":"type-product","3":"status-publish","4":"has-post-thumbnail","6":"product_cat-arbeitskleidung-uniformen","7":"product_cat-bekleidung","8":"pa_binding-misc","9":"pa_brand-hudson-durable-goods","10":"pa_color-schwarz","11":"pa_manufacturer-hudson-durable-goods","12":"pa_model-hdg901","13":"pa_size-passt-m-bis-xxl","14":"pa_weight-1-6093745126-pfund","16":"first","17":"instock","18":"shipping-taxable","19":"purchasable","20":"product-type-simple","21":"customify-col","22":"product-has-gallery"},"yoast_head":"<!-- This site is optimized with the Yoast SEO plugin v27.4 - https:\/\/yoast.com\/product\/yoast-seo-wordpress\/ -->\n<title>Hudson Durable Goods Schwere gewachste Canvas-Sch\u00fcrze - Markt-XXL<\/title>\n<meta name=\"description\" content=\"Markt-XXL Hudson Durable Goods Schwere gewachste Canvas-Sch\u00fcrze\" \/>\n<meta name=\"robots\" content=\"index, follow, max-snippet:-1, max-image-preview:large, max-video-preview:-1\" \/>\n<link rel=\"canonical\" href=\"https:\/\/marktxxl.de\/markt\/produkt\/hudson-durable-goods-schwere-gewachste-canvas-schuerze-schwarz-passt-m-bis-xxl\/\" \/>\n<meta property=\"og:locale\" content=\"de_DE\" \/>\n<meta property=\"og:type\" content=\"article\" \/>\n<meta property=\"og:title\" content=\"Hudson Durable Goods Schwere gewachste Canvas-Sch\u00fcrze - Markt-XXL\" \/>\n<meta property=\"og:description\" content=\"Markt-XXL Hudson Durable Goods Schwere gewachste Canvas-Sch\u00fcrze\" \/>\n<meta property=\"og:url\" content=\"https:\/\/marktxxl.de\/markt\/produkt\/hudson-durable-goods-schwere-gewachste-canvas-schuerze-schwarz-passt-m-bis-xxl\/\" \/>\n<meta property=\"og:site_name\" content=\"Markt-XXL\" \/>\n<meta property=\"article:modified_time\" content=\"2023-04-10T00:04:18+00:00\" \/>\n<meta property=\"og:image\" content=\"https:\/\/m.media-amazon.com\/images\/I\/41ZodJ-jCsL._SL500_.jpg\" \/>\n\t<meta property=\"og:image:width\" content=\"338\" \/>\n\t<meta property=\"og:image:height\" content=\"500\" \/>\n\t<meta property=\"og:image:type\" content=\"image\/jpeg\" \/>\n<meta name=\"twitter:card\" content=\"summary_large_image\" \/>\n<meta name=\"twitter:label1\" content=\"Gesch\u00e4tzte Lesezeit\" \/>\n\t<meta name=\"twitter:data1\" content=\"1\u00a0Minute\" \/>\n<script type=\"application\/ld+json\" class=\"yoast-schema-graph\">{\"@context\":\"https:\\\/\\\/schema.org\",\"@graph\":[{\"@type\":\"WebPage\",\"@id\":\"https:\\\/\\\/marktxxl.de\\\/markt\\\/produkt\\\/hudson-durable-goods-schwere-gewachste-canvas-schuerze-schwarz-passt-m-bis-xxl\\\/\",\"url\":\"https:\\\/\\\/marktxxl.de\\\/markt\\\/produkt\\\/hudson-durable-goods-schwere-gewachste-canvas-schuerze-schwarz-passt-m-bis-xxl\\\/\",\"name\":\"Hudson Durable Goods Schwere gewachste Canvas-Sch\u00fcrze - Markt-XXL\",\"isPartOf\":{\"@id\":\"https:\\\/\\\/marktxxl.de\\\/markt\\\/#website\"},\"primaryImageOfPage\":{\"@id\":\"https:\\\/\\\/marktxxl.de\\\/markt\\\/produkt\\\/hudson-durable-goods-schwere-gewachste-canvas-schuerze-schwarz-passt-m-bis-xxl\\\/#primaryimage\"},\"image\":{\"@id\":\"https:\\\/\\\/marktxxl.de\\\/markt\\\/produkt\\\/hudson-durable-goods-schwere-gewachste-canvas-schuerze-schwarz-passt-m-bis-xxl\\\/#primaryimage\"},\"thumbnailUrl\":\"https:\\\/\\\/m.media-amazon.com\\\/images\\\/I\\\/41ZodJ-jCsL._SL500_.jpg\",\"datePublished\":\"2021-10-13T18:40:25+00:00\",\"dateModified\":\"2023-04-10T00:04:18+00:00\",\"description\":\"Markt-XXL Hudson Durable Goods Schwere gewachste Canvas-Sch\u00fcrze\",\"breadcrumb\":{\"@id\":\"https:\\\/\\\/marktxxl.de\\\/markt\\\/produkt\\\/hudson-durable-goods-schwere-gewachste-canvas-schuerze-schwarz-passt-m-bis-xxl\\\/#breadcrumb\"},\"inLanguage\":\"de\",\"potentialAction\":[{\"@type\":\"ReadAction\",\"target\":[\"https:\\\/\\\/marktxxl.de\\\/markt\\\/produkt\\\/hudson-durable-goods-schwere-gewachste-canvas-schuerze-schwarz-passt-m-bis-xxl\\\/\"]}]},{\"@type\":\"ImageObject\",\"inLanguage\":\"de\",\"@id\":\"https:\\\/\\\/marktxxl.de\\\/markt\\\/produkt\\\/hudson-durable-goods-schwere-gewachste-canvas-schuerze-schwarz-passt-m-bis-xxl\\\/#primaryimage\",\"url\":\"https:\\\/\\\/m.media-amazon.com\\\/images\\\/I\\\/41ZodJ-jCsL._SL500_.jpg\",\"contentUrl\":\"https:\\\/\\\/m.media-amazon.com\\\/images\\\/I\\\/41ZodJ-jCsL._SL500_.jpg\",\"width\":338,\"height\":500},{\"@type\":\"BreadcrumbList\",\"@id\":\"https:\\\/\\\/marktxxl.de\\\/markt\\\/produkt\\\/hudson-durable-goods-schwere-gewachste-canvas-schuerze-schwarz-passt-m-bis-xxl\\\/#breadcrumb\",\"itemListElement\":[{\"@type\":\"ListItem\",\"position\":1,\"name\":\"Startseite\",\"item\":\"https:\\\/\\\/marktxxl.de\\\/markt\\\/\"},{\"@type\":\"ListItem\",\"position\":2,\"name\":\"Markt\",\"item\":\"https:\\\/\\\/marktxxl.de\\\/markt\\\/\"},{\"@type\":\"ListItem\",\"position\":3,\"name\":\"Hudson Durable Goods Schwere gewachste Canvas-Sch\u00fcrze\"}]},{\"@type\":\"WebSite\",\"@id\":\"https:\\\/\\\/marktxxl.de\\\/markt\\\/#website\",\"url\":\"https:\\\/\\\/marktxxl.de\\\/markt\\\/\",\"name\":\"Markt-XXL\",\"description\":\"Ihr Markt Online\",\"publisher\":{\"@id\":\"https:\\\/\\\/marktxxl.de\\\/markt\\\/#organization\"},\"potentialAction\":[{\"@type\":\"SearchAction\",\"target\":{\"@type\":\"EntryPoint\",\"urlTemplate\":\"https:\\\/\\\/marktxxl.de\\\/markt\\\/?s={search_term_string}\"},\"query-input\":{\"@type\":\"PropertyValueSpecification\",\"valueRequired\":true,\"valueName\":\"search_term_string\"}}],\"inLanguage\":\"de\"},{\"@type\":\"Organization\",\"@id\":\"https:\\\/\\\/marktxxl.de\\\/markt\\\/#organization\",\"name\":\"Markt-XXL\",\"url\":\"https:\\\/\\\/marktxxl.de\\\/markt\\\/\",\"logo\":{\"@type\":\"ImageObject\",\"inLanguage\":\"de\",\"@id\":\"https:\\\/\\\/marktxxl.de\\\/markt\\\/#\\\/schema\\\/logo\\\/image\\\/\",\"url\":\"https:\\\/\\\/marktxxl.de\\\/markt\\\/wp-content\\\/uploads\\\/sites\\\/3\\\/2020\\\/12\\\/logo.png\",\"contentUrl\":\"https:\\\/\\\/marktxxl.de\\\/markt\\\/wp-content\\\/uploads\\\/sites\\\/3\\\/2020\\\/12\\\/logo.png\",\"width\":200,\"height\":70,\"caption\":\"Markt-XXL\"},\"image\":{\"@id\":\"https:\\\/\\\/marktxxl.de\\\/markt\\\/#\\\/schema\\\/logo\\\/image\\\/\"}}]}<\/script>\n<!-- \/ Yoast SEO plugin. -->","yoast_head_json":{"title":"Hudson Durable Goods Schwere gewachste Canvas-Sch\u00fcrze - Markt-XXL","description":"Markt-XXL Hudson Durable Goods Schwere gewachste Canvas-Sch\u00fcrze","robots":{"index":"index","follow":"follow","max-snippet":"max-snippet:-1","max-image-preview":"max-image-preview:large","max-video-preview":"max-video-preview:-1"},"canonical":"https:\/\/marktxxl.de\/markt\/produkt\/hudson-durable-goods-schwere-gewachste-canvas-schuerze-schwarz-passt-m-bis-xxl\/","og_locale":"de_DE","og_type":"article","og_title":"Hudson Durable Goods Schwere gewachste Canvas-Sch\u00fcrze - Markt-XXL","og_description":"Markt-XXL Hudson Durable Goods Schwere gewachste Canvas-Sch\u00fcrze","og_url":"https:\/\/marktxxl.de\/markt\/produkt\/hudson-durable-goods-schwere-gewachste-canvas-schuerze-schwarz-passt-m-bis-xxl\/","og_site_name":"Markt-XXL","article_modified_time":"2023-04-10T00:04:18+00:00","og_image":[{"width":338,"height":500,"url":"https:\/\/m.media-amazon.com\/images\/I\/41ZodJ-jCsL._SL500_.jpg","type":"image\/jpeg"}],"twitter_card":"summary_large_image","twitter_misc":{"Gesch\u00e4tzte Lesezeit":"1\u00a0Minute"},"schema":{"@context":"https:\/\/schema.org","@graph":[{"@type":"WebPage","@id":"https:\/\/marktxxl.de\/markt\/produkt\/hudson-durable-goods-schwere-gewachste-canvas-schuerze-schwarz-passt-m-bis-xxl\/","url":"https:\/\/marktxxl.de\/markt\/produkt\/hudson-durable-goods-schwere-gewachste-canvas-schuerze-schwarz-passt-m-bis-xxl\/","name":"Hudson Durable Goods Schwere gewachste Canvas-Sch\u00fcrze - Markt-XXL","isPartOf":{"@id":"https:\/\/marktxxl.de\/markt\/#website"},"primaryImageOfPage":{"@id":"https:\/\/marktxxl.de\/markt\/produkt\/hudson-durable-goods-schwere-gewachste-canvas-schuerze-schwarz-passt-m-bis-xxl\/#primaryimage"},"image":{"@id":"https:\/\/marktxxl.de\/markt\/produkt\/hudson-durable-goods-schwere-gewachste-canvas-schuerze-schwarz-passt-m-bis-xxl\/#primaryimage"},"thumbnailUrl":"https:\/\/m.media-amazon.com\/images\/I\/41ZodJ-jCsL._SL500_.jpg","datePublished":"2021-10-13T18:40:25+00:00","dateModified":"2023-04-10T00:04:18+00:00","description":"Markt-XXL Hudson Durable Goods Schwere gewachste Canvas-Sch\u00fcrze","breadcrumb":{"@id":"https:\/\/marktxxl.de\/markt\/produkt\/hudson-durable-goods-schwere-gewachste-canvas-schuerze-schwarz-passt-m-bis-xxl\/#breadcrumb"},"inLanguage":"de","potentialAction":[{"@type":"ReadAction","target":["https:\/\/marktxxl.de\/markt\/produkt\/hudson-durable-goods-schwere-gewachste-canvas-schuerze-schwarz-passt-m-bis-xxl\/"]}]},{"@type":"ImageObject","inLanguage":"de","@id":"https:\/\/marktxxl.de\/markt\/produkt\/hudson-durable-goods-schwere-gewachste-canvas-schuerze-schwarz-passt-m-bis-xxl\/#primaryimage","url":"https:\/\/m.media-amazon.com\/images\/I\/41ZodJ-jCsL._SL500_.jpg","contentUrl":"https:\/\/m.media-amazon.com\/images\/I\/41ZodJ-jCsL._SL500_.jpg","width":338,"height":500},{"@type":"BreadcrumbList","@id":"https:\/\/marktxxl.de\/markt\/produkt\/hudson-durable-goods-schwere-gewachste-canvas-schuerze-schwarz-passt-m-bis-xxl\/#breadcrumb","itemListElement":[{"@type":"ListItem","position":1,"name":"Startseite","item":"https:\/\/marktxxl.de\/markt\/"},{"@type":"ListItem","position":2,"name":"Markt","item":"https:\/\/marktxxl.de\/markt\/"},{"@type":"ListItem","position":3,"name":"Hudson Durable Goods Schwere gewachste Canvas-Sch\u00fcrze"}]},{"@type":"WebSite","@id":"https:\/\/marktxxl.de\/markt\/#website","url":"https:\/\/marktxxl.de\/markt\/","name":"Markt-XXL","description":"Ihr Markt Online","publisher":{"@id":"https:\/\/marktxxl.de\/markt\/#organization"},"potentialAction":[{"@type":"SearchAction","target":{"@type":"EntryPoint","urlTemplate":"https:\/\/marktxxl.de\/markt\/?s={search_term_string}"},"query-input":{"@type":"PropertyValueSpecification","valueRequired":true,"valueName":"search_term_string"}}],"inLanguage":"de"},{"@type":"Organization","@id":"https:\/\/marktxxl.de\/markt\/#organization","name":"Markt-XXL","url":"https:\/\/marktxxl.de\/markt\/","logo":{"@type":"ImageObject","inLanguage":"de","@id":"https:\/\/marktxxl.de\/markt\/#\/schema\/logo\/image\/","url":"https:\/\/marktxxl.de\/markt\/wp-content\/uploads\/sites\/3\/2020\/12\/logo.png","contentUrl":"https:\/\/marktxxl.de\/markt\/wp-content\/uploads\/sites\/3\/2020\/12\/logo.png","width":200,"height":70,"caption":"Markt-XXL"},"image":{"@id":"https:\/\/marktxxl.de\/markt\/#\/schema\/logo\/image\/"}}]}},"_links":{"self":[{"href":"https:\/\/marktxxl.de\/markt\/wp-json\/wp\/v2\/product\/52664","targetHints":{"allow":["GET"]}}],"collection":[{"href":"https:\/\/marktxxl.de\/markt\/wp-json\/wp\/v2\/product"}],"about":[{"href":"https:\/\/marktxxl.de\/markt\/wp-json\/wp\/v2\/types\/product"}],"replies":[{"embeddable":true,"href":"https:\/\/marktxxl.de\/markt\/wp-json\/wp\/v2\/comments?post=52664"}],"wp:featuredmedia":[{"embeddable":true,"href":"https:\/\/marktxxl.de\/markt\/wp-json\/wp\/v2\/media\/52665"}],"wp:attachment":[{"href":"https:\/\/marktxxl.de\/markt\/wp-json\/wp\/v2\/media?parent=52664"}],"wp:term":[{"taxonomy":"product_brand","embeddable":true,"href":"https:\/\/marktxxl.de\/markt\/wp-json\/wp\/v2\/product_brand?post=52664"},{"taxonomy":"product_cat","embeddable":true,"href":"https:\/\/marktxxl.de\/markt\/wp-json\/wp\/v2\/product_cat?post=52664"},{"taxonomy":"product_tag","embeddable":true,"href":"https:\/\/marktxxl.de\/markt\/wp-json\/wp\/v2\/product_tag?post=52664"}],"curies":[{"name":"wp","href":"https:\/\/api.w.org\/{rel}","templated":true}]}}