{"id":52658,"date":"2021-10-13T20:40:23","date_gmt":"2021-10-13T18:40:23","guid":{"rendered":"https:\/\/marktxxl.de\/markt\/produkt\/tacopsgear-teddy-teddybaer-bundeswehr-soldat-armee-airsoft-heer-flecktarn-morale-patch\/"},"modified":"2023-04-10T02:04:18","modified_gmt":"2023-04-10T00:04:18","slug":"tacopsgear-teddy-teddybaer-bundeswehr-soldat-armee-airsoft-heer-flecktarn-morale-patch","status":"publish","type":"product","link":"https:\/\/marktxxl.de\/markt\/produkt\/tacopsgear-teddy-teddybaer-bundeswehr-soldat-armee-airsoft-heer-flecktarn-morale-patch\/","title":{"rendered":"TACOPSGEAR Teddy Teddyb\u00e4r Bundeswehr Soldat Armee Airsoft Heer Flecktarn Morale Patch"},"content":{"rendered":"<p>DESIGN \u2013 PATCHLAB arbeitet mit namhaften Designern weltweit zusammen und wir machen in Punkto Design und Details keine Kompromisse. Ihr erwartet Hochwertige Patches und darum bieten wir nur beste Qualit\u00e4t und ein Maximum an Design.<br \/>\nEXTREM ROBUST \u2013 PVC\/RUBBER Patches sind abwaschbar und langlebig. Nat\u00fcrlich sind sie farbecht und UV-best\u00e4ndig, das Hakenklett erlaubt einfaches Befestigen. die Loopseite ist ebenfalls dabei. Mit unserem Teddypatch wirst du viel Spa\u00df haben und deine Freunde begeistern<br \/>\nKontur in 3D Optik und nicht flach geb\u00fcgelt wie bei vielen. Auf der R\u00fcckseite befindet sich eine Hakenklettfl\u00e4che, welche mit dem Patch vern\u00e4ht ist. Somit kann der Patch einfach auf jeder Schlaufenklettfl\u00e4che befestigt werden. Die kompakte Gr\u00f6sse erlaubt eine schnelle und individuelle Anbringung auf Patchfl\u00e4chen wie z.B. auf Basecaps, Rucks\u00e4cken, Jacken, Einsatzwesten, Einsatzhelmen usw.. F\u00fcr Sammler sind sie ein echter Hingucker f\u00fcr ihre Sammlung auf der Patchmatte<br \/>\n<div class=\"main-cross-sell\" data-asin=\"B077DBW5W8\">\n\n\t<div class=\"WooZone-cross-sell-loader\">\n\t\t<div>\n\t\t\t<div id=\"floatingBarsG\">\n\t\t\t\t<div class=\"blockG\" id=\"rotateG_01\"><\/div>\n\t\t\t\t<div class=\"blockG\" id=\"rotateG_02\"><\/div>\n\t\t\t\t<div class=\"blockG\" id=\"rotateG_03\"><\/div>\n\t\t\t\t<div class=\"blockG\" id=\"rotateG_04\"><\/div>\n\t\t\t\t<div class=\"blockG\" id=\"rotateG_05\"><\/div>\n\t\t\t\t<div class=\"blockG\" id=\"rotateG_06\"><\/div>\n\t\t\t\t<div class=\"blockG\" id=\"rotateG_07\"><\/div>\n\t\t\t\t<div class=\"blockG\" id=\"rotateG_08\"><\/div>\n\t\t\t<\/div>\n\t\t\t<div class=\"WooZone-cross-sell-loader-text\"><\/div>\n\t\t<\/div>\n\t<\/div>\n\n\t\t\n<\/div>\n<div style=\"clear:both;\"><\/div><\/p>\n","protected":false},"excerpt":{"rendered":"<p>DESIGN \u2013 PATCHLAB arbeitet mit namhaften Designern weltweit zusammen und wir machen in Punkto Design und Details keine Kompromisse. Ihr erwartet Hochwertige Patches und darum bieten wir nur beste Qualit\u00e4t und ein Maximum an Design.<br \/>\nEXTREM ROBUST \u2013 PVC\/RUBBER Patches sind abwaschbar und langlebig. Nat\u00fcrlich sind sie farbecht und UV-best\u00e4ndig, das Hakenklett erlaubt einfaches Befestigen. die Loopseite ist ebenfalls dabei. Mit unserem Teddypatch wirst du viel Spa\u00df haben und deine Freunde begeistern<br \/>\nKontur in 3D Optik und nicht flach geb\u00fcgelt wie bei vielen. Auf der R\u00fcckseite befindet sich eine Hakenklettfl\u00e4che, welche mit dem Patch vern\u00e4ht ist. Somit kann der Patch einfach auf jeder Schlaufenklettfl\u00e4che befestigt werden. Die kompakte Gr\u00f6sse erlaubt eine schnelle und individuelle Anbringung auf Patchfl\u00e4chen wie z.B. auf Basecaps, Rucks\u00e4cken, Jacken, Einsatzwesten, Einsatzhelmen usw.. F\u00fcr Sammler sind sie ein echter Hingucker f\u00fcr ihre Sammlung auf der Patchmatte<\/p>\n","protected":false},"featured_media":52659,"comment_status":"open","ping_status":"closed","template":"","meta":[],"product_brand":[],"product_cat":[4143,1186],"product_tag":[],"class_list":{"0":"post-52658","1":"product","2":"type-product","3":"status-publish","4":"has-post-thumbnail","6":"product_cat-arbeitskleidung-uniformen","7":"product_cat-bekleidung","8":"pa_binding-home","9":"pa_brand-tacopsgear","10":"pa_manufacturer-tacopsgear","12":"first","13":"instock","14":"shipping-taxable","15":"purchasable","16":"product-type-simple","17":"customify-col","18":"product-has-gallery"},"yoast_head":"<!-- This site is optimized with the Yoast SEO plugin v27.4 - https:\/\/yoast.com\/product\/yoast-seo-wordpress\/ -->\n<title>TACOPSGEAR Teddy Teddyb\u00e4r Bundeswehr Soldat Armee Airsoft Heer Flecktarn Morale Patch - Markt-XXL<\/title>\n<meta name=\"description\" content=\"Markt-XXL TACOPSGEAR Teddy Teddyb\u00e4r Bundeswehr Soldat Armee Airsoft Heer Flecktarn Morale Patch\" \/>\n<meta name=\"robots\" content=\"index, follow, max-snippet:-1, max-image-preview:large, max-video-preview:-1\" \/>\n<link rel=\"canonical\" href=\"https:\/\/marktxxl.de\/markt\/produkt\/tacopsgear-teddy-teddybaer-bundeswehr-soldat-armee-airsoft-heer-flecktarn-morale-patch\/\" \/>\n<meta property=\"og:locale\" content=\"de_DE\" \/>\n<meta property=\"og:type\" content=\"article\" \/>\n<meta property=\"og:title\" content=\"TACOPSGEAR Teddy Teddyb\u00e4r Bundeswehr Soldat Armee Airsoft Heer Flecktarn Morale Patch - Markt-XXL\" \/>\n<meta property=\"og:description\" content=\"Markt-XXL TACOPSGEAR Teddy Teddyb\u00e4r Bundeswehr Soldat Armee Airsoft Heer Flecktarn Morale Patch\" \/>\n<meta property=\"og:url\" content=\"https:\/\/marktxxl.de\/markt\/produkt\/tacopsgear-teddy-teddybaer-bundeswehr-soldat-armee-airsoft-heer-flecktarn-morale-patch\/\" \/>\n<meta property=\"og:site_name\" content=\"Markt-XXL\" \/>\n<meta property=\"article:modified_time\" content=\"2023-04-10T00:04:18+00:00\" \/>\n<meta property=\"og:image\" content=\"https:\/\/m.media-amazon.com\/images\/I\/51iWCj-sevL._SL500_.jpg\" \/>\n\t<meta property=\"og:image:width\" content=\"500\" \/>\n\t<meta property=\"og:image:height\" content=\"500\" \/>\n\t<meta property=\"og:image:type\" content=\"image\/jpeg\" \/>\n<meta name=\"twitter:card\" content=\"summary_large_image\" \/>\n<meta name=\"twitter:label1\" content=\"Gesch\u00e4tzte Lesezeit\" \/>\n\t<meta name=\"twitter:data1\" content=\"1\u00a0Minute\" \/>\n<script type=\"application\/ld+json\" class=\"yoast-schema-graph\">{\"@context\":\"https:\\\/\\\/schema.org\",\"@graph\":[{\"@type\":\"WebPage\",\"@id\":\"https:\\\/\\\/marktxxl.de\\\/markt\\\/produkt\\\/tacopsgear-teddy-teddybaer-bundeswehr-soldat-armee-airsoft-heer-flecktarn-morale-patch\\\/\",\"url\":\"https:\\\/\\\/marktxxl.de\\\/markt\\\/produkt\\\/tacopsgear-teddy-teddybaer-bundeswehr-soldat-armee-airsoft-heer-flecktarn-morale-patch\\\/\",\"name\":\"TACOPSGEAR Teddy Teddyb\u00e4r Bundeswehr Soldat Armee Airsoft Heer Flecktarn Morale Patch - Markt-XXL\",\"isPartOf\":{\"@id\":\"https:\\\/\\\/marktxxl.de\\\/markt\\\/#website\"},\"primaryImageOfPage\":{\"@id\":\"https:\\\/\\\/marktxxl.de\\\/markt\\\/produkt\\\/tacopsgear-teddy-teddybaer-bundeswehr-soldat-armee-airsoft-heer-flecktarn-morale-patch\\\/#primaryimage\"},\"image\":{\"@id\":\"https:\\\/\\\/marktxxl.de\\\/markt\\\/produkt\\\/tacopsgear-teddy-teddybaer-bundeswehr-soldat-armee-airsoft-heer-flecktarn-morale-patch\\\/#primaryimage\"},\"thumbnailUrl\":\"https:\\\/\\\/m.media-amazon.com\\\/images\\\/I\\\/51iWCj-sevL._SL500_.jpg\",\"datePublished\":\"2021-10-13T18:40:23+00:00\",\"dateModified\":\"2023-04-10T00:04:18+00:00\",\"description\":\"Markt-XXL TACOPSGEAR Teddy Teddyb\u00e4r Bundeswehr Soldat Armee Airsoft Heer Flecktarn Morale Patch\",\"breadcrumb\":{\"@id\":\"https:\\\/\\\/marktxxl.de\\\/markt\\\/produkt\\\/tacopsgear-teddy-teddybaer-bundeswehr-soldat-armee-airsoft-heer-flecktarn-morale-patch\\\/#breadcrumb\"},\"inLanguage\":\"de\",\"potentialAction\":[{\"@type\":\"ReadAction\",\"target\":[\"https:\\\/\\\/marktxxl.de\\\/markt\\\/produkt\\\/tacopsgear-teddy-teddybaer-bundeswehr-soldat-armee-airsoft-heer-flecktarn-morale-patch\\\/\"]}]},{\"@type\":\"ImageObject\",\"inLanguage\":\"de\",\"@id\":\"https:\\\/\\\/marktxxl.de\\\/markt\\\/produkt\\\/tacopsgear-teddy-teddybaer-bundeswehr-soldat-armee-airsoft-heer-flecktarn-morale-patch\\\/#primaryimage\",\"url\":\"https:\\\/\\\/m.media-amazon.com\\\/images\\\/I\\\/51iWCj-sevL._SL500_.jpg\",\"contentUrl\":\"https:\\\/\\\/m.media-amazon.com\\\/images\\\/I\\\/51iWCj-sevL._SL500_.jpg\",\"width\":500,\"height\":500},{\"@type\":\"BreadcrumbList\",\"@id\":\"https:\\\/\\\/marktxxl.de\\\/markt\\\/produkt\\\/tacopsgear-teddy-teddybaer-bundeswehr-soldat-armee-airsoft-heer-flecktarn-morale-patch\\\/#breadcrumb\",\"itemListElement\":[{\"@type\":\"ListItem\",\"position\":1,\"name\":\"Startseite\",\"item\":\"https:\\\/\\\/marktxxl.de\\\/markt\\\/\"},{\"@type\":\"ListItem\",\"position\":2,\"name\":\"Markt\",\"item\":\"https:\\\/\\\/marktxxl.de\\\/markt\\\/\"},{\"@type\":\"ListItem\",\"position\":3,\"name\":\"TACOPSGEAR Teddy Teddyb\u00e4r Bundeswehr Soldat Armee Airsoft Heer Flecktarn Morale Patch\"}]},{\"@type\":\"WebSite\",\"@id\":\"https:\\\/\\\/marktxxl.de\\\/markt\\\/#website\",\"url\":\"https:\\\/\\\/marktxxl.de\\\/markt\\\/\",\"name\":\"Markt-XXL\",\"description\":\"Ihr Markt Online\",\"publisher\":{\"@id\":\"https:\\\/\\\/marktxxl.de\\\/markt\\\/#organization\"},\"potentialAction\":[{\"@type\":\"SearchAction\",\"target\":{\"@type\":\"EntryPoint\",\"urlTemplate\":\"https:\\\/\\\/marktxxl.de\\\/markt\\\/?s={search_term_string}\"},\"query-input\":{\"@type\":\"PropertyValueSpecification\",\"valueRequired\":true,\"valueName\":\"search_term_string\"}}],\"inLanguage\":\"de\"},{\"@type\":\"Organization\",\"@id\":\"https:\\\/\\\/marktxxl.de\\\/markt\\\/#organization\",\"name\":\"Markt-XXL\",\"url\":\"https:\\\/\\\/marktxxl.de\\\/markt\\\/\",\"logo\":{\"@type\":\"ImageObject\",\"inLanguage\":\"de\",\"@id\":\"https:\\\/\\\/marktxxl.de\\\/markt\\\/#\\\/schema\\\/logo\\\/image\\\/\",\"url\":\"https:\\\/\\\/marktxxl.de\\\/markt\\\/wp-content\\\/uploads\\\/sites\\\/3\\\/2020\\\/12\\\/logo.png\",\"contentUrl\":\"https:\\\/\\\/marktxxl.de\\\/markt\\\/wp-content\\\/uploads\\\/sites\\\/3\\\/2020\\\/12\\\/logo.png\",\"width\":200,\"height\":70,\"caption\":\"Markt-XXL\"},\"image\":{\"@id\":\"https:\\\/\\\/marktxxl.de\\\/markt\\\/#\\\/schema\\\/logo\\\/image\\\/\"}}]}<\/script>\n<!-- \/ Yoast SEO plugin. -->","yoast_head_json":{"title":"TACOPSGEAR Teddy Teddyb\u00e4r Bundeswehr Soldat Armee Airsoft Heer Flecktarn Morale Patch - Markt-XXL","description":"Markt-XXL TACOPSGEAR Teddy Teddyb\u00e4r Bundeswehr Soldat Armee Airsoft Heer Flecktarn Morale Patch","robots":{"index":"index","follow":"follow","max-snippet":"max-snippet:-1","max-image-preview":"max-image-preview:large","max-video-preview":"max-video-preview:-1"},"canonical":"https:\/\/marktxxl.de\/markt\/produkt\/tacopsgear-teddy-teddybaer-bundeswehr-soldat-armee-airsoft-heer-flecktarn-morale-patch\/","og_locale":"de_DE","og_type":"article","og_title":"TACOPSGEAR Teddy Teddyb\u00e4r Bundeswehr Soldat Armee Airsoft Heer Flecktarn Morale Patch - Markt-XXL","og_description":"Markt-XXL TACOPSGEAR Teddy Teddyb\u00e4r Bundeswehr Soldat Armee Airsoft Heer Flecktarn Morale Patch","og_url":"https:\/\/marktxxl.de\/markt\/produkt\/tacopsgear-teddy-teddybaer-bundeswehr-soldat-armee-airsoft-heer-flecktarn-morale-patch\/","og_site_name":"Markt-XXL","article_modified_time":"2023-04-10T00:04:18+00:00","og_image":[{"width":500,"height":500,"url":"https:\/\/m.media-amazon.com\/images\/I\/51iWCj-sevL._SL500_.jpg","type":"image\/jpeg"}],"twitter_card":"summary_large_image","twitter_misc":{"Gesch\u00e4tzte Lesezeit":"1\u00a0Minute"},"schema":{"@context":"https:\/\/schema.org","@graph":[{"@type":"WebPage","@id":"https:\/\/marktxxl.de\/markt\/produkt\/tacopsgear-teddy-teddybaer-bundeswehr-soldat-armee-airsoft-heer-flecktarn-morale-patch\/","url":"https:\/\/marktxxl.de\/markt\/produkt\/tacopsgear-teddy-teddybaer-bundeswehr-soldat-armee-airsoft-heer-flecktarn-morale-patch\/","name":"TACOPSGEAR Teddy Teddyb\u00e4r Bundeswehr Soldat Armee Airsoft Heer Flecktarn Morale Patch - Markt-XXL","isPartOf":{"@id":"https:\/\/marktxxl.de\/markt\/#website"},"primaryImageOfPage":{"@id":"https:\/\/marktxxl.de\/markt\/produkt\/tacopsgear-teddy-teddybaer-bundeswehr-soldat-armee-airsoft-heer-flecktarn-morale-patch\/#primaryimage"},"image":{"@id":"https:\/\/marktxxl.de\/markt\/produkt\/tacopsgear-teddy-teddybaer-bundeswehr-soldat-armee-airsoft-heer-flecktarn-morale-patch\/#primaryimage"},"thumbnailUrl":"https:\/\/m.media-amazon.com\/images\/I\/51iWCj-sevL._SL500_.jpg","datePublished":"2021-10-13T18:40:23+00:00","dateModified":"2023-04-10T00:04:18+00:00","description":"Markt-XXL TACOPSGEAR Teddy Teddyb\u00e4r Bundeswehr Soldat Armee Airsoft Heer Flecktarn Morale Patch","breadcrumb":{"@id":"https:\/\/marktxxl.de\/markt\/produkt\/tacopsgear-teddy-teddybaer-bundeswehr-soldat-armee-airsoft-heer-flecktarn-morale-patch\/#breadcrumb"},"inLanguage":"de","potentialAction":[{"@type":"ReadAction","target":["https:\/\/marktxxl.de\/markt\/produkt\/tacopsgear-teddy-teddybaer-bundeswehr-soldat-armee-airsoft-heer-flecktarn-morale-patch\/"]}]},{"@type":"ImageObject","inLanguage":"de","@id":"https:\/\/marktxxl.de\/markt\/produkt\/tacopsgear-teddy-teddybaer-bundeswehr-soldat-armee-airsoft-heer-flecktarn-morale-patch\/#primaryimage","url":"https:\/\/m.media-amazon.com\/images\/I\/51iWCj-sevL._SL500_.jpg","contentUrl":"https:\/\/m.media-amazon.com\/images\/I\/51iWCj-sevL._SL500_.jpg","width":500,"height":500},{"@type":"BreadcrumbList","@id":"https:\/\/marktxxl.de\/markt\/produkt\/tacopsgear-teddy-teddybaer-bundeswehr-soldat-armee-airsoft-heer-flecktarn-morale-patch\/#breadcrumb","itemListElement":[{"@type":"ListItem","position":1,"name":"Startseite","item":"https:\/\/marktxxl.de\/markt\/"},{"@type":"ListItem","position":2,"name":"Markt","item":"https:\/\/marktxxl.de\/markt\/"},{"@type":"ListItem","position":3,"name":"TACOPSGEAR Teddy Teddyb\u00e4r Bundeswehr Soldat Armee Airsoft Heer Flecktarn Morale Patch"}]},{"@type":"WebSite","@id":"https:\/\/marktxxl.de\/markt\/#website","url":"https:\/\/marktxxl.de\/markt\/","name":"Markt-XXL","description":"Ihr Markt Online","publisher":{"@id":"https:\/\/marktxxl.de\/markt\/#organization"},"potentialAction":[{"@type":"SearchAction","target":{"@type":"EntryPoint","urlTemplate":"https:\/\/marktxxl.de\/markt\/?s={search_term_string}"},"query-input":{"@type":"PropertyValueSpecification","valueRequired":true,"valueName":"search_term_string"}}],"inLanguage":"de"},{"@type":"Organization","@id":"https:\/\/marktxxl.de\/markt\/#organization","name":"Markt-XXL","url":"https:\/\/marktxxl.de\/markt\/","logo":{"@type":"ImageObject","inLanguage":"de","@id":"https:\/\/marktxxl.de\/markt\/#\/schema\/logo\/image\/","url":"https:\/\/marktxxl.de\/markt\/wp-content\/uploads\/sites\/3\/2020\/12\/logo.png","contentUrl":"https:\/\/marktxxl.de\/markt\/wp-content\/uploads\/sites\/3\/2020\/12\/logo.png","width":200,"height":70,"caption":"Markt-XXL"},"image":{"@id":"https:\/\/marktxxl.de\/markt\/#\/schema\/logo\/image\/"}}]}},"_links":{"self":[{"href":"https:\/\/marktxxl.de\/markt\/wp-json\/wp\/v2\/product\/52658","targetHints":{"allow":["GET"]}}],"collection":[{"href":"https:\/\/marktxxl.de\/markt\/wp-json\/wp\/v2\/product"}],"about":[{"href":"https:\/\/marktxxl.de\/markt\/wp-json\/wp\/v2\/types\/product"}],"replies":[{"embeddable":true,"href":"https:\/\/marktxxl.de\/markt\/wp-json\/wp\/v2\/comments?post=52658"}],"wp:featuredmedia":[{"embeddable":true,"href":"https:\/\/marktxxl.de\/markt\/wp-json\/wp\/v2\/media\/52659"}],"wp:attachment":[{"href":"https:\/\/marktxxl.de\/markt\/wp-json\/wp\/v2\/media?parent=52658"}],"wp:term":[{"taxonomy":"product_brand","embeddable":true,"href":"https:\/\/marktxxl.de\/markt\/wp-json\/wp\/v2\/product_brand?post=52658"},{"taxonomy":"product_cat","embeddable":true,"href":"https:\/\/marktxxl.de\/markt\/wp-json\/wp\/v2\/product_cat?post=52658"},{"taxonomy":"product_tag","embeddable":true,"href":"https:\/\/marktxxl.de\/markt\/wp-json\/wp\/v2\/product_tag?post=52658"}],"curies":[{"name":"wp","href":"https:\/\/api.w.org\/{rel}","templated":true}]}}