{"id":52617,"date":"2021-10-13T20:09:44","date_gmt":"2021-10-13T18:09:44","guid":{"rendered":"https:\/\/marktxxl.de\/markt\/produkt\/maneman-london-beard-grooming-kit-fuer-maenner-7-teiliges-geschenkset-shampoo-oil-macht-den-bart-weicher-und-juckreizfreier\/"},"modified":"2023-04-10T02:04:18","modified_gmt":"2023-04-10T00:04:18","slug":"maneman-london-beard-grooming-kit-fuer-maenner-7-teiliges-geschenkset-shampoo-oil-macht-den-bart-weicher-und-juckreizfreier","status":"publish","type":"product","link":"https:\/\/marktxxl.de\/markt\/produkt\/maneman-london-beard-grooming-kit-fuer-maenner-7-teiliges-geschenkset-shampoo-oil-macht-den-bart-weicher-und-juckreizfreier\/","title":{"rendered":"&#8220;Maneman London Beard Grooming Kit f\u00fcr M\u00e4nner &#8211; 7-teiliges Geschenkset, Shampoo, Oil, macht den Bart weicher und juckreizfreier&#8221;"},"content":{"rendered":"<p>PREMIUMQUALIT\u00c4T &amp; NAT\u00dcRLICHE INHALTSSTOFFE &#8211; Maneman London verwendet eine perfekte Mischung aus ArganOil Unsere Produkte sind reich an essentiellen Vitaminen und frei von grausamen Parabenen und Zusatzstoffen. Der Kamm, die B\u00fcrste und die Schere sind aus den hochwertigsten Materialien hergestellt und auf Langlebigkeit ausgelegt.<br \/>\nPERFEKTES SET &#8211; Das umfassendste Produkt im Vergleich zu others Marken. Diese everything in a Kollektion gew\u00e4hrleistet, dass Sie alles haben, was Sie auf Ihrer bearded Suche brauchen. As Bonus gibt es die Maneman London Beard Bible, um die M\u00e4hne im Zaum zu halten Geeignet f\u00fcr alle Anl\u00e4sse, Weihnachten, Ostern, Geburtstage, Hochzeiten, Vatertag oder einfach as Gift f\u00fcr eine besondere Person!<br \/>\nDESIGN UND QUALIT\u00c4T &#8211; Wir verwenden gro\u00dfe Sorgfalt auf unser Design. Unsere von Londonern in London entworfene Premiumverpackung stellt sicher, dass wir gegen\u00fcber anderen Marken einen Vorsprung haben, da wir bei unserer Verpackung und unserem Produkt keine Kompromisse eingehen.<br \/>\nKOSTENLOSE CANVAS-TASCHE &#8211; Eine Tasche aus Nylon-Canvas, perfekt zum Aufbewahren und Transportieren Ihrer Maneman London-Produkte.<br \/>\nKUNDENZUFRIEDENHEITSGARANTIE &#8211; Ihr Gl\u00fcck ist unser Gl\u00fcck, und unser Ziel ist es, den besten Kundenservice zu bieten. Unsere Kunden sind unsere Basis, wir werden uns bem\u00fchen, Sie zu 100% zufrieden zu stellen.<br \/>\n<div class=\"main-cross-sell\" data-asin=\"B07MZ45JPB\">\n\n\t<div class=\"WooZone-cross-sell-loader\">\n\t\t<div>\n\t\t\t<div id=\"floatingBarsG\">\n\t\t\t\t<div class=\"blockG\" id=\"rotateG_01\"><\/div>\n\t\t\t\t<div class=\"blockG\" id=\"rotateG_02\"><\/div>\n\t\t\t\t<div class=\"blockG\" id=\"rotateG_03\"><\/div>\n\t\t\t\t<div class=\"blockG\" id=\"rotateG_04\"><\/div>\n\t\t\t\t<div class=\"blockG\" id=\"rotateG_05\"><\/div>\n\t\t\t\t<div class=\"blockG\" id=\"rotateG_06\"><\/div>\n\t\t\t\t<div class=\"blockG\" id=\"rotateG_07\"><\/div>\n\t\t\t\t<div class=\"blockG\" id=\"rotateG_08\"><\/div>\n\t\t\t<\/div>\n\t\t\t<div class=\"WooZone-cross-sell-loader-text\"><\/div>\n\t\t<\/div>\n\t<\/div>\n\n\t\t\n<\/div>\n<div style=\"clear:both;\"><\/div><\/p>\n","protected":false},"excerpt":{"rendered":"<p>PREMIUMQUALIT\u00c4T &amp; NAT\u00dcRLICHE INHALTSSTOFFE &#8211; Maneman London verwendet eine perfekte Mischung aus ArganOil Unsere Produkte sind reich an essentiellen Vitaminen und frei von grausamen Parabenen und Zusatzstoffen. Der Kamm, die B\u00fcrste und die Schere sind aus den hochwertigsten Materialien hergestellt und auf Langlebigkeit ausgelegt.<br \/>\nPERFEKTES SET &#8211; Das umfassendste Produkt im Vergleich zu others Marken. Diese everything in a Kollektion gew\u00e4hrleistet, dass Sie alles haben, was Sie auf Ihrer bearded Suche brauchen. As Bonus gibt es die Maneman London Beard Bible, um die M\u00e4hne im Zaum zu halten Geeignet f\u00fcr alle Anl\u00e4sse, Weihnachten, Ostern, Geburtstage, Hochzeiten, Vatertag oder einfach as Gift f\u00fcr eine besondere Person!<br \/>\nDESIGN UND QUALIT\u00c4T &#8211; Wir verwenden gro\u00dfe Sorgfalt auf unser Design. Unsere von Londonern in London entworfene Premiumverpackung stellt sicher, dass wir gegen\u00fcber anderen Marken einen Vorsprung haben, da wir bei unserer Verpackung und unserem Produkt keine Kompromisse eingehen.<\/p>\n","protected":false},"featured_media":52618,"comment_status":"open","ping_status":"closed","template":"","meta":[],"product_brand":[],"product_cat":[2858,6632],"product_tag":[],"class_list":{"0":"post-52617","1":"product","2":"type-product","3":"status-publish","4":"has-post-thumbnail","6":"product_cat-beauty","7":"product_cat-beauty-pflegesets","8":"pa_binding-misc","9":"pa_brand-maneman-london","10":"pa_manufacturer-maneman-london","12":"first","13":"instock","14":"shipping-taxable","15":"purchasable","16":"product-type-simple","17":"customify-col","18":"product-has-gallery"},"yoast_head":"<!-- This site is optimized with the Yoast SEO plugin v27.4 - https:\/\/yoast.com\/product\/yoast-seo-wordpress\/ -->\n<title>&quot;Maneman London Beard Grooming Kit f\u00fcr M\u00e4nner - 7-teiliges Geschenkset, Shampoo, Oil, macht den Bart weicher und juckreizfreier&quot; - Markt-XXL<\/title>\n<meta name=\"description\" content=\"Markt-XXL &quot;Maneman London Beard Grooming Kit f\u00fcr M\u00e4nner - 7-teiliges Geschenkset, Shampoo, Oil, macht den Bart weicher und juckreizfreier&quot;\" \/>\n<meta name=\"robots\" content=\"index, follow, max-snippet:-1, max-image-preview:large, max-video-preview:-1\" \/>\n<link rel=\"canonical\" href=\"https:\/\/marktxxl.de\/markt\/produkt\/maneman-london-beard-grooming-kit-fuer-maenner-7-teiliges-geschenkset-shampoo-oil-macht-den-bart-weicher-und-juckreizfreier\/\" \/>\n<meta property=\"og:locale\" content=\"de_DE\" \/>\n<meta property=\"og:type\" content=\"article\" \/>\n<meta property=\"og:title\" content=\"&quot;Maneman London Beard Grooming Kit f\u00fcr M\u00e4nner - 7-teiliges Geschenkset, Shampoo, Oil, macht den Bart weicher und juckreizfreier&quot; - Markt-XXL\" \/>\n<meta property=\"og:description\" content=\"Markt-XXL &quot;Maneman London Beard Grooming Kit f\u00fcr M\u00e4nner - 7-teiliges Geschenkset, Shampoo, Oil, macht den Bart weicher und juckreizfreier&quot;\" \/>\n<meta property=\"og:url\" content=\"https:\/\/marktxxl.de\/markt\/produkt\/maneman-london-beard-grooming-kit-fuer-maenner-7-teiliges-geschenkset-shampoo-oil-macht-den-bart-weicher-und-juckreizfreier\/\" \/>\n<meta property=\"og:site_name\" content=\"Markt-XXL\" \/>\n<meta property=\"article:modified_time\" content=\"2023-04-10T00:04:18+00:00\" \/>\n<meta property=\"og:image\" content=\"https:\/\/m.media-amazon.com\/images\/I\/41vs8n2DDUL._SL500_.jpg\" \/>\n\t<meta property=\"og:image:width\" content=\"500\" \/>\n\t<meta property=\"og:image:height\" content=\"500\" \/>\n\t<meta property=\"og:image:type\" content=\"image\/jpeg\" \/>\n<meta name=\"twitter:card\" content=\"summary_large_image\" \/>\n<meta name=\"twitter:label1\" content=\"Gesch\u00e4tzte Lesezeit\" \/>\n\t<meta name=\"twitter:data1\" content=\"1\u00a0Minute\" \/>\n<script type=\"application\/ld+json\" class=\"yoast-schema-graph\">{\"@context\":\"https:\\\/\\\/schema.org\",\"@graph\":[{\"@type\":\"WebPage\",\"@id\":\"https:\\\/\\\/marktxxl.de\\\/markt\\\/produkt\\\/maneman-london-beard-grooming-kit-fuer-maenner-7-teiliges-geschenkset-shampoo-oil-macht-den-bart-weicher-und-juckreizfreier\\\/\",\"url\":\"https:\\\/\\\/marktxxl.de\\\/markt\\\/produkt\\\/maneman-london-beard-grooming-kit-fuer-maenner-7-teiliges-geschenkset-shampoo-oil-macht-den-bart-weicher-und-juckreizfreier\\\/\",\"name\":\"\\\"Maneman London Beard Grooming Kit f\u00fcr M\u00e4nner - 7-teiliges Geschenkset, Shampoo, Oil, macht den Bart weicher und juckreizfreier\\\" - Markt-XXL\",\"isPartOf\":{\"@id\":\"https:\\\/\\\/marktxxl.de\\\/markt\\\/#website\"},\"primaryImageOfPage\":{\"@id\":\"https:\\\/\\\/marktxxl.de\\\/markt\\\/produkt\\\/maneman-london-beard-grooming-kit-fuer-maenner-7-teiliges-geschenkset-shampoo-oil-macht-den-bart-weicher-und-juckreizfreier\\\/#primaryimage\"},\"image\":{\"@id\":\"https:\\\/\\\/marktxxl.de\\\/markt\\\/produkt\\\/maneman-london-beard-grooming-kit-fuer-maenner-7-teiliges-geschenkset-shampoo-oil-macht-den-bart-weicher-und-juckreizfreier\\\/#primaryimage\"},\"thumbnailUrl\":\"https:\\\/\\\/m.media-amazon.com\\\/images\\\/I\\\/41vs8n2DDUL._SL500_.jpg\",\"datePublished\":\"2021-10-13T18:09:44+00:00\",\"dateModified\":\"2023-04-10T00:04:18+00:00\",\"description\":\"Markt-XXL \\\"Maneman London Beard Grooming Kit f\u00fcr M\u00e4nner - 7-teiliges Geschenkset, Shampoo, Oil, macht den Bart weicher und juckreizfreier\\\"\",\"breadcrumb\":{\"@id\":\"https:\\\/\\\/marktxxl.de\\\/markt\\\/produkt\\\/maneman-london-beard-grooming-kit-fuer-maenner-7-teiliges-geschenkset-shampoo-oil-macht-den-bart-weicher-und-juckreizfreier\\\/#breadcrumb\"},\"inLanguage\":\"de\",\"potentialAction\":[{\"@type\":\"ReadAction\",\"target\":[\"https:\\\/\\\/marktxxl.de\\\/markt\\\/produkt\\\/maneman-london-beard-grooming-kit-fuer-maenner-7-teiliges-geschenkset-shampoo-oil-macht-den-bart-weicher-und-juckreizfreier\\\/\"]}]},{\"@type\":\"ImageObject\",\"inLanguage\":\"de\",\"@id\":\"https:\\\/\\\/marktxxl.de\\\/markt\\\/produkt\\\/maneman-london-beard-grooming-kit-fuer-maenner-7-teiliges-geschenkset-shampoo-oil-macht-den-bart-weicher-und-juckreizfreier\\\/#primaryimage\",\"url\":\"https:\\\/\\\/m.media-amazon.com\\\/images\\\/I\\\/41vs8n2DDUL._SL500_.jpg\",\"contentUrl\":\"https:\\\/\\\/m.media-amazon.com\\\/images\\\/I\\\/41vs8n2DDUL._SL500_.jpg\",\"width\":500,\"height\":500},{\"@type\":\"BreadcrumbList\",\"@id\":\"https:\\\/\\\/marktxxl.de\\\/markt\\\/produkt\\\/maneman-london-beard-grooming-kit-fuer-maenner-7-teiliges-geschenkset-shampoo-oil-macht-den-bart-weicher-und-juckreizfreier\\\/#breadcrumb\",\"itemListElement\":[{\"@type\":\"ListItem\",\"position\":1,\"name\":\"Startseite\",\"item\":\"https:\\\/\\\/marktxxl.de\\\/markt\\\/\"},{\"@type\":\"ListItem\",\"position\":2,\"name\":\"Markt\",\"item\":\"https:\\\/\\\/marktxxl.de\\\/markt\\\/\"},{\"@type\":\"ListItem\",\"position\":3,\"name\":\"&#8220;Maneman London Beard Grooming Kit f\u00fcr M\u00e4nner &#8211; 7-teiliges Geschenkset, Shampoo, Oil, macht den Bart weicher und juckreizfreier&#8221;\"}]},{\"@type\":\"WebSite\",\"@id\":\"https:\\\/\\\/marktxxl.de\\\/markt\\\/#website\",\"url\":\"https:\\\/\\\/marktxxl.de\\\/markt\\\/\",\"name\":\"Markt-XXL\",\"description\":\"Ihr Markt Online\",\"publisher\":{\"@id\":\"https:\\\/\\\/marktxxl.de\\\/markt\\\/#organization\"},\"potentialAction\":[{\"@type\":\"SearchAction\",\"target\":{\"@type\":\"EntryPoint\",\"urlTemplate\":\"https:\\\/\\\/marktxxl.de\\\/markt\\\/?s={search_term_string}\"},\"query-input\":{\"@type\":\"PropertyValueSpecification\",\"valueRequired\":true,\"valueName\":\"search_term_string\"}}],\"inLanguage\":\"de\"},{\"@type\":\"Organization\",\"@id\":\"https:\\\/\\\/marktxxl.de\\\/markt\\\/#organization\",\"name\":\"Markt-XXL\",\"url\":\"https:\\\/\\\/marktxxl.de\\\/markt\\\/\",\"logo\":{\"@type\":\"ImageObject\",\"inLanguage\":\"de\",\"@id\":\"https:\\\/\\\/marktxxl.de\\\/markt\\\/#\\\/schema\\\/logo\\\/image\\\/\",\"url\":\"https:\\\/\\\/marktxxl.de\\\/markt\\\/wp-content\\\/uploads\\\/sites\\\/3\\\/2020\\\/12\\\/logo.png\",\"contentUrl\":\"https:\\\/\\\/marktxxl.de\\\/markt\\\/wp-content\\\/uploads\\\/sites\\\/3\\\/2020\\\/12\\\/logo.png\",\"width\":200,\"height\":70,\"caption\":\"Markt-XXL\"},\"image\":{\"@id\":\"https:\\\/\\\/marktxxl.de\\\/markt\\\/#\\\/schema\\\/logo\\\/image\\\/\"}}]}<\/script>\n<!-- \/ Yoast SEO plugin. -->","yoast_head_json":{"title":"\"Maneman London Beard Grooming Kit f\u00fcr M\u00e4nner - 7-teiliges Geschenkset, Shampoo, Oil, macht den Bart weicher und juckreizfreier\" - Markt-XXL","description":"Markt-XXL \"Maneman London Beard Grooming Kit f\u00fcr M\u00e4nner - 7-teiliges Geschenkset, Shampoo, Oil, macht den Bart weicher und juckreizfreier\"","robots":{"index":"index","follow":"follow","max-snippet":"max-snippet:-1","max-image-preview":"max-image-preview:large","max-video-preview":"max-video-preview:-1"},"canonical":"https:\/\/marktxxl.de\/markt\/produkt\/maneman-london-beard-grooming-kit-fuer-maenner-7-teiliges-geschenkset-shampoo-oil-macht-den-bart-weicher-und-juckreizfreier\/","og_locale":"de_DE","og_type":"article","og_title":"\"Maneman London Beard Grooming Kit f\u00fcr M\u00e4nner - 7-teiliges Geschenkset, Shampoo, Oil, macht den Bart weicher und juckreizfreier\" - Markt-XXL","og_description":"Markt-XXL \"Maneman London Beard Grooming Kit f\u00fcr M\u00e4nner - 7-teiliges Geschenkset, Shampoo, Oil, macht den Bart weicher und juckreizfreier\"","og_url":"https:\/\/marktxxl.de\/markt\/produkt\/maneman-london-beard-grooming-kit-fuer-maenner-7-teiliges-geschenkset-shampoo-oil-macht-den-bart-weicher-und-juckreizfreier\/","og_site_name":"Markt-XXL","article_modified_time":"2023-04-10T00:04:18+00:00","og_image":[{"width":500,"height":500,"url":"https:\/\/m.media-amazon.com\/images\/I\/41vs8n2DDUL._SL500_.jpg","type":"image\/jpeg"}],"twitter_card":"summary_large_image","twitter_misc":{"Gesch\u00e4tzte Lesezeit":"1\u00a0Minute"},"schema":{"@context":"https:\/\/schema.org","@graph":[{"@type":"WebPage","@id":"https:\/\/marktxxl.de\/markt\/produkt\/maneman-london-beard-grooming-kit-fuer-maenner-7-teiliges-geschenkset-shampoo-oil-macht-den-bart-weicher-und-juckreizfreier\/","url":"https:\/\/marktxxl.de\/markt\/produkt\/maneman-london-beard-grooming-kit-fuer-maenner-7-teiliges-geschenkset-shampoo-oil-macht-den-bart-weicher-und-juckreizfreier\/","name":"\"Maneman London Beard Grooming Kit f\u00fcr M\u00e4nner - 7-teiliges Geschenkset, Shampoo, Oil, macht den Bart weicher und juckreizfreier\" - Markt-XXL","isPartOf":{"@id":"https:\/\/marktxxl.de\/markt\/#website"},"primaryImageOfPage":{"@id":"https:\/\/marktxxl.de\/markt\/produkt\/maneman-london-beard-grooming-kit-fuer-maenner-7-teiliges-geschenkset-shampoo-oil-macht-den-bart-weicher-und-juckreizfreier\/#primaryimage"},"image":{"@id":"https:\/\/marktxxl.de\/markt\/produkt\/maneman-london-beard-grooming-kit-fuer-maenner-7-teiliges-geschenkset-shampoo-oil-macht-den-bart-weicher-und-juckreizfreier\/#primaryimage"},"thumbnailUrl":"https:\/\/m.media-amazon.com\/images\/I\/41vs8n2DDUL._SL500_.jpg","datePublished":"2021-10-13T18:09:44+00:00","dateModified":"2023-04-10T00:04:18+00:00","description":"Markt-XXL \"Maneman London Beard Grooming Kit f\u00fcr M\u00e4nner - 7-teiliges Geschenkset, Shampoo, Oil, macht den Bart weicher und juckreizfreier\"","breadcrumb":{"@id":"https:\/\/marktxxl.de\/markt\/produkt\/maneman-london-beard-grooming-kit-fuer-maenner-7-teiliges-geschenkset-shampoo-oil-macht-den-bart-weicher-und-juckreizfreier\/#breadcrumb"},"inLanguage":"de","potentialAction":[{"@type":"ReadAction","target":["https:\/\/marktxxl.de\/markt\/produkt\/maneman-london-beard-grooming-kit-fuer-maenner-7-teiliges-geschenkset-shampoo-oil-macht-den-bart-weicher-und-juckreizfreier\/"]}]},{"@type":"ImageObject","inLanguage":"de","@id":"https:\/\/marktxxl.de\/markt\/produkt\/maneman-london-beard-grooming-kit-fuer-maenner-7-teiliges-geschenkset-shampoo-oil-macht-den-bart-weicher-und-juckreizfreier\/#primaryimage","url":"https:\/\/m.media-amazon.com\/images\/I\/41vs8n2DDUL._SL500_.jpg","contentUrl":"https:\/\/m.media-amazon.com\/images\/I\/41vs8n2DDUL._SL500_.jpg","width":500,"height":500},{"@type":"BreadcrumbList","@id":"https:\/\/marktxxl.de\/markt\/produkt\/maneman-london-beard-grooming-kit-fuer-maenner-7-teiliges-geschenkset-shampoo-oil-macht-den-bart-weicher-und-juckreizfreier\/#breadcrumb","itemListElement":[{"@type":"ListItem","position":1,"name":"Startseite","item":"https:\/\/marktxxl.de\/markt\/"},{"@type":"ListItem","position":2,"name":"Markt","item":"https:\/\/marktxxl.de\/markt\/"},{"@type":"ListItem","position":3,"name":"&#8220;Maneman London Beard Grooming Kit f\u00fcr M\u00e4nner &#8211; 7-teiliges Geschenkset, Shampoo, Oil, macht den Bart weicher und juckreizfreier&#8221;"}]},{"@type":"WebSite","@id":"https:\/\/marktxxl.de\/markt\/#website","url":"https:\/\/marktxxl.de\/markt\/","name":"Markt-XXL","description":"Ihr Markt Online","publisher":{"@id":"https:\/\/marktxxl.de\/markt\/#organization"},"potentialAction":[{"@type":"SearchAction","target":{"@type":"EntryPoint","urlTemplate":"https:\/\/marktxxl.de\/markt\/?s={search_term_string}"},"query-input":{"@type":"PropertyValueSpecification","valueRequired":true,"valueName":"search_term_string"}}],"inLanguage":"de"},{"@type":"Organization","@id":"https:\/\/marktxxl.de\/markt\/#organization","name":"Markt-XXL","url":"https:\/\/marktxxl.de\/markt\/","logo":{"@type":"ImageObject","inLanguage":"de","@id":"https:\/\/marktxxl.de\/markt\/#\/schema\/logo\/image\/","url":"https:\/\/marktxxl.de\/markt\/wp-content\/uploads\/sites\/3\/2020\/12\/logo.png","contentUrl":"https:\/\/marktxxl.de\/markt\/wp-content\/uploads\/sites\/3\/2020\/12\/logo.png","width":200,"height":70,"caption":"Markt-XXL"},"image":{"@id":"https:\/\/marktxxl.de\/markt\/#\/schema\/logo\/image\/"}}]}},"_links":{"self":[{"href":"https:\/\/marktxxl.de\/markt\/wp-json\/wp\/v2\/product\/52617","targetHints":{"allow":["GET"]}}],"collection":[{"href":"https:\/\/marktxxl.de\/markt\/wp-json\/wp\/v2\/product"}],"about":[{"href":"https:\/\/marktxxl.de\/markt\/wp-json\/wp\/v2\/types\/product"}],"replies":[{"embeddable":true,"href":"https:\/\/marktxxl.de\/markt\/wp-json\/wp\/v2\/comments?post=52617"}],"wp:featuredmedia":[{"embeddable":true,"href":"https:\/\/marktxxl.de\/markt\/wp-json\/wp\/v2\/media\/52618"}],"wp:attachment":[{"href":"https:\/\/marktxxl.de\/markt\/wp-json\/wp\/v2\/media?parent=52617"}],"wp:term":[{"taxonomy":"product_brand","embeddable":true,"href":"https:\/\/marktxxl.de\/markt\/wp-json\/wp\/v2\/product_brand?post=52617"},{"taxonomy":"product_cat","embeddable":true,"href":"https:\/\/marktxxl.de\/markt\/wp-json\/wp\/v2\/product_cat?post=52617"},{"taxonomy":"product_tag","embeddable":true,"href":"https:\/\/marktxxl.de\/markt\/wp-json\/wp\/v2\/product_tag?post=52617"}],"curies":[{"name":"wp","href":"https:\/\/api.w.org\/{rel}","templated":true}]}}