{"id":52607,"date":"2021-10-13T20:06:12","date_gmt":"2021-10-13T18:06:12","guid":{"rendered":"https:\/\/marktxxl.de\/markt\/produkt\/q-tips-cotton-swabs-antimicrobial-300-count\/"},"modified":"2023-04-10T02:04:18","modified_gmt":"2023-04-10T00:04:18","slug":"q-tips-cotton-swabs-antimicrobial-300-count","status":"publish","type":"product","link":"https:\/\/marktxxl.de\/markt\/produkt\/q-tips-cotton-swabs-antimicrobial-300-count\/","title":{"rendered":"Q-TIPS &#8211; Cotton Swabs Antimicrobial &#8211; 300 Count"},"content":{"rendered":"<p>Beseitigt bei Kontakt<br \/>\nRest Abt\u00f6tung von Ameisen und Kakerlaken arbeitet f\u00fcr bis zu vier Wochen<br \/>\nHinterl\u00e4sst keine verweilenden chemischen Geruch<br \/>\nVerf\u00fcgt \u00fcber einen Au\u00dfen frischen Duft<br \/>\nDie Verwendung mit anderen Raid Defense System Produkten intelligenter zu arbeiten, nicht h\u00e4rter zu k\u00e4mpfen, Bugs<br \/>\n<div class=\"main-cross-sell\" data-asin=\"B0014D5O8K\">\n\n\t<div class=\"WooZone-cross-sell-loader\">\n\t\t<div>\n\t\t\t<div id=\"floatingBarsG\">\n\t\t\t\t<div class=\"blockG\" id=\"rotateG_01\"><\/div>\n\t\t\t\t<div class=\"blockG\" id=\"rotateG_02\"><\/div>\n\t\t\t\t<div class=\"blockG\" id=\"rotateG_03\"><\/div>\n\t\t\t\t<div class=\"blockG\" id=\"rotateG_04\"><\/div>\n\t\t\t\t<div class=\"blockG\" id=\"rotateG_05\"><\/div>\n\t\t\t\t<div class=\"blockG\" id=\"rotateG_06\"><\/div>\n\t\t\t\t<div class=\"blockG\" id=\"rotateG_07\"><\/div>\n\t\t\t\t<div class=\"blockG\" id=\"rotateG_08\"><\/div>\n\t\t\t<\/div>\n\t\t\t<div class=\"WooZone-cross-sell-loader-text\"><\/div>\n\t\t<\/div>\n\t<\/div>\n\n\t\t\n<\/div>\n<div style=\"clear:both;\"><\/div><\/p>\n","protected":false},"excerpt":{"rendered":"<p>Beseitigt bei Kontakt<br \/>\nRest Abt\u00f6tung von Ameisen und Kakerlaken arbeitet f\u00fcr bis zu vier Wochen<br \/>\nHinterl\u00e4sst keine verweilenden chemischen Geruch<\/p>\n","protected":false},"featured_media":52608,"comment_status":"open","ping_status":"closed","template":"","meta":[],"product_brand":[],"product_cat":[2858,6632],"product_tag":[],"class_list":{"0":"post-52607","1":"product","2":"type-product","3":"status-publish","4":"has-post-thumbnail","6":"product_cat-beauty","7":"product_cat-beauty-pflegesets","8":"pa_binding-badartikel","9":"pa_brand-q-tips","10":"pa_height-1-5-zoll","11":"pa_length-7-9-zoll","12":"pa_manufacturer-unilever","13":"pa_model-thomaswi","14":"pa_weight-0-25-pfund","15":"pa_width-3-9-zoll","17":"first","18":"instock","19":"shipping-taxable","20":"purchasable","21":"product-type-simple","22":"customify-col","23":"product-has-gallery"},"yoast_head":"<!-- This site is optimized with the Yoast SEO plugin v27.3 - https:\/\/yoast.com\/product\/yoast-seo-wordpress\/ -->\n<title>Q-TIPS - Cotton Swabs Antimicrobial - 300 Count - Markt-XXL<\/title>\n<meta name=\"description\" content=\"Markt-XXL Q-TIPS - Cotton Swabs Antimicrobial - 300 Count\" \/>\n<meta name=\"robots\" content=\"index, follow, max-snippet:-1, max-image-preview:large, max-video-preview:-1\" \/>\n<link rel=\"canonical\" href=\"https:\/\/marktxxl.de\/markt\/produkt\/q-tips-cotton-swabs-antimicrobial-300-count\/\" \/>\n<meta property=\"og:locale\" content=\"de_DE\" \/>\n<meta property=\"og:type\" content=\"article\" \/>\n<meta property=\"og:title\" content=\"Q-TIPS - Cotton Swabs Antimicrobial - 300 Count - Markt-XXL\" \/>\n<meta property=\"og:description\" content=\"Markt-XXL Q-TIPS - Cotton Swabs Antimicrobial - 300 Count\" \/>\n<meta property=\"og:url\" content=\"https:\/\/marktxxl.de\/markt\/produkt\/q-tips-cotton-swabs-antimicrobial-300-count\/\" \/>\n<meta property=\"og:site_name\" content=\"Markt-XXL\" \/>\n<meta property=\"article:modified_time\" content=\"2023-04-10T00:04:18+00:00\" \/>\n<meta property=\"og:image\" content=\"https:\/\/m.media-amazon.com\/images\/I\/51n7yuarERL._SL500_.jpg\" \/>\n\t<meta property=\"og:image:width\" content=\"500\" \/>\n\t<meta property=\"og:image:height\" content=\"500\" \/>\n\t<meta property=\"og:image:type\" content=\"image\/jpeg\" \/>\n<meta name=\"twitter:card\" content=\"summary_large_image\" \/>\n<script type=\"application\/ld+json\" class=\"yoast-schema-graph\">{\"@context\":\"https:\\\/\\\/schema.org\",\"@graph\":[{\"@type\":\"WebPage\",\"@id\":\"https:\\\/\\\/marktxxl.de\\\/markt\\\/produkt\\\/q-tips-cotton-swabs-antimicrobial-300-count\\\/\",\"url\":\"https:\\\/\\\/marktxxl.de\\\/markt\\\/produkt\\\/q-tips-cotton-swabs-antimicrobial-300-count\\\/\",\"name\":\"Q-TIPS - Cotton Swabs Antimicrobial - 300 Count - Markt-XXL\",\"isPartOf\":{\"@id\":\"https:\\\/\\\/marktxxl.de\\\/markt\\\/#website\"},\"primaryImageOfPage\":{\"@id\":\"https:\\\/\\\/marktxxl.de\\\/markt\\\/produkt\\\/q-tips-cotton-swabs-antimicrobial-300-count\\\/#primaryimage\"},\"image\":{\"@id\":\"https:\\\/\\\/marktxxl.de\\\/markt\\\/produkt\\\/q-tips-cotton-swabs-antimicrobial-300-count\\\/#primaryimage\"},\"thumbnailUrl\":\"https:\\\/\\\/m.media-amazon.com\\\/images\\\/I\\\/51n7yuarERL._SL500_.jpg\",\"datePublished\":\"2021-10-13T18:06:12+00:00\",\"dateModified\":\"2023-04-10T00:04:18+00:00\",\"description\":\"Markt-XXL Q-TIPS - Cotton Swabs Antimicrobial - 300 Count\",\"breadcrumb\":{\"@id\":\"https:\\\/\\\/marktxxl.de\\\/markt\\\/produkt\\\/q-tips-cotton-swabs-antimicrobial-300-count\\\/#breadcrumb\"},\"inLanguage\":\"de\",\"potentialAction\":[{\"@type\":\"ReadAction\",\"target\":[\"https:\\\/\\\/marktxxl.de\\\/markt\\\/produkt\\\/q-tips-cotton-swabs-antimicrobial-300-count\\\/\"]}]},{\"@type\":\"ImageObject\",\"inLanguage\":\"de\",\"@id\":\"https:\\\/\\\/marktxxl.de\\\/markt\\\/produkt\\\/q-tips-cotton-swabs-antimicrobial-300-count\\\/#primaryimage\",\"url\":\"https:\\\/\\\/m.media-amazon.com\\\/images\\\/I\\\/51n7yuarERL._SL500_.jpg\",\"contentUrl\":\"https:\\\/\\\/m.media-amazon.com\\\/images\\\/I\\\/51n7yuarERL._SL500_.jpg\",\"width\":500,\"height\":500},{\"@type\":\"BreadcrumbList\",\"@id\":\"https:\\\/\\\/marktxxl.de\\\/markt\\\/produkt\\\/q-tips-cotton-swabs-antimicrobial-300-count\\\/#breadcrumb\",\"itemListElement\":[{\"@type\":\"ListItem\",\"position\":1,\"name\":\"Startseite\",\"item\":\"https:\\\/\\\/marktxxl.de\\\/markt\\\/\"},{\"@type\":\"ListItem\",\"position\":2,\"name\":\"Markt\",\"item\":\"https:\\\/\\\/marktxxl.de\\\/markt\\\/\"},{\"@type\":\"ListItem\",\"position\":3,\"name\":\"Q-TIPS &#8211; Cotton Swabs Antimicrobial &#8211; 300 Count\"}]},{\"@type\":\"WebSite\",\"@id\":\"https:\\\/\\\/marktxxl.de\\\/markt\\\/#website\",\"url\":\"https:\\\/\\\/marktxxl.de\\\/markt\\\/\",\"name\":\"Markt-XXL\",\"description\":\"Ihr Markt Online\",\"publisher\":{\"@id\":\"https:\\\/\\\/marktxxl.de\\\/markt\\\/#organization\"},\"potentialAction\":[{\"@type\":\"SearchAction\",\"target\":{\"@type\":\"EntryPoint\",\"urlTemplate\":\"https:\\\/\\\/marktxxl.de\\\/markt\\\/?s={search_term_string}\"},\"query-input\":{\"@type\":\"PropertyValueSpecification\",\"valueRequired\":true,\"valueName\":\"search_term_string\"}}],\"inLanguage\":\"de\"},{\"@type\":\"Organization\",\"@id\":\"https:\\\/\\\/marktxxl.de\\\/markt\\\/#organization\",\"name\":\"Markt-XXL\",\"url\":\"https:\\\/\\\/marktxxl.de\\\/markt\\\/\",\"logo\":{\"@type\":\"ImageObject\",\"inLanguage\":\"de\",\"@id\":\"https:\\\/\\\/marktxxl.de\\\/markt\\\/#\\\/schema\\\/logo\\\/image\\\/\",\"url\":\"https:\\\/\\\/marktxxl.de\\\/markt\\\/wp-content\\\/uploads\\\/sites\\\/3\\\/2020\\\/12\\\/logo.png\",\"contentUrl\":\"https:\\\/\\\/marktxxl.de\\\/markt\\\/wp-content\\\/uploads\\\/sites\\\/3\\\/2020\\\/12\\\/logo.png\",\"width\":200,\"height\":70,\"caption\":\"Markt-XXL\"},\"image\":{\"@id\":\"https:\\\/\\\/marktxxl.de\\\/markt\\\/#\\\/schema\\\/logo\\\/image\\\/\"}}]}<\/script>\n<!-- \/ Yoast SEO plugin. -->","yoast_head_json":{"title":"Q-TIPS - Cotton Swabs Antimicrobial - 300 Count - Markt-XXL","description":"Markt-XXL Q-TIPS - Cotton Swabs Antimicrobial - 300 Count","robots":{"index":"index","follow":"follow","max-snippet":"max-snippet:-1","max-image-preview":"max-image-preview:large","max-video-preview":"max-video-preview:-1"},"canonical":"https:\/\/marktxxl.de\/markt\/produkt\/q-tips-cotton-swabs-antimicrobial-300-count\/","og_locale":"de_DE","og_type":"article","og_title":"Q-TIPS - Cotton Swabs Antimicrobial - 300 Count - Markt-XXL","og_description":"Markt-XXL Q-TIPS - Cotton Swabs Antimicrobial - 300 Count","og_url":"https:\/\/marktxxl.de\/markt\/produkt\/q-tips-cotton-swabs-antimicrobial-300-count\/","og_site_name":"Markt-XXL","article_modified_time":"2023-04-10T00:04:18+00:00","og_image":[{"width":500,"height":500,"url":"https:\/\/m.media-amazon.com\/images\/I\/51n7yuarERL._SL500_.jpg","type":"image\/jpeg"}],"twitter_card":"summary_large_image","schema":{"@context":"https:\/\/schema.org","@graph":[{"@type":"WebPage","@id":"https:\/\/marktxxl.de\/markt\/produkt\/q-tips-cotton-swabs-antimicrobial-300-count\/","url":"https:\/\/marktxxl.de\/markt\/produkt\/q-tips-cotton-swabs-antimicrobial-300-count\/","name":"Q-TIPS - Cotton Swabs Antimicrobial - 300 Count - Markt-XXL","isPartOf":{"@id":"https:\/\/marktxxl.de\/markt\/#website"},"primaryImageOfPage":{"@id":"https:\/\/marktxxl.de\/markt\/produkt\/q-tips-cotton-swabs-antimicrobial-300-count\/#primaryimage"},"image":{"@id":"https:\/\/marktxxl.de\/markt\/produkt\/q-tips-cotton-swabs-antimicrobial-300-count\/#primaryimage"},"thumbnailUrl":"https:\/\/m.media-amazon.com\/images\/I\/51n7yuarERL._SL500_.jpg","datePublished":"2021-10-13T18:06:12+00:00","dateModified":"2023-04-10T00:04:18+00:00","description":"Markt-XXL Q-TIPS - Cotton Swabs Antimicrobial - 300 Count","breadcrumb":{"@id":"https:\/\/marktxxl.de\/markt\/produkt\/q-tips-cotton-swabs-antimicrobial-300-count\/#breadcrumb"},"inLanguage":"de","potentialAction":[{"@type":"ReadAction","target":["https:\/\/marktxxl.de\/markt\/produkt\/q-tips-cotton-swabs-antimicrobial-300-count\/"]}]},{"@type":"ImageObject","inLanguage":"de","@id":"https:\/\/marktxxl.de\/markt\/produkt\/q-tips-cotton-swabs-antimicrobial-300-count\/#primaryimage","url":"https:\/\/m.media-amazon.com\/images\/I\/51n7yuarERL._SL500_.jpg","contentUrl":"https:\/\/m.media-amazon.com\/images\/I\/51n7yuarERL._SL500_.jpg","width":500,"height":500},{"@type":"BreadcrumbList","@id":"https:\/\/marktxxl.de\/markt\/produkt\/q-tips-cotton-swabs-antimicrobial-300-count\/#breadcrumb","itemListElement":[{"@type":"ListItem","position":1,"name":"Startseite","item":"https:\/\/marktxxl.de\/markt\/"},{"@type":"ListItem","position":2,"name":"Markt","item":"https:\/\/marktxxl.de\/markt\/"},{"@type":"ListItem","position":3,"name":"Q-TIPS &#8211; Cotton Swabs Antimicrobial &#8211; 300 Count"}]},{"@type":"WebSite","@id":"https:\/\/marktxxl.de\/markt\/#website","url":"https:\/\/marktxxl.de\/markt\/","name":"Markt-XXL","description":"Ihr Markt Online","publisher":{"@id":"https:\/\/marktxxl.de\/markt\/#organization"},"potentialAction":[{"@type":"SearchAction","target":{"@type":"EntryPoint","urlTemplate":"https:\/\/marktxxl.de\/markt\/?s={search_term_string}"},"query-input":{"@type":"PropertyValueSpecification","valueRequired":true,"valueName":"search_term_string"}}],"inLanguage":"de"},{"@type":"Organization","@id":"https:\/\/marktxxl.de\/markt\/#organization","name":"Markt-XXL","url":"https:\/\/marktxxl.de\/markt\/","logo":{"@type":"ImageObject","inLanguage":"de","@id":"https:\/\/marktxxl.de\/markt\/#\/schema\/logo\/image\/","url":"https:\/\/marktxxl.de\/markt\/wp-content\/uploads\/sites\/3\/2020\/12\/logo.png","contentUrl":"https:\/\/marktxxl.de\/markt\/wp-content\/uploads\/sites\/3\/2020\/12\/logo.png","width":200,"height":70,"caption":"Markt-XXL"},"image":{"@id":"https:\/\/marktxxl.de\/markt\/#\/schema\/logo\/image\/"}}]}},"_links":{"self":[{"href":"https:\/\/marktxxl.de\/markt\/wp-json\/wp\/v2\/product\/52607","targetHints":{"allow":["GET"]}}],"collection":[{"href":"https:\/\/marktxxl.de\/markt\/wp-json\/wp\/v2\/product"}],"about":[{"href":"https:\/\/marktxxl.de\/markt\/wp-json\/wp\/v2\/types\/product"}],"replies":[{"embeddable":true,"href":"https:\/\/marktxxl.de\/markt\/wp-json\/wp\/v2\/comments?post=52607"}],"wp:featuredmedia":[{"embeddable":true,"href":"https:\/\/marktxxl.de\/markt\/wp-json\/wp\/v2\/media\/52608"}],"wp:attachment":[{"href":"https:\/\/marktxxl.de\/markt\/wp-json\/wp\/v2\/media?parent=52607"}],"wp:term":[{"taxonomy":"product_brand","embeddable":true,"href":"https:\/\/marktxxl.de\/markt\/wp-json\/wp\/v2\/product_brand?post=52607"},{"taxonomy":"product_cat","embeddable":true,"href":"https:\/\/marktxxl.de\/markt\/wp-json\/wp\/v2\/product_cat?post=52607"},{"taxonomy":"product_tag","embeddable":true,"href":"https:\/\/marktxxl.de\/markt\/wp-json\/wp\/v2\/product_tag?post=52607"}],"curies":[{"name":"wp","href":"https:\/\/api.w.org\/{rel}","templated":true}]}}