{"id":52587,"date":"2021-10-13T20:06:09","date_gmt":"2021-10-13T18:06:09","guid":{"rendered":"https:\/\/marktxxl.de\/markt\/produkt\/simply-bioty-ghassoul-100-marokkanische-premium-lavaerde-bio-vegane-wascherde-tonerde-mineralische-gesichtsmaske-haarwaesche-natuerliches-peeling-1kg\/"},"modified":"2023-04-10T02:04:18","modified_gmt":"2023-04-10T00:04:18","slug":"simply-bioty-ghassoul-100-marokkanische-premium-lavaerde-bio-vegane-wascherde-tonerde-mineralische-gesichtsmaske-haarwaesche-natuerliches-peeling-1kg","status":"publish","type":"product","link":"https:\/\/marktxxl.de\/markt\/produkt\/simply-bioty-ghassoul-100-marokkanische-premium-lavaerde-bio-vegane-wascherde-tonerde-mineralische-gesichtsmaske-haarwaesche-natuerliches-peeling-1kg\/","title":{"rendered":"Simply Bioty Lavaerde 1kg original Ghassoul &#8211; Bio vegane Wascherde Tonerde &#8211; Mineralische Gesichtsmaske Haarw\u00e4sche\u2026"},"content":{"rendered":"<p>NATURGEHEIMNIS \u2013 Unser Ghassoul von Simply Bioty besteht aus nur einer Zutat \u2013 nat\u00fcrliche Lavaerde. Daher ist es nicht verwunderlich, dass Ghassoul besonders bei Allergiker und Menschen mit Hautproblemen sehr gefragt ist. Sehr hautfreundlich da OHNE Tenside, Paraffine, Farb- &amp; Duftstoffe, Konservierungsstoffe, Silikone &amp; Alkohole.<br \/>\n100% NATURREINE WIRKUNG \u2013 Exklusiv aus Marokko und seit Jahrtausenden bew\u00e4hrt. Empfohlen f\u00fcr die t\u00e4gliche K\u00f6rper- und Gesichtspflege. Es wird unteranderem auch bei unreiner Haut &amp; Pickeln benutzt. Ghassoul soll schon vielen Menschen wieder zu einem reinen und ausgeglichenen Hautbild geholfen haben. Es entsteht kein Schaum und es brennt nicht in den Augen.<br \/>\nVERSCHIEDENE ANWENDUNGEN \u2013 F\u00fcr JEDEN Haar- &amp; Hauttyp, ob d\u00fcnnes oder kr\u00e4ftiges Haar. Lavaerde sollte als Waschbasic in keinem Haushalt fehlen. Es tut der Haut, der Kopfhaut und somit auch den Haaren einfach gut. Ghassoul ist nicht nur als Reinigungsmaske denkbar, sondern kann auch als Zusatz in diverse Seifen oder Body Butter Anwendung finden. Auch als Badewasserzusatz eine sch\u00f6ne Idee. Versuche es auch mal ruhig mit ein paar Tropfen deines Lieblings \u00d6l.<br \/>\nVEGAN &amp; OHNE TIERVERSUCHE \u2013 Wir sind froh sagen zu k\u00f6nnen, dass unsere Lavaerde nicht an Tieren getestet wurde. Zudem ist unser Produkt Vegan und wirklich Naturfreundlich. Kein schlechtes Gewissen also, wenn Ghassoul in den Abfluss l\u00e4uft. Unser Ghassoul ist Bio, da es zu 100% nat\u00fcrlichen Ursprungs ist. Was ist nat\u00fcrlicher als Erde?<br \/>\nTOLLE WIRKUNG + GRATIS GESCHENK &#8211; G\u00f6nne deiner Haarpracht, sowie deiner Haut eine Auszeit von dem chemischen Schnick-Schnack. Durch die Umstellung von Tensid haltigen Shampoos &amp; Seifen auf Ghassoul k\u00f6nnte f\u00fcr sehr beanspruchtes Haar eine gewisse \u201cEntw\u00f6hnungs-Phase\u201c eintreten, bis die Nat\u00fcrlichkeit durch Ghassoul wiederhergestellt wird.<br \/>\n<div class=\"main-cross-sell\" data-asin=\"B07BDM8T5K\">\n\n\t<div class=\"WooZone-cross-sell-loader\">\n\t\t<div>\n\t\t\t<div id=\"floatingBarsG\">\n\t\t\t\t<div class=\"blockG\" id=\"rotateG_01\"><\/div>\n\t\t\t\t<div class=\"blockG\" id=\"rotateG_02\"><\/div>\n\t\t\t\t<div class=\"blockG\" id=\"rotateG_03\"><\/div>\n\t\t\t\t<div class=\"blockG\" id=\"rotateG_04\"><\/div>\n\t\t\t\t<div class=\"blockG\" id=\"rotateG_05\"><\/div>\n\t\t\t\t<div class=\"blockG\" id=\"rotateG_06\"><\/div>\n\t\t\t\t<div class=\"blockG\" id=\"rotateG_07\"><\/div>\n\t\t\t\t<div class=\"blockG\" id=\"rotateG_08\"><\/div>\n\t\t\t<\/div>\n\t\t\t<div class=\"WooZone-cross-sell-loader-text\"><\/div>\n\t\t<\/div>\n\t<\/div>\n\n\t\t\n<\/div>\n<div style=\"clear:both;\"><\/div><\/p>\n","protected":false},"excerpt":{"rendered":"<p>NATURGEHEIMNIS \u2013 Unser Ghassoul von Simply Bioty besteht aus nur einer Zutat \u2013 nat\u00fcrliche Lavaerde. Daher ist es nicht verwunderlich, dass Ghassoul besonders bei Allergiker und Menschen mit Hautproblemen sehr gefragt ist. Sehr hautfreundlich da OHNE Tenside, Paraffine, Farb- &amp; Duftstoffe, Konservierungsstoffe, Silikone &amp; Alkohole.<br \/>\n100% NATURREINE WIRKUNG \u2013 Exklusiv aus Marokko und seit Jahrtausenden bew\u00e4hrt. Empfohlen f\u00fcr die t\u00e4gliche K\u00f6rper- und Gesichtspflege. Es wird unteranderem auch bei unreiner Haut &amp; Pickeln benutzt. Ghassoul soll schon vielen Menschen wieder zu einem reinen und ausgeglichenen Hautbild geholfen haben. Es entsteht kein Schaum und es brennt nicht in den Augen.<br \/>\nVERSCHIEDENE ANWENDUNGEN \u2013 F\u00fcr JEDEN Haar- &amp; Hauttyp, ob d\u00fcnnes oder kr\u00e4ftiges Haar. Lavaerde sollte als Waschbasic in keinem Haushalt fehlen. Es tut der Haut, der Kopfhaut und somit auch den Haaren einfach gut. Ghassoul ist nicht nur als Reinigungsmaske denkbar, sondern kann auch als Zusatz in diverse Seifen oder Body Butter Anwendung finden. Auch als Badewasserzusatz eine sch\u00f6ne Idee. Versuche es auch mal ruhig mit ein paar Tropfen deines Lieblings \u00d6l.<\/p>\n","protected":false},"featured_media":52589,"comment_status":"open","ping_status":"closed","template":"","meta":[],"product_brand":[],"product_cat":[2858,6632],"product_tag":[],"class_list":{"0":"post-52587","1":"product","2":"type-product","3":"status-publish","4":"has-post-thumbnail","6":"product_cat-beauty","7":"product_cat-beauty-pflegesets","8":"pa_brand-simply-bioty","9":"pa_groesse-1-kg-1er-pack","10":"pa_manufacturer-simply-bioty","12":"first","13":"instock","14":"shipping-taxable","15":"purchasable","16":"product-type-variable","17":"customify-col","18":"product-has-gallery"},"yoast_head":"<!-- This site is optimized with the Yoast SEO plugin v27.4 - https:\/\/yoast.com\/product\/yoast-seo-wordpress\/ -->\n<title>Simply Bioty Lavaerde 1kg original Ghassoul - Bio vegane Wascherde Tonerde - Mineralische Gesichtsmaske Haarw\u00e4sche\u2026 - Markt-XXL<\/title>\n<meta name=\"description\" content=\"Markt-XXL Simply Bioty Lavaerde 1kg original Ghassoul - Bio vegane Wascherde Tonerde - Mineralische Gesichtsmaske Haarw\u00e4sche\u2026\" \/>\n<meta name=\"robots\" content=\"index, follow, max-snippet:-1, max-image-preview:large, max-video-preview:-1\" \/>\n<link rel=\"canonical\" href=\"https:\/\/marktxxl.de\/markt\/produkt\/simply-bioty-ghassoul-100-marokkanische-premium-lavaerde-bio-vegane-wascherde-tonerde-mineralische-gesichtsmaske-haarwaesche-natuerliches-peeling-1kg\/\" \/>\n<meta property=\"og:locale\" content=\"de_DE\" \/>\n<meta property=\"og:type\" content=\"article\" \/>\n<meta property=\"og:title\" content=\"Simply Bioty Lavaerde 1kg original Ghassoul - Bio vegane Wascherde Tonerde - Mineralische Gesichtsmaske Haarw\u00e4sche\u2026 - Markt-XXL\" \/>\n<meta property=\"og:description\" content=\"Markt-XXL Simply Bioty Lavaerde 1kg original Ghassoul - Bio vegane Wascherde Tonerde - Mineralische Gesichtsmaske Haarw\u00e4sche\u2026\" \/>\n<meta property=\"og:url\" content=\"https:\/\/marktxxl.de\/markt\/produkt\/simply-bioty-ghassoul-100-marokkanische-premium-lavaerde-bio-vegane-wascherde-tonerde-mineralische-gesichtsmaske-haarwaesche-natuerliches-peeling-1kg\/\" \/>\n<meta property=\"og:site_name\" content=\"Markt-XXL\" \/>\n<meta property=\"article:modified_time\" content=\"2023-04-10T00:04:18+00:00\" \/>\n<meta property=\"og:image\" content=\"https:\/\/m.media-amazon.com\/images\/I\/51WDv+J78OL._SL500_.jpg\" \/>\n\t<meta property=\"og:image:width\" content=\"500\" \/>\n\t<meta property=\"og:image:height\" content=\"500\" \/>\n\t<meta property=\"og:image:type\" content=\"image\/jpeg\" \/>\n<meta name=\"twitter:card\" content=\"summary_large_image\" \/>\n<meta name=\"twitter:label1\" content=\"Gesch\u00e4tzte Lesezeit\" \/>\n\t<meta name=\"twitter:data1\" content=\"1\u00a0Minute\" \/>\n<script type=\"application\/ld+json\" class=\"yoast-schema-graph\">{\"@context\":\"https:\\\/\\\/schema.org\",\"@graph\":[{\"@type\":\"WebPage\",\"@id\":\"https:\\\/\\\/marktxxl.de\\\/markt\\\/produkt\\\/simply-bioty-ghassoul-100-marokkanische-premium-lavaerde-bio-vegane-wascherde-tonerde-mineralische-gesichtsmaske-haarwaesche-natuerliches-peeling-1kg\\\/\",\"url\":\"https:\\\/\\\/marktxxl.de\\\/markt\\\/produkt\\\/simply-bioty-ghassoul-100-marokkanische-premium-lavaerde-bio-vegane-wascherde-tonerde-mineralische-gesichtsmaske-haarwaesche-natuerliches-peeling-1kg\\\/\",\"name\":\"Simply Bioty Lavaerde 1kg original Ghassoul - Bio vegane Wascherde Tonerde - Mineralische Gesichtsmaske Haarw\u00e4sche\u2026 - Markt-XXL\",\"isPartOf\":{\"@id\":\"https:\\\/\\\/marktxxl.de\\\/markt\\\/#website\"},\"primaryImageOfPage\":{\"@id\":\"https:\\\/\\\/marktxxl.de\\\/markt\\\/produkt\\\/simply-bioty-ghassoul-100-marokkanische-premium-lavaerde-bio-vegane-wascherde-tonerde-mineralische-gesichtsmaske-haarwaesche-natuerliches-peeling-1kg\\\/#primaryimage\"},\"image\":{\"@id\":\"https:\\\/\\\/marktxxl.de\\\/markt\\\/produkt\\\/simply-bioty-ghassoul-100-marokkanische-premium-lavaerde-bio-vegane-wascherde-tonerde-mineralische-gesichtsmaske-haarwaesche-natuerliches-peeling-1kg\\\/#primaryimage\"},\"thumbnailUrl\":\"https:\\\/\\\/m.media-amazon.com\\\/images\\\/I\\\/51WDv+J78OL._SL500_.jpg\",\"datePublished\":\"2021-10-13T18:06:09+00:00\",\"dateModified\":\"2023-04-10T00:04:18+00:00\",\"description\":\"Markt-XXL Simply Bioty Lavaerde 1kg original Ghassoul - Bio vegane Wascherde Tonerde - Mineralische Gesichtsmaske Haarw\u00e4sche\u2026\",\"breadcrumb\":{\"@id\":\"https:\\\/\\\/marktxxl.de\\\/markt\\\/produkt\\\/simply-bioty-ghassoul-100-marokkanische-premium-lavaerde-bio-vegane-wascherde-tonerde-mineralische-gesichtsmaske-haarwaesche-natuerliches-peeling-1kg\\\/#breadcrumb\"},\"inLanguage\":\"de\",\"potentialAction\":[{\"@type\":\"ReadAction\",\"target\":[\"https:\\\/\\\/marktxxl.de\\\/markt\\\/produkt\\\/simply-bioty-ghassoul-100-marokkanische-premium-lavaerde-bio-vegane-wascherde-tonerde-mineralische-gesichtsmaske-haarwaesche-natuerliches-peeling-1kg\\\/\"]}]},{\"@type\":\"ImageObject\",\"inLanguage\":\"de\",\"@id\":\"https:\\\/\\\/marktxxl.de\\\/markt\\\/produkt\\\/simply-bioty-ghassoul-100-marokkanische-premium-lavaerde-bio-vegane-wascherde-tonerde-mineralische-gesichtsmaske-haarwaesche-natuerliches-peeling-1kg\\\/#primaryimage\",\"url\":\"https:\\\/\\\/m.media-amazon.com\\\/images\\\/I\\\/51WDv+J78OL._SL500_.jpg\",\"contentUrl\":\"https:\\\/\\\/m.media-amazon.com\\\/images\\\/I\\\/51WDv+J78OL._SL500_.jpg\",\"width\":500,\"height\":500},{\"@type\":\"BreadcrumbList\",\"@id\":\"https:\\\/\\\/marktxxl.de\\\/markt\\\/produkt\\\/simply-bioty-ghassoul-100-marokkanische-premium-lavaerde-bio-vegane-wascherde-tonerde-mineralische-gesichtsmaske-haarwaesche-natuerliches-peeling-1kg\\\/#breadcrumb\",\"itemListElement\":[{\"@type\":\"ListItem\",\"position\":1,\"name\":\"Startseite\",\"item\":\"https:\\\/\\\/marktxxl.de\\\/markt\\\/\"},{\"@type\":\"ListItem\",\"position\":2,\"name\":\"Markt\",\"item\":\"https:\\\/\\\/marktxxl.de\\\/markt\\\/\"},{\"@type\":\"ListItem\",\"position\":3,\"name\":\"Simply Bioty Lavaerde 1kg original Ghassoul &#8211; Bio vegane Wascherde Tonerde &#8211; Mineralische Gesichtsmaske Haarw\u00e4sche\u2026\"}]},{\"@type\":\"WebSite\",\"@id\":\"https:\\\/\\\/marktxxl.de\\\/markt\\\/#website\",\"url\":\"https:\\\/\\\/marktxxl.de\\\/markt\\\/\",\"name\":\"Markt-XXL\",\"description\":\"Ihr Markt Online\",\"publisher\":{\"@id\":\"https:\\\/\\\/marktxxl.de\\\/markt\\\/#organization\"},\"potentialAction\":[{\"@type\":\"SearchAction\",\"target\":{\"@type\":\"EntryPoint\",\"urlTemplate\":\"https:\\\/\\\/marktxxl.de\\\/markt\\\/?s={search_term_string}\"},\"query-input\":{\"@type\":\"PropertyValueSpecification\",\"valueRequired\":true,\"valueName\":\"search_term_string\"}}],\"inLanguage\":\"de\"},{\"@type\":\"Organization\",\"@id\":\"https:\\\/\\\/marktxxl.de\\\/markt\\\/#organization\",\"name\":\"Markt-XXL\",\"url\":\"https:\\\/\\\/marktxxl.de\\\/markt\\\/\",\"logo\":{\"@type\":\"ImageObject\",\"inLanguage\":\"de\",\"@id\":\"https:\\\/\\\/marktxxl.de\\\/markt\\\/#\\\/schema\\\/logo\\\/image\\\/\",\"url\":\"https:\\\/\\\/marktxxl.de\\\/markt\\\/wp-content\\\/uploads\\\/sites\\\/3\\\/2020\\\/12\\\/logo.png\",\"contentUrl\":\"https:\\\/\\\/marktxxl.de\\\/markt\\\/wp-content\\\/uploads\\\/sites\\\/3\\\/2020\\\/12\\\/logo.png\",\"width\":200,\"height\":70,\"caption\":\"Markt-XXL\"},\"image\":{\"@id\":\"https:\\\/\\\/marktxxl.de\\\/markt\\\/#\\\/schema\\\/logo\\\/image\\\/\"}}]}<\/script>\n<!-- \/ Yoast SEO plugin. -->","yoast_head_json":{"title":"Simply Bioty Lavaerde 1kg original Ghassoul - Bio vegane Wascherde Tonerde - Mineralische Gesichtsmaske Haarw\u00e4sche\u2026 - Markt-XXL","description":"Markt-XXL Simply Bioty Lavaerde 1kg original Ghassoul - Bio vegane Wascherde Tonerde - Mineralische Gesichtsmaske Haarw\u00e4sche\u2026","robots":{"index":"index","follow":"follow","max-snippet":"max-snippet:-1","max-image-preview":"max-image-preview:large","max-video-preview":"max-video-preview:-1"},"canonical":"https:\/\/marktxxl.de\/markt\/produkt\/simply-bioty-ghassoul-100-marokkanische-premium-lavaerde-bio-vegane-wascherde-tonerde-mineralische-gesichtsmaske-haarwaesche-natuerliches-peeling-1kg\/","og_locale":"de_DE","og_type":"article","og_title":"Simply Bioty Lavaerde 1kg original Ghassoul - Bio vegane Wascherde Tonerde - Mineralische Gesichtsmaske Haarw\u00e4sche\u2026 - Markt-XXL","og_description":"Markt-XXL Simply Bioty Lavaerde 1kg original Ghassoul - Bio vegane Wascherde Tonerde - Mineralische Gesichtsmaske Haarw\u00e4sche\u2026","og_url":"https:\/\/marktxxl.de\/markt\/produkt\/simply-bioty-ghassoul-100-marokkanische-premium-lavaerde-bio-vegane-wascherde-tonerde-mineralische-gesichtsmaske-haarwaesche-natuerliches-peeling-1kg\/","og_site_name":"Markt-XXL","article_modified_time":"2023-04-10T00:04:18+00:00","og_image":[{"width":500,"height":500,"url":"https:\/\/m.media-amazon.com\/images\/I\/51WDv+J78OL._SL500_.jpg","type":"image\/jpeg"}],"twitter_card":"summary_large_image","twitter_misc":{"Gesch\u00e4tzte Lesezeit":"1\u00a0Minute"},"schema":{"@context":"https:\/\/schema.org","@graph":[{"@type":"WebPage","@id":"https:\/\/marktxxl.de\/markt\/produkt\/simply-bioty-ghassoul-100-marokkanische-premium-lavaerde-bio-vegane-wascherde-tonerde-mineralische-gesichtsmaske-haarwaesche-natuerliches-peeling-1kg\/","url":"https:\/\/marktxxl.de\/markt\/produkt\/simply-bioty-ghassoul-100-marokkanische-premium-lavaerde-bio-vegane-wascherde-tonerde-mineralische-gesichtsmaske-haarwaesche-natuerliches-peeling-1kg\/","name":"Simply Bioty Lavaerde 1kg original Ghassoul - Bio vegane Wascherde Tonerde - Mineralische Gesichtsmaske Haarw\u00e4sche\u2026 - Markt-XXL","isPartOf":{"@id":"https:\/\/marktxxl.de\/markt\/#website"},"primaryImageOfPage":{"@id":"https:\/\/marktxxl.de\/markt\/produkt\/simply-bioty-ghassoul-100-marokkanische-premium-lavaerde-bio-vegane-wascherde-tonerde-mineralische-gesichtsmaske-haarwaesche-natuerliches-peeling-1kg\/#primaryimage"},"image":{"@id":"https:\/\/marktxxl.de\/markt\/produkt\/simply-bioty-ghassoul-100-marokkanische-premium-lavaerde-bio-vegane-wascherde-tonerde-mineralische-gesichtsmaske-haarwaesche-natuerliches-peeling-1kg\/#primaryimage"},"thumbnailUrl":"https:\/\/m.media-amazon.com\/images\/I\/51WDv+J78OL._SL500_.jpg","datePublished":"2021-10-13T18:06:09+00:00","dateModified":"2023-04-10T00:04:18+00:00","description":"Markt-XXL Simply Bioty Lavaerde 1kg original Ghassoul - Bio vegane Wascherde Tonerde - Mineralische Gesichtsmaske Haarw\u00e4sche\u2026","breadcrumb":{"@id":"https:\/\/marktxxl.de\/markt\/produkt\/simply-bioty-ghassoul-100-marokkanische-premium-lavaerde-bio-vegane-wascherde-tonerde-mineralische-gesichtsmaske-haarwaesche-natuerliches-peeling-1kg\/#breadcrumb"},"inLanguage":"de","potentialAction":[{"@type":"ReadAction","target":["https:\/\/marktxxl.de\/markt\/produkt\/simply-bioty-ghassoul-100-marokkanische-premium-lavaerde-bio-vegane-wascherde-tonerde-mineralische-gesichtsmaske-haarwaesche-natuerliches-peeling-1kg\/"]}]},{"@type":"ImageObject","inLanguage":"de","@id":"https:\/\/marktxxl.de\/markt\/produkt\/simply-bioty-ghassoul-100-marokkanische-premium-lavaerde-bio-vegane-wascherde-tonerde-mineralische-gesichtsmaske-haarwaesche-natuerliches-peeling-1kg\/#primaryimage","url":"https:\/\/m.media-amazon.com\/images\/I\/51WDv+J78OL._SL500_.jpg","contentUrl":"https:\/\/m.media-amazon.com\/images\/I\/51WDv+J78OL._SL500_.jpg","width":500,"height":500},{"@type":"BreadcrumbList","@id":"https:\/\/marktxxl.de\/markt\/produkt\/simply-bioty-ghassoul-100-marokkanische-premium-lavaerde-bio-vegane-wascherde-tonerde-mineralische-gesichtsmaske-haarwaesche-natuerliches-peeling-1kg\/#breadcrumb","itemListElement":[{"@type":"ListItem","position":1,"name":"Startseite","item":"https:\/\/marktxxl.de\/markt\/"},{"@type":"ListItem","position":2,"name":"Markt","item":"https:\/\/marktxxl.de\/markt\/"},{"@type":"ListItem","position":3,"name":"Simply Bioty Lavaerde 1kg original Ghassoul &#8211; Bio vegane Wascherde Tonerde &#8211; Mineralische Gesichtsmaske Haarw\u00e4sche\u2026"}]},{"@type":"WebSite","@id":"https:\/\/marktxxl.de\/markt\/#website","url":"https:\/\/marktxxl.de\/markt\/","name":"Markt-XXL","description":"Ihr Markt Online","publisher":{"@id":"https:\/\/marktxxl.de\/markt\/#organization"},"potentialAction":[{"@type":"SearchAction","target":{"@type":"EntryPoint","urlTemplate":"https:\/\/marktxxl.de\/markt\/?s={search_term_string}"},"query-input":{"@type":"PropertyValueSpecification","valueRequired":true,"valueName":"search_term_string"}}],"inLanguage":"de"},{"@type":"Organization","@id":"https:\/\/marktxxl.de\/markt\/#organization","name":"Markt-XXL","url":"https:\/\/marktxxl.de\/markt\/","logo":{"@type":"ImageObject","inLanguage":"de","@id":"https:\/\/marktxxl.de\/markt\/#\/schema\/logo\/image\/","url":"https:\/\/marktxxl.de\/markt\/wp-content\/uploads\/sites\/3\/2020\/12\/logo.png","contentUrl":"https:\/\/marktxxl.de\/markt\/wp-content\/uploads\/sites\/3\/2020\/12\/logo.png","width":200,"height":70,"caption":"Markt-XXL"},"image":{"@id":"https:\/\/marktxxl.de\/markt\/#\/schema\/logo\/image\/"}}]}},"_links":{"self":[{"href":"https:\/\/marktxxl.de\/markt\/wp-json\/wp\/v2\/product\/52587","targetHints":{"allow":["GET"]}}],"collection":[{"href":"https:\/\/marktxxl.de\/markt\/wp-json\/wp\/v2\/product"}],"about":[{"href":"https:\/\/marktxxl.de\/markt\/wp-json\/wp\/v2\/types\/product"}],"replies":[{"embeddable":true,"href":"https:\/\/marktxxl.de\/markt\/wp-json\/wp\/v2\/comments?post=52587"}],"wp:featuredmedia":[{"embeddable":true,"href":"https:\/\/marktxxl.de\/markt\/wp-json\/wp\/v2\/media\/52589"}],"wp:attachment":[{"href":"https:\/\/marktxxl.de\/markt\/wp-json\/wp\/v2\/media?parent=52587"}],"wp:term":[{"taxonomy":"product_brand","embeddable":true,"href":"https:\/\/marktxxl.de\/markt\/wp-json\/wp\/v2\/product_brand?post=52587"},{"taxonomy":"product_cat","embeddable":true,"href":"https:\/\/marktxxl.de\/markt\/wp-json\/wp\/v2\/product_cat?post=52587"},{"taxonomy":"product_tag","embeddable":true,"href":"https:\/\/marktxxl.de\/markt\/wp-json\/wp\/v2\/product_tag?post=52587"}],"curies":[{"name":"wp","href":"https:\/\/api.w.org\/{rel}","templated":true}]}}