{"id":52508,"date":"2021-10-13T20:01:42","date_gmt":"2021-10-13T18:01:42","guid":{"rendered":"https:\/\/marktxxl.de\/markt\/produkt\/effol-pferde-adventskalender-2021-fuer-echte-pferde-24-geschenke-advent-kalender-fuer-pferd-und-reiter\/"},"modified":"2023-04-10T02:04:16","modified_gmt":"2023-04-10T00:04:16","slug":"effol-pferde-adventskalender-2021-fuer-echte-pferde-24-geschenke-advent-kalender-fuer-pferd-und-reiter","status":"publish","type":"product","link":"https:\/\/marktxxl.de\/markt\/produkt\/effol-pferde-adventskalender-2021-fuer-echte-pferde-24-geschenke-advent-kalender-fuer-pferd-und-reiter\/","title":{"rendered":"Effol Pferde Adventskalender 2022 f\u00fcr echte Pferde &#8211; 24 Geschenke ,Advent Kalender f\u00fcr Pferd und Reiter"},"content":{"rendered":"<p>Freundschaft muss man pflegen Das ist nicht nur eine bew\u00e4hrte Lebensweisheit, sondern auch unser Verst\u00e4ndnis von der Beziehung zwischen Mensch und Pferd. Freundschaft bedeutet f\u00fcr uns Verantwortung, F\u00fcrsorge, Vertrauen und Wertsch\u00e4tzung.<br \/>\nEffol stellt die Freundschaft zum Pferd in den Mittelpunkt, denn pflegen ist keine l\u00e4stige Pflicht, sondern ein gern ausge\u00fcbter Freundschaftsdienst. Erfahrene Turnier- und Freizeitreiter, Z\u00fcchter und Fahrer in der ganzen Welt &#8211; eben alle, f\u00fcr die ihr Pferd nicht nur ein Nutztier, sondern ein Freund ist, den sie gerne f\u00fcrsorglich pflegen &#8211; vertrauen der bew\u00e4hrten Marke Effol.<br \/>\nHochwertige, nat\u00fcrliche Bestandteile garantieren den hohen Qualit\u00e4tsstandard unseres Komplettprogramms. Seit \u00fcber 100 Jahren setzen wir uns f\u00fcr die Vitalit\u00e4t, Leistungsst\u00e4rke und Gesunderhaltung Ihres Pferdes ein.<br \/>\nDas Komplettprogramm der Effol Pflegeprodukte sorgt f\u00fcr das Wohlbefinden Ihres Pferdes. Alle Effol Pflegeprodukte sind dermatologisch getestet, zudem werden die Rohmaterialien nach dem Arzneimittelrecht verarbeitet. Daher sind die Produkte \u00e4u\u00dferst haut- und fellvertr\u00e4glich. effax Leder-Balsam 150 ml Tube effax Leder-Combi 50 ml Mini effax Leder Sofort-Glanz 20er Display effax Stiefel-Politur 75 ml farblos effax Leder-Creme-Seife Mini 30 ml effax Leder-Grip-Stick<br \/>\nEffol Haarwurzel-Liquid 50 ml Mini Effol SuperStar-Shine 125 ml Effol Niemals-Rei\u00dfer Einflechtgummis sw Effol WhiteStar Trocken-Shampoo 50 ml Effol Reiter*Innen Duschgel 150 ml Effol Reiter*Innen Bodylotion 150 ml Effol Reiter-Handcreme 75 ml Effol Lippen-Butter 10 ml Effol Huf-Soft-Creme 50 ml Effol Winter-Huf-Gel 50 ml Mini Effol Haut-Lotion 50 ml Mini Effol Pferde-Salbe 50 ml Effol Haut-Repair 30 ml Effol Maul-Butter Banane 30 ml Effol Friend-Snacks MiniBag 115 g<br \/>\n<div class=\"main-cross-sell\" data-asin=\"B07XHN2WW4\">\n\n\t<div class=\"WooZone-cross-sell-loader\">\n\t\t<div>\n\t\t\t<div id=\"floatingBarsG\">\n\t\t\t\t<div class=\"blockG\" id=\"rotateG_01\"><\/div>\n\t\t\t\t<div class=\"blockG\" id=\"rotateG_02\"><\/div>\n\t\t\t\t<div class=\"blockG\" id=\"rotateG_03\"><\/div>\n\t\t\t\t<div class=\"blockG\" id=\"rotateG_04\"><\/div>\n\t\t\t\t<div class=\"blockG\" id=\"rotateG_05\"><\/div>\n\t\t\t\t<div class=\"blockG\" id=\"rotateG_06\"><\/div>\n\t\t\t\t<div class=\"blockG\" id=\"rotateG_07\"><\/div>\n\t\t\t\t<div class=\"blockG\" id=\"rotateG_08\"><\/div>\n\t\t\t<\/div>\n\t\t\t<div class=\"WooZone-cross-sell-loader-text\"><\/div>\n\t\t<\/div>\n\t<\/div>\n\n\t\t\n<\/div>\n<div style=\"clear:both;\"><\/div><\/p>\n","protected":false},"excerpt":{"rendered":"<p>Freundschaft muss man pflegen Das ist nicht nur eine bew\u00e4hrte Lebensweisheit, sondern auch unser Verst\u00e4ndnis von der Beziehung zwischen Mensch und Pferd. Freundschaft bedeutet f\u00fcr uns Verantwortung, F\u00fcrsorge, Vertrauen und Wertsch\u00e4tzung.<br \/>\nEffol stellt die Freundschaft zum Pferd in den Mittelpunkt, denn pflegen ist keine l\u00e4stige Pflicht, sondern ein gern ausge\u00fcbter Freundschaftsdienst. Erfahrene Turnier- und Freizeitreiter, Z\u00fcchter und Fahrer in der ganzen Welt &#8211; eben alle, f\u00fcr die ihr Pferd nicht nur ein Nutztier, sondern ein Freund ist, den sie gerne f\u00fcrsorglich pflegen &#8211; vertrauen der bew\u00e4hrten Marke Effol.<br \/>\nHochwertige, nat\u00fcrliche Bestandteile garantieren den hohen Qualit\u00e4tsstandard unseres Komplettprogramms. Seit \u00fcber 100 Jahren setzen wir uns f\u00fcr die Vitalit\u00e4t, Leistungsst\u00e4rke und Gesunderhaltung Ihres Pferdes ein.<\/p>\n","protected":false},"featured_media":52509,"comment_status":"open","ping_status":"closed","template":"","meta":[],"product_brand":[],"product_cat":[2858,6632],"product_tag":[],"class_list":{"0":"post-52508","1":"product","2":"type-product","3":"status-publish","4":"has-post-thumbnail","6":"product_cat-beauty","7":"product_cat-beauty-pflegesets","8":"pa_binding-misc","9":"pa_brand-effol","10":"pa_color-gruen","11":"pa_manufacturer-effol","12":"pa_weight-4-40924524-pfund","14":"first","15":"instock","16":"shipping-taxable","17":"purchasable","18":"product-type-simple","19":"customify-col","20":"product-has-gallery"},"yoast_head":"<!-- This site is optimized with the Yoast SEO plugin v27.4 - https:\/\/yoast.com\/product\/yoast-seo-wordpress\/ -->\n<title>Effol Pferde Adventskalender 2022 f\u00fcr echte Pferde - 24 Geschenke ,Advent Kalender f\u00fcr Pferd und Reiter - Markt-XXL<\/title>\n<meta name=\"description\" content=\"Markt-XXL Effol Pferde Adventskalender 2022 f\u00fcr echte Pferde - 24 Geschenke ,Advent Kalender f\u00fcr Pferd und Reiter\" \/>\n<meta name=\"robots\" content=\"index, follow, max-snippet:-1, max-image-preview:large, max-video-preview:-1\" \/>\n<link rel=\"canonical\" href=\"https:\/\/marktxxl.de\/markt\/produkt\/effol-pferde-adventskalender-2021-fuer-echte-pferde-24-geschenke-advent-kalender-fuer-pferd-und-reiter\/\" \/>\n<meta property=\"og:locale\" content=\"de_DE\" \/>\n<meta property=\"og:type\" content=\"article\" \/>\n<meta property=\"og:title\" content=\"Effol Pferde Adventskalender 2022 f\u00fcr echte Pferde - 24 Geschenke ,Advent Kalender f\u00fcr Pferd und Reiter - Markt-XXL\" \/>\n<meta property=\"og:description\" content=\"Markt-XXL Effol Pferde Adventskalender 2022 f\u00fcr echte Pferde - 24 Geschenke ,Advent Kalender f\u00fcr Pferd und Reiter\" \/>\n<meta property=\"og:url\" content=\"https:\/\/marktxxl.de\/markt\/produkt\/effol-pferde-adventskalender-2021-fuer-echte-pferde-24-geschenke-advent-kalender-fuer-pferd-und-reiter\/\" \/>\n<meta property=\"og:site_name\" content=\"Markt-XXL\" \/>\n<meta property=\"article:modified_time\" content=\"2023-04-10T00:04:16+00:00\" \/>\n<meta property=\"og:image\" content=\"https:\/\/m.media-amazon.com\/images\/I\/51KJx-tYhxL._SL500_.jpg\" \/>\n\t<meta property=\"og:image:width\" content=\"487\" \/>\n\t<meta property=\"og:image:height\" content=\"500\" \/>\n\t<meta property=\"og:image:type\" content=\"image\/jpeg\" \/>\n<meta name=\"twitter:card\" content=\"summary_large_image\" \/>\n<meta name=\"twitter:label1\" content=\"Gesch\u00e4tzte Lesezeit\" \/>\n\t<meta name=\"twitter:data1\" content=\"1\u00a0Minute\" \/>\n<script type=\"application\/ld+json\" class=\"yoast-schema-graph\">{\"@context\":\"https:\\\/\\\/schema.org\",\"@graph\":[{\"@type\":\"WebPage\",\"@id\":\"https:\\\/\\\/marktxxl.de\\\/markt\\\/produkt\\\/effol-pferde-adventskalender-2021-fuer-echte-pferde-24-geschenke-advent-kalender-fuer-pferd-und-reiter\\\/\",\"url\":\"https:\\\/\\\/marktxxl.de\\\/markt\\\/produkt\\\/effol-pferde-adventskalender-2021-fuer-echte-pferde-24-geschenke-advent-kalender-fuer-pferd-und-reiter\\\/\",\"name\":\"Effol Pferde Adventskalender 2022 f\u00fcr echte Pferde - 24 Geschenke ,Advent Kalender f\u00fcr Pferd und Reiter - Markt-XXL\",\"isPartOf\":{\"@id\":\"https:\\\/\\\/marktxxl.de\\\/markt\\\/#website\"},\"primaryImageOfPage\":{\"@id\":\"https:\\\/\\\/marktxxl.de\\\/markt\\\/produkt\\\/effol-pferde-adventskalender-2021-fuer-echte-pferde-24-geschenke-advent-kalender-fuer-pferd-und-reiter\\\/#primaryimage\"},\"image\":{\"@id\":\"https:\\\/\\\/marktxxl.de\\\/markt\\\/produkt\\\/effol-pferde-adventskalender-2021-fuer-echte-pferde-24-geschenke-advent-kalender-fuer-pferd-und-reiter\\\/#primaryimage\"},\"thumbnailUrl\":\"https:\\\/\\\/m.media-amazon.com\\\/images\\\/I\\\/51KJx-tYhxL._SL500_.jpg\",\"datePublished\":\"2021-10-13T18:01:42+00:00\",\"dateModified\":\"2023-04-10T00:04:16+00:00\",\"description\":\"Markt-XXL Effol Pferde Adventskalender 2022 f\u00fcr echte Pferde - 24 Geschenke ,Advent Kalender f\u00fcr Pferd und Reiter\",\"breadcrumb\":{\"@id\":\"https:\\\/\\\/marktxxl.de\\\/markt\\\/produkt\\\/effol-pferde-adventskalender-2021-fuer-echte-pferde-24-geschenke-advent-kalender-fuer-pferd-und-reiter\\\/#breadcrumb\"},\"inLanguage\":\"de\",\"potentialAction\":[{\"@type\":\"ReadAction\",\"target\":[\"https:\\\/\\\/marktxxl.de\\\/markt\\\/produkt\\\/effol-pferde-adventskalender-2021-fuer-echte-pferde-24-geschenke-advent-kalender-fuer-pferd-und-reiter\\\/\"]}]},{\"@type\":\"ImageObject\",\"inLanguage\":\"de\",\"@id\":\"https:\\\/\\\/marktxxl.de\\\/markt\\\/produkt\\\/effol-pferde-adventskalender-2021-fuer-echte-pferde-24-geschenke-advent-kalender-fuer-pferd-und-reiter\\\/#primaryimage\",\"url\":\"https:\\\/\\\/m.media-amazon.com\\\/images\\\/I\\\/51KJx-tYhxL._SL500_.jpg\",\"contentUrl\":\"https:\\\/\\\/m.media-amazon.com\\\/images\\\/I\\\/51KJx-tYhxL._SL500_.jpg\",\"width\":487,\"height\":500},{\"@type\":\"BreadcrumbList\",\"@id\":\"https:\\\/\\\/marktxxl.de\\\/markt\\\/produkt\\\/effol-pferde-adventskalender-2021-fuer-echte-pferde-24-geschenke-advent-kalender-fuer-pferd-und-reiter\\\/#breadcrumb\",\"itemListElement\":[{\"@type\":\"ListItem\",\"position\":1,\"name\":\"Startseite\",\"item\":\"https:\\\/\\\/marktxxl.de\\\/markt\\\/\"},{\"@type\":\"ListItem\",\"position\":2,\"name\":\"Markt\",\"item\":\"https:\\\/\\\/marktxxl.de\\\/markt\\\/\"},{\"@type\":\"ListItem\",\"position\":3,\"name\":\"Effol Pferde Adventskalender 2022 f\u00fcr echte Pferde &#8211; 24 Geschenke ,Advent Kalender f\u00fcr Pferd und Reiter\"}]},{\"@type\":\"WebSite\",\"@id\":\"https:\\\/\\\/marktxxl.de\\\/markt\\\/#website\",\"url\":\"https:\\\/\\\/marktxxl.de\\\/markt\\\/\",\"name\":\"Markt-XXL\",\"description\":\"Ihr Markt Online\",\"publisher\":{\"@id\":\"https:\\\/\\\/marktxxl.de\\\/markt\\\/#organization\"},\"potentialAction\":[{\"@type\":\"SearchAction\",\"target\":{\"@type\":\"EntryPoint\",\"urlTemplate\":\"https:\\\/\\\/marktxxl.de\\\/markt\\\/?s={search_term_string}\"},\"query-input\":{\"@type\":\"PropertyValueSpecification\",\"valueRequired\":true,\"valueName\":\"search_term_string\"}}],\"inLanguage\":\"de\"},{\"@type\":\"Organization\",\"@id\":\"https:\\\/\\\/marktxxl.de\\\/markt\\\/#organization\",\"name\":\"Markt-XXL\",\"url\":\"https:\\\/\\\/marktxxl.de\\\/markt\\\/\",\"logo\":{\"@type\":\"ImageObject\",\"inLanguage\":\"de\",\"@id\":\"https:\\\/\\\/marktxxl.de\\\/markt\\\/#\\\/schema\\\/logo\\\/image\\\/\",\"url\":\"https:\\\/\\\/marktxxl.de\\\/markt\\\/wp-content\\\/uploads\\\/sites\\\/3\\\/2020\\\/12\\\/logo.png\",\"contentUrl\":\"https:\\\/\\\/marktxxl.de\\\/markt\\\/wp-content\\\/uploads\\\/sites\\\/3\\\/2020\\\/12\\\/logo.png\",\"width\":200,\"height\":70,\"caption\":\"Markt-XXL\"},\"image\":{\"@id\":\"https:\\\/\\\/marktxxl.de\\\/markt\\\/#\\\/schema\\\/logo\\\/image\\\/\"}}]}<\/script>\n<!-- \/ Yoast SEO plugin. -->","yoast_head_json":{"title":"Effol Pferde Adventskalender 2022 f\u00fcr echte Pferde - 24 Geschenke ,Advent Kalender f\u00fcr Pferd und Reiter - Markt-XXL","description":"Markt-XXL Effol Pferde Adventskalender 2022 f\u00fcr echte Pferde - 24 Geschenke ,Advent Kalender f\u00fcr Pferd und Reiter","robots":{"index":"index","follow":"follow","max-snippet":"max-snippet:-1","max-image-preview":"max-image-preview:large","max-video-preview":"max-video-preview:-1"},"canonical":"https:\/\/marktxxl.de\/markt\/produkt\/effol-pferde-adventskalender-2021-fuer-echte-pferde-24-geschenke-advent-kalender-fuer-pferd-und-reiter\/","og_locale":"de_DE","og_type":"article","og_title":"Effol Pferde Adventskalender 2022 f\u00fcr echte Pferde - 24 Geschenke ,Advent Kalender f\u00fcr Pferd und Reiter - Markt-XXL","og_description":"Markt-XXL Effol Pferde Adventskalender 2022 f\u00fcr echte Pferde - 24 Geschenke ,Advent Kalender f\u00fcr Pferd und Reiter","og_url":"https:\/\/marktxxl.de\/markt\/produkt\/effol-pferde-adventskalender-2021-fuer-echte-pferde-24-geschenke-advent-kalender-fuer-pferd-und-reiter\/","og_site_name":"Markt-XXL","article_modified_time":"2023-04-10T00:04:16+00:00","og_image":[{"width":487,"height":500,"url":"https:\/\/m.media-amazon.com\/images\/I\/51KJx-tYhxL._SL500_.jpg","type":"image\/jpeg"}],"twitter_card":"summary_large_image","twitter_misc":{"Gesch\u00e4tzte Lesezeit":"1\u00a0Minute"},"schema":{"@context":"https:\/\/schema.org","@graph":[{"@type":"WebPage","@id":"https:\/\/marktxxl.de\/markt\/produkt\/effol-pferde-adventskalender-2021-fuer-echte-pferde-24-geschenke-advent-kalender-fuer-pferd-und-reiter\/","url":"https:\/\/marktxxl.de\/markt\/produkt\/effol-pferde-adventskalender-2021-fuer-echte-pferde-24-geschenke-advent-kalender-fuer-pferd-und-reiter\/","name":"Effol Pferde Adventskalender 2022 f\u00fcr echte Pferde - 24 Geschenke ,Advent Kalender f\u00fcr Pferd und Reiter - Markt-XXL","isPartOf":{"@id":"https:\/\/marktxxl.de\/markt\/#website"},"primaryImageOfPage":{"@id":"https:\/\/marktxxl.de\/markt\/produkt\/effol-pferde-adventskalender-2021-fuer-echte-pferde-24-geschenke-advent-kalender-fuer-pferd-und-reiter\/#primaryimage"},"image":{"@id":"https:\/\/marktxxl.de\/markt\/produkt\/effol-pferde-adventskalender-2021-fuer-echte-pferde-24-geschenke-advent-kalender-fuer-pferd-und-reiter\/#primaryimage"},"thumbnailUrl":"https:\/\/m.media-amazon.com\/images\/I\/51KJx-tYhxL._SL500_.jpg","datePublished":"2021-10-13T18:01:42+00:00","dateModified":"2023-04-10T00:04:16+00:00","description":"Markt-XXL Effol Pferde Adventskalender 2022 f\u00fcr echte Pferde - 24 Geschenke ,Advent Kalender f\u00fcr Pferd und Reiter","breadcrumb":{"@id":"https:\/\/marktxxl.de\/markt\/produkt\/effol-pferde-adventskalender-2021-fuer-echte-pferde-24-geschenke-advent-kalender-fuer-pferd-und-reiter\/#breadcrumb"},"inLanguage":"de","potentialAction":[{"@type":"ReadAction","target":["https:\/\/marktxxl.de\/markt\/produkt\/effol-pferde-adventskalender-2021-fuer-echte-pferde-24-geschenke-advent-kalender-fuer-pferd-und-reiter\/"]}]},{"@type":"ImageObject","inLanguage":"de","@id":"https:\/\/marktxxl.de\/markt\/produkt\/effol-pferde-adventskalender-2021-fuer-echte-pferde-24-geschenke-advent-kalender-fuer-pferd-und-reiter\/#primaryimage","url":"https:\/\/m.media-amazon.com\/images\/I\/51KJx-tYhxL._SL500_.jpg","contentUrl":"https:\/\/m.media-amazon.com\/images\/I\/51KJx-tYhxL._SL500_.jpg","width":487,"height":500},{"@type":"BreadcrumbList","@id":"https:\/\/marktxxl.de\/markt\/produkt\/effol-pferde-adventskalender-2021-fuer-echte-pferde-24-geschenke-advent-kalender-fuer-pferd-und-reiter\/#breadcrumb","itemListElement":[{"@type":"ListItem","position":1,"name":"Startseite","item":"https:\/\/marktxxl.de\/markt\/"},{"@type":"ListItem","position":2,"name":"Markt","item":"https:\/\/marktxxl.de\/markt\/"},{"@type":"ListItem","position":3,"name":"Effol Pferde Adventskalender 2022 f\u00fcr echte Pferde &#8211; 24 Geschenke ,Advent Kalender f\u00fcr Pferd und Reiter"}]},{"@type":"WebSite","@id":"https:\/\/marktxxl.de\/markt\/#website","url":"https:\/\/marktxxl.de\/markt\/","name":"Markt-XXL","description":"Ihr Markt Online","publisher":{"@id":"https:\/\/marktxxl.de\/markt\/#organization"},"potentialAction":[{"@type":"SearchAction","target":{"@type":"EntryPoint","urlTemplate":"https:\/\/marktxxl.de\/markt\/?s={search_term_string}"},"query-input":{"@type":"PropertyValueSpecification","valueRequired":true,"valueName":"search_term_string"}}],"inLanguage":"de"},{"@type":"Organization","@id":"https:\/\/marktxxl.de\/markt\/#organization","name":"Markt-XXL","url":"https:\/\/marktxxl.de\/markt\/","logo":{"@type":"ImageObject","inLanguage":"de","@id":"https:\/\/marktxxl.de\/markt\/#\/schema\/logo\/image\/","url":"https:\/\/marktxxl.de\/markt\/wp-content\/uploads\/sites\/3\/2020\/12\/logo.png","contentUrl":"https:\/\/marktxxl.de\/markt\/wp-content\/uploads\/sites\/3\/2020\/12\/logo.png","width":200,"height":70,"caption":"Markt-XXL"},"image":{"@id":"https:\/\/marktxxl.de\/markt\/#\/schema\/logo\/image\/"}}]}},"_links":{"self":[{"href":"https:\/\/marktxxl.de\/markt\/wp-json\/wp\/v2\/product\/52508","targetHints":{"allow":["GET"]}}],"collection":[{"href":"https:\/\/marktxxl.de\/markt\/wp-json\/wp\/v2\/product"}],"about":[{"href":"https:\/\/marktxxl.de\/markt\/wp-json\/wp\/v2\/types\/product"}],"replies":[{"embeddable":true,"href":"https:\/\/marktxxl.de\/markt\/wp-json\/wp\/v2\/comments?post=52508"}],"wp:featuredmedia":[{"embeddable":true,"href":"https:\/\/marktxxl.de\/markt\/wp-json\/wp\/v2\/media\/52509"}],"wp:attachment":[{"href":"https:\/\/marktxxl.de\/markt\/wp-json\/wp\/v2\/media?parent=52508"}],"wp:term":[{"taxonomy":"product_brand","embeddable":true,"href":"https:\/\/marktxxl.de\/markt\/wp-json\/wp\/v2\/product_brand?post=52508"},{"taxonomy":"product_cat","embeddable":true,"href":"https:\/\/marktxxl.de\/markt\/wp-json\/wp\/v2\/product_cat?post=52508"},{"taxonomy":"product_tag","embeddable":true,"href":"https:\/\/marktxxl.de\/markt\/wp-json\/wp\/v2\/product_tag?post=52508"}],"curies":[{"name":"wp","href":"https:\/\/api.w.org\/{rel}","templated":true}]}}