{"id":52436,"date":"2021-10-13T19:54:45","date_gmt":"2021-10-13T17:54:45","guid":{"rendered":"https:\/\/marktxxl.de\/markt\/produkt\/alfaparf-lisse-design-keratin-therapy-komplette-glaettungsbehandlung-deep-cleansing-shampoo-500ml-smoothing-fluid-500ml-detangling-cream-125ml-mask-500ml\/"},"modified":"2023-04-10T02:04:15","modified_gmt":"2023-04-10T00:04:15","slug":"alfaparf-lisse-design-keratin-therapy-komplette-glaettungsbehandlung-deep-cleansing-shampoo-500ml-smoothing-fluid-500ml-detangling-cream-125ml-mask-500ml","status":"publish","type":"product","link":"https:\/\/marktxxl.de\/markt\/produkt\/alfaparf-lisse-design-keratin-therapy-komplette-glaettungsbehandlung-deep-cleansing-shampoo-500ml-smoothing-fluid-500ml-detangling-cream-125ml-mask-500ml\/","title":{"rendered":"ALFAPARF Lisse Design Keratin Therapy Komplette Gl\u00e4ttungsbehandlung Deep Cleansing Shampoo 500ml + Smoothing Fluid 500ml\u2026"},"content":{"rendered":"<p>SCHRITT 1 \u2705 Verteilen Sie Deep Cleansing Shampoo 1 (Reinigt gr\u00fcndlich und entwirrt das Haar perfekt. Hilft der offenen Nagelhaut, das Haar besser auf die Gl\u00e4ttungsbehandlung vorzubereiten) auf dem feuchten Haar. Emulgieren bis ein homogener Schaum im gesamten Haar entsteht und aussp\u00fclen. Wiederholen Sie den Vorgang ein zweites Mal. Fahren Sie mit einem F\u00f6n zu einer vollst\u00e4ndigen Trocknung fort.<br \/>\nSCHRITT 2 \u2705 Teilen Sie das Haar in 4 Teile Ziehen Sie ein Paar Handschuhe an und verteilen Sie Smoothing Fluid 2 (Eine Gl\u00e4ttungsfl\u00fcssigkeit, die mit Hilfe von W\u00e4rme die Anordnung der Keratinketten des Haares neu formt und ihnen die charakteristische glatte Form verleiht ) Str\u00e4hne in Locken mit Hilfe einer B\u00fcrste auf trockenem Haar. Mit einem feinzinkigen Kamm \u00fcber die L\u00e4ngen und Spitzen verteilen, ohne das Haar zu nass zu lassen.<br \/>\nSCHRITT 3 \u2705 Verteilen Sie Entwirrungscreme. Ohne zu sp\u00fclen mit dem B\u00fcrsten fortfahren. Nehmen Sie dann Str\u00e4hnen mit einer Dicke von nicht mehr als 0,5 cm und passieren Sie die Platte 6 bis 8 Mal bei 200\u00b0 \/ 210\u00b0 (Bei nat\u00fcrlichem Haar wird empfohlen, mehrere Durchg\u00e4nge durchzuf\u00fchren, bei stark gesch\u00e4digtem Haar ist es ratsam, die Platte nicht \u00fcber 180 \u00b0 zu verwenden). Es wird empfohlen, die angegebenen Temperaturen nicht zu \u00fcberschreiten. Sp\u00fclen, bis das Produkt vollst\u00e4ndig entfernt ist.<br \/>\nSCHRITT 4 \u2705 Rehydrating Mask 4 (Rehydrating Mask, die das Haar mit Feuchtigkeit versorgt, hilft, den nat\u00fcrlichen Trocknungsprozess zu begrenzen. Das Haar erscheint revitalisiert und extrem leicht k\u00e4mmbar und gl\u00e4nzend) auf das feuchte Haar auftragen, 5 &#8216;einwirken lassen und aussp\u00fclen. Fahren Sie mit dem Trocknen mit einem Haartrockner fort.<br \/>\n\u2705 Das Set beinhaltet &#8211; Lisse Design Keratin Therapy Shampoo 500 ml + Smoothing Fluid 500 ml + Detangling Cream 125 ml + Maske 500 ml<br \/>\n<div class=\"main-cross-sell\" data-asin=\"0201372983\">\n\n\t<div class=\"WooZone-cross-sell-loader\">\n\t\t<div>\n\t\t\t<div id=\"floatingBarsG\">\n\t\t\t\t<div class=\"blockG\" id=\"rotateG_01\"><\/div>\n\t\t\t\t<div class=\"blockG\" id=\"rotateG_02\"><\/div>\n\t\t\t\t<div class=\"blockG\" id=\"rotateG_03\"><\/div>\n\t\t\t\t<div class=\"blockG\" id=\"rotateG_04\"><\/div>\n\t\t\t\t<div class=\"blockG\" id=\"rotateG_05\"><\/div>\n\t\t\t\t<div class=\"blockG\" id=\"rotateG_06\"><\/div>\n\t\t\t\t<div class=\"blockG\" id=\"rotateG_07\"><\/div>\n\t\t\t\t<div class=\"blockG\" id=\"rotateG_08\"><\/div>\n\t\t\t<\/div>\n\t\t\t<div class=\"WooZone-cross-sell-loader-text\"><\/div>\n\t\t<\/div>\n\t<\/div>\n\n\t\t\n<\/div>\n<div style=\"clear:both;\"><\/div><\/p>\n","protected":false},"excerpt":{"rendered":"<p>SCHRITT 1 \u2705 Verteilen Sie Deep Cleansing Shampoo 1 (Reinigt gr\u00fcndlich und entwirrt das Haar perfekt. Hilft der offenen Nagelhaut, das Haar besser auf die Gl\u00e4ttungsbehandlung vorzubereiten) auf dem feuchten Haar. Emulgieren bis ein homogener Schaum im gesamten Haar entsteht und aussp\u00fclen. Wiederholen Sie den Vorgang ein zweites Mal. Fahren Sie mit einem F\u00f6n zu einer vollst\u00e4ndigen Trocknung fort.<br \/>\nSCHRITT 2 \u2705 Teilen Sie das Haar in 4 Teile Ziehen Sie ein Paar Handschuhe an und verteilen Sie Smoothing Fluid 2 (Eine Gl\u00e4ttungsfl\u00fcssigkeit, die mit Hilfe von W\u00e4rme die Anordnung der Keratinketten des Haares neu formt und ihnen die charakteristische glatte Form verleiht ) Str\u00e4hne in Locken mit Hilfe einer B\u00fcrste auf trockenem Haar. Mit einem feinzinkigen Kamm \u00fcber die L\u00e4ngen und Spitzen verteilen, ohne das Haar zu nass zu lassen.<br \/>\nSCHRITT 3 \u2705 Verteilen Sie Entwirrungscreme. Ohne zu sp\u00fclen mit dem B\u00fcrsten fortfahren. Nehmen Sie dann Str\u00e4hnen mit einer Dicke von nicht mehr als 0,5 cm und passieren Sie die Platte 6 bis 8 Mal bei 200\u00b0 \/ 210\u00b0 (Bei nat\u00fcrlichem Haar wird empfohlen, mehrere Durchg\u00e4nge durchzuf\u00fchren, bei stark gesch\u00e4digtem Haar ist es ratsam, die Platte nicht \u00fcber 180 \u00b0 zu verwenden). Es wird empfohlen, die angegebenen Temperaturen nicht zu \u00fcberschreiten. Sp\u00fclen, bis das Produkt vollst\u00e4ndig entfernt ist.<\/p>\n","protected":false},"featured_media":52437,"comment_status":"open","ping_status":"closed","template":"","meta":[],"product_brand":[],"product_cat":[2858,6632],"product_tag":[],"class_list":{"0":"post-52436","1":"product","2":"type-product","3":"status-publish","4":"has-post-thumbnail","6":"product_cat-beauty","7":"product_cat-beauty-pflegesets","8":"pa_brand-alfaparf","9":"pa_height-11-81102361-zoll","10":"pa_length-5-905511805-zoll","11":"pa_manufacturer-alfaparf","12":"pa_weight-2-kilogramm","13":"pa_width-5-905511805-zoll","15":"first","16":"instock","17":"shipping-taxable","18":"purchasable","19":"product-type-simple","20":"customify-col","21":"product-has-gallery"},"yoast_head":"<!-- This site is optimized with the Yoast SEO plugin v27.4 - https:\/\/yoast.com\/product\/yoast-seo-wordpress\/ -->\n<title>ALFAPARF Lisse Design Keratin Therapy Komplette Gl\u00e4ttungsbehandlung Deep Cleansing Shampoo 500ml + Smoothing Fluid 500ml\u2026 - Markt-XXL<\/title>\n<meta name=\"description\" content=\"Markt-XXL ALFAPARF Lisse Design Keratin Therapy Komplette Gl\u00e4ttungsbehandlung Deep Cleansing Shampoo 500ml + Smoothing Fluid 500ml\u2026\" \/>\n<meta name=\"robots\" content=\"index, follow, max-snippet:-1, max-image-preview:large, max-video-preview:-1\" \/>\n<link rel=\"canonical\" href=\"https:\/\/marktxxl.de\/markt\/produkt\/alfaparf-lisse-design-keratin-therapy-komplette-glaettungsbehandlung-deep-cleansing-shampoo-500ml-smoothing-fluid-500ml-detangling-cream-125ml-mask-500ml\/\" \/>\n<meta property=\"og:locale\" content=\"de_DE\" \/>\n<meta property=\"og:type\" content=\"article\" \/>\n<meta property=\"og:title\" content=\"ALFAPARF Lisse Design Keratin Therapy Komplette Gl\u00e4ttungsbehandlung Deep Cleansing Shampoo 500ml + Smoothing Fluid 500ml\u2026 - Markt-XXL\" \/>\n<meta property=\"og:description\" content=\"Markt-XXL ALFAPARF Lisse Design Keratin Therapy Komplette Gl\u00e4ttungsbehandlung Deep Cleansing Shampoo 500ml + Smoothing Fluid 500ml\u2026\" \/>\n<meta property=\"og:url\" content=\"https:\/\/marktxxl.de\/markt\/produkt\/alfaparf-lisse-design-keratin-therapy-komplette-glaettungsbehandlung-deep-cleansing-shampoo-500ml-smoothing-fluid-500ml-detangling-cream-125ml-mask-500ml\/\" \/>\n<meta property=\"og:site_name\" content=\"Markt-XXL\" \/>\n<meta property=\"article:modified_time\" content=\"2023-04-10T00:04:15+00:00\" \/>\n<meta property=\"og:image\" content=\"https:\/\/m.media-amazon.com\/images\/I\/41hbOioJLZL._SL500_.jpg\" \/>\n\t<meta property=\"og:image:width\" content=\"500\" \/>\n\t<meta property=\"og:image:height\" content=\"360\" \/>\n\t<meta property=\"og:image:type\" content=\"image\/jpeg\" \/>\n<meta name=\"twitter:card\" content=\"summary_large_image\" \/>\n<meta name=\"twitter:label1\" content=\"Gesch\u00e4tzte Lesezeit\" \/>\n\t<meta name=\"twitter:data1\" content=\"1\u00a0Minute\" \/>\n<script type=\"application\/ld+json\" class=\"yoast-schema-graph\">{\"@context\":\"https:\\\/\\\/schema.org\",\"@graph\":[{\"@type\":\"WebPage\",\"@id\":\"https:\\\/\\\/marktxxl.de\\\/markt\\\/produkt\\\/alfaparf-lisse-design-keratin-therapy-komplette-glaettungsbehandlung-deep-cleansing-shampoo-500ml-smoothing-fluid-500ml-detangling-cream-125ml-mask-500ml\\\/\",\"url\":\"https:\\\/\\\/marktxxl.de\\\/markt\\\/produkt\\\/alfaparf-lisse-design-keratin-therapy-komplette-glaettungsbehandlung-deep-cleansing-shampoo-500ml-smoothing-fluid-500ml-detangling-cream-125ml-mask-500ml\\\/\",\"name\":\"ALFAPARF Lisse Design Keratin Therapy Komplette Gl\u00e4ttungsbehandlung Deep Cleansing Shampoo 500ml + Smoothing Fluid 500ml\u2026 - Markt-XXL\",\"isPartOf\":{\"@id\":\"https:\\\/\\\/marktxxl.de\\\/markt\\\/#website\"},\"primaryImageOfPage\":{\"@id\":\"https:\\\/\\\/marktxxl.de\\\/markt\\\/produkt\\\/alfaparf-lisse-design-keratin-therapy-komplette-glaettungsbehandlung-deep-cleansing-shampoo-500ml-smoothing-fluid-500ml-detangling-cream-125ml-mask-500ml\\\/#primaryimage\"},\"image\":{\"@id\":\"https:\\\/\\\/marktxxl.de\\\/markt\\\/produkt\\\/alfaparf-lisse-design-keratin-therapy-komplette-glaettungsbehandlung-deep-cleansing-shampoo-500ml-smoothing-fluid-500ml-detangling-cream-125ml-mask-500ml\\\/#primaryimage\"},\"thumbnailUrl\":\"https:\\\/\\\/m.media-amazon.com\\\/images\\\/I\\\/41hbOioJLZL._SL500_.jpg\",\"datePublished\":\"2021-10-13T17:54:45+00:00\",\"dateModified\":\"2023-04-10T00:04:15+00:00\",\"description\":\"Markt-XXL ALFAPARF Lisse Design Keratin Therapy Komplette Gl\u00e4ttungsbehandlung Deep Cleansing Shampoo 500ml + Smoothing Fluid 500ml\u2026\",\"breadcrumb\":{\"@id\":\"https:\\\/\\\/marktxxl.de\\\/markt\\\/produkt\\\/alfaparf-lisse-design-keratin-therapy-komplette-glaettungsbehandlung-deep-cleansing-shampoo-500ml-smoothing-fluid-500ml-detangling-cream-125ml-mask-500ml\\\/#breadcrumb\"},\"inLanguage\":\"de\",\"potentialAction\":[{\"@type\":\"ReadAction\",\"target\":[\"https:\\\/\\\/marktxxl.de\\\/markt\\\/produkt\\\/alfaparf-lisse-design-keratin-therapy-komplette-glaettungsbehandlung-deep-cleansing-shampoo-500ml-smoothing-fluid-500ml-detangling-cream-125ml-mask-500ml\\\/\"]}]},{\"@type\":\"ImageObject\",\"inLanguage\":\"de\",\"@id\":\"https:\\\/\\\/marktxxl.de\\\/markt\\\/produkt\\\/alfaparf-lisse-design-keratin-therapy-komplette-glaettungsbehandlung-deep-cleansing-shampoo-500ml-smoothing-fluid-500ml-detangling-cream-125ml-mask-500ml\\\/#primaryimage\",\"url\":\"https:\\\/\\\/m.media-amazon.com\\\/images\\\/I\\\/41hbOioJLZL._SL500_.jpg\",\"contentUrl\":\"https:\\\/\\\/m.media-amazon.com\\\/images\\\/I\\\/41hbOioJLZL._SL500_.jpg\",\"width\":500,\"height\":360},{\"@type\":\"BreadcrumbList\",\"@id\":\"https:\\\/\\\/marktxxl.de\\\/markt\\\/produkt\\\/alfaparf-lisse-design-keratin-therapy-komplette-glaettungsbehandlung-deep-cleansing-shampoo-500ml-smoothing-fluid-500ml-detangling-cream-125ml-mask-500ml\\\/#breadcrumb\",\"itemListElement\":[{\"@type\":\"ListItem\",\"position\":1,\"name\":\"Startseite\",\"item\":\"https:\\\/\\\/marktxxl.de\\\/markt\\\/\"},{\"@type\":\"ListItem\",\"position\":2,\"name\":\"Markt\",\"item\":\"https:\\\/\\\/marktxxl.de\\\/markt\\\/\"},{\"@type\":\"ListItem\",\"position\":3,\"name\":\"ALFAPARF Lisse Design Keratin Therapy Komplette Gl\u00e4ttungsbehandlung Deep Cleansing Shampoo 500ml + Smoothing Fluid 500ml\u2026\"}]},{\"@type\":\"WebSite\",\"@id\":\"https:\\\/\\\/marktxxl.de\\\/markt\\\/#website\",\"url\":\"https:\\\/\\\/marktxxl.de\\\/markt\\\/\",\"name\":\"Markt-XXL\",\"description\":\"Ihr Markt Online\",\"publisher\":{\"@id\":\"https:\\\/\\\/marktxxl.de\\\/markt\\\/#organization\"},\"potentialAction\":[{\"@type\":\"SearchAction\",\"target\":{\"@type\":\"EntryPoint\",\"urlTemplate\":\"https:\\\/\\\/marktxxl.de\\\/markt\\\/?s={search_term_string}\"},\"query-input\":{\"@type\":\"PropertyValueSpecification\",\"valueRequired\":true,\"valueName\":\"search_term_string\"}}],\"inLanguage\":\"de\"},{\"@type\":\"Organization\",\"@id\":\"https:\\\/\\\/marktxxl.de\\\/markt\\\/#organization\",\"name\":\"Markt-XXL\",\"url\":\"https:\\\/\\\/marktxxl.de\\\/markt\\\/\",\"logo\":{\"@type\":\"ImageObject\",\"inLanguage\":\"de\",\"@id\":\"https:\\\/\\\/marktxxl.de\\\/markt\\\/#\\\/schema\\\/logo\\\/image\\\/\",\"url\":\"https:\\\/\\\/marktxxl.de\\\/markt\\\/wp-content\\\/uploads\\\/sites\\\/3\\\/2020\\\/12\\\/logo.png\",\"contentUrl\":\"https:\\\/\\\/marktxxl.de\\\/markt\\\/wp-content\\\/uploads\\\/sites\\\/3\\\/2020\\\/12\\\/logo.png\",\"width\":200,\"height\":70,\"caption\":\"Markt-XXL\"},\"image\":{\"@id\":\"https:\\\/\\\/marktxxl.de\\\/markt\\\/#\\\/schema\\\/logo\\\/image\\\/\"}}]}<\/script>\n<!-- \/ Yoast SEO plugin. -->","yoast_head_json":{"title":"ALFAPARF Lisse Design Keratin Therapy Komplette Gl\u00e4ttungsbehandlung Deep Cleansing Shampoo 500ml + Smoothing Fluid 500ml\u2026 - Markt-XXL","description":"Markt-XXL ALFAPARF Lisse Design Keratin Therapy Komplette Gl\u00e4ttungsbehandlung Deep Cleansing Shampoo 500ml + Smoothing Fluid 500ml\u2026","robots":{"index":"index","follow":"follow","max-snippet":"max-snippet:-1","max-image-preview":"max-image-preview:large","max-video-preview":"max-video-preview:-1"},"canonical":"https:\/\/marktxxl.de\/markt\/produkt\/alfaparf-lisse-design-keratin-therapy-komplette-glaettungsbehandlung-deep-cleansing-shampoo-500ml-smoothing-fluid-500ml-detangling-cream-125ml-mask-500ml\/","og_locale":"de_DE","og_type":"article","og_title":"ALFAPARF Lisse Design Keratin Therapy Komplette Gl\u00e4ttungsbehandlung Deep Cleansing Shampoo 500ml + Smoothing Fluid 500ml\u2026 - Markt-XXL","og_description":"Markt-XXL ALFAPARF Lisse Design Keratin Therapy Komplette Gl\u00e4ttungsbehandlung Deep Cleansing Shampoo 500ml + Smoothing Fluid 500ml\u2026","og_url":"https:\/\/marktxxl.de\/markt\/produkt\/alfaparf-lisse-design-keratin-therapy-komplette-glaettungsbehandlung-deep-cleansing-shampoo-500ml-smoothing-fluid-500ml-detangling-cream-125ml-mask-500ml\/","og_site_name":"Markt-XXL","article_modified_time":"2023-04-10T00:04:15+00:00","og_image":[{"width":500,"height":360,"url":"https:\/\/m.media-amazon.com\/images\/I\/41hbOioJLZL._SL500_.jpg","type":"image\/jpeg"}],"twitter_card":"summary_large_image","twitter_misc":{"Gesch\u00e4tzte Lesezeit":"1\u00a0Minute"},"schema":{"@context":"https:\/\/schema.org","@graph":[{"@type":"WebPage","@id":"https:\/\/marktxxl.de\/markt\/produkt\/alfaparf-lisse-design-keratin-therapy-komplette-glaettungsbehandlung-deep-cleansing-shampoo-500ml-smoothing-fluid-500ml-detangling-cream-125ml-mask-500ml\/","url":"https:\/\/marktxxl.de\/markt\/produkt\/alfaparf-lisse-design-keratin-therapy-komplette-glaettungsbehandlung-deep-cleansing-shampoo-500ml-smoothing-fluid-500ml-detangling-cream-125ml-mask-500ml\/","name":"ALFAPARF Lisse Design Keratin Therapy Komplette Gl\u00e4ttungsbehandlung Deep Cleansing Shampoo 500ml + Smoothing Fluid 500ml\u2026 - Markt-XXL","isPartOf":{"@id":"https:\/\/marktxxl.de\/markt\/#website"},"primaryImageOfPage":{"@id":"https:\/\/marktxxl.de\/markt\/produkt\/alfaparf-lisse-design-keratin-therapy-komplette-glaettungsbehandlung-deep-cleansing-shampoo-500ml-smoothing-fluid-500ml-detangling-cream-125ml-mask-500ml\/#primaryimage"},"image":{"@id":"https:\/\/marktxxl.de\/markt\/produkt\/alfaparf-lisse-design-keratin-therapy-komplette-glaettungsbehandlung-deep-cleansing-shampoo-500ml-smoothing-fluid-500ml-detangling-cream-125ml-mask-500ml\/#primaryimage"},"thumbnailUrl":"https:\/\/m.media-amazon.com\/images\/I\/41hbOioJLZL._SL500_.jpg","datePublished":"2021-10-13T17:54:45+00:00","dateModified":"2023-04-10T00:04:15+00:00","description":"Markt-XXL ALFAPARF Lisse Design Keratin Therapy Komplette Gl\u00e4ttungsbehandlung Deep Cleansing Shampoo 500ml + Smoothing Fluid 500ml\u2026","breadcrumb":{"@id":"https:\/\/marktxxl.de\/markt\/produkt\/alfaparf-lisse-design-keratin-therapy-komplette-glaettungsbehandlung-deep-cleansing-shampoo-500ml-smoothing-fluid-500ml-detangling-cream-125ml-mask-500ml\/#breadcrumb"},"inLanguage":"de","potentialAction":[{"@type":"ReadAction","target":["https:\/\/marktxxl.de\/markt\/produkt\/alfaparf-lisse-design-keratin-therapy-komplette-glaettungsbehandlung-deep-cleansing-shampoo-500ml-smoothing-fluid-500ml-detangling-cream-125ml-mask-500ml\/"]}]},{"@type":"ImageObject","inLanguage":"de","@id":"https:\/\/marktxxl.de\/markt\/produkt\/alfaparf-lisse-design-keratin-therapy-komplette-glaettungsbehandlung-deep-cleansing-shampoo-500ml-smoothing-fluid-500ml-detangling-cream-125ml-mask-500ml\/#primaryimage","url":"https:\/\/m.media-amazon.com\/images\/I\/41hbOioJLZL._SL500_.jpg","contentUrl":"https:\/\/m.media-amazon.com\/images\/I\/41hbOioJLZL._SL500_.jpg","width":500,"height":360},{"@type":"BreadcrumbList","@id":"https:\/\/marktxxl.de\/markt\/produkt\/alfaparf-lisse-design-keratin-therapy-komplette-glaettungsbehandlung-deep-cleansing-shampoo-500ml-smoothing-fluid-500ml-detangling-cream-125ml-mask-500ml\/#breadcrumb","itemListElement":[{"@type":"ListItem","position":1,"name":"Startseite","item":"https:\/\/marktxxl.de\/markt\/"},{"@type":"ListItem","position":2,"name":"Markt","item":"https:\/\/marktxxl.de\/markt\/"},{"@type":"ListItem","position":3,"name":"ALFAPARF Lisse Design Keratin Therapy Komplette Gl\u00e4ttungsbehandlung Deep Cleansing Shampoo 500ml + Smoothing Fluid 500ml\u2026"}]},{"@type":"WebSite","@id":"https:\/\/marktxxl.de\/markt\/#website","url":"https:\/\/marktxxl.de\/markt\/","name":"Markt-XXL","description":"Ihr Markt Online","publisher":{"@id":"https:\/\/marktxxl.de\/markt\/#organization"},"potentialAction":[{"@type":"SearchAction","target":{"@type":"EntryPoint","urlTemplate":"https:\/\/marktxxl.de\/markt\/?s={search_term_string}"},"query-input":{"@type":"PropertyValueSpecification","valueRequired":true,"valueName":"search_term_string"}}],"inLanguage":"de"},{"@type":"Organization","@id":"https:\/\/marktxxl.de\/markt\/#organization","name":"Markt-XXL","url":"https:\/\/marktxxl.de\/markt\/","logo":{"@type":"ImageObject","inLanguage":"de","@id":"https:\/\/marktxxl.de\/markt\/#\/schema\/logo\/image\/","url":"https:\/\/marktxxl.de\/markt\/wp-content\/uploads\/sites\/3\/2020\/12\/logo.png","contentUrl":"https:\/\/marktxxl.de\/markt\/wp-content\/uploads\/sites\/3\/2020\/12\/logo.png","width":200,"height":70,"caption":"Markt-XXL"},"image":{"@id":"https:\/\/marktxxl.de\/markt\/#\/schema\/logo\/image\/"}}]}},"_links":{"self":[{"href":"https:\/\/marktxxl.de\/markt\/wp-json\/wp\/v2\/product\/52436","targetHints":{"allow":["GET"]}}],"collection":[{"href":"https:\/\/marktxxl.de\/markt\/wp-json\/wp\/v2\/product"}],"about":[{"href":"https:\/\/marktxxl.de\/markt\/wp-json\/wp\/v2\/types\/product"}],"replies":[{"embeddable":true,"href":"https:\/\/marktxxl.de\/markt\/wp-json\/wp\/v2\/comments?post=52436"}],"wp:featuredmedia":[{"embeddable":true,"href":"https:\/\/marktxxl.de\/markt\/wp-json\/wp\/v2\/media\/52437"}],"wp:attachment":[{"href":"https:\/\/marktxxl.de\/markt\/wp-json\/wp\/v2\/media?parent=52436"}],"wp:term":[{"taxonomy":"product_brand","embeddable":true,"href":"https:\/\/marktxxl.de\/markt\/wp-json\/wp\/v2\/product_brand?post=52436"},{"taxonomy":"product_cat","embeddable":true,"href":"https:\/\/marktxxl.de\/markt\/wp-json\/wp\/v2\/product_cat?post=52436"},{"taxonomy":"product_tag","embeddable":true,"href":"https:\/\/marktxxl.de\/markt\/wp-json\/wp\/v2\/product_tag?post=52436"}],"curies":[{"name":"wp","href":"https:\/\/api.w.org\/{rel}","templated":true}]}}