{"id":52080,"date":"2021-10-13T02:30:09","date_gmt":"2021-10-13T00:30:09","guid":{"rendered":"https:\/\/marktxxl.de\/markt\/produkt\/blanco-kuechenspuele-silgranit-puradur-felsgrau-1-stueck\/"},"modified":"2023-04-09T01:45:18","modified_gmt":"2023-04-08T23:45:18","slug":"blanco-kuechenspuele-silgranit-puradur-felsgrau-1-stueck","status":"publish","type":"product","link":"https:\/\/marktxxl.de\/markt\/produkt\/blanco-kuechenspuele-silgranit-puradur-felsgrau-1-stueck\/","title":{"rendered":"Blanco DALAGO 45, K\u00fcchensp\u00fcle, Silgranit Puradur, alumetallic, 1 St\u00fcck, 517157"},"content":{"rendered":"<p>Klare Linien und edle Stein-Haptik in der Farbe Cafe: Das zeitgem\u00e4\u00dfe Design der K\u00fcchensp\u00fcle folgt wohl\u00fcberlegt dem Ziel idealer Raumausnutzung<br \/>\nMehr M\u00f6glichkeiten im XL-Becken: F\u00fcr 60 cm breite Unterschr\u00e4nke \u2013 f\u00fcr die optimale Nutzung vorhandener Kapazit\u00e4t \u2013 auch bei sperrigem Geschirr<br \/>\nFreies Arbeiten ohne Einschr\u00e4nkungen und zeitgleiches Erledigen mehrerer Arbeitsschritte \u2013 abgestimmtes Zubeh\u00f6r f\u00fcr zus\u00e4tzliche Funktionen optional erh\u00e4ltlich<br \/>\nAus SILGRANIT: Der patentierte Verbundwerkstoff aus bis zu 80 Prozent Quarz ist ein hochwertiger Kunststein \u2013 pflegeleicht, kratzfest und widerstandsf\u00e4hig<br \/>\nLieferumfang: Ablaufgarnitur mit Raumsparrohr \u2013 3 \u00bd&#8221; Korbventil mit komfortabler Ablauffernbedienung mit praktischer Drehbet\u00e4tigung \u2013 funktionales Zubeh\u00f6r optional erh\u00e4ltlich<br \/>\n<div class=\"main-cross-sell\" data-asin=\"B096ZLBLYL\">\n\n\t<div class=\"WooZone-cross-sell-loader\">\n\t\t<div>\n\t\t\t<div id=\"floatingBarsG\">\n\t\t\t\t<div class=\"blockG\" id=\"rotateG_01\"><\/div>\n\t\t\t\t<div class=\"blockG\" id=\"rotateG_02\"><\/div>\n\t\t\t\t<div class=\"blockG\" id=\"rotateG_03\"><\/div>\n\t\t\t\t<div class=\"blockG\" id=\"rotateG_04\"><\/div>\n\t\t\t\t<div class=\"blockG\" id=\"rotateG_05\"><\/div>\n\t\t\t\t<div class=\"blockG\" id=\"rotateG_06\"><\/div>\n\t\t\t\t<div class=\"blockG\" id=\"rotateG_07\"><\/div>\n\t\t\t\t<div class=\"blockG\" id=\"rotateG_08\"><\/div>\n\t\t\t<\/div>\n\t\t\t<div class=\"WooZone-cross-sell-loader-text\"><\/div>\n\t\t<\/div>\n\t<\/div>\n\n\t\t\n<\/div>\n<div style=\"clear:both;\"><\/div><\/p>\n","protected":false},"excerpt":{"rendered":"<p>Klare Linien und edle Stein-Haptik in der Farbe Cafe: Das zeitgem\u00e4\u00dfe Design der K\u00fcchensp\u00fcle folgt wohl\u00fcberlegt dem Ziel idealer Raumausnutzung<br \/>\nMehr M\u00f6glichkeiten im XL-Becken: F\u00fcr 60 cm breite Unterschr\u00e4nke \u2013 f\u00fcr die optimale Nutzung vorhandener Kapazit\u00e4t \u2013 auch bei sperrigem Geschirr<br \/>\nFreies Arbeiten ohne Einschr\u00e4nkungen und zeitgleiches Erledigen mehrerer Arbeitsschritte \u2013 abgestimmtes Zubeh\u00f6r f\u00fcr zus\u00e4tzliche Funktionen optional erh\u00e4ltlich<\/p>\n","protected":false},"featured_media":52091,"comment_status":"open","ping_status":"closed","template":"","meta":[],"product_brand":[],"product_cat":[1983,11101],"product_tag":[],"class_list":{"0":"post-52080","1":"product","2":"type-product","3":"status-publish","4":"has-post-thumbnail","6":"product_cat-baumarkt","7":"product_cat-kuechen-badinstallation","8":"pa_binding-werkzeug","9":"pa_brand-blanco","10":"pa_farbe-alumetallic","11":"pa_farbe-anthrazit","12":"pa_farbe-cafe","13":"pa_farbe-jasmin","14":"pa_farbe-tartufo","15":"pa_farbe-weiss","16":"pa_groesse-45-cm-unterschrank","17":"pa_groesse-60-cm-unterschrank","18":"pa_stil-ohne-abtropfflaeche","20":"first","21":"instock","22":"shipping-taxable","23":"purchasable","24":"product-type-variable","25":"customify-col","26":"product-has-gallery"},"yoast_head":"<!-- This site is optimized with the Yoast SEO plugin v27.3 - https:\/\/yoast.com\/product\/yoast-seo-wordpress\/ -->\n<title>Blanco DALAGO 45, K\u00fcchensp\u00fcle, Silgranit Puradur, alumetallic, 1 St\u00fcck, 517157 - Markt-XXL<\/title>\n<meta name=\"description\" content=\"Markt-XXL Blanco DALAGO 45, K\u00fcchensp\u00fcle, Silgranit Puradur, alumetallic, 1 St\u00fcck, 517157\" \/>\n<meta name=\"robots\" content=\"index, follow, max-snippet:-1, max-image-preview:large, max-video-preview:-1\" \/>\n<link rel=\"canonical\" href=\"https:\/\/marktxxl.de\/markt\/produkt\/blanco-kuechenspuele-silgranit-puradur-felsgrau-1-stueck\/\" \/>\n<meta property=\"og:locale\" content=\"de_DE\" \/>\n<meta property=\"og:type\" content=\"article\" \/>\n<meta property=\"og:title\" content=\"Blanco DALAGO 45, K\u00fcchensp\u00fcle, Silgranit Puradur, alumetallic, 1 St\u00fcck, 517157 - Markt-XXL\" \/>\n<meta property=\"og:description\" content=\"Markt-XXL Blanco DALAGO 45, K\u00fcchensp\u00fcle, Silgranit Puradur, alumetallic, 1 St\u00fcck, 517157\" \/>\n<meta property=\"og:url\" content=\"https:\/\/marktxxl.de\/markt\/produkt\/blanco-kuechenspuele-silgranit-puradur-felsgrau-1-stueck\/\" \/>\n<meta property=\"og:site_name\" content=\"Markt-XXL\" \/>\n<meta property=\"article:modified_time\" content=\"2023-04-08T23:45:18+00:00\" \/>\n<meta property=\"og:image\" content=\"https:\/\/m.media-amazon.com\/images\/I\/414Rlr7ggbL._SL500_.jpg\" \/>\n\t<meta property=\"og:image:width\" content=\"456\" \/>\n\t<meta property=\"og:image:height\" content=\"500\" \/>\n\t<meta property=\"og:image:type\" content=\"image\/jpeg\" \/>\n<meta name=\"twitter:card\" content=\"summary_large_image\" \/>\n<meta name=\"twitter:label1\" content=\"Gesch\u00e4tzte Lesezeit\" \/>\n\t<meta name=\"twitter:data1\" content=\"1\u00a0Minute\" \/>\n<script type=\"application\/ld+json\" class=\"yoast-schema-graph\">{\"@context\":\"https:\\\/\\\/schema.org\",\"@graph\":[{\"@type\":\"WebPage\",\"@id\":\"https:\\\/\\\/marktxxl.de\\\/markt\\\/produkt\\\/blanco-kuechenspuele-silgranit-puradur-felsgrau-1-stueck\\\/\",\"url\":\"https:\\\/\\\/marktxxl.de\\\/markt\\\/produkt\\\/blanco-kuechenspuele-silgranit-puradur-felsgrau-1-stueck\\\/\",\"name\":\"Blanco DALAGO 45, K\u00fcchensp\u00fcle, Silgranit Puradur, alumetallic, 1 St\u00fcck, 517157 - Markt-XXL\",\"isPartOf\":{\"@id\":\"https:\\\/\\\/marktxxl.de\\\/markt\\\/#website\"},\"primaryImageOfPage\":{\"@id\":\"https:\\\/\\\/marktxxl.de\\\/markt\\\/produkt\\\/blanco-kuechenspuele-silgranit-puradur-felsgrau-1-stueck\\\/#primaryimage\"},\"image\":{\"@id\":\"https:\\\/\\\/marktxxl.de\\\/markt\\\/produkt\\\/blanco-kuechenspuele-silgranit-puradur-felsgrau-1-stueck\\\/#primaryimage\"},\"thumbnailUrl\":\"https:\\\/\\\/m.media-amazon.com\\\/images\\\/I\\\/414Rlr7ggbL._SL500_.jpg\",\"datePublished\":\"2021-10-13T00:30:09+00:00\",\"dateModified\":\"2023-04-08T23:45:18+00:00\",\"description\":\"Markt-XXL Blanco DALAGO 45, K\u00fcchensp\u00fcle, Silgranit Puradur, alumetallic, 1 St\u00fcck, 517157\",\"breadcrumb\":{\"@id\":\"https:\\\/\\\/marktxxl.de\\\/markt\\\/produkt\\\/blanco-kuechenspuele-silgranit-puradur-felsgrau-1-stueck\\\/#breadcrumb\"},\"inLanguage\":\"de\",\"potentialAction\":[{\"@type\":\"ReadAction\",\"target\":[\"https:\\\/\\\/marktxxl.de\\\/markt\\\/produkt\\\/blanco-kuechenspuele-silgranit-puradur-felsgrau-1-stueck\\\/\"]}]},{\"@type\":\"ImageObject\",\"inLanguage\":\"de\",\"@id\":\"https:\\\/\\\/marktxxl.de\\\/markt\\\/produkt\\\/blanco-kuechenspuele-silgranit-puradur-felsgrau-1-stueck\\\/#primaryimage\",\"url\":\"https:\\\/\\\/m.media-amazon.com\\\/images\\\/I\\\/414Rlr7ggbL._SL500_.jpg\",\"contentUrl\":\"https:\\\/\\\/m.media-amazon.com\\\/images\\\/I\\\/414Rlr7ggbL._SL500_.jpg\",\"width\":456,\"height\":500},{\"@type\":\"BreadcrumbList\",\"@id\":\"https:\\\/\\\/marktxxl.de\\\/markt\\\/produkt\\\/blanco-kuechenspuele-silgranit-puradur-felsgrau-1-stueck\\\/#breadcrumb\",\"itemListElement\":[{\"@type\":\"ListItem\",\"position\":1,\"name\":\"Startseite\",\"item\":\"https:\\\/\\\/marktxxl.de\\\/markt\\\/\"},{\"@type\":\"ListItem\",\"position\":2,\"name\":\"Markt\",\"item\":\"https:\\\/\\\/marktxxl.de\\\/markt\\\/\"},{\"@type\":\"ListItem\",\"position\":3,\"name\":\"Blanco DALAGO 45, K\u00fcchensp\u00fcle, Silgranit Puradur, alumetallic, 1 St\u00fcck, 517157\"}]},{\"@type\":\"WebSite\",\"@id\":\"https:\\\/\\\/marktxxl.de\\\/markt\\\/#website\",\"url\":\"https:\\\/\\\/marktxxl.de\\\/markt\\\/\",\"name\":\"Markt-XXL\",\"description\":\"Ihr Markt Online\",\"publisher\":{\"@id\":\"https:\\\/\\\/marktxxl.de\\\/markt\\\/#organization\"},\"potentialAction\":[{\"@type\":\"SearchAction\",\"target\":{\"@type\":\"EntryPoint\",\"urlTemplate\":\"https:\\\/\\\/marktxxl.de\\\/markt\\\/?s={search_term_string}\"},\"query-input\":{\"@type\":\"PropertyValueSpecification\",\"valueRequired\":true,\"valueName\":\"search_term_string\"}}],\"inLanguage\":\"de\"},{\"@type\":\"Organization\",\"@id\":\"https:\\\/\\\/marktxxl.de\\\/markt\\\/#organization\",\"name\":\"Markt-XXL\",\"url\":\"https:\\\/\\\/marktxxl.de\\\/markt\\\/\",\"logo\":{\"@type\":\"ImageObject\",\"inLanguage\":\"de\",\"@id\":\"https:\\\/\\\/marktxxl.de\\\/markt\\\/#\\\/schema\\\/logo\\\/image\\\/\",\"url\":\"https:\\\/\\\/marktxxl.de\\\/markt\\\/wp-content\\\/uploads\\\/sites\\\/3\\\/2020\\\/12\\\/logo.png\",\"contentUrl\":\"https:\\\/\\\/marktxxl.de\\\/markt\\\/wp-content\\\/uploads\\\/sites\\\/3\\\/2020\\\/12\\\/logo.png\",\"width\":200,\"height\":70,\"caption\":\"Markt-XXL\"},\"image\":{\"@id\":\"https:\\\/\\\/marktxxl.de\\\/markt\\\/#\\\/schema\\\/logo\\\/image\\\/\"}}]}<\/script>\n<!-- \/ Yoast SEO plugin. -->","yoast_head_json":{"title":"Blanco DALAGO 45, K\u00fcchensp\u00fcle, Silgranit Puradur, alumetallic, 1 St\u00fcck, 517157 - Markt-XXL","description":"Markt-XXL Blanco DALAGO 45, K\u00fcchensp\u00fcle, Silgranit Puradur, alumetallic, 1 St\u00fcck, 517157","robots":{"index":"index","follow":"follow","max-snippet":"max-snippet:-1","max-image-preview":"max-image-preview:large","max-video-preview":"max-video-preview:-1"},"canonical":"https:\/\/marktxxl.de\/markt\/produkt\/blanco-kuechenspuele-silgranit-puradur-felsgrau-1-stueck\/","og_locale":"de_DE","og_type":"article","og_title":"Blanco DALAGO 45, K\u00fcchensp\u00fcle, Silgranit Puradur, alumetallic, 1 St\u00fcck, 517157 - Markt-XXL","og_description":"Markt-XXL Blanco DALAGO 45, K\u00fcchensp\u00fcle, Silgranit Puradur, alumetallic, 1 St\u00fcck, 517157","og_url":"https:\/\/marktxxl.de\/markt\/produkt\/blanco-kuechenspuele-silgranit-puradur-felsgrau-1-stueck\/","og_site_name":"Markt-XXL","article_modified_time":"2023-04-08T23:45:18+00:00","og_image":[{"width":456,"height":500,"url":"https:\/\/m.media-amazon.com\/images\/I\/414Rlr7ggbL._SL500_.jpg","type":"image\/jpeg"}],"twitter_card":"summary_large_image","twitter_misc":{"Gesch\u00e4tzte Lesezeit":"1\u00a0Minute"},"schema":{"@context":"https:\/\/schema.org","@graph":[{"@type":"WebPage","@id":"https:\/\/marktxxl.de\/markt\/produkt\/blanco-kuechenspuele-silgranit-puradur-felsgrau-1-stueck\/","url":"https:\/\/marktxxl.de\/markt\/produkt\/blanco-kuechenspuele-silgranit-puradur-felsgrau-1-stueck\/","name":"Blanco DALAGO 45, K\u00fcchensp\u00fcle, Silgranit Puradur, alumetallic, 1 St\u00fcck, 517157 - Markt-XXL","isPartOf":{"@id":"https:\/\/marktxxl.de\/markt\/#website"},"primaryImageOfPage":{"@id":"https:\/\/marktxxl.de\/markt\/produkt\/blanco-kuechenspuele-silgranit-puradur-felsgrau-1-stueck\/#primaryimage"},"image":{"@id":"https:\/\/marktxxl.de\/markt\/produkt\/blanco-kuechenspuele-silgranit-puradur-felsgrau-1-stueck\/#primaryimage"},"thumbnailUrl":"https:\/\/m.media-amazon.com\/images\/I\/414Rlr7ggbL._SL500_.jpg","datePublished":"2021-10-13T00:30:09+00:00","dateModified":"2023-04-08T23:45:18+00:00","description":"Markt-XXL Blanco DALAGO 45, K\u00fcchensp\u00fcle, Silgranit Puradur, alumetallic, 1 St\u00fcck, 517157","breadcrumb":{"@id":"https:\/\/marktxxl.de\/markt\/produkt\/blanco-kuechenspuele-silgranit-puradur-felsgrau-1-stueck\/#breadcrumb"},"inLanguage":"de","potentialAction":[{"@type":"ReadAction","target":["https:\/\/marktxxl.de\/markt\/produkt\/blanco-kuechenspuele-silgranit-puradur-felsgrau-1-stueck\/"]}]},{"@type":"ImageObject","inLanguage":"de","@id":"https:\/\/marktxxl.de\/markt\/produkt\/blanco-kuechenspuele-silgranit-puradur-felsgrau-1-stueck\/#primaryimage","url":"https:\/\/m.media-amazon.com\/images\/I\/414Rlr7ggbL._SL500_.jpg","contentUrl":"https:\/\/m.media-amazon.com\/images\/I\/414Rlr7ggbL._SL500_.jpg","width":456,"height":500},{"@type":"BreadcrumbList","@id":"https:\/\/marktxxl.de\/markt\/produkt\/blanco-kuechenspuele-silgranit-puradur-felsgrau-1-stueck\/#breadcrumb","itemListElement":[{"@type":"ListItem","position":1,"name":"Startseite","item":"https:\/\/marktxxl.de\/markt\/"},{"@type":"ListItem","position":2,"name":"Markt","item":"https:\/\/marktxxl.de\/markt\/"},{"@type":"ListItem","position":3,"name":"Blanco DALAGO 45, K\u00fcchensp\u00fcle, Silgranit Puradur, alumetallic, 1 St\u00fcck, 517157"}]},{"@type":"WebSite","@id":"https:\/\/marktxxl.de\/markt\/#website","url":"https:\/\/marktxxl.de\/markt\/","name":"Markt-XXL","description":"Ihr Markt Online","publisher":{"@id":"https:\/\/marktxxl.de\/markt\/#organization"},"potentialAction":[{"@type":"SearchAction","target":{"@type":"EntryPoint","urlTemplate":"https:\/\/marktxxl.de\/markt\/?s={search_term_string}"},"query-input":{"@type":"PropertyValueSpecification","valueRequired":true,"valueName":"search_term_string"}}],"inLanguage":"de"},{"@type":"Organization","@id":"https:\/\/marktxxl.de\/markt\/#organization","name":"Markt-XXL","url":"https:\/\/marktxxl.de\/markt\/","logo":{"@type":"ImageObject","inLanguage":"de","@id":"https:\/\/marktxxl.de\/markt\/#\/schema\/logo\/image\/","url":"https:\/\/marktxxl.de\/markt\/wp-content\/uploads\/sites\/3\/2020\/12\/logo.png","contentUrl":"https:\/\/marktxxl.de\/markt\/wp-content\/uploads\/sites\/3\/2020\/12\/logo.png","width":200,"height":70,"caption":"Markt-XXL"},"image":{"@id":"https:\/\/marktxxl.de\/markt\/#\/schema\/logo\/image\/"}}]}},"_links":{"self":[{"href":"https:\/\/marktxxl.de\/markt\/wp-json\/wp\/v2\/product\/52080","targetHints":{"allow":["GET"]}}],"collection":[{"href":"https:\/\/marktxxl.de\/markt\/wp-json\/wp\/v2\/product"}],"about":[{"href":"https:\/\/marktxxl.de\/markt\/wp-json\/wp\/v2\/types\/product"}],"replies":[{"embeddable":true,"href":"https:\/\/marktxxl.de\/markt\/wp-json\/wp\/v2\/comments?post=52080"}],"wp:featuredmedia":[{"embeddable":true,"href":"https:\/\/marktxxl.de\/markt\/wp-json\/wp\/v2\/media\/52091"}],"wp:attachment":[{"href":"https:\/\/marktxxl.de\/markt\/wp-json\/wp\/v2\/media?parent=52080"}],"wp:term":[{"taxonomy":"product_brand","embeddable":true,"href":"https:\/\/marktxxl.de\/markt\/wp-json\/wp\/v2\/product_brand?post=52080"},{"taxonomy":"product_cat","embeddable":true,"href":"https:\/\/marktxxl.de\/markt\/wp-json\/wp\/v2\/product_cat?post=52080"},{"taxonomy":"product_tag","embeddable":true,"href":"https:\/\/marktxxl.de\/markt\/wp-json\/wp\/v2\/product_tag?post=52080"}],"curies":[{"name":"wp","href":"https:\/\/api.w.org\/{rel}","templated":true}]}}