{"id":51942,"date":"2021-10-13T02:24:10","date_gmt":"2021-10-13T00:24:10","guid":{"rendered":"https:\/\/marktxxl.de\/markt\/produkt\/roommates-54272-eiffelturm\/"},"modified":"2023-04-09T01:45:14","modified_gmt":"2023-04-08T23:45:14","slug":"roommates-54272-eiffelturm","status":"publish","type":"product","link":"https:\/\/marktxxl.de\/markt\/produkt\/roommates-54272-eiffelturm\/","title":{"rendered":"RoomMates 54272 Eiffelturm"},"content":{"rendered":"<p>Schnell und einfach anzubringen: einfach abziehen und aufkleben<br \/>\nEntfernbar, repositionierbar (mehrfach verklebbar) und wiederverwendbar, ohne Spuren oder klebrige R\u00fcckst\u00e4nde zu hinterlassen oder die Oberfl\u00e4che zu besch\u00e4digen<br \/>\nAus hochwertigem, d\u00fcnnem und flexiblem Vinyl, wasserfest und abwischbar<br \/>\nHaftet auf jeder glatten, sauberen und trockenen Oberfl\u00e4che: W\u00e4nde, M\u00f6bel, Accessoires, Kacheln, Spiegel, Fenster etc.<br \/>\nIdeal zum Dekorieren in Sekundenschnelle von Baby- und Kinderzimmern, Krippen, Spielzimmern, Klassenzimmern etc.<br \/>\nRoomMates- der Trend aus den USA!<br \/>\nRoomMates verwendet eine einzigartige Technologie, die garantiert, dass das Produkt haftet und sich dennoch m\u00fchelos entfernen und wieder verwenden l\u00e4sst, ohne l\u00e4stige Kleber\u00fcckst\u00e4nde oder Besch\u00e4digung des Untergrundes.<br \/>\nProduziert nach h\u00f6chsten Qualit\u00e4tsrichtlinen in den USA. Das Produkt ist nach g\u00fcltiger Spielwaren- und Baurichtline gepr\u00fcft. Es enth\u00e4lt KEINE Weichmacher!<br \/>\nQualit\u00e4t seit 2006<br \/>\nUngiftig, Herstellungsbedingte Ger\u00fcche verfliegen!<br \/>\n<div class=\"main-cross-sell\" data-asin=\"B004URW3MM\">\n\n\t<div class=\"WooZone-cross-sell-loader\">\n\t\t<div>\n\t\t\t<div id=\"floatingBarsG\">\n\t\t\t\t<div class=\"blockG\" id=\"rotateG_01\"><\/div>\n\t\t\t\t<div class=\"blockG\" id=\"rotateG_02\"><\/div>\n\t\t\t\t<div class=\"blockG\" id=\"rotateG_03\"><\/div>\n\t\t\t\t<div class=\"blockG\" id=\"rotateG_04\"><\/div>\n\t\t\t\t<div class=\"blockG\" id=\"rotateG_05\"><\/div>\n\t\t\t\t<div class=\"blockG\" id=\"rotateG_06\"><\/div>\n\t\t\t\t<div class=\"blockG\" id=\"rotateG_07\"><\/div>\n\t\t\t\t<div class=\"blockG\" id=\"rotateG_08\"><\/div>\n\t\t\t<\/div>\n\t\t\t<div class=\"WooZone-cross-sell-loader-text\"><\/div>\n\t\t<\/div>\n\t<\/div>\n\n\t\t\n<\/div>\n<div style=\"clear:both;\"><\/div><\/p>\n","protected":false},"excerpt":{"rendered":"<p>Schnell und einfach anzubringen: einfach abziehen und aufkleben<br \/>\nEntfernbar, repositionierbar (mehrfach verklebbar) und wiederverwendbar, ohne Spuren oder klebrige R\u00fcckst\u00e4nde zu hinterlassen oder die Oberfl\u00e4che zu besch\u00e4digen<br \/>\nAus hochwertigem, d\u00fcnnem und flexiblem Vinyl, wasserfest und abwischbar<\/p>\n","protected":false},"featured_media":51943,"comment_status":"open","ping_status":"closed","template":"","meta":[],"product_brand":[],"product_cat":[1983,11212],"product_tag":[],"class_list":{"0":"post-51942","1":"product","2":"type-product","3":"status-publish","4":"has-post-thumbnail","6":"product_cat-baumarkt","7":"product_cat-malerbedarf-werkzeuge-tapeten","8":"pa_binding-werkzeug","9":"pa_brand-roommates","10":"pa_brand-thames-hudson","11":"pa_height-0-011-zoll","12":"pa_length-18-zoll","13":"pa_manufacturer-roommates","14":"pa_model-rmk1576gm","15":"pa_weight-0-440924524-pfund","16":"pa_width-5-zoll","18":"first","19":"instock","20":"shipping-taxable","21":"purchasable","22":"product-type-simple","23":"customify-col","24":"product-has-gallery"},"yoast_head":"<!-- This site is optimized with the Yoast SEO plugin v27.3 - https:\/\/yoast.com\/product\/yoast-seo-wordpress\/ -->\n<title>RoomMates 54272 Eiffelturm - Markt-XXL<\/title>\n<meta name=\"description\" content=\"Markt-XXL RoomMates 54272 Eiffelturm\" \/>\n<meta name=\"robots\" content=\"index, follow, max-snippet:-1, max-image-preview:large, max-video-preview:-1\" \/>\n<link rel=\"canonical\" href=\"https:\/\/marktxxl.de\/markt\/produkt\/roommates-54272-eiffelturm\/\" \/>\n<meta property=\"og:locale\" content=\"de_DE\" \/>\n<meta property=\"og:type\" content=\"article\" \/>\n<meta property=\"og:title\" content=\"RoomMates 54272 Eiffelturm - Markt-XXL\" \/>\n<meta property=\"og:description\" content=\"Markt-XXL RoomMates 54272 Eiffelturm\" \/>\n<meta property=\"og:url\" content=\"https:\/\/marktxxl.de\/markt\/produkt\/roommates-54272-eiffelturm\/\" \/>\n<meta property=\"og:site_name\" content=\"Markt-XXL\" \/>\n<meta property=\"article:modified_time\" content=\"2023-04-08T23:45:14+00:00\" \/>\n<meta property=\"og:image\" content=\"https:\/\/m.media-amazon.com\/images\/I\/41efGE6bRVL._SL500_.jpg\" \/>\n\t<meta property=\"og:image:width\" content=\"335\" \/>\n\t<meta property=\"og:image:height\" content=\"500\" \/>\n\t<meta property=\"og:image:type\" content=\"image\/jpeg\" \/>\n<meta name=\"twitter:card\" content=\"summary_large_image\" \/>\n<meta name=\"twitter:label1\" content=\"Gesch\u00e4tzte Lesezeit\" \/>\n\t<meta name=\"twitter:data1\" content=\"1\u00a0Minute\" \/>\n<script type=\"application\/ld+json\" class=\"yoast-schema-graph\">{\"@context\":\"https:\\\/\\\/schema.org\",\"@graph\":[{\"@type\":\"WebPage\",\"@id\":\"https:\\\/\\\/marktxxl.de\\\/markt\\\/produkt\\\/roommates-54272-eiffelturm\\\/\",\"url\":\"https:\\\/\\\/marktxxl.de\\\/markt\\\/produkt\\\/roommates-54272-eiffelturm\\\/\",\"name\":\"RoomMates 54272 Eiffelturm - Markt-XXL\",\"isPartOf\":{\"@id\":\"https:\\\/\\\/marktxxl.de\\\/markt\\\/#website\"},\"primaryImageOfPage\":{\"@id\":\"https:\\\/\\\/marktxxl.de\\\/markt\\\/produkt\\\/roommates-54272-eiffelturm\\\/#primaryimage\"},\"image\":{\"@id\":\"https:\\\/\\\/marktxxl.de\\\/markt\\\/produkt\\\/roommates-54272-eiffelturm\\\/#primaryimage\"},\"thumbnailUrl\":\"https:\\\/\\\/m.media-amazon.com\\\/images\\\/I\\\/41efGE6bRVL._SL500_.jpg\",\"datePublished\":\"2021-10-13T00:24:10+00:00\",\"dateModified\":\"2023-04-08T23:45:14+00:00\",\"description\":\"Markt-XXL RoomMates 54272 Eiffelturm\",\"breadcrumb\":{\"@id\":\"https:\\\/\\\/marktxxl.de\\\/markt\\\/produkt\\\/roommates-54272-eiffelturm\\\/#breadcrumb\"},\"inLanguage\":\"de\",\"potentialAction\":[{\"@type\":\"ReadAction\",\"target\":[\"https:\\\/\\\/marktxxl.de\\\/markt\\\/produkt\\\/roommates-54272-eiffelturm\\\/\"]}]},{\"@type\":\"ImageObject\",\"inLanguage\":\"de\",\"@id\":\"https:\\\/\\\/marktxxl.de\\\/markt\\\/produkt\\\/roommates-54272-eiffelturm\\\/#primaryimage\",\"url\":\"https:\\\/\\\/m.media-amazon.com\\\/images\\\/I\\\/41efGE6bRVL._SL500_.jpg\",\"contentUrl\":\"https:\\\/\\\/m.media-amazon.com\\\/images\\\/I\\\/41efGE6bRVL._SL500_.jpg\",\"width\":335,\"height\":500},{\"@type\":\"BreadcrumbList\",\"@id\":\"https:\\\/\\\/marktxxl.de\\\/markt\\\/produkt\\\/roommates-54272-eiffelturm\\\/#breadcrumb\",\"itemListElement\":[{\"@type\":\"ListItem\",\"position\":1,\"name\":\"Startseite\",\"item\":\"https:\\\/\\\/marktxxl.de\\\/markt\\\/\"},{\"@type\":\"ListItem\",\"position\":2,\"name\":\"Markt\",\"item\":\"https:\\\/\\\/marktxxl.de\\\/markt\\\/\"},{\"@type\":\"ListItem\",\"position\":3,\"name\":\"RoomMates 54272 Eiffelturm\"}]},{\"@type\":\"WebSite\",\"@id\":\"https:\\\/\\\/marktxxl.de\\\/markt\\\/#website\",\"url\":\"https:\\\/\\\/marktxxl.de\\\/markt\\\/\",\"name\":\"Markt-XXL\",\"description\":\"Ihr Markt Online\",\"publisher\":{\"@id\":\"https:\\\/\\\/marktxxl.de\\\/markt\\\/#organization\"},\"potentialAction\":[{\"@type\":\"SearchAction\",\"target\":{\"@type\":\"EntryPoint\",\"urlTemplate\":\"https:\\\/\\\/marktxxl.de\\\/markt\\\/?s={search_term_string}\"},\"query-input\":{\"@type\":\"PropertyValueSpecification\",\"valueRequired\":true,\"valueName\":\"search_term_string\"}}],\"inLanguage\":\"de\"},{\"@type\":\"Organization\",\"@id\":\"https:\\\/\\\/marktxxl.de\\\/markt\\\/#organization\",\"name\":\"Markt-XXL\",\"url\":\"https:\\\/\\\/marktxxl.de\\\/markt\\\/\",\"logo\":{\"@type\":\"ImageObject\",\"inLanguage\":\"de\",\"@id\":\"https:\\\/\\\/marktxxl.de\\\/markt\\\/#\\\/schema\\\/logo\\\/image\\\/\",\"url\":\"https:\\\/\\\/marktxxl.de\\\/markt\\\/wp-content\\\/uploads\\\/sites\\\/3\\\/2020\\\/12\\\/logo.png\",\"contentUrl\":\"https:\\\/\\\/marktxxl.de\\\/markt\\\/wp-content\\\/uploads\\\/sites\\\/3\\\/2020\\\/12\\\/logo.png\",\"width\":200,\"height\":70,\"caption\":\"Markt-XXL\"},\"image\":{\"@id\":\"https:\\\/\\\/marktxxl.de\\\/markt\\\/#\\\/schema\\\/logo\\\/image\\\/\"}}]}<\/script>\n<!-- \/ Yoast SEO plugin. -->","yoast_head_json":{"title":"RoomMates 54272 Eiffelturm - Markt-XXL","description":"Markt-XXL RoomMates 54272 Eiffelturm","robots":{"index":"index","follow":"follow","max-snippet":"max-snippet:-1","max-image-preview":"max-image-preview:large","max-video-preview":"max-video-preview:-1"},"canonical":"https:\/\/marktxxl.de\/markt\/produkt\/roommates-54272-eiffelturm\/","og_locale":"de_DE","og_type":"article","og_title":"RoomMates 54272 Eiffelturm - Markt-XXL","og_description":"Markt-XXL RoomMates 54272 Eiffelturm","og_url":"https:\/\/marktxxl.de\/markt\/produkt\/roommates-54272-eiffelturm\/","og_site_name":"Markt-XXL","article_modified_time":"2023-04-08T23:45:14+00:00","og_image":[{"width":335,"height":500,"url":"https:\/\/m.media-amazon.com\/images\/I\/41efGE6bRVL._SL500_.jpg","type":"image\/jpeg"}],"twitter_card":"summary_large_image","twitter_misc":{"Gesch\u00e4tzte Lesezeit":"1\u00a0Minute"},"schema":{"@context":"https:\/\/schema.org","@graph":[{"@type":"WebPage","@id":"https:\/\/marktxxl.de\/markt\/produkt\/roommates-54272-eiffelturm\/","url":"https:\/\/marktxxl.de\/markt\/produkt\/roommates-54272-eiffelturm\/","name":"RoomMates 54272 Eiffelturm - Markt-XXL","isPartOf":{"@id":"https:\/\/marktxxl.de\/markt\/#website"},"primaryImageOfPage":{"@id":"https:\/\/marktxxl.de\/markt\/produkt\/roommates-54272-eiffelturm\/#primaryimage"},"image":{"@id":"https:\/\/marktxxl.de\/markt\/produkt\/roommates-54272-eiffelturm\/#primaryimage"},"thumbnailUrl":"https:\/\/m.media-amazon.com\/images\/I\/41efGE6bRVL._SL500_.jpg","datePublished":"2021-10-13T00:24:10+00:00","dateModified":"2023-04-08T23:45:14+00:00","description":"Markt-XXL RoomMates 54272 Eiffelturm","breadcrumb":{"@id":"https:\/\/marktxxl.de\/markt\/produkt\/roommates-54272-eiffelturm\/#breadcrumb"},"inLanguage":"de","potentialAction":[{"@type":"ReadAction","target":["https:\/\/marktxxl.de\/markt\/produkt\/roommates-54272-eiffelturm\/"]}]},{"@type":"ImageObject","inLanguage":"de","@id":"https:\/\/marktxxl.de\/markt\/produkt\/roommates-54272-eiffelturm\/#primaryimage","url":"https:\/\/m.media-amazon.com\/images\/I\/41efGE6bRVL._SL500_.jpg","contentUrl":"https:\/\/m.media-amazon.com\/images\/I\/41efGE6bRVL._SL500_.jpg","width":335,"height":500},{"@type":"BreadcrumbList","@id":"https:\/\/marktxxl.de\/markt\/produkt\/roommates-54272-eiffelturm\/#breadcrumb","itemListElement":[{"@type":"ListItem","position":1,"name":"Startseite","item":"https:\/\/marktxxl.de\/markt\/"},{"@type":"ListItem","position":2,"name":"Markt","item":"https:\/\/marktxxl.de\/markt\/"},{"@type":"ListItem","position":3,"name":"RoomMates 54272 Eiffelturm"}]},{"@type":"WebSite","@id":"https:\/\/marktxxl.de\/markt\/#website","url":"https:\/\/marktxxl.de\/markt\/","name":"Markt-XXL","description":"Ihr Markt Online","publisher":{"@id":"https:\/\/marktxxl.de\/markt\/#organization"},"potentialAction":[{"@type":"SearchAction","target":{"@type":"EntryPoint","urlTemplate":"https:\/\/marktxxl.de\/markt\/?s={search_term_string}"},"query-input":{"@type":"PropertyValueSpecification","valueRequired":true,"valueName":"search_term_string"}}],"inLanguage":"de"},{"@type":"Organization","@id":"https:\/\/marktxxl.de\/markt\/#organization","name":"Markt-XXL","url":"https:\/\/marktxxl.de\/markt\/","logo":{"@type":"ImageObject","inLanguage":"de","@id":"https:\/\/marktxxl.de\/markt\/#\/schema\/logo\/image\/","url":"https:\/\/marktxxl.de\/markt\/wp-content\/uploads\/sites\/3\/2020\/12\/logo.png","contentUrl":"https:\/\/marktxxl.de\/markt\/wp-content\/uploads\/sites\/3\/2020\/12\/logo.png","width":200,"height":70,"caption":"Markt-XXL"},"image":{"@id":"https:\/\/marktxxl.de\/markt\/#\/schema\/logo\/image\/"}}]}},"_links":{"self":[{"href":"https:\/\/marktxxl.de\/markt\/wp-json\/wp\/v2\/product\/51942","targetHints":{"allow":["GET"]}}],"collection":[{"href":"https:\/\/marktxxl.de\/markt\/wp-json\/wp\/v2\/product"}],"about":[{"href":"https:\/\/marktxxl.de\/markt\/wp-json\/wp\/v2\/types\/product"}],"replies":[{"embeddable":true,"href":"https:\/\/marktxxl.de\/markt\/wp-json\/wp\/v2\/comments?post=51942"}],"wp:featuredmedia":[{"embeddable":true,"href":"https:\/\/marktxxl.de\/markt\/wp-json\/wp\/v2\/media\/51943"}],"wp:attachment":[{"href":"https:\/\/marktxxl.de\/markt\/wp-json\/wp\/v2\/media?parent=51942"}],"wp:term":[{"taxonomy":"product_brand","embeddable":true,"href":"https:\/\/marktxxl.de\/markt\/wp-json\/wp\/v2\/product_brand?post=51942"},{"taxonomy":"product_cat","embeddable":true,"href":"https:\/\/marktxxl.de\/markt\/wp-json\/wp\/v2\/product_cat?post=51942"},{"taxonomy":"product_tag","embeddable":true,"href":"https:\/\/marktxxl.de\/markt\/wp-json\/wp\/v2\/product_tag?post=51942"}],"curies":[{"name":"wp","href":"https:\/\/api.w.org\/{rel}","templated":true}]}}