{"id":51691,"date":"2021-10-13T02:09:38","date_gmt":"2021-10-13T00:09:38","guid":{"rendered":"https:\/\/marktxxl.de\/markt\/produkt\/hansgrohe-focus-standventil-auslauf-hoehe-70mm-fuer-kaltwasser-ohne-ablaufgarnitur-chrom\/"},"modified":"2023-04-10T02:02:16","modified_gmt":"2023-04-10T00:02:16","slug":"hansgrohe-focus-standventil-auslauf-hoehe-70mm-fuer-kaltwasser-ohne-ablaufgarnitur-chrom","status":"publish","type":"product","link":"https:\/\/marktxxl.de\/markt\/produkt\/hansgrohe-focus-standventil-auslauf-hoehe-70mm-fuer-kaltwasser-ohne-ablaufgarnitur-chrom\/","title":{"rendered":"hansgrohe Focus Standventil, Auslauf H\u00f6he 70mm, f\u00fcr Kaltwasser, ohne Ablaufgarnitur, Chrom"},"content":{"rendered":"<p>Formsch\u00f6ne Kaltwasserarmatur f\u00fcgt sich durch schlichtes Design unkompliziert in verschiedene Stilrichtungen im Bad ein<br \/>\nWaschtischarmatur bestehend aus: Grundk\u00f6rper, Griff, Anschlusschl\u00e4uche, QuickClean Luftsprudler<br \/>\nBadarmaturen mit wassersparender EcoSmart Technologie ben\u00f6tigen bis zu 60% weniger Wasser als herk\u00f6mmliche Produkte &#8211; ohne Komfortverlust. So senken Sie Wasser- bzw. Energiekosten und schonen Ressourcen.<br \/>\nHerstellergarantie: 5 Jahre bei Verkauf und Versand durch Amazon. Bei Verkauf und Versand durch einen Drittanbieter gelten die Angaben des jeweiligen Verk\u00e4ufers. Ausf\u00fchrliche Garantiebedingungen finden Sie unter \u201eWeitere technische Informationen\u201c auf dieser Seite, klicken Sie hierzu bitte auf \u201eGarantiehinweise\u201c.<br \/>\n<div class=\"main-cross-sell\" data-asin=\"B00872WHHW\">\n\n\t<div class=\"WooZone-cross-sell-loader\">\n\t\t<div>\n\t\t\t<div id=\"floatingBarsG\">\n\t\t\t\t<div class=\"blockG\" id=\"rotateG_01\"><\/div>\n\t\t\t\t<div class=\"blockG\" id=\"rotateG_02\"><\/div>\n\t\t\t\t<div class=\"blockG\" id=\"rotateG_03\"><\/div>\n\t\t\t\t<div class=\"blockG\" id=\"rotateG_04\"><\/div>\n\t\t\t\t<div class=\"blockG\" id=\"rotateG_05\"><\/div>\n\t\t\t\t<div class=\"blockG\" id=\"rotateG_06\"><\/div>\n\t\t\t\t<div class=\"blockG\" id=\"rotateG_07\"><\/div>\n\t\t\t\t<div class=\"blockG\" id=\"rotateG_08\"><\/div>\n\t\t\t<\/div>\n\t\t\t<div class=\"WooZone-cross-sell-loader-text\"><\/div>\n\t\t<\/div>\n\t<\/div>\n\n\t\t\n<\/div>\n<div style=\"clear:both;\"><\/div><\/p>\n","protected":false},"excerpt":{"rendered":"<p>Formsch\u00f6ne Kaltwasserarmatur f\u00fcgt sich durch schlichtes Design unkompliziert in verschiedene Stilrichtungen im Bad ein<br \/>\nWaschtischarmatur bestehend aus: Grundk\u00f6rper, Griff, Anschlusschl\u00e4uche, QuickClean Luftsprudler<br \/>\nBadarmaturen mit wassersparender EcoSmart Technologie ben\u00f6tigen bis zu 60% weniger Wasser als herk\u00f6mmliche Produkte &#8211; ohne Komfortverlust. So senken Sie Wasser- bzw. Energiekosten und schonen Ressourcen.<\/p>\n","protected":false},"featured_media":51692,"comment_status":"open","ping_status":"closed","template":"","meta":[],"product_brand":[],"product_cat":[1983,11101],"product_tag":[],"class_list":{"0":"post-51691","1":"product","2":"type-product","3":"status-publish","4":"has-post-thumbnail","6":"product_cat-baumarkt","7":"product_cat-kuechen-badinstallation","8":"pa_binding-werkzeug","9":"pa_brand-hansgrohe","10":"pa_color-chrom","11":"pa_height-3-0708661386-zoll","12":"pa_length-13-8582677024-zoll","13":"pa_manufacturer-hansgrohe","14":"pa_model-11150","15":"pa_size-auslaufhoehe-70mm","16":"pa_weight-2-96301280128-pfund","17":"pa_width-7-0078740086-zoll","19":"first","20":"instock","21":"shipping-taxable","22":"purchasable","23":"product-type-simple","24":"customify-col","25":"product-has-gallery"},"yoast_head":"<!-- This site is optimized with the Yoast SEO plugin v27.4 - https:\/\/yoast.com\/product\/yoast-seo-wordpress\/ -->\n<title>hansgrohe Focus Standventil, Auslauf H\u00f6he 70mm, f\u00fcr Kaltwasser, ohne Ablaufgarnitur, Chrom - Markt-XXL<\/title>\n<meta name=\"description\" content=\"Markt-XXL hansgrohe Focus Standventil, Auslauf H\u00f6he 70mm, f\u00fcr Kaltwasser, ohne Ablaufgarnitur, Chrom\" \/>\n<meta name=\"robots\" content=\"index, follow, max-snippet:-1, max-image-preview:large, max-video-preview:-1\" \/>\n<link rel=\"canonical\" href=\"https:\/\/marktxxl.de\/markt\/produkt\/hansgrohe-focus-standventil-auslauf-hoehe-70mm-fuer-kaltwasser-ohne-ablaufgarnitur-chrom\/\" \/>\n<meta property=\"og:locale\" content=\"de_DE\" \/>\n<meta property=\"og:type\" content=\"article\" \/>\n<meta property=\"og:title\" content=\"hansgrohe Focus Standventil, Auslauf H\u00f6he 70mm, f\u00fcr Kaltwasser, ohne Ablaufgarnitur, Chrom - Markt-XXL\" \/>\n<meta property=\"og:description\" content=\"Markt-XXL hansgrohe Focus Standventil, Auslauf H\u00f6he 70mm, f\u00fcr Kaltwasser, ohne Ablaufgarnitur, Chrom\" \/>\n<meta property=\"og:url\" content=\"https:\/\/marktxxl.de\/markt\/produkt\/hansgrohe-focus-standventil-auslauf-hoehe-70mm-fuer-kaltwasser-ohne-ablaufgarnitur-chrom\/\" \/>\n<meta property=\"og:site_name\" content=\"Markt-XXL\" \/>\n<meta property=\"article:modified_time\" content=\"2023-04-10T00:02:16+00:00\" \/>\n<meta property=\"og:image\" content=\"https:\/\/m.media-amazon.com\/images\/I\/41rKqB32xUL._SL500_.jpg\" \/>\n\t<meta property=\"og:image:width\" content=\"500\" \/>\n\t<meta property=\"og:image:height\" content=\"500\" \/>\n\t<meta property=\"og:image:type\" content=\"image\/jpeg\" \/>\n<meta name=\"twitter:card\" content=\"summary_large_image\" \/>\n<meta name=\"twitter:label1\" content=\"Gesch\u00e4tzte Lesezeit\" \/>\n\t<meta name=\"twitter:data1\" content=\"1\u00a0Minute\" \/>\n<script type=\"application\/ld+json\" class=\"yoast-schema-graph\">{\"@context\":\"https:\\\/\\\/schema.org\",\"@graph\":[{\"@type\":\"WebPage\",\"@id\":\"https:\\\/\\\/marktxxl.de\\\/markt\\\/produkt\\\/hansgrohe-focus-standventil-auslauf-hoehe-70mm-fuer-kaltwasser-ohne-ablaufgarnitur-chrom\\\/\",\"url\":\"https:\\\/\\\/marktxxl.de\\\/markt\\\/produkt\\\/hansgrohe-focus-standventil-auslauf-hoehe-70mm-fuer-kaltwasser-ohne-ablaufgarnitur-chrom\\\/\",\"name\":\"hansgrohe Focus Standventil, Auslauf H\u00f6he 70mm, f\u00fcr Kaltwasser, ohne Ablaufgarnitur, Chrom - Markt-XXL\",\"isPartOf\":{\"@id\":\"https:\\\/\\\/marktxxl.de\\\/markt\\\/#website\"},\"primaryImageOfPage\":{\"@id\":\"https:\\\/\\\/marktxxl.de\\\/markt\\\/produkt\\\/hansgrohe-focus-standventil-auslauf-hoehe-70mm-fuer-kaltwasser-ohne-ablaufgarnitur-chrom\\\/#primaryimage\"},\"image\":{\"@id\":\"https:\\\/\\\/marktxxl.de\\\/markt\\\/produkt\\\/hansgrohe-focus-standventil-auslauf-hoehe-70mm-fuer-kaltwasser-ohne-ablaufgarnitur-chrom\\\/#primaryimage\"},\"thumbnailUrl\":\"https:\\\/\\\/m.media-amazon.com\\\/images\\\/I\\\/41rKqB32xUL._SL500_.jpg\",\"datePublished\":\"2021-10-13T00:09:38+00:00\",\"dateModified\":\"2023-04-10T00:02:16+00:00\",\"description\":\"Markt-XXL hansgrohe Focus Standventil, Auslauf H\u00f6he 70mm, f\u00fcr Kaltwasser, ohne Ablaufgarnitur, Chrom\",\"breadcrumb\":{\"@id\":\"https:\\\/\\\/marktxxl.de\\\/markt\\\/produkt\\\/hansgrohe-focus-standventil-auslauf-hoehe-70mm-fuer-kaltwasser-ohne-ablaufgarnitur-chrom\\\/#breadcrumb\"},\"inLanguage\":\"de\",\"potentialAction\":[{\"@type\":\"ReadAction\",\"target\":[\"https:\\\/\\\/marktxxl.de\\\/markt\\\/produkt\\\/hansgrohe-focus-standventil-auslauf-hoehe-70mm-fuer-kaltwasser-ohne-ablaufgarnitur-chrom\\\/\"]}]},{\"@type\":\"ImageObject\",\"inLanguage\":\"de\",\"@id\":\"https:\\\/\\\/marktxxl.de\\\/markt\\\/produkt\\\/hansgrohe-focus-standventil-auslauf-hoehe-70mm-fuer-kaltwasser-ohne-ablaufgarnitur-chrom\\\/#primaryimage\",\"url\":\"https:\\\/\\\/m.media-amazon.com\\\/images\\\/I\\\/41rKqB32xUL._SL500_.jpg\",\"contentUrl\":\"https:\\\/\\\/m.media-amazon.com\\\/images\\\/I\\\/41rKqB32xUL._SL500_.jpg\",\"width\":500,\"height\":500},{\"@type\":\"BreadcrumbList\",\"@id\":\"https:\\\/\\\/marktxxl.de\\\/markt\\\/produkt\\\/hansgrohe-focus-standventil-auslauf-hoehe-70mm-fuer-kaltwasser-ohne-ablaufgarnitur-chrom\\\/#breadcrumb\",\"itemListElement\":[{\"@type\":\"ListItem\",\"position\":1,\"name\":\"Startseite\",\"item\":\"https:\\\/\\\/marktxxl.de\\\/markt\\\/\"},{\"@type\":\"ListItem\",\"position\":2,\"name\":\"Markt\",\"item\":\"https:\\\/\\\/marktxxl.de\\\/markt\\\/\"},{\"@type\":\"ListItem\",\"position\":3,\"name\":\"hansgrohe Focus Standventil, Auslauf H\u00f6he 70mm, f\u00fcr Kaltwasser, ohne Ablaufgarnitur, Chrom\"}]},{\"@type\":\"WebSite\",\"@id\":\"https:\\\/\\\/marktxxl.de\\\/markt\\\/#website\",\"url\":\"https:\\\/\\\/marktxxl.de\\\/markt\\\/\",\"name\":\"Markt-XXL\",\"description\":\"Ihr Markt Online\",\"publisher\":{\"@id\":\"https:\\\/\\\/marktxxl.de\\\/markt\\\/#organization\"},\"potentialAction\":[{\"@type\":\"SearchAction\",\"target\":{\"@type\":\"EntryPoint\",\"urlTemplate\":\"https:\\\/\\\/marktxxl.de\\\/markt\\\/?s={search_term_string}\"},\"query-input\":{\"@type\":\"PropertyValueSpecification\",\"valueRequired\":true,\"valueName\":\"search_term_string\"}}],\"inLanguage\":\"de\"},{\"@type\":\"Organization\",\"@id\":\"https:\\\/\\\/marktxxl.de\\\/markt\\\/#organization\",\"name\":\"Markt-XXL\",\"url\":\"https:\\\/\\\/marktxxl.de\\\/markt\\\/\",\"logo\":{\"@type\":\"ImageObject\",\"inLanguage\":\"de\",\"@id\":\"https:\\\/\\\/marktxxl.de\\\/markt\\\/#\\\/schema\\\/logo\\\/image\\\/\",\"url\":\"https:\\\/\\\/marktxxl.de\\\/markt\\\/wp-content\\\/uploads\\\/sites\\\/3\\\/2020\\\/12\\\/logo.png\",\"contentUrl\":\"https:\\\/\\\/marktxxl.de\\\/markt\\\/wp-content\\\/uploads\\\/sites\\\/3\\\/2020\\\/12\\\/logo.png\",\"width\":200,\"height\":70,\"caption\":\"Markt-XXL\"},\"image\":{\"@id\":\"https:\\\/\\\/marktxxl.de\\\/markt\\\/#\\\/schema\\\/logo\\\/image\\\/\"}}]}<\/script>\n<!-- \/ Yoast SEO plugin. -->","yoast_head_json":{"title":"hansgrohe Focus Standventil, Auslauf H\u00f6he 70mm, f\u00fcr Kaltwasser, ohne Ablaufgarnitur, Chrom - Markt-XXL","description":"Markt-XXL hansgrohe Focus Standventil, Auslauf H\u00f6he 70mm, f\u00fcr Kaltwasser, ohne Ablaufgarnitur, Chrom","robots":{"index":"index","follow":"follow","max-snippet":"max-snippet:-1","max-image-preview":"max-image-preview:large","max-video-preview":"max-video-preview:-1"},"canonical":"https:\/\/marktxxl.de\/markt\/produkt\/hansgrohe-focus-standventil-auslauf-hoehe-70mm-fuer-kaltwasser-ohne-ablaufgarnitur-chrom\/","og_locale":"de_DE","og_type":"article","og_title":"hansgrohe Focus Standventil, Auslauf H\u00f6he 70mm, f\u00fcr Kaltwasser, ohne Ablaufgarnitur, Chrom - Markt-XXL","og_description":"Markt-XXL hansgrohe Focus Standventil, Auslauf H\u00f6he 70mm, f\u00fcr Kaltwasser, ohne Ablaufgarnitur, Chrom","og_url":"https:\/\/marktxxl.de\/markt\/produkt\/hansgrohe-focus-standventil-auslauf-hoehe-70mm-fuer-kaltwasser-ohne-ablaufgarnitur-chrom\/","og_site_name":"Markt-XXL","article_modified_time":"2023-04-10T00:02:16+00:00","og_image":[{"width":500,"height":500,"url":"https:\/\/m.media-amazon.com\/images\/I\/41rKqB32xUL._SL500_.jpg","type":"image\/jpeg"}],"twitter_card":"summary_large_image","twitter_misc":{"Gesch\u00e4tzte Lesezeit":"1\u00a0Minute"},"schema":{"@context":"https:\/\/schema.org","@graph":[{"@type":"WebPage","@id":"https:\/\/marktxxl.de\/markt\/produkt\/hansgrohe-focus-standventil-auslauf-hoehe-70mm-fuer-kaltwasser-ohne-ablaufgarnitur-chrom\/","url":"https:\/\/marktxxl.de\/markt\/produkt\/hansgrohe-focus-standventil-auslauf-hoehe-70mm-fuer-kaltwasser-ohne-ablaufgarnitur-chrom\/","name":"hansgrohe Focus Standventil, Auslauf H\u00f6he 70mm, f\u00fcr Kaltwasser, ohne Ablaufgarnitur, Chrom - Markt-XXL","isPartOf":{"@id":"https:\/\/marktxxl.de\/markt\/#website"},"primaryImageOfPage":{"@id":"https:\/\/marktxxl.de\/markt\/produkt\/hansgrohe-focus-standventil-auslauf-hoehe-70mm-fuer-kaltwasser-ohne-ablaufgarnitur-chrom\/#primaryimage"},"image":{"@id":"https:\/\/marktxxl.de\/markt\/produkt\/hansgrohe-focus-standventil-auslauf-hoehe-70mm-fuer-kaltwasser-ohne-ablaufgarnitur-chrom\/#primaryimage"},"thumbnailUrl":"https:\/\/m.media-amazon.com\/images\/I\/41rKqB32xUL._SL500_.jpg","datePublished":"2021-10-13T00:09:38+00:00","dateModified":"2023-04-10T00:02:16+00:00","description":"Markt-XXL hansgrohe Focus Standventil, Auslauf H\u00f6he 70mm, f\u00fcr Kaltwasser, ohne Ablaufgarnitur, Chrom","breadcrumb":{"@id":"https:\/\/marktxxl.de\/markt\/produkt\/hansgrohe-focus-standventil-auslauf-hoehe-70mm-fuer-kaltwasser-ohne-ablaufgarnitur-chrom\/#breadcrumb"},"inLanguage":"de","potentialAction":[{"@type":"ReadAction","target":["https:\/\/marktxxl.de\/markt\/produkt\/hansgrohe-focus-standventil-auslauf-hoehe-70mm-fuer-kaltwasser-ohne-ablaufgarnitur-chrom\/"]}]},{"@type":"ImageObject","inLanguage":"de","@id":"https:\/\/marktxxl.de\/markt\/produkt\/hansgrohe-focus-standventil-auslauf-hoehe-70mm-fuer-kaltwasser-ohne-ablaufgarnitur-chrom\/#primaryimage","url":"https:\/\/m.media-amazon.com\/images\/I\/41rKqB32xUL._SL500_.jpg","contentUrl":"https:\/\/m.media-amazon.com\/images\/I\/41rKqB32xUL._SL500_.jpg","width":500,"height":500},{"@type":"BreadcrumbList","@id":"https:\/\/marktxxl.de\/markt\/produkt\/hansgrohe-focus-standventil-auslauf-hoehe-70mm-fuer-kaltwasser-ohne-ablaufgarnitur-chrom\/#breadcrumb","itemListElement":[{"@type":"ListItem","position":1,"name":"Startseite","item":"https:\/\/marktxxl.de\/markt\/"},{"@type":"ListItem","position":2,"name":"Markt","item":"https:\/\/marktxxl.de\/markt\/"},{"@type":"ListItem","position":3,"name":"hansgrohe Focus Standventil, Auslauf H\u00f6he 70mm, f\u00fcr Kaltwasser, ohne Ablaufgarnitur, Chrom"}]},{"@type":"WebSite","@id":"https:\/\/marktxxl.de\/markt\/#website","url":"https:\/\/marktxxl.de\/markt\/","name":"Markt-XXL","description":"Ihr Markt Online","publisher":{"@id":"https:\/\/marktxxl.de\/markt\/#organization"},"potentialAction":[{"@type":"SearchAction","target":{"@type":"EntryPoint","urlTemplate":"https:\/\/marktxxl.de\/markt\/?s={search_term_string}"},"query-input":{"@type":"PropertyValueSpecification","valueRequired":true,"valueName":"search_term_string"}}],"inLanguage":"de"},{"@type":"Organization","@id":"https:\/\/marktxxl.de\/markt\/#organization","name":"Markt-XXL","url":"https:\/\/marktxxl.de\/markt\/","logo":{"@type":"ImageObject","inLanguage":"de","@id":"https:\/\/marktxxl.de\/markt\/#\/schema\/logo\/image\/","url":"https:\/\/marktxxl.de\/markt\/wp-content\/uploads\/sites\/3\/2020\/12\/logo.png","contentUrl":"https:\/\/marktxxl.de\/markt\/wp-content\/uploads\/sites\/3\/2020\/12\/logo.png","width":200,"height":70,"caption":"Markt-XXL"},"image":{"@id":"https:\/\/marktxxl.de\/markt\/#\/schema\/logo\/image\/"}}]}},"_links":{"self":[{"href":"https:\/\/marktxxl.de\/markt\/wp-json\/wp\/v2\/product\/51691","targetHints":{"allow":["GET"]}}],"collection":[{"href":"https:\/\/marktxxl.de\/markt\/wp-json\/wp\/v2\/product"}],"about":[{"href":"https:\/\/marktxxl.de\/markt\/wp-json\/wp\/v2\/types\/product"}],"replies":[{"embeddable":true,"href":"https:\/\/marktxxl.de\/markt\/wp-json\/wp\/v2\/comments?post=51691"}],"wp:featuredmedia":[{"embeddable":true,"href":"https:\/\/marktxxl.de\/markt\/wp-json\/wp\/v2\/media\/51692"}],"wp:attachment":[{"href":"https:\/\/marktxxl.de\/markt\/wp-json\/wp\/v2\/media?parent=51691"}],"wp:term":[{"taxonomy":"product_brand","embeddable":true,"href":"https:\/\/marktxxl.de\/markt\/wp-json\/wp\/v2\/product_brand?post=51691"},{"taxonomy":"product_cat","embeddable":true,"href":"https:\/\/marktxxl.de\/markt\/wp-json\/wp\/v2\/product_cat?post=51691"},{"taxonomy":"product_tag","embeddable":true,"href":"https:\/\/marktxxl.de\/markt\/wp-json\/wp\/v2\/product_tag?post=51691"}],"curies":[{"name":"wp","href":"https:\/\/api.w.org\/{rel}","templated":true}]}}