{"id":51651,"date":"2021-10-13T02:09:29","date_gmt":"2021-10-13T00:09:29","guid":{"rendered":"https:\/\/marktxxl.de\/markt\/produkt\/intervisio-kabelbinder\/"},"modified":"2023-04-10T02:02:16","modified_gmt":"2023-04-10T00:02:16","slug":"intervisio-kabelbinder","status":"publish","type":"product","link":"https:\/\/marktxxl.de\/markt\/produkt\/intervisio-kabelbinder\/","title":{"rendered":"intervisio Kabelbinder extra Lang 430mm x 4,8mm, Profi hochwertige Industrie-Qualit\u00e4t, schwarz, 100 St\u00fcck"},"content":{"rendered":"<p>100 St\u00fcck Kabelbinder von intervisio, ma\u00dfe 430 mm x 4,8 mm schwarz, Zugkraft 22 kg, Max. B\u00fcndel-durchmesser 110 mm;<br \/>\nENTDECKEN SIE, WIE SIE IHR LEBEN 100% M\u00dcHELOS IN ORDNUNG BRINGEN K\u00d6NNEN! \u2013 Mit den Premium Zip-Lock Kabelbindern von intervisio k\u00f6nnen Sie endlich sichergehen, dass alle Ihre losen Kabel perfekt organisiert sind, Ihr Zuhause oder B\u00fcro sch\u00f6n aufger\u00e4umt ist und es keine Unf\u00e4lle mehr gibt! Au\u00dferdem enth\u00e4lt unser Set , so dass Sie schnell und einfach maximale Effizienz zu erreichen und Ihren Komfort und Zufriedenheit maximieren;<br \/>\nKABEL. BINDER. KABELBINDER. DAS IST ES! \u2013 Warum weiterhin Stunden verschwenden, in denen Sie mit losen Kabeln und unordentlichen Leitungen herum wuseln, wenn Sie diese doch endlich auf eine einzigartige Art und Weise organisieren k\u00f6nnen? Unser Elite-Set enth\u00e4lt 100 strapazierf\u00e4hige, robuste und super-starke schwarze Kabelbinder. Au\u00dferdem sind sie aus hochwertigem Polyamid 6.6 (PA 66) Schwarz Nylon (UV-best\u00e4ndig) hergestellt, was Temperaturen von -40\u00b0C bis 85\u00b0C standhalten kann;<br \/>\nIHRE ZUFRIEDENHEIT IST UNSERE TOP-PRIORIT\u00c4T! \u2013 Wir hier bei intervisio glauben, dass Sie die haltbarsten, flexibelsten und zuverl\u00e4ssigsten Kabelbinder f\u00fcr Ihre t\u00e4glichen Aufgaben verdienen! Aus diesem Grund bieten wir Ihnen dieses Set von 100 Kabelbindern zum wettbewerbsf\u00e4higsten Preis an! Plus, wenn Sie mit unseren strapazierf\u00e4higen Kabelbindern nicht zufrieden sind, bieten wir zuversichtlich eine 30-Tage, problemfreie, volle Geld-zur\u00fcck-Garantie an!<br \/>\n<div class=\"main-cross-sell\" data-asin=\"B08P8MZJ2H\">\n\n\t<div class=\"WooZone-cross-sell-loader\">\n\t\t<div>\n\t\t\t<div id=\"floatingBarsG\">\n\t\t\t\t<div class=\"blockG\" id=\"rotateG_01\"><\/div>\n\t\t\t\t<div class=\"blockG\" id=\"rotateG_02\"><\/div>\n\t\t\t\t<div class=\"blockG\" id=\"rotateG_03\"><\/div>\n\t\t\t\t<div class=\"blockG\" id=\"rotateG_04\"><\/div>\n\t\t\t\t<div class=\"blockG\" id=\"rotateG_05\"><\/div>\n\t\t\t\t<div class=\"blockG\" id=\"rotateG_06\"><\/div>\n\t\t\t\t<div class=\"blockG\" id=\"rotateG_07\"><\/div>\n\t\t\t\t<div class=\"blockG\" id=\"rotateG_08\"><\/div>\n\t\t\t<\/div>\n\t\t\t<div class=\"WooZone-cross-sell-loader-text\"><\/div>\n\t\t<\/div>\n\t<\/div>\n\n\t\t\n<\/div>\n<div style=\"clear:both;\"><\/div><\/p>\n","protected":false},"excerpt":{"rendered":"<p>100 St\u00fcck Kabelbinder von intervisio, ma\u00dfe 430 mm x 4,8 mm schwarz, Zugkraft 22 kg, Max. B\u00fcndel-durchmesser 110 mm;<br \/>\nENTDECKEN SIE, WIE SIE IHR LEBEN 100% M\u00dcHELOS IN ORDNUNG BRINGEN K\u00d6NNEN! \u2013 Mit den Premium Zip-Lock Kabelbindern von intervisio k\u00f6nnen Sie endlich sichergehen, dass alle Ihre losen Kabel perfekt organisiert sind, Ihr Zuhause oder B\u00fcro sch\u00f6n aufger\u00e4umt ist und es keine Unf\u00e4lle mehr gibt! Au\u00dferdem enth\u00e4lt unser Set , so dass Sie schnell und einfach maximale Effizienz zu erreichen und Ihren Komfort und Zufriedenheit maximieren;<br \/>\nKABEL. BINDER. KABELBINDER. DAS IST ES! \u2013 Warum weiterhin Stunden verschwenden, in denen Sie mit losen Kabeln und unordentlichen Leitungen herum wuseln, wenn Sie diese doch endlich auf eine einzigartige Art und Weise organisieren k\u00f6nnen? Unser Elite-Set enth\u00e4lt 100 strapazierf\u00e4hige, robuste und super-starke schwarze Kabelbinder. Au\u00dferdem sind sie aus hochwertigem Polyamid 6.6 (PA 66) Schwarz Nylon (UV-best\u00e4ndig) hergestellt, was Temperaturen von -40\u00b0C bis 85\u00b0C standhalten kann;<\/p>\n","protected":false},"featured_media":51656,"comment_status":"open","ping_status":"closed","template":"","meta":[],"product_brand":[],"product_cat":[1983,11036],"product_tag":[],"class_list":{"0":"post-51651","1":"product","2":"type-product","3":"status-publish","4":"has-post-thumbnail","6":"product_cat-baumarkt","7":"product_cat-kamine","8":"pa_binding-werkzeug","9":"pa_stil-100-stk-schwarz","10":"pa_stil-100-stk-weiss","11":"pa_stil-200-stk-schwarz","12":"pa_stil-200-stk-weiss","14":"first","15":"instock","16":"shipping-taxable","17":"purchasable","18":"product-type-variable","19":"customify-col","20":"product-has-gallery"},"yoast_head":"<!-- This site is optimized with the Yoast SEO plugin v27.3 - https:\/\/yoast.com\/product\/yoast-seo-wordpress\/ -->\n<title>intervisio Kabelbinder extra Lang 430mm x 4,8mm, Profi hochwertige Industrie-Qualit\u00e4t, schwarz, 100 St\u00fcck - Markt-XXL<\/title>\n<meta name=\"description\" content=\"Markt-XXL intervisio Kabelbinder extra Lang 430mm x 4,8mm, Profi hochwertige Industrie-Qualit\u00e4t, schwarz, 100 St\u00fcck\" \/>\n<meta name=\"robots\" content=\"index, follow, max-snippet:-1, max-image-preview:large, max-video-preview:-1\" \/>\n<link rel=\"canonical\" href=\"https:\/\/marktxxl.de\/markt\/produkt\/intervisio-kabelbinder\/\" \/>\n<meta property=\"og:locale\" content=\"de_DE\" \/>\n<meta property=\"og:type\" content=\"article\" \/>\n<meta property=\"og:title\" content=\"intervisio Kabelbinder extra Lang 430mm x 4,8mm, Profi hochwertige Industrie-Qualit\u00e4t, schwarz, 100 St\u00fcck - Markt-XXL\" \/>\n<meta property=\"og:description\" content=\"Markt-XXL intervisio Kabelbinder extra Lang 430mm x 4,8mm, Profi hochwertige Industrie-Qualit\u00e4t, schwarz, 100 St\u00fcck\" \/>\n<meta property=\"og:url\" content=\"https:\/\/marktxxl.de\/markt\/produkt\/intervisio-kabelbinder\/\" \/>\n<meta property=\"og:site_name\" content=\"Markt-XXL\" \/>\n<meta property=\"article:modified_time\" content=\"2023-04-10T00:02:16+00:00\" \/>\n<meta property=\"og:image\" content=\"https:\/\/m.media-amazon.com\/images\/I\/41HOzgfX67L._SL500_.jpg\" \/>\n\t<meta property=\"og:image:width\" content=\"442\" \/>\n\t<meta property=\"og:image:height\" content=\"500\" \/>\n\t<meta property=\"og:image:type\" content=\"image\/jpeg\" \/>\n<meta name=\"twitter:card\" content=\"summary_large_image\" \/>\n<meta name=\"twitter:label1\" content=\"Gesch\u00e4tzte Lesezeit\" \/>\n\t<meta name=\"twitter:data1\" content=\"1\u00a0Minute\" \/>\n<script type=\"application\/ld+json\" class=\"yoast-schema-graph\">{\"@context\":\"https:\\\/\\\/schema.org\",\"@graph\":[{\"@type\":\"WebPage\",\"@id\":\"https:\\\/\\\/marktxxl.de\\\/markt\\\/produkt\\\/intervisio-kabelbinder\\\/\",\"url\":\"https:\\\/\\\/marktxxl.de\\\/markt\\\/produkt\\\/intervisio-kabelbinder\\\/\",\"name\":\"intervisio Kabelbinder extra Lang 430mm x 4,8mm, Profi hochwertige Industrie-Qualit\u00e4t, schwarz, 100 St\u00fcck - Markt-XXL\",\"isPartOf\":{\"@id\":\"https:\\\/\\\/marktxxl.de\\\/markt\\\/#website\"},\"primaryImageOfPage\":{\"@id\":\"https:\\\/\\\/marktxxl.de\\\/markt\\\/produkt\\\/intervisio-kabelbinder\\\/#primaryimage\"},\"image\":{\"@id\":\"https:\\\/\\\/marktxxl.de\\\/markt\\\/produkt\\\/intervisio-kabelbinder\\\/#primaryimage\"},\"thumbnailUrl\":\"https:\\\/\\\/m.media-amazon.com\\\/images\\\/I\\\/41HOzgfX67L._SL500_.jpg\",\"datePublished\":\"2021-10-13T00:09:29+00:00\",\"dateModified\":\"2023-04-10T00:02:16+00:00\",\"description\":\"Markt-XXL intervisio Kabelbinder extra Lang 430mm x 4,8mm, Profi hochwertige Industrie-Qualit\u00e4t, schwarz, 100 St\u00fcck\",\"breadcrumb\":{\"@id\":\"https:\\\/\\\/marktxxl.de\\\/markt\\\/produkt\\\/intervisio-kabelbinder\\\/#breadcrumb\"},\"inLanguage\":\"de\",\"potentialAction\":[{\"@type\":\"ReadAction\",\"target\":[\"https:\\\/\\\/marktxxl.de\\\/markt\\\/produkt\\\/intervisio-kabelbinder\\\/\"]}]},{\"@type\":\"ImageObject\",\"inLanguage\":\"de\",\"@id\":\"https:\\\/\\\/marktxxl.de\\\/markt\\\/produkt\\\/intervisio-kabelbinder\\\/#primaryimage\",\"url\":\"https:\\\/\\\/m.media-amazon.com\\\/images\\\/I\\\/41HOzgfX67L._SL500_.jpg\",\"contentUrl\":\"https:\\\/\\\/m.media-amazon.com\\\/images\\\/I\\\/41HOzgfX67L._SL500_.jpg\",\"width\":442,\"height\":500},{\"@type\":\"BreadcrumbList\",\"@id\":\"https:\\\/\\\/marktxxl.de\\\/markt\\\/produkt\\\/intervisio-kabelbinder\\\/#breadcrumb\",\"itemListElement\":[{\"@type\":\"ListItem\",\"position\":1,\"name\":\"Startseite\",\"item\":\"https:\\\/\\\/marktxxl.de\\\/markt\\\/\"},{\"@type\":\"ListItem\",\"position\":2,\"name\":\"Markt\",\"item\":\"https:\\\/\\\/marktxxl.de\\\/markt\\\/\"},{\"@type\":\"ListItem\",\"position\":3,\"name\":\"intervisio Kabelbinder extra Lang 430mm x 4,8mm, Profi hochwertige Industrie-Qualit\u00e4t, schwarz, 100 St\u00fcck\"}]},{\"@type\":\"WebSite\",\"@id\":\"https:\\\/\\\/marktxxl.de\\\/markt\\\/#website\",\"url\":\"https:\\\/\\\/marktxxl.de\\\/markt\\\/\",\"name\":\"Markt-XXL\",\"description\":\"Ihr Markt Online\",\"publisher\":{\"@id\":\"https:\\\/\\\/marktxxl.de\\\/markt\\\/#organization\"},\"potentialAction\":[{\"@type\":\"SearchAction\",\"target\":{\"@type\":\"EntryPoint\",\"urlTemplate\":\"https:\\\/\\\/marktxxl.de\\\/markt\\\/?s={search_term_string}\"},\"query-input\":{\"@type\":\"PropertyValueSpecification\",\"valueRequired\":true,\"valueName\":\"search_term_string\"}}],\"inLanguage\":\"de\"},{\"@type\":\"Organization\",\"@id\":\"https:\\\/\\\/marktxxl.de\\\/markt\\\/#organization\",\"name\":\"Markt-XXL\",\"url\":\"https:\\\/\\\/marktxxl.de\\\/markt\\\/\",\"logo\":{\"@type\":\"ImageObject\",\"inLanguage\":\"de\",\"@id\":\"https:\\\/\\\/marktxxl.de\\\/markt\\\/#\\\/schema\\\/logo\\\/image\\\/\",\"url\":\"https:\\\/\\\/marktxxl.de\\\/markt\\\/wp-content\\\/uploads\\\/sites\\\/3\\\/2020\\\/12\\\/logo.png\",\"contentUrl\":\"https:\\\/\\\/marktxxl.de\\\/markt\\\/wp-content\\\/uploads\\\/sites\\\/3\\\/2020\\\/12\\\/logo.png\",\"width\":200,\"height\":70,\"caption\":\"Markt-XXL\"},\"image\":{\"@id\":\"https:\\\/\\\/marktxxl.de\\\/markt\\\/#\\\/schema\\\/logo\\\/image\\\/\"}}]}<\/script>\n<!-- \/ Yoast SEO plugin. -->","yoast_head_json":{"title":"intervisio Kabelbinder extra Lang 430mm x 4,8mm, Profi hochwertige Industrie-Qualit\u00e4t, schwarz, 100 St\u00fcck - Markt-XXL","description":"Markt-XXL intervisio Kabelbinder extra Lang 430mm x 4,8mm, Profi hochwertige Industrie-Qualit\u00e4t, schwarz, 100 St\u00fcck","robots":{"index":"index","follow":"follow","max-snippet":"max-snippet:-1","max-image-preview":"max-image-preview:large","max-video-preview":"max-video-preview:-1"},"canonical":"https:\/\/marktxxl.de\/markt\/produkt\/intervisio-kabelbinder\/","og_locale":"de_DE","og_type":"article","og_title":"intervisio Kabelbinder extra Lang 430mm x 4,8mm, Profi hochwertige Industrie-Qualit\u00e4t, schwarz, 100 St\u00fcck - Markt-XXL","og_description":"Markt-XXL intervisio Kabelbinder extra Lang 430mm x 4,8mm, Profi hochwertige Industrie-Qualit\u00e4t, schwarz, 100 St\u00fcck","og_url":"https:\/\/marktxxl.de\/markt\/produkt\/intervisio-kabelbinder\/","og_site_name":"Markt-XXL","article_modified_time":"2023-04-10T00:02:16+00:00","og_image":[{"width":442,"height":500,"url":"https:\/\/m.media-amazon.com\/images\/I\/41HOzgfX67L._SL500_.jpg","type":"image\/jpeg"}],"twitter_card":"summary_large_image","twitter_misc":{"Gesch\u00e4tzte Lesezeit":"1\u00a0Minute"},"schema":{"@context":"https:\/\/schema.org","@graph":[{"@type":"WebPage","@id":"https:\/\/marktxxl.de\/markt\/produkt\/intervisio-kabelbinder\/","url":"https:\/\/marktxxl.de\/markt\/produkt\/intervisio-kabelbinder\/","name":"intervisio Kabelbinder extra Lang 430mm x 4,8mm, Profi hochwertige Industrie-Qualit\u00e4t, schwarz, 100 St\u00fcck - Markt-XXL","isPartOf":{"@id":"https:\/\/marktxxl.de\/markt\/#website"},"primaryImageOfPage":{"@id":"https:\/\/marktxxl.de\/markt\/produkt\/intervisio-kabelbinder\/#primaryimage"},"image":{"@id":"https:\/\/marktxxl.de\/markt\/produkt\/intervisio-kabelbinder\/#primaryimage"},"thumbnailUrl":"https:\/\/m.media-amazon.com\/images\/I\/41HOzgfX67L._SL500_.jpg","datePublished":"2021-10-13T00:09:29+00:00","dateModified":"2023-04-10T00:02:16+00:00","description":"Markt-XXL intervisio Kabelbinder extra Lang 430mm x 4,8mm, Profi hochwertige Industrie-Qualit\u00e4t, schwarz, 100 St\u00fcck","breadcrumb":{"@id":"https:\/\/marktxxl.de\/markt\/produkt\/intervisio-kabelbinder\/#breadcrumb"},"inLanguage":"de","potentialAction":[{"@type":"ReadAction","target":["https:\/\/marktxxl.de\/markt\/produkt\/intervisio-kabelbinder\/"]}]},{"@type":"ImageObject","inLanguage":"de","@id":"https:\/\/marktxxl.de\/markt\/produkt\/intervisio-kabelbinder\/#primaryimage","url":"https:\/\/m.media-amazon.com\/images\/I\/41HOzgfX67L._SL500_.jpg","contentUrl":"https:\/\/m.media-amazon.com\/images\/I\/41HOzgfX67L._SL500_.jpg","width":442,"height":500},{"@type":"BreadcrumbList","@id":"https:\/\/marktxxl.de\/markt\/produkt\/intervisio-kabelbinder\/#breadcrumb","itemListElement":[{"@type":"ListItem","position":1,"name":"Startseite","item":"https:\/\/marktxxl.de\/markt\/"},{"@type":"ListItem","position":2,"name":"Markt","item":"https:\/\/marktxxl.de\/markt\/"},{"@type":"ListItem","position":3,"name":"intervisio Kabelbinder extra Lang 430mm x 4,8mm, Profi hochwertige Industrie-Qualit\u00e4t, schwarz, 100 St\u00fcck"}]},{"@type":"WebSite","@id":"https:\/\/marktxxl.de\/markt\/#website","url":"https:\/\/marktxxl.de\/markt\/","name":"Markt-XXL","description":"Ihr Markt Online","publisher":{"@id":"https:\/\/marktxxl.de\/markt\/#organization"},"potentialAction":[{"@type":"SearchAction","target":{"@type":"EntryPoint","urlTemplate":"https:\/\/marktxxl.de\/markt\/?s={search_term_string}"},"query-input":{"@type":"PropertyValueSpecification","valueRequired":true,"valueName":"search_term_string"}}],"inLanguage":"de"},{"@type":"Organization","@id":"https:\/\/marktxxl.de\/markt\/#organization","name":"Markt-XXL","url":"https:\/\/marktxxl.de\/markt\/","logo":{"@type":"ImageObject","inLanguage":"de","@id":"https:\/\/marktxxl.de\/markt\/#\/schema\/logo\/image\/","url":"https:\/\/marktxxl.de\/markt\/wp-content\/uploads\/sites\/3\/2020\/12\/logo.png","contentUrl":"https:\/\/marktxxl.de\/markt\/wp-content\/uploads\/sites\/3\/2020\/12\/logo.png","width":200,"height":70,"caption":"Markt-XXL"},"image":{"@id":"https:\/\/marktxxl.de\/markt\/#\/schema\/logo\/image\/"}}]}},"_links":{"self":[{"href":"https:\/\/marktxxl.de\/markt\/wp-json\/wp\/v2\/product\/51651","targetHints":{"allow":["GET"]}}],"collection":[{"href":"https:\/\/marktxxl.de\/markt\/wp-json\/wp\/v2\/product"}],"about":[{"href":"https:\/\/marktxxl.de\/markt\/wp-json\/wp\/v2\/types\/product"}],"replies":[{"embeddable":true,"href":"https:\/\/marktxxl.de\/markt\/wp-json\/wp\/v2\/comments?post=51651"}],"wp:featuredmedia":[{"embeddable":true,"href":"https:\/\/marktxxl.de\/markt\/wp-json\/wp\/v2\/media\/51656"}],"wp:attachment":[{"href":"https:\/\/marktxxl.de\/markt\/wp-json\/wp\/v2\/media?parent=51651"}],"wp:term":[{"taxonomy":"product_brand","embeddable":true,"href":"https:\/\/marktxxl.de\/markt\/wp-json\/wp\/v2\/product_brand?post=51651"},{"taxonomy":"product_cat","embeddable":true,"href":"https:\/\/marktxxl.de\/markt\/wp-json\/wp\/v2\/product_cat?post=51651"},{"taxonomy":"product_tag","embeddable":true,"href":"https:\/\/marktxxl.de\/markt\/wp-json\/wp\/v2\/product_tag?post=51651"}],"curies":[{"name":"wp","href":"https:\/\/api.w.org\/{rel}","templated":true}]}}