{"id":51637,"date":"2021-10-13T02:09:26","date_gmt":"2021-10-13T00:09:26","guid":{"rendered":"https:\/\/marktxxl.de\/markt\/produkt\/holzkorb-mit-kaminbesteck-korb-besteck-kaminzubehoer-schwarz-edelstahl-8785\/"},"modified":"2023-04-10T02:02:15","modified_gmt":"2023-04-10T00:02:15","slug":"holzkorb-mit-kaminbesteck-korb-besteck-kaminzubehoer-schwarz-edelstahl-8785","status":"publish","type":"product","link":"https:\/\/marktxxl.de\/markt\/produkt\/holzkorb-mit-kaminbesteck-korb-besteck-kaminzubehoer-schwarz-edelstahl-8785\/","title":{"rendered":"Holzkorb mit Kaminbesteck Korb Besteck Kaminzubeh\u00f6r schwarz Edelstahl 8785"},"content":{"rendered":"<p>4IN1 &#8211; Das Set enth\u00e4lt alle Elemente, die f\u00fcr den Betrieb von Kaminen und anderen Arten von Kaminen notwendig sind; B\u00fcrste, Schaufel, Zange und Kaminsch\u00fcrhaken, so dass das Set ein breites Anwendungsspektrum hat und den Erwartungen aller gerecht wird.<br \/>\nGRO\u00df- Das Regal besteht aus zwei Ebenen, eine der Regale &#8211; die obere, besteht aus 4 Stangen, auf denen wir Holz lagern k\u00f6nnen, w\u00e4hrend die untere keine L\u00f6cher hat; wir k\u00f6nnen kleine Accessoires wie Feueranz\u00fcnder, Streichh\u00f6lzer, Feuerzeuge, etc. aufbewahren.<br \/>\nSPEZIFIKATIONEN &#8211; Material: Stahl\/ maximale Belastung: 30kg\/ Ma\u00dfe (L\u00e4nge\/Breite\/H\u00f6he): 30\/40\/73cm\/ Gewicht: 7,80 kg<br \/>\nEDELSTAHL &#8211; Jedes der Accessoires ist aus Edelstahl gefertigt, was ihnen einen klassischen, rohen Look verleiht. Die Oberfl\u00e4che sorgt f\u00fcr ein mattes Finish ohne sichtbare Kratzer.<br \/>\nEINFACHE MONATGE &#8211; Das Set enth\u00e4lt alle Elemente, die ben\u00f6tigt werden um es aufzubauen und es erfordert keine fortgeschrittenen Kenntnisse und technischen F\u00e4higkeiten. Die Montage dauert nur wenige Minuten. Das Set kann sowohl im Innen- als auch im Au\u00dfenbereich gelagert werden.<br \/>\n<div class=\"main-cross-sell\" data-asin=\"B07XC25DPS\">\n\n\t<div class=\"WooZone-cross-sell-loader\">\n\t\t<div>\n\t\t\t<div id=\"floatingBarsG\">\n\t\t\t\t<div class=\"blockG\" id=\"rotateG_01\"><\/div>\n\t\t\t\t<div class=\"blockG\" id=\"rotateG_02\"><\/div>\n\t\t\t\t<div class=\"blockG\" id=\"rotateG_03\"><\/div>\n\t\t\t\t<div class=\"blockG\" id=\"rotateG_04\"><\/div>\n\t\t\t\t<div class=\"blockG\" id=\"rotateG_05\"><\/div>\n\t\t\t\t<div class=\"blockG\" id=\"rotateG_06\"><\/div>\n\t\t\t\t<div class=\"blockG\" id=\"rotateG_07\"><\/div>\n\t\t\t\t<div class=\"blockG\" id=\"rotateG_08\"><\/div>\n\t\t\t<\/div>\n\t\t\t<div class=\"WooZone-cross-sell-loader-text\"><\/div>\n\t\t<\/div>\n\t<\/div>\n\n\t\t\n<\/div>\n<div style=\"clear:both;\"><\/div><\/p>\n","protected":false},"excerpt":{"rendered":"<p>4IN1 &#8211; Das Set enth\u00e4lt alle Elemente, die f\u00fcr den Betrieb von Kaminen und anderen Arten von Kaminen notwendig sind; B\u00fcrste, Schaufel, Zange und Kaminsch\u00fcrhaken, so dass das Set ein breites Anwendungsspektrum hat und den Erwartungen aller gerecht wird.<br \/>\nGRO\u00df- Das Regal besteht aus zwei Ebenen, eine der Regale &#8211; die obere, besteht aus 4 Stangen, auf denen wir Holz lagern k\u00f6nnen, w\u00e4hrend die untere keine L\u00f6cher hat; wir k\u00f6nnen kleine Accessoires wie Feueranz\u00fcnder, Streichh\u00f6lzer, Feuerzeuge, etc. aufbewahren.<br \/>\nSPEZIFIKATIONEN &#8211; Material: Stahl\/ maximale Belastung: 30kg\/ Ma\u00dfe (L\u00e4nge\/Breite\/H\u00f6he): 30\/40\/73cm\/ Gewicht: 7,80 kg<\/p>\n","protected":false},"featured_media":51638,"comment_status":"open","ping_status":"closed","template":"","meta":[],"product_brand":[],"product_cat":[1983,11036],"product_tag":[],"class_list":{"0":"post-51637","1":"product","2":"type-product","3":"status-publish","4":"has-post-thumbnail","6":"product_cat-baumarkt","7":"product_cat-kamine","8":"pa_binding-haushaltswaren","9":"pa_brand-kaminer","10":"pa_manufacturer-kaminer","12":"first","13":"instock","14":"shipping-taxable","15":"purchasable","16":"product-type-simple","17":"customify-col","18":"product-has-gallery"},"yoast_head":"<!-- This site is optimized with the Yoast SEO plugin v27.4 - https:\/\/yoast.com\/product\/yoast-seo-wordpress\/ -->\n<title>Holzkorb mit Kaminbesteck Korb Besteck Kaminzubeh\u00f6r schwarz Edelstahl 8785 - Markt-XXL<\/title>\n<meta name=\"description\" content=\"Markt-XXL Holzkorb mit Kaminbesteck Korb Besteck Kaminzubeh\u00f6r schwarz Edelstahl 8785\" \/>\n<meta name=\"robots\" content=\"index, follow, max-snippet:-1, max-image-preview:large, max-video-preview:-1\" \/>\n<link rel=\"canonical\" href=\"https:\/\/marktxxl.de\/markt\/produkt\/holzkorb-mit-kaminbesteck-korb-besteck-kaminzubehoer-schwarz-edelstahl-8785\/\" \/>\n<meta property=\"og:locale\" content=\"de_DE\" \/>\n<meta property=\"og:type\" content=\"article\" \/>\n<meta property=\"og:title\" content=\"Holzkorb mit Kaminbesteck Korb Besteck Kaminzubeh\u00f6r schwarz Edelstahl 8785 - Markt-XXL\" \/>\n<meta property=\"og:description\" content=\"Markt-XXL Holzkorb mit Kaminbesteck Korb Besteck Kaminzubeh\u00f6r schwarz Edelstahl 8785\" \/>\n<meta property=\"og:url\" content=\"https:\/\/marktxxl.de\/markt\/produkt\/holzkorb-mit-kaminbesteck-korb-besteck-kaminzubehoer-schwarz-edelstahl-8785\/\" \/>\n<meta property=\"og:site_name\" content=\"Markt-XXL\" \/>\n<meta property=\"article:modified_time\" content=\"2023-04-10T00:02:15+00:00\" \/>\n<meta property=\"og:image\" content=\"https:\/\/m.media-amazon.com\/images\/I\/41M50F5aBPL._SL500_.jpg\" \/>\n\t<meta property=\"og:image:width\" content=\"500\" \/>\n\t<meta property=\"og:image:height\" content=\"375\" \/>\n\t<meta property=\"og:image:type\" content=\"image\/jpeg\" \/>\n<meta name=\"twitter:card\" content=\"summary_large_image\" \/>\n<meta name=\"twitter:label1\" content=\"Gesch\u00e4tzte Lesezeit\" \/>\n\t<meta name=\"twitter:data1\" content=\"1\u00a0Minute\" \/>\n<script type=\"application\/ld+json\" class=\"yoast-schema-graph\">{\"@context\":\"https:\\\/\\\/schema.org\",\"@graph\":[{\"@type\":\"WebPage\",\"@id\":\"https:\\\/\\\/marktxxl.de\\\/markt\\\/produkt\\\/holzkorb-mit-kaminbesteck-korb-besteck-kaminzubehoer-schwarz-edelstahl-8785\\\/\",\"url\":\"https:\\\/\\\/marktxxl.de\\\/markt\\\/produkt\\\/holzkorb-mit-kaminbesteck-korb-besteck-kaminzubehoer-schwarz-edelstahl-8785\\\/\",\"name\":\"Holzkorb mit Kaminbesteck Korb Besteck Kaminzubeh\u00f6r schwarz Edelstahl 8785 - Markt-XXL\",\"isPartOf\":{\"@id\":\"https:\\\/\\\/marktxxl.de\\\/markt\\\/#website\"},\"primaryImageOfPage\":{\"@id\":\"https:\\\/\\\/marktxxl.de\\\/markt\\\/produkt\\\/holzkorb-mit-kaminbesteck-korb-besteck-kaminzubehoer-schwarz-edelstahl-8785\\\/#primaryimage\"},\"image\":{\"@id\":\"https:\\\/\\\/marktxxl.de\\\/markt\\\/produkt\\\/holzkorb-mit-kaminbesteck-korb-besteck-kaminzubehoer-schwarz-edelstahl-8785\\\/#primaryimage\"},\"thumbnailUrl\":\"https:\\\/\\\/m.media-amazon.com\\\/images\\\/I\\\/41M50F5aBPL._SL500_.jpg\",\"datePublished\":\"2021-10-13T00:09:26+00:00\",\"dateModified\":\"2023-04-10T00:02:15+00:00\",\"description\":\"Markt-XXL Holzkorb mit Kaminbesteck Korb Besteck Kaminzubeh\u00f6r schwarz Edelstahl 8785\",\"breadcrumb\":{\"@id\":\"https:\\\/\\\/marktxxl.de\\\/markt\\\/produkt\\\/holzkorb-mit-kaminbesteck-korb-besteck-kaminzubehoer-schwarz-edelstahl-8785\\\/#breadcrumb\"},\"inLanguage\":\"de\",\"potentialAction\":[{\"@type\":\"ReadAction\",\"target\":[\"https:\\\/\\\/marktxxl.de\\\/markt\\\/produkt\\\/holzkorb-mit-kaminbesteck-korb-besteck-kaminzubehoer-schwarz-edelstahl-8785\\\/\"]}]},{\"@type\":\"ImageObject\",\"inLanguage\":\"de\",\"@id\":\"https:\\\/\\\/marktxxl.de\\\/markt\\\/produkt\\\/holzkorb-mit-kaminbesteck-korb-besteck-kaminzubehoer-schwarz-edelstahl-8785\\\/#primaryimage\",\"url\":\"https:\\\/\\\/m.media-amazon.com\\\/images\\\/I\\\/41M50F5aBPL._SL500_.jpg\",\"contentUrl\":\"https:\\\/\\\/m.media-amazon.com\\\/images\\\/I\\\/41M50F5aBPL._SL500_.jpg\",\"width\":500,\"height\":375},{\"@type\":\"BreadcrumbList\",\"@id\":\"https:\\\/\\\/marktxxl.de\\\/markt\\\/produkt\\\/holzkorb-mit-kaminbesteck-korb-besteck-kaminzubehoer-schwarz-edelstahl-8785\\\/#breadcrumb\",\"itemListElement\":[{\"@type\":\"ListItem\",\"position\":1,\"name\":\"Startseite\",\"item\":\"https:\\\/\\\/marktxxl.de\\\/markt\\\/\"},{\"@type\":\"ListItem\",\"position\":2,\"name\":\"Markt\",\"item\":\"https:\\\/\\\/marktxxl.de\\\/markt\\\/\"},{\"@type\":\"ListItem\",\"position\":3,\"name\":\"Holzkorb mit Kaminbesteck Korb Besteck Kaminzubeh\u00f6r schwarz Edelstahl 8785\"}]},{\"@type\":\"WebSite\",\"@id\":\"https:\\\/\\\/marktxxl.de\\\/markt\\\/#website\",\"url\":\"https:\\\/\\\/marktxxl.de\\\/markt\\\/\",\"name\":\"Markt-XXL\",\"description\":\"Ihr Markt Online\",\"publisher\":{\"@id\":\"https:\\\/\\\/marktxxl.de\\\/markt\\\/#organization\"},\"potentialAction\":[{\"@type\":\"SearchAction\",\"target\":{\"@type\":\"EntryPoint\",\"urlTemplate\":\"https:\\\/\\\/marktxxl.de\\\/markt\\\/?s={search_term_string}\"},\"query-input\":{\"@type\":\"PropertyValueSpecification\",\"valueRequired\":true,\"valueName\":\"search_term_string\"}}],\"inLanguage\":\"de\"},{\"@type\":\"Organization\",\"@id\":\"https:\\\/\\\/marktxxl.de\\\/markt\\\/#organization\",\"name\":\"Markt-XXL\",\"url\":\"https:\\\/\\\/marktxxl.de\\\/markt\\\/\",\"logo\":{\"@type\":\"ImageObject\",\"inLanguage\":\"de\",\"@id\":\"https:\\\/\\\/marktxxl.de\\\/markt\\\/#\\\/schema\\\/logo\\\/image\\\/\",\"url\":\"https:\\\/\\\/marktxxl.de\\\/markt\\\/wp-content\\\/uploads\\\/sites\\\/3\\\/2020\\\/12\\\/logo.png\",\"contentUrl\":\"https:\\\/\\\/marktxxl.de\\\/markt\\\/wp-content\\\/uploads\\\/sites\\\/3\\\/2020\\\/12\\\/logo.png\",\"width\":200,\"height\":70,\"caption\":\"Markt-XXL\"},\"image\":{\"@id\":\"https:\\\/\\\/marktxxl.de\\\/markt\\\/#\\\/schema\\\/logo\\\/image\\\/\"}}]}<\/script>\n<!-- \/ Yoast SEO plugin. -->","yoast_head_json":{"title":"Holzkorb mit Kaminbesteck Korb Besteck Kaminzubeh\u00f6r schwarz Edelstahl 8785 - Markt-XXL","description":"Markt-XXL Holzkorb mit Kaminbesteck Korb Besteck Kaminzubeh\u00f6r schwarz Edelstahl 8785","robots":{"index":"index","follow":"follow","max-snippet":"max-snippet:-1","max-image-preview":"max-image-preview:large","max-video-preview":"max-video-preview:-1"},"canonical":"https:\/\/marktxxl.de\/markt\/produkt\/holzkorb-mit-kaminbesteck-korb-besteck-kaminzubehoer-schwarz-edelstahl-8785\/","og_locale":"de_DE","og_type":"article","og_title":"Holzkorb mit Kaminbesteck Korb Besteck Kaminzubeh\u00f6r schwarz Edelstahl 8785 - Markt-XXL","og_description":"Markt-XXL Holzkorb mit Kaminbesteck Korb Besteck Kaminzubeh\u00f6r schwarz Edelstahl 8785","og_url":"https:\/\/marktxxl.de\/markt\/produkt\/holzkorb-mit-kaminbesteck-korb-besteck-kaminzubehoer-schwarz-edelstahl-8785\/","og_site_name":"Markt-XXL","article_modified_time":"2023-04-10T00:02:15+00:00","og_image":[{"width":500,"height":375,"url":"https:\/\/m.media-amazon.com\/images\/I\/41M50F5aBPL._SL500_.jpg","type":"image\/jpeg"}],"twitter_card":"summary_large_image","twitter_misc":{"Gesch\u00e4tzte Lesezeit":"1\u00a0Minute"},"schema":{"@context":"https:\/\/schema.org","@graph":[{"@type":"WebPage","@id":"https:\/\/marktxxl.de\/markt\/produkt\/holzkorb-mit-kaminbesteck-korb-besteck-kaminzubehoer-schwarz-edelstahl-8785\/","url":"https:\/\/marktxxl.de\/markt\/produkt\/holzkorb-mit-kaminbesteck-korb-besteck-kaminzubehoer-schwarz-edelstahl-8785\/","name":"Holzkorb mit Kaminbesteck Korb Besteck Kaminzubeh\u00f6r schwarz Edelstahl 8785 - Markt-XXL","isPartOf":{"@id":"https:\/\/marktxxl.de\/markt\/#website"},"primaryImageOfPage":{"@id":"https:\/\/marktxxl.de\/markt\/produkt\/holzkorb-mit-kaminbesteck-korb-besteck-kaminzubehoer-schwarz-edelstahl-8785\/#primaryimage"},"image":{"@id":"https:\/\/marktxxl.de\/markt\/produkt\/holzkorb-mit-kaminbesteck-korb-besteck-kaminzubehoer-schwarz-edelstahl-8785\/#primaryimage"},"thumbnailUrl":"https:\/\/m.media-amazon.com\/images\/I\/41M50F5aBPL._SL500_.jpg","datePublished":"2021-10-13T00:09:26+00:00","dateModified":"2023-04-10T00:02:15+00:00","description":"Markt-XXL Holzkorb mit Kaminbesteck Korb Besteck Kaminzubeh\u00f6r schwarz Edelstahl 8785","breadcrumb":{"@id":"https:\/\/marktxxl.de\/markt\/produkt\/holzkorb-mit-kaminbesteck-korb-besteck-kaminzubehoer-schwarz-edelstahl-8785\/#breadcrumb"},"inLanguage":"de","potentialAction":[{"@type":"ReadAction","target":["https:\/\/marktxxl.de\/markt\/produkt\/holzkorb-mit-kaminbesteck-korb-besteck-kaminzubehoer-schwarz-edelstahl-8785\/"]}]},{"@type":"ImageObject","inLanguage":"de","@id":"https:\/\/marktxxl.de\/markt\/produkt\/holzkorb-mit-kaminbesteck-korb-besteck-kaminzubehoer-schwarz-edelstahl-8785\/#primaryimage","url":"https:\/\/m.media-amazon.com\/images\/I\/41M50F5aBPL._SL500_.jpg","contentUrl":"https:\/\/m.media-amazon.com\/images\/I\/41M50F5aBPL._SL500_.jpg","width":500,"height":375},{"@type":"BreadcrumbList","@id":"https:\/\/marktxxl.de\/markt\/produkt\/holzkorb-mit-kaminbesteck-korb-besteck-kaminzubehoer-schwarz-edelstahl-8785\/#breadcrumb","itemListElement":[{"@type":"ListItem","position":1,"name":"Startseite","item":"https:\/\/marktxxl.de\/markt\/"},{"@type":"ListItem","position":2,"name":"Markt","item":"https:\/\/marktxxl.de\/markt\/"},{"@type":"ListItem","position":3,"name":"Holzkorb mit Kaminbesteck Korb Besteck Kaminzubeh\u00f6r schwarz Edelstahl 8785"}]},{"@type":"WebSite","@id":"https:\/\/marktxxl.de\/markt\/#website","url":"https:\/\/marktxxl.de\/markt\/","name":"Markt-XXL","description":"Ihr Markt Online","publisher":{"@id":"https:\/\/marktxxl.de\/markt\/#organization"},"potentialAction":[{"@type":"SearchAction","target":{"@type":"EntryPoint","urlTemplate":"https:\/\/marktxxl.de\/markt\/?s={search_term_string}"},"query-input":{"@type":"PropertyValueSpecification","valueRequired":true,"valueName":"search_term_string"}}],"inLanguage":"de"},{"@type":"Organization","@id":"https:\/\/marktxxl.de\/markt\/#organization","name":"Markt-XXL","url":"https:\/\/marktxxl.de\/markt\/","logo":{"@type":"ImageObject","inLanguage":"de","@id":"https:\/\/marktxxl.de\/markt\/#\/schema\/logo\/image\/","url":"https:\/\/marktxxl.de\/markt\/wp-content\/uploads\/sites\/3\/2020\/12\/logo.png","contentUrl":"https:\/\/marktxxl.de\/markt\/wp-content\/uploads\/sites\/3\/2020\/12\/logo.png","width":200,"height":70,"caption":"Markt-XXL"},"image":{"@id":"https:\/\/marktxxl.de\/markt\/#\/schema\/logo\/image\/"}}]}},"_links":{"self":[{"href":"https:\/\/marktxxl.de\/markt\/wp-json\/wp\/v2\/product\/51637","targetHints":{"allow":["GET"]}}],"collection":[{"href":"https:\/\/marktxxl.de\/markt\/wp-json\/wp\/v2\/product"}],"about":[{"href":"https:\/\/marktxxl.de\/markt\/wp-json\/wp\/v2\/types\/product"}],"replies":[{"embeddable":true,"href":"https:\/\/marktxxl.de\/markt\/wp-json\/wp\/v2\/comments?post=51637"}],"wp:featuredmedia":[{"embeddable":true,"href":"https:\/\/marktxxl.de\/markt\/wp-json\/wp\/v2\/media\/51638"}],"wp:attachment":[{"href":"https:\/\/marktxxl.de\/markt\/wp-json\/wp\/v2\/media?parent=51637"}],"wp:term":[{"taxonomy":"product_brand","embeddable":true,"href":"https:\/\/marktxxl.de\/markt\/wp-json\/wp\/v2\/product_brand?post=51637"},{"taxonomy":"product_cat","embeddable":true,"href":"https:\/\/marktxxl.de\/markt\/wp-json\/wp\/v2\/product_cat?post=51637"},{"taxonomy":"product_tag","embeddable":true,"href":"https:\/\/marktxxl.de\/markt\/wp-json\/wp\/v2\/product_tag?post=51637"}],"curies":[{"name":"wp","href":"https:\/\/api.w.org\/{rel}","templated":true}]}}