{"id":51587,"date":"2021-10-13T02:06:29","date_gmt":"2021-10-13T00:06:29","guid":{"rendered":"https:\/\/marktxxl.de\/markt\/produkt\/haploon-10-stueck-feuerrohr-edelstahl-teleskop-getriebe-feuerbalg-feuergeblaese-rohr-baut-lagerfeuer-werkzeug-fuer-camping-reisen-kamin\/"},"modified":"2023-04-10T02:02:15","modified_gmt":"2023-04-10T00:02:15","slug":"haploon-10-stueck-feuerrohr-edelstahl-teleskop-getriebe-feuerbalg-feuergeblaese-rohr-baut-lagerfeuer-werkzeug-fuer-camping-reisen-kamin","status":"publish","type":"product","link":"https:\/\/marktxxl.de\/markt\/produkt\/haploon-10-stueck-feuerrohr-edelstahl-teleskop-getriebe-feuerbalg-feuergeblaese-rohr-baut-lagerfeuer-werkzeug-fuer-camping-reisen-kamin\/","title":{"rendered":"Haploon 10 St\u00fcck Feuerrohr, Edelstahl Teleskop Getriebe Feuerbalg, Feuergebl\u00e4se Rohr baut Lagerfeuer Werkzeug f\u00fcr\u2026"},"content":{"rendered":"<p>Ma\u00dfe: Das einziehbare Feuer-Blasrohr ist ca. 9,6 cm, die Dehnungsgr\u00f6\u00dfe betr\u00e4gt ca. 48,5 cm, und der Rohrdurchmesser betr\u00e4gt 1,2 cm. Der ausziehbare Feuerwehrschlauch kann das Gesicht vor Verbrennungen sch\u00fctzen. Pilotwerkzeug<br \/>\nMaterial: Dieser feuerfeste Faltenbalg ist aus Edelstahl gefertigt und faltbar. Sie sind langlebig, leicht und k\u00f6nnen f\u00fcr einfachen Transport und Lagerung in Taschen gefaltet werden.<br \/>\nSchie\u00dfen: Das Flammenbr\u00fcllwerkzeug hilft Ihnen, bei jedem Wetter von Rauch fernzuhalten und hilft Ihnen, Sauerstoff in die Mitte der Flamme zu bringen. Sch\u00fctzt Gesicht, H\u00e4nde und Haare vor Verbrennungen.<br \/>\nEigenschaften: Es gibt 10 Edelstahl-Zahnrad-Typ feuerfeste Blasebalge im Set, die bequem zu tragen und einfach zu bedienen ist. Nasses oder trockenes Brennholz kann verwendet werden, um in wenigen Minuten zu feuern und von Rauch fernzuhalten, und kann effektiv Sauerstoff an die Feuerquelle versorgen.<br \/>\n\u3010Anwendungen\u3011Dieser einziehbare Feuerschlauch eignet sich f\u00fcr Notsituationen wie Tourismus, Abenteuer, Camping, Wandern, Jagen, Angeln usw. Es kann auch als Strohhalm im Leben verwendet werden.<br \/>\n<div class=\"main-cross-sell\" data-asin=\"B08393HS7W\">\n\n\t<div class=\"WooZone-cross-sell-loader\">\n\t\t<div>\n\t\t\t<div id=\"floatingBarsG\">\n\t\t\t\t<div class=\"blockG\" id=\"rotateG_01\"><\/div>\n\t\t\t\t<div class=\"blockG\" id=\"rotateG_02\"><\/div>\n\t\t\t\t<div class=\"blockG\" id=\"rotateG_03\"><\/div>\n\t\t\t\t<div class=\"blockG\" id=\"rotateG_04\"><\/div>\n\t\t\t\t<div class=\"blockG\" id=\"rotateG_05\"><\/div>\n\t\t\t\t<div class=\"blockG\" id=\"rotateG_06\"><\/div>\n\t\t\t\t<div class=\"blockG\" id=\"rotateG_07\"><\/div>\n\t\t\t\t<div class=\"blockG\" id=\"rotateG_08\"><\/div>\n\t\t\t<\/div>\n\t\t\t<div class=\"WooZone-cross-sell-loader-text\"><\/div>\n\t\t<\/div>\n\t<\/div>\n\n\t\t\n<\/div>\n<div style=\"clear:both;\"><\/div><\/p>\n","protected":false},"excerpt":{"rendered":"<p>Ma\u00dfe: Das einziehbare Feuer-Blasrohr ist ca. 9,6 cm, die Dehnungsgr\u00f6\u00dfe betr\u00e4gt ca. 48,5 cm, und der Rohrdurchmesser betr\u00e4gt 1,2 cm. Der ausziehbare Feuerwehrschlauch kann das Gesicht vor Verbrennungen sch\u00fctzen. Pilotwerkzeug<br \/>\nMaterial: Dieser feuerfeste Faltenbalg ist aus Edelstahl gefertigt und faltbar. Sie sind langlebig, leicht und k\u00f6nnen f\u00fcr einfachen Transport und Lagerung in Taschen gefaltet werden.<br \/>\nSchie\u00dfen: Das Flammenbr\u00fcllwerkzeug hilft Ihnen, bei jedem Wetter von Rauch fernzuhalten und hilft Ihnen, Sauerstoff in die Mitte der Flamme zu bringen. Sch\u00fctzt Gesicht, H\u00e4nde und Haare vor Verbrennungen.<\/p>\n","protected":false},"featured_media":51588,"comment_status":"open","ping_status":"closed","template":"","meta":[],"product_brand":[],"product_cat":[1983,11036],"product_tag":[],"class_list":{"0":"post-51587","1":"product","2":"type-product","3":"status-publish","4":"has-post-thumbnail","6":"product_cat-baumarkt","7":"product_cat-kamine","8":"pa_brand-haploon","9":"pa_color-b","10":"pa_manufacturer-haploon","11":"pa_size-m","13":"first","14":"instock","15":"shipping-taxable","16":"purchasable","17":"product-type-simple","18":"customify-col","19":"product-has-gallery"},"yoast_head":"<!-- This site is optimized with the Yoast SEO plugin v27.4 - https:\/\/yoast.com\/product\/yoast-seo-wordpress\/ -->\n<title>Haploon 10 St\u00fcck Feuerrohr, Edelstahl Teleskop Getriebe Feuerbalg, Feuergebl\u00e4se Rohr baut Lagerfeuer Werkzeug f\u00fcr\u2026 - Markt-XXL<\/title>\n<meta name=\"description\" content=\"Markt-XXL Haploon 10 St\u00fcck Feuerrohr, Edelstahl Teleskop Getriebe Feuerbalg, Feuergebl\u00e4se Rohr baut Lagerfeuer Werkzeug f\u00fcr\u2026\" \/>\n<meta name=\"robots\" content=\"index, follow, max-snippet:-1, max-image-preview:large, max-video-preview:-1\" \/>\n<link rel=\"canonical\" href=\"https:\/\/marktxxl.de\/markt\/produkt\/haploon-10-stueck-feuerrohr-edelstahl-teleskop-getriebe-feuerbalg-feuergeblaese-rohr-baut-lagerfeuer-werkzeug-fuer-camping-reisen-kamin\/\" \/>\n<meta property=\"og:locale\" content=\"de_DE\" \/>\n<meta property=\"og:type\" content=\"article\" \/>\n<meta property=\"og:title\" content=\"Haploon 10 St\u00fcck Feuerrohr, Edelstahl Teleskop Getriebe Feuerbalg, Feuergebl\u00e4se Rohr baut Lagerfeuer Werkzeug f\u00fcr\u2026 - Markt-XXL\" \/>\n<meta property=\"og:description\" content=\"Markt-XXL Haploon 10 St\u00fcck Feuerrohr, Edelstahl Teleskop Getriebe Feuerbalg, Feuergebl\u00e4se Rohr baut Lagerfeuer Werkzeug f\u00fcr\u2026\" \/>\n<meta property=\"og:url\" content=\"https:\/\/marktxxl.de\/markt\/produkt\/haploon-10-stueck-feuerrohr-edelstahl-teleskop-getriebe-feuerbalg-feuergeblaese-rohr-baut-lagerfeuer-werkzeug-fuer-camping-reisen-kamin\/\" \/>\n<meta property=\"og:site_name\" content=\"Markt-XXL\" \/>\n<meta property=\"article:modified_time\" content=\"2023-04-10T00:02:15+00:00\" \/>\n<meta property=\"og:image\" content=\"https:\/\/m.media-amazon.com\/images\/I\/41gLjPy8lYL._SL500_.jpg\" \/>\n\t<meta property=\"og:image:width\" content=\"500\" \/>\n\t<meta property=\"og:image:height\" content=\"500\" \/>\n\t<meta property=\"og:image:type\" content=\"image\/jpeg\" \/>\n<meta name=\"twitter:card\" content=\"summary_large_image\" \/>\n<meta name=\"twitter:label1\" content=\"Gesch\u00e4tzte Lesezeit\" \/>\n\t<meta name=\"twitter:data1\" content=\"1\u00a0Minute\" \/>\n<script type=\"application\/ld+json\" class=\"yoast-schema-graph\">{\"@context\":\"https:\\\/\\\/schema.org\",\"@graph\":[{\"@type\":\"WebPage\",\"@id\":\"https:\\\/\\\/marktxxl.de\\\/markt\\\/produkt\\\/haploon-10-stueck-feuerrohr-edelstahl-teleskop-getriebe-feuerbalg-feuergeblaese-rohr-baut-lagerfeuer-werkzeug-fuer-camping-reisen-kamin\\\/\",\"url\":\"https:\\\/\\\/marktxxl.de\\\/markt\\\/produkt\\\/haploon-10-stueck-feuerrohr-edelstahl-teleskop-getriebe-feuerbalg-feuergeblaese-rohr-baut-lagerfeuer-werkzeug-fuer-camping-reisen-kamin\\\/\",\"name\":\"Haploon 10 St\u00fcck Feuerrohr, Edelstahl Teleskop Getriebe Feuerbalg, Feuergebl\u00e4se Rohr baut Lagerfeuer Werkzeug f\u00fcr\u2026 - Markt-XXL\",\"isPartOf\":{\"@id\":\"https:\\\/\\\/marktxxl.de\\\/markt\\\/#website\"},\"primaryImageOfPage\":{\"@id\":\"https:\\\/\\\/marktxxl.de\\\/markt\\\/produkt\\\/haploon-10-stueck-feuerrohr-edelstahl-teleskop-getriebe-feuerbalg-feuergeblaese-rohr-baut-lagerfeuer-werkzeug-fuer-camping-reisen-kamin\\\/#primaryimage\"},\"image\":{\"@id\":\"https:\\\/\\\/marktxxl.de\\\/markt\\\/produkt\\\/haploon-10-stueck-feuerrohr-edelstahl-teleskop-getriebe-feuerbalg-feuergeblaese-rohr-baut-lagerfeuer-werkzeug-fuer-camping-reisen-kamin\\\/#primaryimage\"},\"thumbnailUrl\":\"https:\\\/\\\/m.media-amazon.com\\\/images\\\/I\\\/41gLjPy8lYL._SL500_.jpg\",\"datePublished\":\"2021-10-13T00:06:29+00:00\",\"dateModified\":\"2023-04-10T00:02:15+00:00\",\"description\":\"Markt-XXL Haploon 10 St\u00fcck Feuerrohr, Edelstahl Teleskop Getriebe Feuerbalg, Feuergebl\u00e4se Rohr baut Lagerfeuer Werkzeug f\u00fcr\u2026\",\"breadcrumb\":{\"@id\":\"https:\\\/\\\/marktxxl.de\\\/markt\\\/produkt\\\/haploon-10-stueck-feuerrohr-edelstahl-teleskop-getriebe-feuerbalg-feuergeblaese-rohr-baut-lagerfeuer-werkzeug-fuer-camping-reisen-kamin\\\/#breadcrumb\"},\"inLanguage\":\"de\",\"potentialAction\":[{\"@type\":\"ReadAction\",\"target\":[\"https:\\\/\\\/marktxxl.de\\\/markt\\\/produkt\\\/haploon-10-stueck-feuerrohr-edelstahl-teleskop-getriebe-feuerbalg-feuergeblaese-rohr-baut-lagerfeuer-werkzeug-fuer-camping-reisen-kamin\\\/\"]}]},{\"@type\":\"ImageObject\",\"inLanguage\":\"de\",\"@id\":\"https:\\\/\\\/marktxxl.de\\\/markt\\\/produkt\\\/haploon-10-stueck-feuerrohr-edelstahl-teleskop-getriebe-feuerbalg-feuergeblaese-rohr-baut-lagerfeuer-werkzeug-fuer-camping-reisen-kamin\\\/#primaryimage\",\"url\":\"https:\\\/\\\/m.media-amazon.com\\\/images\\\/I\\\/41gLjPy8lYL._SL500_.jpg\",\"contentUrl\":\"https:\\\/\\\/m.media-amazon.com\\\/images\\\/I\\\/41gLjPy8lYL._SL500_.jpg\",\"width\":500,\"height\":500},{\"@type\":\"BreadcrumbList\",\"@id\":\"https:\\\/\\\/marktxxl.de\\\/markt\\\/produkt\\\/haploon-10-stueck-feuerrohr-edelstahl-teleskop-getriebe-feuerbalg-feuergeblaese-rohr-baut-lagerfeuer-werkzeug-fuer-camping-reisen-kamin\\\/#breadcrumb\",\"itemListElement\":[{\"@type\":\"ListItem\",\"position\":1,\"name\":\"Startseite\",\"item\":\"https:\\\/\\\/marktxxl.de\\\/markt\\\/\"},{\"@type\":\"ListItem\",\"position\":2,\"name\":\"Markt\",\"item\":\"https:\\\/\\\/marktxxl.de\\\/markt\\\/\"},{\"@type\":\"ListItem\",\"position\":3,\"name\":\"Haploon 10 St\u00fcck Feuerrohr, Edelstahl Teleskop Getriebe Feuerbalg, Feuergebl\u00e4se Rohr baut Lagerfeuer Werkzeug f\u00fcr\u2026\"}]},{\"@type\":\"WebSite\",\"@id\":\"https:\\\/\\\/marktxxl.de\\\/markt\\\/#website\",\"url\":\"https:\\\/\\\/marktxxl.de\\\/markt\\\/\",\"name\":\"Markt-XXL\",\"description\":\"Ihr Markt Online\",\"publisher\":{\"@id\":\"https:\\\/\\\/marktxxl.de\\\/markt\\\/#organization\"},\"potentialAction\":[{\"@type\":\"SearchAction\",\"target\":{\"@type\":\"EntryPoint\",\"urlTemplate\":\"https:\\\/\\\/marktxxl.de\\\/markt\\\/?s={search_term_string}\"},\"query-input\":{\"@type\":\"PropertyValueSpecification\",\"valueRequired\":true,\"valueName\":\"search_term_string\"}}],\"inLanguage\":\"de\"},{\"@type\":\"Organization\",\"@id\":\"https:\\\/\\\/marktxxl.de\\\/markt\\\/#organization\",\"name\":\"Markt-XXL\",\"url\":\"https:\\\/\\\/marktxxl.de\\\/markt\\\/\",\"logo\":{\"@type\":\"ImageObject\",\"inLanguage\":\"de\",\"@id\":\"https:\\\/\\\/marktxxl.de\\\/markt\\\/#\\\/schema\\\/logo\\\/image\\\/\",\"url\":\"https:\\\/\\\/marktxxl.de\\\/markt\\\/wp-content\\\/uploads\\\/sites\\\/3\\\/2020\\\/12\\\/logo.png\",\"contentUrl\":\"https:\\\/\\\/marktxxl.de\\\/markt\\\/wp-content\\\/uploads\\\/sites\\\/3\\\/2020\\\/12\\\/logo.png\",\"width\":200,\"height\":70,\"caption\":\"Markt-XXL\"},\"image\":{\"@id\":\"https:\\\/\\\/marktxxl.de\\\/markt\\\/#\\\/schema\\\/logo\\\/image\\\/\"}}]}<\/script>\n<!-- \/ Yoast SEO plugin. -->","yoast_head_json":{"title":"Haploon 10 St\u00fcck Feuerrohr, Edelstahl Teleskop Getriebe Feuerbalg, Feuergebl\u00e4se Rohr baut Lagerfeuer Werkzeug f\u00fcr\u2026 - Markt-XXL","description":"Markt-XXL Haploon 10 St\u00fcck Feuerrohr, Edelstahl Teleskop Getriebe Feuerbalg, Feuergebl\u00e4se Rohr baut Lagerfeuer Werkzeug f\u00fcr\u2026","robots":{"index":"index","follow":"follow","max-snippet":"max-snippet:-1","max-image-preview":"max-image-preview:large","max-video-preview":"max-video-preview:-1"},"canonical":"https:\/\/marktxxl.de\/markt\/produkt\/haploon-10-stueck-feuerrohr-edelstahl-teleskop-getriebe-feuerbalg-feuergeblaese-rohr-baut-lagerfeuer-werkzeug-fuer-camping-reisen-kamin\/","og_locale":"de_DE","og_type":"article","og_title":"Haploon 10 St\u00fcck Feuerrohr, Edelstahl Teleskop Getriebe Feuerbalg, Feuergebl\u00e4se Rohr baut Lagerfeuer Werkzeug f\u00fcr\u2026 - Markt-XXL","og_description":"Markt-XXL Haploon 10 St\u00fcck Feuerrohr, Edelstahl Teleskop Getriebe Feuerbalg, Feuergebl\u00e4se Rohr baut Lagerfeuer Werkzeug f\u00fcr\u2026","og_url":"https:\/\/marktxxl.de\/markt\/produkt\/haploon-10-stueck-feuerrohr-edelstahl-teleskop-getriebe-feuerbalg-feuergeblaese-rohr-baut-lagerfeuer-werkzeug-fuer-camping-reisen-kamin\/","og_site_name":"Markt-XXL","article_modified_time":"2023-04-10T00:02:15+00:00","og_image":[{"width":500,"height":500,"url":"https:\/\/m.media-amazon.com\/images\/I\/41gLjPy8lYL._SL500_.jpg","type":"image\/jpeg"}],"twitter_card":"summary_large_image","twitter_misc":{"Gesch\u00e4tzte Lesezeit":"1\u00a0Minute"},"schema":{"@context":"https:\/\/schema.org","@graph":[{"@type":"WebPage","@id":"https:\/\/marktxxl.de\/markt\/produkt\/haploon-10-stueck-feuerrohr-edelstahl-teleskop-getriebe-feuerbalg-feuergeblaese-rohr-baut-lagerfeuer-werkzeug-fuer-camping-reisen-kamin\/","url":"https:\/\/marktxxl.de\/markt\/produkt\/haploon-10-stueck-feuerrohr-edelstahl-teleskop-getriebe-feuerbalg-feuergeblaese-rohr-baut-lagerfeuer-werkzeug-fuer-camping-reisen-kamin\/","name":"Haploon 10 St\u00fcck Feuerrohr, Edelstahl Teleskop Getriebe Feuerbalg, Feuergebl\u00e4se Rohr baut Lagerfeuer Werkzeug f\u00fcr\u2026 - Markt-XXL","isPartOf":{"@id":"https:\/\/marktxxl.de\/markt\/#website"},"primaryImageOfPage":{"@id":"https:\/\/marktxxl.de\/markt\/produkt\/haploon-10-stueck-feuerrohr-edelstahl-teleskop-getriebe-feuerbalg-feuergeblaese-rohr-baut-lagerfeuer-werkzeug-fuer-camping-reisen-kamin\/#primaryimage"},"image":{"@id":"https:\/\/marktxxl.de\/markt\/produkt\/haploon-10-stueck-feuerrohr-edelstahl-teleskop-getriebe-feuerbalg-feuergeblaese-rohr-baut-lagerfeuer-werkzeug-fuer-camping-reisen-kamin\/#primaryimage"},"thumbnailUrl":"https:\/\/m.media-amazon.com\/images\/I\/41gLjPy8lYL._SL500_.jpg","datePublished":"2021-10-13T00:06:29+00:00","dateModified":"2023-04-10T00:02:15+00:00","description":"Markt-XXL Haploon 10 St\u00fcck Feuerrohr, Edelstahl Teleskop Getriebe Feuerbalg, Feuergebl\u00e4se Rohr baut Lagerfeuer Werkzeug f\u00fcr\u2026","breadcrumb":{"@id":"https:\/\/marktxxl.de\/markt\/produkt\/haploon-10-stueck-feuerrohr-edelstahl-teleskop-getriebe-feuerbalg-feuergeblaese-rohr-baut-lagerfeuer-werkzeug-fuer-camping-reisen-kamin\/#breadcrumb"},"inLanguage":"de","potentialAction":[{"@type":"ReadAction","target":["https:\/\/marktxxl.de\/markt\/produkt\/haploon-10-stueck-feuerrohr-edelstahl-teleskop-getriebe-feuerbalg-feuergeblaese-rohr-baut-lagerfeuer-werkzeug-fuer-camping-reisen-kamin\/"]}]},{"@type":"ImageObject","inLanguage":"de","@id":"https:\/\/marktxxl.de\/markt\/produkt\/haploon-10-stueck-feuerrohr-edelstahl-teleskop-getriebe-feuerbalg-feuergeblaese-rohr-baut-lagerfeuer-werkzeug-fuer-camping-reisen-kamin\/#primaryimage","url":"https:\/\/m.media-amazon.com\/images\/I\/41gLjPy8lYL._SL500_.jpg","contentUrl":"https:\/\/m.media-amazon.com\/images\/I\/41gLjPy8lYL._SL500_.jpg","width":500,"height":500},{"@type":"BreadcrumbList","@id":"https:\/\/marktxxl.de\/markt\/produkt\/haploon-10-stueck-feuerrohr-edelstahl-teleskop-getriebe-feuerbalg-feuergeblaese-rohr-baut-lagerfeuer-werkzeug-fuer-camping-reisen-kamin\/#breadcrumb","itemListElement":[{"@type":"ListItem","position":1,"name":"Startseite","item":"https:\/\/marktxxl.de\/markt\/"},{"@type":"ListItem","position":2,"name":"Markt","item":"https:\/\/marktxxl.de\/markt\/"},{"@type":"ListItem","position":3,"name":"Haploon 10 St\u00fcck Feuerrohr, Edelstahl Teleskop Getriebe Feuerbalg, Feuergebl\u00e4se Rohr baut Lagerfeuer Werkzeug f\u00fcr\u2026"}]},{"@type":"WebSite","@id":"https:\/\/marktxxl.de\/markt\/#website","url":"https:\/\/marktxxl.de\/markt\/","name":"Markt-XXL","description":"Ihr Markt Online","publisher":{"@id":"https:\/\/marktxxl.de\/markt\/#organization"},"potentialAction":[{"@type":"SearchAction","target":{"@type":"EntryPoint","urlTemplate":"https:\/\/marktxxl.de\/markt\/?s={search_term_string}"},"query-input":{"@type":"PropertyValueSpecification","valueRequired":true,"valueName":"search_term_string"}}],"inLanguage":"de"},{"@type":"Organization","@id":"https:\/\/marktxxl.de\/markt\/#organization","name":"Markt-XXL","url":"https:\/\/marktxxl.de\/markt\/","logo":{"@type":"ImageObject","inLanguage":"de","@id":"https:\/\/marktxxl.de\/markt\/#\/schema\/logo\/image\/","url":"https:\/\/marktxxl.de\/markt\/wp-content\/uploads\/sites\/3\/2020\/12\/logo.png","contentUrl":"https:\/\/marktxxl.de\/markt\/wp-content\/uploads\/sites\/3\/2020\/12\/logo.png","width":200,"height":70,"caption":"Markt-XXL"},"image":{"@id":"https:\/\/marktxxl.de\/markt\/#\/schema\/logo\/image\/"}}]}},"_links":{"self":[{"href":"https:\/\/marktxxl.de\/markt\/wp-json\/wp\/v2\/product\/51587","targetHints":{"allow":["GET"]}}],"collection":[{"href":"https:\/\/marktxxl.de\/markt\/wp-json\/wp\/v2\/product"}],"about":[{"href":"https:\/\/marktxxl.de\/markt\/wp-json\/wp\/v2\/types\/product"}],"replies":[{"embeddable":true,"href":"https:\/\/marktxxl.de\/markt\/wp-json\/wp\/v2\/comments?post=51587"}],"wp:featuredmedia":[{"embeddable":true,"href":"https:\/\/marktxxl.de\/markt\/wp-json\/wp\/v2\/media\/51588"}],"wp:attachment":[{"href":"https:\/\/marktxxl.de\/markt\/wp-json\/wp\/v2\/media?parent=51587"}],"wp:term":[{"taxonomy":"product_brand","embeddable":true,"href":"https:\/\/marktxxl.de\/markt\/wp-json\/wp\/v2\/product_brand?post=51587"},{"taxonomy":"product_cat","embeddable":true,"href":"https:\/\/marktxxl.de\/markt\/wp-json\/wp\/v2\/product_cat?post=51587"},{"taxonomy":"product_tag","embeddable":true,"href":"https:\/\/marktxxl.de\/markt\/wp-json\/wp\/v2\/product_tag?post=51587"}],"curies":[{"name":"wp","href":"https:\/\/api.w.org\/{rel}","templated":true}]}}