{"id":51557,"date":"2021-10-13T02:06:24","date_gmt":"2021-10-13T00:06:24","guid":{"rendered":"https:\/\/marktxxl.de\/markt\/produkt\/amagabeli-kaminbesteck-kaminholzstaender-mit-4-werkzeugen-fuer-innen-aussen-74-x-40-x-30cm-kaminholzhalter-holzregal-fuer-kamin-kaminofen-besteck-schmiedeeisen-protokolle-holzhalter-buerste-schaufel-z\/"},"modified":"2023-04-10T02:02:14","modified_gmt":"2023-04-10T00:02:14","slug":"amagabeli-kaminbesteck-kaminholzstaender-mit-4-werkzeugen-fuer-innen-aussen-74-x-40-x-30cm-kaminholzhalter-holzregal-fuer-kamin-kaminofen-besteck-schmiedeeisen-protokolle-holzhalter-buerste-schaufel-z","status":"publish","type":"product","link":"https:\/\/marktxxl.de\/markt\/produkt\/amagabeli-kaminbesteck-kaminholzstaender-mit-4-werkzeugen-fuer-innen-aussen-74-x-40-x-30cm-kaminholzhalter-holzregal-fuer-kamin-kaminofen-besteck-schmiedeeisen-protokolle-holzhalter-buerste-schaufel-z\/","title":{"rendered":"Amagabeli Kaminbesteck Kaminholzst\u00e4nder mit 4 Werkzeugen f\u00fcr Innen Au\u00dfen 74 x 40 x 30cm Kaminholzhalter Holzregal f\u00fcr\u2026"},"content":{"rendered":"<p>Gro\u00dfe Kapazit\u00e4t: Diese traditionellen Kamin Log-Speicher stehen Ma\u00dfnahmen ca. 73.91 x 40.13 x 29.9cm<br \/>\nEinfache Montage: Erforderliche assembly. Die stahlplatte schafft platz f\u00fcr anz\u00fcnden, anz\u00fcndhilfen, mehr Brennholz oder Sie k\u00f6nnen lassen Sie es leer, um den raum offener erscheinen zu machen.<br \/>\nLanglebig: H\u00e4lt das Brennholz stabil und sicher. H\u00e4lt eine angemessene menge feuerholzst\u00e4mme f\u00fcr die feuerstelle im garten, f\u00fcr feuerstellen im freien, f\u00fcr holzofenst\u00e4mme, f\u00fcr rick, holzstapel und f\u00fcr camping im freien.<br \/>\nRostfrei: Schweres rohr stahlkonstruktion des feuerholzst\u00e4nders platzieren sie den holzst\u00e4nder, den schwarz lackierten holzhalter. Hergestellt aus langlebigen stahl vierkantrohr und pulverbeschichtet schwarz zu gew\u00e4hrleisten, seine haltbarkeit und st\u00e4rke drinnen und drau\u00dfen. Das bedeutende metall formen stehen einen stabilen rahmen.<br \/>\nKundenpflege: Wir sind bestrebt, erstklassige Produkte f\u00fcr Sie bereitzustellen und Ihnen eine einwandfreie Kundenbetreuung zu bieten. Warten Sie nicht l\u00e4nger und genie\u00dfen Sie noch heute Ihre idealen Produkte!<br \/>\n<div class=\"main-cross-sell\" data-asin=\"B07S1N1LBH\">\n\n\t<div class=\"WooZone-cross-sell-loader\">\n\t\t<div>\n\t\t\t<div id=\"floatingBarsG\">\n\t\t\t\t<div class=\"blockG\" id=\"rotateG_01\"><\/div>\n\t\t\t\t<div class=\"blockG\" id=\"rotateG_02\"><\/div>\n\t\t\t\t<div class=\"blockG\" id=\"rotateG_03\"><\/div>\n\t\t\t\t<div class=\"blockG\" id=\"rotateG_04\"><\/div>\n\t\t\t\t<div class=\"blockG\" id=\"rotateG_05\"><\/div>\n\t\t\t\t<div class=\"blockG\" id=\"rotateG_06\"><\/div>\n\t\t\t\t<div class=\"blockG\" id=\"rotateG_07\"><\/div>\n\t\t\t\t<div class=\"blockG\" id=\"rotateG_08\"><\/div>\n\t\t\t<\/div>\n\t\t\t<div class=\"WooZone-cross-sell-loader-text\"><\/div>\n\t\t<\/div>\n\t<\/div>\n\n\t\t\n<\/div>\n<div style=\"clear:both;\"><\/div><\/p>\n","protected":false},"excerpt":{"rendered":"<p>Gro\u00dfe Kapazit\u00e4t: Diese traditionellen Kamin Log-Speicher stehen Ma\u00dfnahmen ca. 73.91 x 40.13 x 29.9cm<br \/>\nEinfache Montage: Erforderliche assembly. Die stahlplatte schafft platz f\u00fcr anz\u00fcnden, anz\u00fcndhilfen, mehr Brennholz oder Sie k\u00f6nnen lassen Sie es leer, um den raum offener erscheinen zu machen.<br \/>\nLanglebig: H\u00e4lt das Brennholz stabil und sicher. H\u00e4lt eine angemessene menge feuerholzst\u00e4mme f\u00fcr die feuerstelle im garten, f\u00fcr feuerstellen im freien, f\u00fcr holzofenst\u00e4mme, f\u00fcr rick, holzstapel und f\u00fcr camping im freien.<\/p>\n","protected":false},"featured_media":51558,"comment_status":"open","ping_status":"closed","template":"","meta":[],"product_brand":[],"product_cat":[1983,11036],"product_tag":[],"class_list":{"0":"post-51557","1":"product","2":"type-product","3":"status-publish","4":"has-post-thumbnail","6":"product_cat-baumarkt","7":"product_cat-kamine","8":"pa_binding-werkzeug","9":"pa_brand-amagabeli-garden-home","10":"pa_color-schwarz","11":"pa_manufacturer-amagabeli-garden-home","13":"first","14":"instock","15":"shipping-taxable","16":"purchasable","17":"product-type-simple","18":"customify-col","19":"product-has-gallery"},"yoast_head":"<!-- This site is optimized with the Yoast SEO plugin v27.4 - https:\/\/yoast.com\/product\/yoast-seo-wordpress\/ -->\n<title>Amagabeli Kaminbesteck Kaminholzst\u00e4nder mit 4 Werkzeugen f\u00fcr Innen Au\u00dfen 74 x 40 x 30cm Kaminholzhalter Holzregal f\u00fcr\u2026 - Markt-XXL<\/title>\n<meta name=\"description\" content=\"Markt-XXL Amagabeli Kaminbesteck Kaminholzst\u00e4nder mit 4 Werkzeugen f\u00fcr Innen Au\u00dfen 74 x 40 x 30cm Kaminholzhalter Holzregal f\u00fcr\u2026\" \/>\n<meta name=\"robots\" content=\"index, follow, max-snippet:-1, max-image-preview:large, max-video-preview:-1\" \/>\n<link rel=\"canonical\" href=\"https:\/\/marktxxl.de\/markt\/produkt\/amagabeli-kaminbesteck-kaminholzstaender-mit-4-werkzeugen-fuer-innen-aussen-74-x-40-x-30cm-kaminholzhalter-holzregal-fuer-kamin-kaminofen-besteck-schmiedeeisen-protokolle-holzhalter-buerste-schaufel-z\/\" \/>\n<meta property=\"og:locale\" content=\"de_DE\" \/>\n<meta property=\"og:type\" content=\"article\" \/>\n<meta property=\"og:title\" content=\"Amagabeli Kaminbesteck Kaminholzst\u00e4nder mit 4 Werkzeugen f\u00fcr Innen Au\u00dfen 74 x 40 x 30cm Kaminholzhalter Holzregal f\u00fcr\u2026 - Markt-XXL\" \/>\n<meta property=\"og:description\" content=\"Markt-XXL Amagabeli Kaminbesteck Kaminholzst\u00e4nder mit 4 Werkzeugen f\u00fcr Innen Au\u00dfen 74 x 40 x 30cm Kaminholzhalter Holzregal f\u00fcr\u2026\" \/>\n<meta property=\"og:url\" content=\"https:\/\/marktxxl.de\/markt\/produkt\/amagabeli-kaminbesteck-kaminholzstaender-mit-4-werkzeugen-fuer-innen-aussen-74-x-40-x-30cm-kaminholzhalter-holzregal-fuer-kamin-kaminofen-besteck-schmiedeeisen-protokolle-holzhalter-buerste-schaufel-z\/\" \/>\n<meta property=\"og:site_name\" content=\"Markt-XXL\" \/>\n<meta property=\"article:modified_time\" content=\"2023-04-10T00:02:14+00:00\" \/>\n<meta property=\"og:image\" content=\"https:\/\/m.media-amazon.com\/images\/I\/510OJNzgL+L._SL500_.jpg\" \/>\n\t<meta property=\"og:image:width\" content=\"500\" \/>\n\t<meta property=\"og:image:height\" content=\"500\" \/>\n\t<meta property=\"og:image:type\" content=\"image\/jpeg\" \/>\n<meta name=\"twitter:card\" content=\"summary_large_image\" \/>\n<meta name=\"twitter:label1\" content=\"Gesch\u00e4tzte Lesezeit\" \/>\n\t<meta name=\"twitter:data1\" content=\"1\u00a0Minute\" \/>\n<script type=\"application\/ld+json\" class=\"yoast-schema-graph\">{\"@context\":\"https:\\\/\\\/schema.org\",\"@graph\":[{\"@type\":\"WebPage\",\"@id\":\"https:\\\/\\\/marktxxl.de\\\/markt\\\/produkt\\\/amagabeli-kaminbesteck-kaminholzstaender-mit-4-werkzeugen-fuer-innen-aussen-74-x-40-x-30cm-kaminholzhalter-holzregal-fuer-kamin-kaminofen-besteck-schmiedeeisen-protokolle-holzhalter-buerste-schaufel-z\\\/\",\"url\":\"https:\\\/\\\/marktxxl.de\\\/markt\\\/produkt\\\/amagabeli-kaminbesteck-kaminholzstaender-mit-4-werkzeugen-fuer-innen-aussen-74-x-40-x-30cm-kaminholzhalter-holzregal-fuer-kamin-kaminofen-besteck-schmiedeeisen-protokolle-holzhalter-buerste-schaufel-z\\\/\",\"name\":\"Amagabeli Kaminbesteck Kaminholzst\u00e4nder mit 4 Werkzeugen f\u00fcr Innen Au\u00dfen 74 x 40 x 30cm Kaminholzhalter Holzregal f\u00fcr\u2026 - Markt-XXL\",\"isPartOf\":{\"@id\":\"https:\\\/\\\/marktxxl.de\\\/markt\\\/#website\"},\"primaryImageOfPage\":{\"@id\":\"https:\\\/\\\/marktxxl.de\\\/markt\\\/produkt\\\/amagabeli-kaminbesteck-kaminholzstaender-mit-4-werkzeugen-fuer-innen-aussen-74-x-40-x-30cm-kaminholzhalter-holzregal-fuer-kamin-kaminofen-besteck-schmiedeeisen-protokolle-holzhalter-buerste-schaufel-z\\\/#primaryimage\"},\"image\":{\"@id\":\"https:\\\/\\\/marktxxl.de\\\/markt\\\/produkt\\\/amagabeli-kaminbesteck-kaminholzstaender-mit-4-werkzeugen-fuer-innen-aussen-74-x-40-x-30cm-kaminholzhalter-holzregal-fuer-kamin-kaminofen-besteck-schmiedeeisen-protokolle-holzhalter-buerste-schaufel-z\\\/#primaryimage\"},\"thumbnailUrl\":\"https:\\\/\\\/m.media-amazon.com\\\/images\\\/I\\\/510OJNzgL+L._SL500_.jpg\",\"datePublished\":\"2021-10-13T00:06:24+00:00\",\"dateModified\":\"2023-04-10T00:02:14+00:00\",\"description\":\"Markt-XXL Amagabeli Kaminbesteck Kaminholzst\u00e4nder mit 4 Werkzeugen f\u00fcr Innen Au\u00dfen 74 x 40 x 30cm Kaminholzhalter Holzregal f\u00fcr\u2026\",\"breadcrumb\":{\"@id\":\"https:\\\/\\\/marktxxl.de\\\/markt\\\/produkt\\\/amagabeli-kaminbesteck-kaminholzstaender-mit-4-werkzeugen-fuer-innen-aussen-74-x-40-x-30cm-kaminholzhalter-holzregal-fuer-kamin-kaminofen-besteck-schmiedeeisen-protokolle-holzhalter-buerste-schaufel-z\\\/#breadcrumb\"},\"inLanguage\":\"de\",\"potentialAction\":[{\"@type\":\"ReadAction\",\"target\":[\"https:\\\/\\\/marktxxl.de\\\/markt\\\/produkt\\\/amagabeli-kaminbesteck-kaminholzstaender-mit-4-werkzeugen-fuer-innen-aussen-74-x-40-x-30cm-kaminholzhalter-holzregal-fuer-kamin-kaminofen-besteck-schmiedeeisen-protokolle-holzhalter-buerste-schaufel-z\\\/\"]}]},{\"@type\":\"ImageObject\",\"inLanguage\":\"de\",\"@id\":\"https:\\\/\\\/marktxxl.de\\\/markt\\\/produkt\\\/amagabeli-kaminbesteck-kaminholzstaender-mit-4-werkzeugen-fuer-innen-aussen-74-x-40-x-30cm-kaminholzhalter-holzregal-fuer-kamin-kaminofen-besteck-schmiedeeisen-protokolle-holzhalter-buerste-schaufel-z\\\/#primaryimage\",\"url\":\"https:\\\/\\\/m.media-amazon.com\\\/images\\\/I\\\/510OJNzgL+L._SL500_.jpg\",\"contentUrl\":\"https:\\\/\\\/m.media-amazon.com\\\/images\\\/I\\\/510OJNzgL+L._SL500_.jpg\",\"width\":500,\"height\":500},{\"@type\":\"BreadcrumbList\",\"@id\":\"https:\\\/\\\/marktxxl.de\\\/markt\\\/produkt\\\/amagabeli-kaminbesteck-kaminholzstaender-mit-4-werkzeugen-fuer-innen-aussen-74-x-40-x-30cm-kaminholzhalter-holzregal-fuer-kamin-kaminofen-besteck-schmiedeeisen-protokolle-holzhalter-buerste-schaufel-z\\\/#breadcrumb\",\"itemListElement\":[{\"@type\":\"ListItem\",\"position\":1,\"name\":\"Startseite\",\"item\":\"https:\\\/\\\/marktxxl.de\\\/markt\\\/\"},{\"@type\":\"ListItem\",\"position\":2,\"name\":\"Markt\",\"item\":\"https:\\\/\\\/marktxxl.de\\\/markt\\\/\"},{\"@type\":\"ListItem\",\"position\":3,\"name\":\"Amagabeli Kaminbesteck Kaminholzst\u00e4nder mit 4 Werkzeugen f\u00fcr Innen Au\u00dfen 74 x 40 x 30cm Kaminholzhalter Holzregal f\u00fcr\u2026\"}]},{\"@type\":\"WebSite\",\"@id\":\"https:\\\/\\\/marktxxl.de\\\/markt\\\/#website\",\"url\":\"https:\\\/\\\/marktxxl.de\\\/markt\\\/\",\"name\":\"Markt-XXL\",\"description\":\"Ihr Markt Online\",\"publisher\":{\"@id\":\"https:\\\/\\\/marktxxl.de\\\/markt\\\/#organization\"},\"potentialAction\":[{\"@type\":\"SearchAction\",\"target\":{\"@type\":\"EntryPoint\",\"urlTemplate\":\"https:\\\/\\\/marktxxl.de\\\/markt\\\/?s={search_term_string}\"},\"query-input\":{\"@type\":\"PropertyValueSpecification\",\"valueRequired\":true,\"valueName\":\"search_term_string\"}}],\"inLanguage\":\"de\"},{\"@type\":\"Organization\",\"@id\":\"https:\\\/\\\/marktxxl.de\\\/markt\\\/#organization\",\"name\":\"Markt-XXL\",\"url\":\"https:\\\/\\\/marktxxl.de\\\/markt\\\/\",\"logo\":{\"@type\":\"ImageObject\",\"inLanguage\":\"de\",\"@id\":\"https:\\\/\\\/marktxxl.de\\\/markt\\\/#\\\/schema\\\/logo\\\/image\\\/\",\"url\":\"https:\\\/\\\/marktxxl.de\\\/markt\\\/wp-content\\\/uploads\\\/sites\\\/3\\\/2020\\\/12\\\/logo.png\",\"contentUrl\":\"https:\\\/\\\/marktxxl.de\\\/markt\\\/wp-content\\\/uploads\\\/sites\\\/3\\\/2020\\\/12\\\/logo.png\",\"width\":200,\"height\":70,\"caption\":\"Markt-XXL\"},\"image\":{\"@id\":\"https:\\\/\\\/marktxxl.de\\\/markt\\\/#\\\/schema\\\/logo\\\/image\\\/\"}}]}<\/script>\n<!-- \/ Yoast SEO plugin. -->","yoast_head_json":{"title":"Amagabeli Kaminbesteck Kaminholzst\u00e4nder mit 4 Werkzeugen f\u00fcr Innen Au\u00dfen 74 x 40 x 30cm Kaminholzhalter Holzregal f\u00fcr\u2026 - Markt-XXL","description":"Markt-XXL Amagabeli Kaminbesteck Kaminholzst\u00e4nder mit 4 Werkzeugen f\u00fcr Innen Au\u00dfen 74 x 40 x 30cm Kaminholzhalter Holzregal f\u00fcr\u2026","robots":{"index":"index","follow":"follow","max-snippet":"max-snippet:-1","max-image-preview":"max-image-preview:large","max-video-preview":"max-video-preview:-1"},"canonical":"https:\/\/marktxxl.de\/markt\/produkt\/amagabeli-kaminbesteck-kaminholzstaender-mit-4-werkzeugen-fuer-innen-aussen-74-x-40-x-30cm-kaminholzhalter-holzregal-fuer-kamin-kaminofen-besteck-schmiedeeisen-protokolle-holzhalter-buerste-schaufel-z\/","og_locale":"de_DE","og_type":"article","og_title":"Amagabeli Kaminbesteck Kaminholzst\u00e4nder mit 4 Werkzeugen f\u00fcr Innen Au\u00dfen 74 x 40 x 30cm Kaminholzhalter Holzregal f\u00fcr\u2026 - Markt-XXL","og_description":"Markt-XXL Amagabeli Kaminbesteck Kaminholzst\u00e4nder mit 4 Werkzeugen f\u00fcr Innen Au\u00dfen 74 x 40 x 30cm Kaminholzhalter Holzregal f\u00fcr\u2026","og_url":"https:\/\/marktxxl.de\/markt\/produkt\/amagabeli-kaminbesteck-kaminholzstaender-mit-4-werkzeugen-fuer-innen-aussen-74-x-40-x-30cm-kaminholzhalter-holzregal-fuer-kamin-kaminofen-besteck-schmiedeeisen-protokolle-holzhalter-buerste-schaufel-z\/","og_site_name":"Markt-XXL","article_modified_time":"2023-04-10T00:02:14+00:00","og_image":[{"width":500,"height":500,"url":"https:\/\/m.media-amazon.com\/images\/I\/510OJNzgL+L._SL500_.jpg","type":"image\/jpeg"}],"twitter_card":"summary_large_image","twitter_misc":{"Gesch\u00e4tzte Lesezeit":"1\u00a0Minute"},"schema":{"@context":"https:\/\/schema.org","@graph":[{"@type":"WebPage","@id":"https:\/\/marktxxl.de\/markt\/produkt\/amagabeli-kaminbesteck-kaminholzstaender-mit-4-werkzeugen-fuer-innen-aussen-74-x-40-x-30cm-kaminholzhalter-holzregal-fuer-kamin-kaminofen-besteck-schmiedeeisen-protokolle-holzhalter-buerste-schaufel-z\/","url":"https:\/\/marktxxl.de\/markt\/produkt\/amagabeli-kaminbesteck-kaminholzstaender-mit-4-werkzeugen-fuer-innen-aussen-74-x-40-x-30cm-kaminholzhalter-holzregal-fuer-kamin-kaminofen-besteck-schmiedeeisen-protokolle-holzhalter-buerste-schaufel-z\/","name":"Amagabeli Kaminbesteck Kaminholzst\u00e4nder mit 4 Werkzeugen f\u00fcr Innen Au\u00dfen 74 x 40 x 30cm Kaminholzhalter Holzregal f\u00fcr\u2026 - Markt-XXL","isPartOf":{"@id":"https:\/\/marktxxl.de\/markt\/#website"},"primaryImageOfPage":{"@id":"https:\/\/marktxxl.de\/markt\/produkt\/amagabeli-kaminbesteck-kaminholzstaender-mit-4-werkzeugen-fuer-innen-aussen-74-x-40-x-30cm-kaminholzhalter-holzregal-fuer-kamin-kaminofen-besteck-schmiedeeisen-protokolle-holzhalter-buerste-schaufel-z\/#primaryimage"},"image":{"@id":"https:\/\/marktxxl.de\/markt\/produkt\/amagabeli-kaminbesteck-kaminholzstaender-mit-4-werkzeugen-fuer-innen-aussen-74-x-40-x-30cm-kaminholzhalter-holzregal-fuer-kamin-kaminofen-besteck-schmiedeeisen-protokolle-holzhalter-buerste-schaufel-z\/#primaryimage"},"thumbnailUrl":"https:\/\/m.media-amazon.com\/images\/I\/510OJNzgL+L._SL500_.jpg","datePublished":"2021-10-13T00:06:24+00:00","dateModified":"2023-04-10T00:02:14+00:00","description":"Markt-XXL Amagabeli Kaminbesteck Kaminholzst\u00e4nder mit 4 Werkzeugen f\u00fcr Innen Au\u00dfen 74 x 40 x 30cm Kaminholzhalter Holzregal f\u00fcr\u2026","breadcrumb":{"@id":"https:\/\/marktxxl.de\/markt\/produkt\/amagabeli-kaminbesteck-kaminholzstaender-mit-4-werkzeugen-fuer-innen-aussen-74-x-40-x-30cm-kaminholzhalter-holzregal-fuer-kamin-kaminofen-besteck-schmiedeeisen-protokolle-holzhalter-buerste-schaufel-z\/#breadcrumb"},"inLanguage":"de","potentialAction":[{"@type":"ReadAction","target":["https:\/\/marktxxl.de\/markt\/produkt\/amagabeli-kaminbesteck-kaminholzstaender-mit-4-werkzeugen-fuer-innen-aussen-74-x-40-x-30cm-kaminholzhalter-holzregal-fuer-kamin-kaminofen-besteck-schmiedeeisen-protokolle-holzhalter-buerste-schaufel-z\/"]}]},{"@type":"ImageObject","inLanguage":"de","@id":"https:\/\/marktxxl.de\/markt\/produkt\/amagabeli-kaminbesteck-kaminholzstaender-mit-4-werkzeugen-fuer-innen-aussen-74-x-40-x-30cm-kaminholzhalter-holzregal-fuer-kamin-kaminofen-besteck-schmiedeeisen-protokolle-holzhalter-buerste-schaufel-z\/#primaryimage","url":"https:\/\/m.media-amazon.com\/images\/I\/510OJNzgL+L._SL500_.jpg","contentUrl":"https:\/\/m.media-amazon.com\/images\/I\/510OJNzgL+L._SL500_.jpg","width":500,"height":500},{"@type":"BreadcrumbList","@id":"https:\/\/marktxxl.de\/markt\/produkt\/amagabeli-kaminbesteck-kaminholzstaender-mit-4-werkzeugen-fuer-innen-aussen-74-x-40-x-30cm-kaminholzhalter-holzregal-fuer-kamin-kaminofen-besteck-schmiedeeisen-protokolle-holzhalter-buerste-schaufel-z\/#breadcrumb","itemListElement":[{"@type":"ListItem","position":1,"name":"Startseite","item":"https:\/\/marktxxl.de\/markt\/"},{"@type":"ListItem","position":2,"name":"Markt","item":"https:\/\/marktxxl.de\/markt\/"},{"@type":"ListItem","position":3,"name":"Amagabeli Kaminbesteck Kaminholzst\u00e4nder mit 4 Werkzeugen f\u00fcr Innen Au\u00dfen 74 x 40 x 30cm Kaminholzhalter Holzregal f\u00fcr\u2026"}]},{"@type":"WebSite","@id":"https:\/\/marktxxl.de\/markt\/#website","url":"https:\/\/marktxxl.de\/markt\/","name":"Markt-XXL","description":"Ihr Markt Online","publisher":{"@id":"https:\/\/marktxxl.de\/markt\/#organization"},"potentialAction":[{"@type":"SearchAction","target":{"@type":"EntryPoint","urlTemplate":"https:\/\/marktxxl.de\/markt\/?s={search_term_string}"},"query-input":{"@type":"PropertyValueSpecification","valueRequired":true,"valueName":"search_term_string"}}],"inLanguage":"de"},{"@type":"Organization","@id":"https:\/\/marktxxl.de\/markt\/#organization","name":"Markt-XXL","url":"https:\/\/marktxxl.de\/markt\/","logo":{"@type":"ImageObject","inLanguage":"de","@id":"https:\/\/marktxxl.de\/markt\/#\/schema\/logo\/image\/","url":"https:\/\/marktxxl.de\/markt\/wp-content\/uploads\/sites\/3\/2020\/12\/logo.png","contentUrl":"https:\/\/marktxxl.de\/markt\/wp-content\/uploads\/sites\/3\/2020\/12\/logo.png","width":200,"height":70,"caption":"Markt-XXL"},"image":{"@id":"https:\/\/marktxxl.de\/markt\/#\/schema\/logo\/image\/"}}]}},"_links":{"self":[{"href":"https:\/\/marktxxl.de\/markt\/wp-json\/wp\/v2\/product\/51557","targetHints":{"allow":["GET"]}}],"collection":[{"href":"https:\/\/marktxxl.de\/markt\/wp-json\/wp\/v2\/product"}],"about":[{"href":"https:\/\/marktxxl.de\/markt\/wp-json\/wp\/v2\/types\/product"}],"replies":[{"embeddable":true,"href":"https:\/\/marktxxl.de\/markt\/wp-json\/wp\/v2\/comments?post=51557"}],"wp:featuredmedia":[{"embeddable":true,"href":"https:\/\/marktxxl.de\/markt\/wp-json\/wp\/v2\/media\/51558"}],"wp:attachment":[{"href":"https:\/\/marktxxl.de\/markt\/wp-json\/wp\/v2\/media?parent=51557"}],"wp:term":[{"taxonomy":"product_brand","embeddable":true,"href":"https:\/\/marktxxl.de\/markt\/wp-json\/wp\/v2\/product_brand?post=51557"},{"taxonomy":"product_cat","embeddable":true,"href":"https:\/\/marktxxl.de\/markt\/wp-json\/wp\/v2\/product_cat?post=51557"},{"taxonomy":"product_tag","embeddable":true,"href":"https:\/\/marktxxl.de\/markt\/wp-json\/wp\/v2\/product_tag?post=51557"}],"curies":[{"name":"wp","href":"https:\/\/api.w.org\/{rel}","templated":true}]}}