{"id":51480,"date":"2021-10-13T02:01:52","date_gmt":"2021-10-13T00:01:52","guid":{"rendered":"https:\/\/marktxxl.de\/markt\/produkt\/myfireplacedirect-tragetasche-aus-gewachstem-segeltuch-extra-gross-robust-fuer-kaminholz-und-holzoefen\/"},"modified":"2023-04-10T02:02:13","modified_gmt":"2023-04-10T00:02:13","slug":"myfireplacedirect-tragetasche-aus-gewachstem-segeltuch-extra-gross-robust-fuer-kaminholz-und-holzoefen","status":"publish","type":"product","link":"https:\/\/marktxxl.de\/markt\/produkt\/myfireplacedirect-tragetasche-aus-gewachstem-segeltuch-extra-gross-robust-fuer-kaminholz-und-holzoefen\/","title":{"rendered":"MYFIREPLACEDIRECT Tragetasche aus gewachstem Segeltuch, extra gro\u00df, langlebig, Kaminholzhalter mit Griffen und\u2026"},"content":{"rendered":"<p>Mehrere Trageoptionen: Holztragetasche mit dick gepolsterten Griffen und Schulterriemen, bequemer und besserer Schutz f\u00fcr Ihre Finger, Schultergurt macht das Transportieren ergonomischer und weniger stressig.<br \/>\nExtra gro\u00dfe Kapazit\u00e4t: Ma\u00dfe (L x H x T): 59,9 x 30 x 50 cm. Der Kaminholztr\u00e4ger ist gro\u00df genug, um gro\u00dfe Mengen an gro\u00dfem Holz f\u00fcr Kamine und Holz\u00f6fen zu tragen. Auch mit praktischen Seitentaschen zum Verstauen Ihrer Handschuhe.<br \/>\nRobustes Material: robuster 473 g gewachster Leinen-Kaminholzhalter f\u00fcr den Innenbereich, robust und wasserabweisend, doppelt dick gepolsterte Griffe, langlebiger und belastbar, langlebig.<br \/>\nVollst\u00e4ndig geschlossenes Design: Die vollst\u00e4ndig geschlossene Holztasche h\u00e4lt Schmutz und Holzsp\u00e4ne in der Tasche und vom Boden fern, sch\u00fctteln Sie einfach den Holzstaub nach dem Entladen aus. L\u00e4sst sich flach zusammenfalten, perfektes Weihnachtsgeschenk f\u00fcr Kaminbesitzer.<br \/>\nSchlichtes Design: schlichtes und zeitloses Design, das in jedem Haus oder Hof gro\u00dfartig aussieht<br \/>\n<div class=\"main-cross-sell\" data-asin=\"B07L3FTFKT\">\n\n\t<div class=\"WooZone-cross-sell-loader\">\n\t\t<div>\n\t\t\t<div id=\"floatingBarsG\">\n\t\t\t\t<div class=\"blockG\" id=\"rotateG_01\"><\/div>\n\t\t\t\t<div class=\"blockG\" id=\"rotateG_02\"><\/div>\n\t\t\t\t<div class=\"blockG\" id=\"rotateG_03\"><\/div>\n\t\t\t\t<div class=\"blockG\" id=\"rotateG_04\"><\/div>\n\t\t\t\t<div class=\"blockG\" id=\"rotateG_05\"><\/div>\n\t\t\t\t<div class=\"blockG\" id=\"rotateG_06\"><\/div>\n\t\t\t\t<div class=\"blockG\" id=\"rotateG_07\"><\/div>\n\t\t\t\t<div class=\"blockG\" id=\"rotateG_08\"><\/div>\n\t\t\t<\/div>\n\t\t\t<div class=\"WooZone-cross-sell-loader-text\"><\/div>\n\t\t<\/div>\n\t<\/div>\n\n\t\t\n<\/div>\n<div style=\"clear:both;\"><\/div><\/p>\n","protected":false},"excerpt":{"rendered":"<p>Mehrere Trageoptionen: Holztragetasche mit dick gepolsterten Griffen und Schulterriemen, bequemer und besserer Schutz f\u00fcr Ihre Finger, Schultergurt macht das Transportieren ergonomischer und weniger stressig.<br \/>\nExtra gro\u00dfe Kapazit\u00e4t: Ma\u00dfe (L x H x T): 59,9 x 30 x 50 cm. Der Kaminholztr\u00e4ger ist gro\u00df genug, um gro\u00dfe Mengen an gro\u00dfem Holz f\u00fcr Kamine und Holz\u00f6fen zu tragen. Auch mit praktischen Seitentaschen zum Verstauen Ihrer Handschuhe.<br \/>\nRobustes Material: robuster 473 g gewachster Leinen-Kaminholzhalter f\u00fcr den Innenbereich, robust und wasserabweisend, doppelt dick gepolsterte Griffe, langlebiger und belastbar, langlebig.<\/p>\n","protected":false},"featured_media":51481,"comment_status":"open","ping_status":"closed","template":"","meta":[],"product_brand":[],"product_cat":[1983,11036],"product_tag":[],"class_list":{"0":"post-51480","1":"product","2":"type-product","3":"status-publish","4":"has-post-thumbnail","6":"product_cat-baumarkt","7":"product_cat-kamine","8":"pa_binding-haushaltswaren","9":"pa_brand-myfireplacedirect","10":"pa_color-khaki","11":"pa_height-19-6-zoll","12":"pa_length-23-6-zoll","13":"pa_manufacturer-myfireplacedirect","14":"pa_model-20283","15":"pa_weight-0-881849048-pfund","16":"pa_width-11-8-zoll","18":"first","19":"instock","20":"shipping-taxable","21":"purchasable","22":"product-type-simple","23":"customify-col","24":"product-has-gallery"},"yoast_head":"<!-- This site is optimized with the Yoast SEO plugin v27.4 - https:\/\/yoast.com\/product\/yoast-seo-wordpress\/ -->\n<title>MYFIREPLACEDIRECT Tragetasche aus gewachstem Segeltuch, extra gro\u00df, langlebig, Kaminholzhalter mit Griffen und\u2026 - Markt-XXL<\/title>\n<meta name=\"description\" content=\"Markt-XXL MYFIREPLACEDIRECT Tragetasche aus gewachstem Segeltuch, extra gro\u00df, langlebig, Kaminholzhalter mit Griffen und\u2026\" \/>\n<meta name=\"robots\" content=\"index, follow, max-snippet:-1, max-image-preview:large, max-video-preview:-1\" \/>\n<link rel=\"canonical\" href=\"https:\/\/marktxxl.de\/markt\/produkt\/myfireplacedirect-tragetasche-aus-gewachstem-segeltuch-extra-gross-robust-fuer-kaminholz-und-holzoefen\/\" \/>\n<meta property=\"og:locale\" content=\"de_DE\" \/>\n<meta property=\"og:type\" content=\"article\" \/>\n<meta property=\"og:title\" content=\"MYFIREPLACEDIRECT Tragetasche aus gewachstem Segeltuch, extra gro\u00df, langlebig, Kaminholzhalter mit Griffen und\u2026 - Markt-XXL\" \/>\n<meta property=\"og:description\" content=\"Markt-XXL MYFIREPLACEDIRECT Tragetasche aus gewachstem Segeltuch, extra gro\u00df, langlebig, Kaminholzhalter mit Griffen und\u2026\" \/>\n<meta property=\"og:url\" content=\"https:\/\/marktxxl.de\/markt\/produkt\/myfireplacedirect-tragetasche-aus-gewachstem-segeltuch-extra-gross-robust-fuer-kaminholz-und-holzoefen\/\" \/>\n<meta property=\"og:site_name\" content=\"Markt-XXL\" \/>\n<meta property=\"article:modified_time\" content=\"2023-04-10T00:02:13+00:00\" \/>\n<meta property=\"og:image\" content=\"https:\/\/m.media-amazon.com\/images\/I\/4132nzSNezL._SL500_.jpg\" \/>\n\t<meta property=\"og:image:width\" content=\"500\" \/>\n\t<meta property=\"og:image:height\" content=\"500\" \/>\n\t<meta property=\"og:image:type\" content=\"image\/jpeg\" \/>\n<meta name=\"twitter:card\" content=\"summary_large_image\" \/>\n<meta name=\"twitter:label1\" content=\"Gesch\u00e4tzte Lesezeit\" \/>\n\t<meta name=\"twitter:data1\" content=\"1\u00a0Minute\" \/>\n<script type=\"application\/ld+json\" class=\"yoast-schema-graph\">{\"@context\":\"https:\\\/\\\/schema.org\",\"@graph\":[{\"@type\":\"WebPage\",\"@id\":\"https:\\\/\\\/marktxxl.de\\\/markt\\\/produkt\\\/myfireplacedirect-tragetasche-aus-gewachstem-segeltuch-extra-gross-robust-fuer-kaminholz-und-holzoefen\\\/\",\"url\":\"https:\\\/\\\/marktxxl.de\\\/markt\\\/produkt\\\/myfireplacedirect-tragetasche-aus-gewachstem-segeltuch-extra-gross-robust-fuer-kaminholz-und-holzoefen\\\/\",\"name\":\"MYFIREPLACEDIRECT Tragetasche aus gewachstem Segeltuch, extra gro\u00df, langlebig, Kaminholzhalter mit Griffen und\u2026 - Markt-XXL\",\"isPartOf\":{\"@id\":\"https:\\\/\\\/marktxxl.de\\\/markt\\\/#website\"},\"primaryImageOfPage\":{\"@id\":\"https:\\\/\\\/marktxxl.de\\\/markt\\\/produkt\\\/myfireplacedirect-tragetasche-aus-gewachstem-segeltuch-extra-gross-robust-fuer-kaminholz-und-holzoefen\\\/#primaryimage\"},\"image\":{\"@id\":\"https:\\\/\\\/marktxxl.de\\\/markt\\\/produkt\\\/myfireplacedirect-tragetasche-aus-gewachstem-segeltuch-extra-gross-robust-fuer-kaminholz-und-holzoefen\\\/#primaryimage\"},\"thumbnailUrl\":\"https:\\\/\\\/m.media-amazon.com\\\/images\\\/I\\\/4132nzSNezL._SL500_.jpg\",\"datePublished\":\"2021-10-13T00:01:52+00:00\",\"dateModified\":\"2023-04-10T00:02:13+00:00\",\"description\":\"Markt-XXL MYFIREPLACEDIRECT Tragetasche aus gewachstem Segeltuch, extra gro\u00df, langlebig, Kaminholzhalter mit Griffen und\u2026\",\"breadcrumb\":{\"@id\":\"https:\\\/\\\/marktxxl.de\\\/markt\\\/produkt\\\/myfireplacedirect-tragetasche-aus-gewachstem-segeltuch-extra-gross-robust-fuer-kaminholz-und-holzoefen\\\/#breadcrumb\"},\"inLanguage\":\"de\",\"potentialAction\":[{\"@type\":\"ReadAction\",\"target\":[\"https:\\\/\\\/marktxxl.de\\\/markt\\\/produkt\\\/myfireplacedirect-tragetasche-aus-gewachstem-segeltuch-extra-gross-robust-fuer-kaminholz-und-holzoefen\\\/\"]}]},{\"@type\":\"ImageObject\",\"inLanguage\":\"de\",\"@id\":\"https:\\\/\\\/marktxxl.de\\\/markt\\\/produkt\\\/myfireplacedirect-tragetasche-aus-gewachstem-segeltuch-extra-gross-robust-fuer-kaminholz-und-holzoefen\\\/#primaryimage\",\"url\":\"https:\\\/\\\/m.media-amazon.com\\\/images\\\/I\\\/4132nzSNezL._SL500_.jpg\",\"contentUrl\":\"https:\\\/\\\/m.media-amazon.com\\\/images\\\/I\\\/4132nzSNezL._SL500_.jpg\",\"width\":500,\"height\":500},{\"@type\":\"BreadcrumbList\",\"@id\":\"https:\\\/\\\/marktxxl.de\\\/markt\\\/produkt\\\/myfireplacedirect-tragetasche-aus-gewachstem-segeltuch-extra-gross-robust-fuer-kaminholz-und-holzoefen\\\/#breadcrumb\",\"itemListElement\":[{\"@type\":\"ListItem\",\"position\":1,\"name\":\"Startseite\",\"item\":\"https:\\\/\\\/marktxxl.de\\\/markt\\\/\"},{\"@type\":\"ListItem\",\"position\":2,\"name\":\"Markt\",\"item\":\"https:\\\/\\\/marktxxl.de\\\/markt\\\/\"},{\"@type\":\"ListItem\",\"position\":3,\"name\":\"MYFIREPLACEDIRECT Tragetasche aus gewachstem Segeltuch, extra gro\u00df, langlebig, Kaminholzhalter mit Griffen und\u2026\"}]},{\"@type\":\"WebSite\",\"@id\":\"https:\\\/\\\/marktxxl.de\\\/markt\\\/#website\",\"url\":\"https:\\\/\\\/marktxxl.de\\\/markt\\\/\",\"name\":\"Markt-XXL\",\"description\":\"Ihr Markt Online\",\"publisher\":{\"@id\":\"https:\\\/\\\/marktxxl.de\\\/markt\\\/#organization\"},\"potentialAction\":[{\"@type\":\"SearchAction\",\"target\":{\"@type\":\"EntryPoint\",\"urlTemplate\":\"https:\\\/\\\/marktxxl.de\\\/markt\\\/?s={search_term_string}\"},\"query-input\":{\"@type\":\"PropertyValueSpecification\",\"valueRequired\":true,\"valueName\":\"search_term_string\"}}],\"inLanguage\":\"de\"},{\"@type\":\"Organization\",\"@id\":\"https:\\\/\\\/marktxxl.de\\\/markt\\\/#organization\",\"name\":\"Markt-XXL\",\"url\":\"https:\\\/\\\/marktxxl.de\\\/markt\\\/\",\"logo\":{\"@type\":\"ImageObject\",\"inLanguage\":\"de\",\"@id\":\"https:\\\/\\\/marktxxl.de\\\/markt\\\/#\\\/schema\\\/logo\\\/image\\\/\",\"url\":\"https:\\\/\\\/marktxxl.de\\\/markt\\\/wp-content\\\/uploads\\\/sites\\\/3\\\/2020\\\/12\\\/logo.png\",\"contentUrl\":\"https:\\\/\\\/marktxxl.de\\\/markt\\\/wp-content\\\/uploads\\\/sites\\\/3\\\/2020\\\/12\\\/logo.png\",\"width\":200,\"height\":70,\"caption\":\"Markt-XXL\"},\"image\":{\"@id\":\"https:\\\/\\\/marktxxl.de\\\/markt\\\/#\\\/schema\\\/logo\\\/image\\\/\"}}]}<\/script>\n<!-- \/ Yoast SEO plugin. -->","yoast_head_json":{"title":"MYFIREPLACEDIRECT Tragetasche aus gewachstem Segeltuch, extra gro\u00df, langlebig, Kaminholzhalter mit Griffen und\u2026 - Markt-XXL","description":"Markt-XXL MYFIREPLACEDIRECT Tragetasche aus gewachstem Segeltuch, extra gro\u00df, langlebig, Kaminholzhalter mit Griffen und\u2026","robots":{"index":"index","follow":"follow","max-snippet":"max-snippet:-1","max-image-preview":"max-image-preview:large","max-video-preview":"max-video-preview:-1"},"canonical":"https:\/\/marktxxl.de\/markt\/produkt\/myfireplacedirect-tragetasche-aus-gewachstem-segeltuch-extra-gross-robust-fuer-kaminholz-und-holzoefen\/","og_locale":"de_DE","og_type":"article","og_title":"MYFIREPLACEDIRECT Tragetasche aus gewachstem Segeltuch, extra gro\u00df, langlebig, Kaminholzhalter mit Griffen und\u2026 - Markt-XXL","og_description":"Markt-XXL MYFIREPLACEDIRECT Tragetasche aus gewachstem Segeltuch, extra gro\u00df, langlebig, Kaminholzhalter mit Griffen und\u2026","og_url":"https:\/\/marktxxl.de\/markt\/produkt\/myfireplacedirect-tragetasche-aus-gewachstem-segeltuch-extra-gross-robust-fuer-kaminholz-und-holzoefen\/","og_site_name":"Markt-XXL","article_modified_time":"2023-04-10T00:02:13+00:00","og_image":[{"width":500,"height":500,"url":"https:\/\/m.media-amazon.com\/images\/I\/4132nzSNezL._SL500_.jpg","type":"image\/jpeg"}],"twitter_card":"summary_large_image","twitter_misc":{"Gesch\u00e4tzte Lesezeit":"1\u00a0Minute"},"schema":{"@context":"https:\/\/schema.org","@graph":[{"@type":"WebPage","@id":"https:\/\/marktxxl.de\/markt\/produkt\/myfireplacedirect-tragetasche-aus-gewachstem-segeltuch-extra-gross-robust-fuer-kaminholz-und-holzoefen\/","url":"https:\/\/marktxxl.de\/markt\/produkt\/myfireplacedirect-tragetasche-aus-gewachstem-segeltuch-extra-gross-robust-fuer-kaminholz-und-holzoefen\/","name":"MYFIREPLACEDIRECT Tragetasche aus gewachstem Segeltuch, extra gro\u00df, langlebig, Kaminholzhalter mit Griffen und\u2026 - Markt-XXL","isPartOf":{"@id":"https:\/\/marktxxl.de\/markt\/#website"},"primaryImageOfPage":{"@id":"https:\/\/marktxxl.de\/markt\/produkt\/myfireplacedirect-tragetasche-aus-gewachstem-segeltuch-extra-gross-robust-fuer-kaminholz-und-holzoefen\/#primaryimage"},"image":{"@id":"https:\/\/marktxxl.de\/markt\/produkt\/myfireplacedirect-tragetasche-aus-gewachstem-segeltuch-extra-gross-robust-fuer-kaminholz-und-holzoefen\/#primaryimage"},"thumbnailUrl":"https:\/\/m.media-amazon.com\/images\/I\/4132nzSNezL._SL500_.jpg","datePublished":"2021-10-13T00:01:52+00:00","dateModified":"2023-04-10T00:02:13+00:00","description":"Markt-XXL MYFIREPLACEDIRECT Tragetasche aus gewachstem Segeltuch, extra gro\u00df, langlebig, Kaminholzhalter mit Griffen und\u2026","breadcrumb":{"@id":"https:\/\/marktxxl.de\/markt\/produkt\/myfireplacedirect-tragetasche-aus-gewachstem-segeltuch-extra-gross-robust-fuer-kaminholz-und-holzoefen\/#breadcrumb"},"inLanguage":"de","potentialAction":[{"@type":"ReadAction","target":["https:\/\/marktxxl.de\/markt\/produkt\/myfireplacedirect-tragetasche-aus-gewachstem-segeltuch-extra-gross-robust-fuer-kaminholz-und-holzoefen\/"]}]},{"@type":"ImageObject","inLanguage":"de","@id":"https:\/\/marktxxl.de\/markt\/produkt\/myfireplacedirect-tragetasche-aus-gewachstem-segeltuch-extra-gross-robust-fuer-kaminholz-und-holzoefen\/#primaryimage","url":"https:\/\/m.media-amazon.com\/images\/I\/4132nzSNezL._SL500_.jpg","contentUrl":"https:\/\/m.media-amazon.com\/images\/I\/4132nzSNezL._SL500_.jpg","width":500,"height":500},{"@type":"BreadcrumbList","@id":"https:\/\/marktxxl.de\/markt\/produkt\/myfireplacedirect-tragetasche-aus-gewachstem-segeltuch-extra-gross-robust-fuer-kaminholz-und-holzoefen\/#breadcrumb","itemListElement":[{"@type":"ListItem","position":1,"name":"Startseite","item":"https:\/\/marktxxl.de\/markt\/"},{"@type":"ListItem","position":2,"name":"Markt","item":"https:\/\/marktxxl.de\/markt\/"},{"@type":"ListItem","position":3,"name":"MYFIREPLACEDIRECT Tragetasche aus gewachstem Segeltuch, extra gro\u00df, langlebig, Kaminholzhalter mit Griffen und\u2026"}]},{"@type":"WebSite","@id":"https:\/\/marktxxl.de\/markt\/#website","url":"https:\/\/marktxxl.de\/markt\/","name":"Markt-XXL","description":"Ihr Markt Online","publisher":{"@id":"https:\/\/marktxxl.de\/markt\/#organization"},"potentialAction":[{"@type":"SearchAction","target":{"@type":"EntryPoint","urlTemplate":"https:\/\/marktxxl.de\/markt\/?s={search_term_string}"},"query-input":{"@type":"PropertyValueSpecification","valueRequired":true,"valueName":"search_term_string"}}],"inLanguage":"de"},{"@type":"Organization","@id":"https:\/\/marktxxl.de\/markt\/#organization","name":"Markt-XXL","url":"https:\/\/marktxxl.de\/markt\/","logo":{"@type":"ImageObject","inLanguage":"de","@id":"https:\/\/marktxxl.de\/markt\/#\/schema\/logo\/image\/","url":"https:\/\/marktxxl.de\/markt\/wp-content\/uploads\/sites\/3\/2020\/12\/logo.png","contentUrl":"https:\/\/marktxxl.de\/markt\/wp-content\/uploads\/sites\/3\/2020\/12\/logo.png","width":200,"height":70,"caption":"Markt-XXL"},"image":{"@id":"https:\/\/marktxxl.de\/markt\/#\/schema\/logo\/image\/"}}]}},"_links":{"self":[{"href":"https:\/\/marktxxl.de\/markt\/wp-json\/wp\/v2\/product\/51480","targetHints":{"allow":["GET"]}}],"collection":[{"href":"https:\/\/marktxxl.de\/markt\/wp-json\/wp\/v2\/product"}],"about":[{"href":"https:\/\/marktxxl.de\/markt\/wp-json\/wp\/v2\/types\/product"}],"replies":[{"embeddable":true,"href":"https:\/\/marktxxl.de\/markt\/wp-json\/wp\/v2\/comments?post=51480"}],"wp:featuredmedia":[{"embeddable":true,"href":"https:\/\/marktxxl.de\/markt\/wp-json\/wp\/v2\/media\/51481"}],"wp:attachment":[{"href":"https:\/\/marktxxl.de\/markt\/wp-json\/wp\/v2\/media?parent=51480"}],"wp:term":[{"taxonomy":"product_brand","embeddable":true,"href":"https:\/\/marktxxl.de\/markt\/wp-json\/wp\/v2\/product_brand?post=51480"},{"taxonomy":"product_cat","embeddable":true,"href":"https:\/\/marktxxl.de\/markt\/wp-json\/wp\/v2\/product_cat?post=51480"},{"taxonomy":"product_tag","embeddable":true,"href":"https:\/\/marktxxl.de\/markt\/wp-json\/wp\/v2\/product_tag?post=51480"}],"curies":[{"name":"wp","href":"https:\/\/api.w.org\/{rel}","templated":true}]}}